{"id":10035,"date":"2025-02-22T18:36:29","date_gmt":"2025-02-22T23:36:29","guid":{"rendered":"https:\/\/ouddorperfumes.com\/index.php\/producto\/afnan-9-pm-alternativa-jpg-ultra-male-original\/"},"modified":"2025-10-03T18:17:16","modified_gmt":"2025-10-03T23:17:16","slug":"afnan-9-pm-100-ml-alternativa-jpg-ultra-male-original","status":"publish","type":"product","link":"https:\/\/ouddorperfumes.com\/index.php\/producto\/afnan-9-pm-100-ml-alternativa-jpg-ultra-male-original\/","title":{"rendered":"Afnan 9 PM 100 ml (Alternativa JPG Ultra Male) &#8211; Original"},"content":{"rendered":"<p>Descubre el Afnan 9 PM, una fragancia que captura la esencia del misterio y la sofisticaci\u00f3n nocturna. Este perfume distintivo es la elecci\u00f3n perfecta para quienes buscan un aroma que combine la elegancia con una intensidad seductora, ideal para las veladas m\u00e1s especiales.<\/p>\n<p>Afnan 9 PM se abre con una explosi\u00f3n de notas frescas y especiadas, creando un inicio vibrante y cautivador. A medida que evoluciona, revela un coraz\u00f3n de flores ricas y acordes amaderados, aportando una profundidad lujosa y una sofisticaci\u00f3n inigualable. En su base, las notas de ambar y cuero se entrelazan para ofrecer una calidez envolvente y una sensualidad duradera, perfecta para una noche inolvidable.<\/p>\n<p>Dise\u00f1ado para las ocasiones en que quieres dejar una impresi\u00f3n duradera, Afnan 9 PM es la fragancia ideal para quien desea destacar con un aroma que irradia confianza, elegancia y misterio. Cada aplicaci\u00f3n es una declaraci\u00f3n de estilo y sofisticaci\u00f3n, transformando cada momento en una experiencia inolvidable.<\/p>\n<p>Es una alternativa a Jean Paul Gaultier Ultra Male<\/p>\n","protected":false},"excerpt":{"rendered":"<p>Descubre el Afnan 9 PM, una fragancia que captura la esencia del misterio y la sofisticaci\u00f3n nocturna. Este perfume distintivo es la elecci\u00f3n perfecta para quienes buscan un aroma que combine la elegancia con una intensidad seductora, ideal para las veladas m\u00e1s especiales.<\/p>\n<p>Afnan 9 PM se abre con una explosi\u00f3n de notas frescas y especiadas, creando un inicio vibrante y cautivador. A medida que evoluciona, revela un coraz\u00f3n de flores ricas y acordes amaderados, aportando una profundidad lujosa y una sofisticaci\u00f3n inigualable. En su base, las notas de ambar y cuero se entrelazan para ofrecer una calidez envolvente y una sensualidad duradera, perfecta para una noche inolvidable.<\/p>\n<p>Dise\u00f1ado para las ocasiones en que quieres dejar una impresi\u00f3n duradera, Afnan 9 PM es la fragancia ideal para quien desea destacar con un aroma que irradia confianza, elegancia y misterio. Cada aplicaci\u00f3n es una declaraci\u00f3n de estilo y sofisticaci\u00f3n, transformando cada momento en una experiencia inolvidable.<\/p>\n<p><strong>Es una alternativa a Jean Paul Gaultier Ultra Male.<\/strong><\/p>\n<p><span style=\"color: #ff4400;\"><strong>\u2705 <span style=\"color: #d9a569;\">Pagos 100% Contraentrega.<\/span><\/strong><\/span><br \/>\n<span style=\"color: #ff4400;\"><strong>\u2705 <span style=\"color: #d9a569;\">Env\u00edo Gratis a toda Colombia.<\/span><\/strong><\/span><br \/>\n<span style=\"color: #ff4400;\"><strong>\u2705 <span style=\"color: #d9a569;\">Perfumes 100% Originales.<\/span><\/strong><\/span><\/p>\n","protected":false},"featured_media":9735,"template":"","meta":[],"product_brand":[],"product_cat":[204,169,177],"product_tag":[],"class_list":{"0":"post-10035","1":"product","2":"type-product","3":"status-publish","4":"has-post-thumbnail","6":"product_cat-afnan","7":"product_cat-hombre","8":"product_cat-perfumes-arabes","10":"first","11":"instock","12":"sale","13":"shipping-taxable","14":"purchasable","15":"product-type-simple"},"yoast_head":"<!-- This site is optimized with the Yoast SEO plugin v27.3 - https:\/\/yoast.com\/product\/yoast-seo-wordpress\/ -->\n<title>Afnan 9 PM 100 ml (Alternativa JPG Ultra Male) - Original - Oud d\u2019Or - L\u2019essence du pouvoir<\/title>\n<meta name=\"robots\" content=\"index, follow, max-snippet:-1, max-image-preview:large, max-video-preview:-1\" \/>\n<link rel=\"canonical\" href=\"https:\/\/ouddorperfumes.com\/index.php\/producto\/afnan-9-pm-100-ml-alternativa-jpg-ultra-male-original\/\" \/>\n<meta property=\"og:locale\" content=\"es_ES\" \/>\n<meta property=\"og:type\" content=\"article\" \/>\n<meta property=\"og:title\" content=\"Afnan 9 PM 100 ml (Alternativa JPG Ultra Male) - Original - Oud d\u2019Or - L\u2019essence du pouvoir\" \/>\n<meta property=\"og:description\" content=\"Descubre el Afnan 9 PM, una fragancia que captura la esencia del misterio y la sofisticaci\u00f3n nocturna. Este perfume distintivo es la elecci\u00f3n perfecta para quienes buscan un aroma que combine la elegancia con una intensidad seductora, ideal para las veladas m\u00e1s especiales.  Afnan 9 PM se abre con una explosi\u00f3n de notas frescas y especiadas, creando un inicio vibrante y cautivador. A medida que evoluciona, revela un coraz\u00f3n de flores ricas y acordes amaderados, aportando una profundidad lujosa y una sofisticaci\u00f3n inigualable. En su base, las notas de ambar y cuero se entrelazan para ofrecer una calidez envolvente y una sensualidad duradera, perfecta para una noche inolvidable.  Dise\u00f1ado para las ocasiones en que quieres dejar una impresi\u00f3n duradera, Afnan 9 PM es la fragancia ideal para quien desea destacar con un aroma que irradia confianza, elegancia y misterio. Cada aplicaci\u00f3n es una declaraci\u00f3n de estilo y sofisticaci\u00f3n, transformando cada momento en una experiencia inolvidable.  Es una alternativa a Jean Paul Gaultier Ultra Male.  \u2705 Pagos 100% Contraentrega. \u2705 Env\u00edo Gratis a toda Colombia. \u2705 Perfumes 100% Originales.\" \/>\n<meta property=\"og:url\" content=\"https:\/\/ouddorperfumes.com\/index.php\/producto\/afnan-9-pm-100-ml-alternativa-jpg-ultra-male-original\/\" \/>\n<meta property=\"og:site_name\" content=\"Oud d\u2019Or - L\u2019essence du pouvoir\" \/>\n<meta property=\"article:modified_time\" content=\"2025-10-03T23:17:16+00:00\" \/>\n<meta property=\"og:image\" content=\"https:\/\/ouddorperfumes.com\/wp-content\/uploads\/2025\/02\/456jpg-12.jpg\" \/>\n\t<meta property=\"og:image:width\" content=\"1654\" \/>\n\t<meta property=\"og:image:height\" content=\"1654\" \/>\n\t<meta property=\"og:image:type\" content=\"image\/jpeg\" \/>\n<meta name=\"twitter:card\" content=\"summary_large_image\" \/>\n<meta name=\"twitter:label1\" content=\"Tiempo de lectura\" \/>\n\t<meta name=\"twitter:data1\" content=\"1 minuto\" \/>\n<script type=\"application\/ld+json\" class=\"yoast-schema-graph\">{\"@context\":\"https:\\\/\\\/schema.org\",\"@graph\":[{\"@type\":\"WebPage\",\"@id\":\"https:\\\/\\\/ouddorperfumes.com\\\/index.php\\\/producto\\\/afnan-9-pm-100-ml-alternativa-jpg-ultra-male-original\\\/\",\"url\":\"https:\\\/\\\/ouddorperfumes.com\\\/index.php\\\/producto\\\/afnan-9-pm-100-ml-alternativa-jpg-ultra-male-original\\\/\",\"name\":\"Afnan 9 PM 100 ml (Alternativa JPG Ultra Male) - Original - Oud d\u2019Or - L\u2019essence du pouvoir\",\"isPartOf\":{\"@id\":\"https:\\\/\\\/ouddorperfumes.com\\\/#website\"},\"primaryImageOfPage\":{\"@id\":\"https:\\\/\\\/ouddorperfumes.com\\\/index.php\\\/producto\\\/afnan-9-pm-100-ml-alternativa-jpg-ultra-male-original\\\/#primaryimage\"},\"image\":{\"@id\":\"https:\\\/\\\/ouddorperfumes.com\\\/index.php\\\/producto\\\/afnan-9-pm-100-ml-alternativa-jpg-ultra-male-original\\\/#primaryimage\"},\"thumbnailUrl\":\"https:\\\/\\\/ouddorperfumes.com\\\/wp-content\\\/uploads\\\/2025\\\/02\\\/456jpg-12.jpg\",\"datePublished\":\"2025-02-22T23:36:29+00:00\",\"dateModified\":\"2025-10-03T23:17:16+00:00\",\"breadcrumb\":{\"@id\":\"https:\\\/\\\/ouddorperfumes.com\\\/index.php\\\/producto\\\/afnan-9-pm-100-ml-alternativa-jpg-ultra-male-original\\\/#breadcrumb\"},\"inLanguage\":\"es\",\"potentialAction\":[{\"@type\":\"ReadAction\",\"target\":[\"https:\\\/\\\/ouddorperfumes.com\\\/index.php\\\/producto\\\/afnan-9-pm-100-ml-alternativa-jpg-ultra-male-original\\\/\"]}]},{\"@type\":\"ImageObject\",\"inLanguage\":\"es\",\"@id\":\"https:\\\/\\\/ouddorperfumes.com\\\/index.php\\\/producto\\\/afnan-9-pm-100-ml-alternativa-jpg-ultra-male-original\\\/#primaryimage\",\"url\":\"https:\\\/\\\/ouddorperfumes.com\\\/wp-content\\\/uploads\\\/2025\\\/02\\\/456jpg-12.jpg\",\"contentUrl\":\"https:\\\/\\\/ouddorperfumes.com\\\/wp-content\\\/uploads\\\/2025\\\/02\\\/456jpg-12.jpg\",\"width\":1654,\"height\":1654},{\"@type\":\"BreadcrumbList\",\"@id\":\"https:\\\/\\\/ouddorperfumes.com\\\/index.php\\\/producto\\\/afnan-9-pm-100-ml-alternativa-jpg-ultra-male-original\\\/#breadcrumb\",\"itemListElement\":[{\"@type\":\"ListItem\",\"position\":1,\"name\":\"Portada\",\"item\":\"https:\\\/\\\/ouddorperfumes.com\\\/\"},{\"@type\":\"ListItem\",\"position\":2,\"name\":\"Todos los Perfumes\",\"item\":\"https:\\\/\\\/ouddorperfumes.com\\\/index.php\\\/todos-los-perfumes\\\/\"},{\"@type\":\"ListItem\",\"position\":3,\"name\":\"Afnan 9 PM 100 ml (Alternativa JPG Ultra Male) &#8211; Original\"}]},{\"@type\":\"WebSite\",\"@id\":\"https:\\\/\\\/ouddorperfumes.com\\\/#website\",\"url\":\"https:\\\/\\\/ouddorperfumes.com\\\/\",\"name\":\"Oud d\u2019Or - L\u2019essence du pouvoir\",\"description\":\"Perfumes Arabes 100% Originales\",\"potentialAction\":[{\"@type\":\"SearchAction\",\"target\":{\"@type\":\"EntryPoint\",\"urlTemplate\":\"https:\\\/\\\/ouddorperfumes.com\\\/?s={search_term_string}\"},\"query-input\":{\"@type\":\"PropertyValueSpecification\",\"valueRequired\":true,\"valueName\":\"search_term_string\"}}],\"inLanguage\":\"es\"}]}<\/script>\n<!-- \/ Yoast SEO plugin. -->","yoast_head_json":{"title":"Afnan 9 PM 100 ml (Alternativa JPG Ultra Male) - Original - Oud d\u2019Or - L\u2019essence du pouvoir","robots":{"index":"index","follow":"follow","max-snippet":"max-snippet:-1","max-image-preview":"max-image-preview:large","max-video-preview":"max-video-preview:-1"},"canonical":"https:\/\/ouddorperfumes.com\/index.php\/producto\/afnan-9-pm-100-ml-alternativa-jpg-ultra-male-original\/","og_locale":"es_ES","og_type":"article","og_title":"Afnan 9 PM 100 ml (Alternativa JPG Ultra Male) - Original - Oud d\u2019Or - L\u2019essence du pouvoir","og_description":"Descubre el Afnan 9 PM, una fragancia que captura la esencia del misterio y la sofisticaci\u00f3n nocturna. Este perfume distintivo es la elecci\u00f3n perfecta para quienes buscan un aroma que combine la elegancia con una intensidad seductora, ideal para las veladas m\u00e1s especiales.  Afnan 9 PM se abre con una explosi\u00f3n de notas frescas y especiadas, creando un inicio vibrante y cautivador. A medida que evoluciona, revela un coraz\u00f3n de flores ricas y acordes amaderados, aportando una profundidad lujosa y una sofisticaci\u00f3n inigualable. En su base, las notas de ambar y cuero se entrelazan para ofrecer una calidez envolvente y una sensualidad duradera, perfecta para una noche inolvidable.  Dise\u00f1ado para las ocasiones en que quieres dejar una impresi\u00f3n duradera, Afnan 9 PM es la fragancia ideal para quien desea destacar con un aroma que irradia confianza, elegancia y misterio. Cada aplicaci\u00f3n es una declaraci\u00f3n de estilo y sofisticaci\u00f3n, transformando cada momento en una experiencia inolvidable.  Es una alternativa a Jean Paul Gaultier Ultra Male.  \u2705 Pagos 100% Contraentrega. \u2705 Env\u00edo Gratis a toda Colombia. \u2705 Perfumes 100% Originales.","og_url":"https:\/\/ouddorperfumes.com\/index.php\/producto\/afnan-9-pm-100-ml-alternativa-jpg-ultra-male-original\/","og_site_name":"Oud d\u2019Or - L\u2019essence du pouvoir","article_modified_time":"2025-10-03T23:17:16+00:00","og_image":[{"width":1654,"height":1654,"url":"https:\/\/ouddorperfumes.com\/wp-content\/uploads\/2025\/02\/456jpg-12.jpg","type":"image\/jpeg"}],"twitter_card":"summary_large_image","twitter_misc":{"Tiempo de lectura":"1 minuto"},"schema":{"@context":"https:\/\/schema.org","@graph":[{"@type":"WebPage","@id":"https:\/\/ouddorperfumes.com\/index.php\/producto\/afnan-9-pm-100-ml-alternativa-jpg-ultra-male-original\/","url":"https:\/\/ouddorperfumes.com\/index.php\/producto\/afnan-9-pm-100-ml-alternativa-jpg-ultra-male-original\/","name":"Afnan 9 PM 100 ml (Alternativa JPG Ultra Male) - Original - Oud d\u2019Or - L\u2019essence du pouvoir","isPartOf":{"@id":"https:\/\/ouddorperfumes.com\/#website"},"primaryImageOfPage":{"@id":"https:\/\/ouddorperfumes.com\/index.php\/producto\/afnan-9-pm-100-ml-alternativa-jpg-ultra-male-original\/#primaryimage"},"image":{"@id":"https:\/\/ouddorperfumes.com\/index.php\/producto\/afnan-9-pm-100-ml-alternativa-jpg-ultra-male-original\/#primaryimage"},"thumbnailUrl":"https:\/\/ouddorperfumes.com\/wp-content\/uploads\/2025\/02\/456jpg-12.jpg","datePublished":"2025-02-22T23:36:29+00:00","dateModified":"2025-10-03T23:17:16+00:00","breadcrumb":{"@id":"https:\/\/ouddorperfumes.com\/index.php\/producto\/afnan-9-pm-100-ml-alternativa-jpg-ultra-male-original\/#breadcrumb"},"inLanguage":"es","potentialAction":[{"@type":"ReadAction","target":["https:\/\/ouddorperfumes.com\/index.php\/producto\/afnan-9-pm-100-ml-alternativa-jpg-ultra-male-original\/"]}]},{"@type":"ImageObject","inLanguage":"es","@id":"https:\/\/ouddorperfumes.com\/index.php\/producto\/afnan-9-pm-100-ml-alternativa-jpg-ultra-male-original\/#primaryimage","url":"https:\/\/ouddorperfumes.com\/wp-content\/uploads\/2025\/02\/456jpg-12.jpg","contentUrl":"https:\/\/ouddorperfumes.com\/wp-content\/uploads\/2025\/02\/456jpg-12.jpg","width":1654,"height":1654},{"@type":"BreadcrumbList","@id":"https:\/\/ouddorperfumes.com\/index.php\/producto\/afnan-9-pm-100-ml-alternativa-jpg-ultra-male-original\/#breadcrumb","itemListElement":[{"@type":"ListItem","position":1,"name":"Portada","item":"https:\/\/ouddorperfumes.com\/"},{"@type":"ListItem","position":2,"name":"Todos los Perfumes","item":"https:\/\/ouddorperfumes.com\/index.php\/todos-los-perfumes\/"},{"@type":"ListItem","position":3,"name":"Afnan 9 PM 100 ml (Alternativa JPG Ultra Male) &#8211; Original"}]},{"@type":"WebSite","@id":"https:\/\/ouddorperfumes.com\/#website","url":"https:\/\/ouddorperfumes.com\/","name":"Oud d\u2019Or - L\u2019essence du pouvoir","description":"Perfumes Arabes 100% Originales","potentialAction":[{"@type":"SearchAction","target":{"@type":"EntryPoint","urlTemplate":"https:\/\/ouddorperfumes.com\/?s={search_term_string}"},"query-input":{"@type":"PropertyValueSpecification","valueRequired":true,"valueName":"search_term_string"}}],"inLanguage":"es"}]}},"_links":{"self":[{"href":"https:\/\/ouddorperfumes.com\/index.php\/wp-json\/wp\/v2\/product\/10035","targetHints":{"allow":["GET"]}}],"collection":[{"href":"https:\/\/ouddorperfumes.com\/index.php\/wp-json\/wp\/v2\/product"}],"about":[{"href":"https:\/\/ouddorperfumes.com\/index.php\/wp-json\/wp\/v2\/types\/product"}],"version-history":[{"count":1,"href":"https:\/\/ouddorperfumes.com\/index.php\/wp-json\/wp\/v2\/product\/10035\/revisions"}],"predecessor-version":[{"id":11729,"href":"https:\/\/ouddorperfumes.com\/index.php\/wp-json\/wp\/v2\/product\/10035\/revisions\/11729"}],"wp:featuredmedia":[{"embeddable":true,"href":"https:\/\/ouddorperfumes.com\/index.php\/wp-json\/wp\/v2\/media\/9735"}],"wp:attachment":[{"href":"https:\/\/ouddorperfumes.com\/index.php\/wp-json\/wp\/v2\/media?parent=10035"}],"wp:term":[{"taxonomy":"product_brand","embeddable":true,"href":"https:\/\/ouddorperfumes.com\/index.php\/wp-json\/wp\/v2\/product_brand?post=10035"},{"taxonomy":"product_cat","embeddable":true,"href":"https:\/\/ouddorperfumes.com\/index.php\/wp-json\/wp\/v2\/product_cat?post=10035"},{"taxonomy":"product_tag","embeddable":true,"href":"https:\/\/ouddorperfumes.com\/index.php\/wp-json\/wp\/v2\/product_tag?post=10035"}],"curies":[{"name":"wp","href":"https:\/\/api.w.org\/{rel}","templated":true}]}}