{"id":10738,"date":"2025-07-24T20:26:57","date_gmt":"2025-07-25T01:26:57","guid":{"rendered":"https:\/\/ouddorperfumes.com\/index.php\/producto\/carolina-herrera-vip-rose-80-ml-original\/"},"modified":"2025-10-03T18:16:10","modified_gmt":"2025-10-03T23:16:10","slug":"carolina-herrera-vip-rose-80-ml-original","status":"publish","type":"product","link":"https:\/\/ouddorperfumes.com\/index.php\/producto\/carolina-herrera-vip-rose-80-ml-original\/","title":{"rendered":"Carolina Herrera VIP Rose 80 ml Original"},"content":{"rendered":"<p>No renuncies a tu estilo elegante ni siquiera cuando sales al bullicio de la vibrante noche. Precisamente para vosotras, mujeres con un seductor encanto personal, ha sido creado el eau de parfum para mujer Carolina Herrera 212 VIP Ros\u00e9, que expresar\u00e1 perfectamente tu car\u00e1cter all\u00e1 donde vayas.<\/p>\n<ul>\n<li style=\"list-style-type: none;\">\n<ul>\n<li style=\"list-style-type: none;\">\n<ul>\n<li>fragancia fresca elegante y din\u00e1mica a la vez<\/li>\n<li>perfecta para mujeres j\u00f3venes que est\u00e1n orgullosas de su estilo<\/li>\n<li>destaca estupendamente tanto por la noche como durante todo el d\u00eda<\/li>\n<\/ul>\n<\/li>\n<\/ul>\n<\/li>\n<\/ul>\n<p><strong>Composici\u00f3n de la fragancia<\/strong><\/p>\n<p>La deslumbrante primera impresi\u00f3n es obra de la combinaci\u00f3n del aroma a vino espumoso con el toque picante de la pimienta rosa, que notar\u00e1s desde el primer momento. Al cabo de unos instantes, la combinaci\u00f3n de la fragancia de la flor de melocot\u00f3n y el aroma a rosa aportar\u00e1n m\u00e1s sensualidad y coqueter\u00eda. El car\u00e1cter v\u00edvido de la composici\u00f3n arom\u00e1tica lo perfeccionan las notas amaderadas, y los acordes de \u00e1mbar, que se desvanecen lentamente.<\/p>\n<p><strong>Historia de la fragancia<\/strong><\/p>\n<p>Descubre la continuaci\u00f3n m\u00e1s colorida de la fragancia Carolina Herrera VIP 212. Con unos rasgos llamativamente femeninos, refleja de nuevo la historia de la generaci\u00f3n joven que desea divertirse, vivir sin normas descubriendo las oportunidades de la vida nocturna de Nueva York con sus exclusivas fiestas. Sin embargo, la fragancia Carolina Herrera 212 VIP Ros\u00e9 introduce en el juego m\u00e1s emociones, sofisticaci\u00f3n y diversi\u00f3n.<\/p>\n<p>El original frasco femenino de un color rosa opaco contiene una fragancia que atraer\u00e1 a todas las mujeres que no dejan escapar la oportunidad de divertirse. Har\u00e1 de quien la lleve una parte imprescindible de cualquier acontecimiento interesante.<\/p>\n","protected":false},"excerpt":{"rendered":"<p>No renuncies a tu estilo elegante ni siquiera cuando sales al bullicio de la vibrante noche. Precisamente para vosotras, mujeres con un seductor encanto personal, ha sido creado el eau de parfum para mujer Carolina Herrera 212 VIP Ros\u00e9, que expresar\u00e1 perfectamente tu car\u00e1cter all\u00e1 donde vayas.<\/p>\n<ul>\n<li style=\"list-style-type: none;\">\n<ul>\n<li style=\"list-style-type: none;\">\n<ul>\n<li>fragancia fresca elegante y din\u00e1mica a la vez<\/li>\n<li>perfecta para mujeres j\u00f3venes que est\u00e1n orgullosas de su estilo<\/li>\n<li>destaca estupendamente tanto por la noche como durante todo el d\u00eda<\/li>\n<\/ul>\n<\/li>\n<\/ul>\n<\/li>\n<\/ul>\n<p><strong>Composici\u00f3n de la fragancia<\/strong><\/p>\n<p>La deslumbrante primera impresi\u00f3n es obra de la combinaci\u00f3n del aroma a vino espumoso con el toque picante de la pimienta rosa, que notar\u00e1s desde el primer momento. Al cabo de unos instantes, la combinaci\u00f3n de la fragancia de la flor de melocot\u00f3n y el aroma a rosa aportar\u00e1n m\u00e1s sensualidad y coqueter\u00eda. El car\u00e1cter v\u00edvido de la composici\u00f3n arom\u00e1tica lo perfeccionan las notas amaderadas, y los acordes de \u00e1mbar, que se desvanecen lentamente.<\/p>\n<p><strong>Historia de la fragancia<\/strong><\/p>\n<p>Descubre la continuaci\u00f3n m\u00e1s colorida de la fragancia Carolina Herrera VIP 212. Con unos rasgos llamativamente femeninos, refleja de nuevo la historia de la generaci\u00f3n joven que desea divertirse, vivir sin normas descubriendo las oportunidades de la vida nocturna de Nueva York con sus exclusivas fiestas. Sin embargo, la fragancia Carolina Herrera 212 VIP Ros\u00e9 introduce en el juego m\u00e1s emociones, sofisticaci\u00f3n y diversi\u00f3n.<\/p>\n<p>El original frasco femenino de un color rosa opaco contiene una fragancia que atraer\u00e1 a todas las mujeres que no dejan escapar la oportunidad de divertirse. Har\u00e1 de quien la lleve una parte imprescindible de cualquier acontecimiento interesante.<\/p>\n","protected":false},"featured_media":10713,"template":"","meta":[],"product_brand":[],"product_cat":[226,198,168],"product_tag":[],"class_list":{"0":"post-10738","1":"product","2":"type-product","3":"status-publish","4":"has-post-thumbnail","6":"product_cat-carolina-herrera","7":"product_cat-disenador","8":"product_cat-mujer","10":"first","11":"instock","12":"sale","13":"shipping-taxable","14":"purchasable","15":"product-type-simple"},"yoast_head":"<!-- This site is optimized with the Yoast SEO plugin v27.3 - https:\/\/yoast.com\/product\/yoast-seo-wordpress\/ -->\n<title>Carolina Herrera VIP Rose 80 ml Original - Oud d\u2019Or - L\u2019essence du pouvoir<\/title>\n<meta name=\"robots\" content=\"index, follow, max-snippet:-1, max-image-preview:large, max-video-preview:-1\" \/>\n<link rel=\"canonical\" href=\"https:\/\/ouddorperfumes.com\/index.php\/producto\/carolina-herrera-vip-rose-80-ml-original\/\" \/>\n<meta property=\"og:locale\" content=\"es_ES\" \/>\n<meta property=\"og:type\" content=\"article\" \/>\n<meta property=\"og:title\" content=\"Carolina Herrera VIP Rose 80 ml Original - Oud d\u2019Or - L\u2019essence du pouvoir\" \/>\n<meta property=\"og:description\" content=\"No renuncies a tu estilo elegante ni siquiera cuando sales al bullicio de la vibrante noche. Precisamente para vosotras, mujeres con un seductor encanto personal, ha sido creado el eau de parfum para mujer Carolina Herrera 212 VIP Ros\u00e9, que expresar\u00e1 perfectamente tu car\u00e1cter all\u00e1 donde vayas.         fragancia fresca elegante y din\u00e1mica a la vez  perfecta para mujeres j\u00f3venes que est\u00e1n orgullosas de su estilo  destaca estupendamente tanto por la noche como durante todo el d\u00eda      Composici\u00f3n de la fragancia  La deslumbrante primera impresi\u00f3n es obra de la combinaci\u00f3n del aroma a vino espumoso con el toque picante de la pimienta rosa, que notar\u00e1s desde el primer momento. Al cabo de unos instantes, la combinaci\u00f3n de la fragancia de la flor de melocot\u00f3n y el aroma a rosa aportar\u00e1n m\u00e1s sensualidad y coqueter\u00eda. El car\u00e1cter v\u00edvido de la composici\u00f3n arom\u00e1tica lo perfeccionan las notas amaderadas, y los acordes de \u00e1mbar, que se desvanecen lentamente.  Historia de la fragancia  Descubre la continuaci\u00f3n m\u00e1s colorida de la fragancia Carolina Herrera VIP 212. Con unos rasgos llamativamente femeninos, refleja de nuevo la historia de la generaci\u00f3n joven que desea divertirse, vivir sin normas descubriendo las oportunidades de la vida nocturna de Nueva York con sus exclusivas fiestas. Sin embargo, la fragancia Carolina Herrera 212 VIP Ros\u00e9 introduce en el juego m\u00e1s emociones, sofisticaci\u00f3n y diversi\u00f3n.  El original frasco femenino de un color rosa opaco contiene una fragancia que atraer\u00e1 a todas las mujeres que no dejan escapar la oportunidad de divertirse. Har\u00e1 de quien la lleve una parte imprescindible de cualquier acontecimiento interesante.\" \/>\n<meta property=\"og:url\" content=\"https:\/\/ouddorperfumes.com\/index.php\/producto\/carolina-herrera-vip-rose-80-ml-original\/\" \/>\n<meta property=\"og:site_name\" content=\"Oud d\u2019Or - L\u2019essence du pouvoir\" \/>\n<meta property=\"article:modified_time\" content=\"2025-10-03T23:16:10+00:00\" \/>\n<meta property=\"og:image\" content=\"https:\/\/ouddorperfumes.com\/wp-content\/uploads\/2025\/07\/oud-70.jpg\" \/>\n\t<meta property=\"og:image:width\" content=\"1102\" \/>\n\t<meta property=\"og:image:height\" content=\"1102\" \/>\n\t<meta property=\"og:image:type\" content=\"image\/jpeg\" \/>\n<meta name=\"twitter:card\" content=\"summary_large_image\" \/>\n<meta name=\"twitter:label1\" content=\"Tiempo de lectura\" \/>\n\t<meta name=\"twitter:data1\" content=\"2 minutos\" \/>\n<script type=\"application\/ld+json\" class=\"yoast-schema-graph\">{\"@context\":\"https:\\\/\\\/schema.org\",\"@graph\":[{\"@type\":\"WebPage\",\"@id\":\"https:\\\/\\\/ouddorperfumes.com\\\/index.php\\\/producto\\\/carolina-herrera-vip-rose-80-ml-original\\\/\",\"url\":\"https:\\\/\\\/ouddorperfumes.com\\\/index.php\\\/producto\\\/carolina-herrera-vip-rose-80-ml-original\\\/\",\"name\":\"Carolina Herrera VIP Rose 80 ml Original - Oud d\u2019Or - L\u2019essence du pouvoir\",\"isPartOf\":{\"@id\":\"https:\\\/\\\/ouddorperfumes.com\\\/#website\"},\"primaryImageOfPage\":{\"@id\":\"https:\\\/\\\/ouddorperfumes.com\\\/index.php\\\/producto\\\/carolina-herrera-vip-rose-80-ml-original\\\/#primaryimage\"},\"image\":{\"@id\":\"https:\\\/\\\/ouddorperfumes.com\\\/index.php\\\/producto\\\/carolina-herrera-vip-rose-80-ml-original\\\/#primaryimage\"},\"thumbnailUrl\":\"https:\\\/\\\/ouddorperfumes.com\\\/wp-content\\\/uploads\\\/2025\\\/07\\\/oud-70.jpg\",\"datePublished\":\"2025-07-25T01:26:57+00:00\",\"dateModified\":\"2025-10-03T23:16:10+00:00\",\"breadcrumb\":{\"@id\":\"https:\\\/\\\/ouddorperfumes.com\\\/index.php\\\/producto\\\/carolina-herrera-vip-rose-80-ml-original\\\/#breadcrumb\"},\"inLanguage\":\"es\",\"potentialAction\":[{\"@type\":\"ReadAction\",\"target\":[\"https:\\\/\\\/ouddorperfumes.com\\\/index.php\\\/producto\\\/carolina-herrera-vip-rose-80-ml-original\\\/\"]}]},{\"@type\":\"ImageObject\",\"inLanguage\":\"es\",\"@id\":\"https:\\\/\\\/ouddorperfumes.com\\\/index.php\\\/producto\\\/carolina-herrera-vip-rose-80-ml-original\\\/#primaryimage\",\"url\":\"https:\\\/\\\/ouddorperfumes.com\\\/wp-content\\\/uploads\\\/2025\\\/07\\\/oud-70.jpg\",\"contentUrl\":\"https:\\\/\\\/ouddorperfumes.com\\\/wp-content\\\/uploads\\\/2025\\\/07\\\/oud-70.jpg\",\"width\":1102,\"height\":1102},{\"@type\":\"BreadcrumbList\",\"@id\":\"https:\\\/\\\/ouddorperfumes.com\\\/index.php\\\/producto\\\/carolina-herrera-vip-rose-80-ml-original\\\/#breadcrumb\",\"itemListElement\":[{\"@type\":\"ListItem\",\"position\":1,\"name\":\"Portada\",\"item\":\"https:\\\/\\\/ouddorperfumes.com\\\/\"},{\"@type\":\"ListItem\",\"position\":2,\"name\":\"Todos los Perfumes\",\"item\":\"https:\\\/\\\/ouddorperfumes.com\\\/index.php\\\/todos-los-perfumes\\\/\"},{\"@type\":\"ListItem\",\"position\":3,\"name\":\"Carolina Herrera VIP Rose 80 ml Original\"}]},{\"@type\":\"WebSite\",\"@id\":\"https:\\\/\\\/ouddorperfumes.com\\\/#website\",\"url\":\"https:\\\/\\\/ouddorperfumes.com\\\/\",\"name\":\"Oud d\u2019Or - L\u2019essence du pouvoir\",\"description\":\"Perfumes Arabes 100% Originales\",\"potentialAction\":[{\"@type\":\"SearchAction\",\"target\":{\"@type\":\"EntryPoint\",\"urlTemplate\":\"https:\\\/\\\/ouddorperfumes.com\\\/?s={search_term_string}\"},\"query-input\":{\"@type\":\"PropertyValueSpecification\",\"valueRequired\":true,\"valueName\":\"search_term_string\"}}],\"inLanguage\":\"es\"}]}<\/script>\n<!-- \/ Yoast SEO plugin. -->","yoast_head_json":{"title":"Carolina Herrera VIP Rose 80 ml Original - Oud d\u2019Or - L\u2019essence du pouvoir","robots":{"index":"index","follow":"follow","max-snippet":"max-snippet:-1","max-image-preview":"max-image-preview:large","max-video-preview":"max-video-preview:-1"},"canonical":"https:\/\/ouddorperfumes.com\/index.php\/producto\/carolina-herrera-vip-rose-80-ml-original\/","og_locale":"es_ES","og_type":"article","og_title":"Carolina Herrera VIP Rose 80 ml Original - Oud d\u2019Or - L\u2019essence du pouvoir","og_description":"No renuncies a tu estilo elegante ni siquiera cuando sales al bullicio de la vibrante noche. Precisamente para vosotras, mujeres con un seductor encanto personal, ha sido creado el eau de parfum para mujer Carolina Herrera 212 VIP Ros\u00e9, que expresar\u00e1 perfectamente tu car\u00e1cter all\u00e1 donde vayas.         fragancia fresca elegante y din\u00e1mica a la vez  perfecta para mujeres j\u00f3venes que est\u00e1n orgullosas de su estilo  destaca estupendamente tanto por la noche como durante todo el d\u00eda      Composici\u00f3n de la fragancia  La deslumbrante primera impresi\u00f3n es obra de la combinaci\u00f3n del aroma a vino espumoso con el toque picante de la pimienta rosa, que notar\u00e1s desde el primer momento. Al cabo de unos instantes, la combinaci\u00f3n de la fragancia de la flor de melocot\u00f3n y el aroma a rosa aportar\u00e1n m\u00e1s sensualidad y coqueter\u00eda. El car\u00e1cter v\u00edvido de la composici\u00f3n arom\u00e1tica lo perfeccionan las notas amaderadas, y los acordes de \u00e1mbar, que se desvanecen lentamente.  Historia de la fragancia  Descubre la continuaci\u00f3n m\u00e1s colorida de la fragancia Carolina Herrera VIP 212. Con unos rasgos llamativamente femeninos, refleja de nuevo la historia de la generaci\u00f3n joven que desea divertirse, vivir sin normas descubriendo las oportunidades de la vida nocturna de Nueva York con sus exclusivas fiestas. Sin embargo, la fragancia Carolina Herrera 212 VIP Ros\u00e9 introduce en el juego m\u00e1s emociones, sofisticaci\u00f3n y diversi\u00f3n.  El original frasco femenino de un color rosa opaco contiene una fragancia que atraer\u00e1 a todas las mujeres que no dejan escapar la oportunidad de divertirse. Har\u00e1 de quien la lleve una parte imprescindible de cualquier acontecimiento interesante.","og_url":"https:\/\/ouddorperfumes.com\/index.php\/producto\/carolina-herrera-vip-rose-80-ml-original\/","og_site_name":"Oud d\u2019Or - L\u2019essence du pouvoir","article_modified_time":"2025-10-03T23:16:10+00:00","og_image":[{"width":1102,"height":1102,"url":"https:\/\/ouddorperfumes.com\/wp-content\/uploads\/2025\/07\/oud-70.jpg","type":"image\/jpeg"}],"twitter_card":"summary_large_image","twitter_misc":{"Tiempo de lectura":"2 minutos"},"schema":{"@context":"https:\/\/schema.org","@graph":[{"@type":"WebPage","@id":"https:\/\/ouddorperfumes.com\/index.php\/producto\/carolina-herrera-vip-rose-80-ml-original\/","url":"https:\/\/ouddorperfumes.com\/index.php\/producto\/carolina-herrera-vip-rose-80-ml-original\/","name":"Carolina Herrera VIP Rose 80 ml Original - Oud d\u2019Or - L\u2019essence du pouvoir","isPartOf":{"@id":"https:\/\/ouddorperfumes.com\/#website"},"primaryImageOfPage":{"@id":"https:\/\/ouddorperfumes.com\/index.php\/producto\/carolina-herrera-vip-rose-80-ml-original\/#primaryimage"},"image":{"@id":"https:\/\/ouddorperfumes.com\/index.php\/producto\/carolina-herrera-vip-rose-80-ml-original\/#primaryimage"},"thumbnailUrl":"https:\/\/ouddorperfumes.com\/wp-content\/uploads\/2025\/07\/oud-70.jpg","datePublished":"2025-07-25T01:26:57+00:00","dateModified":"2025-10-03T23:16:10+00:00","breadcrumb":{"@id":"https:\/\/ouddorperfumes.com\/index.php\/producto\/carolina-herrera-vip-rose-80-ml-original\/#breadcrumb"},"inLanguage":"es","potentialAction":[{"@type":"ReadAction","target":["https:\/\/ouddorperfumes.com\/index.php\/producto\/carolina-herrera-vip-rose-80-ml-original\/"]}]},{"@type":"ImageObject","inLanguage":"es","@id":"https:\/\/ouddorperfumes.com\/index.php\/producto\/carolina-herrera-vip-rose-80-ml-original\/#primaryimage","url":"https:\/\/ouddorperfumes.com\/wp-content\/uploads\/2025\/07\/oud-70.jpg","contentUrl":"https:\/\/ouddorperfumes.com\/wp-content\/uploads\/2025\/07\/oud-70.jpg","width":1102,"height":1102},{"@type":"BreadcrumbList","@id":"https:\/\/ouddorperfumes.com\/index.php\/producto\/carolina-herrera-vip-rose-80-ml-original\/#breadcrumb","itemListElement":[{"@type":"ListItem","position":1,"name":"Portada","item":"https:\/\/ouddorperfumes.com\/"},{"@type":"ListItem","position":2,"name":"Todos los Perfumes","item":"https:\/\/ouddorperfumes.com\/index.php\/todos-los-perfumes\/"},{"@type":"ListItem","position":3,"name":"Carolina Herrera VIP Rose 80 ml Original"}]},{"@type":"WebSite","@id":"https:\/\/ouddorperfumes.com\/#website","url":"https:\/\/ouddorperfumes.com\/","name":"Oud d\u2019Or - L\u2019essence du pouvoir","description":"Perfumes Arabes 100% Originales","potentialAction":[{"@type":"SearchAction","target":{"@type":"EntryPoint","urlTemplate":"https:\/\/ouddorperfumes.com\/?s={search_term_string}"},"query-input":{"@type":"PropertyValueSpecification","valueRequired":true,"valueName":"search_term_string"}}],"inLanguage":"es"}]}},"_links":{"self":[{"href":"https:\/\/ouddorperfumes.com\/index.php\/wp-json\/wp\/v2\/product\/10738","targetHints":{"allow":["GET"]}}],"collection":[{"href":"https:\/\/ouddorperfumes.com\/index.php\/wp-json\/wp\/v2\/product"}],"about":[{"href":"https:\/\/ouddorperfumes.com\/index.php\/wp-json\/wp\/v2\/types\/product"}],"version-history":[{"count":1,"href":"https:\/\/ouddorperfumes.com\/index.php\/wp-json\/wp\/v2\/product\/10738\/revisions"}],"predecessor-version":[{"id":11725,"href":"https:\/\/ouddorperfumes.com\/index.php\/wp-json\/wp\/v2\/product\/10738\/revisions\/11725"}],"wp:featuredmedia":[{"embeddable":true,"href":"https:\/\/ouddorperfumes.com\/index.php\/wp-json\/wp\/v2\/media\/10713"}],"wp:attachment":[{"href":"https:\/\/ouddorperfumes.com\/index.php\/wp-json\/wp\/v2\/media?parent=10738"}],"wp:term":[{"taxonomy":"product_brand","embeddable":true,"href":"https:\/\/ouddorperfumes.com\/index.php\/wp-json\/wp\/v2\/product_brand?post=10738"},{"taxonomy":"product_cat","embeddable":true,"href":"https:\/\/ouddorperfumes.com\/index.php\/wp-json\/wp\/v2\/product_cat?post=10738"},{"taxonomy":"product_tag","embeddable":true,"href":"https:\/\/ouddorperfumes.com\/index.php\/wp-json\/wp\/v2\/product_tag?post=10738"}],"curies":[{"name":"wp","href":"https:\/\/api.w.org\/{rel}","templated":true}]}}