{"id":10749,"date":"2025-07-24T21:03:40","date_gmt":"2025-07-25T02:03:40","guid":{"rendered":"https:\/\/ouddorperfumes.com\/index.php\/producto\/lacoste-blanc-eau-intense-original-x-100\/"},"modified":"2025-10-03T18:13:16","modified_gmt":"2025-10-03T23:13:16","slug":"lacoste-blanc-eau-intense-100-ml-original","status":"publish","type":"product","link":"https:\/\/ouddorperfumes.com\/index.php\/producto\/lacoste-blanc-eau-intense-100-ml-original\/","title":{"rendered":"Lacoste Blanc Eau Intense 100 ml Original"},"content":{"rendered":"<p><strong>Una fragancia de cuero con notas picantes, arom\u00e1ticas y especiadas.<\/strong><\/p>\n<p>No te detengas. Tu movimiento y tu mente quedar\u00e1n libres con el eau de toilette para hombre Lacoste L.12.12 Blanc Eau Intense. Te vigorizar\u00e1 a trav\u00e9s de su fragancia intensa pero refrescante, que destaca por su contraste de notas frescas y c\u00e1lidas. Respira hondo y siente una oleada de refresco adictivo.<\/p>\n<p>-una composici\u00f3n foug\u00e8re, amaderada y arom\u00e1tica<br \/>\n-viene en par junto con el L.12.12 Rose Eau Intense para mujer<br \/>\n-lanzado en 2023<\/p>\n<p><strong>Composici\u00f3n de la fragancia<\/strong><br \/>\nLa fragancia se abre con notas de jugosas mandarinas en combinaci\u00f3n con cardamomo y hojas de c\u00farcuma. Entonces tus sentidos se deleitar\u00e1n con la refrescante combinaci\u00f3n de notas de lavanda, salvia y ajenjo. Para concluir, detectar\u00e1s el acorde c\u00e1lido del cuero blanco, que permanece m\u00e1s tiempo en tu piel, junto con notas de s\u00e1ndalo y vetiver.<\/p>\n<p><strong>Historia de la fragancia<\/strong><br \/>\nLa fragancia masculina L.12.12 Blanc Eau Intense contin\u00faa la idea que conecta toda la colecci\u00f3n L.12.12: cambiar las reglas del juego, liberar tus movimientos y ganar juntos como equipo. La intensidad de la fragancia queda perfectamente realzada por el frasco verde transparente con un elegante collar plateado. El dise\u00f1o del cuerpo del frasco recuerda al tejido piqu\u00e9, que, junto con los cocodrilos bordados, hace referencia al ic\u00f3nico polo Lacoste.<\/p>\n","protected":false},"excerpt":{"rendered":"<p><strong>Una fragancia de cuero con notas picantes, arom\u00e1ticas y especiadas.<\/strong><\/p>\n<p>No te detengas. Tu movimiento y tu mente quedar\u00e1n libres con el eau de toilette para hombre Lacoste L.12.12 Blanc Eau Intense. Te vigorizar\u00e1 a trav\u00e9s de su fragancia intensa pero refrescante, que destaca por su contraste de notas frescas y c\u00e1lidas. Respira hondo y siente una oleada de refresco adictivo.<\/p>\n<p>-una composici\u00f3n foug\u00e8re, amaderada y arom\u00e1tica<br \/>\n-viene en par junto con el L.12.12 Rose Eau Intense para mujer<br \/>\n-lanzado en 2023<\/p>\n<p><strong>Composici\u00f3n de la fragancia<\/strong><br \/>\nLa fragancia se abre con notas de jugosas mandarinas en combinaci\u00f3n con cardamomo y hojas de c\u00farcuma. Entonces tus sentidos se deleitar\u00e1n con la refrescante combinaci\u00f3n de notas de lavanda, salvia y ajenjo. Para concluir, detectar\u00e1s el acorde c\u00e1lido del cuero blanco, que permanece m\u00e1s tiempo en tu piel, junto con notas de s\u00e1ndalo y vetiver.<\/p>\n<p><strong>Historia de la fragancia<\/strong><br \/>\nLa fragancia masculina L.12.12 Blanc Eau Intense contin\u00faa la idea que conecta toda la colecci\u00f3n L.12.12: cambiar las reglas del juego, liberar tus movimientos y ganar juntos como equipo. La intensidad de la fragancia queda perfectamente realzada por el frasco verde transparente con un elegante collar plateado. El dise\u00f1o del cuerpo del frasco recuerda al tejido piqu\u00e9, que, junto con los cocodrilos bordados, hace referencia al ic\u00f3nico polo Lacoste.<\/p>\n","protected":false},"featured_media":11172,"template":"","meta":[],"product_brand":[],"product_cat":[20],"product_tag":[],"class_list":{"0":"post-10749","1":"product","2":"type-product","3":"status-publish","4":"has-post-thumbnail","6":"product_cat-accessories","8":"first","9":"instock","10":"sale","11":"shipping-taxable","12":"purchasable","13":"product-type-simple"},"yoast_head":"<!-- This site is optimized with the Yoast SEO plugin v27.3 - https:\/\/yoast.com\/product\/yoast-seo-wordpress\/ -->\n<title>Lacoste Blanc Eau Intense 100 ml Original - Oud d\u2019Or - L\u2019essence du pouvoir<\/title>\n<meta name=\"robots\" content=\"index, follow, max-snippet:-1, max-image-preview:large, max-video-preview:-1\" \/>\n<link rel=\"canonical\" href=\"https:\/\/ouddorperfumes.com\/index.php\/producto\/lacoste-blanc-eau-intense-100-ml-original\/\" \/>\n<meta property=\"og:locale\" content=\"es_ES\" \/>\n<meta property=\"og:type\" content=\"article\" \/>\n<meta property=\"og:title\" content=\"Lacoste Blanc Eau Intense 100 ml Original - Oud d\u2019Or - L\u2019essence du pouvoir\" \/>\n<meta property=\"og:description\" content=\"Una fragancia de cuero con notas picantes, arom\u00e1ticas y especiadas.  No te detengas. Tu movimiento y tu mente quedar\u00e1n libres con el eau de toilette para hombre Lacoste L.12.12 Blanc Eau Intense. Te vigorizar\u00e1 a trav\u00e9s de su fragancia intensa pero refrescante, que destaca por su contraste de notas frescas y c\u00e1lidas. Respira hondo y siente una oleada de refresco adictivo.  -una composici\u00f3n foug\u00e8re, amaderada y arom\u00e1tica -viene en par junto con el L.12.12 Rose Eau Intense para mujer -lanzado en 2023  Composici\u00f3n de la fragancia La fragancia se abre con notas de jugosas mandarinas en combinaci\u00f3n con cardamomo y hojas de c\u00farcuma. Entonces tus sentidos se deleitar\u00e1n con la refrescante combinaci\u00f3n de notas de lavanda, salvia y ajenjo. Para concluir, detectar\u00e1s el acorde c\u00e1lido del cuero blanco, que permanece m\u00e1s tiempo en tu piel, junto con notas de s\u00e1ndalo y vetiver.  Historia de la fragancia La fragancia masculina L.12.12 Blanc Eau Intense contin\u00faa la idea que conecta toda la colecci\u00f3n L.12.12: cambiar las reglas del juego, liberar tus movimientos y ganar juntos como equipo. La intensidad de la fragancia queda perfectamente realzada por el frasco verde transparente con un elegante collar plateado. El dise\u00f1o del cuerpo del frasco recuerda al tejido piqu\u00e9, que, junto con los cocodrilos bordados, hace referencia al ic\u00f3nico polo Lacoste.\" \/>\n<meta property=\"og:url\" content=\"https:\/\/ouddorperfumes.com\/index.php\/producto\/lacoste-blanc-eau-intense-100-ml-original\/\" \/>\n<meta property=\"og:site_name\" content=\"Oud d\u2019Or - L\u2019essence du pouvoir\" \/>\n<meta property=\"article:modified_time\" content=\"2025-10-03T23:13:16+00:00\" \/>\n<meta property=\"og:image\" content=\"https:\/\/ouddorperfumes.com\/wp-content\/uploads\/2025\/07\/Oud-132.jpg\" \/>\n\t<meta property=\"og:image:width\" content=\"1102\" \/>\n\t<meta property=\"og:image:height\" content=\"1102\" \/>\n\t<meta property=\"og:image:type\" content=\"image\/jpeg\" \/>\n<meta name=\"twitter:card\" content=\"summary_large_image\" \/>\n<meta name=\"twitter:label1\" content=\"Tiempo de lectura\" \/>\n\t<meta name=\"twitter:data1\" content=\"1 minuto\" \/>\n<script type=\"application\/ld+json\" class=\"yoast-schema-graph\">{\"@context\":\"https:\\\/\\\/schema.org\",\"@graph\":[{\"@type\":\"WebPage\",\"@id\":\"https:\\\/\\\/ouddorperfumes.com\\\/index.php\\\/producto\\\/lacoste-blanc-eau-intense-100-ml-original\\\/\",\"url\":\"https:\\\/\\\/ouddorperfumes.com\\\/index.php\\\/producto\\\/lacoste-blanc-eau-intense-100-ml-original\\\/\",\"name\":\"Lacoste Blanc Eau Intense 100 ml Original - Oud d\u2019Or - L\u2019essence du pouvoir\",\"isPartOf\":{\"@id\":\"https:\\\/\\\/ouddorperfumes.com\\\/#website\"},\"primaryImageOfPage\":{\"@id\":\"https:\\\/\\\/ouddorperfumes.com\\\/index.php\\\/producto\\\/lacoste-blanc-eau-intense-100-ml-original\\\/#primaryimage\"},\"image\":{\"@id\":\"https:\\\/\\\/ouddorperfumes.com\\\/index.php\\\/producto\\\/lacoste-blanc-eau-intense-100-ml-original\\\/#primaryimage\"},\"thumbnailUrl\":\"https:\\\/\\\/ouddorperfumes.com\\\/wp-content\\\/uploads\\\/2025\\\/07\\\/Oud-132.jpg\",\"datePublished\":\"2025-07-25T02:03:40+00:00\",\"dateModified\":\"2025-10-03T23:13:16+00:00\",\"breadcrumb\":{\"@id\":\"https:\\\/\\\/ouddorperfumes.com\\\/index.php\\\/producto\\\/lacoste-blanc-eau-intense-100-ml-original\\\/#breadcrumb\"},\"inLanguage\":\"es\",\"potentialAction\":[{\"@type\":\"ReadAction\",\"target\":[\"https:\\\/\\\/ouddorperfumes.com\\\/index.php\\\/producto\\\/lacoste-blanc-eau-intense-100-ml-original\\\/\"]}]},{\"@type\":\"ImageObject\",\"inLanguage\":\"es\",\"@id\":\"https:\\\/\\\/ouddorperfumes.com\\\/index.php\\\/producto\\\/lacoste-blanc-eau-intense-100-ml-original\\\/#primaryimage\",\"url\":\"https:\\\/\\\/ouddorperfumes.com\\\/wp-content\\\/uploads\\\/2025\\\/07\\\/Oud-132.jpg\",\"contentUrl\":\"https:\\\/\\\/ouddorperfumes.com\\\/wp-content\\\/uploads\\\/2025\\\/07\\\/Oud-132.jpg\",\"width\":1102,\"height\":1102},{\"@type\":\"BreadcrumbList\",\"@id\":\"https:\\\/\\\/ouddorperfumes.com\\\/index.php\\\/producto\\\/lacoste-blanc-eau-intense-100-ml-original\\\/#breadcrumb\",\"itemListElement\":[{\"@type\":\"ListItem\",\"position\":1,\"name\":\"Portada\",\"item\":\"https:\\\/\\\/ouddorperfumes.com\\\/\"},{\"@type\":\"ListItem\",\"position\":2,\"name\":\"Todos los Perfumes\",\"item\":\"https:\\\/\\\/ouddorperfumes.com\\\/index.php\\\/todos-los-perfumes\\\/\"},{\"@type\":\"ListItem\",\"position\":3,\"name\":\"Lacoste Blanc Eau Intense 100 ml Original\"}]},{\"@type\":\"WebSite\",\"@id\":\"https:\\\/\\\/ouddorperfumes.com\\\/#website\",\"url\":\"https:\\\/\\\/ouddorperfumes.com\\\/\",\"name\":\"Oud d\u2019Or - L\u2019essence du pouvoir\",\"description\":\"Perfumes Arabes 100% Originales\",\"potentialAction\":[{\"@type\":\"SearchAction\",\"target\":{\"@type\":\"EntryPoint\",\"urlTemplate\":\"https:\\\/\\\/ouddorperfumes.com\\\/?s={search_term_string}\"},\"query-input\":{\"@type\":\"PropertyValueSpecification\",\"valueRequired\":true,\"valueName\":\"search_term_string\"}}],\"inLanguage\":\"es\"}]}<\/script>\n<!-- \/ Yoast SEO plugin. -->","yoast_head_json":{"title":"Lacoste Blanc Eau Intense 100 ml Original - Oud d\u2019Or - L\u2019essence du pouvoir","robots":{"index":"index","follow":"follow","max-snippet":"max-snippet:-1","max-image-preview":"max-image-preview:large","max-video-preview":"max-video-preview:-1"},"canonical":"https:\/\/ouddorperfumes.com\/index.php\/producto\/lacoste-blanc-eau-intense-100-ml-original\/","og_locale":"es_ES","og_type":"article","og_title":"Lacoste Blanc Eau Intense 100 ml Original - Oud d\u2019Or - L\u2019essence du pouvoir","og_description":"Una fragancia de cuero con notas picantes, arom\u00e1ticas y especiadas.  No te detengas. Tu movimiento y tu mente quedar\u00e1n libres con el eau de toilette para hombre Lacoste L.12.12 Blanc Eau Intense. Te vigorizar\u00e1 a trav\u00e9s de su fragancia intensa pero refrescante, que destaca por su contraste de notas frescas y c\u00e1lidas. Respira hondo y siente una oleada de refresco adictivo.  -una composici\u00f3n foug\u00e8re, amaderada y arom\u00e1tica -viene en par junto con el L.12.12 Rose Eau Intense para mujer -lanzado en 2023  Composici\u00f3n de la fragancia La fragancia se abre con notas de jugosas mandarinas en combinaci\u00f3n con cardamomo y hojas de c\u00farcuma. Entonces tus sentidos se deleitar\u00e1n con la refrescante combinaci\u00f3n de notas de lavanda, salvia y ajenjo. Para concluir, detectar\u00e1s el acorde c\u00e1lido del cuero blanco, que permanece m\u00e1s tiempo en tu piel, junto con notas de s\u00e1ndalo y vetiver.  Historia de la fragancia La fragancia masculina L.12.12 Blanc Eau Intense contin\u00faa la idea que conecta toda la colecci\u00f3n L.12.12: cambiar las reglas del juego, liberar tus movimientos y ganar juntos como equipo. La intensidad de la fragancia queda perfectamente realzada por el frasco verde transparente con un elegante collar plateado. El dise\u00f1o del cuerpo del frasco recuerda al tejido piqu\u00e9, que, junto con los cocodrilos bordados, hace referencia al ic\u00f3nico polo Lacoste.","og_url":"https:\/\/ouddorperfumes.com\/index.php\/producto\/lacoste-blanc-eau-intense-100-ml-original\/","og_site_name":"Oud d\u2019Or - L\u2019essence du pouvoir","article_modified_time":"2025-10-03T23:13:16+00:00","og_image":[{"width":1102,"height":1102,"url":"https:\/\/ouddorperfumes.com\/wp-content\/uploads\/2025\/07\/Oud-132.jpg","type":"image\/jpeg"}],"twitter_card":"summary_large_image","twitter_misc":{"Tiempo de lectura":"1 minuto"},"schema":{"@context":"https:\/\/schema.org","@graph":[{"@type":"WebPage","@id":"https:\/\/ouddorperfumes.com\/index.php\/producto\/lacoste-blanc-eau-intense-100-ml-original\/","url":"https:\/\/ouddorperfumes.com\/index.php\/producto\/lacoste-blanc-eau-intense-100-ml-original\/","name":"Lacoste Blanc Eau Intense 100 ml Original - Oud d\u2019Or - L\u2019essence du pouvoir","isPartOf":{"@id":"https:\/\/ouddorperfumes.com\/#website"},"primaryImageOfPage":{"@id":"https:\/\/ouddorperfumes.com\/index.php\/producto\/lacoste-blanc-eau-intense-100-ml-original\/#primaryimage"},"image":{"@id":"https:\/\/ouddorperfumes.com\/index.php\/producto\/lacoste-blanc-eau-intense-100-ml-original\/#primaryimage"},"thumbnailUrl":"https:\/\/ouddorperfumes.com\/wp-content\/uploads\/2025\/07\/Oud-132.jpg","datePublished":"2025-07-25T02:03:40+00:00","dateModified":"2025-10-03T23:13:16+00:00","breadcrumb":{"@id":"https:\/\/ouddorperfumes.com\/index.php\/producto\/lacoste-blanc-eau-intense-100-ml-original\/#breadcrumb"},"inLanguage":"es","potentialAction":[{"@type":"ReadAction","target":["https:\/\/ouddorperfumes.com\/index.php\/producto\/lacoste-blanc-eau-intense-100-ml-original\/"]}]},{"@type":"ImageObject","inLanguage":"es","@id":"https:\/\/ouddorperfumes.com\/index.php\/producto\/lacoste-blanc-eau-intense-100-ml-original\/#primaryimage","url":"https:\/\/ouddorperfumes.com\/wp-content\/uploads\/2025\/07\/Oud-132.jpg","contentUrl":"https:\/\/ouddorperfumes.com\/wp-content\/uploads\/2025\/07\/Oud-132.jpg","width":1102,"height":1102},{"@type":"BreadcrumbList","@id":"https:\/\/ouddorperfumes.com\/index.php\/producto\/lacoste-blanc-eau-intense-100-ml-original\/#breadcrumb","itemListElement":[{"@type":"ListItem","position":1,"name":"Portada","item":"https:\/\/ouddorperfumes.com\/"},{"@type":"ListItem","position":2,"name":"Todos los Perfumes","item":"https:\/\/ouddorperfumes.com\/index.php\/todos-los-perfumes\/"},{"@type":"ListItem","position":3,"name":"Lacoste Blanc Eau Intense 100 ml Original"}]},{"@type":"WebSite","@id":"https:\/\/ouddorperfumes.com\/#website","url":"https:\/\/ouddorperfumes.com\/","name":"Oud d\u2019Or - L\u2019essence du pouvoir","description":"Perfumes Arabes 100% Originales","potentialAction":[{"@type":"SearchAction","target":{"@type":"EntryPoint","urlTemplate":"https:\/\/ouddorperfumes.com\/?s={search_term_string}"},"query-input":{"@type":"PropertyValueSpecification","valueRequired":true,"valueName":"search_term_string"}}],"inLanguage":"es"}]}},"_links":{"self":[{"href":"https:\/\/ouddorperfumes.com\/index.php\/wp-json\/wp\/v2\/product\/10749","targetHints":{"allow":["GET"]}}],"collection":[{"href":"https:\/\/ouddorperfumes.com\/index.php\/wp-json\/wp\/v2\/product"}],"about":[{"href":"https:\/\/ouddorperfumes.com\/index.php\/wp-json\/wp\/v2\/types\/product"}],"version-history":[{"count":1,"href":"https:\/\/ouddorperfumes.com\/index.php\/wp-json\/wp\/v2\/product\/10749\/revisions"}],"predecessor-version":[{"id":11715,"href":"https:\/\/ouddorperfumes.com\/index.php\/wp-json\/wp\/v2\/product\/10749\/revisions\/11715"}],"wp:featuredmedia":[{"embeddable":true,"href":"https:\/\/ouddorperfumes.com\/index.php\/wp-json\/wp\/v2\/media\/11172"}],"wp:attachment":[{"href":"https:\/\/ouddorperfumes.com\/index.php\/wp-json\/wp\/v2\/media?parent=10749"}],"wp:term":[{"taxonomy":"product_brand","embeddable":true,"href":"https:\/\/ouddorperfumes.com\/index.php\/wp-json\/wp\/v2\/product_brand?post=10749"},{"taxonomy":"product_cat","embeddable":true,"href":"https:\/\/ouddorperfumes.com\/index.php\/wp-json\/wp\/v2\/product_cat?post=10749"},{"taxonomy":"product_tag","embeddable":true,"href":"https:\/\/ouddorperfumes.com\/index.php\/wp-json\/wp\/v2\/product_tag?post=10749"}],"curies":[{"name":"wp","href":"https:\/\/api.w.org\/{rel}","templated":true}]}}