{"id":10752,"date":"2025-07-24T21:06:37","date_gmt":"2025-07-25T02:06:37","guid":{"rendered":"https:\/\/ouddorperfumes.com\/index.php\/producto\/dolce-gabanna-light-blue-dm-x-100-ml-or\/"},"modified":"2025-10-03T18:12:32","modified_gmt":"2025-10-03T23:12:32","slug":"dolce-gabbana-light-blue-pour-femme-100-ml-original","status":"publish","type":"product","link":"https:\/\/ouddorperfumes.com\/index.php\/producto\/dolce-gabbana-light-blue-pour-femme-100-ml-original\/","title":{"rendered":"Dolce &#038; Gabbana Light Blue Pour Femme 100 ml Original"},"content":{"rendered":"<p>El eau de toilette Dolce &amp; Gabbana Light Blue para mujer, te transportar\u00e1 al instante a las frescas brisas de las playas sicilianas y a sus c\u00e1lidas arenas.<\/p>\n<ul>\n<li>aroma frutal floral con acordes amaderados<\/li>\n<li>para mujeres desenfrenadas que no temen enfrentarse a nuevos retos<\/li>\n<li>ideal para los d\u00edas de verano<\/li>\n<\/ul>\n<p><strong>Composici\u00f3n de la fragancia\u00a0<\/strong><\/p>\n<p>Una de las notas principales de este eau de toilette es cedro siciliano, cuyo aroma invade toda la composici\u00f3n. Al principio se complementa con chispeantes tonos de manzana y campanilla azul. El coraz\u00f3n de la fragancia esconde un ramillete de jazm\u00edn y delicadas rosas blancas que sale a la luz con la frescura del bamb\u00fa. Las notas de embriagadora madera de limonero se entrelazan finalmente con tentadores acordes de \u00e1mbar y almizcle.<\/p>\n","protected":false},"excerpt":{"rendered":"<p>El eau de toilette Dolce &amp; Gabbana Light Blue para mujer, te transportar\u00e1 al instante a las frescas brisas de las playas sicilianas y a sus c\u00e1lidas arenas.<\/p>\n<ul>\n<li>aroma frutal floral con acordes amaderados<\/li>\n<li>para mujeres desenfrenadas que no temen enfrentarse a nuevos retos<\/li>\n<li>ideal para los d\u00edas de verano<\/li>\n<\/ul>\n<p><strong>Composici\u00f3n de la fragancia\u00a0<\/strong><\/p>\n<p>Una de las notas principales de este eau de toilette es cedro siciliano, cuyo aroma invade toda la composici\u00f3n. Al principio se complementa con chispeantes tonos de manzana y campanilla azul. El coraz\u00f3n de la fragancia esconde un ramillete de jazm\u00edn y delicadas rosas blancas que sale a la luz con la frescura del bamb\u00fa. Las notas de embriagadora madera de limonero se entrelazan finalmente con tentadores acordes de \u00e1mbar y almizcle.<\/p>\n<p><span style=\"color: #ff4400;\"><strong>\u2705 <span style=\"color: #d9a569;\">Pagos 100% Contraentrega.<\/span><\/strong><\/span><br \/>\n<span style=\"color: #ff4400;\"><strong>\u2705 <span style=\"color: #d9a569;\">Env\u00edo Gratis a toda Colombia.<\/span><\/strong><\/span><br \/>\n<span style=\"color: #ff4400;\"><strong>\u2705 <span style=\"color: #d9a569;\">Perfumes 100% Originales.<\/span><\/strong><\/span><\/p>\n","protected":false},"featured_media":10661,"template":"","meta":[],"product_brand":[],"product_cat":[198,197,168],"product_tag":[],"class_list":{"0":"post-10752","1":"product","2":"type-product","3":"status-publish","4":"has-post-thumbnail","6":"product_cat-disenador","7":"product_cat-dolce-gabbana","8":"product_cat-mujer","10":"first","11":"instock","12":"sale","13":"shipping-taxable","14":"purchasable","15":"product-type-simple"},"yoast_head":"<!-- This site is optimized with the Yoast SEO plugin v27.3 - https:\/\/yoast.com\/product\/yoast-seo-wordpress\/ -->\n<title>Dolce &amp; Gabbana Light Blue Pour Femme 100 ml Original - Oud d\u2019Or - L\u2019essence du pouvoir<\/title>\n<meta name=\"robots\" content=\"index, follow, max-snippet:-1, max-image-preview:large, max-video-preview:-1\" \/>\n<link rel=\"canonical\" href=\"https:\/\/ouddorperfumes.com\/index.php\/producto\/dolce-gabbana-light-blue-pour-femme-100-ml-original\/\" \/>\n<meta property=\"og:locale\" content=\"es_ES\" \/>\n<meta property=\"og:type\" content=\"article\" \/>\n<meta property=\"og:title\" content=\"Dolce &amp; Gabbana Light Blue Pour Femme 100 ml Original - Oud d\u2019Or - L\u2019essence du pouvoir\" \/>\n<meta property=\"og:description\" content=\"El eau de toilette Dolce &amp; Gabbana Light Blue para mujer, te transportar\u00e1 al instante a las frescas brisas de las playas sicilianas y a sus c\u00e1lidas arenas.   aroma frutal floral con acordes amaderados  para mujeres desenfrenadas que no temen enfrentarse a nuevos retos  ideal para los d\u00edas de verano  Composici\u00f3n de la fragancia\u00a0  Una de las notas principales de este eau de toilette es cedro siciliano, cuyo aroma invade toda la composici\u00f3n. Al principio se complementa con chispeantes tonos de manzana y campanilla azul. El coraz\u00f3n de la fragancia esconde un ramillete de jazm\u00edn y delicadas rosas blancas que sale a la luz con la frescura del bamb\u00fa. Las notas de embriagadora madera de limonero se entrelazan finalmente con tentadores acordes de \u00e1mbar y almizcle.  \u2705 Pagos 100% Contraentrega. \u2705 Env\u00edo Gratis a toda Colombia. \u2705 Perfumes 100% Originales.\" \/>\n<meta property=\"og:url\" content=\"https:\/\/ouddorperfumes.com\/index.php\/producto\/dolce-gabbana-light-blue-pour-femme-100-ml-original\/\" \/>\n<meta property=\"og:site_name\" content=\"Oud d\u2019Or - L\u2019essence du pouvoir\" \/>\n<meta property=\"article:modified_time\" content=\"2025-10-03T23:12:32+00:00\" \/>\n<meta property=\"og:image\" content=\"https:\/\/ouddorperfumes.com\/wp-content\/uploads\/2025\/07\/oud-18.jpg\" \/>\n\t<meta property=\"og:image:width\" content=\"1102\" \/>\n\t<meta property=\"og:image:height\" content=\"1102\" \/>\n\t<meta property=\"og:image:type\" content=\"image\/jpeg\" \/>\n<meta name=\"twitter:card\" content=\"summary_large_image\" \/>\n<meta name=\"twitter:label1\" content=\"Tiempo de lectura\" \/>\n\t<meta name=\"twitter:data1\" content=\"1 minuto\" \/>\n<script type=\"application\/ld+json\" class=\"yoast-schema-graph\">{\"@context\":\"https:\\\/\\\/schema.org\",\"@graph\":[{\"@type\":\"WebPage\",\"@id\":\"https:\\\/\\\/ouddorperfumes.com\\\/index.php\\\/producto\\\/dolce-gabbana-light-blue-pour-femme-100-ml-original\\\/\",\"url\":\"https:\\\/\\\/ouddorperfumes.com\\\/index.php\\\/producto\\\/dolce-gabbana-light-blue-pour-femme-100-ml-original\\\/\",\"name\":\"Dolce & Gabbana Light Blue Pour Femme 100 ml Original - Oud d\u2019Or - L\u2019essence du pouvoir\",\"isPartOf\":{\"@id\":\"https:\\\/\\\/ouddorperfumes.com\\\/#website\"},\"primaryImageOfPage\":{\"@id\":\"https:\\\/\\\/ouddorperfumes.com\\\/index.php\\\/producto\\\/dolce-gabbana-light-blue-pour-femme-100-ml-original\\\/#primaryimage\"},\"image\":{\"@id\":\"https:\\\/\\\/ouddorperfumes.com\\\/index.php\\\/producto\\\/dolce-gabbana-light-blue-pour-femme-100-ml-original\\\/#primaryimage\"},\"thumbnailUrl\":\"https:\\\/\\\/ouddorperfumes.com\\\/wp-content\\\/uploads\\\/2025\\\/07\\\/oud-18.jpg\",\"datePublished\":\"2025-07-25T02:06:37+00:00\",\"dateModified\":\"2025-10-03T23:12:32+00:00\",\"breadcrumb\":{\"@id\":\"https:\\\/\\\/ouddorperfumes.com\\\/index.php\\\/producto\\\/dolce-gabbana-light-blue-pour-femme-100-ml-original\\\/#breadcrumb\"},\"inLanguage\":\"es\",\"potentialAction\":[{\"@type\":\"ReadAction\",\"target\":[\"https:\\\/\\\/ouddorperfumes.com\\\/index.php\\\/producto\\\/dolce-gabbana-light-blue-pour-femme-100-ml-original\\\/\"]}]},{\"@type\":\"ImageObject\",\"inLanguage\":\"es\",\"@id\":\"https:\\\/\\\/ouddorperfumes.com\\\/index.php\\\/producto\\\/dolce-gabbana-light-blue-pour-femme-100-ml-original\\\/#primaryimage\",\"url\":\"https:\\\/\\\/ouddorperfumes.com\\\/wp-content\\\/uploads\\\/2025\\\/07\\\/oud-18.jpg\",\"contentUrl\":\"https:\\\/\\\/ouddorperfumes.com\\\/wp-content\\\/uploads\\\/2025\\\/07\\\/oud-18.jpg\",\"width\":1102,\"height\":1102},{\"@type\":\"BreadcrumbList\",\"@id\":\"https:\\\/\\\/ouddorperfumes.com\\\/index.php\\\/producto\\\/dolce-gabbana-light-blue-pour-femme-100-ml-original\\\/#breadcrumb\",\"itemListElement\":[{\"@type\":\"ListItem\",\"position\":1,\"name\":\"Portada\",\"item\":\"https:\\\/\\\/ouddorperfumes.com\\\/\"},{\"@type\":\"ListItem\",\"position\":2,\"name\":\"Todos los Perfumes\",\"item\":\"https:\\\/\\\/ouddorperfumes.com\\\/index.php\\\/todos-los-perfumes\\\/\"},{\"@type\":\"ListItem\",\"position\":3,\"name\":\"Dolce &#038; Gabbana Light Blue Pour Femme 100 ml Original\"}]},{\"@type\":\"WebSite\",\"@id\":\"https:\\\/\\\/ouddorperfumes.com\\\/#website\",\"url\":\"https:\\\/\\\/ouddorperfumes.com\\\/\",\"name\":\"Oud d\u2019Or - L\u2019essence du pouvoir\",\"description\":\"Perfumes Arabes 100% Originales\",\"potentialAction\":[{\"@type\":\"SearchAction\",\"target\":{\"@type\":\"EntryPoint\",\"urlTemplate\":\"https:\\\/\\\/ouddorperfumes.com\\\/?s={search_term_string}\"},\"query-input\":{\"@type\":\"PropertyValueSpecification\",\"valueRequired\":true,\"valueName\":\"search_term_string\"}}],\"inLanguage\":\"es\"}]}<\/script>\n<!-- \/ Yoast SEO plugin. -->","yoast_head_json":{"title":"Dolce & Gabbana Light Blue Pour Femme 100 ml Original - Oud d\u2019Or - L\u2019essence du pouvoir","robots":{"index":"index","follow":"follow","max-snippet":"max-snippet:-1","max-image-preview":"max-image-preview:large","max-video-preview":"max-video-preview:-1"},"canonical":"https:\/\/ouddorperfumes.com\/index.php\/producto\/dolce-gabbana-light-blue-pour-femme-100-ml-original\/","og_locale":"es_ES","og_type":"article","og_title":"Dolce & Gabbana Light Blue Pour Femme 100 ml Original - Oud d\u2019Or - L\u2019essence du pouvoir","og_description":"El eau de toilette Dolce &amp; Gabbana Light Blue para mujer, te transportar\u00e1 al instante a las frescas brisas de las playas sicilianas y a sus c\u00e1lidas arenas.   aroma frutal floral con acordes amaderados  para mujeres desenfrenadas que no temen enfrentarse a nuevos retos  ideal para los d\u00edas de verano  Composici\u00f3n de la fragancia\u00a0  Una de las notas principales de este eau de toilette es cedro siciliano, cuyo aroma invade toda la composici\u00f3n. Al principio se complementa con chispeantes tonos de manzana y campanilla azul. El coraz\u00f3n de la fragancia esconde un ramillete de jazm\u00edn y delicadas rosas blancas que sale a la luz con la frescura del bamb\u00fa. Las notas de embriagadora madera de limonero se entrelazan finalmente con tentadores acordes de \u00e1mbar y almizcle.  \u2705 Pagos 100% Contraentrega. \u2705 Env\u00edo Gratis a toda Colombia. \u2705 Perfumes 100% Originales.","og_url":"https:\/\/ouddorperfumes.com\/index.php\/producto\/dolce-gabbana-light-blue-pour-femme-100-ml-original\/","og_site_name":"Oud d\u2019Or - L\u2019essence du pouvoir","article_modified_time":"2025-10-03T23:12:32+00:00","og_image":[{"width":1102,"height":1102,"url":"https:\/\/ouddorperfumes.com\/wp-content\/uploads\/2025\/07\/oud-18.jpg","type":"image\/jpeg"}],"twitter_card":"summary_large_image","twitter_misc":{"Tiempo de lectura":"1 minuto"},"schema":{"@context":"https:\/\/schema.org","@graph":[{"@type":"WebPage","@id":"https:\/\/ouddorperfumes.com\/index.php\/producto\/dolce-gabbana-light-blue-pour-femme-100-ml-original\/","url":"https:\/\/ouddorperfumes.com\/index.php\/producto\/dolce-gabbana-light-blue-pour-femme-100-ml-original\/","name":"Dolce & Gabbana Light Blue Pour Femme 100 ml Original - Oud d\u2019Or - L\u2019essence du pouvoir","isPartOf":{"@id":"https:\/\/ouddorperfumes.com\/#website"},"primaryImageOfPage":{"@id":"https:\/\/ouddorperfumes.com\/index.php\/producto\/dolce-gabbana-light-blue-pour-femme-100-ml-original\/#primaryimage"},"image":{"@id":"https:\/\/ouddorperfumes.com\/index.php\/producto\/dolce-gabbana-light-blue-pour-femme-100-ml-original\/#primaryimage"},"thumbnailUrl":"https:\/\/ouddorperfumes.com\/wp-content\/uploads\/2025\/07\/oud-18.jpg","datePublished":"2025-07-25T02:06:37+00:00","dateModified":"2025-10-03T23:12:32+00:00","breadcrumb":{"@id":"https:\/\/ouddorperfumes.com\/index.php\/producto\/dolce-gabbana-light-blue-pour-femme-100-ml-original\/#breadcrumb"},"inLanguage":"es","potentialAction":[{"@type":"ReadAction","target":["https:\/\/ouddorperfumes.com\/index.php\/producto\/dolce-gabbana-light-blue-pour-femme-100-ml-original\/"]}]},{"@type":"ImageObject","inLanguage":"es","@id":"https:\/\/ouddorperfumes.com\/index.php\/producto\/dolce-gabbana-light-blue-pour-femme-100-ml-original\/#primaryimage","url":"https:\/\/ouddorperfumes.com\/wp-content\/uploads\/2025\/07\/oud-18.jpg","contentUrl":"https:\/\/ouddorperfumes.com\/wp-content\/uploads\/2025\/07\/oud-18.jpg","width":1102,"height":1102},{"@type":"BreadcrumbList","@id":"https:\/\/ouddorperfumes.com\/index.php\/producto\/dolce-gabbana-light-blue-pour-femme-100-ml-original\/#breadcrumb","itemListElement":[{"@type":"ListItem","position":1,"name":"Portada","item":"https:\/\/ouddorperfumes.com\/"},{"@type":"ListItem","position":2,"name":"Todos los Perfumes","item":"https:\/\/ouddorperfumes.com\/index.php\/todos-los-perfumes\/"},{"@type":"ListItem","position":3,"name":"Dolce &#038; Gabbana Light Blue Pour Femme 100 ml Original"}]},{"@type":"WebSite","@id":"https:\/\/ouddorperfumes.com\/#website","url":"https:\/\/ouddorperfumes.com\/","name":"Oud d\u2019Or - L\u2019essence du pouvoir","description":"Perfumes Arabes 100% Originales","potentialAction":[{"@type":"SearchAction","target":{"@type":"EntryPoint","urlTemplate":"https:\/\/ouddorperfumes.com\/?s={search_term_string}"},"query-input":{"@type":"PropertyValueSpecification","valueRequired":true,"valueName":"search_term_string"}}],"inLanguage":"es"}]}},"_links":{"self":[{"href":"https:\/\/ouddorperfumes.com\/index.php\/wp-json\/wp\/v2\/product\/10752","targetHints":{"allow":["GET"]}}],"collection":[{"href":"https:\/\/ouddorperfumes.com\/index.php\/wp-json\/wp\/v2\/product"}],"about":[{"href":"https:\/\/ouddorperfumes.com\/index.php\/wp-json\/wp\/v2\/types\/product"}],"version-history":[{"count":1,"href":"https:\/\/ouddorperfumes.com\/index.php\/wp-json\/wp\/v2\/product\/10752\/revisions"}],"predecessor-version":[{"id":11712,"href":"https:\/\/ouddorperfumes.com\/index.php\/wp-json\/wp\/v2\/product\/10752\/revisions\/11712"}],"wp:featuredmedia":[{"embeddable":true,"href":"https:\/\/ouddorperfumes.com\/index.php\/wp-json\/wp\/v2\/media\/10661"}],"wp:attachment":[{"href":"https:\/\/ouddorperfumes.com\/index.php\/wp-json\/wp\/v2\/media?parent=10752"}],"wp:term":[{"taxonomy":"product_brand","embeddable":true,"href":"https:\/\/ouddorperfumes.com\/index.php\/wp-json\/wp\/v2\/product_brand?post=10752"},{"taxonomy":"product_cat","embeddable":true,"href":"https:\/\/ouddorperfumes.com\/index.php\/wp-json\/wp\/v2\/product_cat?post=10752"},{"taxonomy":"product_tag","embeddable":true,"href":"https:\/\/ouddorperfumes.com\/index.php\/wp-json\/wp\/v2\/product_tag?post=10752"}],"curies":[{"name":"wp","href":"https:\/\/api.w.org\/{rel}","templated":true}]}}