{"id":10754,"date":"2025-07-24T21:07:43","date_gmt":"2025-07-25T02:07:43","guid":{"rendered":"https:\/\/ouddorperfumes.com\/index.php\/producto\/lacoste-red-original-x-125-ml\/"},"modified":"2025-10-03T18:12:00","modified_gmt":"2025-10-03T23:12:00","slug":"lacoste-red-125-ml-original","status":"publish","type":"product","link":"https:\/\/ouddorperfumes.com\/index.php\/producto\/lacoste-red-125-ml-original\/","title":{"rendered":"Lacoste Red 125 ml Original"},"content":{"rendered":"<p>Encara los problemas que te presenta la vida con el eau de toilette para hombre Lacoste Red. No hay duda de que triunfar\u00e1s, porque Lacoste Red es la fragancia de los vencedores. En ella se mezclan lo informal y el desenfreno, que es lo que simboliza el cocodrilo sobre el fondo de color rojo intenso del frasco. Descubre un exclusivo c\u00f3ctel de ingredientes arom\u00e1ticos que conducir\u00e1 a la victoria al hombre que lo lleve.<\/p>\n<ul>\n<li>combinaci\u00f3n de elegancia, estilo deportivo y encanto<\/li>\n<li>frasco de dise\u00f1o sencillo y sofisticado a la vez<\/li>\n<li>para uso diario y eventos nocturnos<\/li>\n<\/ul>\n<p><strong>Composici\u00f3n de la fragancia<\/strong><\/p>\n<p>En las notas iniciales se unen la manzana verde y la preciosa madera de tuya. En las notas de coraz\u00f3n, el pachuli, la p\u00edcea y el cedro a\u00f1aden un toque picante a la fragancia. El enigm\u00e1tico aroma a jazm\u00edn le aporta una sensualidad casi afrodis\u00edaca. Las notas de fondo se componen del vetiver y la encantadora fragancia del almizcle.<\/p>\n","protected":false},"excerpt":{"rendered":"<p>Encara los problemas que te presenta la vida con el eau de toilette para hombre Lacoste Red. No hay duda de que triunfar\u00e1s, porque Lacoste Red es la fragancia de los vencedores. En ella se mezclan lo informal y el desenfreno, que es lo que simboliza el cocodrilo sobre el fondo de color rojo intenso del frasco. Descubre un exclusivo c\u00f3ctel de ingredientes arom\u00e1ticos que conducir\u00e1 a la victoria al hombre que lo lleve.<\/p>\n<ul>\n<li>combinaci\u00f3n de elegancia, estilo deportivo y encanto<\/li>\n<li>frasco de dise\u00f1o sencillo y sofisticado a la vez<\/li>\n<li>para uso diario y eventos nocturnos<\/li>\n<\/ul>\n<p><strong>Composici\u00f3n de la fragancia<\/strong><\/p>\n<p>En las notas iniciales se unen la manzana verde y la preciosa madera de tuya. En las notas de coraz\u00f3n, el pachuli, la p\u00edcea y el cedro a\u00f1aden un toque picante a la fragancia. El enigm\u00e1tico aroma a jazm\u00edn le aporta una sensualidad casi afrodis\u00edaca. Las notas de fondo se componen del vetiver y la encantadora fragancia del almizcle.<\/p>\n<p><span style=\"color: #ff4400;\"><strong>\u2705 <span style=\"color: #d9a569;\">Pagos 100% Contraentrega.<\/span><\/strong><\/span><br \/>\n<span style=\"color: #ff4400;\"><strong>\u2705 <span style=\"color: #d9a569;\">Env\u00edo Gratis a toda Colombia.<\/span><\/strong><\/span><br \/>\n<span style=\"color: #ff4400;\"><strong>\u2705 <span style=\"color: #d9a569;\">Perfumes 100% Originales.<\/span><\/strong><\/span><\/p>\n","protected":false},"featured_media":11137,"template":"","meta":[],"product_brand":[],"product_cat":[198,169,229],"product_tag":[],"class_list":{"0":"post-10754","1":"product","2":"type-product","3":"status-publish","4":"has-post-thumbnail","6":"product_cat-disenador","7":"product_cat-hombre","8":"product_cat-lacoste","10":"first","11":"instock","12":"sale","13":"shipping-taxable","14":"purchasable","15":"product-type-simple"},"yoast_head":"<!-- This site is optimized with the Yoast SEO plugin v27.3 - https:\/\/yoast.com\/product\/yoast-seo-wordpress\/ -->\n<title>Lacoste Red 125 ml Original - Oud d\u2019Or - L\u2019essence du pouvoir<\/title>\n<meta name=\"robots\" content=\"index, follow, max-snippet:-1, max-image-preview:large, max-video-preview:-1\" \/>\n<link rel=\"canonical\" href=\"https:\/\/ouddorperfumes.com\/index.php\/producto\/lacoste-red-125-ml-original\/\" \/>\n<meta property=\"og:locale\" content=\"es_ES\" \/>\n<meta property=\"og:type\" content=\"article\" \/>\n<meta property=\"og:title\" content=\"Lacoste Red 125 ml Original - Oud d\u2019Or - L\u2019essence du pouvoir\" \/>\n<meta property=\"og:description\" content=\"Encara los problemas que te presenta la vida con el eau de toilette para hombre Lacoste Red. No hay duda de que triunfar\u00e1s, porque Lacoste Red es la fragancia de los vencedores. En ella se mezclan lo informal y el desenfreno, que es lo que simboliza el cocodrilo sobre el fondo de color rojo intenso del frasco. Descubre un exclusivo c\u00f3ctel de ingredientes arom\u00e1ticos que conducir\u00e1 a la victoria al hombre que lo lleve.   combinaci\u00f3n de elegancia, estilo deportivo y encanto  frasco de dise\u00f1o sencillo y sofisticado a la vez  para uso diario y eventos nocturnos  Composici\u00f3n de la fragancia  En las notas iniciales se unen la manzana verde y la preciosa madera de tuya. En las notas de coraz\u00f3n, el pachuli, la p\u00edcea y el cedro a\u00f1aden un toque picante a la fragancia. El enigm\u00e1tico aroma a jazm\u00edn le aporta una sensualidad casi afrodis\u00edaca. Las notas de fondo se componen del vetiver y la encantadora fragancia del almizcle.  \u2705 Pagos 100% Contraentrega. \u2705 Env\u00edo Gratis a toda Colombia. \u2705 Perfumes 100% Originales.\" \/>\n<meta property=\"og:url\" content=\"https:\/\/ouddorperfumes.com\/index.php\/producto\/lacoste-red-125-ml-original\/\" \/>\n<meta property=\"og:site_name\" content=\"Oud d\u2019Or - L\u2019essence du pouvoir\" \/>\n<meta property=\"article:modified_time\" content=\"2025-10-03T23:12:00+00:00\" \/>\n<meta property=\"og:image\" content=\"https:\/\/ouddorperfumes.com\/wp-content\/uploads\/2025\/07\/Oud-129-1.jpg\" \/>\n\t<meta property=\"og:image:width\" content=\"1654\" \/>\n\t<meta property=\"og:image:height\" content=\"1654\" \/>\n\t<meta property=\"og:image:type\" content=\"image\/jpeg\" \/>\n<meta name=\"twitter:card\" content=\"summary_large_image\" \/>\n<meta name=\"twitter:label1\" content=\"Tiempo de lectura\" \/>\n\t<meta name=\"twitter:data1\" content=\"1 minuto\" \/>\n<script type=\"application\/ld+json\" class=\"yoast-schema-graph\">{\"@context\":\"https:\\\/\\\/schema.org\",\"@graph\":[{\"@type\":\"WebPage\",\"@id\":\"https:\\\/\\\/ouddorperfumes.com\\\/index.php\\\/producto\\\/lacoste-red-125-ml-original\\\/\",\"url\":\"https:\\\/\\\/ouddorperfumes.com\\\/index.php\\\/producto\\\/lacoste-red-125-ml-original\\\/\",\"name\":\"Lacoste Red 125 ml Original - Oud d\u2019Or - L\u2019essence du pouvoir\",\"isPartOf\":{\"@id\":\"https:\\\/\\\/ouddorperfumes.com\\\/#website\"},\"primaryImageOfPage\":{\"@id\":\"https:\\\/\\\/ouddorperfumes.com\\\/index.php\\\/producto\\\/lacoste-red-125-ml-original\\\/#primaryimage\"},\"image\":{\"@id\":\"https:\\\/\\\/ouddorperfumes.com\\\/index.php\\\/producto\\\/lacoste-red-125-ml-original\\\/#primaryimage\"},\"thumbnailUrl\":\"https:\\\/\\\/ouddorperfumes.com\\\/wp-content\\\/uploads\\\/2025\\\/07\\\/Oud-129-1.jpg\",\"datePublished\":\"2025-07-25T02:07:43+00:00\",\"dateModified\":\"2025-10-03T23:12:00+00:00\",\"breadcrumb\":{\"@id\":\"https:\\\/\\\/ouddorperfumes.com\\\/index.php\\\/producto\\\/lacoste-red-125-ml-original\\\/#breadcrumb\"},\"inLanguage\":\"es\",\"potentialAction\":[{\"@type\":\"ReadAction\",\"target\":[\"https:\\\/\\\/ouddorperfumes.com\\\/index.php\\\/producto\\\/lacoste-red-125-ml-original\\\/\"]}]},{\"@type\":\"ImageObject\",\"inLanguage\":\"es\",\"@id\":\"https:\\\/\\\/ouddorperfumes.com\\\/index.php\\\/producto\\\/lacoste-red-125-ml-original\\\/#primaryimage\",\"url\":\"https:\\\/\\\/ouddorperfumes.com\\\/wp-content\\\/uploads\\\/2025\\\/07\\\/Oud-129-1.jpg\",\"contentUrl\":\"https:\\\/\\\/ouddorperfumes.com\\\/wp-content\\\/uploads\\\/2025\\\/07\\\/Oud-129-1.jpg\",\"width\":1654,\"height\":1654},{\"@type\":\"BreadcrumbList\",\"@id\":\"https:\\\/\\\/ouddorperfumes.com\\\/index.php\\\/producto\\\/lacoste-red-125-ml-original\\\/#breadcrumb\",\"itemListElement\":[{\"@type\":\"ListItem\",\"position\":1,\"name\":\"Portada\",\"item\":\"https:\\\/\\\/ouddorperfumes.com\\\/\"},{\"@type\":\"ListItem\",\"position\":2,\"name\":\"Todos los Perfumes\",\"item\":\"https:\\\/\\\/ouddorperfumes.com\\\/index.php\\\/todos-los-perfumes\\\/\"},{\"@type\":\"ListItem\",\"position\":3,\"name\":\"Lacoste Red 125 ml Original\"}]},{\"@type\":\"WebSite\",\"@id\":\"https:\\\/\\\/ouddorperfumes.com\\\/#website\",\"url\":\"https:\\\/\\\/ouddorperfumes.com\\\/\",\"name\":\"Oud d\u2019Or - L\u2019essence du pouvoir\",\"description\":\"Perfumes Arabes 100% Originales\",\"potentialAction\":[{\"@type\":\"SearchAction\",\"target\":{\"@type\":\"EntryPoint\",\"urlTemplate\":\"https:\\\/\\\/ouddorperfumes.com\\\/?s={search_term_string}\"},\"query-input\":{\"@type\":\"PropertyValueSpecification\",\"valueRequired\":true,\"valueName\":\"search_term_string\"}}],\"inLanguage\":\"es\"}]}<\/script>\n<!-- \/ Yoast SEO plugin. -->","yoast_head_json":{"title":"Lacoste Red 125 ml Original - Oud d\u2019Or - L\u2019essence du pouvoir","robots":{"index":"index","follow":"follow","max-snippet":"max-snippet:-1","max-image-preview":"max-image-preview:large","max-video-preview":"max-video-preview:-1"},"canonical":"https:\/\/ouddorperfumes.com\/index.php\/producto\/lacoste-red-125-ml-original\/","og_locale":"es_ES","og_type":"article","og_title":"Lacoste Red 125 ml Original - Oud d\u2019Or - L\u2019essence du pouvoir","og_description":"Encara los problemas que te presenta la vida con el eau de toilette para hombre Lacoste Red. No hay duda de que triunfar\u00e1s, porque Lacoste Red es la fragancia de los vencedores. En ella se mezclan lo informal y el desenfreno, que es lo que simboliza el cocodrilo sobre el fondo de color rojo intenso del frasco. Descubre un exclusivo c\u00f3ctel de ingredientes arom\u00e1ticos que conducir\u00e1 a la victoria al hombre que lo lleve.   combinaci\u00f3n de elegancia, estilo deportivo y encanto  frasco de dise\u00f1o sencillo y sofisticado a la vez  para uso diario y eventos nocturnos  Composici\u00f3n de la fragancia  En las notas iniciales se unen la manzana verde y la preciosa madera de tuya. En las notas de coraz\u00f3n, el pachuli, la p\u00edcea y el cedro a\u00f1aden un toque picante a la fragancia. El enigm\u00e1tico aroma a jazm\u00edn le aporta una sensualidad casi afrodis\u00edaca. Las notas de fondo se componen del vetiver y la encantadora fragancia del almizcle.  \u2705 Pagos 100% Contraentrega. \u2705 Env\u00edo Gratis a toda Colombia. \u2705 Perfumes 100% Originales.","og_url":"https:\/\/ouddorperfumes.com\/index.php\/producto\/lacoste-red-125-ml-original\/","og_site_name":"Oud d\u2019Or - L\u2019essence du pouvoir","article_modified_time":"2025-10-03T23:12:00+00:00","og_image":[{"width":1654,"height":1654,"url":"https:\/\/ouddorperfumes.com\/wp-content\/uploads\/2025\/07\/Oud-129-1.jpg","type":"image\/jpeg"}],"twitter_card":"summary_large_image","twitter_misc":{"Tiempo de lectura":"1 minuto"},"schema":{"@context":"https:\/\/schema.org","@graph":[{"@type":"WebPage","@id":"https:\/\/ouddorperfumes.com\/index.php\/producto\/lacoste-red-125-ml-original\/","url":"https:\/\/ouddorperfumes.com\/index.php\/producto\/lacoste-red-125-ml-original\/","name":"Lacoste Red 125 ml Original - Oud d\u2019Or - L\u2019essence du pouvoir","isPartOf":{"@id":"https:\/\/ouddorperfumes.com\/#website"},"primaryImageOfPage":{"@id":"https:\/\/ouddorperfumes.com\/index.php\/producto\/lacoste-red-125-ml-original\/#primaryimage"},"image":{"@id":"https:\/\/ouddorperfumes.com\/index.php\/producto\/lacoste-red-125-ml-original\/#primaryimage"},"thumbnailUrl":"https:\/\/ouddorperfumes.com\/wp-content\/uploads\/2025\/07\/Oud-129-1.jpg","datePublished":"2025-07-25T02:07:43+00:00","dateModified":"2025-10-03T23:12:00+00:00","breadcrumb":{"@id":"https:\/\/ouddorperfumes.com\/index.php\/producto\/lacoste-red-125-ml-original\/#breadcrumb"},"inLanguage":"es","potentialAction":[{"@type":"ReadAction","target":["https:\/\/ouddorperfumes.com\/index.php\/producto\/lacoste-red-125-ml-original\/"]}]},{"@type":"ImageObject","inLanguage":"es","@id":"https:\/\/ouddorperfumes.com\/index.php\/producto\/lacoste-red-125-ml-original\/#primaryimage","url":"https:\/\/ouddorperfumes.com\/wp-content\/uploads\/2025\/07\/Oud-129-1.jpg","contentUrl":"https:\/\/ouddorperfumes.com\/wp-content\/uploads\/2025\/07\/Oud-129-1.jpg","width":1654,"height":1654},{"@type":"BreadcrumbList","@id":"https:\/\/ouddorperfumes.com\/index.php\/producto\/lacoste-red-125-ml-original\/#breadcrumb","itemListElement":[{"@type":"ListItem","position":1,"name":"Portada","item":"https:\/\/ouddorperfumes.com\/"},{"@type":"ListItem","position":2,"name":"Todos los Perfumes","item":"https:\/\/ouddorperfumes.com\/index.php\/todos-los-perfumes\/"},{"@type":"ListItem","position":3,"name":"Lacoste Red 125 ml Original"}]},{"@type":"WebSite","@id":"https:\/\/ouddorperfumes.com\/#website","url":"https:\/\/ouddorperfumes.com\/","name":"Oud d\u2019Or - L\u2019essence du pouvoir","description":"Perfumes Arabes 100% Originales","potentialAction":[{"@type":"SearchAction","target":{"@type":"EntryPoint","urlTemplate":"https:\/\/ouddorperfumes.com\/?s={search_term_string}"},"query-input":{"@type":"PropertyValueSpecification","valueRequired":true,"valueName":"search_term_string"}}],"inLanguage":"es"}]}},"_links":{"self":[{"href":"https:\/\/ouddorperfumes.com\/index.php\/wp-json\/wp\/v2\/product\/10754","targetHints":{"allow":["GET"]}}],"collection":[{"href":"https:\/\/ouddorperfumes.com\/index.php\/wp-json\/wp\/v2\/product"}],"about":[{"href":"https:\/\/ouddorperfumes.com\/index.php\/wp-json\/wp\/v2\/types\/product"}],"version-history":[{"count":1,"href":"https:\/\/ouddorperfumes.com\/index.php\/wp-json\/wp\/v2\/product\/10754\/revisions"}],"predecessor-version":[{"id":11710,"href":"https:\/\/ouddorperfumes.com\/index.php\/wp-json\/wp\/v2\/product\/10754\/revisions\/11710"}],"wp:featuredmedia":[{"embeddable":true,"href":"https:\/\/ouddorperfumes.com\/index.php\/wp-json\/wp\/v2\/media\/11137"}],"wp:attachment":[{"href":"https:\/\/ouddorperfumes.com\/index.php\/wp-json\/wp\/v2\/media?parent=10754"}],"wp:term":[{"taxonomy":"product_brand","embeddable":true,"href":"https:\/\/ouddorperfumes.com\/index.php\/wp-json\/wp\/v2\/product_brand?post=10754"},{"taxonomy":"product_cat","embeddable":true,"href":"https:\/\/ouddorperfumes.com\/index.php\/wp-json\/wp\/v2\/product_cat?post=10754"},{"taxonomy":"product_tag","embeddable":true,"href":"https:\/\/ouddorperfumes.com\/index.php\/wp-json\/wp\/v2\/product_tag?post=10754"}],"curies":[{"name":"wp","href":"https:\/\/api.w.org\/{rel}","templated":true}]}}