{"id":10760,"date":"2025-07-24T21:11:11","date_gmt":"2025-07-25T02:11:11","guid":{"rendered":"https:\/\/ouddorperfumes.com\/index.php\/producto\/hugo-boss-unlimited-original-x-200-ml\/"},"modified":"2025-10-03T17:29:38","modified_gmt":"2025-10-03T22:29:38","slug":"hugo-boss-unlimited-200-ml-original","status":"publish","type":"product","link":"https:\/\/ouddorperfumes.com\/index.php\/producto\/hugo-boss-unlimited-200-ml-original\/","title":{"rendered":"Hugo Boss Unlimited 200 ml Original"},"content":{"rendered":"<p>El eau de toilette para hombre Hugo Boss Boss Bottled Unlimited te ayudar\u00e1 a descubrir tu potencial desconocido. Disfruta de una experiencia arom\u00e1tica infinita, gracias a la cual ser\u00e1s imparable.<\/p>\n<ul>\n<li>fragancia foug\u00e8re fresca y arom\u00e1tica<\/li>\n<li>para hombres modernos y en\u00e9rgicos<\/li>\n<li>ideal tanto para el d\u00eda a d\u00eda como para las ocasiones especiales<\/li>\n<\/ul>\n<p><strong>Composici\u00f3n de la fragancia<\/strong><\/p>\n<p>La fragancia comienza con unas notas intensas de menta que despertar\u00e1n en ti una ferocidad extrema y un deseo desenfrenado de vivir. Al instante descubrir\u00e1s c\u00f3mo es el frescor natural en tu propio cuerpo. Las notas de coraz\u00f3n del eau de toilette Boss Bottled Unlimited est\u00e1n formadas por la combinaci\u00f3n de jugosa pi\u00f1a, rosa y c\u00e1lida canela. Precisamente este original tr\u00edo har\u00e1 que la fragancia sea tan atractiva y sugerente. Toda la composici\u00f3n se asienta sobre unas notas de fondo de almizcle blanco, madera de s\u00e1ndalo y jara del l\u00e1dano.<\/p>\n<p><strong>Historia detr\u00e1s de la fragancia<\/strong><\/p>\n<p>Boss Bottled Unlimited est\u00e1 hecho para todos los hombres que han decidido no dejarse atrapar. Si comienzas tu d\u00eda con la fragancia Unlimited, no existir\u00e1 ning\u00fan l\u00edmite para ti. En el frasco blanco se esconde el est\u00edmulo de cada hombre moderno, siempre preparado para aportar una dosis considerable de energ\u00eda e impulso.<\/p>\n","protected":false},"excerpt":{"rendered":"<p>El eau de toilette para hombre Hugo Boss Boss Bottled Unlimited te ayudar\u00e1 a descubrir tu potencial desconocido. Disfruta de una experiencia arom\u00e1tica infinita, gracias a la cual ser\u00e1s imparable.<\/p>\n<ul>\n<li>fragancia foug\u00e8re fresca y arom\u00e1tica<\/li>\n<li>para hombres modernos y en\u00e9rgicos<\/li>\n<li>ideal tanto para el d\u00eda a d\u00eda como para las ocasiones especiales<\/li>\n<\/ul>\n<p><strong>Composici\u00f3n de la fragancia<\/strong><\/p>\n<p>La fragancia comienza con unas notas intensas de menta que despertar\u00e1n en ti una ferocidad extrema y un deseo desenfrenado de vivir. Al instante descubrir\u00e1s c\u00f3mo es el frescor natural en tu propio cuerpo. Las notas de coraz\u00f3n del eau de toilette Boss Bottled Unlimited est\u00e1n formadas por la combinaci\u00f3n de jugosa pi\u00f1a, rosa y c\u00e1lida canela. Precisamente este original tr\u00edo har\u00e1 que la fragancia sea tan atractiva y sugerente. Toda la composici\u00f3n se asienta sobre unas notas de fondo de almizcle blanco, madera de s\u00e1ndalo y jara del l\u00e1dano.<\/p>\n<p><strong>Historia detr\u00e1s de la fragancia<\/strong><\/p>\n<p>Boss Bottled Unlimited est\u00e1 hecho para todos los hombres que han decidido no dejarse atrapar. Si comienzas tu d\u00eda con la fragancia Unlimited, no existir\u00e1 ning\u00fan l\u00edmite para ti. En el frasco blanco se esconde el est\u00edmulo de cada hombre moderno, siempre preparado para aportar una dosis considerable de energ\u00eda e impulso.<\/p>\n<p><span style=\"color: #ff4400;\"><strong>\u2705 <span style=\"color: #d9a569;\">Pagos 100% Contraentrega.<\/span><\/strong><\/span><br \/>\n<span style=\"color: #ff4400;\"><strong>\u2705 <span style=\"color: #d9a569;\">Env\u00edo Gratis a toda Colombia.<\/span><\/strong><\/span><br \/>\n<span style=\"color: #ff4400;\"><strong>\u2705 <span style=\"color: #d9a569;\">Perfumes 100% Originales.<\/span><\/strong><\/span><\/p>\n","protected":false},"featured_media":10645,"template":"","meta":[],"product_brand":[],"product_cat":[198,169,230],"product_tag":[],"class_list":{"0":"post-10760","1":"product","2":"type-product","3":"status-publish","4":"has-post-thumbnail","6":"product_cat-disenador","7":"product_cat-hombre","8":"product_cat-hugo-boss","10":"first","11":"instock","12":"sale","13":"shipping-taxable","14":"purchasable","15":"product-type-simple"},"yoast_head":"<!-- This site is optimized with the Yoast SEO plugin v27.3 - https:\/\/yoast.com\/product\/yoast-seo-wordpress\/ -->\n<title>Hugo Boss Unlimited 200 ml Original - Oud d\u2019Or - L\u2019essence du pouvoir<\/title>\n<meta name=\"robots\" content=\"index, follow, max-snippet:-1, max-image-preview:large, max-video-preview:-1\" \/>\n<link rel=\"canonical\" href=\"https:\/\/ouddorperfumes.com\/index.php\/producto\/hugo-boss-unlimited-200-ml-original\/\" \/>\n<meta property=\"og:locale\" content=\"es_ES\" \/>\n<meta property=\"og:type\" content=\"article\" \/>\n<meta property=\"og:title\" content=\"Hugo Boss Unlimited 200 ml Original - Oud d\u2019Or - L\u2019essence du pouvoir\" \/>\n<meta property=\"og:description\" content=\"El eau de toilette para hombre Hugo Boss Boss Bottled Unlimited te ayudar\u00e1 a descubrir tu potencial desconocido. Disfruta de una experiencia arom\u00e1tica infinita, gracias a la cual ser\u00e1s imparable.   fragancia foug\u00e8re fresca y arom\u00e1tica  para hombres modernos y en\u00e9rgicos  ideal tanto para el d\u00eda a d\u00eda como para las ocasiones especiales  Composici\u00f3n de la fragancia  La fragancia comienza con unas notas intensas de menta que despertar\u00e1n en ti una ferocidad extrema y un deseo desenfrenado de vivir. Al instante descubrir\u00e1s c\u00f3mo es el frescor natural en tu propio cuerpo. Las notas de coraz\u00f3n del eau de toilette Boss Bottled Unlimited est\u00e1n formadas por la combinaci\u00f3n de jugosa pi\u00f1a, rosa y c\u00e1lida canela. Precisamente este original tr\u00edo har\u00e1 que la fragancia sea tan atractiva y sugerente. Toda la composici\u00f3n se asienta sobre unas notas de fondo de almizcle blanco, madera de s\u00e1ndalo y jara del l\u00e1dano.  Historia detr\u00e1s de la fragancia  Boss Bottled Unlimited est\u00e1 hecho para todos los hombres que han decidido no dejarse atrapar. Si comienzas tu d\u00eda con la fragancia Unlimited, no existir\u00e1 ning\u00fan l\u00edmite para ti. En el frasco blanco se esconde el est\u00edmulo de cada hombre moderno, siempre preparado para aportar una dosis considerable de energ\u00eda e impulso.  \u2705 Pagos 100% Contraentrega. \u2705 Env\u00edo Gratis a toda Colombia. \u2705 Perfumes 100% Originales.\" \/>\n<meta property=\"og:url\" content=\"https:\/\/ouddorperfumes.com\/index.php\/producto\/hugo-boss-unlimited-200-ml-original\/\" \/>\n<meta property=\"og:site_name\" content=\"Oud d\u2019Or - L\u2019essence du pouvoir\" \/>\n<meta property=\"article:modified_time\" content=\"2025-10-03T22:29:38+00:00\" \/>\n<meta property=\"og:image\" content=\"https:\/\/ouddorperfumes.com\/wp-content\/uploads\/2025\/07\/oud-2.jpg\" \/>\n\t<meta property=\"og:image:width\" content=\"1102\" \/>\n\t<meta property=\"og:image:height\" content=\"1102\" \/>\n\t<meta property=\"og:image:type\" content=\"image\/jpeg\" \/>\n<meta name=\"twitter:card\" content=\"summary_large_image\" \/>\n<meta name=\"twitter:label1\" content=\"Tiempo de lectura\" \/>\n\t<meta name=\"twitter:data1\" content=\"2 minutos\" \/>\n<script type=\"application\/ld+json\" class=\"yoast-schema-graph\">{\"@context\":\"https:\\\/\\\/schema.org\",\"@graph\":[{\"@type\":\"WebPage\",\"@id\":\"https:\\\/\\\/ouddorperfumes.com\\\/index.php\\\/producto\\\/hugo-boss-unlimited-200-ml-original\\\/\",\"url\":\"https:\\\/\\\/ouddorperfumes.com\\\/index.php\\\/producto\\\/hugo-boss-unlimited-200-ml-original\\\/\",\"name\":\"Hugo Boss Unlimited 200 ml Original - Oud d\u2019Or - L\u2019essence du pouvoir\",\"isPartOf\":{\"@id\":\"https:\\\/\\\/ouddorperfumes.com\\\/#website\"},\"primaryImageOfPage\":{\"@id\":\"https:\\\/\\\/ouddorperfumes.com\\\/index.php\\\/producto\\\/hugo-boss-unlimited-200-ml-original\\\/#primaryimage\"},\"image\":{\"@id\":\"https:\\\/\\\/ouddorperfumes.com\\\/index.php\\\/producto\\\/hugo-boss-unlimited-200-ml-original\\\/#primaryimage\"},\"thumbnailUrl\":\"https:\\\/\\\/ouddorperfumes.com\\\/wp-content\\\/uploads\\\/2025\\\/07\\\/oud-2.jpg\",\"datePublished\":\"2025-07-25T02:11:11+00:00\",\"dateModified\":\"2025-10-03T22:29:38+00:00\",\"breadcrumb\":{\"@id\":\"https:\\\/\\\/ouddorperfumes.com\\\/index.php\\\/producto\\\/hugo-boss-unlimited-200-ml-original\\\/#breadcrumb\"},\"inLanguage\":\"es\",\"potentialAction\":[{\"@type\":\"ReadAction\",\"target\":[\"https:\\\/\\\/ouddorperfumes.com\\\/index.php\\\/producto\\\/hugo-boss-unlimited-200-ml-original\\\/\"]}]},{\"@type\":\"ImageObject\",\"inLanguage\":\"es\",\"@id\":\"https:\\\/\\\/ouddorperfumes.com\\\/index.php\\\/producto\\\/hugo-boss-unlimited-200-ml-original\\\/#primaryimage\",\"url\":\"https:\\\/\\\/ouddorperfumes.com\\\/wp-content\\\/uploads\\\/2025\\\/07\\\/oud-2.jpg\",\"contentUrl\":\"https:\\\/\\\/ouddorperfumes.com\\\/wp-content\\\/uploads\\\/2025\\\/07\\\/oud-2.jpg\",\"width\":1102,\"height\":1102},{\"@type\":\"BreadcrumbList\",\"@id\":\"https:\\\/\\\/ouddorperfumes.com\\\/index.php\\\/producto\\\/hugo-boss-unlimited-200-ml-original\\\/#breadcrumb\",\"itemListElement\":[{\"@type\":\"ListItem\",\"position\":1,\"name\":\"Portada\",\"item\":\"https:\\\/\\\/ouddorperfumes.com\\\/\"},{\"@type\":\"ListItem\",\"position\":2,\"name\":\"Todos los Perfumes\",\"item\":\"https:\\\/\\\/ouddorperfumes.com\\\/index.php\\\/todos-los-perfumes\\\/\"},{\"@type\":\"ListItem\",\"position\":3,\"name\":\"Hugo Boss Unlimited 200 ml Original\"}]},{\"@type\":\"WebSite\",\"@id\":\"https:\\\/\\\/ouddorperfumes.com\\\/#website\",\"url\":\"https:\\\/\\\/ouddorperfumes.com\\\/\",\"name\":\"Oud d\u2019Or - L\u2019essence du pouvoir\",\"description\":\"Perfumes Arabes 100% Originales\",\"potentialAction\":[{\"@type\":\"SearchAction\",\"target\":{\"@type\":\"EntryPoint\",\"urlTemplate\":\"https:\\\/\\\/ouddorperfumes.com\\\/?s={search_term_string}\"},\"query-input\":{\"@type\":\"PropertyValueSpecification\",\"valueRequired\":true,\"valueName\":\"search_term_string\"}}],\"inLanguage\":\"es\"}]}<\/script>\n<!-- \/ Yoast SEO plugin. -->","yoast_head_json":{"title":"Hugo Boss Unlimited 200 ml Original - Oud d\u2019Or - L\u2019essence du pouvoir","robots":{"index":"index","follow":"follow","max-snippet":"max-snippet:-1","max-image-preview":"max-image-preview:large","max-video-preview":"max-video-preview:-1"},"canonical":"https:\/\/ouddorperfumes.com\/index.php\/producto\/hugo-boss-unlimited-200-ml-original\/","og_locale":"es_ES","og_type":"article","og_title":"Hugo Boss Unlimited 200 ml Original - Oud d\u2019Or - L\u2019essence du pouvoir","og_description":"El eau de toilette para hombre Hugo Boss Boss Bottled Unlimited te ayudar\u00e1 a descubrir tu potencial desconocido. Disfruta de una experiencia arom\u00e1tica infinita, gracias a la cual ser\u00e1s imparable.   fragancia foug\u00e8re fresca y arom\u00e1tica  para hombres modernos y en\u00e9rgicos  ideal tanto para el d\u00eda a d\u00eda como para las ocasiones especiales  Composici\u00f3n de la fragancia  La fragancia comienza con unas notas intensas de menta que despertar\u00e1n en ti una ferocidad extrema y un deseo desenfrenado de vivir. Al instante descubrir\u00e1s c\u00f3mo es el frescor natural en tu propio cuerpo. Las notas de coraz\u00f3n del eau de toilette Boss Bottled Unlimited est\u00e1n formadas por la combinaci\u00f3n de jugosa pi\u00f1a, rosa y c\u00e1lida canela. Precisamente este original tr\u00edo har\u00e1 que la fragancia sea tan atractiva y sugerente. Toda la composici\u00f3n se asienta sobre unas notas de fondo de almizcle blanco, madera de s\u00e1ndalo y jara del l\u00e1dano.  Historia detr\u00e1s de la fragancia  Boss Bottled Unlimited est\u00e1 hecho para todos los hombres que han decidido no dejarse atrapar. Si comienzas tu d\u00eda con la fragancia Unlimited, no existir\u00e1 ning\u00fan l\u00edmite para ti. En el frasco blanco se esconde el est\u00edmulo de cada hombre moderno, siempre preparado para aportar una dosis considerable de energ\u00eda e impulso.  \u2705 Pagos 100% Contraentrega. \u2705 Env\u00edo Gratis a toda Colombia. \u2705 Perfumes 100% Originales.","og_url":"https:\/\/ouddorperfumes.com\/index.php\/producto\/hugo-boss-unlimited-200-ml-original\/","og_site_name":"Oud d\u2019Or - L\u2019essence du pouvoir","article_modified_time":"2025-10-03T22:29:38+00:00","og_image":[{"width":1102,"height":1102,"url":"https:\/\/ouddorperfumes.com\/wp-content\/uploads\/2025\/07\/oud-2.jpg","type":"image\/jpeg"}],"twitter_card":"summary_large_image","twitter_misc":{"Tiempo de lectura":"2 minutos"},"schema":{"@context":"https:\/\/schema.org","@graph":[{"@type":"WebPage","@id":"https:\/\/ouddorperfumes.com\/index.php\/producto\/hugo-boss-unlimited-200-ml-original\/","url":"https:\/\/ouddorperfumes.com\/index.php\/producto\/hugo-boss-unlimited-200-ml-original\/","name":"Hugo Boss Unlimited 200 ml Original - Oud d\u2019Or - L\u2019essence du pouvoir","isPartOf":{"@id":"https:\/\/ouddorperfumes.com\/#website"},"primaryImageOfPage":{"@id":"https:\/\/ouddorperfumes.com\/index.php\/producto\/hugo-boss-unlimited-200-ml-original\/#primaryimage"},"image":{"@id":"https:\/\/ouddorperfumes.com\/index.php\/producto\/hugo-boss-unlimited-200-ml-original\/#primaryimage"},"thumbnailUrl":"https:\/\/ouddorperfumes.com\/wp-content\/uploads\/2025\/07\/oud-2.jpg","datePublished":"2025-07-25T02:11:11+00:00","dateModified":"2025-10-03T22:29:38+00:00","breadcrumb":{"@id":"https:\/\/ouddorperfumes.com\/index.php\/producto\/hugo-boss-unlimited-200-ml-original\/#breadcrumb"},"inLanguage":"es","potentialAction":[{"@type":"ReadAction","target":["https:\/\/ouddorperfumes.com\/index.php\/producto\/hugo-boss-unlimited-200-ml-original\/"]}]},{"@type":"ImageObject","inLanguage":"es","@id":"https:\/\/ouddorperfumes.com\/index.php\/producto\/hugo-boss-unlimited-200-ml-original\/#primaryimage","url":"https:\/\/ouddorperfumes.com\/wp-content\/uploads\/2025\/07\/oud-2.jpg","contentUrl":"https:\/\/ouddorperfumes.com\/wp-content\/uploads\/2025\/07\/oud-2.jpg","width":1102,"height":1102},{"@type":"BreadcrumbList","@id":"https:\/\/ouddorperfumes.com\/index.php\/producto\/hugo-boss-unlimited-200-ml-original\/#breadcrumb","itemListElement":[{"@type":"ListItem","position":1,"name":"Portada","item":"https:\/\/ouddorperfumes.com\/"},{"@type":"ListItem","position":2,"name":"Todos los Perfumes","item":"https:\/\/ouddorperfumes.com\/index.php\/todos-los-perfumes\/"},{"@type":"ListItem","position":3,"name":"Hugo Boss Unlimited 200 ml Original"}]},{"@type":"WebSite","@id":"https:\/\/ouddorperfumes.com\/#website","url":"https:\/\/ouddorperfumes.com\/","name":"Oud d\u2019Or - L\u2019essence du pouvoir","description":"Perfumes Arabes 100% Originales","potentialAction":[{"@type":"SearchAction","target":{"@type":"EntryPoint","urlTemplate":"https:\/\/ouddorperfumes.com\/?s={search_term_string}"},"query-input":{"@type":"PropertyValueSpecification","valueRequired":true,"valueName":"search_term_string"}}],"inLanguage":"es"}]}},"_links":{"self":[{"href":"https:\/\/ouddorperfumes.com\/index.php\/wp-json\/wp\/v2\/product\/10760","targetHints":{"allow":["GET"]}}],"collection":[{"href":"https:\/\/ouddorperfumes.com\/index.php\/wp-json\/wp\/v2\/product"}],"about":[{"href":"https:\/\/ouddorperfumes.com\/index.php\/wp-json\/wp\/v2\/types\/product"}],"version-history":[{"count":1,"href":"https:\/\/ouddorperfumes.com\/index.php\/wp-json\/wp\/v2\/product\/10760\/revisions"}],"predecessor-version":[{"id":11704,"href":"https:\/\/ouddorperfumes.com\/index.php\/wp-json\/wp\/v2\/product\/10760\/revisions\/11704"}],"wp:featuredmedia":[{"embeddable":true,"href":"https:\/\/ouddorperfumes.com\/index.php\/wp-json\/wp\/v2\/media\/10645"}],"wp:attachment":[{"href":"https:\/\/ouddorperfumes.com\/index.php\/wp-json\/wp\/v2\/media?parent=10760"}],"wp:term":[{"taxonomy":"product_brand","embeddable":true,"href":"https:\/\/ouddorperfumes.com\/index.php\/wp-json\/wp\/v2\/product_brand?post=10760"},{"taxonomy":"product_cat","embeddable":true,"href":"https:\/\/ouddorperfumes.com\/index.php\/wp-json\/wp\/v2\/product_cat?post=10760"},{"taxonomy":"product_tag","embeddable":true,"href":"https:\/\/ouddorperfumes.com\/index.php\/wp-json\/wp\/v2\/product_tag?post=10760"}],"curies":[{"name":"wp","href":"https:\/\/api.w.org\/{rel}","templated":true}]}}