{"id":10772,"date":"2025-07-24T21:20:04","date_gmt":"2025-07-25T02:20:04","guid":{"rendered":"https:\/\/ouddorperfumes.com\/index.php\/producto\/moschino-toy-boy-x-100-ml-original\/"},"modified":"2025-10-03T17:21:08","modified_gmt":"2025-10-03T22:21:08","slug":"moschino-toy-boy-100-ml-original","status":"publish","type":"product","link":"https:\/\/ouddorperfumes.com\/index.php\/producto\/moschino-toy-boy-100-ml-original\/","title":{"rendered":"Moschino Toy Boy 100 ml Original"},"content":{"rendered":"<p>Como el juego emocionante e interminable de descubrir la libertad, as\u00ed es el eau de parfum para hombre Moschino Toy Boy. Su aroma intenso y din\u00e1mico te ofrece elegancia masculina con un ligero toque de iron\u00eda.<\/p>\n<ul>\n<li>fragancia especiada y amaderada<\/li>\n<li>para hombres apasionados y divertidos<\/li>\n<li>lanzada al mercado en el a\u00f1o 2019<\/li>\n<\/ul>\n<p><strong>Composici\u00f3n de la fragancia<br \/>\n<\/strong>Las notas superiores te refrescar\u00e1n gratamente con las esencias de bergamota italiana y jugosa pera. La contrastante calidez la crea el clavo, combinado con la madera de elemi y la nuez moscada. En las notas intermedias se van percibiendo paulatinamente la encantadora magnolia, el lino y la rosa, acompa\u00f1ados por las notas de cashmeran. El cierre masculino corre a cargo del vetiver de Hait\u00ed, el ambermax y el almizclado sylkolide.<\/p>\n<p><strong>Historia de la fragancia<\/strong><br \/>\nToy Boy es la primera fragancia para hombre creada para Moschino por el creativo dise\u00f1ador y director Jeremy Scott. Como frasco de la fragancia se eligi\u00f3 de nuevo el legendario oso de Moschino, que en esta ocasi\u00f3n se ha cubierto con un esmalte opaco de color negro. El modelo brasile\u00f1o Jhona Burjack se convirti\u00f3 en el rostro de la campa\u00f1a.<\/p>\n","protected":false},"excerpt":{"rendered":"<p>Como el juego emocionante e interminable de descubrir la libertad, as\u00ed es el eau de parfum para hombre Moschino Toy Boy. Su aroma intenso y din\u00e1mico te ofrece elegancia masculina con un ligero toque de iron\u00eda.<\/p>\n<ul>\n<li>fragancia especiada y amaderada<\/li>\n<li>para hombres apasionados y divertidos<\/li>\n<li>lanzada al mercado en el a\u00f1o 2019<\/li>\n<\/ul>\n<p><strong>Composici\u00f3n de la fragancia<br \/>\n<\/strong>Las notas superiores te refrescar\u00e1n gratamente con las esencias de bergamota italiana y jugosa pera. La contrastante calidez la crea el clavo, combinado con la madera de elemi y la nuez moscada. En las notas intermedias se van percibiendo paulatinamente la encantadora magnolia, el lino y la rosa, acompa\u00f1ados por las notas de cashmeran. El cierre masculino corre a cargo del vetiver de Hait\u00ed, el ambermax y el almizclado sylkolide.<\/p>\n<p><strong>Historia de la fragancia<\/strong><br \/>\nToy Boy es la primera fragancia para hombre creada para Moschino por el creativo dise\u00f1ador y director Jeremy Scott. Como frasco de la fragancia se eligi\u00f3 de nuevo el legendario oso de Moschino, que en esta ocasi\u00f3n se ha cubierto con un esmalte opaco de color negro. El modelo brasile\u00f1o Jhona Burjack se convirti\u00f3 en el rostro de la campa\u00f1a.<\/p>\n<p><span style=\"color: #ff4400;\"><strong>\u2705 <span style=\"color: #d9a569;\">Pagos 100% Contraentrega.<\/span><\/strong><\/span><br \/>\n<span style=\"color: #ff4400;\"><strong>\u2705 <span style=\"color: #d9a569;\">Env\u00edo Gratis a toda Colombia.<\/span><\/strong><\/span><br \/>\n<span style=\"color: #ff4400;\"><strong>\u2705 <span style=\"color: #d9a569;\">Perfumes 100% Originales.<\/span><\/strong><\/span><\/p>\n","protected":false},"featured_media":11097,"template":"","meta":[],"product_brand":[],"product_cat":[198,169,219],"product_tag":[],"class_list":{"0":"post-10772","1":"product","2":"type-product","3":"status-publish","4":"has-post-thumbnail","6":"product_cat-disenador","7":"product_cat-hombre","8":"product_cat-moschino","10":"first","11":"instock","12":"sale","13":"shipping-taxable","14":"purchasable","15":"product-type-simple"},"yoast_head":"<!-- This site is optimized with the Yoast SEO plugin v27.3 - https:\/\/yoast.com\/product\/yoast-seo-wordpress\/ -->\n<title>Moschino Toy Boy 100 ml Original - Oud d\u2019Or - L\u2019essence du pouvoir<\/title>\n<meta name=\"robots\" content=\"index, follow, max-snippet:-1, max-image-preview:large, max-video-preview:-1\" \/>\n<link rel=\"canonical\" href=\"https:\/\/ouddorperfumes.com\/index.php\/producto\/moschino-toy-boy-100-ml-original\/\" \/>\n<meta property=\"og:locale\" content=\"es_ES\" \/>\n<meta property=\"og:type\" content=\"article\" \/>\n<meta property=\"og:title\" content=\"Moschino Toy Boy 100 ml Original - Oud d\u2019Or - L\u2019essence du pouvoir\" \/>\n<meta property=\"og:description\" content=\"Como el juego emocionante e interminable de descubrir la libertad, as\u00ed es el eau de parfum para hombre Moschino Toy Boy. Su aroma intenso y din\u00e1mico te ofrece elegancia masculina con un ligero toque de iron\u00eda.   fragancia especiada y amaderada  para hombres apasionados y divertidos  lanzada al mercado en el a\u00f1o 2019  Composici\u00f3n de la fragancia Las notas superiores te refrescar\u00e1n gratamente con las esencias de bergamota italiana y jugosa pera. La contrastante calidez la crea el clavo, combinado con la madera de elemi y la nuez moscada. En las notas intermedias se van percibiendo paulatinamente la encantadora magnolia, el lino y la rosa, acompa\u00f1ados por las notas de cashmeran. El cierre masculino corre a cargo del vetiver de Hait\u00ed, el ambermax y el almizclado sylkolide.  Historia de la fragancia Toy Boy es la primera fragancia para hombre creada para Moschino por el creativo dise\u00f1ador y director Jeremy Scott. Como frasco de la fragancia se eligi\u00f3 de nuevo el legendario oso de Moschino, que en esta ocasi\u00f3n se ha cubierto con un esmalte opaco de color negro. El modelo brasile\u00f1o Jhona Burjack se convirti\u00f3 en el rostro de la campa\u00f1a.  \u2705 Pagos 100% Contraentrega. \u2705 Env\u00edo Gratis a toda Colombia. \u2705 Perfumes 100% Originales.\" \/>\n<meta property=\"og:url\" content=\"https:\/\/ouddorperfumes.com\/index.php\/producto\/moschino-toy-boy-100-ml-original\/\" \/>\n<meta property=\"og:site_name\" content=\"Oud d\u2019Or - L\u2019essence du pouvoir\" \/>\n<meta property=\"article:modified_time\" content=\"2025-10-03T22:21:08+00:00\" \/>\n<meta property=\"og:image\" content=\"https:\/\/ouddorperfumes.com\/wp-content\/uploads\/2025\/07\/Oud-125.jpg\" \/>\n\t<meta property=\"og:image:width\" content=\"1654\" \/>\n\t<meta property=\"og:image:height\" content=\"1654\" \/>\n\t<meta property=\"og:image:type\" content=\"image\/jpeg\" \/>\n<meta name=\"twitter:card\" content=\"summary_large_image\" \/>\n<meta name=\"twitter:label1\" content=\"Tiempo de lectura\" \/>\n\t<meta name=\"twitter:data1\" content=\"2 minutos\" \/>\n<script type=\"application\/ld+json\" class=\"yoast-schema-graph\">{\"@context\":\"https:\\\/\\\/schema.org\",\"@graph\":[{\"@type\":\"WebPage\",\"@id\":\"https:\\\/\\\/ouddorperfumes.com\\\/index.php\\\/producto\\\/moschino-toy-boy-100-ml-original\\\/\",\"url\":\"https:\\\/\\\/ouddorperfumes.com\\\/index.php\\\/producto\\\/moschino-toy-boy-100-ml-original\\\/\",\"name\":\"Moschino Toy Boy 100 ml Original - Oud d\u2019Or - L\u2019essence du pouvoir\",\"isPartOf\":{\"@id\":\"https:\\\/\\\/ouddorperfumes.com\\\/#website\"},\"primaryImageOfPage\":{\"@id\":\"https:\\\/\\\/ouddorperfumes.com\\\/index.php\\\/producto\\\/moschino-toy-boy-100-ml-original\\\/#primaryimage\"},\"image\":{\"@id\":\"https:\\\/\\\/ouddorperfumes.com\\\/index.php\\\/producto\\\/moschino-toy-boy-100-ml-original\\\/#primaryimage\"},\"thumbnailUrl\":\"https:\\\/\\\/ouddorperfumes.com\\\/wp-content\\\/uploads\\\/2025\\\/07\\\/Oud-125.jpg\",\"datePublished\":\"2025-07-25T02:20:04+00:00\",\"dateModified\":\"2025-10-03T22:21:08+00:00\",\"breadcrumb\":{\"@id\":\"https:\\\/\\\/ouddorperfumes.com\\\/index.php\\\/producto\\\/moschino-toy-boy-100-ml-original\\\/#breadcrumb\"},\"inLanguage\":\"es\",\"potentialAction\":[{\"@type\":\"ReadAction\",\"target\":[\"https:\\\/\\\/ouddorperfumes.com\\\/index.php\\\/producto\\\/moschino-toy-boy-100-ml-original\\\/\"]}]},{\"@type\":\"ImageObject\",\"inLanguage\":\"es\",\"@id\":\"https:\\\/\\\/ouddorperfumes.com\\\/index.php\\\/producto\\\/moschino-toy-boy-100-ml-original\\\/#primaryimage\",\"url\":\"https:\\\/\\\/ouddorperfumes.com\\\/wp-content\\\/uploads\\\/2025\\\/07\\\/Oud-125.jpg\",\"contentUrl\":\"https:\\\/\\\/ouddorperfumes.com\\\/wp-content\\\/uploads\\\/2025\\\/07\\\/Oud-125.jpg\",\"width\":1654,\"height\":1654},{\"@type\":\"BreadcrumbList\",\"@id\":\"https:\\\/\\\/ouddorperfumes.com\\\/index.php\\\/producto\\\/moschino-toy-boy-100-ml-original\\\/#breadcrumb\",\"itemListElement\":[{\"@type\":\"ListItem\",\"position\":1,\"name\":\"Portada\",\"item\":\"https:\\\/\\\/ouddorperfumes.com\\\/\"},{\"@type\":\"ListItem\",\"position\":2,\"name\":\"Todos los Perfumes\",\"item\":\"https:\\\/\\\/ouddorperfumes.com\\\/index.php\\\/todos-los-perfumes\\\/\"},{\"@type\":\"ListItem\",\"position\":3,\"name\":\"Moschino Toy Boy 100 ml Original\"}]},{\"@type\":\"WebSite\",\"@id\":\"https:\\\/\\\/ouddorperfumes.com\\\/#website\",\"url\":\"https:\\\/\\\/ouddorperfumes.com\\\/\",\"name\":\"Oud d\u2019Or - L\u2019essence du pouvoir\",\"description\":\"Perfumes Arabes 100% Originales\",\"potentialAction\":[{\"@type\":\"SearchAction\",\"target\":{\"@type\":\"EntryPoint\",\"urlTemplate\":\"https:\\\/\\\/ouddorperfumes.com\\\/?s={search_term_string}\"},\"query-input\":{\"@type\":\"PropertyValueSpecification\",\"valueRequired\":true,\"valueName\":\"search_term_string\"}}],\"inLanguage\":\"es\"}]}<\/script>\n<!-- \/ Yoast SEO plugin. -->","yoast_head_json":{"title":"Moschino Toy Boy 100 ml Original - Oud d\u2019Or - L\u2019essence du pouvoir","robots":{"index":"index","follow":"follow","max-snippet":"max-snippet:-1","max-image-preview":"max-image-preview:large","max-video-preview":"max-video-preview:-1"},"canonical":"https:\/\/ouddorperfumes.com\/index.php\/producto\/moschino-toy-boy-100-ml-original\/","og_locale":"es_ES","og_type":"article","og_title":"Moschino Toy Boy 100 ml Original - Oud d\u2019Or - L\u2019essence du pouvoir","og_description":"Como el juego emocionante e interminable de descubrir la libertad, as\u00ed es el eau de parfum para hombre Moschino Toy Boy. Su aroma intenso y din\u00e1mico te ofrece elegancia masculina con un ligero toque de iron\u00eda.   fragancia especiada y amaderada  para hombres apasionados y divertidos  lanzada al mercado en el a\u00f1o 2019  Composici\u00f3n de la fragancia Las notas superiores te refrescar\u00e1n gratamente con las esencias de bergamota italiana y jugosa pera. La contrastante calidez la crea el clavo, combinado con la madera de elemi y la nuez moscada. En las notas intermedias se van percibiendo paulatinamente la encantadora magnolia, el lino y la rosa, acompa\u00f1ados por las notas de cashmeran. El cierre masculino corre a cargo del vetiver de Hait\u00ed, el ambermax y el almizclado sylkolide.  Historia de la fragancia Toy Boy es la primera fragancia para hombre creada para Moschino por el creativo dise\u00f1ador y director Jeremy Scott. Como frasco de la fragancia se eligi\u00f3 de nuevo el legendario oso de Moschino, que en esta ocasi\u00f3n se ha cubierto con un esmalte opaco de color negro. El modelo brasile\u00f1o Jhona Burjack se convirti\u00f3 en el rostro de la campa\u00f1a.  \u2705 Pagos 100% Contraentrega. \u2705 Env\u00edo Gratis a toda Colombia. \u2705 Perfumes 100% Originales.","og_url":"https:\/\/ouddorperfumes.com\/index.php\/producto\/moschino-toy-boy-100-ml-original\/","og_site_name":"Oud d\u2019Or - L\u2019essence du pouvoir","article_modified_time":"2025-10-03T22:21:08+00:00","og_image":[{"width":1654,"height":1654,"url":"https:\/\/ouddorperfumes.com\/wp-content\/uploads\/2025\/07\/Oud-125.jpg","type":"image\/jpeg"}],"twitter_card":"summary_large_image","twitter_misc":{"Tiempo de lectura":"2 minutos"},"schema":{"@context":"https:\/\/schema.org","@graph":[{"@type":"WebPage","@id":"https:\/\/ouddorperfumes.com\/index.php\/producto\/moschino-toy-boy-100-ml-original\/","url":"https:\/\/ouddorperfumes.com\/index.php\/producto\/moschino-toy-boy-100-ml-original\/","name":"Moschino Toy Boy 100 ml Original - Oud d\u2019Or - L\u2019essence du pouvoir","isPartOf":{"@id":"https:\/\/ouddorperfumes.com\/#website"},"primaryImageOfPage":{"@id":"https:\/\/ouddorperfumes.com\/index.php\/producto\/moschino-toy-boy-100-ml-original\/#primaryimage"},"image":{"@id":"https:\/\/ouddorperfumes.com\/index.php\/producto\/moschino-toy-boy-100-ml-original\/#primaryimage"},"thumbnailUrl":"https:\/\/ouddorperfumes.com\/wp-content\/uploads\/2025\/07\/Oud-125.jpg","datePublished":"2025-07-25T02:20:04+00:00","dateModified":"2025-10-03T22:21:08+00:00","breadcrumb":{"@id":"https:\/\/ouddorperfumes.com\/index.php\/producto\/moschino-toy-boy-100-ml-original\/#breadcrumb"},"inLanguage":"es","potentialAction":[{"@type":"ReadAction","target":["https:\/\/ouddorperfumes.com\/index.php\/producto\/moschino-toy-boy-100-ml-original\/"]}]},{"@type":"ImageObject","inLanguage":"es","@id":"https:\/\/ouddorperfumes.com\/index.php\/producto\/moschino-toy-boy-100-ml-original\/#primaryimage","url":"https:\/\/ouddorperfumes.com\/wp-content\/uploads\/2025\/07\/Oud-125.jpg","contentUrl":"https:\/\/ouddorperfumes.com\/wp-content\/uploads\/2025\/07\/Oud-125.jpg","width":1654,"height":1654},{"@type":"BreadcrumbList","@id":"https:\/\/ouddorperfumes.com\/index.php\/producto\/moschino-toy-boy-100-ml-original\/#breadcrumb","itemListElement":[{"@type":"ListItem","position":1,"name":"Portada","item":"https:\/\/ouddorperfumes.com\/"},{"@type":"ListItem","position":2,"name":"Todos los Perfumes","item":"https:\/\/ouddorperfumes.com\/index.php\/todos-los-perfumes\/"},{"@type":"ListItem","position":3,"name":"Moschino Toy Boy 100 ml Original"}]},{"@type":"WebSite","@id":"https:\/\/ouddorperfumes.com\/#website","url":"https:\/\/ouddorperfumes.com\/","name":"Oud d\u2019Or - L\u2019essence du pouvoir","description":"Perfumes Arabes 100% Originales","potentialAction":[{"@type":"SearchAction","target":{"@type":"EntryPoint","urlTemplate":"https:\/\/ouddorperfumes.com\/?s={search_term_string}"},"query-input":{"@type":"PropertyValueSpecification","valueRequired":true,"valueName":"search_term_string"}}],"inLanguage":"es"}]}},"_links":{"self":[{"href":"https:\/\/ouddorperfumes.com\/index.php\/wp-json\/wp\/v2\/product\/10772","targetHints":{"allow":["GET"]}}],"collection":[{"href":"https:\/\/ouddorperfumes.com\/index.php\/wp-json\/wp\/v2\/product"}],"about":[{"href":"https:\/\/ouddorperfumes.com\/index.php\/wp-json\/wp\/v2\/types\/product"}],"version-history":[{"count":1,"href":"https:\/\/ouddorperfumes.com\/index.php\/wp-json\/wp\/v2\/product\/10772\/revisions"}],"predecessor-version":[{"id":11692,"href":"https:\/\/ouddorperfumes.com\/index.php\/wp-json\/wp\/v2\/product\/10772\/revisions\/11692"}],"wp:featuredmedia":[{"embeddable":true,"href":"https:\/\/ouddorperfumes.com\/index.php\/wp-json\/wp\/v2\/media\/11097"}],"wp:attachment":[{"href":"https:\/\/ouddorperfumes.com\/index.php\/wp-json\/wp\/v2\/media?parent=10772"}],"wp:term":[{"taxonomy":"product_brand","embeddable":true,"href":"https:\/\/ouddorperfumes.com\/index.php\/wp-json\/wp\/v2\/product_brand?post=10772"},{"taxonomy":"product_cat","embeddable":true,"href":"https:\/\/ouddorperfumes.com\/index.php\/wp-json\/wp\/v2\/product_cat?post=10772"},{"taxonomy":"product_tag","embeddable":true,"href":"https:\/\/ouddorperfumes.com\/index.php\/wp-json\/wp\/v2\/product_tag?post=10772"}],"curies":[{"name":"wp","href":"https:\/\/api.w.org\/{rel}","templated":true}]}}