{"id":10774,"date":"2025-07-24T21:22:50","date_gmt":"2025-07-25T02:22:50","guid":{"rendered":"https:\/\/ouddorperfumes.com\/index.php\/producto\/ariana-grande-sweet-like-candy-x-100-ml\/"},"modified":"2025-10-03T17:19:26","modified_gmt":"2025-10-03T22:19:26","slug":"ariana-grande-sweet-like-candy-100-ml-original","status":"publish","type":"product","link":"https:\/\/ouddorperfumes.com\/index.php\/producto\/ariana-grande-sweet-like-candy-100-ml-original\/","title":{"rendered":"Ariana Grande Sweet Like Candy 100 ml Original"},"content":{"rendered":"<p>\u00a1No frenes tu adicci\u00f3n al dulce! Basta con oler una sola vez el eau de parfum para mujer Ariana Grande Sweet Like Candy para que te envuelva en un delicioso manto arom\u00e1tico al que sucumbir\u00e9is t\u00fa y todos los que te rodean. D\u00e9jate llevar por la alegr\u00eda, no te resistas al coqueteo y muestra tu lado sexy y divertido, igual que Ariana Grande.<\/p>\n<ul>\n<li>fragancia dulce gracias a la combinaci\u00f3n de notas frutales y florales.<\/li>\n<li>perfecta para las chicas que se identifican con la personalidad de Ariana Grande.<\/li>\n<li>en un ic\u00f3nico frasco con una imprescindible borla afelpada.<\/li>\n<\/ul>\n<p><strong>Composici\u00f3n de la fragancia<\/strong><\/p>\n<p>En los primeros instantes despu\u00e9s de olerla, notar\u00e1s la combinaci\u00f3n de grosella negra con la c\u00edtrica y dulce bergamota y la deliciosa pera. Al cabo de un momento, se extender\u00e1n el embriagador jazm\u00edn junto con la ex\u00f3tica plumeria y la madreselva. La composici\u00f3n arom\u00e1tica se cierra con notas de licor de grosellas, la fragancia de las nubes o malvaviscos y el sexy aroma a vainilla.<\/p>\n","protected":false},"excerpt":{"rendered":"<p>\u00a1No frenes tu adicci\u00f3n al dulce! Basta con oler una sola vez el eau de parfum para mujer Ariana Grande Sweet Like Candy para que te envuelva en un delicioso manto arom\u00e1tico al que sucumbir\u00e9is t\u00fa y todos los que te rodean. D\u00e9jate llevar por la alegr\u00eda, no te resistas al coqueteo y muestra tu lado sexy y divertido, igual que Ariana Grande.<\/p>\n<ul>\n<li>fragancia dulce gracias a la combinaci\u00f3n de notas frutales y florales.<\/li>\n<li>perfecta para las chicas que se identifican con la personalidad de Ariana Grande.<\/li>\n<li>en un ic\u00f3nico frasco con una imprescindible borla afelpada.<\/li>\n<\/ul>\n<p><strong>Composici\u00f3n de la fragancia<\/strong><\/p>\n<p>En los primeros instantes despu\u00e9s de olerla, notar\u00e1s la combinaci\u00f3n de grosella negra con la c\u00edtrica y dulce bergamota y la deliciosa pera. Al cabo de un momento, se extender\u00e1n el embriagador jazm\u00edn junto con la ex\u00f3tica plumeria y la madreselva. La composici\u00f3n arom\u00e1tica se cierra con notas de licor de grosellas, la fragancia de las nubes o malvaviscos y el sexy aroma a vainilla.<\/p>\n<p><span style=\"color: #ff4400;\"><strong>\u2705 <span style=\"color: #d9a569;\">Pagos 100% Contraentrega.<\/span><\/strong><\/span><br \/>\n<span style=\"color: #ff4400;\"><strong>\u2705 <span style=\"color: #d9a569;\">Env\u00edo Gratis a toda Colombia.<\/span><\/strong><\/span><br \/>\n<span style=\"color: #ff4400;\"><strong>\u2705 <span style=\"color: #d9a569;\">Perfumes 100% Originales.<\/span><\/strong><\/span><\/p>\n","protected":false},"featured_media":10669,"template":"","meta":[],"product_brand":[],"product_cat":[190,198,168],"product_tag":[],"class_list":{"0":"post-10774","1":"product","2":"type-product","3":"status-publish","4":"has-post-thumbnail","6":"product_cat-ariana-grande","7":"product_cat-disenador","8":"product_cat-mujer","10":"first","11":"instock","12":"sale","13":"shipping-taxable","14":"purchasable","15":"product-type-simple"},"yoast_head":"<!-- This site is optimized with the Yoast SEO plugin v27.3 - https:\/\/yoast.com\/product\/yoast-seo-wordpress\/ -->\n<title>Ariana Grande Sweet Like Candy 100 ml Original - Oud d\u2019Or - L\u2019essence du pouvoir<\/title>\n<meta name=\"robots\" content=\"index, follow, max-snippet:-1, max-image-preview:large, max-video-preview:-1\" \/>\n<link rel=\"canonical\" href=\"https:\/\/ouddorperfumes.com\/index.php\/producto\/ariana-grande-sweet-like-candy-100-ml-original\/\" \/>\n<meta property=\"og:locale\" content=\"es_ES\" \/>\n<meta property=\"og:type\" content=\"article\" \/>\n<meta property=\"og:title\" content=\"Ariana Grande Sweet Like Candy 100 ml Original - Oud d\u2019Or - L\u2019essence du pouvoir\" \/>\n<meta property=\"og:description\" content=\"\u00a1No frenes tu adicci\u00f3n al dulce! Basta con oler una sola vez el eau de parfum para mujer Ariana Grande Sweet Like Candy para que te envuelva en un delicioso manto arom\u00e1tico al que sucumbir\u00e9is t\u00fa y todos los que te rodean. D\u00e9jate llevar por la alegr\u00eda, no te resistas al coqueteo y muestra tu lado sexy y divertido, igual que Ariana Grande.   fragancia dulce gracias a la combinaci\u00f3n de notas frutales y florales.  perfecta para las chicas que se identifican con la personalidad de Ariana Grande.  en un ic\u00f3nico frasco con una imprescindible borla afelpada.  Composici\u00f3n de la fragancia  En los primeros instantes despu\u00e9s de olerla, notar\u00e1s la combinaci\u00f3n de grosella negra con la c\u00edtrica y dulce bergamota y la deliciosa pera. Al cabo de un momento, se extender\u00e1n el embriagador jazm\u00edn junto con la ex\u00f3tica plumeria y la madreselva. La composici\u00f3n arom\u00e1tica se cierra con notas de licor de grosellas, la fragancia de las nubes o malvaviscos y el sexy aroma a vainilla.  \u2705 Pagos 100% Contraentrega. \u2705 Env\u00edo Gratis a toda Colombia. \u2705 Perfumes 100% Originales.\" \/>\n<meta property=\"og:url\" content=\"https:\/\/ouddorperfumes.com\/index.php\/producto\/ariana-grande-sweet-like-candy-100-ml-original\/\" \/>\n<meta property=\"og:site_name\" content=\"Oud d\u2019Or - L\u2019essence du pouvoir\" \/>\n<meta property=\"article:modified_time\" content=\"2025-10-03T22:19:26+00:00\" \/>\n<meta property=\"og:image\" content=\"https:\/\/ouddorperfumes.com\/wp-content\/uploads\/2025\/07\/oud-26.jpg\" \/>\n\t<meta property=\"og:image:width\" content=\"1102\" \/>\n\t<meta property=\"og:image:height\" content=\"1102\" \/>\n\t<meta property=\"og:image:type\" content=\"image\/jpeg\" \/>\n<meta name=\"twitter:card\" content=\"summary_large_image\" \/>\n<meta name=\"twitter:label1\" content=\"Tiempo de lectura\" \/>\n\t<meta name=\"twitter:data1\" content=\"1 minuto\" \/>\n<script type=\"application\/ld+json\" class=\"yoast-schema-graph\">{\"@context\":\"https:\\\/\\\/schema.org\",\"@graph\":[{\"@type\":\"WebPage\",\"@id\":\"https:\\\/\\\/ouddorperfumes.com\\\/index.php\\\/producto\\\/ariana-grande-sweet-like-candy-100-ml-original\\\/\",\"url\":\"https:\\\/\\\/ouddorperfumes.com\\\/index.php\\\/producto\\\/ariana-grande-sweet-like-candy-100-ml-original\\\/\",\"name\":\"Ariana Grande Sweet Like Candy 100 ml Original - Oud d\u2019Or - L\u2019essence du pouvoir\",\"isPartOf\":{\"@id\":\"https:\\\/\\\/ouddorperfumes.com\\\/#website\"},\"primaryImageOfPage\":{\"@id\":\"https:\\\/\\\/ouddorperfumes.com\\\/index.php\\\/producto\\\/ariana-grande-sweet-like-candy-100-ml-original\\\/#primaryimage\"},\"image\":{\"@id\":\"https:\\\/\\\/ouddorperfumes.com\\\/index.php\\\/producto\\\/ariana-grande-sweet-like-candy-100-ml-original\\\/#primaryimage\"},\"thumbnailUrl\":\"https:\\\/\\\/ouddorperfumes.com\\\/wp-content\\\/uploads\\\/2025\\\/07\\\/oud-26.jpg\",\"datePublished\":\"2025-07-25T02:22:50+00:00\",\"dateModified\":\"2025-10-03T22:19:26+00:00\",\"breadcrumb\":{\"@id\":\"https:\\\/\\\/ouddorperfumes.com\\\/index.php\\\/producto\\\/ariana-grande-sweet-like-candy-100-ml-original\\\/#breadcrumb\"},\"inLanguage\":\"es\",\"potentialAction\":[{\"@type\":\"ReadAction\",\"target\":[\"https:\\\/\\\/ouddorperfumes.com\\\/index.php\\\/producto\\\/ariana-grande-sweet-like-candy-100-ml-original\\\/\"]}]},{\"@type\":\"ImageObject\",\"inLanguage\":\"es\",\"@id\":\"https:\\\/\\\/ouddorperfumes.com\\\/index.php\\\/producto\\\/ariana-grande-sweet-like-candy-100-ml-original\\\/#primaryimage\",\"url\":\"https:\\\/\\\/ouddorperfumes.com\\\/wp-content\\\/uploads\\\/2025\\\/07\\\/oud-26.jpg\",\"contentUrl\":\"https:\\\/\\\/ouddorperfumes.com\\\/wp-content\\\/uploads\\\/2025\\\/07\\\/oud-26.jpg\",\"width\":1102,\"height\":1102},{\"@type\":\"BreadcrumbList\",\"@id\":\"https:\\\/\\\/ouddorperfumes.com\\\/index.php\\\/producto\\\/ariana-grande-sweet-like-candy-100-ml-original\\\/#breadcrumb\",\"itemListElement\":[{\"@type\":\"ListItem\",\"position\":1,\"name\":\"Portada\",\"item\":\"https:\\\/\\\/ouddorperfumes.com\\\/\"},{\"@type\":\"ListItem\",\"position\":2,\"name\":\"Todos los Perfumes\",\"item\":\"https:\\\/\\\/ouddorperfumes.com\\\/index.php\\\/todos-los-perfumes\\\/\"},{\"@type\":\"ListItem\",\"position\":3,\"name\":\"Ariana Grande Sweet Like Candy 100 ml Original\"}]},{\"@type\":\"WebSite\",\"@id\":\"https:\\\/\\\/ouddorperfumes.com\\\/#website\",\"url\":\"https:\\\/\\\/ouddorperfumes.com\\\/\",\"name\":\"Oud d\u2019Or - L\u2019essence du pouvoir\",\"description\":\"Perfumes Arabes 100% Originales\",\"potentialAction\":[{\"@type\":\"SearchAction\",\"target\":{\"@type\":\"EntryPoint\",\"urlTemplate\":\"https:\\\/\\\/ouddorperfumes.com\\\/?s={search_term_string}\"},\"query-input\":{\"@type\":\"PropertyValueSpecification\",\"valueRequired\":true,\"valueName\":\"search_term_string\"}}],\"inLanguage\":\"es\"}]}<\/script>\n<!-- \/ Yoast SEO plugin. -->","yoast_head_json":{"title":"Ariana Grande Sweet Like Candy 100 ml Original - Oud d\u2019Or - L\u2019essence du pouvoir","robots":{"index":"index","follow":"follow","max-snippet":"max-snippet:-1","max-image-preview":"max-image-preview:large","max-video-preview":"max-video-preview:-1"},"canonical":"https:\/\/ouddorperfumes.com\/index.php\/producto\/ariana-grande-sweet-like-candy-100-ml-original\/","og_locale":"es_ES","og_type":"article","og_title":"Ariana Grande Sweet Like Candy 100 ml Original - Oud d\u2019Or - L\u2019essence du pouvoir","og_description":"\u00a1No frenes tu adicci\u00f3n al dulce! Basta con oler una sola vez el eau de parfum para mujer Ariana Grande Sweet Like Candy para que te envuelva en un delicioso manto arom\u00e1tico al que sucumbir\u00e9is t\u00fa y todos los que te rodean. D\u00e9jate llevar por la alegr\u00eda, no te resistas al coqueteo y muestra tu lado sexy y divertido, igual que Ariana Grande.   fragancia dulce gracias a la combinaci\u00f3n de notas frutales y florales.  perfecta para las chicas que se identifican con la personalidad de Ariana Grande.  en un ic\u00f3nico frasco con una imprescindible borla afelpada.  Composici\u00f3n de la fragancia  En los primeros instantes despu\u00e9s de olerla, notar\u00e1s la combinaci\u00f3n de grosella negra con la c\u00edtrica y dulce bergamota y la deliciosa pera. Al cabo de un momento, se extender\u00e1n el embriagador jazm\u00edn junto con la ex\u00f3tica plumeria y la madreselva. La composici\u00f3n arom\u00e1tica se cierra con notas de licor de grosellas, la fragancia de las nubes o malvaviscos y el sexy aroma a vainilla.  \u2705 Pagos 100% Contraentrega. \u2705 Env\u00edo Gratis a toda Colombia. \u2705 Perfumes 100% Originales.","og_url":"https:\/\/ouddorperfumes.com\/index.php\/producto\/ariana-grande-sweet-like-candy-100-ml-original\/","og_site_name":"Oud d\u2019Or - L\u2019essence du pouvoir","article_modified_time":"2025-10-03T22:19:26+00:00","og_image":[{"width":1102,"height":1102,"url":"https:\/\/ouddorperfumes.com\/wp-content\/uploads\/2025\/07\/oud-26.jpg","type":"image\/jpeg"}],"twitter_card":"summary_large_image","twitter_misc":{"Tiempo de lectura":"1 minuto"},"schema":{"@context":"https:\/\/schema.org","@graph":[{"@type":"WebPage","@id":"https:\/\/ouddorperfumes.com\/index.php\/producto\/ariana-grande-sweet-like-candy-100-ml-original\/","url":"https:\/\/ouddorperfumes.com\/index.php\/producto\/ariana-grande-sweet-like-candy-100-ml-original\/","name":"Ariana Grande Sweet Like Candy 100 ml Original - Oud d\u2019Or - L\u2019essence du pouvoir","isPartOf":{"@id":"https:\/\/ouddorperfumes.com\/#website"},"primaryImageOfPage":{"@id":"https:\/\/ouddorperfumes.com\/index.php\/producto\/ariana-grande-sweet-like-candy-100-ml-original\/#primaryimage"},"image":{"@id":"https:\/\/ouddorperfumes.com\/index.php\/producto\/ariana-grande-sweet-like-candy-100-ml-original\/#primaryimage"},"thumbnailUrl":"https:\/\/ouddorperfumes.com\/wp-content\/uploads\/2025\/07\/oud-26.jpg","datePublished":"2025-07-25T02:22:50+00:00","dateModified":"2025-10-03T22:19:26+00:00","breadcrumb":{"@id":"https:\/\/ouddorperfumes.com\/index.php\/producto\/ariana-grande-sweet-like-candy-100-ml-original\/#breadcrumb"},"inLanguage":"es","potentialAction":[{"@type":"ReadAction","target":["https:\/\/ouddorperfumes.com\/index.php\/producto\/ariana-grande-sweet-like-candy-100-ml-original\/"]}]},{"@type":"ImageObject","inLanguage":"es","@id":"https:\/\/ouddorperfumes.com\/index.php\/producto\/ariana-grande-sweet-like-candy-100-ml-original\/#primaryimage","url":"https:\/\/ouddorperfumes.com\/wp-content\/uploads\/2025\/07\/oud-26.jpg","contentUrl":"https:\/\/ouddorperfumes.com\/wp-content\/uploads\/2025\/07\/oud-26.jpg","width":1102,"height":1102},{"@type":"BreadcrumbList","@id":"https:\/\/ouddorperfumes.com\/index.php\/producto\/ariana-grande-sweet-like-candy-100-ml-original\/#breadcrumb","itemListElement":[{"@type":"ListItem","position":1,"name":"Portada","item":"https:\/\/ouddorperfumes.com\/"},{"@type":"ListItem","position":2,"name":"Todos los Perfumes","item":"https:\/\/ouddorperfumes.com\/index.php\/todos-los-perfumes\/"},{"@type":"ListItem","position":3,"name":"Ariana Grande Sweet Like Candy 100 ml Original"}]},{"@type":"WebSite","@id":"https:\/\/ouddorperfumes.com\/#website","url":"https:\/\/ouddorperfumes.com\/","name":"Oud d\u2019Or - L\u2019essence du pouvoir","description":"Perfumes Arabes 100% Originales","potentialAction":[{"@type":"SearchAction","target":{"@type":"EntryPoint","urlTemplate":"https:\/\/ouddorperfumes.com\/?s={search_term_string}"},"query-input":{"@type":"PropertyValueSpecification","valueRequired":true,"valueName":"search_term_string"}}],"inLanguage":"es"}]}},"_links":{"self":[{"href":"https:\/\/ouddorperfumes.com\/index.php\/wp-json\/wp\/v2\/product\/10774","targetHints":{"allow":["GET"]}}],"collection":[{"href":"https:\/\/ouddorperfumes.com\/index.php\/wp-json\/wp\/v2\/product"}],"about":[{"href":"https:\/\/ouddorperfumes.com\/index.php\/wp-json\/wp\/v2\/types\/product"}],"version-history":[{"count":1,"href":"https:\/\/ouddorperfumes.com\/index.php\/wp-json\/wp\/v2\/product\/10774\/revisions"}],"predecessor-version":[{"id":11690,"href":"https:\/\/ouddorperfumes.com\/index.php\/wp-json\/wp\/v2\/product\/10774\/revisions\/11690"}],"wp:featuredmedia":[{"embeddable":true,"href":"https:\/\/ouddorperfumes.com\/index.php\/wp-json\/wp\/v2\/media\/10669"}],"wp:attachment":[{"href":"https:\/\/ouddorperfumes.com\/index.php\/wp-json\/wp\/v2\/media?parent=10774"}],"wp:term":[{"taxonomy":"product_brand","embeddable":true,"href":"https:\/\/ouddorperfumes.com\/index.php\/wp-json\/wp\/v2\/product_brand?post=10774"},{"taxonomy":"product_cat","embeddable":true,"href":"https:\/\/ouddorperfumes.com\/index.php\/wp-json\/wp\/v2\/product_cat?post=10774"},{"taxonomy":"product_tag","embeddable":true,"href":"https:\/\/ouddorperfumes.com\/index.php\/wp-json\/wp\/v2\/product_tag?post=10774"}],"curies":[{"name":"wp","href":"https:\/\/api.w.org\/{rel}","templated":true}]}}