{"id":10775,"date":"2025-07-24T21:23:12","date_gmt":"2025-07-25T02:23:12","guid":{"rendered":"https:\/\/ouddorperfumes.com\/index.php\/producto\/jessica-simpson-fancy-x-100-original\/"},"modified":"2025-10-03T17:19:01","modified_gmt":"2025-10-03T22:19:01","slug":"jessica-simpson-fancy-100-ml-original","status":"publish","type":"product","link":"https:\/\/ouddorperfumes.com\/index.php\/producto\/jessica-simpson-fancy-100-ml-original\/","title":{"rendered":"Jessica Simpson Fancy 100 ml Original"},"content":{"rendered":"<p>Disfruta de una fragancia con la que parecer\u00e1s una aut\u00e9ntica estrella. El eau de parfum para mujer Jessica Simpson Fancy te har\u00e1 sentir como si desfilaras por la alfombra roja. La fragancia de dulce caramelo en combinaci\u00f3n con notas frutales no pasar\u00e1 desapercibida entre los que te rodean.<\/p>\n<ul>\n<li>fragancia oriental<\/li>\n<li>para una mujer que desea brillar<\/li>\n<li>para llevar tanto en el d\u00eda a d\u00eda como en las ocasiones especiales<\/li>\n<\/ul>\n<p><strong>Composici\u00f3n de la fragancia<\/strong><\/p>\n<p>En las notas de salida te fascinar\u00e1n las notas frutales de jugoso albaricoque, dulce pera y frutos rojos. En las notas de coraz\u00f3n de la fragancia se esconden el embriagador jazm\u00edn, la gardenia, la sensual almendra y el dulce caramelo. Despu\u00e9s, en las notas de fondo aparece la delicada vainilla, la c\u00e1lida madera de s\u00e1ndalo y el \u00e1mbar.<\/p>\n","protected":false},"excerpt":{"rendered":"<p>Disfruta de una fragancia con la que parecer\u00e1s una aut\u00e9ntica estrella. El eau de parfum para mujer Jessica Simpson Fancy te har\u00e1 sentir como si desfilaras por la alfombra roja. La fragancia de dulce caramelo en combinaci\u00f3n con notas frutales no pasar\u00e1 desapercibida entre los que te rodean.<\/p>\n<ul>\n<li>fragancia oriental<\/li>\n<li>para una mujer que desea brillar<\/li>\n<li>para llevar tanto en el d\u00eda a d\u00eda como en las ocasiones especiales<\/li>\n<\/ul>\n<p><strong>Composici\u00f3n de la fragancia<\/strong><\/p>\n<p>En las notas de salida te fascinar\u00e1n las notas frutales de jugoso albaricoque, dulce pera y frutos rojos. En las notas de coraz\u00f3n de la fragancia se esconden el embriagador jazm\u00edn, la gardenia, la sensual almendra y el dulce caramelo. Despu\u00e9s, en las notas de fondo aparece la delicada vainilla, la c\u00e1lida madera de s\u00e1ndalo y el \u00e1mbar.<\/p>\n<p><span style=\"color: #ff4400;\"><strong>\u2705 <span style=\"color: #d9a569;\">Pagos 100% Contraentrega.<\/span><\/strong><\/span><br \/>\n<span style=\"color: #ff4400;\"><strong>\u2705 <span style=\"color: #d9a569;\">Env\u00edo Gratis a toda Colombia.<\/span><\/strong><\/span><br \/>\n<span style=\"color: #ff4400;\"><strong>\u2705 <span style=\"color: #d9a569;\">Perfumes 100% Originales.<\/span><\/strong><\/span><\/p>\n","protected":false},"featured_media":11089,"template":"","meta":[],"product_brand":[],"product_cat":[198,235,168],"product_tag":[],"class_list":{"0":"post-10775","1":"product","2":"type-product","3":"status-publish","4":"has-post-thumbnail","6":"product_cat-disenador","7":"product_cat-jessica-simpson","8":"product_cat-mujer","10":"first","11":"instock","12":"sale","13":"shipping-taxable","14":"purchasable","15":"product-type-simple"},"yoast_head":"<!-- This site is optimized with the Yoast SEO plugin v27.3 - https:\/\/yoast.com\/product\/yoast-seo-wordpress\/ -->\n<title>Jessica Simpson Fancy 100 ml Original - Oud d\u2019Or - L\u2019essence du pouvoir<\/title>\n<meta name=\"robots\" content=\"index, follow, max-snippet:-1, max-image-preview:large, max-video-preview:-1\" \/>\n<link rel=\"canonical\" href=\"https:\/\/ouddorperfumes.com\/index.php\/producto\/jessica-simpson-fancy-100-ml-original\/\" \/>\n<meta property=\"og:locale\" content=\"es_ES\" \/>\n<meta property=\"og:type\" content=\"article\" \/>\n<meta property=\"og:title\" content=\"Jessica Simpson Fancy 100 ml Original - Oud d\u2019Or - L\u2019essence du pouvoir\" \/>\n<meta property=\"og:description\" content=\"Disfruta de una fragancia con la que parecer\u00e1s una aut\u00e9ntica estrella. El eau de parfum para mujer Jessica Simpson Fancy te har\u00e1 sentir como si desfilaras por la alfombra roja. La fragancia de dulce caramelo en combinaci\u00f3n con notas frutales no pasar\u00e1 desapercibida entre los que te rodean.   fragancia oriental  para una mujer que desea brillar  para llevar tanto en el d\u00eda a d\u00eda como en las ocasiones especiales  Composici\u00f3n de la fragancia  En las notas de salida te fascinar\u00e1n las notas frutales de jugoso albaricoque, dulce pera y frutos rojos. En las notas de coraz\u00f3n de la fragancia se esconden el embriagador jazm\u00edn, la gardenia, la sensual almendra y el dulce caramelo. Despu\u00e9s, en las notas de fondo aparece la delicada vainilla, la c\u00e1lida madera de s\u00e1ndalo y el \u00e1mbar.  \u2705 Pagos 100% Contraentrega. \u2705 Env\u00edo Gratis a toda Colombia. \u2705 Perfumes 100% Originales.\" \/>\n<meta property=\"og:url\" content=\"https:\/\/ouddorperfumes.com\/index.php\/producto\/jessica-simpson-fancy-100-ml-original\/\" \/>\n<meta property=\"og:site_name\" content=\"Oud d\u2019Or - L\u2019essence du pouvoir\" \/>\n<meta property=\"article:modified_time\" content=\"2025-10-03T22:19:01+00:00\" \/>\n<meta property=\"og:image\" content=\"https:\/\/ouddorperfumes.com\/wp-content\/uploads\/2025\/07\/Oud-123.jpg\" \/>\n\t<meta property=\"og:image:width\" content=\"1102\" \/>\n\t<meta property=\"og:image:height\" content=\"1102\" \/>\n\t<meta property=\"og:image:type\" content=\"image\/jpeg\" \/>\n<meta name=\"twitter:card\" content=\"summary_large_image\" \/>\n<meta name=\"twitter:label1\" content=\"Tiempo de lectura\" \/>\n\t<meta name=\"twitter:data1\" content=\"1 minuto\" \/>\n<script type=\"application\/ld+json\" class=\"yoast-schema-graph\">{\"@context\":\"https:\\\/\\\/schema.org\",\"@graph\":[{\"@type\":\"WebPage\",\"@id\":\"https:\\\/\\\/ouddorperfumes.com\\\/index.php\\\/producto\\\/jessica-simpson-fancy-100-ml-original\\\/\",\"url\":\"https:\\\/\\\/ouddorperfumes.com\\\/index.php\\\/producto\\\/jessica-simpson-fancy-100-ml-original\\\/\",\"name\":\"Jessica Simpson Fancy 100 ml Original - Oud d\u2019Or - L\u2019essence du pouvoir\",\"isPartOf\":{\"@id\":\"https:\\\/\\\/ouddorperfumes.com\\\/#website\"},\"primaryImageOfPage\":{\"@id\":\"https:\\\/\\\/ouddorperfumes.com\\\/index.php\\\/producto\\\/jessica-simpson-fancy-100-ml-original\\\/#primaryimage\"},\"image\":{\"@id\":\"https:\\\/\\\/ouddorperfumes.com\\\/index.php\\\/producto\\\/jessica-simpson-fancy-100-ml-original\\\/#primaryimage\"},\"thumbnailUrl\":\"https:\\\/\\\/ouddorperfumes.com\\\/wp-content\\\/uploads\\\/2025\\\/07\\\/Oud-123.jpg\",\"datePublished\":\"2025-07-25T02:23:12+00:00\",\"dateModified\":\"2025-10-03T22:19:01+00:00\",\"breadcrumb\":{\"@id\":\"https:\\\/\\\/ouddorperfumes.com\\\/index.php\\\/producto\\\/jessica-simpson-fancy-100-ml-original\\\/#breadcrumb\"},\"inLanguage\":\"es\",\"potentialAction\":[{\"@type\":\"ReadAction\",\"target\":[\"https:\\\/\\\/ouddorperfumes.com\\\/index.php\\\/producto\\\/jessica-simpson-fancy-100-ml-original\\\/\"]}]},{\"@type\":\"ImageObject\",\"inLanguage\":\"es\",\"@id\":\"https:\\\/\\\/ouddorperfumes.com\\\/index.php\\\/producto\\\/jessica-simpson-fancy-100-ml-original\\\/#primaryimage\",\"url\":\"https:\\\/\\\/ouddorperfumes.com\\\/wp-content\\\/uploads\\\/2025\\\/07\\\/Oud-123.jpg\",\"contentUrl\":\"https:\\\/\\\/ouddorperfumes.com\\\/wp-content\\\/uploads\\\/2025\\\/07\\\/Oud-123.jpg\",\"width\":1102,\"height\":1102},{\"@type\":\"BreadcrumbList\",\"@id\":\"https:\\\/\\\/ouddorperfumes.com\\\/index.php\\\/producto\\\/jessica-simpson-fancy-100-ml-original\\\/#breadcrumb\",\"itemListElement\":[{\"@type\":\"ListItem\",\"position\":1,\"name\":\"Portada\",\"item\":\"https:\\\/\\\/ouddorperfumes.com\\\/\"},{\"@type\":\"ListItem\",\"position\":2,\"name\":\"Todos los Perfumes\",\"item\":\"https:\\\/\\\/ouddorperfumes.com\\\/index.php\\\/todos-los-perfumes\\\/\"},{\"@type\":\"ListItem\",\"position\":3,\"name\":\"Jessica Simpson Fancy 100 ml Original\"}]},{\"@type\":\"WebSite\",\"@id\":\"https:\\\/\\\/ouddorperfumes.com\\\/#website\",\"url\":\"https:\\\/\\\/ouddorperfumes.com\\\/\",\"name\":\"Oud d\u2019Or - L\u2019essence du pouvoir\",\"description\":\"Perfumes Arabes 100% Originales\",\"potentialAction\":[{\"@type\":\"SearchAction\",\"target\":{\"@type\":\"EntryPoint\",\"urlTemplate\":\"https:\\\/\\\/ouddorperfumes.com\\\/?s={search_term_string}\"},\"query-input\":{\"@type\":\"PropertyValueSpecification\",\"valueRequired\":true,\"valueName\":\"search_term_string\"}}],\"inLanguage\":\"es\"}]}<\/script>\n<!-- \/ Yoast SEO plugin. -->","yoast_head_json":{"title":"Jessica Simpson Fancy 100 ml Original - Oud d\u2019Or - L\u2019essence du pouvoir","robots":{"index":"index","follow":"follow","max-snippet":"max-snippet:-1","max-image-preview":"max-image-preview:large","max-video-preview":"max-video-preview:-1"},"canonical":"https:\/\/ouddorperfumes.com\/index.php\/producto\/jessica-simpson-fancy-100-ml-original\/","og_locale":"es_ES","og_type":"article","og_title":"Jessica Simpson Fancy 100 ml Original - Oud d\u2019Or - L\u2019essence du pouvoir","og_description":"Disfruta de una fragancia con la que parecer\u00e1s una aut\u00e9ntica estrella. El eau de parfum para mujer Jessica Simpson Fancy te har\u00e1 sentir como si desfilaras por la alfombra roja. La fragancia de dulce caramelo en combinaci\u00f3n con notas frutales no pasar\u00e1 desapercibida entre los que te rodean.   fragancia oriental  para una mujer que desea brillar  para llevar tanto en el d\u00eda a d\u00eda como en las ocasiones especiales  Composici\u00f3n de la fragancia  En las notas de salida te fascinar\u00e1n las notas frutales de jugoso albaricoque, dulce pera y frutos rojos. En las notas de coraz\u00f3n de la fragancia se esconden el embriagador jazm\u00edn, la gardenia, la sensual almendra y el dulce caramelo. Despu\u00e9s, en las notas de fondo aparece la delicada vainilla, la c\u00e1lida madera de s\u00e1ndalo y el \u00e1mbar.  \u2705 Pagos 100% Contraentrega. \u2705 Env\u00edo Gratis a toda Colombia. \u2705 Perfumes 100% Originales.","og_url":"https:\/\/ouddorperfumes.com\/index.php\/producto\/jessica-simpson-fancy-100-ml-original\/","og_site_name":"Oud d\u2019Or - L\u2019essence du pouvoir","article_modified_time":"2025-10-03T22:19:01+00:00","og_image":[{"width":1102,"height":1102,"url":"https:\/\/ouddorperfumes.com\/wp-content\/uploads\/2025\/07\/Oud-123.jpg","type":"image\/jpeg"}],"twitter_card":"summary_large_image","twitter_misc":{"Tiempo de lectura":"1 minuto"},"schema":{"@context":"https:\/\/schema.org","@graph":[{"@type":"WebPage","@id":"https:\/\/ouddorperfumes.com\/index.php\/producto\/jessica-simpson-fancy-100-ml-original\/","url":"https:\/\/ouddorperfumes.com\/index.php\/producto\/jessica-simpson-fancy-100-ml-original\/","name":"Jessica Simpson Fancy 100 ml Original - Oud d\u2019Or - L\u2019essence du pouvoir","isPartOf":{"@id":"https:\/\/ouddorperfumes.com\/#website"},"primaryImageOfPage":{"@id":"https:\/\/ouddorperfumes.com\/index.php\/producto\/jessica-simpson-fancy-100-ml-original\/#primaryimage"},"image":{"@id":"https:\/\/ouddorperfumes.com\/index.php\/producto\/jessica-simpson-fancy-100-ml-original\/#primaryimage"},"thumbnailUrl":"https:\/\/ouddorperfumes.com\/wp-content\/uploads\/2025\/07\/Oud-123.jpg","datePublished":"2025-07-25T02:23:12+00:00","dateModified":"2025-10-03T22:19:01+00:00","breadcrumb":{"@id":"https:\/\/ouddorperfumes.com\/index.php\/producto\/jessica-simpson-fancy-100-ml-original\/#breadcrumb"},"inLanguage":"es","potentialAction":[{"@type":"ReadAction","target":["https:\/\/ouddorperfumes.com\/index.php\/producto\/jessica-simpson-fancy-100-ml-original\/"]}]},{"@type":"ImageObject","inLanguage":"es","@id":"https:\/\/ouddorperfumes.com\/index.php\/producto\/jessica-simpson-fancy-100-ml-original\/#primaryimage","url":"https:\/\/ouddorperfumes.com\/wp-content\/uploads\/2025\/07\/Oud-123.jpg","contentUrl":"https:\/\/ouddorperfumes.com\/wp-content\/uploads\/2025\/07\/Oud-123.jpg","width":1102,"height":1102},{"@type":"BreadcrumbList","@id":"https:\/\/ouddorperfumes.com\/index.php\/producto\/jessica-simpson-fancy-100-ml-original\/#breadcrumb","itemListElement":[{"@type":"ListItem","position":1,"name":"Portada","item":"https:\/\/ouddorperfumes.com\/"},{"@type":"ListItem","position":2,"name":"Todos los Perfumes","item":"https:\/\/ouddorperfumes.com\/index.php\/todos-los-perfumes\/"},{"@type":"ListItem","position":3,"name":"Jessica Simpson Fancy 100 ml Original"}]},{"@type":"WebSite","@id":"https:\/\/ouddorperfumes.com\/#website","url":"https:\/\/ouddorperfumes.com\/","name":"Oud d\u2019Or - L\u2019essence du pouvoir","description":"Perfumes Arabes 100% Originales","potentialAction":[{"@type":"SearchAction","target":{"@type":"EntryPoint","urlTemplate":"https:\/\/ouddorperfumes.com\/?s={search_term_string}"},"query-input":{"@type":"PropertyValueSpecification","valueRequired":true,"valueName":"search_term_string"}}],"inLanguage":"es"}]}},"_links":{"self":[{"href":"https:\/\/ouddorperfumes.com\/index.php\/wp-json\/wp\/v2\/product\/10775","targetHints":{"allow":["GET"]}}],"collection":[{"href":"https:\/\/ouddorperfumes.com\/index.php\/wp-json\/wp\/v2\/product"}],"about":[{"href":"https:\/\/ouddorperfumes.com\/index.php\/wp-json\/wp\/v2\/types\/product"}],"version-history":[{"count":1,"href":"https:\/\/ouddorperfumes.com\/index.php\/wp-json\/wp\/v2\/product\/10775\/revisions"}],"predecessor-version":[{"id":11689,"href":"https:\/\/ouddorperfumes.com\/index.php\/wp-json\/wp\/v2\/product\/10775\/revisions\/11689"}],"wp:featuredmedia":[{"embeddable":true,"href":"https:\/\/ouddorperfumes.com\/index.php\/wp-json\/wp\/v2\/media\/11089"}],"wp:attachment":[{"href":"https:\/\/ouddorperfumes.com\/index.php\/wp-json\/wp\/v2\/media?parent=10775"}],"wp:term":[{"taxonomy":"product_brand","embeddable":true,"href":"https:\/\/ouddorperfumes.com\/index.php\/wp-json\/wp\/v2\/product_brand?post=10775"},{"taxonomy":"product_cat","embeddable":true,"href":"https:\/\/ouddorperfumes.com\/index.php\/wp-json\/wp\/v2\/product_cat?post=10775"},{"taxonomy":"product_tag","embeddable":true,"href":"https:\/\/ouddorperfumes.com\/index.php\/wp-json\/wp\/v2\/product_tag?post=10775"}],"curies":[{"name":"wp","href":"https:\/\/api.w.org\/{rel}","templated":true}]}}