{"id":10786,"date":"2025-07-24T21:29:30","date_gmt":"2025-07-25T02:29:30","guid":{"rendered":"https:\/\/ouddorperfumes.com\/index.php\/producto\/reyane-tradition-acqua-di-parisis-venizi\/"},"modified":"2025-10-03T17:15:02","modified_gmt":"2025-10-03T22:15:02","slug":"reyane-tradition-acqua-di-parisis-venizia","status":"publish","type":"product","link":"https:\/\/ouddorperfumes.com\/index.php\/producto\/reyane-tradition-acqua-di-parisis-venizia\/","title":{"rendered":"Reyane Tradition Acqua Di Parisis Venizia"},"content":{"rendered":"<p><strong>Notas Deliciosas y Sensuales<\/strong><\/p>\n<p>El nuevo perfume Reyane Tradition Acqua di Parisis Venizia est\u00e1 hecho con una combinaci\u00f3n \u00fanica de notas dulces y sensuales. Desde el aroma afrutado de la mandarina hasta las notas de rosa y jazm\u00edn, esta fragancia es perfecta para cualquier ocasi\u00f3n. Adem\u00e1s, las notas de vainilla y almizcle le dan a la fragancia un toque c\u00e1lido y sensual que te envolver\u00e1 en un abrazo acogedor.<\/p>\n<p><strong>Un Perfume Inolvidable<\/strong><\/p>\n<p>Si buscas un perfume que no solo huela bien, sino que tambi\u00e9n sea inolvidable, el Reyane Tradition Acqua di Parisis Venizia es el perfume para ti. Esta fragancia es perfecta para aquellas personas que quieren destacar y dejar una impresi\u00f3n duradera. Ya sea que est\u00e9s buscando un perfume para usar en una cita rom\u00e1ntica o en una noche de fiesta, el Reyane Tradition Acqua di Parisis Venizia no te defraudar\u00e1. \\n \\nEst\u00e1 inspirado en la vida es bella de lancome.<\/p>\n","protected":false},"excerpt":{"rendered":"<p><strong>Notas Deliciosas y Sensuales<\/strong><\/p>\n<p>El nuevo perfume Reyane Tradition Acqua di Parisis Venizia est\u00e1 hecho con una combinaci\u00f3n \u00fanica de notas dulces y sensuales. Desde el aroma afrutado de la mandarina hasta las notas de rosa y jazm\u00edn, esta fragancia es perfecta para cualquier ocasi\u00f3n. Adem\u00e1s, las notas de vainilla y almizcle le dan a la fragancia un toque c\u00e1lido y sensual que te envolver\u00e1 en un abrazo acogedor.<\/p>\n<p><strong>Un Perfume Inolvidable<\/strong><\/p>\n<p>Si buscas un perfume que no solo huela bien, sino que tambi\u00e9n sea inolvidable, el Reyane Tradition Acqua di Parisis Venizia es el perfume para ti. Esta fragancia es perfecta para aquellas personas que quieren destacar y dejar una impresi\u00f3n duradera. Ya sea que est\u00e9s buscando un perfume para usar en una cita rom\u00e1ntica o en una noche de fiesta, el Reyane Tradition Acqua di Parisis Venizia no te defraudar\u00e1. \\n \\nEst\u00e1 inspirado en la vida es bella de lancome.<\/p>\n<p><span style=\"color: #ff4400;\"><strong>\u2705 <span style=\"color: #d9a569;\">Pagos 100% Contraentrega.<\/span><\/strong><\/span><br \/>\n<span style=\"color: #ff4400;\"><strong>\u2705 <span style=\"color: #d9a569;\">Env\u00edo Gratis a toda Colombia.<\/span><\/strong><\/span><br \/>\n<span style=\"color: #ff4400;\"><strong>\u2705 <span style=\"color: #d9a569;\">Perfumes 100% Originales.<\/span><\/strong><\/span><\/p>\n","protected":false},"featured_media":10721,"template":"","meta":[],"product_brand":[],"product_cat":[198,168,231],"product_tag":[],"class_list":{"0":"post-10786","1":"product","2":"type-product","3":"status-publish","4":"has-post-thumbnail","6":"product_cat-disenador","7":"product_cat-mujer","8":"product_cat-reyane-tradition","10":"first","11":"instock","12":"sale","13":"shipping-taxable","14":"purchasable","15":"product-type-simple"},"yoast_head":"<!-- This site is optimized with the Yoast SEO plugin v27.3 - https:\/\/yoast.com\/product\/yoast-seo-wordpress\/ -->\n<title>Reyane Tradition Acqua Di Parisis Venizia - Oud d\u2019Or - L\u2019essence du pouvoir<\/title>\n<meta name=\"robots\" content=\"index, follow, max-snippet:-1, max-image-preview:large, max-video-preview:-1\" \/>\n<link rel=\"canonical\" href=\"https:\/\/ouddorperfumes.com\/index.php\/producto\/reyane-tradition-acqua-di-parisis-venizia\/\" \/>\n<meta property=\"og:locale\" content=\"es_ES\" \/>\n<meta property=\"og:type\" content=\"article\" \/>\n<meta property=\"og:title\" content=\"Reyane Tradition Acqua Di Parisis Venizia - Oud d\u2019Or - L\u2019essence du pouvoir\" \/>\n<meta property=\"og:description\" content=\"Notas Deliciosas y Sensuales  El nuevo perfume Reyane Tradition Acqua di Parisis Venizia est\u00e1 hecho con una combinaci\u00f3n \u00fanica de notas dulces y sensuales. Desde el aroma afrutado de la mandarina hasta las notas de rosa y jazm\u00edn, esta fragancia es perfecta para cualquier ocasi\u00f3n. Adem\u00e1s, las notas de vainilla y almizcle le dan a la fragancia un toque c\u00e1lido y sensual que te envolver\u00e1 en un abrazo acogedor.  Un Perfume Inolvidable  Si buscas un perfume que no solo huela bien, sino que tambi\u00e9n sea inolvidable, el Reyane Tradition Acqua di Parisis Venizia es el perfume para ti. Esta fragancia es perfecta para aquellas personas que quieren destacar y dejar una impresi\u00f3n duradera. Ya sea que est\u00e9s buscando un perfume para usar en una cita rom\u00e1ntica o en una noche de fiesta, el Reyane Tradition Acqua di Parisis Venizia no te defraudar\u00e1. n nEst\u00e1 inspirado en la vida es bella de lancome.  \u2705 Pagos 100% Contraentrega. \u2705 Env\u00edo Gratis a toda Colombia. \u2705 Perfumes 100% Originales.\" \/>\n<meta property=\"og:url\" content=\"https:\/\/ouddorperfumes.com\/index.php\/producto\/reyane-tradition-acqua-di-parisis-venizia\/\" \/>\n<meta property=\"og:site_name\" content=\"Oud d\u2019Or - L\u2019essence du pouvoir\" \/>\n<meta property=\"article:modified_time\" content=\"2025-10-03T22:15:02+00:00\" \/>\n<meta property=\"og:image\" content=\"https:\/\/ouddorperfumes.com\/wp-content\/uploads\/2025\/07\/oud-78.jpg\" \/>\n\t<meta property=\"og:image:width\" content=\"1102\" \/>\n\t<meta property=\"og:image:height\" content=\"1102\" \/>\n\t<meta property=\"og:image:type\" content=\"image\/jpeg\" \/>\n<meta name=\"twitter:card\" content=\"summary_large_image\" \/>\n<meta name=\"twitter:label1\" content=\"Tiempo de lectura\" \/>\n\t<meta name=\"twitter:data1\" content=\"1 minuto\" \/>\n<script type=\"application\/ld+json\" class=\"yoast-schema-graph\">{\"@context\":\"https:\\\/\\\/schema.org\",\"@graph\":[{\"@type\":\"WebPage\",\"@id\":\"https:\\\/\\\/ouddorperfumes.com\\\/index.php\\\/producto\\\/reyane-tradition-acqua-di-parisis-venizia\\\/\",\"url\":\"https:\\\/\\\/ouddorperfumes.com\\\/index.php\\\/producto\\\/reyane-tradition-acqua-di-parisis-venizia\\\/\",\"name\":\"Reyane Tradition Acqua Di Parisis Venizia - Oud d\u2019Or - L\u2019essence du pouvoir\",\"isPartOf\":{\"@id\":\"https:\\\/\\\/ouddorperfumes.com\\\/#website\"},\"primaryImageOfPage\":{\"@id\":\"https:\\\/\\\/ouddorperfumes.com\\\/index.php\\\/producto\\\/reyane-tradition-acqua-di-parisis-venizia\\\/#primaryimage\"},\"image\":{\"@id\":\"https:\\\/\\\/ouddorperfumes.com\\\/index.php\\\/producto\\\/reyane-tradition-acqua-di-parisis-venizia\\\/#primaryimage\"},\"thumbnailUrl\":\"https:\\\/\\\/ouddorperfumes.com\\\/wp-content\\\/uploads\\\/2025\\\/07\\\/oud-78.jpg\",\"datePublished\":\"2025-07-25T02:29:30+00:00\",\"dateModified\":\"2025-10-03T22:15:02+00:00\",\"breadcrumb\":{\"@id\":\"https:\\\/\\\/ouddorperfumes.com\\\/index.php\\\/producto\\\/reyane-tradition-acqua-di-parisis-venizia\\\/#breadcrumb\"},\"inLanguage\":\"es\",\"potentialAction\":[{\"@type\":\"ReadAction\",\"target\":[\"https:\\\/\\\/ouddorperfumes.com\\\/index.php\\\/producto\\\/reyane-tradition-acqua-di-parisis-venizia\\\/\"]}]},{\"@type\":\"ImageObject\",\"inLanguage\":\"es\",\"@id\":\"https:\\\/\\\/ouddorperfumes.com\\\/index.php\\\/producto\\\/reyane-tradition-acqua-di-parisis-venizia\\\/#primaryimage\",\"url\":\"https:\\\/\\\/ouddorperfumes.com\\\/wp-content\\\/uploads\\\/2025\\\/07\\\/oud-78.jpg\",\"contentUrl\":\"https:\\\/\\\/ouddorperfumes.com\\\/wp-content\\\/uploads\\\/2025\\\/07\\\/oud-78.jpg\",\"width\":1102,\"height\":1102},{\"@type\":\"BreadcrumbList\",\"@id\":\"https:\\\/\\\/ouddorperfumes.com\\\/index.php\\\/producto\\\/reyane-tradition-acqua-di-parisis-venizia\\\/#breadcrumb\",\"itemListElement\":[{\"@type\":\"ListItem\",\"position\":1,\"name\":\"Portada\",\"item\":\"https:\\\/\\\/ouddorperfumes.com\\\/\"},{\"@type\":\"ListItem\",\"position\":2,\"name\":\"Todos los Perfumes\",\"item\":\"https:\\\/\\\/ouddorperfumes.com\\\/index.php\\\/todos-los-perfumes\\\/\"},{\"@type\":\"ListItem\",\"position\":3,\"name\":\"Reyane Tradition Acqua Di Parisis Venizia\"}]},{\"@type\":\"WebSite\",\"@id\":\"https:\\\/\\\/ouddorperfumes.com\\\/#website\",\"url\":\"https:\\\/\\\/ouddorperfumes.com\\\/\",\"name\":\"Oud d\u2019Or - L\u2019essence du pouvoir\",\"description\":\"Perfumes Arabes 100% Originales\",\"potentialAction\":[{\"@type\":\"SearchAction\",\"target\":{\"@type\":\"EntryPoint\",\"urlTemplate\":\"https:\\\/\\\/ouddorperfumes.com\\\/?s={search_term_string}\"},\"query-input\":{\"@type\":\"PropertyValueSpecification\",\"valueRequired\":true,\"valueName\":\"search_term_string\"}}],\"inLanguage\":\"es\"}]}<\/script>\n<!-- \/ Yoast SEO plugin. -->","yoast_head_json":{"title":"Reyane Tradition Acqua Di Parisis Venizia - Oud d\u2019Or - L\u2019essence du pouvoir","robots":{"index":"index","follow":"follow","max-snippet":"max-snippet:-1","max-image-preview":"max-image-preview:large","max-video-preview":"max-video-preview:-1"},"canonical":"https:\/\/ouddorperfumes.com\/index.php\/producto\/reyane-tradition-acqua-di-parisis-venizia\/","og_locale":"es_ES","og_type":"article","og_title":"Reyane Tradition Acqua Di Parisis Venizia - Oud d\u2019Or - L\u2019essence du pouvoir","og_description":"Notas Deliciosas y Sensuales  El nuevo perfume Reyane Tradition Acqua di Parisis Venizia est\u00e1 hecho con una combinaci\u00f3n \u00fanica de notas dulces y sensuales. Desde el aroma afrutado de la mandarina hasta las notas de rosa y jazm\u00edn, esta fragancia es perfecta para cualquier ocasi\u00f3n. Adem\u00e1s, las notas de vainilla y almizcle le dan a la fragancia un toque c\u00e1lido y sensual que te envolver\u00e1 en un abrazo acogedor.  Un Perfume Inolvidable  Si buscas un perfume que no solo huela bien, sino que tambi\u00e9n sea inolvidable, el Reyane Tradition Acqua di Parisis Venizia es el perfume para ti. Esta fragancia es perfecta para aquellas personas que quieren destacar y dejar una impresi\u00f3n duradera. Ya sea que est\u00e9s buscando un perfume para usar en una cita rom\u00e1ntica o en una noche de fiesta, el Reyane Tradition Acqua di Parisis Venizia no te defraudar\u00e1. n nEst\u00e1 inspirado en la vida es bella de lancome.  \u2705 Pagos 100% Contraentrega. \u2705 Env\u00edo Gratis a toda Colombia. \u2705 Perfumes 100% Originales.","og_url":"https:\/\/ouddorperfumes.com\/index.php\/producto\/reyane-tradition-acqua-di-parisis-venizia\/","og_site_name":"Oud d\u2019Or - L\u2019essence du pouvoir","article_modified_time":"2025-10-03T22:15:02+00:00","og_image":[{"width":1102,"height":1102,"url":"https:\/\/ouddorperfumes.com\/wp-content\/uploads\/2025\/07\/oud-78.jpg","type":"image\/jpeg"}],"twitter_card":"summary_large_image","twitter_misc":{"Tiempo de lectura":"1 minuto"},"schema":{"@context":"https:\/\/schema.org","@graph":[{"@type":"WebPage","@id":"https:\/\/ouddorperfumes.com\/index.php\/producto\/reyane-tradition-acqua-di-parisis-venizia\/","url":"https:\/\/ouddorperfumes.com\/index.php\/producto\/reyane-tradition-acqua-di-parisis-venizia\/","name":"Reyane Tradition Acqua Di Parisis Venizia - Oud d\u2019Or - L\u2019essence du pouvoir","isPartOf":{"@id":"https:\/\/ouddorperfumes.com\/#website"},"primaryImageOfPage":{"@id":"https:\/\/ouddorperfumes.com\/index.php\/producto\/reyane-tradition-acqua-di-parisis-venizia\/#primaryimage"},"image":{"@id":"https:\/\/ouddorperfumes.com\/index.php\/producto\/reyane-tradition-acqua-di-parisis-venizia\/#primaryimage"},"thumbnailUrl":"https:\/\/ouddorperfumes.com\/wp-content\/uploads\/2025\/07\/oud-78.jpg","datePublished":"2025-07-25T02:29:30+00:00","dateModified":"2025-10-03T22:15:02+00:00","breadcrumb":{"@id":"https:\/\/ouddorperfumes.com\/index.php\/producto\/reyane-tradition-acqua-di-parisis-venizia\/#breadcrumb"},"inLanguage":"es","potentialAction":[{"@type":"ReadAction","target":["https:\/\/ouddorperfumes.com\/index.php\/producto\/reyane-tradition-acqua-di-parisis-venizia\/"]}]},{"@type":"ImageObject","inLanguage":"es","@id":"https:\/\/ouddorperfumes.com\/index.php\/producto\/reyane-tradition-acqua-di-parisis-venizia\/#primaryimage","url":"https:\/\/ouddorperfumes.com\/wp-content\/uploads\/2025\/07\/oud-78.jpg","contentUrl":"https:\/\/ouddorperfumes.com\/wp-content\/uploads\/2025\/07\/oud-78.jpg","width":1102,"height":1102},{"@type":"BreadcrumbList","@id":"https:\/\/ouddorperfumes.com\/index.php\/producto\/reyane-tradition-acqua-di-parisis-venizia\/#breadcrumb","itemListElement":[{"@type":"ListItem","position":1,"name":"Portada","item":"https:\/\/ouddorperfumes.com\/"},{"@type":"ListItem","position":2,"name":"Todos los Perfumes","item":"https:\/\/ouddorperfumes.com\/index.php\/todos-los-perfumes\/"},{"@type":"ListItem","position":3,"name":"Reyane Tradition Acqua Di Parisis Venizia"}]},{"@type":"WebSite","@id":"https:\/\/ouddorperfumes.com\/#website","url":"https:\/\/ouddorperfumes.com\/","name":"Oud d\u2019Or - L\u2019essence du pouvoir","description":"Perfumes Arabes 100% Originales","potentialAction":[{"@type":"SearchAction","target":{"@type":"EntryPoint","urlTemplate":"https:\/\/ouddorperfumes.com\/?s={search_term_string}"},"query-input":{"@type":"PropertyValueSpecification","valueRequired":true,"valueName":"search_term_string"}}],"inLanguage":"es"}]}},"_links":{"self":[{"href":"https:\/\/ouddorperfumes.com\/index.php\/wp-json\/wp\/v2\/product\/10786","targetHints":{"allow":["GET"]}}],"collection":[{"href":"https:\/\/ouddorperfumes.com\/index.php\/wp-json\/wp\/v2\/product"}],"about":[{"href":"https:\/\/ouddorperfumes.com\/index.php\/wp-json\/wp\/v2\/types\/product"}],"version-history":[{"count":1,"href":"https:\/\/ouddorperfumes.com\/index.php\/wp-json\/wp\/v2\/product\/10786\/revisions"}],"predecessor-version":[{"id":11678,"href":"https:\/\/ouddorperfumes.com\/index.php\/wp-json\/wp\/v2\/product\/10786\/revisions\/11678"}],"wp:featuredmedia":[{"embeddable":true,"href":"https:\/\/ouddorperfumes.com\/index.php\/wp-json\/wp\/v2\/media\/10721"}],"wp:attachment":[{"href":"https:\/\/ouddorperfumes.com\/index.php\/wp-json\/wp\/v2\/media?parent=10786"}],"wp:term":[{"taxonomy":"product_brand","embeddable":true,"href":"https:\/\/ouddorperfumes.com\/index.php\/wp-json\/wp\/v2\/product_brand?post=10786"},{"taxonomy":"product_cat","embeddable":true,"href":"https:\/\/ouddorperfumes.com\/index.php\/wp-json\/wp\/v2\/product_cat?post=10786"},{"taxonomy":"product_tag","embeddable":true,"href":"https:\/\/ouddorperfumes.com\/index.php\/wp-json\/wp\/v2\/product_tag?post=10786"}],"curies":[{"name":"wp","href":"https:\/\/api.w.org\/{rel}","templated":true}]}}