{"id":10790,"date":"2025-07-24T21:35:31","date_gmt":"2025-07-25T02:35:31","guid":{"rendered":"https:\/\/ouddorperfumes.com\/index.php\/producto\/ariana-grande-cloud-pink-x-100-ml-origin\/"},"modified":"2025-10-03T17:13:34","modified_gmt":"2025-10-03T22:13:34","slug":"ariana-grande-cloud-pink-100-ml-original","status":"publish","type":"product","link":"https:\/\/ouddorperfumes.com\/index.php\/producto\/ariana-grande-cloud-pink-100-ml-original\/","title":{"rendered":"Ariana Grande Cloud Pink 100 ml Original"},"content":{"rendered":"<p><strong>Cloud Pink <\/strong>de<strong> Ariana Grande<\/strong> es una fragancia encantadora y sofisticada que combina dulzura y frescura en una sola esencia. Pertenece a la familia olfativa Oriental Vainilla, y fue lanzada en 2023, dise\u00f1ada para la mujer moderna que busca una fragancia envolvente y cautivadora.<\/p>\n<p>Las notas de salida de pitahaya, bayas silvestres y pi\u00f1a crean una apertura fresca y afrutada, seguida de un coraz\u00f3n delicado que fusiona agua de coco, orqu\u00eddea de vainilla y almizcle ambreta, ofreciendo una sensaci\u00f3n cremosa y floral. En su fondo, las notas de pralin\u00e9, almizcle, amberwood y musgo aportan una base dulce y c\u00e1lida, con un toque de elegancia que perdura en la piel.<\/p>\n<p>Ideal para ocasiones nocturnas o eventos especiales, Cloud Pink proyecta una sensualidad ligera, perfecta para quienes buscan una fragancia envolvente pero fresca. Su equilibrio entre lo dulce y lo ex\u00f3tico lo convierte en el perfume perfecto para mujeres que desean destacar con un aroma \u00fanico y sofisticado.<\/p>\n","protected":false},"excerpt":{"rendered":"<p><strong>Cloud Pink <\/strong>de<strong> Ariana Grande<\/strong> es una fragancia encantadora y sofisticada que combina dulzura y frescura en una sola esencia. Pertenece a la familia olfativa Oriental Vainilla, y fue lanzada en 2023, dise\u00f1ada para la mujer moderna que busca una fragancia envolvente y cautivadora.<\/p>\n<p>Las notas de salida de pitahaya, bayas silvestres y pi\u00f1a crean una apertura fresca y afrutada, seguida de un coraz\u00f3n delicado que fusiona agua de coco, orqu\u00eddea de vainilla y almizcle ambreta, ofreciendo una sensaci\u00f3n cremosa y floral. En su fondo, las notas de pralin\u00e9, almizcle, amberwood y musgo aportan una base dulce y c\u00e1lida, con un toque de elegancia que perdura en la piel.<\/p>\n<p>Ideal para ocasiones nocturnas o eventos especiales, Cloud Pink proyecta una sensualidad ligera, perfecta para quienes buscan una fragancia envolvente pero fresca. Su equilibrio entre lo dulce y lo ex\u00f3tico lo convierte en el perfume perfecto para mujeres que desean destacar con un aroma \u00fanico y sofisticado.<\/p>\n<p><span style=\"color: #ff4400;\"><strong>\u2705 <span style=\"color: #d9a569;\">Pagos 100% Contraentrega.<\/span><\/strong><\/span><br \/>\n<span style=\"color: #ff4400;\"><strong>\u2705 <span style=\"color: #d9a569;\">Env\u00edo Gratis a toda Colombia.<\/span><\/strong><\/span><br \/>\n<span style=\"color: #ff4400;\"><strong>\u2705 <span style=\"color: #d9a569;\">Perfumes 100% Originales.<\/span><\/strong><\/span><\/p>\n","protected":false},"featured_media":11052,"template":"","meta":[],"product_brand":[],"product_cat":[190,198,168],"product_tag":[],"class_list":{"0":"post-10790","1":"product","2":"type-product","3":"status-publish","4":"has-post-thumbnail","6":"product_cat-ariana-grande","7":"product_cat-disenador","8":"product_cat-mujer","10":"first","11":"instock","12":"sale","13":"shipping-taxable","14":"purchasable","15":"product-type-simple"},"yoast_head":"<!-- This site is optimized with the Yoast SEO plugin v27.3 - https:\/\/yoast.com\/product\/yoast-seo-wordpress\/ -->\n<title>Ariana Grande Cloud Pink 100 ml Original - Oud d\u2019Or - L\u2019essence du pouvoir<\/title>\n<meta name=\"robots\" content=\"index, follow, max-snippet:-1, max-image-preview:large, max-video-preview:-1\" \/>\n<link rel=\"canonical\" href=\"https:\/\/ouddorperfumes.com\/index.php\/producto\/ariana-grande-cloud-pink-100-ml-original\/\" \/>\n<meta property=\"og:locale\" content=\"es_ES\" \/>\n<meta property=\"og:type\" content=\"article\" \/>\n<meta property=\"og:title\" content=\"Ariana Grande Cloud Pink 100 ml Original - Oud d\u2019Or - L\u2019essence du pouvoir\" \/>\n<meta property=\"og:description\" content=\"Cloud Pink de Ariana Grande es una fragancia encantadora y sofisticada que combina dulzura y frescura en una sola esencia. Pertenece a la familia olfativa Oriental Vainilla, y fue lanzada en 2023, dise\u00f1ada para la mujer moderna que busca una fragancia envolvente y cautivadora.  Las notas de salida de pitahaya, bayas silvestres y pi\u00f1a crean una apertura fresca y afrutada, seguida de un coraz\u00f3n delicado que fusiona agua de coco, orqu\u00eddea de vainilla y almizcle ambreta, ofreciendo una sensaci\u00f3n cremosa y floral. En su fondo, las notas de pralin\u00e9, almizcle, amberwood y musgo aportan una base dulce y c\u00e1lida, con un toque de elegancia que perdura en la piel.  Ideal para ocasiones nocturnas o eventos especiales, Cloud Pink proyecta una sensualidad ligera, perfecta para quienes buscan una fragancia envolvente pero fresca. Su equilibrio entre lo dulce y lo ex\u00f3tico lo convierte en el perfume perfecto para mujeres que desean destacar con un aroma \u00fanico y sofisticado.  \u2705 Pagos 100% Contraentrega. \u2705 Env\u00edo Gratis a toda Colombia. \u2705 Perfumes 100% Originales.\" \/>\n<meta property=\"og:url\" content=\"https:\/\/ouddorperfumes.com\/index.php\/producto\/ariana-grande-cloud-pink-100-ml-original\/\" \/>\n<meta property=\"og:site_name\" content=\"Oud d\u2019Or - L\u2019essence du pouvoir\" \/>\n<meta property=\"article:modified_time\" content=\"2025-10-03T22:13:34+00:00\" \/>\n<meta property=\"og:image\" content=\"https:\/\/ouddorperfumes.com\/wp-content\/uploads\/2025\/07\/Oud-118.jpg\" \/>\n\t<meta property=\"og:image:width\" content=\"1102\" \/>\n\t<meta property=\"og:image:height\" content=\"1102\" \/>\n\t<meta property=\"og:image:type\" content=\"image\/jpeg\" \/>\n<meta name=\"twitter:card\" content=\"summary_large_image\" \/>\n<meta name=\"twitter:label1\" content=\"Tiempo de lectura\" \/>\n\t<meta name=\"twitter:data1\" content=\"1 minuto\" \/>\n<script type=\"application\/ld+json\" class=\"yoast-schema-graph\">{\"@context\":\"https:\\\/\\\/schema.org\",\"@graph\":[{\"@type\":\"WebPage\",\"@id\":\"https:\\\/\\\/ouddorperfumes.com\\\/index.php\\\/producto\\\/ariana-grande-cloud-pink-100-ml-original\\\/\",\"url\":\"https:\\\/\\\/ouddorperfumes.com\\\/index.php\\\/producto\\\/ariana-grande-cloud-pink-100-ml-original\\\/\",\"name\":\"Ariana Grande Cloud Pink 100 ml Original - Oud d\u2019Or - L\u2019essence du pouvoir\",\"isPartOf\":{\"@id\":\"https:\\\/\\\/ouddorperfumes.com\\\/#website\"},\"primaryImageOfPage\":{\"@id\":\"https:\\\/\\\/ouddorperfumes.com\\\/index.php\\\/producto\\\/ariana-grande-cloud-pink-100-ml-original\\\/#primaryimage\"},\"image\":{\"@id\":\"https:\\\/\\\/ouddorperfumes.com\\\/index.php\\\/producto\\\/ariana-grande-cloud-pink-100-ml-original\\\/#primaryimage\"},\"thumbnailUrl\":\"https:\\\/\\\/ouddorperfumes.com\\\/wp-content\\\/uploads\\\/2025\\\/07\\\/Oud-118.jpg\",\"datePublished\":\"2025-07-25T02:35:31+00:00\",\"dateModified\":\"2025-10-03T22:13:34+00:00\",\"breadcrumb\":{\"@id\":\"https:\\\/\\\/ouddorperfumes.com\\\/index.php\\\/producto\\\/ariana-grande-cloud-pink-100-ml-original\\\/#breadcrumb\"},\"inLanguage\":\"es\",\"potentialAction\":[{\"@type\":\"ReadAction\",\"target\":[\"https:\\\/\\\/ouddorperfumes.com\\\/index.php\\\/producto\\\/ariana-grande-cloud-pink-100-ml-original\\\/\"]}]},{\"@type\":\"ImageObject\",\"inLanguage\":\"es\",\"@id\":\"https:\\\/\\\/ouddorperfumes.com\\\/index.php\\\/producto\\\/ariana-grande-cloud-pink-100-ml-original\\\/#primaryimage\",\"url\":\"https:\\\/\\\/ouddorperfumes.com\\\/wp-content\\\/uploads\\\/2025\\\/07\\\/Oud-118.jpg\",\"contentUrl\":\"https:\\\/\\\/ouddorperfumes.com\\\/wp-content\\\/uploads\\\/2025\\\/07\\\/Oud-118.jpg\",\"width\":1102,\"height\":1102},{\"@type\":\"BreadcrumbList\",\"@id\":\"https:\\\/\\\/ouddorperfumes.com\\\/index.php\\\/producto\\\/ariana-grande-cloud-pink-100-ml-original\\\/#breadcrumb\",\"itemListElement\":[{\"@type\":\"ListItem\",\"position\":1,\"name\":\"Portada\",\"item\":\"https:\\\/\\\/ouddorperfumes.com\\\/\"},{\"@type\":\"ListItem\",\"position\":2,\"name\":\"Todos los Perfumes\",\"item\":\"https:\\\/\\\/ouddorperfumes.com\\\/index.php\\\/todos-los-perfumes\\\/\"},{\"@type\":\"ListItem\",\"position\":3,\"name\":\"Ariana Grande Cloud Pink 100 ml Original\"}]},{\"@type\":\"WebSite\",\"@id\":\"https:\\\/\\\/ouddorperfumes.com\\\/#website\",\"url\":\"https:\\\/\\\/ouddorperfumes.com\\\/\",\"name\":\"Oud d\u2019Or - L\u2019essence du pouvoir\",\"description\":\"Perfumes Arabes 100% Originales\",\"potentialAction\":[{\"@type\":\"SearchAction\",\"target\":{\"@type\":\"EntryPoint\",\"urlTemplate\":\"https:\\\/\\\/ouddorperfumes.com\\\/?s={search_term_string}\"},\"query-input\":{\"@type\":\"PropertyValueSpecification\",\"valueRequired\":true,\"valueName\":\"search_term_string\"}}],\"inLanguage\":\"es\"}]}<\/script>\n<!-- \/ Yoast SEO plugin. -->","yoast_head_json":{"title":"Ariana Grande Cloud Pink 100 ml Original - Oud d\u2019Or - L\u2019essence du pouvoir","robots":{"index":"index","follow":"follow","max-snippet":"max-snippet:-1","max-image-preview":"max-image-preview:large","max-video-preview":"max-video-preview:-1"},"canonical":"https:\/\/ouddorperfumes.com\/index.php\/producto\/ariana-grande-cloud-pink-100-ml-original\/","og_locale":"es_ES","og_type":"article","og_title":"Ariana Grande Cloud Pink 100 ml Original - Oud d\u2019Or - L\u2019essence du pouvoir","og_description":"Cloud Pink de Ariana Grande es una fragancia encantadora y sofisticada que combina dulzura y frescura en una sola esencia. Pertenece a la familia olfativa Oriental Vainilla, y fue lanzada en 2023, dise\u00f1ada para la mujer moderna que busca una fragancia envolvente y cautivadora.  Las notas de salida de pitahaya, bayas silvestres y pi\u00f1a crean una apertura fresca y afrutada, seguida de un coraz\u00f3n delicado que fusiona agua de coco, orqu\u00eddea de vainilla y almizcle ambreta, ofreciendo una sensaci\u00f3n cremosa y floral. En su fondo, las notas de pralin\u00e9, almizcle, amberwood y musgo aportan una base dulce y c\u00e1lida, con un toque de elegancia que perdura en la piel.  Ideal para ocasiones nocturnas o eventos especiales, Cloud Pink proyecta una sensualidad ligera, perfecta para quienes buscan una fragancia envolvente pero fresca. Su equilibrio entre lo dulce y lo ex\u00f3tico lo convierte en el perfume perfecto para mujeres que desean destacar con un aroma \u00fanico y sofisticado.  \u2705 Pagos 100% Contraentrega. \u2705 Env\u00edo Gratis a toda Colombia. \u2705 Perfumes 100% Originales.","og_url":"https:\/\/ouddorperfumes.com\/index.php\/producto\/ariana-grande-cloud-pink-100-ml-original\/","og_site_name":"Oud d\u2019Or - L\u2019essence du pouvoir","article_modified_time":"2025-10-03T22:13:34+00:00","og_image":[{"width":1102,"height":1102,"url":"https:\/\/ouddorperfumes.com\/wp-content\/uploads\/2025\/07\/Oud-118.jpg","type":"image\/jpeg"}],"twitter_card":"summary_large_image","twitter_misc":{"Tiempo de lectura":"1 minuto"},"schema":{"@context":"https:\/\/schema.org","@graph":[{"@type":"WebPage","@id":"https:\/\/ouddorperfumes.com\/index.php\/producto\/ariana-grande-cloud-pink-100-ml-original\/","url":"https:\/\/ouddorperfumes.com\/index.php\/producto\/ariana-grande-cloud-pink-100-ml-original\/","name":"Ariana Grande Cloud Pink 100 ml Original - Oud d\u2019Or - L\u2019essence du pouvoir","isPartOf":{"@id":"https:\/\/ouddorperfumes.com\/#website"},"primaryImageOfPage":{"@id":"https:\/\/ouddorperfumes.com\/index.php\/producto\/ariana-grande-cloud-pink-100-ml-original\/#primaryimage"},"image":{"@id":"https:\/\/ouddorperfumes.com\/index.php\/producto\/ariana-grande-cloud-pink-100-ml-original\/#primaryimage"},"thumbnailUrl":"https:\/\/ouddorperfumes.com\/wp-content\/uploads\/2025\/07\/Oud-118.jpg","datePublished":"2025-07-25T02:35:31+00:00","dateModified":"2025-10-03T22:13:34+00:00","breadcrumb":{"@id":"https:\/\/ouddorperfumes.com\/index.php\/producto\/ariana-grande-cloud-pink-100-ml-original\/#breadcrumb"},"inLanguage":"es","potentialAction":[{"@type":"ReadAction","target":["https:\/\/ouddorperfumes.com\/index.php\/producto\/ariana-grande-cloud-pink-100-ml-original\/"]}]},{"@type":"ImageObject","inLanguage":"es","@id":"https:\/\/ouddorperfumes.com\/index.php\/producto\/ariana-grande-cloud-pink-100-ml-original\/#primaryimage","url":"https:\/\/ouddorperfumes.com\/wp-content\/uploads\/2025\/07\/Oud-118.jpg","contentUrl":"https:\/\/ouddorperfumes.com\/wp-content\/uploads\/2025\/07\/Oud-118.jpg","width":1102,"height":1102},{"@type":"BreadcrumbList","@id":"https:\/\/ouddorperfumes.com\/index.php\/producto\/ariana-grande-cloud-pink-100-ml-original\/#breadcrumb","itemListElement":[{"@type":"ListItem","position":1,"name":"Portada","item":"https:\/\/ouddorperfumes.com\/"},{"@type":"ListItem","position":2,"name":"Todos los Perfumes","item":"https:\/\/ouddorperfumes.com\/index.php\/todos-los-perfumes\/"},{"@type":"ListItem","position":3,"name":"Ariana Grande Cloud Pink 100 ml Original"}]},{"@type":"WebSite","@id":"https:\/\/ouddorperfumes.com\/#website","url":"https:\/\/ouddorperfumes.com\/","name":"Oud d\u2019Or - L\u2019essence du pouvoir","description":"Perfumes Arabes 100% Originales","potentialAction":[{"@type":"SearchAction","target":{"@type":"EntryPoint","urlTemplate":"https:\/\/ouddorperfumes.com\/?s={search_term_string}"},"query-input":{"@type":"PropertyValueSpecification","valueRequired":true,"valueName":"search_term_string"}}],"inLanguage":"es"}]}},"_links":{"self":[{"href":"https:\/\/ouddorperfumes.com\/index.php\/wp-json\/wp\/v2\/product\/10790","targetHints":{"allow":["GET"]}}],"collection":[{"href":"https:\/\/ouddorperfumes.com\/index.php\/wp-json\/wp\/v2\/product"}],"about":[{"href":"https:\/\/ouddorperfumes.com\/index.php\/wp-json\/wp\/v2\/types\/product"}],"version-history":[{"count":1,"href":"https:\/\/ouddorperfumes.com\/index.php\/wp-json\/wp\/v2\/product\/10790\/revisions"}],"predecessor-version":[{"id":11674,"href":"https:\/\/ouddorperfumes.com\/index.php\/wp-json\/wp\/v2\/product\/10790\/revisions\/11674"}],"wp:featuredmedia":[{"embeddable":true,"href":"https:\/\/ouddorperfumes.com\/index.php\/wp-json\/wp\/v2\/media\/11052"}],"wp:attachment":[{"href":"https:\/\/ouddorperfumes.com\/index.php\/wp-json\/wp\/v2\/media?parent=10790"}],"wp:term":[{"taxonomy":"product_brand","embeddable":true,"href":"https:\/\/ouddorperfumes.com\/index.php\/wp-json\/wp\/v2\/product_brand?post=10790"},{"taxonomy":"product_cat","embeddable":true,"href":"https:\/\/ouddorperfumes.com\/index.php\/wp-json\/wp\/v2\/product_cat?post=10790"},{"taxonomy":"product_tag","embeddable":true,"href":"https:\/\/ouddorperfumes.com\/index.php\/wp-json\/wp\/v2\/product_tag?post=10790"}],"curies":[{"name":"wp","href":"https:\/\/api.w.org\/{rel}","templated":true}]}}