{"id":10792,"date":"2025-07-24T21:36:25","date_gmt":"2025-07-25T02:36:25","guid":{"rendered":"https:\/\/ouddorperfumes.com\/index.php\/producto\/jo-milano-game-of-spades-wild-card-origi\/"},"modified":"2025-10-03T17:12:56","modified_gmt":"2025-10-03T22:12:56","slug":"game-of-spades-wildcard-jo-milano-original","status":"publish","type":"product","link":"https:\/\/ouddorperfumes.com\/index.php\/producto\/game-of-spades-wildcard-jo-milano-original\/","title":{"rendered":"Game of Spades WildCard Jo Milano Original"},"content":{"rendered":"<p><strong>Este perfume se encuentra inspirado en Bond 9 Lafayette Street.<\/strong><\/p>\n<div class=\"flex-1 overflow-hidden\">\n<div class=\"react-scroll-to-bottom--css-fpajn-79elbk h-full\">\n<div class=\"react-scroll-to-bottom--css-fpajn-1n7m0yu\">\n<div class=\"flex flex-col pb-9 text-sm\">\n<div class=\"w-full text-token-text-primary\" data-testid=\"conversation-turn-274\">\n<div class=\"px-4 py-2 justify-center text-base md:gap-6 m-auto\">\n<div class=\"flex flex-1 text-base mx-auto gap-3 md:px-5 lg:px-1 xl:px-5 md:max-w-3xl lg:max-w-[40rem] xl:max-w-[48rem] group final-completion\">\n<div class=\"relative flex w-full flex-col lg:w-[calc(100%-115px)] agent-turn\">\n<div class=\"flex-col gap-1 md:gap-3\">\n<div class=\"flex flex-grow flex-col max-w-full\">\n<div class=\"min-h-[20px] text-message flex flex-col items-start gap-3 whitespace-pre-wrap break-words [.text-message+&amp;]:mt-5 overflow-x-auto\" data-message-id=\"641fe317-8f2e-4d33-a408-ac7230047303\" data-message-author-role=\"assistant\">\n<div class=\"markdown prose w-full break-words dark:prose-invert light\">\n<p>Game of Spades Wildcard es una fragancia intrigante y lujosa, inspirada en la ic\u00f3nica Bond 9 Lafayette Street. Su aroma est\u00e1 impregnado de notas de \u00e1mbar y vainilla que le aportan calidez y dulzura, mientras que las notas arom\u00e1ticas y afrutadas a\u00f1aden un toque fresco y fascinante. Esta fragancia es como un comod\u00edn en el juego de las fragancias, capaz de sorprender y cautivar a todos los sentidos. Ideal para quienes buscan un aroma distintivo y elegante que se destaque en cualquier ocasi\u00f3n.<\/p>\n<p>Wildcard es una elecci\u00f3n audaz y sofisticada para aquellos que aprecian la exclusividad y el encanto de una fragancia \u00fanica.<\/p>\n<\/div>\n<\/div>\n<\/div>\n<\/div>\n<\/div>\n<\/div>\n<\/div>\n<\/div>\n<\/div>\n<\/div>\n<\/div>\n<\/div>\n","protected":false},"excerpt":{"rendered":"<p><strong>Este perfume se encuentra inspirado en Bond 9 Lafayette Street.<\/strong><\/p>\n<div class=\"flex-1 overflow-hidden\">\n<div class=\"react-scroll-to-bottom--css-fpajn-79elbk h-full\">\n<div class=\"react-scroll-to-bottom--css-fpajn-1n7m0yu\">\n<div class=\"flex flex-col pb-9 text-sm\">\n<div class=\"w-full text-token-text-primary\" data-testid=\"conversation-turn-274\">\n<div class=\"px-4 py-2 justify-center text-base md:gap-6 m-auto\">\n<div class=\"flex flex-1 text-base mx-auto gap-3 md:px-5 lg:px-1 xl:px-5 md:max-w-3xl lg:max-w-[40rem] xl:max-w-[48rem] group final-completion\">\n<div class=\"relative flex w-full flex-col lg:w-[calc(100%-115px)] agent-turn\">\n<div class=\"flex-col gap-1 md:gap-3\">\n<div class=\"flex flex-grow flex-col max-w-full\">\n<div class=\"min-h-[20px] text-message flex flex-col items-start gap-3 whitespace-pre-wrap break-words [.text-message+&amp;]:mt-5 overflow-x-auto\" data-message-id=\"641fe317-8f2e-4d33-a408-ac7230047303\" data-message-author-role=\"assistant\">\n<div class=\"markdown prose w-full break-words dark:prose-invert light\">\n<p>Game of Spades Wildcard es una fragancia intrigante y lujosa, inspirada en la ic\u00f3nica Bond 9 Lafayette Street. Su aroma est\u00e1 impregnado de notas de \u00e1mbar y vainilla que le aportan calidez y dulzura, mientras que las notas arom\u00e1ticas y afrutadas a\u00f1aden un toque fresco y fascinante. Esta fragancia es como un comod\u00edn en el juego de las fragancias, capaz de sorprender y cautivar a todos los sentidos. Ideal para quienes buscan un aroma distintivo y elegante que se destaque en cualquier ocasi\u00f3n.<\/p>\n<p>Wildcard es una elecci\u00f3n audaz y sofisticada para aquellos que aprecian la exclusividad y el encanto de una fragancia \u00fanica.<\/p>\n<p><span style=\"color: #ff4400;\"><strong>\u2705 <span style=\"color: #d9a569;\">Pagos 100% Contraentrega.<\/span><\/strong><\/span><br \/>\n<span style=\"color: #ff4400;\"><strong>\u2705 <span style=\"color: #d9a569;\">Env\u00edo Gratis a toda Colombia.<\/span><\/strong><\/span><br \/>\n<span style=\"color: #ff4400;\"><strong>\u2705 <span style=\"color: #d9a569;\">Perfumes 100% Originales.<\/span><\/strong><\/span><\/p>\n<\/div>\n<\/div>\n<\/div>\n<\/div>\n<\/div>\n<\/div>\n<\/div>\n<\/div>\n<\/div>\n<\/div>\n<\/div>\n<\/div>\n","protected":false},"featured_media":10662,"template":"","meta":[],"product_brand":[],"product_cat":[232,169],"product_tag":[],"class_list":{"0":"post-10792","1":"product","2":"type-product","3":"status-publish","4":"has-post-thumbnail","6":"product_cat-game-of-spades","7":"product_cat-hombre","9":"first","10":"instock","11":"sale","12":"shipping-taxable","13":"purchasable","14":"product-type-simple"},"yoast_head":"<!-- This site is optimized with the Yoast SEO plugin v27.3 - https:\/\/yoast.com\/product\/yoast-seo-wordpress\/ -->\n<title>Game of Spades WildCard Jo Milano Original - Oud d\u2019Or - L\u2019essence du pouvoir<\/title>\n<meta name=\"robots\" content=\"index, follow, max-snippet:-1, max-image-preview:large, max-video-preview:-1\" \/>\n<link rel=\"canonical\" href=\"https:\/\/ouddorperfumes.com\/index.php\/producto\/game-of-spades-wildcard-jo-milano-original\/\" \/>\n<meta property=\"og:locale\" content=\"es_ES\" \/>\n<meta property=\"og:type\" content=\"article\" \/>\n<meta property=\"og:title\" content=\"Game of Spades WildCard Jo Milano Original - Oud d\u2019Or - L\u2019essence du pouvoir\" \/>\n<meta property=\"og:description\" content=\"Este perfume se encuentra inspirado en Bond 9 Lafayette Street.              Game of Spades Wildcard es una fragancia intrigante y lujosa, inspirada en la ic\u00f3nica Bond 9 Lafayette Street. Su aroma est\u00e1 impregnado de notas de \u00e1mbar y vainilla que le aportan calidez y dulzura, mientras que las notas arom\u00e1ticas y afrutadas a\u00f1aden un toque fresco y fascinante. Esta fragancia es como un comod\u00edn en el juego de las fragancias, capaz de sorprender y cautivar a todos los sentidos. Ideal para quienes buscan un aroma distintivo y elegante que se destaque en cualquier ocasi\u00f3n.  Wildcard es una elecci\u00f3n audaz y sofisticada para aquellos que aprecian la exclusividad y el encanto de una fragancia \u00fanica.  \u2705 Pagos 100% Contraentrega. \u2705 Env\u00edo Gratis a toda Colombia. \u2705 Perfumes 100% Originales.\" \/>\n<meta property=\"og:url\" content=\"https:\/\/ouddorperfumes.com\/index.php\/producto\/game-of-spades-wildcard-jo-milano-original\/\" \/>\n<meta property=\"og:site_name\" content=\"Oud d\u2019Or - L\u2019essence du pouvoir\" \/>\n<meta property=\"article:modified_time\" content=\"2025-10-03T22:12:56+00:00\" \/>\n<meta property=\"og:image\" content=\"https:\/\/ouddorperfumes.com\/wp-content\/uploads\/2025\/07\/oud-19.jpg\" \/>\n\t<meta property=\"og:image:width\" content=\"1102\" \/>\n\t<meta property=\"og:image:height\" content=\"1102\" \/>\n\t<meta property=\"og:image:type\" content=\"image\/jpeg\" \/>\n<meta name=\"twitter:card\" content=\"summary_large_image\" \/>\n<meta name=\"twitter:label1\" content=\"Tiempo de lectura\" \/>\n\t<meta name=\"twitter:data1\" content=\"1 minuto\" \/>\n<script type=\"application\/ld+json\" class=\"yoast-schema-graph\">{\"@context\":\"https:\\\/\\\/schema.org\",\"@graph\":[{\"@type\":\"WebPage\",\"@id\":\"https:\\\/\\\/ouddorperfumes.com\\\/index.php\\\/producto\\\/game-of-spades-wildcard-jo-milano-original\\\/\",\"url\":\"https:\\\/\\\/ouddorperfumes.com\\\/index.php\\\/producto\\\/game-of-spades-wildcard-jo-milano-original\\\/\",\"name\":\"Game of Spades WildCard Jo Milano Original - Oud d\u2019Or - L\u2019essence du pouvoir\",\"isPartOf\":{\"@id\":\"https:\\\/\\\/ouddorperfumes.com\\\/#website\"},\"primaryImageOfPage\":{\"@id\":\"https:\\\/\\\/ouddorperfumes.com\\\/index.php\\\/producto\\\/game-of-spades-wildcard-jo-milano-original\\\/#primaryimage\"},\"image\":{\"@id\":\"https:\\\/\\\/ouddorperfumes.com\\\/index.php\\\/producto\\\/game-of-spades-wildcard-jo-milano-original\\\/#primaryimage\"},\"thumbnailUrl\":\"https:\\\/\\\/ouddorperfumes.com\\\/wp-content\\\/uploads\\\/2025\\\/07\\\/oud-19.jpg\",\"datePublished\":\"2025-07-25T02:36:25+00:00\",\"dateModified\":\"2025-10-03T22:12:56+00:00\",\"breadcrumb\":{\"@id\":\"https:\\\/\\\/ouddorperfumes.com\\\/index.php\\\/producto\\\/game-of-spades-wildcard-jo-milano-original\\\/#breadcrumb\"},\"inLanguage\":\"es\",\"potentialAction\":[{\"@type\":\"ReadAction\",\"target\":[\"https:\\\/\\\/ouddorperfumes.com\\\/index.php\\\/producto\\\/game-of-spades-wildcard-jo-milano-original\\\/\"]}]},{\"@type\":\"ImageObject\",\"inLanguage\":\"es\",\"@id\":\"https:\\\/\\\/ouddorperfumes.com\\\/index.php\\\/producto\\\/game-of-spades-wildcard-jo-milano-original\\\/#primaryimage\",\"url\":\"https:\\\/\\\/ouddorperfumes.com\\\/wp-content\\\/uploads\\\/2025\\\/07\\\/oud-19.jpg\",\"contentUrl\":\"https:\\\/\\\/ouddorperfumes.com\\\/wp-content\\\/uploads\\\/2025\\\/07\\\/oud-19.jpg\",\"width\":1102,\"height\":1102},{\"@type\":\"BreadcrumbList\",\"@id\":\"https:\\\/\\\/ouddorperfumes.com\\\/index.php\\\/producto\\\/game-of-spades-wildcard-jo-milano-original\\\/#breadcrumb\",\"itemListElement\":[{\"@type\":\"ListItem\",\"position\":1,\"name\":\"Portada\",\"item\":\"https:\\\/\\\/ouddorperfumes.com\\\/\"},{\"@type\":\"ListItem\",\"position\":2,\"name\":\"Todos los Perfumes\",\"item\":\"https:\\\/\\\/ouddorperfumes.com\\\/index.php\\\/todos-los-perfumes\\\/\"},{\"@type\":\"ListItem\",\"position\":3,\"name\":\"Game of Spades WildCard Jo Milano Original\"}]},{\"@type\":\"WebSite\",\"@id\":\"https:\\\/\\\/ouddorperfumes.com\\\/#website\",\"url\":\"https:\\\/\\\/ouddorperfumes.com\\\/\",\"name\":\"Oud d\u2019Or - L\u2019essence du pouvoir\",\"description\":\"Perfumes Arabes 100% Originales\",\"potentialAction\":[{\"@type\":\"SearchAction\",\"target\":{\"@type\":\"EntryPoint\",\"urlTemplate\":\"https:\\\/\\\/ouddorperfumes.com\\\/?s={search_term_string}\"},\"query-input\":{\"@type\":\"PropertyValueSpecification\",\"valueRequired\":true,\"valueName\":\"search_term_string\"}}],\"inLanguage\":\"es\"}]}<\/script>\n<!-- \/ Yoast SEO plugin. -->","yoast_head_json":{"title":"Game of Spades WildCard Jo Milano Original - Oud d\u2019Or - L\u2019essence du pouvoir","robots":{"index":"index","follow":"follow","max-snippet":"max-snippet:-1","max-image-preview":"max-image-preview:large","max-video-preview":"max-video-preview:-1"},"canonical":"https:\/\/ouddorperfumes.com\/index.php\/producto\/game-of-spades-wildcard-jo-milano-original\/","og_locale":"es_ES","og_type":"article","og_title":"Game of Spades WildCard Jo Milano Original - Oud d\u2019Or - L\u2019essence du pouvoir","og_description":"Este perfume se encuentra inspirado en Bond 9 Lafayette Street.              Game of Spades Wildcard es una fragancia intrigante y lujosa, inspirada en la ic\u00f3nica Bond 9 Lafayette Street. Su aroma est\u00e1 impregnado de notas de \u00e1mbar y vainilla que le aportan calidez y dulzura, mientras que las notas arom\u00e1ticas y afrutadas a\u00f1aden un toque fresco y fascinante. Esta fragancia es como un comod\u00edn en el juego de las fragancias, capaz de sorprender y cautivar a todos los sentidos. Ideal para quienes buscan un aroma distintivo y elegante que se destaque en cualquier ocasi\u00f3n.  Wildcard es una elecci\u00f3n audaz y sofisticada para aquellos que aprecian la exclusividad y el encanto de una fragancia \u00fanica.  \u2705 Pagos 100% Contraentrega. \u2705 Env\u00edo Gratis a toda Colombia. \u2705 Perfumes 100% Originales.","og_url":"https:\/\/ouddorperfumes.com\/index.php\/producto\/game-of-spades-wildcard-jo-milano-original\/","og_site_name":"Oud d\u2019Or - L\u2019essence du pouvoir","article_modified_time":"2025-10-03T22:12:56+00:00","og_image":[{"width":1102,"height":1102,"url":"https:\/\/ouddorperfumes.com\/wp-content\/uploads\/2025\/07\/oud-19.jpg","type":"image\/jpeg"}],"twitter_card":"summary_large_image","twitter_misc":{"Tiempo de lectura":"1 minuto"},"schema":{"@context":"https:\/\/schema.org","@graph":[{"@type":"WebPage","@id":"https:\/\/ouddorperfumes.com\/index.php\/producto\/game-of-spades-wildcard-jo-milano-original\/","url":"https:\/\/ouddorperfumes.com\/index.php\/producto\/game-of-spades-wildcard-jo-milano-original\/","name":"Game of Spades WildCard Jo Milano Original - Oud d\u2019Or - L\u2019essence du pouvoir","isPartOf":{"@id":"https:\/\/ouddorperfumes.com\/#website"},"primaryImageOfPage":{"@id":"https:\/\/ouddorperfumes.com\/index.php\/producto\/game-of-spades-wildcard-jo-milano-original\/#primaryimage"},"image":{"@id":"https:\/\/ouddorperfumes.com\/index.php\/producto\/game-of-spades-wildcard-jo-milano-original\/#primaryimage"},"thumbnailUrl":"https:\/\/ouddorperfumes.com\/wp-content\/uploads\/2025\/07\/oud-19.jpg","datePublished":"2025-07-25T02:36:25+00:00","dateModified":"2025-10-03T22:12:56+00:00","breadcrumb":{"@id":"https:\/\/ouddorperfumes.com\/index.php\/producto\/game-of-spades-wildcard-jo-milano-original\/#breadcrumb"},"inLanguage":"es","potentialAction":[{"@type":"ReadAction","target":["https:\/\/ouddorperfumes.com\/index.php\/producto\/game-of-spades-wildcard-jo-milano-original\/"]}]},{"@type":"ImageObject","inLanguage":"es","@id":"https:\/\/ouddorperfumes.com\/index.php\/producto\/game-of-spades-wildcard-jo-milano-original\/#primaryimage","url":"https:\/\/ouddorperfumes.com\/wp-content\/uploads\/2025\/07\/oud-19.jpg","contentUrl":"https:\/\/ouddorperfumes.com\/wp-content\/uploads\/2025\/07\/oud-19.jpg","width":1102,"height":1102},{"@type":"BreadcrumbList","@id":"https:\/\/ouddorperfumes.com\/index.php\/producto\/game-of-spades-wildcard-jo-milano-original\/#breadcrumb","itemListElement":[{"@type":"ListItem","position":1,"name":"Portada","item":"https:\/\/ouddorperfumes.com\/"},{"@type":"ListItem","position":2,"name":"Todos los Perfumes","item":"https:\/\/ouddorperfumes.com\/index.php\/todos-los-perfumes\/"},{"@type":"ListItem","position":3,"name":"Game of Spades WildCard Jo Milano Original"}]},{"@type":"WebSite","@id":"https:\/\/ouddorperfumes.com\/#website","url":"https:\/\/ouddorperfumes.com\/","name":"Oud d\u2019Or - L\u2019essence du pouvoir","description":"Perfumes Arabes 100% Originales","potentialAction":[{"@type":"SearchAction","target":{"@type":"EntryPoint","urlTemplate":"https:\/\/ouddorperfumes.com\/?s={search_term_string}"},"query-input":{"@type":"PropertyValueSpecification","valueRequired":true,"valueName":"search_term_string"}}],"inLanguage":"es"}]}},"_links":{"self":[{"href":"https:\/\/ouddorperfumes.com\/index.php\/wp-json\/wp\/v2\/product\/10792","targetHints":{"allow":["GET"]}}],"collection":[{"href":"https:\/\/ouddorperfumes.com\/index.php\/wp-json\/wp\/v2\/product"}],"about":[{"href":"https:\/\/ouddorperfumes.com\/index.php\/wp-json\/wp\/v2\/types\/product"}],"version-history":[{"count":1,"href":"https:\/\/ouddorperfumes.com\/index.php\/wp-json\/wp\/v2\/product\/10792\/revisions"}],"predecessor-version":[{"id":11672,"href":"https:\/\/ouddorperfumes.com\/index.php\/wp-json\/wp\/v2\/product\/10792\/revisions\/11672"}],"wp:featuredmedia":[{"embeddable":true,"href":"https:\/\/ouddorperfumes.com\/index.php\/wp-json\/wp\/v2\/media\/10662"}],"wp:attachment":[{"href":"https:\/\/ouddorperfumes.com\/index.php\/wp-json\/wp\/v2\/media?parent=10792"}],"wp:term":[{"taxonomy":"product_brand","embeddable":true,"href":"https:\/\/ouddorperfumes.com\/index.php\/wp-json\/wp\/v2\/product_brand?post=10792"},{"taxonomy":"product_cat","embeddable":true,"href":"https:\/\/ouddorperfumes.com\/index.php\/wp-json\/wp\/v2\/product_cat?post=10792"},{"taxonomy":"product_tag","embeddable":true,"href":"https:\/\/ouddorperfumes.com\/index.php\/wp-json\/wp\/v2\/product_tag?post=10792"}],"curies":[{"name":"wp","href":"https:\/\/api.w.org\/{rel}","templated":true}]}}