{"id":10806,"date":"2025-07-24T23:06:21","date_gmt":"2025-07-25T04:06:21","guid":{"rendered":"https:\/\/ouddorperfumes.com\/index.php\/producto\/giorgio-armani-acua-di-gio-edp-x-125-ml\/"},"modified":"2025-10-03T16:57:41","modified_gmt":"2025-10-03T21:57:41","slug":"giorgio-armani-acqua-di-gio-edp-125-ml-original","status":"publish","type":"product","link":"https:\/\/ouddorperfumes.com\/index.php\/producto\/giorgio-armani-acqua-di-gio-edp-125-ml-original\/","title":{"rendered":"Giorgio Armani Acqua Di Gio EDP 125 ml Original"},"content":{"rendered":"<p>Como si hubiera nacido bajo la superficie del mar, el Armani Acqua di Gi\u00f2 Pour Homme Eau de Parfum para hombre est\u00e1 lleno de frescura acu\u00e1tica y refleja las infinitas profundidades del agua. Esta fragancia atemporal siempre ser\u00e1 el centro de atenci\u00f3n.<\/p>\n<p>Una fragancia c\u00edtrica con notas oce\u00e1nicas, fragancia apta para el d\u00eda a d\u00eda. Primero se abre con notas altas de c\u00edtricos y la frescura del mar, y hueles la mandarina verde picante, que es un s\u00edmbolo de las ra\u00edces mediterr\u00e1neas de Giorgio Armani. Entonces te sorprender\u00e1 gratamente la composici\u00f3n de la fragancia con salvia, lavanda y geranio de Madagascar. En el \u00faltimo paso, se despliega un pachul\u00ed amaderado.<\/p>\n<p>Giorgio Armani presenta Acqua di Gi\u00f2 Pour Homme Eau de Parfum como una fragancia para el futuro. Eso es porque Armani Acqua di Gi\u00f2 Pour Homme Eau de Parfum coincide con los valores de la nueva generaci\u00f3n al recordar el planeta.<\/p>\n","protected":false},"excerpt":{"rendered":"<p>Como si hubiera nacido bajo la superficie del mar, el Armani Acqua di Gi\u00f2 Pour Homme Eau de Parfum para hombre est\u00e1 lleno de frescura acu\u00e1tica y refleja las infinitas profundidades del agua. Esta fragancia atemporal siempre ser\u00e1 el centro de atenci\u00f3n.<\/p>\n<p>Una fragancia c\u00edtrica con notas oce\u00e1nicas, fragancia apta para el d\u00eda a d\u00eda. Primero se abre con notas altas de c\u00edtricos y la frescura del mar, y hueles la mandarina verde picante, que es un s\u00edmbolo de las ra\u00edces mediterr\u00e1neas de Giorgio Armani. Entonces te sorprender\u00e1 gratamente la composici\u00f3n de la fragancia con salvia, lavanda y geranio de Madagascar. En el \u00faltimo paso, se despliega un pachul\u00ed amaderado.<\/p>\n<p>Giorgio Armani presenta Acqua di Gi\u00f2 Pour Homme Eau de Parfum como una fragancia para el futuro. Eso es porque Armani Acqua di Gi\u00f2 Pour Homme Eau de Parfum coincide con los valores de la nueva generaci\u00f3n al recordar el planeta.<\/p>\n<p><span style=\"color: #ff4400;\"><strong>\u2705 <span style=\"color: #d9a569;\">Pagos 100% Contraentrega.<\/span><\/strong><\/span><br \/>\n<span style=\"color: #ff4400;\"><strong>\u2705 <span style=\"color: #d9a569;\">Env\u00edo Gratis a toda Colombia.<\/span><\/strong><\/span><br \/>\n<span style=\"color: #ff4400;\"><strong>\u2705 <span style=\"color: #d9a569;\">Perfumes 100% Originales.<\/span><\/strong><\/span><\/p>\n","protected":false},"featured_media":10710,"template":"","meta":[],"product_brand":[],"product_cat":[198,187,169],"product_tag":[],"class_list":{"0":"post-10806","1":"product","2":"type-product","3":"status-publish","4":"has-post-thumbnail","6":"product_cat-disenador","7":"product_cat-giorgio-armani","8":"product_cat-hombre","10":"first","11":"instock","12":"sale","13":"shipping-taxable","14":"purchasable","15":"product-type-simple"},"yoast_head":"<!-- This site is optimized with the Yoast SEO plugin v27.3 - https:\/\/yoast.com\/product\/yoast-seo-wordpress\/ -->\n<title>Giorgio Armani Acqua Di Gio EDP 125 ml Original - Oud d\u2019Or - L\u2019essence du pouvoir<\/title>\n<meta name=\"robots\" content=\"index, follow, max-snippet:-1, max-image-preview:large, max-video-preview:-1\" \/>\n<link rel=\"canonical\" href=\"https:\/\/ouddorperfumes.com\/index.php\/producto\/giorgio-armani-acqua-di-gio-edp-125-ml-original\/\" \/>\n<meta property=\"og:locale\" content=\"es_ES\" \/>\n<meta property=\"og:type\" content=\"article\" \/>\n<meta property=\"og:title\" content=\"Giorgio Armani Acqua Di Gio EDP 125 ml Original - Oud d\u2019Or - L\u2019essence du pouvoir\" \/>\n<meta property=\"og:description\" content=\"Como si hubiera nacido bajo la superficie del mar, el Armani Acqua di Gi\u00f2 Pour Homme Eau de Parfum para hombre est\u00e1 lleno de frescura acu\u00e1tica y refleja las infinitas profundidades del agua. Esta fragancia atemporal siempre ser\u00e1 el centro de atenci\u00f3n.  Una fragancia c\u00edtrica con notas oce\u00e1nicas, fragancia apta para el d\u00eda a d\u00eda. Primero se abre con notas altas de c\u00edtricos y la frescura del mar, y hueles la mandarina verde picante, que es un s\u00edmbolo de las ra\u00edces mediterr\u00e1neas de Giorgio Armani. Entonces te sorprender\u00e1 gratamente la composici\u00f3n de la fragancia con salvia, lavanda y geranio de Madagascar. En el \u00faltimo paso, se despliega un pachul\u00ed amaderado.  Giorgio Armani presenta Acqua di Gi\u00f2 Pour Homme Eau de Parfum como una fragancia para el futuro. Eso es porque Armani Acqua di Gi\u00f2 Pour Homme Eau de Parfum coincide con los valores de la nueva generaci\u00f3n al recordar el planeta.  \u2705 Pagos 100% Contraentrega. \u2705 Env\u00edo Gratis a toda Colombia. \u2705 Perfumes 100% Originales.\" \/>\n<meta property=\"og:url\" content=\"https:\/\/ouddorperfumes.com\/index.php\/producto\/giorgio-armani-acqua-di-gio-edp-125-ml-original\/\" \/>\n<meta property=\"og:site_name\" content=\"Oud d\u2019Or - L\u2019essence du pouvoir\" \/>\n<meta property=\"article:modified_time\" content=\"2025-10-03T21:57:41+00:00\" \/>\n<meta property=\"og:image\" content=\"https:\/\/ouddorperfumes.com\/wp-content\/uploads\/2025\/07\/oud-67.jpg\" \/>\n\t<meta property=\"og:image:width\" content=\"1102\" \/>\n\t<meta property=\"og:image:height\" content=\"1102\" \/>\n\t<meta property=\"og:image:type\" content=\"image\/jpeg\" \/>\n<meta name=\"twitter:card\" content=\"summary_large_image\" \/>\n<meta name=\"twitter:label1\" content=\"Tiempo de lectura\" \/>\n\t<meta name=\"twitter:data1\" content=\"1 minuto\" \/>\n<script type=\"application\/ld+json\" class=\"yoast-schema-graph\">{\"@context\":\"https:\\\/\\\/schema.org\",\"@graph\":[{\"@type\":\"WebPage\",\"@id\":\"https:\\\/\\\/ouddorperfumes.com\\\/index.php\\\/producto\\\/giorgio-armani-acqua-di-gio-edp-125-ml-original\\\/\",\"url\":\"https:\\\/\\\/ouddorperfumes.com\\\/index.php\\\/producto\\\/giorgio-armani-acqua-di-gio-edp-125-ml-original\\\/\",\"name\":\"Giorgio Armani Acqua Di Gio EDP 125 ml Original - Oud d\u2019Or - L\u2019essence du pouvoir\",\"isPartOf\":{\"@id\":\"https:\\\/\\\/ouddorperfumes.com\\\/#website\"},\"primaryImageOfPage\":{\"@id\":\"https:\\\/\\\/ouddorperfumes.com\\\/index.php\\\/producto\\\/giorgio-armani-acqua-di-gio-edp-125-ml-original\\\/#primaryimage\"},\"image\":{\"@id\":\"https:\\\/\\\/ouddorperfumes.com\\\/index.php\\\/producto\\\/giorgio-armani-acqua-di-gio-edp-125-ml-original\\\/#primaryimage\"},\"thumbnailUrl\":\"https:\\\/\\\/ouddorperfumes.com\\\/wp-content\\\/uploads\\\/2025\\\/07\\\/oud-67.jpg\",\"datePublished\":\"2025-07-25T04:06:21+00:00\",\"dateModified\":\"2025-10-03T21:57:41+00:00\",\"breadcrumb\":{\"@id\":\"https:\\\/\\\/ouddorperfumes.com\\\/index.php\\\/producto\\\/giorgio-armani-acqua-di-gio-edp-125-ml-original\\\/#breadcrumb\"},\"inLanguage\":\"es\",\"potentialAction\":[{\"@type\":\"ReadAction\",\"target\":[\"https:\\\/\\\/ouddorperfumes.com\\\/index.php\\\/producto\\\/giorgio-armani-acqua-di-gio-edp-125-ml-original\\\/\"]}]},{\"@type\":\"ImageObject\",\"inLanguage\":\"es\",\"@id\":\"https:\\\/\\\/ouddorperfumes.com\\\/index.php\\\/producto\\\/giorgio-armani-acqua-di-gio-edp-125-ml-original\\\/#primaryimage\",\"url\":\"https:\\\/\\\/ouddorperfumes.com\\\/wp-content\\\/uploads\\\/2025\\\/07\\\/oud-67.jpg\",\"contentUrl\":\"https:\\\/\\\/ouddorperfumes.com\\\/wp-content\\\/uploads\\\/2025\\\/07\\\/oud-67.jpg\",\"width\":1102,\"height\":1102},{\"@type\":\"BreadcrumbList\",\"@id\":\"https:\\\/\\\/ouddorperfumes.com\\\/index.php\\\/producto\\\/giorgio-armani-acqua-di-gio-edp-125-ml-original\\\/#breadcrumb\",\"itemListElement\":[{\"@type\":\"ListItem\",\"position\":1,\"name\":\"Portada\",\"item\":\"https:\\\/\\\/ouddorperfumes.com\\\/\"},{\"@type\":\"ListItem\",\"position\":2,\"name\":\"Todos los Perfumes\",\"item\":\"https:\\\/\\\/ouddorperfumes.com\\\/index.php\\\/todos-los-perfumes\\\/\"},{\"@type\":\"ListItem\",\"position\":3,\"name\":\"Giorgio Armani Acqua Di Gio EDP 125 ml Original\"}]},{\"@type\":\"WebSite\",\"@id\":\"https:\\\/\\\/ouddorperfumes.com\\\/#website\",\"url\":\"https:\\\/\\\/ouddorperfumes.com\\\/\",\"name\":\"Oud d\u2019Or - L\u2019essence du pouvoir\",\"description\":\"Perfumes Arabes 100% Originales\",\"potentialAction\":[{\"@type\":\"SearchAction\",\"target\":{\"@type\":\"EntryPoint\",\"urlTemplate\":\"https:\\\/\\\/ouddorperfumes.com\\\/?s={search_term_string}\"},\"query-input\":{\"@type\":\"PropertyValueSpecification\",\"valueRequired\":true,\"valueName\":\"search_term_string\"}}],\"inLanguage\":\"es\"}]}<\/script>\n<!-- \/ Yoast SEO plugin. -->","yoast_head_json":{"title":"Giorgio Armani Acqua Di Gio EDP 125 ml Original - Oud d\u2019Or - L\u2019essence du pouvoir","robots":{"index":"index","follow":"follow","max-snippet":"max-snippet:-1","max-image-preview":"max-image-preview:large","max-video-preview":"max-video-preview:-1"},"canonical":"https:\/\/ouddorperfumes.com\/index.php\/producto\/giorgio-armani-acqua-di-gio-edp-125-ml-original\/","og_locale":"es_ES","og_type":"article","og_title":"Giorgio Armani Acqua Di Gio EDP 125 ml Original - Oud d\u2019Or - L\u2019essence du pouvoir","og_description":"Como si hubiera nacido bajo la superficie del mar, el Armani Acqua di Gi\u00f2 Pour Homme Eau de Parfum para hombre est\u00e1 lleno de frescura acu\u00e1tica y refleja las infinitas profundidades del agua. Esta fragancia atemporal siempre ser\u00e1 el centro de atenci\u00f3n.  Una fragancia c\u00edtrica con notas oce\u00e1nicas, fragancia apta para el d\u00eda a d\u00eda. Primero se abre con notas altas de c\u00edtricos y la frescura del mar, y hueles la mandarina verde picante, que es un s\u00edmbolo de las ra\u00edces mediterr\u00e1neas de Giorgio Armani. Entonces te sorprender\u00e1 gratamente la composici\u00f3n de la fragancia con salvia, lavanda y geranio de Madagascar. En el \u00faltimo paso, se despliega un pachul\u00ed amaderado.  Giorgio Armani presenta Acqua di Gi\u00f2 Pour Homme Eau de Parfum como una fragancia para el futuro. Eso es porque Armani Acqua di Gi\u00f2 Pour Homme Eau de Parfum coincide con los valores de la nueva generaci\u00f3n al recordar el planeta.  \u2705 Pagos 100% Contraentrega. \u2705 Env\u00edo Gratis a toda Colombia. \u2705 Perfumes 100% Originales.","og_url":"https:\/\/ouddorperfumes.com\/index.php\/producto\/giorgio-armani-acqua-di-gio-edp-125-ml-original\/","og_site_name":"Oud d\u2019Or - L\u2019essence du pouvoir","article_modified_time":"2025-10-03T21:57:41+00:00","og_image":[{"width":1102,"height":1102,"url":"https:\/\/ouddorperfumes.com\/wp-content\/uploads\/2025\/07\/oud-67.jpg","type":"image\/jpeg"}],"twitter_card":"summary_large_image","twitter_misc":{"Tiempo de lectura":"1 minuto"},"schema":{"@context":"https:\/\/schema.org","@graph":[{"@type":"WebPage","@id":"https:\/\/ouddorperfumes.com\/index.php\/producto\/giorgio-armani-acqua-di-gio-edp-125-ml-original\/","url":"https:\/\/ouddorperfumes.com\/index.php\/producto\/giorgio-armani-acqua-di-gio-edp-125-ml-original\/","name":"Giorgio Armani Acqua Di Gio EDP 125 ml Original - Oud d\u2019Or - L\u2019essence du pouvoir","isPartOf":{"@id":"https:\/\/ouddorperfumes.com\/#website"},"primaryImageOfPage":{"@id":"https:\/\/ouddorperfumes.com\/index.php\/producto\/giorgio-armani-acqua-di-gio-edp-125-ml-original\/#primaryimage"},"image":{"@id":"https:\/\/ouddorperfumes.com\/index.php\/producto\/giorgio-armani-acqua-di-gio-edp-125-ml-original\/#primaryimage"},"thumbnailUrl":"https:\/\/ouddorperfumes.com\/wp-content\/uploads\/2025\/07\/oud-67.jpg","datePublished":"2025-07-25T04:06:21+00:00","dateModified":"2025-10-03T21:57:41+00:00","breadcrumb":{"@id":"https:\/\/ouddorperfumes.com\/index.php\/producto\/giorgio-armani-acqua-di-gio-edp-125-ml-original\/#breadcrumb"},"inLanguage":"es","potentialAction":[{"@type":"ReadAction","target":["https:\/\/ouddorperfumes.com\/index.php\/producto\/giorgio-armani-acqua-di-gio-edp-125-ml-original\/"]}]},{"@type":"ImageObject","inLanguage":"es","@id":"https:\/\/ouddorperfumes.com\/index.php\/producto\/giorgio-armani-acqua-di-gio-edp-125-ml-original\/#primaryimage","url":"https:\/\/ouddorperfumes.com\/wp-content\/uploads\/2025\/07\/oud-67.jpg","contentUrl":"https:\/\/ouddorperfumes.com\/wp-content\/uploads\/2025\/07\/oud-67.jpg","width":1102,"height":1102},{"@type":"BreadcrumbList","@id":"https:\/\/ouddorperfumes.com\/index.php\/producto\/giorgio-armani-acqua-di-gio-edp-125-ml-original\/#breadcrumb","itemListElement":[{"@type":"ListItem","position":1,"name":"Portada","item":"https:\/\/ouddorperfumes.com\/"},{"@type":"ListItem","position":2,"name":"Todos los Perfumes","item":"https:\/\/ouddorperfumes.com\/index.php\/todos-los-perfumes\/"},{"@type":"ListItem","position":3,"name":"Giorgio Armani Acqua Di Gio EDP 125 ml Original"}]},{"@type":"WebSite","@id":"https:\/\/ouddorperfumes.com\/#website","url":"https:\/\/ouddorperfumes.com\/","name":"Oud d\u2019Or - L\u2019essence du pouvoir","description":"Perfumes Arabes 100% Originales","potentialAction":[{"@type":"SearchAction","target":{"@type":"EntryPoint","urlTemplate":"https:\/\/ouddorperfumes.com\/?s={search_term_string}"},"query-input":{"@type":"PropertyValueSpecification","valueRequired":true,"valueName":"search_term_string"}}],"inLanguage":"es"}]}},"_links":{"self":[{"href":"https:\/\/ouddorperfumes.com\/index.php\/wp-json\/wp\/v2\/product\/10806","targetHints":{"allow":["GET"]}}],"collection":[{"href":"https:\/\/ouddorperfumes.com\/index.php\/wp-json\/wp\/v2\/product"}],"about":[{"href":"https:\/\/ouddorperfumes.com\/index.php\/wp-json\/wp\/v2\/types\/product"}],"version-history":[{"count":1,"href":"https:\/\/ouddorperfumes.com\/index.php\/wp-json\/wp\/v2\/product\/10806\/revisions"}],"predecessor-version":[{"id":11659,"href":"https:\/\/ouddorperfumes.com\/index.php\/wp-json\/wp\/v2\/product\/10806\/revisions\/11659"}],"wp:featuredmedia":[{"embeddable":true,"href":"https:\/\/ouddorperfumes.com\/index.php\/wp-json\/wp\/v2\/media\/10710"}],"wp:attachment":[{"href":"https:\/\/ouddorperfumes.com\/index.php\/wp-json\/wp\/v2\/media?parent=10806"}],"wp:term":[{"taxonomy":"product_brand","embeddable":true,"href":"https:\/\/ouddorperfumes.com\/index.php\/wp-json\/wp\/v2\/product_brand?post=10806"},{"taxonomy":"product_cat","embeddable":true,"href":"https:\/\/ouddorperfumes.com\/index.php\/wp-json\/wp\/v2\/product_cat?post=10806"},{"taxonomy":"product_tag","embeddable":true,"href":"https:\/\/ouddorperfumes.com\/index.php\/wp-json\/wp\/v2\/product_tag?post=10806"}],"curies":[{"name":"wp","href":"https:\/\/api.w.org\/{rel}","templated":true}]}}