{"id":10807,"date":"2025-07-24T23:06:48","date_gmt":"2025-07-25T04:06:48","guid":{"rendered":"https:\/\/ouddorperfumes.com\/index.php\/producto\/lattafa-mayar-cherry-intense-x-100-ml-or\/"},"modified":"2025-10-03T16:47:25","modified_gmt":"2025-10-03T21:47:25","slug":"lattafa-mayar-cherry-intense-100-ml-original","status":"publish","type":"product","link":"https:\/\/ouddorperfumes.com\/index.php\/producto\/lattafa-mayar-cherry-intense-100-ml-original\/","title":{"rendered":"Lattafa Mayar Cherry Intense 100 ml Original"},"content":{"rendered":"<p>Mayar Cherry Intense de Lattafa Perfumes es una fragancia opulenta y envolvente de la familia Oriental Vainilla, dise\u00f1ada para hombres y mujeres que desean una experiencia olfativa dulce y sofisticada. Lanzada en 2024, esta creaci\u00f3n destaca por su car\u00e1cter gourmand con un toque moderno y sensual.<\/p>\n<p>La apertura es fresca y frutal, con notas de fresa y bergamota, que brindan un inicio vibrante y jugoso. En el coraz\u00f3n, el delicioso Cherry Jam se combina con la intensidad del cacao, creando un contraste irresistible entre dulzura y profundidad. Finalmente, el fondo de pachul\u00ed, \u00e1mbar y vainilla aporta calidez y una estela duradera, envolviendo a quien la lleva con un aura cautivadora.<\/p>\n<p>Mayar Cherry Intense es perfecta para quienes buscan una fragancia que combine el encanto de notas dulces con un toque oriental sofisticado, ideal para destacar en ocasiones especiales o agregar un toque elegante al d\u00eda a d\u00eda.<\/p>\n","protected":false},"excerpt":{"rendered":"<p>Mayar Cherry Intense de Lattafa Perfumes es una fragancia opulenta y envolvente de la familia Oriental Vainilla, dise\u00f1ada para hombres y mujeres que desean una experiencia olfativa dulce y sofisticada. Lanzada en 2024, esta creaci\u00f3n destaca por su car\u00e1cter gourmand con un toque moderno y sensual.<\/p>\n<p>La apertura es fresca y frutal, con notas de fresa y bergamota, que brindan un inicio vibrante y jugoso. En el coraz\u00f3n, el delicioso Cherry Jam se combina con la intensidad del cacao, creando un contraste irresistible entre dulzura y profundidad. Finalmente, el fondo de pachul\u00ed, \u00e1mbar y vainilla aporta calidez y una estela duradera, envolviendo a quien la lleva con un aura cautivadora.<\/p>\n<p>Mayar Cherry Intense es perfecta para quienes buscan una fragancia que combine el encanto de notas dulces con un toque oriental sofisticado, ideal para destacar en ocasiones especiales o agregar un toque elegante al d\u00eda a d\u00eda.<\/p>\n<p><span style=\"color: #ff4400;\"><strong>\u2705 <span style=\"color: #d9a569;\">Pagos 100% Contraentrega.<\/span><\/strong><\/span><br \/>\n<span style=\"color: #ff4400;\"><strong>\u2705 <span style=\"color: #d9a569;\">Env\u00edo Gratis a toda Colombia.<\/span><\/strong><\/span><br \/>\n<span style=\"color: #ff4400;\"><strong>\u2705 <span style=\"color: #d9a569;\">Perfumes 100% Originales.<\/span><\/strong><\/span><\/p>\n","protected":false},"featured_media":10678,"template":"","meta":[],"product_brand":[],"product_cat":[182,168,177],"product_tag":[],"class_list":{"0":"post-10807","1":"product","2":"type-product","3":"status-publish","4":"has-post-thumbnail","6":"product_cat-lattafa","7":"product_cat-mujer","8":"product_cat-perfumes-arabes","10":"first","11":"instock","12":"sale","13":"shipping-taxable","14":"purchasable","15":"product-type-simple"},"yoast_head":"<!-- This site is optimized with the Yoast SEO plugin v27.3 - https:\/\/yoast.com\/product\/yoast-seo-wordpress\/ -->\n<title>Lattafa Mayar Cherry Intense 100 ml Original - Oud d\u2019Or - L\u2019essence du pouvoir<\/title>\n<meta name=\"robots\" content=\"index, follow, max-snippet:-1, max-image-preview:large, max-video-preview:-1\" \/>\n<link rel=\"canonical\" href=\"https:\/\/ouddorperfumes.com\/index.php\/producto\/lattafa-mayar-cherry-intense-100-ml-original\/\" \/>\n<meta property=\"og:locale\" content=\"es_ES\" \/>\n<meta property=\"og:type\" content=\"article\" \/>\n<meta property=\"og:title\" content=\"Lattafa Mayar Cherry Intense 100 ml Original - Oud d\u2019Or - L\u2019essence du pouvoir\" \/>\n<meta property=\"og:description\" content=\"Mayar Cherry Intense de Lattafa Perfumes es una fragancia opulenta y envolvente de la familia Oriental Vainilla, dise\u00f1ada para hombres y mujeres que desean una experiencia olfativa dulce y sofisticada. Lanzada en 2024, esta creaci\u00f3n destaca por su car\u00e1cter gourmand con un toque moderno y sensual.  La apertura es fresca y frutal, con notas de fresa y bergamota, que brindan un inicio vibrante y jugoso. En el coraz\u00f3n, el delicioso Cherry Jam se combina con la intensidad del cacao, creando un contraste irresistible entre dulzura y profundidad. Finalmente, el fondo de pachul\u00ed, \u00e1mbar y vainilla aporta calidez y una estela duradera, envolviendo a quien la lleva con un aura cautivadora.  Mayar Cherry Intense es perfecta para quienes buscan una fragancia que combine el encanto de notas dulces con un toque oriental sofisticado, ideal para destacar en ocasiones especiales o agregar un toque elegante al d\u00eda a d\u00eda.  \u2705 Pagos 100% Contraentrega. \u2705 Env\u00edo Gratis a toda Colombia. \u2705 Perfumes 100% Originales.\" \/>\n<meta property=\"og:url\" content=\"https:\/\/ouddorperfumes.com\/index.php\/producto\/lattafa-mayar-cherry-intense-100-ml-original\/\" \/>\n<meta property=\"og:site_name\" content=\"Oud d\u2019Or - L\u2019essence du pouvoir\" \/>\n<meta property=\"article:modified_time\" content=\"2025-10-03T21:47:25+00:00\" \/>\n<meta property=\"og:image\" content=\"https:\/\/ouddorperfumes.com\/wp-content\/uploads\/2025\/07\/oud-35.jpg\" \/>\n\t<meta property=\"og:image:width\" content=\"1102\" \/>\n\t<meta property=\"og:image:height\" content=\"1102\" \/>\n\t<meta property=\"og:image:type\" content=\"image\/jpeg\" \/>\n<meta name=\"twitter:card\" content=\"summary_large_image\" \/>\n<meta name=\"twitter:label1\" content=\"Tiempo de lectura\" \/>\n\t<meta name=\"twitter:data1\" content=\"1 minuto\" \/>\n<script type=\"application\/ld+json\" class=\"yoast-schema-graph\">{\"@context\":\"https:\\\/\\\/schema.org\",\"@graph\":[{\"@type\":\"WebPage\",\"@id\":\"https:\\\/\\\/ouddorperfumes.com\\\/index.php\\\/producto\\\/lattafa-mayar-cherry-intense-100-ml-original\\\/\",\"url\":\"https:\\\/\\\/ouddorperfumes.com\\\/index.php\\\/producto\\\/lattafa-mayar-cherry-intense-100-ml-original\\\/\",\"name\":\"Lattafa Mayar Cherry Intense 100 ml Original - Oud d\u2019Or - L\u2019essence du pouvoir\",\"isPartOf\":{\"@id\":\"https:\\\/\\\/ouddorperfumes.com\\\/#website\"},\"primaryImageOfPage\":{\"@id\":\"https:\\\/\\\/ouddorperfumes.com\\\/index.php\\\/producto\\\/lattafa-mayar-cherry-intense-100-ml-original\\\/#primaryimage\"},\"image\":{\"@id\":\"https:\\\/\\\/ouddorperfumes.com\\\/index.php\\\/producto\\\/lattafa-mayar-cherry-intense-100-ml-original\\\/#primaryimage\"},\"thumbnailUrl\":\"https:\\\/\\\/ouddorperfumes.com\\\/wp-content\\\/uploads\\\/2025\\\/07\\\/oud-35.jpg\",\"datePublished\":\"2025-07-25T04:06:48+00:00\",\"dateModified\":\"2025-10-03T21:47:25+00:00\",\"breadcrumb\":{\"@id\":\"https:\\\/\\\/ouddorperfumes.com\\\/index.php\\\/producto\\\/lattafa-mayar-cherry-intense-100-ml-original\\\/#breadcrumb\"},\"inLanguage\":\"es\",\"potentialAction\":[{\"@type\":\"ReadAction\",\"target\":[\"https:\\\/\\\/ouddorperfumes.com\\\/index.php\\\/producto\\\/lattafa-mayar-cherry-intense-100-ml-original\\\/\"]}]},{\"@type\":\"ImageObject\",\"inLanguage\":\"es\",\"@id\":\"https:\\\/\\\/ouddorperfumes.com\\\/index.php\\\/producto\\\/lattafa-mayar-cherry-intense-100-ml-original\\\/#primaryimage\",\"url\":\"https:\\\/\\\/ouddorperfumes.com\\\/wp-content\\\/uploads\\\/2025\\\/07\\\/oud-35.jpg\",\"contentUrl\":\"https:\\\/\\\/ouddorperfumes.com\\\/wp-content\\\/uploads\\\/2025\\\/07\\\/oud-35.jpg\",\"width\":1102,\"height\":1102},{\"@type\":\"BreadcrumbList\",\"@id\":\"https:\\\/\\\/ouddorperfumes.com\\\/index.php\\\/producto\\\/lattafa-mayar-cherry-intense-100-ml-original\\\/#breadcrumb\",\"itemListElement\":[{\"@type\":\"ListItem\",\"position\":1,\"name\":\"Portada\",\"item\":\"https:\\\/\\\/ouddorperfumes.com\\\/\"},{\"@type\":\"ListItem\",\"position\":2,\"name\":\"Todos los Perfumes\",\"item\":\"https:\\\/\\\/ouddorperfumes.com\\\/index.php\\\/todos-los-perfumes\\\/\"},{\"@type\":\"ListItem\",\"position\":3,\"name\":\"Lattafa Mayar Cherry Intense 100 ml Original\"}]},{\"@type\":\"WebSite\",\"@id\":\"https:\\\/\\\/ouddorperfumes.com\\\/#website\",\"url\":\"https:\\\/\\\/ouddorperfumes.com\\\/\",\"name\":\"Oud d\u2019Or - L\u2019essence du pouvoir\",\"description\":\"Perfumes Arabes 100% Originales\",\"potentialAction\":[{\"@type\":\"SearchAction\",\"target\":{\"@type\":\"EntryPoint\",\"urlTemplate\":\"https:\\\/\\\/ouddorperfumes.com\\\/?s={search_term_string}\"},\"query-input\":{\"@type\":\"PropertyValueSpecification\",\"valueRequired\":true,\"valueName\":\"search_term_string\"}}],\"inLanguage\":\"es\"}]}<\/script>\n<!-- \/ Yoast SEO plugin. -->","yoast_head_json":{"title":"Lattafa Mayar Cherry Intense 100 ml Original - Oud d\u2019Or - L\u2019essence du pouvoir","robots":{"index":"index","follow":"follow","max-snippet":"max-snippet:-1","max-image-preview":"max-image-preview:large","max-video-preview":"max-video-preview:-1"},"canonical":"https:\/\/ouddorperfumes.com\/index.php\/producto\/lattafa-mayar-cherry-intense-100-ml-original\/","og_locale":"es_ES","og_type":"article","og_title":"Lattafa Mayar Cherry Intense 100 ml Original - Oud d\u2019Or - L\u2019essence du pouvoir","og_description":"Mayar Cherry Intense de Lattafa Perfumes es una fragancia opulenta y envolvente de la familia Oriental Vainilla, dise\u00f1ada para hombres y mujeres que desean una experiencia olfativa dulce y sofisticada. Lanzada en 2024, esta creaci\u00f3n destaca por su car\u00e1cter gourmand con un toque moderno y sensual.  La apertura es fresca y frutal, con notas de fresa y bergamota, que brindan un inicio vibrante y jugoso. En el coraz\u00f3n, el delicioso Cherry Jam se combina con la intensidad del cacao, creando un contraste irresistible entre dulzura y profundidad. Finalmente, el fondo de pachul\u00ed, \u00e1mbar y vainilla aporta calidez y una estela duradera, envolviendo a quien la lleva con un aura cautivadora.  Mayar Cherry Intense es perfecta para quienes buscan una fragancia que combine el encanto de notas dulces con un toque oriental sofisticado, ideal para destacar en ocasiones especiales o agregar un toque elegante al d\u00eda a d\u00eda.  \u2705 Pagos 100% Contraentrega. \u2705 Env\u00edo Gratis a toda Colombia. \u2705 Perfumes 100% Originales.","og_url":"https:\/\/ouddorperfumes.com\/index.php\/producto\/lattafa-mayar-cherry-intense-100-ml-original\/","og_site_name":"Oud d\u2019Or - L\u2019essence du pouvoir","article_modified_time":"2025-10-03T21:47:25+00:00","og_image":[{"width":1102,"height":1102,"url":"https:\/\/ouddorperfumes.com\/wp-content\/uploads\/2025\/07\/oud-35.jpg","type":"image\/jpeg"}],"twitter_card":"summary_large_image","twitter_misc":{"Tiempo de lectura":"1 minuto"},"schema":{"@context":"https:\/\/schema.org","@graph":[{"@type":"WebPage","@id":"https:\/\/ouddorperfumes.com\/index.php\/producto\/lattafa-mayar-cherry-intense-100-ml-original\/","url":"https:\/\/ouddorperfumes.com\/index.php\/producto\/lattafa-mayar-cherry-intense-100-ml-original\/","name":"Lattafa Mayar Cherry Intense 100 ml Original - Oud d\u2019Or - L\u2019essence du pouvoir","isPartOf":{"@id":"https:\/\/ouddorperfumes.com\/#website"},"primaryImageOfPage":{"@id":"https:\/\/ouddorperfumes.com\/index.php\/producto\/lattafa-mayar-cherry-intense-100-ml-original\/#primaryimage"},"image":{"@id":"https:\/\/ouddorperfumes.com\/index.php\/producto\/lattafa-mayar-cherry-intense-100-ml-original\/#primaryimage"},"thumbnailUrl":"https:\/\/ouddorperfumes.com\/wp-content\/uploads\/2025\/07\/oud-35.jpg","datePublished":"2025-07-25T04:06:48+00:00","dateModified":"2025-10-03T21:47:25+00:00","breadcrumb":{"@id":"https:\/\/ouddorperfumes.com\/index.php\/producto\/lattafa-mayar-cherry-intense-100-ml-original\/#breadcrumb"},"inLanguage":"es","potentialAction":[{"@type":"ReadAction","target":["https:\/\/ouddorperfumes.com\/index.php\/producto\/lattafa-mayar-cherry-intense-100-ml-original\/"]}]},{"@type":"ImageObject","inLanguage":"es","@id":"https:\/\/ouddorperfumes.com\/index.php\/producto\/lattafa-mayar-cherry-intense-100-ml-original\/#primaryimage","url":"https:\/\/ouddorperfumes.com\/wp-content\/uploads\/2025\/07\/oud-35.jpg","contentUrl":"https:\/\/ouddorperfumes.com\/wp-content\/uploads\/2025\/07\/oud-35.jpg","width":1102,"height":1102},{"@type":"BreadcrumbList","@id":"https:\/\/ouddorperfumes.com\/index.php\/producto\/lattafa-mayar-cherry-intense-100-ml-original\/#breadcrumb","itemListElement":[{"@type":"ListItem","position":1,"name":"Portada","item":"https:\/\/ouddorperfumes.com\/"},{"@type":"ListItem","position":2,"name":"Todos los Perfumes","item":"https:\/\/ouddorperfumes.com\/index.php\/todos-los-perfumes\/"},{"@type":"ListItem","position":3,"name":"Lattafa Mayar Cherry Intense 100 ml Original"}]},{"@type":"WebSite","@id":"https:\/\/ouddorperfumes.com\/#website","url":"https:\/\/ouddorperfumes.com\/","name":"Oud d\u2019Or - L\u2019essence du pouvoir","description":"Perfumes Arabes 100% Originales","potentialAction":[{"@type":"SearchAction","target":{"@type":"EntryPoint","urlTemplate":"https:\/\/ouddorperfumes.com\/?s={search_term_string}"},"query-input":{"@type":"PropertyValueSpecification","valueRequired":true,"valueName":"search_term_string"}}],"inLanguage":"es"}]}},"_links":{"self":[{"href":"https:\/\/ouddorperfumes.com\/index.php\/wp-json\/wp\/v2\/product\/10807","targetHints":{"allow":["GET"]}}],"collection":[{"href":"https:\/\/ouddorperfumes.com\/index.php\/wp-json\/wp\/v2\/product"}],"about":[{"href":"https:\/\/ouddorperfumes.com\/index.php\/wp-json\/wp\/v2\/types\/product"}],"version-history":[{"count":1,"href":"https:\/\/ouddorperfumes.com\/index.php\/wp-json\/wp\/v2\/product\/10807\/revisions"}],"predecessor-version":[{"id":11658,"href":"https:\/\/ouddorperfumes.com\/index.php\/wp-json\/wp\/v2\/product\/10807\/revisions\/11658"}],"wp:featuredmedia":[{"embeddable":true,"href":"https:\/\/ouddorperfumes.com\/index.php\/wp-json\/wp\/v2\/media\/10678"}],"wp:attachment":[{"href":"https:\/\/ouddorperfumes.com\/index.php\/wp-json\/wp\/v2\/media?parent=10807"}],"wp:term":[{"taxonomy":"product_brand","embeddable":true,"href":"https:\/\/ouddorperfumes.com\/index.php\/wp-json\/wp\/v2\/product_brand?post=10807"},{"taxonomy":"product_cat","embeddable":true,"href":"https:\/\/ouddorperfumes.com\/index.php\/wp-json\/wp\/v2\/product_cat?post=10807"},{"taxonomy":"product_tag","embeddable":true,"href":"https:\/\/ouddorperfumes.com\/index.php\/wp-json\/wp\/v2\/product_tag?post=10807"}],"curies":[{"name":"wp","href":"https:\/\/api.w.org\/{rel}","templated":true}]}}