{"id":10815,"date":"2025-07-25T00:10:14","date_gmt":"2025-07-25T05:10:14","guid":{"rendered":"https:\/\/ouddorperfumes.com\/index.php\/producto\/reyane-insurrection-x-100-ml-original\/"},"modified":"2025-10-03T16:44:26","modified_gmt":"2025-10-03T21:44:26","slug":"reyane-tradition-insurrection-100-ml-original","status":"publish","type":"product","link":"https:\/\/ouddorperfumes.com\/index.php\/producto\/reyane-tradition-insurrection-100-ml-original\/","title":{"rendered":"Reyane Tradition Insurrection 100 ml Original"},"content":{"rendered":"<div id=\"productInfoContainer\" class=\"jsx-4151168483 productInfoContainer\">Insurrection fue lanzado en 1994. La colonia es masculina y llena de calidez. Presenta una mezcla simple pero elegante de maderas ex\u00f3ticas y vainilla. Insurrection tiene una sensaci\u00f3n de exterior y se puede usar de d\u00eda o de noche. La fragancia incluye notas de especias arom\u00e1ticas, \u00e1mbar, vainilla y notas amaderadas. Insurrection Classique es la fragancia m\u00e1s original y famosa de la l\u00ednea French Powerhouse, Reyane Tradition.<\/div>\n<div><\/div>\n<div class=\"jsx-4151168483 productInfoContainer\">Representa el \u00e9xito de un hombre, con la dulce, sutileza de su masculinidad. Insurrection Classique es para el hombre que est\u00e1 c\u00f3modo y seguro en su propia piel. Parte superior: vainilla, bals\u00e1mico Medio: \u00e1mbar Base: musgo de roble, pimienta, pachul\u00ed Insurrection de Reyane Tradition es una fragancia de la familia olfativa \u00c1mbar Amaderada para Hombres.<\/div>\n","protected":false},"excerpt":{"rendered":"<div id=\"productInfoContainer\" class=\"jsx-4151168483 productInfoContainer\">Insurrection fue lanzado en 1994. La colonia es masculina y llena de calidez. Presenta una mezcla simple pero elegante de maderas ex\u00f3ticas y vainilla. Insurrection tiene una sensaci\u00f3n de exterior y se puede usar de d\u00eda o de noche. La fragancia incluye notas de especias arom\u00e1ticas, \u00e1mbar, vainilla y notas amaderadas. Insurrection Classique es la fragancia m\u00e1s original y famosa de la l\u00ednea French Powerhouse, Reyane Tradition.<\/div>\n<div><\/div>\n<div class=\"jsx-4151168483 productInfoContainer\">Representa el \u00e9xito de un hombre, con la dulce, sutileza de su masculinidad. Insurrection Classique es para el hombre que est\u00e1 c\u00f3modo y seguro en su propia piel. Parte superior: vainilla, bals\u00e1mico Medio: \u00e1mbar Base: musgo de roble, pimienta, pachul\u00ed Insurrection de Reyane Tradition es una fragancia de la familia olfativa \u00c1mbar Amaderada para Hombres.<\/div>\n<div><\/div>\n<div><span style=\"color: #ff4400;\"><strong>\u2705 <span style=\"color: #d9a569;\">Pagos 100% Contraentrega.<\/span><\/strong><\/span><br \/>\n<span style=\"color: #ff4400;\"><strong>\u2705 <span style=\"color: #d9a569;\">Env\u00edo Gratis a toda Colombia.<\/span><\/strong><\/span><br \/>\n<span style=\"color: #ff4400;\"><strong>\u2705 <span style=\"color: #d9a569;\">Perfumes 100% Originales.<\/span><\/strong><\/span><\/div>\n","protected":false},"featured_media":10722,"template":"","meta":[],"product_brand":[],"product_cat":[198,169,231],"product_tag":[],"class_list":{"0":"post-10815","1":"product","2":"type-product","3":"status-publish","4":"has-post-thumbnail","6":"product_cat-disenador","7":"product_cat-hombre","8":"product_cat-reyane-tradition","10":"first","11":"instock","12":"sale","13":"shipping-taxable","14":"purchasable","15":"product-type-simple"},"yoast_head":"<!-- This site is optimized with the Yoast SEO plugin v27.3 - https:\/\/yoast.com\/product\/yoast-seo-wordpress\/ -->\n<title>Reyane Tradition Insurrection 100 ml Original - Oud d\u2019Or - L\u2019essence du pouvoir<\/title>\n<meta name=\"robots\" content=\"index, follow, max-snippet:-1, max-image-preview:large, max-video-preview:-1\" \/>\n<link rel=\"canonical\" href=\"https:\/\/ouddorperfumes.com\/index.php\/producto\/reyane-tradition-insurrection-100-ml-original\/\" \/>\n<meta property=\"og:locale\" content=\"es_ES\" \/>\n<meta property=\"og:type\" content=\"article\" \/>\n<meta property=\"og:title\" content=\"Reyane Tradition Insurrection 100 ml Original - Oud d\u2019Or - L\u2019essence du pouvoir\" \/>\n<meta property=\"og:description\" content=\"Insurrection fue lanzado en 1994. La colonia es masculina y llena de calidez. Presenta una mezcla simple pero elegante de maderas ex\u00f3ticas y vainilla. Insurrection tiene una sensaci\u00f3n de exterior y se puede usar de d\u00eda o de noche. La fragancia incluye notas de especias arom\u00e1ticas, \u00e1mbar, vainilla y notas amaderadas. Insurrection Classique es la fragancia m\u00e1s original y famosa de la l\u00ednea French Powerhouse, Reyane Tradition.  Representa el \u00e9xito de un hombre, con la dulce, sutileza de su masculinidad. Insurrection Classique es para el hombre que est\u00e1 c\u00f3modo y seguro en su propia piel. Parte superior: vainilla, bals\u00e1mico Medio: \u00e1mbar Base: musgo de roble, pimienta, pachul\u00ed Insurrection de Reyane Tradition es una fragancia de la familia olfativa \u00c1mbar Amaderada para Hombres.  \u2705 Pagos 100% Contraentrega. \u2705 Env\u00edo Gratis a toda Colombia. \u2705 Perfumes 100% Originales.\" \/>\n<meta property=\"og:url\" content=\"https:\/\/ouddorperfumes.com\/index.php\/producto\/reyane-tradition-insurrection-100-ml-original\/\" \/>\n<meta property=\"og:site_name\" content=\"Oud d\u2019Or - L\u2019essence du pouvoir\" \/>\n<meta property=\"article:modified_time\" content=\"2025-10-03T21:44:26+00:00\" \/>\n<meta property=\"og:image\" content=\"https:\/\/ouddorperfumes.com\/wp-content\/uploads\/2025\/07\/oud-79.jpg\" \/>\n\t<meta property=\"og:image:width\" content=\"1102\" \/>\n\t<meta property=\"og:image:height\" content=\"1102\" \/>\n\t<meta property=\"og:image:type\" content=\"image\/jpeg\" \/>\n<meta name=\"twitter:card\" content=\"summary_large_image\" \/>\n<meta name=\"twitter:label1\" content=\"Tiempo de lectura\" \/>\n\t<meta name=\"twitter:data1\" content=\"1 minuto\" \/>\n<script type=\"application\/ld+json\" class=\"yoast-schema-graph\">{\"@context\":\"https:\\\/\\\/schema.org\",\"@graph\":[{\"@type\":\"WebPage\",\"@id\":\"https:\\\/\\\/ouddorperfumes.com\\\/index.php\\\/producto\\\/reyane-tradition-insurrection-100-ml-original\\\/\",\"url\":\"https:\\\/\\\/ouddorperfumes.com\\\/index.php\\\/producto\\\/reyane-tradition-insurrection-100-ml-original\\\/\",\"name\":\"Reyane Tradition Insurrection 100 ml Original - Oud d\u2019Or - L\u2019essence du pouvoir\",\"isPartOf\":{\"@id\":\"https:\\\/\\\/ouddorperfumes.com\\\/#website\"},\"primaryImageOfPage\":{\"@id\":\"https:\\\/\\\/ouddorperfumes.com\\\/index.php\\\/producto\\\/reyane-tradition-insurrection-100-ml-original\\\/#primaryimage\"},\"image\":{\"@id\":\"https:\\\/\\\/ouddorperfumes.com\\\/index.php\\\/producto\\\/reyane-tradition-insurrection-100-ml-original\\\/#primaryimage\"},\"thumbnailUrl\":\"https:\\\/\\\/ouddorperfumes.com\\\/wp-content\\\/uploads\\\/2025\\\/07\\\/oud-79.jpg\",\"datePublished\":\"2025-07-25T05:10:14+00:00\",\"dateModified\":\"2025-10-03T21:44:26+00:00\",\"breadcrumb\":{\"@id\":\"https:\\\/\\\/ouddorperfumes.com\\\/index.php\\\/producto\\\/reyane-tradition-insurrection-100-ml-original\\\/#breadcrumb\"},\"inLanguage\":\"es\",\"potentialAction\":[{\"@type\":\"ReadAction\",\"target\":[\"https:\\\/\\\/ouddorperfumes.com\\\/index.php\\\/producto\\\/reyane-tradition-insurrection-100-ml-original\\\/\"]}]},{\"@type\":\"ImageObject\",\"inLanguage\":\"es\",\"@id\":\"https:\\\/\\\/ouddorperfumes.com\\\/index.php\\\/producto\\\/reyane-tradition-insurrection-100-ml-original\\\/#primaryimage\",\"url\":\"https:\\\/\\\/ouddorperfumes.com\\\/wp-content\\\/uploads\\\/2025\\\/07\\\/oud-79.jpg\",\"contentUrl\":\"https:\\\/\\\/ouddorperfumes.com\\\/wp-content\\\/uploads\\\/2025\\\/07\\\/oud-79.jpg\",\"width\":1102,\"height\":1102},{\"@type\":\"BreadcrumbList\",\"@id\":\"https:\\\/\\\/ouddorperfumes.com\\\/index.php\\\/producto\\\/reyane-tradition-insurrection-100-ml-original\\\/#breadcrumb\",\"itemListElement\":[{\"@type\":\"ListItem\",\"position\":1,\"name\":\"Portada\",\"item\":\"https:\\\/\\\/ouddorperfumes.com\\\/\"},{\"@type\":\"ListItem\",\"position\":2,\"name\":\"Todos los Perfumes\",\"item\":\"https:\\\/\\\/ouddorperfumes.com\\\/index.php\\\/todos-los-perfumes\\\/\"},{\"@type\":\"ListItem\",\"position\":3,\"name\":\"Reyane Tradition Insurrection 100 ml Original\"}]},{\"@type\":\"WebSite\",\"@id\":\"https:\\\/\\\/ouddorperfumes.com\\\/#website\",\"url\":\"https:\\\/\\\/ouddorperfumes.com\\\/\",\"name\":\"Oud d\u2019Or - L\u2019essence du pouvoir\",\"description\":\"Perfumes Arabes 100% Originales\",\"potentialAction\":[{\"@type\":\"SearchAction\",\"target\":{\"@type\":\"EntryPoint\",\"urlTemplate\":\"https:\\\/\\\/ouddorperfumes.com\\\/?s={search_term_string}\"},\"query-input\":{\"@type\":\"PropertyValueSpecification\",\"valueRequired\":true,\"valueName\":\"search_term_string\"}}],\"inLanguage\":\"es\"}]}<\/script>\n<!-- \/ Yoast SEO plugin. -->","yoast_head_json":{"title":"Reyane Tradition Insurrection 100 ml Original - Oud d\u2019Or - L\u2019essence du pouvoir","robots":{"index":"index","follow":"follow","max-snippet":"max-snippet:-1","max-image-preview":"max-image-preview:large","max-video-preview":"max-video-preview:-1"},"canonical":"https:\/\/ouddorperfumes.com\/index.php\/producto\/reyane-tradition-insurrection-100-ml-original\/","og_locale":"es_ES","og_type":"article","og_title":"Reyane Tradition Insurrection 100 ml Original - Oud d\u2019Or - L\u2019essence du pouvoir","og_description":"Insurrection fue lanzado en 1994. La colonia es masculina y llena de calidez. Presenta una mezcla simple pero elegante de maderas ex\u00f3ticas y vainilla. Insurrection tiene una sensaci\u00f3n de exterior y se puede usar de d\u00eda o de noche. La fragancia incluye notas de especias arom\u00e1ticas, \u00e1mbar, vainilla y notas amaderadas. Insurrection Classique es la fragancia m\u00e1s original y famosa de la l\u00ednea French Powerhouse, Reyane Tradition.  Representa el \u00e9xito de un hombre, con la dulce, sutileza de su masculinidad. Insurrection Classique es para el hombre que est\u00e1 c\u00f3modo y seguro en su propia piel. Parte superior: vainilla, bals\u00e1mico Medio: \u00e1mbar Base: musgo de roble, pimienta, pachul\u00ed Insurrection de Reyane Tradition es una fragancia de la familia olfativa \u00c1mbar Amaderada para Hombres.  \u2705 Pagos 100% Contraentrega. \u2705 Env\u00edo Gratis a toda Colombia. \u2705 Perfumes 100% Originales.","og_url":"https:\/\/ouddorperfumes.com\/index.php\/producto\/reyane-tradition-insurrection-100-ml-original\/","og_site_name":"Oud d\u2019Or - L\u2019essence du pouvoir","article_modified_time":"2025-10-03T21:44:26+00:00","og_image":[{"width":1102,"height":1102,"url":"https:\/\/ouddorperfumes.com\/wp-content\/uploads\/2025\/07\/oud-79.jpg","type":"image\/jpeg"}],"twitter_card":"summary_large_image","twitter_misc":{"Tiempo de lectura":"1 minuto"},"schema":{"@context":"https:\/\/schema.org","@graph":[{"@type":"WebPage","@id":"https:\/\/ouddorperfumes.com\/index.php\/producto\/reyane-tradition-insurrection-100-ml-original\/","url":"https:\/\/ouddorperfumes.com\/index.php\/producto\/reyane-tradition-insurrection-100-ml-original\/","name":"Reyane Tradition Insurrection 100 ml Original - Oud d\u2019Or - L\u2019essence du pouvoir","isPartOf":{"@id":"https:\/\/ouddorperfumes.com\/#website"},"primaryImageOfPage":{"@id":"https:\/\/ouddorperfumes.com\/index.php\/producto\/reyane-tradition-insurrection-100-ml-original\/#primaryimage"},"image":{"@id":"https:\/\/ouddorperfumes.com\/index.php\/producto\/reyane-tradition-insurrection-100-ml-original\/#primaryimage"},"thumbnailUrl":"https:\/\/ouddorperfumes.com\/wp-content\/uploads\/2025\/07\/oud-79.jpg","datePublished":"2025-07-25T05:10:14+00:00","dateModified":"2025-10-03T21:44:26+00:00","breadcrumb":{"@id":"https:\/\/ouddorperfumes.com\/index.php\/producto\/reyane-tradition-insurrection-100-ml-original\/#breadcrumb"},"inLanguage":"es","potentialAction":[{"@type":"ReadAction","target":["https:\/\/ouddorperfumes.com\/index.php\/producto\/reyane-tradition-insurrection-100-ml-original\/"]}]},{"@type":"ImageObject","inLanguage":"es","@id":"https:\/\/ouddorperfumes.com\/index.php\/producto\/reyane-tradition-insurrection-100-ml-original\/#primaryimage","url":"https:\/\/ouddorperfumes.com\/wp-content\/uploads\/2025\/07\/oud-79.jpg","contentUrl":"https:\/\/ouddorperfumes.com\/wp-content\/uploads\/2025\/07\/oud-79.jpg","width":1102,"height":1102},{"@type":"BreadcrumbList","@id":"https:\/\/ouddorperfumes.com\/index.php\/producto\/reyane-tradition-insurrection-100-ml-original\/#breadcrumb","itemListElement":[{"@type":"ListItem","position":1,"name":"Portada","item":"https:\/\/ouddorperfumes.com\/"},{"@type":"ListItem","position":2,"name":"Todos los Perfumes","item":"https:\/\/ouddorperfumes.com\/index.php\/todos-los-perfumes\/"},{"@type":"ListItem","position":3,"name":"Reyane Tradition Insurrection 100 ml Original"}]},{"@type":"WebSite","@id":"https:\/\/ouddorperfumes.com\/#website","url":"https:\/\/ouddorperfumes.com\/","name":"Oud d\u2019Or - L\u2019essence du pouvoir","description":"Perfumes Arabes 100% Originales","potentialAction":[{"@type":"SearchAction","target":{"@type":"EntryPoint","urlTemplate":"https:\/\/ouddorperfumes.com\/?s={search_term_string}"},"query-input":{"@type":"PropertyValueSpecification","valueRequired":true,"valueName":"search_term_string"}}],"inLanguage":"es"}]}},"_links":{"self":[{"href":"https:\/\/ouddorperfumes.com\/index.php\/wp-json\/wp\/v2\/product\/10815","targetHints":{"allow":["GET"]}}],"collection":[{"href":"https:\/\/ouddorperfumes.com\/index.php\/wp-json\/wp\/v2\/product"}],"about":[{"href":"https:\/\/ouddorperfumes.com\/index.php\/wp-json\/wp\/v2\/types\/product"}],"version-history":[{"count":1,"href":"https:\/\/ouddorperfumes.com\/index.php\/wp-json\/wp\/v2\/product\/10815\/revisions"}],"predecessor-version":[{"id":11650,"href":"https:\/\/ouddorperfumes.com\/index.php\/wp-json\/wp\/v2\/product\/10815\/revisions\/11650"}],"wp:featuredmedia":[{"embeddable":true,"href":"https:\/\/ouddorperfumes.com\/index.php\/wp-json\/wp\/v2\/media\/10722"}],"wp:attachment":[{"href":"https:\/\/ouddorperfumes.com\/index.php\/wp-json\/wp\/v2\/media?parent=10815"}],"wp:term":[{"taxonomy":"product_brand","embeddable":true,"href":"https:\/\/ouddorperfumes.com\/index.php\/wp-json\/wp\/v2\/product_brand?post=10815"},{"taxonomy":"product_cat","embeddable":true,"href":"https:\/\/ouddorperfumes.com\/index.php\/wp-json\/wp\/v2\/product_cat?post=10815"},{"taxonomy":"product_tag","embeddable":true,"href":"https:\/\/ouddorperfumes.com\/index.php\/wp-json\/wp\/v2\/product_tag?post=10815"}],"curies":[{"name":"wp","href":"https:\/\/api.w.org\/{rel}","templated":true}]}}