{"id":10822,"date":"2025-07-25T00:14:04","date_gmt":"2025-07-25T05:14:04","guid":{"rendered":"https:\/\/ouddorperfumes.com\/index.php\/producto\/mont-blanc-explorer-platinum-x-100-ml-or\/"},"modified":"2025-10-03T16:42:02","modified_gmt":"2025-10-03T21:42:02","slug":"montblanc-explorer-platinum-100-ml-original","status":"publish","type":"product","link":"https:\/\/ouddorperfumes.com\/index.php\/producto\/montblanc-explorer-platinum-100-ml-original\/","title":{"rendered":"Montblanc Explorer Platinum 100 ml Original"},"content":{"rendered":"<p>Perfume para el hombre libre y atrevido. Una fragancia masculina sugerida en los esp\u00edritus aventureros, inquietos y pasionales. Explorer Platinum Eau de Parfum pertenece a la familia olfativa Amaderada Arom\u00e1tica.<br \/>\nLa esencia se inicia con notas brillantes de violeta que se unen con un coraz\u00f3n de salvia esclarea que le da un original acorde que finaliza la armon\u00eda con notas de madera de cedro que intensifica el car\u00e1cter de un hombre vital y seductor.<br \/>\nEl frasco robusto y elegante que alberga el jugo est\u00e1 revestido por una funda refinada en tono metalizado incluye la estrella engastada, icono de la firma Montblanc. Su vidrio compacto y firme est\u00e1 coronado con un tap\u00f3n met\u00e1lico distinguido donde se funde la estrella m\u00edtica de la marca.<\/p>\n","protected":false},"excerpt":{"rendered":"<p>Perfume para el hombre libre y atrevido. Una fragancia masculina sugerida en los esp\u00edritus aventureros, inquietos y pasionales. Explorer Platinum Eau de Parfum pertenece a la familia olfativa Amaderada Arom\u00e1tica.<br \/>\nLa esencia se inicia con notas brillantes de violeta que se unen con un coraz\u00f3n de salvia esclarea que le da un original acorde que finaliza la armon\u00eda con notas de madera de cedro que intensifica el car\u00e1cter de un hombre vital y seductor.<br \/>\nEl frasco robusto y elegante que alberga el jugo est\u00e1 revestido por una funda refinada en tono metalizado incluye la estrella engastada, icono de la firma Montblanc. Su vidrio compacto y firme est\u00e1 coronado con un tap\u00f3n met\u00e1lico distinguido donde se funde la estrella m\u00edtica de la marca.<\/p>\n<p><span style=\"color: #ff4400;\"><strong>\u2705 <span style=\"color: #d9a569;\">Pagos 100% Contraentrega.<\/span><\/strong><\/span><br \/>\n<span style=\"color: #ff4400;\"><strong>\u2705 <span style=\"color: #d9a569;\">Env\u00edo Gratis a toda Colombia.<\/span><\/strong><\/span><br \/>\n<span style=\"color: #ff4400;\"><strong>\u2705 <span style=\"color: #d9a569;\">Perfumes 100% Originales.<\/span><\/strong><\/span><\/p>\n","protected":false},"featured_media":10651,"template":"","meta":[],"product_brand":[],"product_cat":[198,169,195],"product_tag":[],"class_list":{"0":"post-10822","1":"product","2":"type-product","3":"status-publish","4":"has-post-thumbnail","6":"product_cat-disenador","7":"product_cat-hombre","8":"product_cat-montblanc","10":"first","11":"instock","12":"sale","13":"shipping-taxable","14":"purchasable","15":"product-type-simple"},"yoast_head":"<!-- This site is optimized with the Yoast SEO plugin v27.3 - https:\/\/yoast.com\/product\/yoast-seo-wordpress\/ -->\n<title>Montblanc Explorer Platinum 100 ml Original - Oud d\u2019Or - L\u2019essence du pouvoir<\/title>\n<meta name=\"robots\" content=\"index, follow, max-snippet:-1, max-image-preview:large, max-video-preview:-1\" \/>\n<link rel=\"canonical\" href=\"https:\/\/ouddorperfumes.com\/index.php\/producto\/montblanc-explorer-platinum-100-ml-original\/\" \/>\n<meta property=\"og:locale\" content=\"es_ES\" \/>\n<meta property=\"og:type\" content=\"article\" \/>\n<meta property=\"og:title\" content=\"Montblanc Explorer Platinum 100 ml Original - Oud d\u2019Or - L\u2019essence du pouvoir\" \/>\n<meta property=\"og:description\" content=\"Perfume para el hombre libre y atrevido. Una fragancia masculina sugerida en los esp\u00edritus aventureros, inquietos y pasionales. Explorer Platinum Eau de Parfum pertenece a la familia olfativa Amaderada Arom\u00e1tica. La esencia se inicia con notas brillantes de violeta que se unen con un coraz\u00f3n de salvia esclarea que le da un original acorde que finaliza la armon\u00eda con notas de madera de cedro que intensifica el car\u00e1cter de un hombre vital y seductor. El frasco robusto y elegante que alberga el jugo est\u00e1 revestido por una funda refinada en tono metalizado incluye la estrella engastada, icono de la firma Montblanc. Su vidrio compacto y firme est\u00e1 coronado con un tap\u00f3n met\u00e1lico distinguido donde se funde la estrella m\u00edtica de la marca.  \u2705 Pagos 100% Contraentrega. \u2705 Env\u00edo Gratis a toda Colombia. \u2705 Perfumes 100% Originales.\" \/>\n<meta property=\"og:url\" content=\"https:\/\/ouddorperfumes.com\/index.php\/producto\/montblanc-explorer-platinum-100-ml-original\/\" \/>\n<meta property=\"og:site_name\" content=\"Oud d\u2019Or - L\u2019essence du pouvoir\" \/>\n<meta property=\"article:modified_time\" content=\"2025-10-03T21:42:02+00:00\" \/>\n<meta property=\"og:image\" content=\"https:\/\/ouddorperfumes.com\/wp-content\/uploads\/2025\/07\/oud-8.jpg\" \/>\n\t<meta property=\"og:image:width\" content=\"1102\" \/>\n\t<meta property=\"og:image:height\" content=\"1102\" \/>\n\t<meta property=\"og:image:type\" content=\"image\/jpeg\" \/>\n<meta name=\"twitter:card\" content=\"summary_large_image\" \/>\n<meta name=\"twitter:label1\" content=\"Tiempo de lectura\" \/>\n\t<meta name=\"twitter:data1\" content=\"1 minuto\" \/>\n<script type=\"application\/ld+json\" class=\"yoast-schema-graph\">{\"@context\":\"https:\\\/\\\/schema.org\",\"@graph\":[{\"@type\":\"WebPage\",\"@id\":\"https:\\\/\\\/ouddorperfumes.com\\\/index.php\\\/producto\\\/montblanc-explorer-platinum-100-ml-original\\\/\",\"url\":\"https:\\\/\\\/ouddorperfumes.com\\\/index.php\\\/producto\\\/montblanc-explorer-platinum-100-ml-original\\\/\",\"name\":\"Montblanc Explorer Platinum 100 ml Original - Oud d\u2019Or - L\u2019essence du pouvoir\",\"isPartOf\":{\"@id\":\"https:\\\/\\\/ouddorperfumes.com\\\/#website\"},\"primaryImageOfPage\":{\"@id\":\"https:\\\/\\\/ouddorperfumes.com\\\/index.php\\\/producto\\\/montblanc-explorer-platinum-100-ml-original\\\/#primaryimage\"},\"image\":{\"@id\":\"https:\\\/\\\/ouddorperfumes.com\\\/index.php\\\/producto\\\/montblanc-explorer-platinum-100-ml-original\\\/#primaryimage\"},\"thumbnailUrl\":\"https:\\\/\\\/ouddorperfumes.com\\\/wp-content\\\/uploads\\\/2025\\\/07\\\/oud-8.jpg\",\"datePublished\":\"2025-07-25T05:14:04+00:00\",\"dateModified\":\"2025-10-03T21:42:02+00:00\",\"breadcrumb\":{\"@id\":\"https:\\\/\\\/ouddorperfumes.com\\\/index.php\\\/producto\\\/montblanc-explorer-platinum-100-ml-original\\\/#breadcrumb\"},\"inLanguage\":\"es\",\"potentialAction\":[{\"@type\":\"ReadAction\",\"target\":[\"https:\\\/\\\/ouddorperfumes.com\\\/index.php\\\/producto\\\/montblanc-explorer-platinum-100-ml-original\\\/\"]}]},{\"@type\":\"ImageObject\",\"inLanguage\":\"es\",\"@id\":\"https:\\\/\\\/ouddorperfumes.com\\\/index.php\\\/producto\\\/montblanc-explorer-platinum-100-ml-original\\\/#primaryimage\",\"url\":\"https:\\\/\\\/ouddorperfumes.com\\\/wp-content\\\/uploads\\\/2025\\\/07\\\/oud-8.jpg\",\"contentUrl\":\"https:\\\/\\\/ouddorperfumes.com\\\/wp-content\\\/uploads\\\/2025\\\/07\\\/oud-8.jpg\",\"width\":1102,\"height\":1102},{\"@type\":\"BreadcrumbList\",\"@id\":\"https:\\\/\\\/ouddorperfumes.com\\\/index.php\\\/producto\\\/montblanc-explorer-platinum-100-ml-original\\\/#breadcrumb\",\"itemListElement\":[{\"@type\":\"ListItem\",\"position\":1,\"name\":\"Portada\",\"item\":\"https:\\\/\\\/ouddorperfumes.com\\\/\"},{\"@type\":\"ListItem\",\"position\":2,\"name\":\"Todos los Perfumes\",\"item\":\"https:\\\/\\\/ouddorperfumes.com\\\/index.php\\\/todos-los-perfumes\\\/\"},{\"@type\":\"ListItem\",\"position\":3,\"name\":\"Montblanc Explorer Platinum 100 ml Original\"}]},{\"@type\":\"WebSite\",\"@id\":\"https:\\\/\\\/ouddorperfumes.com\\\/#website\",\"url\":\"https:\\\/\\\/ouddorperfumes.com\\\/\",\"name\":\"Oud d\u2019Or - L\u2019essence du pouvoir\",\"description\":\"Perfumes Arabes 100% Originales\",\"potentialAction\":[{\"@type\":\"SearchAction\",\"target\":{\"@type\":\"EntryPoint\",\"urlTemplate\":\"https:\\\/\\\/ouddorperfumes.com\\\/?s={search_term_string}\"},\"query-input\":{\"@type\":\"PropertyValueSpecification\",\"valueRequired\":true,\"valueName\":\"search_term_string\"}}],\"inLanguage\":\"es\"}]}<\/script>\n<!-- \/ Yoast SEO plugin. -->","yoast_head_json":{"title":"Montblanc Explorer Platinum 100 ml Original - Oud d\u2019Or - L\u2019essence du pouvoir","robots":{"index":"index","follow":"follow","max-snippet":"max-snippet:-1","max-image-preview":"max-image-preview:large","max-video-preview":"max-video-preview:-1"},"canonical":"https:\/\/ouddorperfumes.com\/index.php\/producto\/montblanc-explorer-platinum-100-ml-original\/","og_locale":"es_ES","og_type":"article","og_title":"Montblanc Explorer Platinum 100 ml Original - Oud d\u2019Or - L\u2019essence du pouvoir","og_description":"Perfume para el hombre libre y atrevido. Una fragancia masculina sugerida en los esp\u00edritus aventureros, inquietos y pasionales. Explorer Platinum Eau de Parfum pertenece a la familia olfativa Amaderada Arom\u00e1tica. La esencia se inicia con notas brillantes de violeta que se unen con un coraz\u00f3n de salvia esclarea que le da un original acorde que finaliza la armon\u00eda con notas de madera de cedro que intensifica el car\u00e1cter de un hombre vital y seductor. El frasco robusto y elegante que alberga el jugo est\u00e1 revestido por una funda refinada en tono metalizado incluye la estrella engastada, icono de la firma Montblanc. Su vidrio compacto y firme est\u00e1 coronado con un tap\u00f3n met\u00e1lico distinguido donde se funde la estrella m\u00edtica de la marca.  \u2705 Pagos 100% Contraentrega. \u2705 Env\u00edo Gratis a toda Colombia. \u2705 Perfumes 100% Originales.","og_url":"https:\/\/ouddorperfumes.com\/index.php\/producto\/montblanc-explorer-platinum-100-ml-original\/","og_site_name":"Oud d\u2019Or - L\u2019essence du pouvoir","article_modified_time":"2025-10-03T21:42:02+00:00","og_image":[{"width":1102,"height":1102,"url":"https:\/\/ouddorperfumes.com\/wp-content\/uploads\/2025\/07\/oud-8.jpg","type":"image\/jpeg"}],"twitter_card":"summary_large_image","twitter_misc":{"Tiempo de lectura":"1 minuto"},"schema":{"@context":"https:\/\/schema.org","@graph":[{"@type":"WebPage","@id":"https:\/\/ouddorperfumes.com\/index.php\/producto\/montblanc-explorer-platinum-100-ml-original\/","url":"https:\/\/ouddorperfumes.com\/index.php\/producto\/montblanc-explorer-platinum-100-ml-original\/","name":"Montblanc Explorer Platinum 100 ml Original - Oud d\u2019Or - L\u2019essence du pouvoir","isPartOf":{"@id":"https:\/\/ouddorperfumes.com\/#website"},"primaryImageOfPage":{"@id":"https:\/\/ouddorperfumes.com\/index.php\/producto\/montblanc-explorer-platinum-100-ml-original\/#primaryimage"},"image":{"@id":"https:\/\/ouddorperfumes.com\/index.php\/producto\/montblanc-explorer-platinum-100-ml-original\/#primaryimage"},"thumbnailUrl":"https:\/\/ouddorperfumes.com\/wp-content\/uploads\/2025\/07\/oud-8.jpg","datePublished":"2025-07-25T05:14:04+00:00","dateModified":"2025-10-03T21:42:02+00:00","breadcrumb":{"@id":"https:\/\/ouddorperfumes.com\/index.php\/producto\/montblanc-explorer-platinum-100-ml-original\/#breadcrumb"},"inLanguage":"es","potentialAction":[{"@type":"ReadAction","target":["https:\/\/ouddorperfumes.com\/index.php\/producto\/montblanc-explorer-platinum-100-ml-original\/"]}]},{"@type":"ImageObject","inLanguage":"es","@id":"https:\/\/ouddorperfumes.com\/index.php\/producto\/montblanc-explorer-platinum-100-ml-original\/#primaryimage","url":"https:\/\/ouddorperfumes.com\/wp-content\/uploads\/2025\/07\/oud-8.jpg","contentUrl":"https:\/\/ouddorperfumes.com\/wp-content\/uploads\/2025\/07\/oud-8.jpg","width":1102,"height":1102},{"@type":"BreadcrumbList","@id":"https:\/\/ouddorperfumes.com\/index.php\/producto\/montblanc-explorer-platinum-100-ml-original\/#breadcrumb","itemListElement":[{"@type":"ListItem","position":1,"name":"Portada","item":"https:\/\/ouddorperfumes.com\/"},{"@type":"ListItem","position":2,"name":"Todos los Perfumes","item":"https:\/\/ouddorperfumes.com\/index.php\/todos-los-perfumes\/"},{"@type":"ListItem","position":3,"name":"Montblanc Explorer Platinum 100 ml Original"}]},{"@type":"WebSite","@id":"https:\/\/ouddorperfumes.com\/#website","url":"https:\/\/ouddorperfumes.com\/","name":"Oud d\u2019Or - L\u2019essence du pouvoir","description":"Perfumes Arabes 100% Originales","potentialAction":[{"@type":"SearchAction","target":{"@type":"EntryPoint","urlTemplate":"https:\/\/ouddorperfumes.com\/?s={search_term_string}"},"query-input":{"@type":"PropertyValueSpecification","valueRequired":true,"valueName":"search_term_string"}}],"inLanguage":"es"}]}},"_links":{"self":[{"href":"https:\/\/ouddorperfumes.com\/index.php\/wp-json\/wp\/v2\/product\/10822","targetHints":{"allow":["GET"]}}],"collection":[{"href":"https:\/\/ouddorperfumes.com\/index.php\/wp-json\/wp\/v2\/product"}],"about":[{"href":"https:\/\/ouddorperfumes.com\/index.php\/wp-json\/wp\/v2\/types\/product"}],"version-history":[{"count":1,"href":"https:\/\/ouddorperfumes.com\/index.php\/wp-json\/wp\/v2\/product\/10822\/revisions"}],"predecessor-version":[{"id":11643,"href":"https:\/\/ouddorperfumes.com\/index.php\/wp-json\/wp\/v2\/product\/10822\/revisions\/11643"}],"wp:featuredmedia":[{"embeddable":true,"href":"https:\/\/ouddorperfumes.com\/index.php\/wp-json\/wp\/v2\/media\/10651"}],"wp:attachment":[{"href":"https:\/\/ouddorperfumes.com\/index.php\/wp-json\/wp\/v2\/media?parent=10822"}],"wp:term":[{"taxonomy":"product_brand","embeddable":true,"href":"https:\/\/ouddorperfumes.com\/index.php\/wp-json\/wp\/v2\/product_brand?post=10822"},{"taxonomy":"product_cat","embeddable":true,"href":"https:\/\/ouddorperfumes.com\/index.php\/wp-json\/wp\/v2\/product_cat?post=10822"},{"taxonomy":"product_tag","embeddable":true,"href":"https:\/\/ouddorperfumes.com\/index.php\/wp-json\/wp\/v2\/product_tag?post=10822"}],"curies":[{"name":"wp","href":"https:\/\/api.w.org\/{rel}","templated":true}]}}