{"id":10828,"date":"2025-07-25T00:17:13","date_gmt":"2025-07-25T05:17:13","guid":{"rendered":"https:\/\/ouddorperfumes.com\/index.php\/producto\/carolina-herrera-212-hm-x-100-ml-origina\/"},"modified":"2025-10-03T16:39:48","modified_gmt":"2025-10-03T21:39:48","slug":"carolina-herrera-212-100-ml-original","status":"publish","type":"product","link":"https:\/\/ouddorperfumes.com\/index.php\/producto\/carolina-herrera-212-100-ml-original\/","title":{"rendered":"Carolina Herrera 212 &#8211; 100 ml Original"},"content":{"rendered":"<p><strong data-start=\"72\" data-end=\"103\">212 Men de Carolina Herrera<\/strong> es una fragancia de la familia olfativa Almizcle Amaderado Floral para hombres. 212 Men se lanz\u00f3 en 1999 y fue creada por Alberto Morillas, Rosendo Mateu y Ann Gottlieb. Las <strong data-start=\"278\" data-end=\"297\">notas de salida<\/strong> son notas verdes, toronja (pomelo), especias, bergamota, lavanda y petit grain; las <strong data-start=\"382\" data-end=\"402\" data-is-only-node=\"\">notas de coraz\u00f3n<\/strong> son jengibre, violeta, gardenia y salvia; las <strong data-start=\"449\" data-end=\"467\">notas de fondo<\/strong> son almizcle, s\u00e1ndalo, incienso, vetiver, madera de gaiac y l\u00e1dano.<\/p>\n","protected":false},"excerpt":{"rendered":"<p><strong data-start=\"72\" data-end=\"103\">212 Men de Carolina Herrera<\/strong> es una fragancia de la familia olfativa Almizcle Amaderado Floral para hombres. 212 Men se lanz\u00f3 en 1999 y fue creada por Alberto Morillas, Rosendo Mateu y Ann Gottlieb. Las <strong data-start=\"278\" data-end=\"297\">notas de salida<\/strong> son notas verdes, toronja (pomelo), especias, bergamota, lavanda y petit grain; las <strong data-start=\"382\" data-end=\"402\" data-is-only-node=\"\">notas de coraz\u00f3n<\/strong> son jengibre, violeta, gardenia y salvia; las <strong data-start=\"449\" data-end=\"467\">notas de fondo<\/strong> son almizcle, s\u00e1ndalo, incienso, vetiver, madera de gaiac y l\u00e1dano.<\/p>\n<p><span style=\"color: #ff4400;\"><strong>\u2705 <span style=\"color: #d9a569;\">Pagos 100% Contraentrega.<\/span><\/strong><\/span><br \/>\n<span style=\"color: #ff4400;\"><strong>\u2705 <span style=\"color: #d9a569;\">Env\u00edo Gratis a toda Colombia.<\/span><\/strong><\/span><br \/>\n<span style=\"color: #ff4400;\"><strong>\u2705 <span style=\"color: #d9a569;\">Perfumes 100% Originales.<\/span><\/strong><\/span><\/p>\n","protected":false},"featured_media":10741,"template":"","meta":[],"product_brand":[],"product_cat":[226,198,169],"product_tag":[],"class_list":{"0":"post-10828","1":"product","2":"type-product","3":"status-publish","4":"has-post-thumbnail","6":"product_cat-carolina-herrera","7":"product_cat-disenador","8":"product_cat-hombre","10":"first","11":"instock","12":"sale","13":"shipping-taxable","14":"purchasable","15":"product-type-simple"},"yoast_head":"<!-- This site is optimized with the Yoast SEO plugin v27.3 - https:\/\/yoast.com\/product\/yoast-seo-wordpress\/ -->\n<title>Carolina Herrera 212 - 100 ml Original - Oud d\u2019Or - L\u2019essence du pouvoir<\/title>\n<meta name=\"robots\" content=\"index, follow, max-snippet:-1, max-image-preview:large, max-video-preview:-1\" \/>\n<link rel=\"canonical\" href=\"https:\/\/ouddorperfumes.com\/index.php\/producto\/carolina-herrera-212-100-ml-original\/\" \/>\n<meta property=\"og:locale\" content=\"es_ES\" \/>\n<meta property=\"og:type\" content=\"article\" \/>\n<meta property=\"og:title\" content=\"Carolina Herrera 212 - 100 ml Original - Oud d\u2019Or - L\u2019essence du pouvoir\" \/>\n<meta property=\"og:description\" content=\"212 Men de Carolina Herrera es una fragancia de la familia olfativa Almizcle Amaderado Floral para hombres. 212 Men se lanz\u00f3 en 1999 y fue creada por Alberto Morillas, Rosendo Mateu y Ann Gottlieb. Las notas de salida son notas verdes, toronja (pomelo), especias, bergamota, lavanda y petit grain; las notas de coraz\u00f3n son jengibre, violeta, gardenia y salvia; las notas de fondo son almizcle, s\u00e1ndalo, incienso, vetiver, madera de gaiac y l\u00e1dano.  \u2705 Pagos 100% Contraentrega. \u2705 Env\u00edo Gratis a toda Colombia. \u2705 Perfumes 100% Originales.\" \/>\n<meta property=\"og:url\" content=\"https:\/\/ouddorperfumes.com\/index.php\/producto\/carolina-herrera-212-100-ml-original\/\" \/>\n<meta property=\"og:site_name\" content=\"Oud d\u2019Or - L\u2019essence du pouvoir\" \/>\n<meta property=\"article:modified_time\" content=\"2025-10-03T21:39:48+00:00\" \/>\n<meta property=\"og:image\" content=\"https:\/\/ouddorperfumes.com\/wp-content\/uploads\/2025\/07\/oud-93.jpg\" \/>\n\t<meta property=\"og:image:width\" content=\"1102\" \/>\n\t<meta property=\"og:image:height\" content=\"1103\" \/>\n\t<meta property=\"og:image:type\" content=\"image\/jpeg\" \/>\n<meta name=\"twitter:card\" content=\"summary_large_image\" \/>\n<meta name=\"twitter:label1\" content=\"Tiempo de lectura\" \/>\n\t<meta name=\"twitter:data1\" content=\"1 minuto\" \/>\n<script type=\"application\/ld+json\" class=\"yoast-schema-graph\">{\"@context\":\"https:\\\/\\\/schema.org\",\"@graph\":[{\"@type\":\"WebPage\",\"@id\":\"https:\\\/\\\/ouddorperfumes.com\\\/index.php\\\/producto\\\/carolina-herrera-212-100-ml-original\\\/\",\"url\":\"https:\\\/\\\/ouddorperfumes.com\\\/index.php\\\/producto\\\/carolina-herrera-212-100-ml-original\\\/\",\"name\":\"Carolina Herrera 212 - 100 ml Original - Oud d\u2019Or - L\u2019essence du pouvoir\",\"isPartOf\":{\"@id\":\"https:\\\/\\\/ouddorperfumes.com\\\/#website\"},\"primaryImageOfPage\":{\"@id\":\"https:\\\/\\\/ouddorperfumes.com\\\/index.php\\\/producto\\\/carolina-herrera-212-100-ml-original\\\/#primaryimage\"},\"image\":{\"@id\":\"https:\\\/\\\/ouddorperfumes.com\\\/index.php\\\/producto\\\/carolina-herrera-212-100-ml-original\\\/#primaryimage\"},\"thumbnailUrl\":\"https:\\\/\\\/ouddorperfumes.com\\\/wp-content\\\/uploads\\\/2025\\\/07\\\/oud-93.jpg\",\"datePublished\":\"2025-07-25T05:17:13+00:00\",\"dateModified\":\"2025-10-03T21:39:48+00:00\",\"breadcrumb\":{\"@id\":\"https:\\\/\\\/ouddorperfumes.com\\\/index.php\\\/producto\\\/carolina-herrera-212-100-ml-original\\\/#breadcrumb\"},\"inLanguage\":\"es\",\"potentialAction\":[{\"@type\":\"ReadAction\",\"target\":[\"https:\\\/\\\/ouddorperfumes.com\\\/index.php\\\/producto\\\/carolina-herrera-212-100-ml-original\\\/\"]}]},{\"@type\":\"ImageObject\",\"inLanguage\":\"es\",\"@id\":\"https:\\\/\\\/ouddorperfumes.com\\\/index.php\\\/producto\\\/carolina-herrera-212-100-ml-original\\\/#primaryimage\",\"url\":\"https:\\\/\\\/ouddorperfumes.com\\\/wp-content\\\/uploads\\\/2025\\\/07\\\/oud-93.jpg\",\"contentUrl\":\"https:\\\/\\\/ouddorperfumes.com\\\/wp-content\\\/uploads\\\/2025\\\/07\\\/oud-93.jpg\",\"width\":1102,\"height\":1103},{\"@type\":\"BreadcrumbList\",\"@id\":\"https:\\\/\\\/ouddorperfumes.com\\\/index.php\\\/producto\\\/carolina-herrera-212-100-ml-original\\\/#breadcrumb\",\"itemListElement\":[{\"@type\":\"ListItem\",\"position\":1,\"name\":\"Portada\",\"item\":\"https:\\\/\\\/ouddorperfumes.com\\\/\"},{\"@type\":\"ListItem\",\"position\":2,\"name\":\"Todos los Perfumes\",\"item\":\"https:\\\/\\\/ouddorperfumes.com\\\/index.php\\\/todos-los-perfumes\\\/\"},{\"@type\":\"ListItem\",\"position\":3,\"name\":\"Carolina Herrera 212 &#8211; 100 ml Original\"}]},{\"@type\":\"WebSite\",\"@id\":\"https:\\\/\\\/ouddorperfumes.com\\\/#website\",\"url\":\"https:\\\/\\\/ouddorperfumes.com\\\/\",\"name\":\"Oud d\u2019Or - L\u2019essence du pouvoir\",\"description\":\"Perfumes Arabes 100% Originales\",\"potentialAction\":[{\"@type\":\"SearchAction\",\"target\":{\"@type\":\"EntryPoint\",\"urlTemplate\":\"https:\\\/\\\/ouddorperfumes.com\\\/?s={search_term_string}\"},\"query-input\":{\"@type\":\"PropertyValueSpecification\",\"valueRequired\":true,\"valueName\":\"search_term_string\"}}],\"inLanguage\":\"es\"}]}<\/script>\n<!-- \/ Yoast SEO plugin. -->","yoast_head_json":{"title":"Carolina Herrera 212 - 100 ml Original - Oud d\u2019Or - L\u2019essence du pouvoir","robots":{"index":"index","follow":"follow","max-snippet":"max-snippet:-1","max-image-preview":"max-image-preview:large","max-video-preview":"max-video-preview:-1"},"canonical":"https:\/\/ouddorperfumes.com\/index.php\/producto\/carolina-herrera-212-100-ml-original\/","og_locale":"es_ES","og_type":"article","og_title":"Carolina Herrera 212 - 100 ml Original - Oud d\u2019Or - L\u2019essence du pouvoir","og_description":"212 Men de Carolina Herrera es una fragancia de la familia olfativa Almizcle Amaderado Floral para hombres. 212 Men se lanz\u00f3 en 1999 y fue creada por Alberto Morillas, Rosendo Mateu y Ann Gottlieb. Las notas de salida son notas verdes, toronja (pomelo), especias, bergamota, lavanda y petit grain; las notas de coraz\u00f3n son jengibre, violeta, gardenia y salvia; las notas de fondo son almizcle, s\u00e1ndalo, incienso, vetiver, madera de gaiac y l\u00e1dano.  \u2705 Pagos 100% Contraentrega. \u2705 Env\u00edo Gratis a toda Colombia. \u2705 Perfumes 100% Originales.","og_url":"https:\/\/ouddorperfumes.com\/index.php\/producto\/carolina-herrera-212-100-ml-original\/","og_site_name":"Oud d\u2019Or - L\u2019essence du pouvoir","article_modified_time":"2025-10-03T21:39:48+00:00","og_image":[{"width":1102,"height":1103,"url":"https:\/\/ouddorperfumes.com\/wp-content\/uploads\/2025\/07\/oud-93.jpg","type":"image\/jpeg"}],"twitter_card":"summary_large_image","twitter_misc":{"Tiempo de lectura":"1 minuto"},"schema":{"@context":"https:\/\/schema.org","@graph":[{"@type":"WebPage","@id":"https:\/\/ouddorperfumes.com\/index.php\/producto\/carolina-herrera-212-100-ml-original\/","url":"https:\/\/ouddorperfumes.com\/index.php\/producto\/carolina-herrera-212-100-ml-original\/","name":"Carolina Herrera 212 - 100 ml Original - Oud d\u2019Or - L\u2019essence du pouvoir","isPartOf":{"@id":"https:\/\/ouddorperfumes.com\/#website"},"primaryImageOfPage":{"@id":"https:\/\/ouddorperfumes.com\/index.php\/producto\/carolina-herrera-212-100-ml-original\/#primaryimage"},"image":{"@id":"https:\/\/ouddorperfumes.com\/index.php\/producto\/carolina-herrera-212-100-ml-original\/#primaryimage"},"thumbnailUrl":"https:\/\/ouddorperfumes.com\/wp-content\/uploads\/2025\/07\/oud-93.jpg","datePublished":"2025-07-25T05:17:13+00:00","dateModified":"2025-10-03T21:39:48+00:00","breadcrumb":{"@id":"https:\/\/ouddorperfumes.com\/index.php\/producto\/carolina-herrera-212-100-ml-original\/#breadcrumb"},"inLanguage":"es","potentialAction":[{"@type":"ReadAction","target":["https:\/\/ouddorperfumes.com\/index.php\/producto\/carolina-herrera-212-100-ml-original\/"]}]},{"@type":"ImageObject","inLanguage":"es","@id":"https:\/\/ouddorperfumes.com\/index.php\/producto\/carolina-herrera-212-100-ml-original\/#primaryimage","url":"https:\/\/ouddorperfumes.com\/wp-content\/uploads\/2025\/07\/oud-93.jpg","contentUrl":"https:\/\/ouddorperfumes.com\/wp-content\/uploads\/2025\/07\/oud-93.jpg","width":1102,"height":1103},{"@type":"BreadcrumbList","@id":"https:\/\/ouddorperfumes.com\/index.php\/producto\/carolina-herrera-212-100-ml-original\/#breadcrumb","itemListElement":[{"@type":"ListItem","position":1,"name":"Portada","item":"https:\/\/ouddorperfumes.com\/"},{"@type":"ListItem","position":2,"name":"Todos los Perfumes","item":"https:\/\/ouddorperfumes.com\/index.php\/todos-los-perfumes\/"},{"@type":"ListItem","position":3,"name":"Carolina Herrera 212 &#8211; 100 ml Original"}]},{"@type":"WebSite","@id":"https:\/\/ouddorperfumes.com\/#website","url":"https:\/\/ouddorperfumes.com\/","name":"Oud d\u2019Or - L\u2019essence du pouvoir","description":"Perfumes Arabes 100% Originales","potentialAction":[{"@type":"SearchAction","target":{"@type":"EntryPoint","urlTemplate":"https:\/\/ouddorperfumes.com\/?s={search_term_string}"},"query-input":{"@type":"PropertyValueSpecification","valueRequired":true,"valueName":"search_term_string"}}],"inLanguage":"es"}]}},"_links":{"self":[{"href":"https:\/\/ouddorperfumes.com\/index.php\/wp-json\/wp\/v2\/product\/10828","targetHints":{"allow":["GET"]}}],"collection":[{"href":"https:\/\/ouddorperfumes.com\/index.php\/wp-json\/wp\/v2\/product"}],"about":[{"href":"https:\/\/ouddorperfumes.com\/index.php\/wp-json\/wp\/v2\/types\/product"}],"version-history":[{"count":1,"href":"https:\/\/ouddorperfumes.com\/index.php\/wp-json\/wp\/v2\/product\/10828\/revisions"}],"predecessor-version":[{"id":11638,"href":"https:\/\/ouddorperfumes.com\/index.php\/wp-json\/wp\/v2\/product\/10828\/revisions\/11638"}],"wp:featuredmedia":[{"embeddable":true,"href":"https:\/\/ouddorperfumes.com\/index.php\/wp-json\/wp\/v2\/media\/10741"}],"wp:attachment":[{"href":"https:\/\/ouddorperfumes.com\/index.php\/wp-json\/wp\/v2\/media?parent=10828"}],"wp:term":[{"taxonomy":"product_brand","embeddable":true,"href":"https:\/\/ouddorperfumes.com\/index.php\/wp-json\/wp\/v2\/product_brand?post=10828"},{"taxonomy":"product_cat","embeddable":true,"href":"https:\/\/ouddorperfumes.com\/index.php\/wp-json\/wp\/v2\/product_cat?post=10828"},{"taxonomy":"product_tag","embeddable":true,"href":"https:\/\/ouddorperfumes.com\/index.php\/wp-json\/wp\/v2\/product_tag?post=10828"}],"curies":[{"name":"wp","href":"https:\/\/api.w.org\/{rel}","templated":true}]}}