{"id":10832,"date":"2025-07-25T00:21:58","date_gmt":"2025-07-25T05:21:58","guid":{"rendered":"https:\/\/ouddorperfumes.com\/index.php\/producto\/victorinox-swiss-army-soprt-x-100-ml\/"},"modified":"2025-09-29T14:31:56","modified_gmt":"2025-09-29T19:31:56","slug":"victorinox-swiss-army-sport-100-ml-original","status":"publish","type":"product","link":"https:\/\/ouddorperfumes.com\/index.php\/producto\/victorinox-swiss-army-sport-100-ml-original\/","title":{"rendered":"Victorinox Swiss Army Sport 100 ml Original"},"content":{"rendered":"<p>Swiss Army Sport de Victorinox es una fragancia masculina de la familia Arom\u00e1tica Foug\u00e8re, lanzada en 2014.<\/p>\n<p>Esta eau de toilette se abre con notas de salida vibrantes de manzana verde, yuzu y cilantro, que aportan una frescura frutal y especiada. En el coraz\u00f3n, emergen acordes de cedro, romero y lavanda, brindando un car\u00e1cter arom\u00e1tico y le\u00f1oso. Finalmente, las notas de fondo de almizcle y \u00e1mbar blanco proporcionan una base suave y duradera.<\/p>\n<div class=\"relative inline-flex items-center\">Esta composici\u00f3n es ideal para hombres activos que buscan una fragancia refrescante y vers\u00e1til para el uso diario.<\/div>\n<p>El frasco de Swiss Army Sport refleja la funcionalidad y el dise\u00f1o cl\u00e1sico caracter\u00edsticos de Victorinox, evocando la esencia de la marca suiza reconocida por su calidad y precisi\u00f3n.<\/p>\n","protected":false},"excerpt":{"rendered":"<p>Swiss Army Sport de Victorinox es una fragancia masculina de la familia Arom\u00e1tica Foug\u00e8re, lanzada en 2014.<\/p>\n<p>Esta eau de toilette se abre con notas de salida vibrantes de manzana verde, yuzu y cilantro, que aportan una frescura frutal y especiada. En el coraz\u00f3n, emergen acordes de cedro, romero y lavanda, brindando un car\u00e1cter arom\u00e1tico y le\u00f1oso. Finalmente, las notas de fondo de almizcle y \u00e1mbar blanco proporcionan una base suave y duradera.<\/p>\n<div class=\"relative inline-flex items-center\">Esta composici\u00f3n es ideal para hombres activos que buscan una fragancia refrescante y vers\u00e1til para el uso diario.<\/div>\n<p>El frasco de Swiss Army Sport refleja la funcionalidad y el dise\u00f1o cl\u00e1sico caracter\u00edsticos de Victorinox, evocando la esencia de la marca suiza reconocida por su calidad y precisi\u00f3n.<\/p>\n<p><span style=\"color: #ff4400;\"><strong>\u2705 <span style=\"color: #d9a569;\">Pagos 100% Contraentrega.<\/span><\/strong><\/span><br \/>\n<span style=\"color: #ff4400;\"><strong>\u2705 <span style=\"color: #d9a569;\">Env\u00edo Gratis a toda Colombia.<\/span><\/strong><\/span><br \/>\n<span style=\"color: #ff4400;\"><strong>\u2705 <span style=\"color: #d9a569;\">Perfumes 100% Originales.<\/span><\/strong><\/span><\/p>\n","protected":false},"featured_media":10915,"template":"","meta":[],"product_brand":[],"product_cat":[198,169,224],"product_tag":[],"class_list":{"0":"post-10832","1":"product","2":"type-product","3":"status-publish","4":"has-post-thumbnail","6":"product_cat-disenador","7":"product_cat-hombre","8":"product_cat-victorinox-swiss-army","10":"first","11":"instock","12":"sale","13":"shipping-taxable","14":"purchasable","15":"product-type-simple"},"yoast_head":"<!-- This site is optimized with the Yoast SEO plugin v27.3 - https:\/\/yoast.com\/product\/yoast-seo-wordpress\/ -->\n<title>Victorinox Swiss Army Sport 100 ml Original - Oud d\u2019Or - L\u2019essence du pouvoir<\/title>\n<meta name=\"robots\" content=\"index, follow, max-snippet:-1, max-image-preview:large, max-video-preview:-1\" \/>\n<link rel=\"canonical\" href=\"https:\/\/ouddorperfumes.com\/index.php\/producto\/victorinox-swiss-army-sport-100-ml-original\/\" \/>\n<meta property=\"og:locale\" content=\"es_ES\" \/>\n<meta property=\"og:type\" content=\"article\" \/>\n<meta property=\"og:title\" content=\"Victorinox Swiss Army Sport 100 ml Original - Oud d\u2019Or - L\u2019essence du pouvoir\" \/>\n<meta property=\"og:description\" content=\"Swiss Army Sport de Victorinox es una fragancia masculina de la familia Arom\u00e1tica Foug\u00e8re, lanzada en 2014.  Esta eau de toilette se abre con notas de salida vibrantes de manzana verde, yuzu y cilantro, que aportan una frescura frutal y especiada. En el coraz\u00f3n, emergen acordes de cedro, romero y lavanda, brindando un car\u00e1cter arom\u00e1tico y le\u00f1oso. Finalmente, las notas de fondo de almizcle y \u00e1mbar blanco proporcionan una base suave y duradera. Esta composici\u00f3n es ideal para hombres activos que buscan una fragancia refrescante y vers\u00e1til para el uso diario. El frasco de Swiss Army Sport refleja la funcionalidad y el dise\u00f1o cl\u00e1sico caracter\u00edsticos de Victorinox, evocando la esencia de la marca suiza reconocida por su calidad y precisi\u00f3n.  \u2705 Pagos 100% Contraentrega. \u2705 Env\u00edo Gratis a toda Colombia. \u2705 Perfumes 100% Originales.\" \/>\n<meta property=\"og:url\" content=\"https:\/\/ouddorperfumes.com\/index.php\/producto\/victorinox-swiss-army-sport-100-ml-original\/\" \/>\n<meta property=\"og:site_name\" content=\"Oud d\u2019Or - L\u2019essence du pouvoir\" \/>\n<meta property=\"article:modified_time\" content=\"2025-09-29T19:31:56+00:00\" \/>\n<meta property=\"og:image\" content=\"https:\/\/ouddorperfumes.com\/wp-content\/uploads\/2025\/07\/oud-106.jpg\" \/>\n\t<meta property=\"og:image:width\" content=\"1102\" \/>\n\t<meta property=\"og:image:height\" content=\"1102\" \/>\n\t<meta property=\"og:image:type\" content=\"image\/jpeg\" \/>\n<meta name=\"twitter:card\" content=\"summary_large_image\" \/>\n<meta name=\"twitter:label1\" content=\"Tiempo de lectura\" \/>\n\t<meta name=\"twitter:data1\" content=\"1 minuto\" \/>\n<script type=\"application\/ld+json\" class=\"yoast-schema-graph\">{\"@context\":\"https:\\\/\\\/schema.org\",\"@graph\":[{\"@type\":\"WebPage\",\"@id\":\"https:\\\/\\\/ouddorperfumes.com\\\/index.php\\\/producto\\\/victorinox-swiss-army-sport-100-ml-original\\\/\",\"url\":\"https:\\\/\\\/ouddorperfumes.com\\\/index.php\\\/producto\\\/victorinox-swiss-army-sport-100-ml-original\\\/\",\"name\":\"Victorinox Swiss Army Sport 100 ml Original - Oud d\u2019Or - L\u2019essence du pouvoir\",\"isPartOf\":{\"@id\":\"https:\\\/\\\/ouddorperfumes.com\\\/#website\"},\"primaryImageOfPage\":{\"@id\":\"https:\\\/\\\/ouddorperfumes.com\\\/index.php\\\/producto\\\/victorinox-swiss-army-sport-100-ml-original\\\/#primaryimage\"},\"image\":{\"@id\":\"https:\\\/\\\/ouddorperfumes.com\\\/index.php\\\/producto\\\/victorinox-swiss-army-sport-100-ml-original\\\/#primaryimage\"},\"thumbnailUrl\":\"https:\\\/\\\/ouddorperfumes.com\\\/wp-content\\\/uploads\\\/2025\\\/07\\\/oud-106.jpg\",\"datePublished\":\"2025-07-25T05:21:58+00:00\",\"dateModified\":\"2025-09-29T19:31:56+00:00\",\"breadcrumb\":{\"@id\":\"https:\\\/\\\/ouddorperfumes.com\\\/index.php\\\/producto\\\/victorinox-swiss-army-sport-100-ml-original\\\/#breadcrumb\"},\"inLanguage\":\"es\",\"potentialAction\":[{\"@type\":\"ReadAction\",\"target\":[\"https:\\\/\\\/ouddorperfumes.com\\\/index.php\\\/producto\\\/victorinox-swiss-army-sport-100-ml-original\\\/\"]}]},{\"@type\":\"ImageObject\",\"inLanguage\":\"es\",\"@id\":\"https:\\\/\\\/ouddorperfumes.com\\\/index.php\\\/producto\\\/victorinox-swiss-army-sport-100-ml-original\\\/#primaryimage\",\"url\":\"https:\\\/\\\/ouddorperfumes.com\\\/wp-content\\\/uploads\\\/2025\\\/07\\\/oud-106.jpg\",\"contentUrl\":\"https:\\\/\\\/ouddorperfumes.com\\\/wp-content\\\/uploads\\\/2025\\\/07\\\/oud-106.jpg\",\"width\":1102,\"height\":1102},{\"@type\":\"BreadcrumbList\",\"@id\":\"https:\\\/\\\/ouddorperfumes.com\\\/index.php\\\/producto\\\/victorinox-swiss-army-sport-100-ml-original\\\/#breadcrumb\",\"itemListElement\":[{\"@type\":\"ListItem\",\"position\":1,\"name\":\"Portada\",\"item\":\"https:\\\/\\\/ouddorperfumes.com\\\/\"},{\"@type\":\"ListItem\",\"position\":2,\"name\":\"Todos los Perfumes\",\"item\":\"https:\\\/\\\/ouddorperfumes.com\\\/index.php\\\/todos-los-perfumes\\\/\"},{\"@type\":\"ListItem\",\"position\":3,\"name\":\"Victorinox Swiss Army Sport 100 ml Original\"}]},{\"@type\":\"WebSite\",\"@id\":\"https:\\\/\\\/ouddorperfumes.com\\\/#website\",\"url\":\"https:\\\/\\\/ouddorperfumes.com\\\/\",\"name\":\"Oud d\u2019Or - L\u2019essence du pouvoir\",\"description\":\"Perfumes Arabes 100% Originales\",\"potentialAction\":[{\"@type\":\"SearchAction\",\"target\":{\"@type\":\"EntryPoint\",\"urlTemplate\":\"https:\\\/\\\/ouddorperfumes.com\\\/?s={search_term_string}\"},\"query-input\":{\"@type\":\"PropertyValueSpecification\",\"valueRequired\":true,\"valueName\":\"search_term_string\"}}],\"inLanguage\":\"es\"}]}<\/script>\n<!-- \/ Yoast SEO plugin. -->","yoast_head_json":{"title":"Victorinox Swiss Army Sport 100 ml Original - Oud d\u2019Or - L\u2019essence du pouvoir","robots":{"index":"index","follow":"follow","max-snippet":"max-snippet:-1","max-image-preview":"max-image-preview:large","max-video-preview":"max-video-preview:-1"},"canonical":"https:\/\/ouddorperfumes.com\/index.php\/producto\/victorinox-swiss-army-sport-100-ml-original\/","og_locale":"es_ES","og_type":"article","og_title":"Victorinox Swiss Army Sport 100 ml Original - Oud d\u2019Or - L\u2019essence du pouvoir","og_description":"Swiss Army Sport de Victorinox es una fragancia masculina de la familia Arom\u00e1tica Foug\u00e8re, lanzada en 2014.  Esta eau de toilette se abre con notas de salida vibrantes de manzana verde, yuzu y cilantro, que aportan una frescura frutal y especiada. En el coraz\u00f3n, emergen acordes de cedro, romero y lavanda, brindando un car\u00e1cter arom\u00e1tico y le\u00f1oso. Finalmente, las notas de fondo de almizcle y \u00e1mbar blanco proporcionan una base suave y duradera. Esta composici\u00f3n es ideal para hombres activos que buscan una fragancia refrescante y vers\u00e1til para el uso diario. El frasco de Swiss Army Sport refleja la funcionalidad y el dise\u00f1o cl\u00e1sico caracter\u00edsticos de Victorinox, evocando la esencia de la marca suiza reconocida por su calidad y precisi\u00f3n.  \u2705 Pagos 100% Contraentrega. \u2705 Env\u00edo Gratis a toda Colombia. \u2705 Perfumes 100% Originales.","og_url":"https:\/\/ouddorperfumes.com\/index.php\/producto\/victorinox-swiss-army-sport-100-ml-original\/","og_site_name":"Oud d\u2019Or - L\u2019essence du pouvoir","article_modified_time":"2025-09-29T19:31:56+00:00","og_image":[{"width":1102,"height":1102,"url":"https:\/\/ouddorperfumes.com\/wp-content\/uploads\/2025\/07\/oud-106.jpg","type":"image\/jpeg"}],"twitter_card":"summary_large_image","twitter_misc":{"Tiempo de lectura":"1 minuto"},"schema":{"@context":"https:\/\/schema.org","@graph":[{"@type":"WebPage","@id":"https:\/\/ouddorperfumes.com\/index.php\/producto\/victorinox-swiss-army-sport-100-ml-original\/","url":"https:\/\/ouddorperfumes.com\/index.php\/producto\/victorinox-swiss-army-sport-100-ml-original\/","name":"Victorinox Swiss Army Sport 100 ml Original - Oud d\u2019Or - L\u2019essence du pouvoir","isPartOf":{"@id":"https:\/\/ouddorperfumes.com\/#website"},"primaryImageOfPage":{"@id":"https:\/\/ouddorperfumes.com\/index.php\/producto\/victorinox-swiss-army-sport-100-ml-original\/#primaryimage"},"image":{"@id":"https:\/\/ouddorperfumes.com\/index.php\/producto\/victorinox-swiss-army-sport-100-ml-original\/#primaryimage"},"thumbnailUrl":"https:\/\/ouddorperfumes.com\/wp-content\/uploads\/2025\/07\/oud-106.jpg","datePublished":"2025-07-25T05:21:58+00:00","dateModified":"2025-09-29T19:31:56+00:00","breadcrumb":{"@id":"https:\/\/ouddorperfumes.com\/index.php\/producto\/victorinox-swiss-army-sport-100-ml-original\/#breadcrumb"},"inLanguage":"es","potentialAction":[{"@type":"ReadAction","target":["https:\/\/ouddorperfumes.com\/index.php\/producto\/victorinox-swiss-army-sport-100-ml-original\/"]}]},{"@type":"ImageObject","inLanguage":"es","@id":"https:\/\/ouddorperfumes.com\/index.php\/producto\/victorinox-swiss-army-sport-100-ml-original\/#primaryimage","url":"https:\/\/ouddorperfumes.com\/wp-content\/uploads\/2025\/07\/oud-106.jpg","contentUrl":"https:\/\/ouddorperfumes.com\/wp-content\/uploads\/2025\/07\/oud-106.jpg","width":1102,"height":1102},{"@type":"BreadcrumbList","@id":"https:\/\/ouddorperfumes.com\/index.php\/producto\/victorinox-swiss-army-sport-100-ml-original\/#breadcrumb","itemListElement":[{"@type":"ListItem","position":1,"name":"Portada","item":"https:\/\/ouddorperfumes.com\/"},{"@type":"ListItem","position":2,"name":"Todos los Perfumes","item":"https:\/\/ouddorperfumes.com\/index.php\/todos-los-perfumes\/"},{"@type":"ListItem","position":3,"name":"Victorinox Swiss Army Sport 100 ml Original"}]},{"@type":"WebSite","@id":"https:\/\/ouddorperfumes.com\/#website","url":"https:\/\/ouddorperfumes.com\/","name":"Oud d\u2019Or - L\u2019essence du pouvoir","description":"Perfumes Arabes 100% Originales","potentialAction":[{"@type":"SearchAction","target":{"@type":"EntryPoint","urlTemplate":"https:\/\/ouddorperfumes.com\/?s={search_term_string}"},"query-input":{"@type":"PropertyValueSpecification","valueRequired":true,"valueName":"search_term_string"}}],"inLanguage":"es"}]}},"_links":{"self":[{"href":"https:\/\/ouddorperfumes.com\/index.php\/wp-json\/wp\/v2\/product\/10832","targetHints":{"allow":["GET"]}}],"collection":[{"href":"https:\/\/ouddorperfumes.com\/index.php\/wp-json\/wp\/v2\/product"}],"about":[{"href":"https:\/\/ouddorperfumes.com\/index.php\/wp-json\/wp\/v2\/types\/product"}],"version-history":[{"count":1,"href":"https:\/\/ouddorperfumes.com\/index.php\/wp-json\/wp\/v2\/product\/10832\/revisions"}],"predecessor-version":[{"id":11625,"href":"https:\/\/ouddorperfumes.com\/index.php\/wp-json\/wp\/v2\/product\/10832\/revisions\/11625"}],"wp:featuredmedia":[{"embeddable":true,"href":"https:\/\/ouddorperfumes.com\/index.php\/wp-json\/wp\/v2\/media\/10915"}],"wp:attachment":[{"href":"https:\/\/ouddorperfumes.com\/index.php\/wp-json\/wp\/v2\/media?parent=10832"}],"wp:term":[{"taxonomy":"product_brand","embeddable":true,"href":"https:\/\/ouddorperfumes.com\/index.php\/wp-json\/wp\/v2\/product_brand?post=10832"},{"taxonomy":"product_cat","embeddable":true,"href":"https:\/\/ouddorperfumes.com\/index.php\/wp-json\/wp\/v2\/product_cat?post=10832"},{"taxonomy":"product_tag","embeddable":true,"href":"https:\/\/ouddorperfumes.com\/index.php\/wp-json\/wp\/v2\/product_tag?post=10832"}],"curies":[{"name":"wp","href":"https:\/\/api.w.org\/{rel}","templated":true}]}}