{"id":10835,"date":"2025-07-25T00:31:43","date_gmt":"2025-07-25T05:31:43","guid":{"rendered":"https:\/\/ouddorperfumes.com\/index.php\/producto\/fred-hayman-273-dm-x-75-original\/"},"modified":"2025-09-29T14:31:10","modified_gmt":"2025-09-29T19:31:10","slug":"fred-hayman-273-75-ml-original","status":"publish","type":"product","link":"https:\/\/ouddorperfumes.com\/index.php\/producto\/fred-hayman-273-75-ml-original\/","title":{"rendered":"Fred Hayman 273 &#8211; 75 ml Original"},"content":{"rendered":"<p><strong class=\"x-el x-el-span c2-1d c2-1e c2-3 c2-5v c2-1n c2-4s c2-5w\">273 Rodeo Drive<\/strong>\u00a0es una fragancia maravillosa para mujeres encantadoras con estilo. Un especial aroma de flores que notaran y se enamoraran al instante. 273 es un tributo a una direcci\u00f3n particular en Beverly Hills. El ep\u00edtome chic de la tienda de moda es acaparado por este perfume lujoso, la Creaci\u00f3n de un dise\u00f1ador conocido como el hombre que puso la calle Rodeo en primer plano en el mapa.<\/p>\n<p>Una composici\u00f3n floral oriental exuberante, que arregla en pares ciruela y durazno jugoso con gardenia rom\u00e1ntica, tuberosa y jazm\u00edn. Lance un hechizo seductivo llevando puesta una fragancia que irradia encanto eterno de Hollywood. \u00a0273 Rodeo Drive\u00a0se lanz\u00f3 en 1989.<\/p>\n","protected":false},"excerpt":{"rendered":"<p><strong class=\"x-el x-el-span c2-1d c2-1e c2-3 c2-5v c2-1n c2-4s c2-5w\">273 Rodeo Drive<\/strong>\u00a0es una fragancia maravillosa para mujeres encantadoras con estilo. Un especial aroma de flores que notaran y se enamoraran al instante. 273 es un tributo a una direcci\u00f3n particular en Beverly Hills. El ep\u00edtome chic de la tienda de moda es acaparado por este perfume lujoso, la Creaci\u00f3n de un dise\u00f1ador conocido como el hombre que puso la calle Rodeo en primer plano en el mapa.<\/p>\n<p>Una composici\u00f3n floral oriental exuberante, que arregla en pares ciruela y durazno jugoso con gardenia rom\u00e1ntica, tuberosa y jazm\u00edn. Lance un hechizo seductivo llevando puesta una fragancia que irradia encanto eterno de Hollywood. \u00a0273 Rodeo Drive\u00a0se lanz\u00f3 en 1989.<\/p>\n<p><span style=\"color: #ff4400;\"><strong>\u2705 <span style=\"color: #d9a569;\">Pagos 100% Contraentrega.<\/span><\/strong><\/span><br \/>\n<span style=\"color: #ff4400;\"><strong>\u2705 <span style=\"color: #d9a569;\">Env\u00edo Gratis a toda Colombia.<\/span><\/strong><\/span><br \/>\n<span style=\"color: #ff4400;\"><strong>\u2705 <span style=\"color: #d9a569;\">Perfumes 100% Originales.<\/span><\/strong><\/span><\/p>\n","protected":false},"featured_media":10907,"template":"","meta":[],"product_brand":[],"product_cat":[222,198,168],"product_tag":[],"class_list":{"0":"post-10835","1":"product","2":"type-product","3":"status-publish","4":"has-post-thumbnail","6":"product_cat-beverly-hills","7":"product_cat-disenador","8":"product_cat-mujer","10":"first","11":"instock","12":"sale","13":"shipping-taxable","14":"purchasable","15":"product-type-simple"},"yoast_head":"<!-- This site is optimized with the Yoast SEO plugin v27.3 - https:\/\/yoast.com\/product\/yoast-seo-wordpress\/ -->\n<title>Fred Hayman 273 - 75 ml Original - Oud d\u2019Or - L\u2019essence du pouvoir<\/title>\n<meta name=\"robots\" content=\"index, follow, max-snippet:-1, max-image-preview:large, max-video-preview:-1\" \/>\n<link rel=\"canonical\" href=\"https:\/\/ouddorperfumes.com\/index.php\/producto\/fred-hayman-273-75-ml-original\/\" \/>\n<meta property=\"og:locale\" content=\"es_ES\" \/>\n<meta property=\"og:type\" content=\"article\" \/>\n<meta property=\"og:title\" content=\"Fred Hayman 273 - 75 ml Original - Oud d\u2019Or - L\u2019essence du pouvoir\" \/>\n<meta property=\"og:description\" content=\"273 Rodeo Drive\u00a0es una fragancia maravillosa para mujeres encantadoras con estilo. Un especial aroma de flores que notaran y se enamoraran al instante. 273 es un tributo a una direcci\u00f3n particular en Beverly Hills. El ep\u00edtome chic de la tienda de moda es acaparado por este perfume lujoso, la Creaci\u00f3n de un dise\u00f1ador conocido como el hombre que puso la calle Rodeo en primer plano en el mapa.  Una composici\u00f3n floral oriental exuberante, que arregla en pares ciruela y durazno jugoso con gardenia rom\u00e1ntica, tuberosa y jazm\u00edn. Lance un hechizo seductivo llevando puesta una fragancia que irradia encanto eterno de Hollywood. \u00a0273 Rodeo Drive\u00a0se lanz\u00f3 en 1989.  \u2705 Pagos 100% Contraentrega. \u2705 Env\u00edo Gratis a toda Colombia. \u2705 Perfumes 100% Originales.\" \/>\n<meta property=\"og:url\" content=\"https:\/\/ouddorperfumes.com\/index.php\/producto\/fred-hayman-273-75-ml-original\/\" \/>\n<meta property=\"og:site_name\" content=\"Oud d\u2019Or - L\u2019essence du pouvoir\" \/>\n<meta property=\"article:modified_time\" content=\"2025-09-29T19:31:10+00:00\" \/>\n<meta property=\"og:image\" content=\"https:\/\/ouddorperfumes.com\/wp-content\/uploads\/2025\/07\/oud-104.jpg\" \/>\n\t<meta property=\"og:image:width\" content=\"1102\" \/>\n\t<meta property=\"og:image:height\" content=\"1102\" \/>\n\t<meta property=\"og:image:type\" content=\"image\/jpeg\" \/>\n<meta name=\"twitter:card\" content=\"summary_large_image\" \/>\n<meta name=\"twitter:label1\" content=\"Tiempo de lectura\" \/>\n\t<meta name=\"twitter:data1\" content=\"1 minuto\" \/>\n<script type=\"application\/ld+json\" class=\"yoast-schema-graph\">{\"@context\":\"https:\\\/\\\/schema.org\",\"@graph\":[{\"@type\":\"WebPage\",\"@id\":\"https:\\\/\\\/ouddorperfumes.com\\\/index.php\\\/producto\\\/fred-hayman-273-75-ml-original\\\/\",\"url\":\"https:\\\/\\\/ouddorperfumes.com\\\/index.php\\\/producto\\\/fred-hayman-273-75-ml-original\\\/\",\"name\":\"Fred Hayman 273 - 75 ml Original - Oud d\u2019Or - L\u2019essence du pouvoir\",\"isPartOf\":{\"@id\":\"https:\\\/\\\/ouddorperfumes.com\\\/#website\"},\"primaryImageOfPage\":{\"@id\":\"https:\\\/\\\/ouddorperfumes.com\\\/index.php\\\/producto\\\/fred-hayman-273-75-ml-original\\\/#primaryimage\"},\"image\":{\"@id\":\"https:\\\/\\\/ouddorperfumes.com\\\/index.php\\\/producto\\\/fred-hayman-273-75-ml-original\\\/#primaryimage\"},\"thumbnailUrl\":\"https:\\\/\\\/ouddorperfumes.com\\\/wp-content\\\/uploads\\\/2025\\\/07\\\/oud-104.jpg\",\"datePublished\":\"2025-07-25T05:31:43+00:00\",\"dateModified\":\"2025-09-29T19:31:10+00:00\",\"breadcrumb\":{\"@id\":\"https:\\\/\\\/ouddorperfumes.com\\\/index.php\\\/producto\\\/fred-hayman-273-75-ml-original\\\/#breadcrumb\"},\"inLanguage\":\"es\",\"potentialAction\":[{\"@type\":\"ReadAction\",\"target\":[\"https:\\\/\\\/ouddorperfumes.com\\\/index.php\\\/producto\\\/fred-hayman-273-75-ml-original\\\/\"]}]},{\"@type\":\"ImageObject\",\"inLanguage\":\"es\",\"@id\":\"https:\\\/\\\/ouddorperfumes.com\\\/index.php\\\/producto\\\/fred-hayman-273-75-ml-original\\\/#primaryimage\",\"url\":\"https:\\\/\\\/ouddorperfumes.com\\\/wp-content\\\/uploads\\\/2025\\\/07\\\/oud-104.jpg\",\"contentUrl\":\"https:\\\/\\\/ouddorperfumes.com\\\/wp-content\\\/uploads\\\/2025\\\/07\\\/oud-104.jpg\",\"width\":1102,\"height\":1102},{\"@type\":\"BreadcrumbList\",\"@id\":\"https:\\\/\\\/ouddorperfumes.com\\\/index.php\\\/producto\\\/fred-hayman-273-75-ml-original\\\/#breadcrumb\",\"itemListElement\":[{\"@type\":\"ListItem\",\"position\":1,\"name\":\"Portada\",\"item\":\"https:\\\/\\\/ouddorperfumes.com\\\/\"},{\"@type\":\"ListItem\",\"position\":2,\"name\":\"Todos los Perfumes\",\"item\":\"https:\\\/\\\/ouddorperfumes.com\\\/index.php\\\/todos-los-perfumes\\\/\"},{\"@type\":\"ListItem\",\"position\":3,\"name\":\"Fred Hayman 273 &#8211; 75 ml Original\"}]},{\"@type\":\"WebSite\",\"@id\":\"https:\\\/\\\/ouddorperfumes.com\\\/#website\",\"url\":\"https:\\\/\\\/ouddorperfumes.com\\\/\",\"name\":\"Oud d\u2019Or - L\u2019essence du pouvoir\",\"description\":\"Perfumes Arabes 100% Originales\",\"potentialAction\":[{\"@type\":\"SearchAction\",\"target\":{\"@type\":\"EntryPoint\",\"urlTemplate\":\"https:\\\/\\\/ouddorperfumes.com\\\/?s={search_term_string}\"},\"query-input\":{\"@type\":\"PropertyValueSpecification\",\"valueRequired\":true,\"valueName\":\"search_term_string\"}}],\"inLanguage\":\"es\"}]}<\/script>\n<!-- \/ Yoast SEO plugin. -->","yoast_head_json":{"title":"Fred Hayman 273 - 75 ml Original - Oud d\u2019Or - L\u2019essence du pouvoir","robots":{"index":"index","follow":"follow","max-snippet":"max-snippet:-1","max-image-preview":"max-image-preview:large","max-video-preview":"max-video-preview:-1"},"canonical":"https:\/\/ouddorperfumes.com\/index.php\/producto\/fred-hayman-273-75-ml-original\/","og_locale":"es_ES","og_type":"article","og_title":"Fred Hayman 273 - 75 ml Original - Oud d\u2019Or - L\u2019essence du pouvoir","og_description":"273 Rodeo Drive\u00a0es una fragancia maravillosa para mujeres encantadoras con estilo. Un especial aroma de flores que notaran y se enamoraran al instante. 273 es un tributo a una direcci\u00f3n particular en Beverly Hills. El ep\u00edtome chic de la tienda de moda es acaparado por este perfume lujoso, la Creaci\u00f3n de un dise\u00f1ador conocido como el hombre que puso la calle Rodeo en primer plano en el mapa.  Una composici\u00f3n floral oriental exuberante, que arregla en pares ciruela y durazno jugoso con gardenia rom\u00e1ntica, tuberosa y jazm\u00edn. Lance un hechizo seductivo llevando puesta una fragancia que irradia encanto eterno de Hollywood. \u00a0273 Rodeo Drive\u00a0se lanz\u00f3 en 1989.  \u2705 Pagos 100% Contraentrega. \u2705 Env\u00edo Gratis a toda Colombia. \u2705 Perfumes 100% Originales.","og_url":"https:\/\/ouddorperfumes.com\/index.php\/producto\/fred-hayman-273-75-ml-original\/","og_site_name":"Oud d\u2019Or - L\u2019essence du pouvoir","article_modified_time":"2025-09-29T19:31:10+00:00","og_image":[{"width":1102,"height":1102,"url":"https:\/\/ouddorperfumes.com\/wp-content\/uploads\/2025\/07\/oud-104.jpg","type":"image\/jpeg"}],"twitter_card":"summary_large_image","twitter_misc":{"Tiempo de lectura":"1 minuto"},"schema":{"@context":"https:\/\/schema.org","@graph":[{"@type":"WebPage","@id":"https:\/\/ouddorperfumes.com\/index.php\/producto\/fred-hayman-273-75-ml-original\/","url":"https:\/\/ouddorperfumes.com\/index.php\/producto\/fred-hayman-273-75-ml-original\/","name":"Fred Hayman 273 - 75 ml Original - Oud d\u2019Or - L\u2019essence du pouvoir","isPartOf":{"@id":"https:\/\/ouddorperfumes.com\/#website"},"primaryImageOfPage":{"@id":"https:\/\/ouddorperfumes.com\/index.php\/producto\/fred-hayman-273-75-ml-original\/#primaryimage"},"image":{"@id":"https:\/\/ouddorperfumes.com\/index.php\/producto\/fred-hayman-273-75-ml-original\/#primaryimage"},"thumbnailUrl":"https:\/\/ouddorperfumes.com\/wp-content\/uploads\/2025\/07\/oud-104.jpg","datePublished":"2025-07-25T05:31:43+00:00","dateModified":"2025-09-29T19:31:10+00:00","breadcrumb":{"@id":"https:\/\/ouddorperfumes.com\/index.php\/producto\/fred-hayman-273-75-ml-original\/#breadcrumb"},"inLanguage":"es","potentialAction":[{"@type":"ReadAction","target":["https:\/\/ouddorperfumes.com\/index.php\/producto\/fred-hayman-273-75-ml-original\/"]}]},{"@type":"ImageObject","inLanguage":"es","@id":"https:\/\/ouddorperfumes.com\/index.php\/producto\/fred-hayman-273-75-ml-original\/#primaryimage","url":"https:\/\/ouddorperfumes.com\/wp-content\/uploads\/2025\/07\/oud-104.jpg","contentUrl":"https:\/\/ouddorperfumes.com\/wp-content\/uploads\/2025\/07\/oud-104.jpg","width":1102,"height":1102},{"@type":"BreadcrumbList","@id":"https:\/\/ouddorperfumes.com\/index.php\/producto\/fred-hayman-273-75-ml-original\/#breadcrumb","itemListElement":[{"@type":"ListItem","position":1,"name":"Portada","item":"https:\/\/ouddorperfumes.com\/"},{"@type":"ListItem","position":2,"name":"Todos los Perfumes","item":"https:\/\/ouddorperfumes.com\/index.php\/todos-los-perfumes\/"},{"@type":"ListItem","position":3,"name":"Fred Hayman 273 &#8211; 75 ml Original"}]},{"@type":"WebSite","@id":"https:\/\/ouddorperfumes.com\/#website","url":"https:\/\/ouddorperfumes.com\/","name":"Oud d\u2019Or - L\u2019essence du pouvoir","description":"Perfumes Arabes 100% Originales","potentialAction":[{"@type":"SearchAction","target":{"@type":"EntryPoint","urlTemplate":"https:\/\/ouddorperfumes.com\/?s={search_term_string}"},"query-input":{"@type":"PropertyValueSpecification","valueRequired":true,"valueName":"search_term_string"}}],"inLanguage":"es"}]}},"_links":{"self":[{"href":"https:\/\/ouddorperfumes.com\/index.php\/wp-json\/wp\/v2\/product\/10835","targetHints":{"allow":["GET"]}}],"collection":[{"href":"https:\/\/ouddorperfumes.com\/index.php\/wp-json\/wp\/v2\/product"}],"about":[{"href":"https:\/\/ouddorperfumes.com\/index.php\/wp-json\/wp\/v2\/types\/product"}],"version-history":[{"count":1,"href":"https:\/\/ouddorperfumes.com\/index.php\/wp-json\/wp\/v2\/product\/10835\/revisions"}],"predecessor-version":[{"id":11622,"href":"https:\/\/ouddorperfumes.com\/index.php\/wp-json\/wp\/v2\/product\/10835\/revisions\/11622"}],"wp:featuredmedia":[{"embeddable":true,"href":"https:\/\/ouddorperfumes.com\/index.php\/wp-json\/wp\/v2\/media\/10907"}],"wp:attachment":[{"href":"https:\/\/ouddorperfumes.com\/index.php\/wp-json\/wp\/v2\/media?parent=10835"}],"wp:term":[{"taxonomy":"product_brand","embeddable":true,"href":"https:\/\/ouddorperfumes.com\/index.php\/wp-json\/wp\/v2\/product_brand?post=10835"},{"taxonomy":"product_cat","embeddable":true,"href":"https:\/\/ouddorperfumes.com\/index.php\/wp-json\/wp\/v2\/product_cat?post=10835"},{"taxonomy":"product_tag","embeddable":true,"href":"https:\/\/ouddorperfumes.com\/index.php\/wp-json\/wp\/v2\/product_tag?post=10835"}],"curies":[{"name":"wp","href":"https:\/\/api.w.org\/{rel}","templated":true}]}}