{"id":10840,"date":"2025-07-25T00:42:54","date_gmt":"2025-07-25T05:42:54","guid":{"rendered":"https:\/\/ouddorperfumes.com\/index.php\/producto\/moschino-toy-2-pearl-x-100-ml-original\/"},"modified":"2025-09-29T14:29:31","modified_gmt":"2025-09-29T19:29:31","slug":"moschino-toy-2-pearl-100-ml-original","status":"publish","type":"product","link":"https:\/\/ouddorperfumes.com\/index.php\/producto\/moschino-toy-2-pearl-100-ml-original\/","title":{"rendered":"Moschino Toy 2 Pearl 100 ml Original"},"content":{"rendered":"<p>El jazm\u00edn hidrop\u00f3nico se une con el lim\u00f3n salado y chispeante para obtener una combinaci\u00f3n que inyecta alegr\u00eda y energ\u00eda en su forma m\u00e1s pura, representado en una fragancia intensa y sin g\u00e9nero.<\/p>\n<p>Toy 2 Pearl se abre con la frescura del coraz\u00f3n de lim\u00f3n combinado con el embriagador aroma del or\u00e9gano y un espumoso sorbete de lim\u00f3n. El coraz\u00f3n contiene la elegancia del jazm\u00edn junto con las reconfortantes notas de arena y fresia que nos transportan a una isla paradis\u00edaca ba\u00f1ada por el sol. El fondo comprende la dulzura amaderada del vetiver, junto con toques vigorizantes de cipr\u00e9s, mientras que un toque de almizcle a\u00f1ade una suavidad atemporal.<\/p>\n<p>Se presenta en un ic\u00f3nico frasco con forma de osito de peluche en un color multifac\u00e9tico inspirado en el fondo marino y el n\u00e1car de Tahit\u00ed.<\/p>\n<p>Sostenibilidad:<\/p>\n<p>Con el 99,9 % de sus ingredientes obtenidos mediante qu\u00edmica verde, el 94 % de sus materias primas biodegradables y el 44 % de los ingredientes derivados de forma natural. Compatible con los principios veganos.<\/p>\n","protected":false},"excerpt":{"rendered":"<p>El jazm\u00edn hidrop\u00f3nico se une con el lim\u00f3n salado y chispeante para obtener una combinaci\u00f3n que inyecta alegr\u00eda y energ\u00eda en su forma m\u00e1s pura, representado en una fragancia intensa y sin g\u00e9nero.<\/p>\n<p>Toy 2 Pearl se abre con la frescura del coraz\u00f3n de lim\u00f3n combinado con el embriagador aroma del or\u00e9gano y un espumoso sorbete de lim\u00f3n. El coraz\u00f3n contiene la elegancia del jazm\u00edn junto con las reconfortantes notas de arena y fresia que nos transportan a una isla paradis\u00edaca ba\u00f1ada por el sol. El fondo comprende la dulzura amaderada del vetiver, junto con toques vigorizantes de cipr\u00e9s, mientras que un toque de almizcle a\u00f1ade una suavidad atemporal.<\/p>\n<p>Se presenta en un ic\u00f3nico frasco con forma de osito de peluche en un color multifac\u00e9tico inspirado en el fondo marino y el n\u00e1car de Tahit\u00ed.<\/p>\n<p>Sostenibilidad:<\/p>\n<p>Con el 99,9 % de sus ingredientes obtenidos mediante qu\u00edmica verde, el 94 % de sus materias primas biodegradables y el 44 % de los ingredientes derivados de forma natural. Compatible con los principios veganos.<\/p>\n<p><span style=\"color: #ff4400;\"><strong>\u2705 <span style=\"color: #d9a569;\">Pagos 100% Contraentrega.<\/span><\/strong><\/span><br \/>\n<span style=\"color: #ff4400;\"><strong>\u2705 <span style=\"color: #d9a569;\">Env\u00edo Gratis a toda Colombia.<\/span><\/strong><\/span><br \/>\n<span style=\"color: #ff4400;\"><strong>\u2705 <span style=\"color: #d9a569;\">Perfumes 100% Originales.<\/span><\/strong><\/span><\/p>\n","protected":false},"featured_media":10890,"template":"","meta":[],"product_brand":[],"product_cat":[198,169,219,168,170],"product_tag":[],"class_list":{"0":"post-10840","1":"product","2":"type-product","3":"status-publish","4":"has-post-thumbnail","6":"product_cat-disenador","7":"product_cat-hombre","8":"product_cat-moschino","9":"product_cat-mujer","10":"product_cat-unisex","12":"first","13":"instock","14":"sale","15":"shipping-taxable","16":"purchasable","17":"product-type-simple"},"yoast_head":"<!-- This site is optimized with the Yoast SEO plugin v27.3 - https:\/\/yoast.com\/product\/yoast-seo-wordpress\/ -->\n<title>Moschino Toy 2 Pearl 100 ml Original - Oud d\u2019Or - L\u2019essence du pouvoir<\/title>\n<meta name=\"robots\" content=\"index, follow, max-snippet:-1, max-image-preview:large, max-video-preview:-1\" \/>\n<link rel=\"canonical\" href=\"https:\/\/ouddorperfumes.com\/index.php\/producto\/moschino-toy-2-pearl-100-ml-original\/\" \/>\n<meta property=\"og:locale\" content=\"es_ES\" \/>\n<meta property=\"og:type\" content=\"article\" \/>\n<meta property=\"og:title\" content=\"Moschino Toy 2 Pearl 100 ml Original - Oud d\u2019Or - L\u2019essence du pouvoir\" \/>\n<meta property=\"og:description\" content=\"El jazm\u00edn hidrop\u00f3nico se une con el lim\u00f3n salado y chispeante para obtener una combinaci\u00f3n que inyecta alegr\u00eda y energ\u00eda en su forma m\u00e1s pura, representado en una fragancia intensa y sin g\u00e9nero.  Toy 2 Pearl se abre con la frescura del coraz\u00f3n de lim\u00f3n combinado con el embriagador aroma del or\u00e9gano y un espumoso sorbete de lim\u00f3n. El coraz\u00f3n contiene la elegancia del jazm\u00edn junto con las reconfortantes notas de arena y fresia que nos transportan a una isla paradis\u00edaca ba\u00f1ada por el sol. El fondo comprende la dulzura amaderada del vetiver, junto con toques vigorizantes de cipr\u00e9s, mientras que un toque de almizcle a\u00f1ade una suavidad atemporal.  Se presenta en un ic\u00f3nico frasco con forma de osito de peluche en un color multifac\u00e9tico inspirado en el fondo marino y el n\u00e1car de Tahit\u00ed.  Sostenibilidad:  Con el 99,9 % de sus ingredientes obtenidos mediante qu\u00edmica verde, el 94 % de sus materias primas biodegradables y el 44 % de los ingredientes derivados de forma natural. Compatible con los principios veganos.  \u2705 Pagos 100% Contraentrega. \u2705 Env\u00edo Gratis a toda Colombia. \u2705 Perfumes 100% Originales.\" \/>\n<meta property=\"og:url\" content=\"https:\/\/ouddorperfumes.com\/index.php\/producto\/moschino-toy-2-pearl-100-ml-original\/\" \/>\n<meta property=\"og:site_name\" content=\"Oud d\u2019Or - L\u2019essence du pouvoir\" \/>\n<meta property=\"article:modified_time\" content=\"2025-09-29T19:29:31+00:00\" \/>\n<meta property=\"og:image\" content=\"https:\/\/ouddorperfumes.com\/wp-content\/uploads\/2025\/07\/oud-063.jpg\" \/>\n\t<meta property=\"og:image:width\" content=\"1102\" \/>\n\t<meta property=\"og:image:height\" content=\"1102\" \/>\n\t<meta property=\"og:image:type\" content=\"image\/jpeg\" \/>\n<meta name=\"twitter:card\" content=\"summary_large_image\" \/>\n<meta name=\"twitter:label1\" content=\"Tiempo de lectura\" \/>\n\t<meta name=\"twitter:data1\" content=\"1 minuto\" \/>\n<script type=\"application\/ld+json\" class=\"yoast-schema-graph\">{\"@context\":\"https:\\\/\\\/schema.org\",\"@graph\":[{\"@type\":\"WebPage\",\"@id\":\"https:\\\/\\\/ouddorperfumes.com\\\/index.php\\\/producto\\\/moschino-toy-2-pearl-100-ml-original\\\/\",\"url\":\"https:\\\/\\\/ouddorperfumes.com\\\/index.php\\\/producto\\\/moschino-toy-2-pearl-100-ml-original\\\/\",\"name\":\"Moschino Toy 2 Pearl 100 ml Original - Oud d\u2019Or - L\u2019essence du pouvoir\",\"isPartOf\":{\"@id\":\"https:\\\/\\\/ouddorperfumes.com\\\/#website\"},\"primaryImageOfPage\":{\"@id\":\"https:\\\/\\\/ouddorperfumes.com\\\/index.php\\\/producto\\\/moschino-toy-2-pearl-100-ml-original\\\/#primaryimage\"},\"image\":{\"@id\":\"https:\\\/\\\/ouddorperfumes.com\\\/index.php\\\/producto\\\/moschino-toy-2-pearl-100-ml-original\\\/#primaryimage\"},\"thumbnailUrl\":\"https:\\\/\\\/ouddorperfumes.com\\\/wp-content\\\/uploads\\\/2025\\\/07\\\/oud-063.jpg\",\"datePublished\":\"2025-07-25T05:42:54+00:00\",\"dateModified\":\"2025-09-29T19:29:31+00:00\",\"breadcrumb\":{\"@id\":\"https:\\\/\\\/ouddorperfumes.com\\\/index.php\\\/producto\\\/moschino-toy-2-pearl-100-ml-original\\\/#breadcrumb\"},\"inLanguage\":\"es\",\"potentialAction\":[{\"@type\":\"ReadAction\",\"target\":[\"https:\\\/\\\/ouddorperfumes.com\\\/index.php\\\/producto\\\/moschino-toy-2-pearl-100-ml-original\\\/\"]}]},{\"@type\":\"ImageObject\",\"inLanguage\":\"es\",\"@id\":\"https:\\\/\\\/ouddorperfumes.com\\\/index.php\\\/producto\\\/moschino-toy-2-pearl-100-ml-original\\\/#primaryimage\",\"url\":\"https:\\\/\\\/ouddorperfumes.com\\\/wp-content\\\/uploads\\\/2025\\\/07\\\/oud-063.jpg\",\"contentUrl\":\"https:\\\/\\\/ouddorperfumes.com\\\/wp-content\\\/uploads\\\/2025\\\/07\\\/oud-063.jpg\",\"width\":1102,\"height\":1102},{\"@type\":\"BreadcrumbList\",\"@id\":\"https:\\\/\\\/ouddorperfumes.com\\\/index.php\\\/producto\\\/moschino-toy-2-pearl-100-ml-original\\\/#breadcrumb\",\"itemListElement\":[{\"@type\":\"ListItem\",\"position\":1,\"name\":\"Portada\",\"item\":\"https:\\\/\\\/ouddorperfumes.com\\\/\"},{\"@type\":\"ListItem\",\"position\":2,\"name\":\"Todos los Perfumes\",\"item\":\"https:\\\/\\\/ouddorperfumes.com\\\/index.php\\\/todos-los-perfumes\\\/\"},{\"@type\":\"ListItem\",\"position\":3,\"name\":\"Moschino Toy 2 Pearl 100 ml Original\"}]},{\"@type\":\"WebSite\",\"@id\":\"https:\\\/\\\/ouddorperfumes.com\\\/#website\",\"url\":\"https:\\\/\\\/ouddorperfumes.com\\\/\",\"name\":\"Oud d\u2019Or - L\u2019essence du pouvoir\",\"description\":\"Perfumes Arabes 100% Originales\",\"potentialAction\":[{\"@type\":\"SearchAction\",\"target\":{\"@type\":\"EntryPoint\",\"urlTemplate\":\"https:\\\/\\\/ouddorperfumes.com\\\/?s={search_term_string}\"},\"query-input\":{\"@type\":\"PropertyValueSpecification\",\"valueRequired\":true,\"valueName\":\"search_term_string\"}}],\"inLanguage\":\"es\"}]}<\/script>\n<!-- \/ Yoast SEO plugin. -->","yoast_head_json":{"title":"Moschino Toy 2 Pearl 100 ml Original - Oud d\u2019Or - L\u2019essence du pouvoir","robots":{"index":"index","follow":"follow","max-snippet":"max-snippet:-1","max-image-preview":"max-image-preview:large","max-video-preview":"max-video-preview:-1"},"canonical":"https:\/\/ouddorperfumes.com\/index.php\/producto\/moschino-toy-2-pearl-100-ml-original\/","og_locale":"es_ES","og_type":"article","og_title":"Moschino Toy 2 Pearl 100 ml Original - Oud d\u2019Or - L\u2019essence du pouvoir","og_description":"El jazm\u00edn hidrop\u00f3nico se une con el lim\u00f3n salado y chispeante para obtener una combinaci\u00f3n que inyecta alegr\u00eda y energ\u00eda en su forma m\u00e1s pura, representado en una fragancia intensa y sin g\u00e9nero.  Toy 2 Pearl se abre con la frescura del coraz\u00f3n de lim\u00f3n combinado con el embriagador aroma del or\u00e9gano y un espumoso sorbete de lim\u00f3n. El coraz\u00f3n contiene la elegancia del jazm\u00edn junto con las reconfortantes notas de arena y fresia que nos transportan a una isla paradis\u00edaca ba\u00f1ada por el sol. El fondo comprende la dulzura amaderada del vetiver, junto con toques vigorizantes de cipr\u00e9s, mientras que un toque de almizcle a\u00f1ade una suavidad atemporal.  Se presenta en un ic\u00f3nico frasco con forma de osito de peluche en un color multifac\u00e9tico inspirado en el fondo marino y el n\u00e1car de Tahit\u00ed.  Sostenibilidad:  Con el 99,9 % de sus ingredientes obtenidos mediante qu\u00edmica verde, el 94 % de sus materias primas biodegradables y el 44 % de los ingredientes derivados de forma natural. Compatible con los principios veganos.  \u2705 Pagos 100% Contraentrega. \u2705 Env\u00edo Gratis a toda Colombia. \u2705 Perfumes 100% Originales.","og_url":"https:\/\/ouddorperfumes.com\/index.php\/producto\/moschino-toy-2-pearl-100-ml-original\/","og_site_name":"Oud d\u2019Or - L\u2019essence du pouvoir","article_modified_time":"2025-09-29T19:29:31+00:00","og_image":[{"width":1102,"height":1102,"url":"https:\/\/ouddorperfumes.com\/wp-content\/uploads\/2025\/07\/oud-063.jpg","type":"image\/jpeg"}],"twitter_card":"summary_large_image","twitter_misc":{"Tiempo de lectura":"1 minuto"},"schema":{"@context":"https:\/\/schema.org","@graph":[{"@type":"WebPage","@id":"https:\/\/ouddorperfumes.com\/index.php\/producto\/moschino-toy-2-pearl-100-ml-original\/","url":"https:\/\/ouddorperfumes.com\/index.php\/producto\/moschino-toy-2-pearl-100-ml-original\/","name":"Moschino Toy 2 Pearl 100 ml Original - Oud d\u2019Or - L\u2019essence du pouvoir","isPartOf":{"@id":"https:\/\/ouddorperfumes.com\/#website"},"primaryImageOfPage":{"@id":"https:\/\/ouddorperfumes.com\/index.php\/producto\/moschino-toy-2-pearl-100-ml-original\/#primaryimage"},"image":{"@id":"https:\/\/ouddorperfumes.com\/index.php\/producto\/moschino-toy-2-pearl-100-ml-original\/#primaryimage"},"thumbnailUrl":"https:\/\/ouddorperfumes.com\/wp-content\/uploads\/2025\/07\/oud-063.jpg","datePublished":"2025-07-25T05:42:54+00:00","dateModified":"2025-09-29T19:29:31+00:00","breadcrumb":{"@id":"https:\/\/ouddorperfumes.com\/index.php\/producto\/moschino-toy-2-pearl-100-ml-original\/#breadcrumb"},"inLanguage":"es","potentialAction":[{"@type":"ReadAction","target":["https:\/\/ouddorperfumes.com\/index.php\/producto\/moschino-toy-2-pearl-100-ml-original\/"]}]},{"@type":"ImageObject","inLanguage":"es","@id":"https:\/\/ouddorperfumes.com\/index.php\/producto\/moschino-toy-2-pearl-100-ml-original\/#primaryimage","url":"https:\/\/ouddorperfumes.com\/wp-content\/uploads\/2025\/07\/oud-063.jpg","contentUrl":"https:\/\/ouddorperfumes.com\/wp-content\/uploads\/2025\/07\/oud-063.jpg","width":1102,"height":1102},{"@type":"BreadcrumbList","@id":"https:\/\/ouddorperfumes.com\/index.php\/producto\/moschino-toy-2-pearl-100-ml-original\/#breadcrumb","itemListElement":[{"@type":"ListItem","position":1,"name":"Portada","item":"https:\/\/ouddorperfumes.com\/"},{"@type":"ListItem","position":2,"name":"Todos los Perfumes","item":"https:\/\/ouddorperfumes.com\/index.php\/todos-los-perfumes\/"},{"@type":"ListItem","position":3,"name":"Moschino Toy 2 Pearl 100 ml Original"}]},{"@type":"WebSite","@id":"https:\/\/ouddorperfumes.com\/#website","url":"https:\/\/ouddorperfumes.com\/","name":"Oud d\u2019Or - L\u2019essence du pouvoir","description":"Perfumes Arabes 100% Originales","potentialAction":[{"@type":"SearchAction","target":{"@type":"EntryPoint","urlTemplate":"https:\/\/ouddorperfumes.com\/?s={search_term_string}"},"query-input":{"@type":"PropertyValueSpecification","valueRequired":true,"valueName":"search_term_string"}}],"inLanguage":"es"}]}},"_links":{"self":[{"href":"https:\/\/ouddorperfumes.com\/index.php\/wp-json\/wp\/v2\/product\/10840","targetHints":{"allow":["GET"]}}],"collection":[{"href":"https:\/\/ouddorperfumes.com\/index.php\/wp-json\/wp\/v2\/product"}],"about":[{"href":"https:\/\/ouddorperfumes.com\/index.php\/wp-json\/wp\/v2\/types\/product"}],"version-history":[{"count":1,"href":"https:\/\/ouddorperfumes.com\/index.php\/wp-json\/wp\/v2\/product\/10840\/revisions"}],"predecessor-version":[{"id":11617,"href":"https:\/\/ouddorperfumes.com\/index.php\/wp-json\/wp\/v2\/product\/10840\/revisions\/11617"}],"wp:featuredmedia":[{"embeddable":true,"href":"https:\/\/ouddorperfumes.com\/index.php\/wp-json\/wp\/v2\/media\/10890"}],"wp:attachment":[{"href":"https:\/\/ouddorperfumes.com\/index.php\/wp-json\/wp\/v2\/media?parent=10840"}],"wp:term":[{"taxonomy":"product_brand","embeddable":true,"href":"https:\/\/ouddorperfumes.com\/index.php\/wp-json\/wp\/v2\/product_brand?post=10840"},{"taxonomy":"product_cat","embeddable":true,"href":"https:\/\/ouddorperfumes.com\/index.php\/wp-json\/wp\/v2\/product_cat?post=10840"},{"taxonomy":"product_tag","embeddable":true,"href":"https:\/\/ouddorperfumes.com\/index.php\/wp-json\/wp\/v2\/product_tag?post=10840"}],"curies":[{"name":"wp","href":"https:\/\/api.w.org\/{rel}","templated":true}]}}