{"id":10847,"date":"2025-07-25T00:53:25","date_gmt":"2025-07-25T05:53:25","guid":{"rendered":"https:\/\/ouddorperfumes.com\/index.php\/producto\/lattafa-art-of-nature-ii-100-ml-original\/"},"modified":"2025-09-29T14:22:00","modified_gmt":"2025-09-29T19:22:00","slug":"lattafa-art-of-nature-ii-100-ml-original","status":"publish","type":"product","link":"https:\/\/ouddorperfumes.com\/index.php\/producto\/lattafa-art-of-nature-ii-100-ml-original\/","title":{"rendered":"Lattafa Art Of Nature II 100 ml Original"},"content":{"rendered":"<p><strong>Este perfume se encuentra inspirado en Parfums de marly althair.<\/strong><\/p>\n<p>Art Of Nature II de Lattafa Perfumes es una fragancia equilibrada y sofisticada, dise\u00f1ada para hombres y mujeres que buscan una expresi\u00f3n \u00fanica de lujo y modernidad. Lanzada en 2024, esta creaci\u00f3n presenta una combinaci\u00f3n envolvente de notas que evocan frescura, calidez y profundidad.<\/p>\n<p>En la apertura, las notas de incienso de ol\u00edbano, manzana, bergamota y mandarina brindan una entrada vibrante y luminosa. En el coraz\u00f3n, la intensidad especiada del cardamomo se mezcla con la suavidad de la flor de azahar del naranjo y la elegancia de la rosa, creando un contraste armonioso. Finalmente, el fondo revela la calidez cremosa de la vainilla, la fuerza del cedro, el car\u00e1cter amaderado de la madera de gaiac, el sensual almizcle y el toque moderno del ambroxan, dejando una estela inolvidable.<\/p>\n<p>Art Of Nature II es ideal para quienes buscan una fragancia vers\u00e1til y cautivadora, perfecta para cualquier ocasi\u00f3n y para destacar con una sofisticaci\u00f3n atemporal.<\/p>\n","protected":false},"excerpt":{"rendered":"<p><strong>Este perfume se encuentra inspirado en Parfums de marly althair.<\/strong><\/p>\n<p>Art Of Nature II de Lattafa Perfumes es una fragancia equilibrada y sofisticada, dise\u00f1ada para hombres y mujeres que buscan una expresi\u00f3n \u00fanica de lujo y modernidad. Lanzada en 2024, esta creaci\u00f3n presenta una combinaci\u00f3n envolvente de notas que evocan frescura, calidez y profundidad.<\/p>\n<p>En la apertura, las notas de incienso de ol\u00edbano, manzana, bergamota y mandarina brindan una entrada vibrante y luminosa. En el coraz\u00f3n, la intensidad especiada del cardamomo se mezcla con la suavidad de la flor de azahar del naranjo y la elegancia de la rosa, creando un contraste armonioso. Finalmente, el fondo revela la calidez cremosa de la vainilla, la fuerza del cedro, el car\u00e1cter amaderado de la madera de gaiac, el sensual almizcle y el toque moderno del ambroxan, dejando una estela inolvidable.<\/p>\n<p>Art Of Nature II es ideal para quienes buscan una fragancia vers\u00e1til y cautivadora, perfecta para cualquier ocasi\u00f3n y para destacar con una sofisticaci\u00f3n atemporal.<\/p>\n<p><span style=\"color: #ff4400;\"><strong>\u2705 <span style=\"color: #d9a569;\">Pagos 100% Contraentrega.<\/span><\/strong><\/span><br \/>\n<span style=\"color: #ff4400;\"><strong>\u2705 <span style=\"color: #d9a569;\">Env\u00edo Gratis a toda Colombia.<\/span><\/strong><\/span><br \/>\n<span style=\"color: #ff4400;\"><strong>\u2705 <span style=\"color: #d9a569;\">Perfumes 100% Originales.<\/span><\/strong><\/span><\/p>\n","protected":false},"featured_media":10861,"template":"","meta":[],"product_brand":[],"product_cat":[169,182,168,177,170],"product_tag":[],"class_list":{"0":"post-10847","1":"product","2":"type-product","3":"status-publish","4":"has-post-thumbnail","6":"product_cat-hombre","7":"product_cat-lattafa","8":"product_cat-mujer","9":"product_cat-perfumes-arabes","10":"product_cat-unisex","12":"first","13":"instock","14":"sale","15":"shipping-taxable","16":"purchasable","17":"product-type-simple"},"yoast_head":"<!-- This site is optimized with the Yoast SEO plugin v27.3 - https:\/\/yoast.com\/product\/yoast-seo-wordpress\/ -->\n<title>Lattafa Art Of Nature II 100 ml Original - Oud d\u2019Or - L\u2019essence du pouvoir<\/title>\n<meta name=\"robots\" content=\"index, follow, max-snippet:-1, max-image-preview:large, max-video-preview:-1\" \/>\n<link rel=\"canonical\" href=\"https:\/\/ouddorperfumes.com\/index.php\/producto\/lattafa-art-of-nature-ii-100-ml-original\/\" \/>\n<meta property=\"og:locale\" content=\"es_ES\" \/>\n<meta property=\"og:type\" content=\"article\" \/>\n<meta property=\"og:title\" content=\"Lattafa Art Of Nature II 100 ml Original - Oud d\u2019Or - L\u2019essence du pouvoir\" \/>\n<meta property=\"og:description\" content=\"Este perfume se encuentra inspirado en Parfums de marly althair.  Art Of Nature II de Lattafa Perfumes es una fragancia equilibrada y sofisticada, dise\u00f1ada para hombres y mujeres que buscan una expresi\u00f3n \u00fanica de lujo y modernidad. Lanzada en 2024, esta creaci\u00f3n presenta una combinaci\u00f3n envolvente de notas que evocan frescura, calidez y profundidad.  En la apertura, las notas de incienso de ol\u00edbano, manzana, bergamota y mandarina brindan una entrada vibrante y luminosa. En el coraz\u00f3n, la intensidad especiada del cardamomo se mezcla con la suavidad de la flor de azahar del naranjo y la elegancia de la rosa, creando un contraste armonioso. Finalmente, el fondo revela la calidez cremosa de la vainilla, la fuerza del cedro, el car\u00e1cter amaderado de la madera de gaiac, el sensual almizcle y el toque moderno del ambroxan, dejando una estela inolvidable.  Art Of Nature II es ideal para quienes buscan una fragancia vers\u00e1til y cautivadora, perfecta para cualquier ocasi\u00f3n y para destacar con una sofisticaci\u00f3n atemporal.  \u2705 Pagos 100% Contraentrega. \u2705 Env\u00edo Gratis a toda Colombia. \u2705 Perfumes 100% Originales.\" \/>\n<meta property=\"og:url\" content=\"https:\/\/ouddorperfumes.com\/index.php\/producto\/lattafa-art-of-nature-ii-100-ml-original\/\" \/>\n<meta property=\"og:site_name\" content=\"Oud d\u2019Or - L\u2019essence du pouvoir\" \/>\n<meta property=\"article:modified_time\" content=\"2025-09-29T19:22:00+00:00\" \/>\n<meta property=\"og:image\" content=\"https:\/\/ouddorperfumes.com\/wp-content\/uploads\/2025\/07\/oud-96.jpg\" \/>\n\t<meta property=\"og:image:width\" content=\"1102\" \/>\n\t<meta property=\"og:image:height\" content=\"1102\" \/>\n\t<meta property=\"og:image:type\" content=\"image\/jpeg\" \/>\n<meta name=\"twitter:card\" content=\"summary_large_image\" \/>\n<meta name=\"twitter:label1\" content=\"Tiempo de lectura\" \/>\n\t<meta name=\"twitter:data1\" content=\"1 minuto\" \/>\n<script type=\"application\/ld+json\" class=\"yoast-schema-graph\">{\"@context\":\"https:\\\/\\\/schema.org\",\"@graph\":[{\"@type\":\"WebPage\",\"@id\":\"https:\\\/\\\/ouddorperfumes.com\\\/index.php\\\/producto\\\/lattafa-art-of-nature-ii-100-ml-original\\\/\",\"url\":\"https:\\\/\\\/ouddorperfumes.com\\\/index.php\\\/producto\\\/lattafa-art-of-nature-ii-100-ml-original\\\/\",\"name\":\"Lattafa Art Of Nature II 100 ml Original - Oud d\u2019Or - L\u2019essence du pouvoir\",\"isPartOf\":{\"@id\":\"https:\\\/\\\/ouddorperfumes.com\\\/#website\"},\"primaryImageOfPage\":{\"@id\":\"https:\\\/\\\/ouddorperfumes.com\\\/index.php\\\/producto\\\/lattafa-art-of-nature-ii-100-ml-original\\\/#primaryimage\"},\"image\":{\"@id\":\"https:\\\/\\\/ouddorperfumes.com\\\/index.php\\\/producto\\\/lattafa-art-of-nature-ii-100-ml-original\\\/#primaryimage\"},\"thumbnailUrl\":\"https:\\\/\\\/ouddorperfumes.com\\\/wp-content\\\/uploads\\\/2025\\\/07\\\/oud-96.jpg\",\"datePublished\":\"2025-07-25T05:53:25+00:00\",\"dateModified\":\"2025-09-29T19:22:00+00:00\",\"breadcrumb\":{\"@id\":\"https:\\\/\\\/ouddorperfumes.com\\\/index.php\\\/producto\\\/lattafa-art-of-nature-ii-100-ml-original\\\/#breadcrumb\"},\"inLanguage\":\"es\",\"potentialAction\":[{\"@type\":\"ReadAction\",\"target\":[\"https:\\\/\\\/ouddorperfumes.com\\\/index.php\\\/producto\\\/lattafa-art-of-nature-ii-100-ml-original\\\/\"]}]},{\"@type\":\"ImageObject\",\"inLanguage\":\"es\",\"@id\":\"https:\\\/\\\/ouddorperfumes.com\\\/index.php\\\/producto\\\/lattafa-art-of-nature-ii-100-ml-original\\\/#primaryimage\",\"url\":\"https:\\\/\\\/ouddorperfumes.com\\\/wp-content\\\/uploads\\\/2025\\\/07\\\/oud-96.jpg\",\"contentUrl\":\"https:\\\/\\\/ouddorperfumes.com\\\/wp-content\\\/uploads\\\/2025\\\/07\\\/oud-96.jpg\",\"width\":1102,\"height\":1102},{\"@type\":\"BreadcrumbList\",\"@id\":\"https:\\\/\\\/ouddorperfumes.com\\\/index.php\\\/producto\\\/lattafa-art-of-nature-ii-100-ml-original\\\/#breadcrumb\",\"itemListElement\":[{\"@type\":\"ListItem\",\"position\":1,\"name\":\"Portada\",\"item\":\"https:\\\/\\\/ouddorperfumes.com\\\/\"},{\"@type\":\"ListItem\",\"position\":2,\"name\":\"Todos los Perfumes\",\"item\":\"https:\\\/\\\/ouddorperfumes.com\\\/index.php\\\/todos-los-perfumes\\\/\"},{\"@type\":\"ListItem\",\"position\":3,\"name\":\"Lattafa Art Of Nature II 100 ml Original\"}]},{\"@type\":\"WebSite\",\"@id\":\"https:\\\/\\\/ouddorperfumes.com\\\/#website\",\"url\":\"https:\\\/\\\/ouddorperfumes.com\\\/\",\"name\":\"Oud d\u2019Or - L\u2019essence du pouvoir\",\"description\":\"Perfumes Arabes 100% Originales\",\"potentialAction\":[{\"@type\":\"SearchAction\",\"target\":{\"@type\":\"EntryPoint\",\"urlTemplate\":\"https:\\\/\\\/ouddorperfumes.com\\\/?s={search_term_string}\"},\"query-input\":{\"@type\":\"PropertyValueSpecification\",\"valueRequired\":true,\"valueName\":\"search_term_string\"}}],\"inLanguage\":\"es\"}]}<\/script>\n<!-- \/ Yoast SEO plugin. -->","yoast_head_json":{"title":"Lattafa Art Of Nature II 100 ml Original - Oud d\u2019Or - L\u2019essence du pouvoir","robots":{"index":"index","follow":"follow","max-snippet":"max-snippet:-1","max-image-preview":"max-image-preview:large","max-video-preview":"max-video-preview:-1"},"canonical":"https:\/\/ouddorperfumes.com\/index.php\/producto\/lattafa-art-of-nature-ii-100-ml-original\/","og_locale":"es_ES","og_type":"article","og_title":"Lattafa Art Of Nature II 100 ml Original - Oud d\u2019Or - L\u2019essence du pouvoir","og_description":"Este perfume se encuentra inspirado en Parfums de marly althair.  Art Of Nature II de Lattafa Perfumes es una fragancia equilibrada y sofisticada, dise\u00f1ada para hombres y mujeres que buscan una expresi\u00f3n \u00fanica de lujo y modernidad. Lanzada en 2024, esta creaci\u00f3n presenta una combinaci\u00f3n envolvente de notas que evocan frescura, calidez y profundidad.  En la apertura, las notas de incienso de ol\u00edbano, manzana, bergamota y mandarina brindan una entrada vibrante y luminosa. En el coraz\u00f3n, la intensidad especiada del cardamomo se mezcla con la suavidad de la flor de azahar del naranjo y la elegancia de la rosa, creando un contraste armonioso. Finalmente, el fondo revela la calidez cremosa de la vainilla, la fuerza del cedro, el car\u00e1cter amaderado de la madera de gaiac, el sensual almizcle y el toque moderno del ambroxan, dejando una estela inolvidable.  Art Of Nature II es ideal para quienes buscan una fragancia vers\u00e1til y cautivadora, perfecta para cualquier ocasi\u00f3n y para destacar con una sofisticaci\u00f3n atemporal.  \u2705 Pagos 100% Contraentrega. \u2705 Env\u00edo Gratis a toda Colombia. \u2705 Perfumes 100% Originales.","og_url":"https:\/\/ouddorperfumes.com\/index.php\/producto\/lattafa-art-of-nature-ii-100-ml-original\/","og_site_name":"Oud d\u2019Or - L\u2019essence du pouvoir","article_modified_time":"2025-09-29T19:22:00+00:00","og_image":[{"width":1102,"height":1102,"url":"https:\/\/ouddorperfumes.com\/wp-content\/uploads\/2025\/07\/oud-96.jpg","type":"image\/jpeg"}],"twitter_card":"summary_large_image","twitter_misc":{"Tiempo de lectura":"1 minuto"},"schema":{"@context":"https:\/\/schema.org","@graph":[{"@type":"WebPage","@id":"https:\/\/ouddorperfumes.com\/index.php\/producto\/lattafa-art-of-nature-ii-100-ml-original\/","url":"https:\/\/ouddorperfumes.com\/index.php\/producto\/lattafa-art-of-nature-ii-100-ml-original\/","name":"Lattafa Art Of Nature II 100 ml Original - Oud d\u2019Or - L\u2019essence du pouvoir","isPartOf":{"@id":"https:\/\/ouddorperfumes.com\/#website"},"primaryImageOfPage":{"@id":"https:\/\/ouddorperfumes.com\/index.php\/producto\/lattafa-art-of-nature-ii-100-ml-original\/#primaryimage"},"image":{"@id":"https:\/\/ouddorperfumes.com\/index.php\/producto\/lattafa-art-of-nature-ii-100-ml-original\/#primaryimage"},"thumbnailUrl":"https:\/\/ouddorperfumes.com\/wp-content\/uploads\/2025\/07\/oud-96.jpg","datePublished":"2025-07-25T05:53:25+00:00","dateModified":"2025-09-29T19:22:00+00:00","breadcrumb":{"@id":"https:\/\/ouddorperfumes.com\/index.php\/producto\/lattafa-art-of-nature-ii-100-ml-original\/#breadcrumb"},"inLanguage":"es","potentialAction":[{"@type":"ReadAction","target":["https:\/\/ouddorperfumes.com\/index.php\/producto\/lattafa-art-of-nature-ii-100-ml-original\/"]}]},{"@type":"ImageObject","inLanguage":"es","@id":"https:\/\/ouddorperfumes.com\/index.php\/producto\/lattafa-art-of-nature-ii-100-ml-original\/#primaryimage","url":"https:\/\/ouddorperfumes.com\/wp-content\/uploads\/2025\/07\/oud-96.jpg","contentUrl":"https:\/\/ouddorperfumes.com\/wp-content\/uploads\/2025\/07\/oud-96.jpg","width":1102,"height":1102},{"@type":"BreadcrumbList","@id":"https:\/\/ouddorperfumes.com\/index.php\/producto\/lattafa-art-of-nature-ii-100-ml-original\/#breadcrumb","itemListElement":[{"@type":"ListItem","position":1,"name":"Portada","item":"https:\/\/ouddorperfumes.com\/"},{"@type":"ListItem","position":2,"name":"Todos los Perfumes","item":"https:\/\/ouddorperfumes.com\/index.php\/todos-los-perfumes\/"},{"@type":"ListItem","position":3,"name":"Lattafa Art Of Nature II 100 ml Original"}]},{"@type":"WebSite","@id":"https:\/\/ouddorperfumes.com\/#website","url":"https:\/\/ouddorperfumes.com\/","name":"Oud d\u2019Or - L\u2019essence du pouvoir","description":"Perfumes Arabes 100% Originales","potentialAction":[{"@type":"SearchAction","target":{"@type":"EntryPoint","urlTemplate":"https:\/\/ouddorperfumes.com\/?s={search_term_string}"},"query-input":{"@type":"PropertyValueSpecification","valueRequired":true,"valueName":"search_term_string"}}],"inLanguage":"es"}]}},"_links":{"self":[{"href":"https:\/\/ouddorperfumes.com\/index.php\/wp-json\/wp\/v2\/product\/10847","targetHints":{"allow":["GET"]}}],"collection":[{"href":"https:\/\/ouddorperfumes.com\/index.php\/wp-json\/wp\/v2\/product"}],"about":[{"href":"https:\/\/ouddorperfumes.com\/index.php\/wp-json\/wp\/v2\/types\/product"}],"version-history":[{"count":1,"href":"https:\/\/ouddorperfumes.com\/index.php\/wp-json\/wp\/v2\/product\/10847\/revisions"}],"predecessor-version":[{"id":11610,"href":"https:\/\/ouddorperfumes.com\/index.php\/wp-json\/wp\/v2\/product\/10847\/revisions\/11610"}],"wp:featuredmedia":[{"embeddable":true,"href":"https:\/\/ouddorperfumes.com\/index.php\/wp-json\/wp\/v2\/media\/10861"}],"wp:attachment":[{"href":"https:\/\/ouddorperfumes.com\/index.php\/wp-json\/wp\/v2\/media?parent=10847"}],"wp:term":[{"taxonomy":"product_brand","embeddable":true,"href":"https:\/\/ouddorperfumes.com\/index.php\/wp-json\/wp\/v2\/product_brand?post=10847"},{"taxonomy":"product_cat","embeddable":true,"href":"https:\/\/ouddorperfumes.com\/index.php\/wp-json\/wp\/v2\/product_cat?post=10847"},{"taxonomy":"product_tag","embeddable":true,"href":"https:\/\/ouddorperfumes.com\/index.php\/wp-json\/wp\/v2\/product_tag?post=10847"}],"curies":[{"name":"wp","href":"https:\/\/api.w.org\/{rel}","templated":true}]}}