{"id":11428,"date":"2025-09-27T23:18:34","date_gmt":"2025-09-28T04:18:34","guid":{"rendered":"https:\/\/ouddorperfumes.com\/index.php\/producto\/calvin-klein-beauty-x-100-ml-original\/"},"modified":"2025-09-29T14:16:08","modified_gmt":"2025-09-29T19:16:08","slug":"calvin-klein-beauty-100-ml-original","status":"publish","type":"product","link":"https:\/\/ouddorperfumes.com\/index.php\/producto\/calvin-klein-beauty-100-ml-original\/","title":{"rendered":"Calvin Klein Beauty 100 ml Original"},"content":{"rendered":"<p data-start=\"98\" data-end=\"432\"><strong data-start=\"98\" data-end=\"108\">Beauty<\/strong> de <strong data-start=\"112\" data-end=\"128\">Calvin Klein<\/strong> para mujer es una fragancia que evoca frescura, elegancia y sofisticaci\u00f3n. En su presentaci\u00f3n de 100 ml, se abre con una luminosa nota de jazm\u00edn que da paso a un coraz\u00f3n protagonizado por el lirio blanco, donde se despliega un acorde de <em data-start=\"366\" data-end=\"384\">neo-lirio blanco<\/em>, aportando una suavidad envolvente y moderna.<\/p>\n<p data-start=\"434\" data-end=\"726\">A medida que la fragancia evoluciona, surgen delicadas notas especiadas y empolvadas que enriquecen la composici\u00f3n. Finalmente, el fondo revela una base c\u00e1lida y sensual, donde el cedro se fusiona con las notas almizcladas de la semilla de ambrette, dejando una estela sutil pero memorable.<\/p>\n<p data-start=\"728\" data-end=\"796\"><strong data-start=\"728\" data-end=\"738\">Beauty<\/strong> es la expresi\u00f3n perfecta de la feminidad serena y segura.<\/p>\n","protected":false},"excerpt":{"rendered":"<p data-start=\"98\" data-end=\"432\"><strong data-start=\"98\" data-end=\"108\">Beauty<\/strong> de <strong data-start=\"112\" data-end=\"128\">Calvin Klein<\/strong> para mujer es una fragancia que evoca frescura, elegancia y sofisticaci\u00f3n. En su presentaci\u00f3n de 100 ml, se abre con una luminosa nota de jazm\u00edn que da paso a un coraz\u00f3n protagonizado por el lirio blanco, donde se despliega un acorde de <em data-start=\"366\" data-end=\"384\">neo-lirio blanco<\/em>, aportando una suavidad envolvente y moderna.<\/p>\n<p data-start=\"434\" data-end=\"726\">A medida que la fragancia evoluciona, surgen delicadas notas especiadas y empolvadas que enriquecen la composici\u00f3n. Finalmente, el fondo revela una base c\u00e1lida y sensual, donde el cedro se fusiona con las notas almizcladas de la semilla de ambrette, dejando una estela sutil pero memorable.<\/p>\n<p data-start=\"728\" data-end=\"796\"><strong data-start=\"728\" data-end=\"738\">Beauty<\/strong> es la expresi\u00f3n perfecta de la feminidad serena y segura.<\/p>\n<p data-start=\"728\" data-end=\"796\"><span style=\"color: #ff4400;\"><strong>\u2705 <span style=\"color: #d9a569;\">Pagos 100% Contraentrega.<\/span><\/strong><\/span><br \/>\n<span style=\"color: #ff4400;\"><strong>\u2705 <span style=\"color: #d9a569;\">Env\u00edo Gratis a toda Colombia.<\/span><\/strong><\/span><br \/>\n<span style=\"color: #ff4400;\"><strong>\u2705 <span style=\"color: #d9a569;\">Perfumes 100% Originales.<\/span><\/strong><\/span><\/p>\n","protected":false},"featured_media":11505,"template":"","meta":[],"product_brand":[],"product_cat":[191,198,168],"product_tag":[],"class_list":{"0":"post-11428","1":"product","2":"type-product","3":"status-publish","4":"has-post-thumbnail","6":"product_cat-calvin-klein","7":"product_cat-disenador","8":"product_cat-mujer","10":"first","11":"instock","12":"sale","13":"shipping-taxable","14":"purchasable","15":"product-type-simple"},"yoast_head":"<!-- This site is optimized with the Yoast SEO plugin v27.3 - https:\/\/yoast.com\/product\/yoast-seo-wordpress\/ -->\n<title>Calvin Klein Beauty 100 ml Original - Oud d\u2019Or - L\u2019essence du pouvoir<\/title>\n<meta name=\"robots\" content=\"index, follow, max-snippet:-1, max-image-preview:large, max-video-preview:-1\" \/>\n<link rel=\"canonical\" href=\"https:\/\/ouddorperfumes.com\/index.php\/producto\/calvin-klein-beauty-100-ml-original\/\" \/>\n<meta property=\"og:locale\" content=\"es_ES\" \/>\n<meta property=\"og:type\" content=\"article\" \/>\n<meta property=\"og:title\" content=\"Calvin Klein Beauty 100 ml Original - Oud d\u2019Or - L\u2019essence du pouvoir\" \/>\n<meta property=\"og:description\" content=\"Beauty de Calvin Klein para mujer es una fragancia que evoca frescura, elegancia y sofisticaci\u00f3n. En su presentaci\u00f3n de 100 ml, se abre con una luminosa nota de jazm\u00edn que da paso a un coraz\u00f3n protagonizado por el lirio blanco, donde se despliega un acorde de neo-lirio blanco, aportando una suavidad envolvente y moderna. A medida que la fragancia evoluciona, surgen delicadas notas especiadas y empolvadas que enriquecen la composici\u00f3n. Finalmente, el fondo revela una base c\u00e1lida y sensual, donde el cedro se fusiona con las notas almizcladas de la semilla de ambrette, dejando una estela sutil pero memorable. Beauty es la expresi\u00f3n perfecta de la feminidad serena y segura. \u2705 Pagos 100% Contraentrega. \u2705 Env\u00edo Gratis a toda Colombia. \u2705 Perfumes 100% Originales.\" \/>\n<meta property=\"og:url\" content=\"https:\/\/ouddorperfumes.com\/index.php\/producto\/calvin-klein-beauty-100-ml-original\/\" \/>\n<meta property=\"og:site_name\" content=\"Oud d\u2019Or - L\u2019essence du pouvoir\" \/>\n<meta property=\"article:modified_time\" content=\"2025-09-29T19:16:08+00:00\" \/>\n<meta property=\"og:image\" content=\"https:\/\/ouddorperfumes.com\/wp-content\/uploads\/2025\/09\/360-16.jpg\" \/>\n\t<meta property=\"og:image:width\" content=\"1654\" \/>\n\t<meta property=\"og:image:height\" content=\"1654\" \/>\n\t<meta property=\"og:image:type\" content=\"image\/jpeg\" \/>\n<meta name=\"twitter:card\" content=\"summary_large_image\" \/>\n<meta name=\"twitter:label1\" content=\"Tiempo de lectura\" \/>\n\t<meta name=\"twitter:data1\" content=\"1 minuto\" \/>\n<script type=\"application\/ld+json\" class=\"yoast-schema-graph\">{\"@context\":\"https:\\\/\\\/schema.org\",\"@graph\":[{\"@type\":\"WebPage\",\"@id\":\"https:\\\/\\\/ouddorperfumes.com\\\/index.php\\\/producto\\\/calvin-klein-beauty-100-ml-original\\\/\",\"url\":\"https:\\\/\\\/ouddorperfumes.com\\\/index.php\\\/producto\\\/calvin-klein-beauty-100-ml-original\\\/\",\"name\":\"Calvin Klein Beauty 100 ml Original - Oud d\u2019Or - L\u2019essence du pouvoir\",\"isPartOf\":{\"@id\":\"https:\\\/\\\/ouddorperfumes.com\\\/#website\"},\"primaryImageOfPage\":{\"@id\":\"https:\\\/\\\/ouddorperfumes.com\\\/index.php\\\/producto\\\/calvin-klein-beauty-100-ml-original\\\/#primaryimage\"},\"image\":{\"@id\":\"https:\\\/\\\/ouddorperfumes.com\\\/index.php\\\/producto\\\/calvin-klein-beauty-100-ml-original\\\/#primaryimage\"},\"thumbnailUrl\":\"https:\\\/\\\/ouddorperfumes.com\\\/wp-content\\\/uploads\\\/2025\\\/09\\\/360-16.jpg\",\"datePublished\":\"2025-09-28T04:18:34+00:00\",\"dateModified\":\"2025-09-29T19:16:08+00:00\",\"breadcrumb\":{\"@id\":\"https:\\\/\\\/ouddorperfumes.com\\\/index.php\\\/producto\\\/calvin-klein-beauty-100-ml-original\\\/#breadcrumb\"},\"inLanguage\":\"es\",\"potentialAction\":[{\"@type\":\"ReadAction\",\"target\":[\"https:\\\/\\\/ouddorperfumes.com\\\/index.php\\\/producto\\\/calvin-klein-beauty-100-ml-original\\\/\"]}]},{\"@type\":\"ImageObject\",\"inLanguage\":\"es\",\"@id\":\"https:\\\/\\\/ouddorperfumes.com\\\/index.php\\\/producto\\\/calvin-klein-beauty-100-ml-original\\\/#primaryimage\",\"url\":\"https:\\\/\\\/ouddorperfumes.com\\\/wp-content\\\/uploads\\\/2025\\\/09\\\/360-16.jpg\",\"contentUrl\":\"https:\\\/\\\/ouddorperfumes.com\\\/wp-content\\\/uploads\\\/2025\\\/09\\\/360-16.jpg\",\"width\":1654,\"height\":1654},{\"@type\":\"BreadcrumbList\",\"@id\":\"https:\\\/\\\/ouddorperfumes.com\\\/index.php\\\/producto\\\/calvin-klein-beauty-100-ml-original\\\/#breadcrumb\",\"itemListElement\":[{\"@type\":\"ListItem\",\"position\":1,\"name\":\"Portada\",\"item\":\"https:\\\/\\\/ouddorperfumes.com\\\/\"},{\"@type\":\"ListItem\",\"position\":2,\"name\":\"Todos los Perfumes\",\"item\":\"https:\\\/\\\/ouddorperfumes.com\\\/index.php\\\/todos-los-perfumes\\\/\"},{\"@type\":\"ListItem\",\"position\":3,\"name\":\"Calvin Klein Beauty 100 ml Original\"}]},{\"@type\":\"WebSite\",\"@id\":\"https:\\\/\\\/ouddorperfumes.com\\\/#website\",\"url\":\"https:\\\/\\\/ouddorperfumes.com\\\/\",\"name\":\"Oud d\u2019Or - L\u2019essence du pouvoir\",\"description\":\"Perfumes Arabes 100% Originales\",\"potentialAction\":[{\"@type\":\"SearchAction\",\"target\":{\"@type\":\"EntryPoint\",\"urlTemplate\":\"https:\\\/\\\/ouddorperfumes.com\\\/?s={search_term_string}\"},\"query-input\":{\"@type\":\"PropertyValueSpecification\",\"valueRequired\":true,\"valueName\":\"search_term_string\"}}],\"inLanguage\":\"es\"}]}<\/script>\n<!-- \/ Yoast SEO plugin. -->","yoast_head_json":{"title":"Calvin Klein Beauty 100 ml Original - Oud d\u2019Or - L\u2019essence du pouvoir","robots":{"index":"index","follow":"follow","max-snippet":"max-snippet:-1","max-image-preview":"max-image-preview:large","max-video-preview":"max-video-preview:-1"},"canonical":"https:\/\/ouddorperfumes.com\/index.php\/producto\/calvin-klein-beauty-100-ml-original\/","og_locale":"es_ES","og_type":"article","og_title":"Calvin Klein Beauty 100 ml Original - Oud d\u2019Or - L\u2019essence du pouvoir","og_description":"Beauty de Calvin Klein para mujer es una fragancia que evoca frescura, elegancia y sofisticaci\u00f3n. En su presentaci\u00f3n de 100 ml, se abre con una luminosa nota de jazm\u00edn que da paso a un coraz\u00f3n protagonizado por el lirio blanco, donde se despliega un acorde de neo-lirio blanco, aportando una suavidad envolvente y moderna. A medida que la fragancia evoluciona, surgen delicadas notas especiadas y empolvadas que enriquecen la composici\u00f3n. Finalmente, el fondo revela una base c\u00e1lida y sensual, donde el cedro se fusiona con las notas almizcladas de la semilla de ambrette, dejando una estela sutil pero memorable. Beauty es la expresi\u00f3n perfecta de la feminidad serena y segura. \u2705 Pagos 100% Contraentrega. \u2705 Env\u00edo Gratis a toda Colombia. \u2705 Perfumes 100% Originales.","og_url":"https:\/\/ouddorperfumes.com\/index.php\/producto\/calvin-klein-beauty-100-ml-original\/","og_site_name":"Oud d\u2019Or - L\u2019essence du pouvoir","article_modified_time":"2025-09-29T19:16:08+00:00","og_image":[{"width":1654,"height":1654,"url":"https:\/\/ouddorperfumes.com\/wp-content\/uploads\/2025\/09\/360-16.jpg","type":"image\/jpeg"}],"twitter_card":"summary_large_image","twitter_misc":{"Tiempo de lectura":"1 minuto"},"schema":{"@context":"https:\/\/schema.org","@graph":[{"@type":"WebPage","@id":"https:\/\/ouddorperfumes.com\/index.php\/producto\/calvin-klein-beauty-100-ml-original\/","url":"https:\/\/ouddorperfumes.com\/index.php\/producto\/calvin-klein-beauty-100-ml-original\/","name":"Calvin Klein Beauty 100 ml Original - Oud d\u2019Or - L\u2019essence du pouvoir","isPartOf":{"@id":"https:\/\/ouddorperfumes.com\/#website"},"primaryImageOfPage":{"@id":"https:\/\/ouddorperfumes.com\/index.php\/producto\/calvin-klein-beauty-100-ml-original\/#primaryimage"},"image":{"@id":"https:\/\/ouddorperfumes.com\/index.php\/producto\/calvin-klein-beauty-100-ml-original\/#primaryimage"},"thumbnailUrl":"https:\/\/ouddorperfumes.com\/wp-content\/uploads\/2025\/09\/360-16.jpg","datePublished":"2025-09-28T04:18:34+00:00","dateModified":"2025-09-29T19:16:08+00:00","breadcrumb":{"@id":"https:\/\/ouddorperfumes.com\/index.php\/producto\/calvin-klein-beauty-100-ml-original\/#breadcrumb"},"inLanguage":"es","potentialAction":[{"@type":"ReadAction","target":["https:\/\/ouddorperfumes.com\/index.php\/producto\/calvin-klein-beauty-100-ml-original\/"]}]},{"@type":"ImageObject","inLanguage":"es","@id":"https:\/\/ouddorperfumes.com\/index.php\/producto\/calvin-klein-beauty-100-ml-original\/#primaryimage","url":"https:\/\/ouddorperfumes.com\/wp-content\/uploads\/2025\/09\/360-16.jpg","contentUrl":"https:\/\/ouddorperfumes.com\/wp-content\/uploads\/2025\/09\/360-16.jpg","width":1654,"height":1654},{"@type":"BreadcrumbList","@id":"https:\/\/ouddorperfumes.com\/index.php\/producto\/calvin-klein-beauty-100-ml-original\/#breadcrumb","itemListElement":[{"@type":"ListItem","position":1,"name":"Portada","item":"https:\/\/ouddorperfumes.com\/"},{"@type":"ListItem","position":2,"name":"Todos los Perfumes","item":"https:\/\/ouddorperfumes.com\/index.php\/todos-los-perfumes\/"},{"@type":"ListItem","position":3,"name":"Calvin Klein Beauty 100 ml Original"}]},{"@type":"WebSite","@id":"https:\/\/ouddorperfumes.com\/#website","url":"https:\/\/ouddorperfumes.com\/","name":"Oud d\u2019Or - L\u2019essence du pouvoir","description":"Perfumes Arabes 100% Originales","potentialAction":[{"@type":"SearchAction","target":{"@type":"EntryPoint","urlTemplate":"https:\/\/ouddorperfumes.com\/?s={search_term_string}"},"query-input":{"@type":"PropertyValueSpecification","valueRequired":true,"valueName":"search_term_string"}}],"inLanguage":"es"}]}},"_links":{"self":[{"href":"https:\/\/ouddorperfumes.com\/index.php\/wp-json\/wp\/v2\/product\/11428","targetHints":{"allow":["GET"]}}],"collection":[{"href":"https:\/\/ouddorperfumes.com\/index.php\/wp-json\/wp\/v2\/product"}],"about":[{"href":"https:\/\/ouddorperfumes.com\/index.php\/wp-json\/wp\/v2\/types\/product"}],"version-history":[{"count":3,"href":"https:\/\/ouddorperfumes.com\/index.php\/wp-json\/wp\/v2\/product\/11428\/revisions"}],"predecessor-version":[{"id":11607,"href":"https:\/\/ouddorperfumes.com\/index.php\/wp-json\/wp\/v2\/product\/11428\/revisions\/11607"}],"wp:featuredmedia":[{"embeddable":true,"href":"https:\/\/ouddorperfumes.com\/index.php\/wp-json\/wp\/v2\/media\/11505"}],"wp:attachment":[{"href":"https:\/\/ouddorperfumes.com\/index.php\/wp-json\/wp\/v2\/media?parent=11428"}],"wp:term":[{"taxonomy":"product_brand","embeddable":true,"href":"https:\/\/ouddorperfumes.com\/index.php\/wp-json\/wp\/v2\/product_brand?post=11428"},{"taxonomy":"product_cat","embeddable":true,"href":"https:\/\/ouddorperfumes.com\/index.php\/wp-json\/wp\/v2\/product_cat?post=11428"},{"taxonomy":"product_tag","embeddable":true,"href":"https:\/\/ouddorperfumes.com\/index.php\/wp-json\/wp\/v2\/product_tag?post=11428"}],"curies":[{"name":"wp","href":"https:\/\/api.w.org\/{rel}","templated":true}]}}