{"id":11447,"date":"2025-09-27T23:24:42","date_gmt":"2025-09-28T04:24:42","guid":{"rendered":"https:\/\/ouddorperfumes.com\/index.php\/producto\/maison-alhambra-jean-lowe-matiere-x-100\/"},"modified":"2025-09-29T14:08:20","modified_gmt":"2025-09-29T19:08:20","slug":"maison-alhambra-jean-lowe-matiere-100-ml-original","status":"publish","type":"product","link":"https:\/\/ouddorperfumes.com\/index.php\/producto\/maison-alhambra-jean-lowe-matiere-100-ml-original\/","title":{"rendered":"Maison Alhambra Jean Lowe Matiere 100 ml Original"},"content":{"rendered":"<p>El chisporroteo de la mandarina especiada despierta una energ\u00eda sin l\u00edmites. Un nombre magn\u00e9tico que evoca poder y luz. Una fragancia que despierta fascinaci\u00f3n a su paso, como las nubes deslumbrantes y extravagantes que tanto cautivan a la humanidad.<\/p>\n<p>Para capturar esa energ\u00eda estimulante, el maestro perfumista eligi\u00f3 la mandarina siciliana. Un ingrediente de una calidad tan excepcional, infunde el coraz\u00f3n del perfume con una frescura et\u00e9rea, resonando al entrar en contacto con un tr\u00edo de pimientos. Como firma, el vetiver de Java revela sus facetas m\u00e1s nobles, a la vez frescas, terrosas y ambarinas, completando el encanto. Al fusionar elementos del cielo y la tierra, Maison Alhambra Matiere revela una elegancia contempor\u00e1nea que no conoce l\u00edmites.<\/p>\n<p><strong>Este perfume es una inspiracion de Louis Vuitton Matiere Noire.<\/strong><\/p>\n","protected":false},"excerpt":{"rendered":"<p>El chisporroteo de la mandarina especiada despierta una energ\u00eda sin l\u00edmites. Un nombre magn\u00e9tico que evoca poder y luz. Una fragancia que despierta fascinaci\u00f3n a su paso, como las nubes deslumbrantes y extravagantes que tanto cautivan a la humanidad.<\/p>\n<p>Para capturar esa energ\u00eda estimulante, el maestro perfumista eligi\u00f3 la mandarina siciliana. Un ingrediente de una calidad tan excepcional, infunde el coraz\u00f3n del perfume con una frescura et\u00e9rea, resonando al entrar en contacto con un tr\u00edo de pimientos. Como firma, el vetiver de Java revela sus facetas m\u00e1s nobles, a la vez frescas, terrosas y ambarinas, completando el encanto. Al fusionar elementos del cielo y la tierra, Maison Alhambra Matiere revela una elegancia contempor\u00e1nea que no conoce l\u00edmites.<\/p>\n<p><strong>Este perfume es una inspiracion de Louis Vuitton Matiere Noire.<\/strong><\/p>\n","protected":false},"featured_media":11598,"template":"","meta":[],"product_brand":[],"product_cat":[169,186,168,177,170],"product_tag":[],"class_list":{"0":"post-11447","1":"product","2":"type-product","3":"status-publish","4":"has-post-thumbnail","6":"product_cat-hombre","7":"product_cat-maison-alhambra","8":"product_cat-mujer","9":"product_cat-perfumes-arabes","10":"product_cat-unisex","12":"first","13":"instock","14":"sale","15":"shipping-taxable","16":"purchasable","17":"product-type-simple"},"yoast_head":"<!-- This site is optimized with the Yoast SEO plugin v27.3 - https:\/\/yoast.com\/product\/yoast-seo-wordpress\/ -->\n<title>Maison Alhambra Jean Lowe Matiere 100 ml Original - Oud d\u2019Or - L\u2019essence du pouvoir<\/title>\n<meta name=\"robots\" content=\"index, follow, max-snippet:-1, max-image-preview:large, max-video-preview:-1\" \/>\n<link rel=\"canonical\" href=\"https:\/\/ouddorperfumes.com\/index.php\/producto\/maison-alhambra-jean-lowe-matiere-100-ml-original\/\" \/>\n<meta property=\"og:locale\" content=\"es_ES\" \/>\n<meta property=\"og:type\" content=\"article\" \/>\n<meta property=\"og:title\" content=\"Maison Alhambra Jean Lowe Matiere 100 ml Original - Oud d\u2019Or - L\u2019essence du pouvoir\" \/>\n<meta property=\"og:description\" content=\"El chisporroteo de la mandarina especiada despierta una energ\u00eda sin l\u00edmites. Un nombre magn\u00e9tico que evoca poder y luz. Una fragancia que despierta fascinaci\u00f3n a su paso, como las nubes deslumbrantes y extravagantes que tanto cautivan a la humanidad.  Para capturar esa energ\u00eda estimulante, el maestro perfumista eligi\u00f3 la mandarina siciliana. Un ingrediente de una calidad tan excepcional, infunde el coraz\u00f3n del perfume con una frescura et\u00e9rea, resonando al entrar en contacto con un tr\u00edo de pimientos. Como firma, el vetiver de Java revela sus facetas m\u00e1s nobles, a la vez frescas, terrosas y ambarinas, completando el encanto. Al fusionar elementos del cielo y la tierra, Maison Alhambra Matiere revela una elegancia contempor\u00e1nea que no conoce l\u00edmites.  Este perfume es una inspiracion de Louis Vuitton Matiere Noire.\" \/>\n<meta property=\"og:url\" content=\"https:\/\/ouddorperfumes.com\/index.php\/producto\/maison-alhambra-jean-lowe-matiere-100-ml-original\/\" \/>\n<meta property=\"og:site_name\" content=\"Oud d\u2019Or - L\u2019essence du pouvoir\" \/>\n<meta property=\"article:modified_time\" content=\"2025-09-29T19:08:20+00:00\" \/>\n<meta property=\"og:image\" content=\"https:\/\/ouddorperfumes.com\/wp-content\/uploads\/2025\/09\/360-17-1.jpg\" \/>\n\t<meta property=\"og:image:width\" content=\"1654\" \/>\n\t<meta property=\"og:image:height\" content=\"1654\" \/>\n\t<meta property=\"og:image:type\" content=\"image\/jpeg\" \/>\n<meta name=\"twitter:card\" content=\"summary_large_image\" \/>\n<meta name=\"twitter:label1\" content=\"Tiempo de lectura\" \/>\n\t<meta name=\"twitter:data1\" content=\"1 minuto\" \/>\n<script type=\"application\/ld+json\" class=\"yoast-schema-graph\">{\"@context\":\"https:\\\/\\\/schema.org\",\"@graph\":[{\"@type\":\"WebPage\",\"@id\":\"https:\\\/\\\/ouddorperfumes.com\\\/index.php\\\/producto\\\/maison-alhambra-jean-lowe-matiere-100-ml-original\\\/\",\"url\":\"https:\\\/\\\/ouddorperfumes.com\\\/index.php\\\/producto\\\/maison-alhambra-jean-lowe-matiere-100-ml-original\\\/\",\"name\":\"Maison Alhambra Jean Lowe Matiere 100 ml Original - Oud d\u2019Or - L\u2019essence du pouvoir\",\"isPartOf\":{\"@id\":\"https:\\\/\\\/ouddorperfumes.com\\\/#website\"},\"primaryImageOfPage\":{\"@id\":\"https:\\\/\\\/ouddorperfumes.com\\\/index.php\\\/producto\\\/maison-alhambra-jean-lowe-matiere-100-ml-original\\\/#primaryimage\"},\"image\":{\"@id\":\"https:\\\/\\\/ouddorperfumes.com\\\/index.php\\\/producto\\\/maison-alhambra-jean-lowe-matiere-100-ml-original\\\/#primaryimage\"},\"thumbnailUrl\":\"https:\\\/\\\/ouddorperfumes.com\\\/wp-content\\\/uploads\\\/2025\\\/09\\\/360-17-1.jpg\",\"datePublished\":\"2025-09-28T04:24:42+00:00\",\"dateModified\":\"2025-09-29T19:08:20+00:00\",\"breadcrumb\":{\"@id\":\"https:\\\/\\\/ouddorperfumes.com\\\/index.php\\\/producto\\\/maison-alhambra-jean-lowe-matiere-100-ml-original\\\/#breadcrumb\"},\"inLanguage\":\"es\",\"potentialAction\":[{\"@type\":\"ReadAction\",\"target\":[\"https:\\\/\\\/ouddorperfumes.com\\\/index.php\\\/producto\\\/maison-alhambra-jean-lowe-matiere-100-ml-original\\\/\"]}]},{\"@type\":\"ImageObject\",\"inLanguage\":\"es\",\"@id\":\"https:\\\/\\\/ouddorperfumes.com\\\/index.php\\\/producto\\\/maison-alhambra-jean-lowe-matiere-100-ml-original\\\/#primaryimage\",\"url\":\"https:\\\/\\\/ouddorperfumes.com\\\/wp-content\\\/uploads\\\/2025\\\/09\\\/360-17-1.jpg\",\"contentUrl\":\"https:\\\/\\\/ouddorperfumes.com\\\/wp-content\\\/uploads\\\/2025\\\/09\\\/360-17-1.jpg\",\"width\":1654,\"height\":1654},{\"@type\":\"BreadcrumbList\",\"@id\":\"https:\\\/\\\/ouddorperfumes.com\\\/index.php\\\/producto\\\/maison-alhambra-jean-lowe-matiere-100-ml-original\\\/#breadcrumb\",\"itemListElement\":[{\"@type\":\"ListItem\",\"position\":1,\"name\":\"Portada\",\"item\":\"https:\\\/\\\/ouddorperfumes.com\\\/\"},{\"@type\":\"ListItem\",\"position\":2,\"name\":\"Todos los Perfumes\",\"item\":\"https:\\\/\\\/ouddorperfumes.com\\\/index.php\\\/todos-los-perfumes\\\/\"},{\"@type\":\"ListItem\",\"position\":3,\"name\":\"Maison Alhambra Jean Lowe Matiere 100 ml Original\"}]},{\"@type\":\"WebSite\",\"@id\":\"https:\\\/\\\/ouddorperfumes.com\\\/#website\",\"url\":\"https:\\\/\\\/ouddorperfumes.com\\\/\",\"name\":\"Oud d\u2019Or - L\u2019essence du pouvoir\",\"description\":\"Perfumes Arabes 100% Originales\",\"potentialAction\":[{\"@type\":\"SearchAction\",\"target\":{\"@type\":\"EntryPoint\",\"urlTemplate\":\"https:\\\/\\\/ouddorperfumes.com\\\/?s={search_term_string}\"},\"query-input\":{\"@type\":\"PropertyValueSpecification\",\"valueRequired\":true,\"valueName\":\"search_term_string\"}}],\"inLanguage\":\"es\"}]}<\/script>\n<!-- \/ Yoast SEO plugin. -->","yoast_head_json":{"title":"Maison Alhambra Jean Lowe Matiere 100 ml Original - Oud d\u2019Or - L\u2019essence du pouvoir","robots":{"index":"index","follow":"follow","max-snippet":"max-snippet:-1","max-image-preview":"max-image-preview:large","max-video-preview":"max-video-preview:-1"},"canonical":"https:\/\/ouddorperfumes.com\/index.php\/producto\/maison-alhambra-jean-lowe-matiere-100-ml-original\/","og_locale":"es_ES","og_type":"article","og_title":"Maison Alhambra Jean Lowe Matiere 100 ml Original - Oud d\u2019Or - L\u2019essence du pouvoir","og_description":"El chisporroteo de la mandarina especiada despierta una energ\u00eda sin l\u00edmites. Un nombre magn\u00e9tico que evoca poder y luz. Una fragancia que despierta fascinaci\u00f3n a su paso, como las nubes deslumbrantes y extravagantes que tanto cautivan a la humanidad.  Para capturar esa energ\u00eda estimulante, el maestro perfumista eligi\u00f3 la mandarina siciliana. Un ingrediente de una calidad tan excepcional, infunde el coraz\u00f3n del perfume con una frescura et\u00e9rea, resonando al entrar en contacto con un tr\u00edo de pimientos. Como firma, el vetiver de Java revela sus facetas m\u00e1s nobles, a la vez frescas, terrosas y ambarinas, completando el encanto. Al fusionar elementos del cielo y la tierra, Maison Alhambra Matiere revela una elegancia contempor\u00e1nea que no conoce l\u00edmites.  Este perfume es una inspiracion de Louis Vuitton Matiere Noire.","og_url":"https:\/\/ouddorperfumes.com\/index.php\/producto\/maison-alhambra-jean-lowe-matiere-100-ml-original\/","og_site_name":"Oud d\u2019Or - L\u2019essence du pouvoir","article_modified_time":"2025-09-29T19:08:20+00:00","og_image":[{"width":1654,"height":1654,"url":"https:\/\/ouddorperfumes.com\/wp-content\/uploads\/2025\/09\/360-17-1.jpg","type":"image\/jpeg"}],"twitter_card":"summary_large_image","twitter_misc":{"Tiempo de lectura":"1 minuto"},"schema":{"@context":"https:\/\/schema.org","@graph":[{"@type":"WebPage","@id":"https:\/\/ouddorperfumes.com\/index.php\/producto\/maison-alhambra-jean-lowe-matiere-100-ml-original\/","url":"https:\/\/ouddorperfumes.com\/index.php\/producto\/maison-alhambra-jean-lowe-matiere-100-ml-original\/","name":"Maison Alhambra Jean Lowe Matiere 100 ml Original - Oud d\u2019Or - L\u2019essence du pouvoir","isPartOf":{"@id":"https:\/\/ouddorperfumes.com\/#website"},"primaryImageOfPage":{"@id":"https:\/\/ouddorperfumes.com\/index.php\/producto\/maison-alhambra-jean-lowe-matiere-100-ml-original\/#primaryimage"},"image":{"@id":"https:\/\/ouddorperfumes.com\/index.php\/producto\/maison-alhambra-jean-lowe-matiere-100-ml-original\/#primaryimage"},"thumbnailUrl":"https:\/\/ouddorperfumes.com\/wp-content\/uploads\/2025\/09\/360-17-1.jpg","datePublished":"2025-09-28T04:24:42+00:00","dateModified":"2025-09-29T19:08:20+00:00","breadcrumb":{"@id":"https:\/\/ouddorperfumes.com\/index.php\/producto\/maison-alhambra-jean-lowe-matiere-100-ml-original\/#breadcrumb"},"inLanguage":"es","potentialAction":[{"@type":"ReadAction","target":["https:\/\/ouddorperfumes.com\/index.php\/producto\/maison-alhambra-jean-lowe-matiere-100-ml-original\/"]}]},{"@type":"ImageObject","inLanguage":"es","@id":"https:\/\/ouddorperfumes.com\/index.php\/producto\/maison-alhambra-jean-lowe-matiere-100-ml-original\/#primaryimage","url":"https:\/\/ouddorperfumes.com\/wp-content\/uploads\/2025\/09\/360-17-1.jpg","contentUrl":"https:\/\/ouddorperfumes.com\/wp-content\/uploads\/2025\/09\/360-17-1.jpg","width":1654,"height":1654},{"@type":"BreadcrumbList","@id":"https:\/\/ouddorperfumes.com\/index.php\/producto\/maison-alhambra-jean-lowe-matiere-100-ml-original\/#breadcrumb","itemListElement":[{"@type":"ListItem","position":1,"name":"Portada","item":"https:\/\/ouddorperfumes.com\/"},{"@type":"ListItem","position":2,"name":"Todos los Perfumes","item":"https:\/\/ouddorperfumes.com\/index.php\/todos-los-perfumes\/"},{"@type":"ListItem","position":3,"name":"Maison Alhambra Jean Lowe Matiere 100 ml Original"}]},{"@type":"WebSite","@id":"https:\/\/ouddorperfumes.com\/#website","url":"https:\/\/ouddorperfumes.com\/","name":"Oud d\u2019Or - L\u2019essence du pouvoir","description":"Perfumes Arabes 100% Originales","potentialAction":[{"@type":"SearchAction","target":{"@type":"EntryPoint","urlTemplate":"https:\/\/ouddorperfumes.com\/?s={search_term_string}"},"query-input":{"@type":"PropertyValueSpecification","valueRequired":true,"valueName":"search_term_string"}}],"inLanguage":"es"}]}},"_links":{"self":[{"href":"https:\/\/ouddorperfumes.com\/index.php\/wp-json\/wp\/v2\/product\/11447","targetHints":{"allow":["GET"]}}],"collection":[{"href":"https:\/\/ouddorperfumes.com\/index.php\/wp-json\/wp\/v2\/product"}],"about":[{"href":"https:\/\/ouddorperfumes.com\/index.php\/wp-json\/wp\/v2\/types\/product"}],"version-history":[{"count":2,"href":"https:\/\/ouddorperfumes.com\/index.php\/wp-json\/wp\/v2\/product\/11447\/revisions"}],"predecessor-version":[{"id":11600,"href":"https:\/\/ouddorperfumes.com\/index.php\/wp-json\/wp\/v2\/product\/11447\/revisions\/11600"}],"wp:featuredmedia":[{"embeddable":true,"href":"https:\/\/ouddorperfumes.com\/index.php\/wp-json\/wp\/v2\/media\/11598"}],"wp:attachment":[{"href":"https:\/\/ouddorperfumes.com\/index.php\/wp-json\/wp\/v2\/media?parent=11447"}],"wp:term":[{"taxonomy":"product_brand","embeddable":true,"href":"https:\/\/ouddorperfumes.com\/index.php\/wp-json\/wp\/v2\/product_brand?post=11447"},{"taxonomy":"product_cat","embeddable":true,"href":"https:\/\/ouddorperfumes.com\/index.php\/wp-json\/wp\/v2\/product_cat?post=11447"},{"taxonomy":"product_tag","embeddable":true,"href":"https:\/\/ouddorperfumes.com\/index.php\/wp-json\/wp\/v2\/product_tag?post=11447"}],"curies":[{"name":"wp","href":"https:\/\/api.w.org\/{rel}","templated":true}]}}