{"id":11455,"date":"2025-09-27T23:27:48","date_gmt":"2025-09-28T04:27:48","guid":{"rendered":"https:\/\/ouddorperfumes.com\/index.php\/producto\/calvin-klein-ckin2u-x-100-ml-hm-original\/"},"modified":"2025-09-29T13:00:21","modified_gmt":"2025-09-29T18:00:21","slug":"calvin-klein-ckin2u-x-100-ml-hm-original","status":"publish","type":"product","link":"https:\/\/ouddorperfumes.com\/index.php\/producto\/calvin-klein-ckin2u-x-100-ml-hm-original\/","title":{"rendered":"Calvin Klein CK IN2U For Him 100 ml Original"},"content":{"rendered":"<p>Es \u00fanico, original, no se rige por las reglas establecidas y no intenta aparentar nada: as\u00ed es el hombre para el que ha sido creado el eau de toilette Calvin Klein CK IN2U. Sus extraordinarias notas frescas te acompa\u00f1ar\u00e1n cada d\u00eda, te espere lo que te espere. Y no pasar\u00e1s desapercibido entre las mujeres que te rodean.<\/p>\n<ul>\n<li>fragancia arom\u00e1tica fresca<\/li>\n<li>para hombres modernos y urbanitas<\/li>\n<li>perfecta para llevar durante el d\u00eda, especialmente en los d\u00edas c\u00e1lidos<\/li>\n<\/ul>\n<p><strong>Composici\u00f3n de la fragancia<\/strong><\/p>\n<p>Desde las mismas notas de salida te inundar\u00e1 una refrescante oleada c\u00edtrica complementada con unos acordes arom\u00e1ticos de hojas de tomate. En el centro de la composici\u00f3n de esta fragancia para hombre se encuentra el inusual y delicioso cacao, que le aporta profundidad y un toque original a la fragancia. En las notas de fondo se entremezclan notas masculinas de c\u00e1lida madera de cedro, sensual vetiver y almizcle, que sentir\u00e1s sobre tu piel durante largas horas.<\/p>\n<p><strong>Historia de la fragancia<\/strong><\/p>\n<p>La fragancia Calvin Klein CK IN2U se lanz\u00f3 al mercado en el a\u00f1o 2007 junto con la versi\u00f3n para mujer CK IN2U for Her. Esta, en cambio, se basa en notas c\u00edtricas con acordes de sensual orqu\u00eddea y cactus.<\/p>\n","protected":false},"excerpt":{"rendered":"<p>Es \u00fanico, original, no se rige por las reglas establecidas y no intenta aparentar nada: as\u00ed es el hombre para el que ha sido creado el eau de toilette Calvin Klein CK IN2U. Sus extraordinarias notas frescas te acompa\u00f1ar\u00e1n cada d\u00eda, te espere lo que te espere. Y no pasar\u00e1s desapercibido entre las mujeres que te rodean.<\/p>\n<ul>\n<li>fragancia arom\u00e1tica fresca<\/li>\n<li>para hombres modernos y urbanitas<\/li>\n<li>perfecta para llevar durante el d\u00eda, especialmente en los d\u00edas c\u00e1lidos<\/li>\n<\/ul>\n<p><strong>Composici\u00f3n de la fragancia<\/strong><\/p>\n<p>Desde las mismas notas de salida te inundar\u00e1 una refrescante oleada c\u00edtrica complementada con unos acordes arom\u00e1ticos de hojas de tomate. En el centro de la composici\u00f3n de esta fragancia para hombre se encuentra el inusual y delicioso cacao, que le aporta profundidad y un toque original a la fragancia. En las notas de fondo se entremezclan notas masculinas de c\u00e1lida madera de cedro, sensual vetiver y almizcle, que sentir\u00e1s sobre tu piel durante largas horas.<\/p>\n<p><strong>Historia de la fragancia<\/strong><\/p>\n<p>La fragancia Calvin Klein CK IN2U se lanz\u00f3 al mercado en el a\u00f1o 2007 junto con la versi\u00f3n para mujer CK IN2U for Her. Esta, en cambio, se basa en notas c\u00edtricas con acordes de sensual orqu\u00eddea y cactus.<\/p>\n<p><span style=\"color: #ff4400;\"><strong>\u2705 <span style=\"color: #d9a569;\">Pagos 100% Contraentrega.<\/span><\/strong><\/span><br \/>\n<span style=\"color: #ff4400;\"><strong>\u2705 <span style=\"color: #d9a569;\">Env\u00edo Gratis a toda Colombia.<\/span><\/strong><\/span><br \/>\n<span style=\"color: #ff4400;\"><strong>\u2705 <span style=\"color: #d9a569;\">Perfumes 100% Originales.<\/span><\/strong><\/span><\/p>\n","protected":false},"featured_media":11498,"template":"","meta":[],"product_brand":[],"product_cat":[191,198,169],"product_tag":[],"class_list":{"0":"post-11455","1":"product","2":"type-product","3":"status-publish","4":"has-post-thumbnail","6":"product_cat-calvin-klein","7":"product_cat-disenador","8":"product_cat-hombre","10":"first","11":"instock","12":"sale","13":"shipping-taxable","14":"purchasable","15":"product-type-simple"},"yoast_head":"<!-- This site is optimized with the Yoast SEO plugin v27.3 - https:\/\/yoast.com\/product\/yoast-seo-wordpress\/ -->\n<title>Calvin Klein CK IN2U For Him 100 ml Original - Oud d\u2019Or - L\u2019essence du pouvoir<\/title>\n<meta name=\"robots\" content=\"index, follow, max-snippet:-1, max-image-preview:large, max-video-preview:-1\" \/>\n<link rel=\"canonical\" href=\"https:\/\/ouddorperfumes.com\/index.php\/producto\/calvin-klein-ckin2u-x-100-ml-hm-original\/\" \/>\n<meta property=\"og:locale\" content=\"es_ES\" \/>\n<meta property=\"og:type\" content=\"article\" \/>\n<meta property=\"og:title\" content=\"Calvin Klein CK IN2U For Him 100 ml Original - Oud d\u2019Or - L\u2019essence du pouvoir\" \/>\n<meta property=\"og:description\" content=\"Es \u00fanico, original, no se rige por las reglas establecidas y no intenta aparentar nada: as\u00ed es el hombre para el que ha sido creado el eau de toilette Calvin Klein CK IN2U. Sus extraordinarias notas frescas te acompa\u00f1ar\u00e1n cada d\u00eda, te espere lo que te espere. Y no pasar\u00e1s desapercibido entre las mujeres que te rodean.   fragancia arom\u00e1tica fresca  para hombres modernos y urbanitas  perfecta para llevar durante el d\u00eda, especialmente en los d\u00edas c\u00e1lidos  Composici\u00f3n de la fragancia  Desde las mismas notas de salida te inundar\u00e1 una refrescante oleada c\u00edtrica complementada con unos acordes arom\u00e1ticos de hojas de tomate. En el centro de la composici\u00f3n de esta fragancia para hombre se encuentra el inusual y delicioso cacao, que le aporta profundidad y un toque original a la fragancia. En las notas de fondo se entremezclan notas masculinas de c\u00e1lida madera de cedro, sensual vetiver y almizcle, que sentir\u00e1s sobre tu piel durante largas horas.  Historia de la fragancia  La fragancia Calvin Klein CK IN2U se lanz\u00f3 al mercado en el a\u00f1o 2007 junto con la versi\u00f3n para mujer CK IN2U for Her. Esta, en cambio, se basa en notas c\u00edtricas con acordes de sensual orqu\u00eddea y cactus.  \u2705 Pagos 100% Contraentrega. \u2705 Env\u00edo Gratis a toda Colombia. \u2705 Perfumes 100% Originales.\" \/>\n<meta property=\"og:url\" content=\"https:\/\/ouddorperfumes.com\/index.php\/producto\/calvin-klein-ckin2u-x-100-ml-hm-original\/\" \/>\n<meta property=\"og:site_name\" content=\"Oud d\u2019Or - L\u2019essence du pouvoir\" \/>\n<meta property=\"article:modified_time\" content=\"2025-09-29T18:00:21+00:00\" \/>\n<meta property=\"og:image\" content=\"https:\/\/ouddorperfumes.com\/wp-content\/uploads\/2025\/09\/360-9.jpg\" \/>\n\t<meta property=\"og:image:width\" content=\"1654\" \/>\n\t<meta property=\"og:image:height\" content=\"1654\" \/>\n\t<meta property=\"og:image:type\" content=\"image\/jpeg\" \/>\n<meta name=\"twitter:card\" content=\"summary_large_image\" \/>\n<meta name=\"twitter:label1\" content=\"Tiempo de lectura\" \/>\n\t<meta name=\"twitter:data1\" content=\"2 minutos\" \/>\n<script type=\"application\/ld+json\" class=\"yoast-schema-graph\">{\"@context\":\"https:\\\/\\\/schema.org\",\"@graph\":[{\"@type\":\"WebPage\",\"@id\":\"https:\\\/\\\/ouddorperfumes.com\\\/index.php\\\/producto\\\/calvin-klein-ckin2u-x-100-ml-hm-original\\\/\",\"url\":\"https:\\\/\\\/ouddorperfumes.com\\\/index.php\\\/producto\\\/calvin-klein-ckin2u-x-100-ml-hm-original\\\/\",\"name\":\"Calvin Klein CK IN2U For Him 100 ml Original - Oud d\u2019Or - L\u2019essence du pouvoir\",\"isPartOf\":{\"@id\":\"https:\\\/\\\/ouddorperfumes.com\\\/#website\"},\"primaryImageOfPage\":{\"@id\":\"https:\\\/\\\/ouddorperfumes.com\\\/index.php\\\/producto\\\/calvin-klein-ckin2u-x-100-ml-hm-original\\\/#primaryimage\"},\"image\":{\"@id\":\"https:\\\/\\\/ouddorperfumes.com\\\/index.php\\\/producto\\\/calvin-klein-ckin2u-x-100-ml-hm-original\\\/#primaryimage\"},\"thumbnailUrl\":\"https:\\\/\\\/ouddorperfumes.com\\\/wp-content\\\/uploads\\\/2025\\\/09\\\/360-9.jpg\",\"datePublished\":\"2025-09-28T04:27:48+00:00\",\"dateModified\":\"2025-09-29T18:00:21+00:00\",\"breadcrumb\":{\"@id\":\"https:\\\/\\\/ouddorperfumes.com\\\/index.php\\\/producto\\\/calvin-klein-ckin2u-x-100-ml-hm-original\\\/#breadcrumb\"},\"inLanguage\":\"es\",\"potentialAction\":[{\"@type\":\"ReadAction\",\"target\":[\"https:\\\/\\\/ouddorperfumes.com\\\/index.php\\\/producto\\\/calvin-klein-ckin2u-x-100-ml-hm-original\\\/\"]}]},{\"@type\":\"ImageObject\",\"inLanguage\":\"es\",\"@id\":\"https:\\\/\\\/ouddorperfumes.com\\\/index.php\\\/producto\\\/calvin-klein-ckin2u-x-100-ml-hm-original\\\/#primaryimage\",\"url\":\"https:\\\/\\\/ouddorperfumes.com\\\/wp-content\\\/uploads\\\/2025\\\/09\\\/360-9.jpg\",\"contentUrl\":\"https:\\\/\\\/ouddorperfumes.com\\\/wp-content\\\/uploads\\\/2025\\\/09\\\/360-9.jpg\",\"width\":1654,\"height\":1654},{\"@type\":\"BreadcrumbList\",\"@id\":\"https:\\\/\\\/ouddorperfumes.com\\\/index.php\\\/producto\\\/calvin-klein-ckin2u-x-100-ml-hm-original\\\/#breadcrumb\",\"itemListElement\":[{\"@type\":\"ListItem\",\"position\":1,\"name\":\"Portada\",\"item\":\"https:\\\/\\\/ouddorperfumes.com\\\/\"},{\"@type\":\"ListItem\",\"position\":2,\"name\":\"Todos los Perfumes\",\"item\":\"https:\\\/\\\/ouddorperfumes.com\\\/index.php\\\/todos-los-perfumes\\\/\"},{\"@type\":\"ListItem\",\"position\":3,\"name\":\"Calvin Klein CK IN2U For Him 100 ml Original\"}]},{\"@type\":\"WebSite\",\"@id\":\"https:\\\/\\\/ouddorperfumes.com\\\/#website\",\"url\":\"https:\\\/\\\/ouddorperfumes.com\\\/\",\"name\":\"Oud d\u2019Or - L\u2019essence du pouvoir\",\"description\":\"Perfumes Arabes 100% Originales\",\"potentialAction\":[{\"@type\":\"SearchAction\",\"target\":{\"@type\":\"EntryPoint\",\"urlTemplate\":\"https:\\\/\\\/ouddorperfumes.com\\\/?s={search_term_string}\"},\"query-input\":{\"@type\":\"PropertyValueSpecification\",\"valueRequired\":true,\"valueName\":\"search_term_string\"}}],\"inLanguage\":\"es\"}]}<\/script>\n<!-- \/ Yoast SEO plugin. -->","yoast_head_json":{"title":"Calvin Klein CK IN2U For Him 100 ml Original - Oud d\u2019Or - L\u2019essence du pouvoir","robots":{"index":"index","follow":"follow","max-snippet":"max-snippet:-1","max-image-preview":"max-image-preview:large","max-video-preview":"max-video-preview:-1"},"canonical":"https:\/\/ouddorperfumes.com\/index.php\/producto\/calvin-klein-ckin2u-x-100-ml-hm-original\/","og_locale":"es_ES","og_type":"article","og_title":"Calvin Klein CK IN2U For Him 100 ml Original - Oud d\u2019Or - L\u2019essence du pouvoir","og_description":"Es \u00fanico, original, no se rige por las reglas establecidas y no intenta aparentar nada: as\u00ed es el hombre para el que ha sido creado el eau de toilette Calvin Klein CK IN2U. Sus extraordinarias notas frescas te acompa\u00f1ar\u00e1n cada d\u00eda, te espere lo que te espere. Y no pasar\u00e1s desapercibido entre las mujeres que te rodean.   fragancia arom\u00e1tica fresca  para hombres modernos y urbanitas  perfecta para llevar durante el d\u00eda, especialmente en los d\u00edas c\u00e1lidos  Composici\u00f3n de la fragancia  Desde las mismas notas de salida te inundar\u00e1 una refrescante oleada c\u00edtrica complementada con unos acordes arom\u00e1ticos de hojas de tomate. En el centro de la composici\u00f3n de esta fragancia para hombre se encuentra el inusual y delicioso cacao, que le aporta profundidad y un toque original a la fragancia. En las notas de fondo se entremezclan notas masculinas de c\u00e1lida madera de cedro, sensual vetiver y almizcle, que sentir\u00e1s sobre tu piel durante largas horas.  Historia de la fragancia  La fragancia Calvin Klein CK IN2U se lanz\u00f3 al mercado en el a\u00f1o 2007 junto con la versi\u00f3n para mujer CK IN2U for Her. Esta, en cambio, se basa en notas c\u00edtricas con acordes de sensual orqu\u00eddea y cactus.  \u2705 Pagos 100% Contraentrega. \u2705 Env\u00edo Gratis a toda Colombia. \u2705 Perfumes 100% Originales.","og_url":"https:\/\/ouddorperfumes.com\/index.php\/producto\/calvin-klein-ckin2u-x-100-ml-hm-original\/","og_site_name":"Oud d\u2019Or - L\u2019essence du pouvoir","article_modified_time":"2025-09-29T18:00:21+00:00","og_image":[{"width":1654,"height":1654,"url":"https:\/\/ouddorperfumes.com\/wp-content\/uploads\/2025\/09\/360-9.jpg","type":"image\/jpeg"}],"twitter_card":"summary_large_image","twitter_misc":{"Tiempo de lectura":"2 minutos"},"schema":{"@context":"https:\/\/schema.org","@graph":[{"@type":"WebPage","@id":"https:\/\/ouddorperfumes.com\/index.php\/producto\/calvin-klein-ckin2u-x-100-ml-hm-original\/","url":"https:\/\/ouddorperfumes.com\/index.php\/producto\/calvin-klein-ckin2u-x-100-ml-hm-original\/","name":"Calvin Klein CK IN2U For Him 100 ml Original - Oud d\u2019Or - L\u2019essence du pouvoir","isPartOf":{"@id":"https:\/\/ouddorperfumes.com\/#website"},"primaryImageOfPage":{"@id":"https:\/\/ouddorperfumes.com\/index.php\/producto\/calvin-klein-ckin2u-x-100-ml-hm-original\/#primaryimage"},"image":{"@id":"https:\/\/ouddorperfumes.com\/index.php\/producto\/calvin-klein-ckin2u-x-100-ml-hm-original\/#primaryimage"},"thumbnailUrl":"https:\/\/ouddorperfumes.com\/wp-content\/uploads\/2025\/09\/360-9.jpg","datePublished":"2025-09-28T04:27:48+00:00","dateModified":"2025-09-29T18:00:21+00:00","breadcrumb":{"@id":"https:\/\/ouddorperfumes.com\/index.php\/producto\/calvin-klein-ckin2u-x-100-ml-hm-original\/#breadcrumb"},"inLanguage":"es","potentialAction":[{"@type":"ReadAction","target":["https:\/\/ouddorperfumes.com\/index.php\/producto\/calvin-klein-ckin2u-x-100-ml-hm-original\/"]}]},{"@type":"ImageObject","inLanguage":"es","@id":"https:\/\/ouddorperfumes.com\/index.php\/producto\/calvin-klein-ckin2u-x-100-ml-hm-original\/#primaryimage","url":"https:\/\/ouddorperfumes.com\/wp-content\/uploads\/2025\/09\/360-9.jpg","contentUrl":"https:\/\/ouddorperfumes.com\/wp-content\/uploads\/2025\/09\/360-9.jpg","width":1654,"height":1654},{"@type":"BreadcrumbList","@id":"https:\/\/ouddorperfumes.com\/index.php\/producto\/calvin-klein-ckin2u-x-100-ml-hm-original\/#breadcrumb","itemListElement":[{"@type":"ListItem","position":1,"name":"Portada","item":"https:\/\/ouddorperfumes.com\/"},{"@type":"ListItem","position":2,"name":"Todos los Perfumes","item":"https:\/\/ouddorperfumes.com\/index.php\/todos-los-perfumes\/"},{"@type":"ListItem","position":3,"name":"Calvin Klein CK IN2U For Him 100 ml Original"}]},{"@type":"WebSite","@id":"https:\/\/ouddorperfumes.com\/#website","url":"https:\/\/ouddorperfumes.com\/","name":"Oud d\u2019Or - L\u2019essence du pouvoir","description":"Perfumes Arabes 100% Originales","potentialAction":[{"@type":"SearchAction","target":{"@type":"EntryPoint","urlTemplate":"https:\/\/ouddorperfumes.com\/?s={search_term_string}"},"query-input":{"@type":"PropertyValueSpecification","valueRequired":true,"valueName":"search_term_string"}}],"inLanguage":"es"}]}},"_links":{"self":[{"href":"https:\/\/ouddorperfumes.com\/index.php\/wp-json\/wp\/v2\/product\/11455","targetHints":{"allow":["GET"]}}],"collection":[{"href":"https:\/\/ouddorperfumes.com\/index.php\/wp-json\/wp\/v2\/product"}],"about":[{"href":"https:\/\/ouddorperfumes.com\/index.php\/wp-json\/wp\/v2\/types\/product"}],"version-history":[{"count":2,"href":"https:\/\/ouddorperfumes.com\/index.php\/wp-json\/wp\/v2\/product\/11455\/revisions"}],"predecessor-version":[{"id":11581,"href":"https:\/\/ouddorperfumes.com\/index.php\/wp-json\/wp\/v2\/product\/11455\/revisions\/11581"}],"wp:featuredmedia":[{"embeddable":true,"href":"https:\/\/ouddorperfumes.com\/index.php\/wp-json\/wp\/v2\/media\/11498"}],"wp:attachment":[{"href":"https:\/\/ouddorperfumes.com\/index.php\/wp-json\/wp\/v2\/media?parent=11455"}],"wp:term":[{"taxonomy":"product_brand","embeddable":true,"href":"https:\/\/ouddorperfumes.com\/index.php\/wp-json\/wp\/v2\/product_brand?post=11455"},{"taxonomy":"product_cat","embeddable":true,"href":"https:\/\/ouddorperfumes.com\/index.php\/wp-json\/wp\/v2\/product_cat?post=11455"},{"taxonomy":"product_tag","embeddable":true,"href":"https:\/\/ouddorperfumes.com\/index.php\/wp-json\/wp\/v2\/product_tag?post=11455"}],"curies":[{"name":"wp","href":"https:\/\/api.w.org\/{rel}","templated":true}]}}