{"id":11456,"date":"2025-09-27T23:28:08","date_gmt":"2025-09-28T04:28:08","guid":{"rendered":"https:\/\/ouddorperfumes.com\/index.php\/producto\/calvin-klein-euphoria-x-100-ml-dm-origin\/"},"modified":"2025-09-29T12:57:33","modified_gmt":"2025-09-29T17:57:33","slug":"calvin-klein-euphoria-100-ml-original-2","status":"publish","type":"product","link":"https:\/\/ouddorperfumes.com\/index.php\/producto\/calvin-klein-euphoria-100-ml-original-2\/","title":{"rendered":"Calvin Klein Euphoria 100 ml Original"},"content":{"rendered":"<p>No necesitas chocolate, ni una declaraci\u00f3n de amor para experimentar la euforia de los sentidos. El eau de parfum Calvin Klein Euphoria te presenta un misterioso mundo lleno de naturaleza salvaje y flores ex\u00f3ticas que te proporcionar\u00e1n atractivo sensual y una intensa sensaci\u00f3n de placer.<\/p>\n<ul>\n<li>fragancia floral-frutal con un toque oriental<\/li>\n<li>para mujeres en\u00e9rgicas y seguras<\/li>\n<li>adecuada para el d\u00eda a d\u00eda y las ocasiones especiales<\/li>\n<\/ul>\n<p><strong>Composici\u00f3n de la fragancia<\/strong><\/p>\n<p>En primer lugar, te deslumbrar\u00e1 el intenso aroma de la granada, que se mezcla gradualmente con el coraz\u00f3n floral de la fragancia. En \u00e9l se oculta el delicado loto y la dominante orqu\u00eddea negra, que conforman el principal acorde de la composici\u00f3n arom\u00e1tica. El cierre es una combinaci\u00f3n de delicadas violetas, almizcle animal, \u00e1mbar y caoba.<\/p>\n","protected":false},"excerpt":{"rendered":"<p>No necesitas chocolate, ni una declaraci\u00f3n de amor para experimentar la euforia de los sentidos. El eau de parfum Calvin Klein Euphoria te presenta un misterioso mundo lleno de naturaleza salvaje y flores ex\u00f3ticas que te proporcionar\u00e1n atractivo sensual y una intensa sensaci\u00f3n de placer.<\/p>\n<ul>\n<li>fragancia floral-frutal con un toque oriental<\/li>\n<li>para mujeres en\u00e9rgicas y seguras<\/li>\n<li>adecuada para el d\u00eda a d\u00eda y las ocasiones especiales<\/li>\n<\/ul>\n<p><strong>Composici\u00f3n de la fragancia<\/strong><\/p>\n<p>En primer lugar, te deslumbrar\u00e1 el intenso aroma de la granada, que se mezcla gradualmente con el coraz\u00f3n floral de la fragancia. En \u00e9l se oculta el delicado loto y la dominante orqu\u00eddea negra, que conforman el principal acorde de la composici\u00f3n arom\u00e1tica. El cierre es una combinaci\u00f3n de delicadas violetas, almizcle animal, \u00e1mbar y caoba.<\/p>\n<p><span style=\"color: #ff4400;\"><strong>\u2705 <span style=\"color: #d9a569;\">Pagos 100% Contraentrega.<\/span><\/strong><\/span><br \/>\n<span style=\"color: #ff4400;\"><strong>\u2705 <span style=\"color: #d9a569;\">Env\u00edo Gratis a toda Colombia.<\/span><\/strong><\/span><br \/>\n<span style=\"color: #ff4400;\"><strong>\u2705 <span style=\"color: #d9a569;\">Perfumes 100% Originales.<\/span><\/strong><\/span><\/p>\n","protected":false},"featured_media":11502,"template":"","meta":[],"product_brand":[],"product_cat":[191,198,168],"product_tag":[],"class_list":{"0":"post-11456","1":"product","2":"type-product","3":"status-publish","4":"has-post-thumbnail","6":"product_cat-calvin-klein","7":"product_cat-disenador","8":"product_cat-mujer","10":"first","11":"instock","12":"sale","13":"shipping-taxable","14":"purchasable","15":"product-type-simple"},"yoast_head":"<!-- This site is optimized with the Yoast SEO plugin v27.3 - https:\/\/yoast.com\/product\/yoast-seo-wordpress\/ -->\n<title>Calvin Klein Euphoria 100 ml Original - Oud d\u2019Or - L\u2019essence du pouvoir<\/title>\n<meta name=\"robots\" content=\"index, follow, max-snippet:-1, max-image-preview:large, max-video-preview:-1\" \/>\n<link rel=\"canonical\" href=\"https:\/\/ouddorperfumes.com\/index.php\/producto\/calvin-klein-euphoria-100-ml-original-2\/\" \/>\n<meta property=\"og:locale\" content=\"es_ES\" \/>\n<meta property=\"og:type\" content=\"article\" \/>\n<meta property=\"og:title\" content=\"Calvin Klein Euphoria 100 ml Original - Oud d\u2019Or - L\u2019essence du pouvoir\" \/>\n<meta property=\"og:description\" content=\"No necesitas chocolate, ni una declaraci\u00f3n de amor para experimentar la euforia de los sentidos. El eau de parfum Calvin Klein Euphoria te presenta un misterioso mundo lleno de naturaleza salvaje y flores ex\u00f3ticas que te proporcionar\u00e1n atractivo sensual y una intensa sensaci\u00f3n de placer.   fragancia floral-frutal con un toque oriental  para mujeres en\u00e9rgicas y seguras  adecuada para el d\u00eda a d\u00eda y las ocasiones especiales  Composici\u00f3n de la fragancia  En primer lugar, te deslumbrar\u00e1 el intenso aroma de la granada, que se mezcla gradualmente con el coraz\u00f3n floral de la fragancia. En \u00e9l se oculta el delicado loto y la dominante orqu\u00eddea negra, que conforman el principal acorde de la composici\u00f3n arom\u00e1tica. El cierre es una combinaci\u00f3n de delicadas violetas, almizcle animal, \u00e1mbar y caoba.  \u2705 Pagos 100% Contraentrega. \u2705 Env\u00edo Gratis a toda Colombia. \u2705 Perfumes 100% Originales.\" \/>\n<meta property=\"og:url\" content=\"https:\/\/ouddorperfumes.com\/index.php\/producto\/calvin-klein-euphoria-100-ml-original-2\/\" \/>\n<meta property=\"og:site_name\" content=\"Oud d\u2019Or - L\u2019essence du pouvoir\" \/>\n<meta property=\"article:modified_time\" content=\"2025-09-29T17:57:33+00:00\" \/>\n<meta property=\"og:image\" content=\"https:\/\/ouddorperfumes.com\/wp-content\/uploads\/2025\/09\/360-13.jpg\" \/>\n\t<meta property=\"og:image:width\" content=\"1654\" \/>\n\t<meta property=\"og:image:height\" content=\"1654\" \/>\n\t<meta property=\"og:image:type\" content=\"image\/jpeg\" \/>\n<meta name=\"twitter:card\" content=\"summary_large_image\" \/>\n<meta name=\"twitter:label1\" content=\"Tiempo de lectura\" \/>\n\t<meta name=\"twitter:data1\" content=\"1 minuto\" \/>\n<script type=\"application\/ld+json\" class=\"yoast-schema-graph\">{\"@context\":\"https:\\\/\\\/schema.org\",\"@graph\":[{\"@type\":\"WebPage\",\"@id\":\"https:\\\/\\\/ouddorperfumes.com\\\/index.php\\\/producto\\\/calvin-klein-euphoria-100-ml-original-2\\\/\",\"url\":\"https:\\\/\\\/ouddorperfumes.com\\\/index.php\\\/producto\\\/calvin-klein-euphoria-100-ml-original-2\\\/\",\"name\":\"Calvin Klein Euphoria 100 ml Original - Oud d\u2019Or - L\u2019essence du pouvoir\",\"isPartOf\":{\"@id\":\"https:\\\/\\\/ouddorperfumes.com\\\/#website\"},\"primaryImageOfPage\":{\"@id\":\"https:\\\/\\\/ouddorperfumes.com\\\/index.php\\\/producto\\\/calvin-klein-euphoria-100-ml-original-2\\\/#primaryimage\"},\"image\":{\"@id\":\"https:\\\/\\\/ouddorperfumes.com\\\/index.php\\\/producto\\\/calvin-klein-euphoria-100-ml-original-2\\\/#primaryimage\"},\"thumbnailUrl\":\"https:\\\/\\\/ouddorperfumes.com\\\/wp-content\\\/uploads\\\/2025\\\/09\\\/360-13.jpg\",\"datePublished\":\"2025-09-28T04:28:08+00:00\",\"dateModified\":\"2025-09-29T17:57:33+00:00\",\"breadcrumb\":{\"@id\":\"https:\\\/\\\/ouddorperfumes.com\\\/index.php\\\/producto\\\/calvin-klein-euphoria-100-ml-original-2\\\/#breadcrumb\"},\"inLanguage\":\"es\",\"potentialAction\":[{\"@type\":\"ReadAction\",\"target\":[\"https:\\\/\\\/ouddorperfumes.com\\\/index.php\\\/producto\\\/calvin-klein-euphoria-100-ml-original-2\\\/\"]}]},{\"@type\":\"ImageObject\",\"inLanguage\":\"es\",\"@id\":\"https:\\\/\\\/ouddorperfumes.com\\\/index.php\\\/producto\\\/calvin-klein-euphoria-100-ml-original-2\\\/#primaryimage\",\"url\":\"https:\\\/\\\/ouddorperfumes.com\\\/wp-content\\\/uploads\\\/2025\\\/09\\\/360-13.jpg\",\"contentUrl\":\"https:\\\/\\\/ouddorperfumes.com\\\/wp-content\\\/uploads\\\/2025\\\/09\\\/360-13.jpg\",\"width\":1654,\"height\":1654},{\"@type\":\"BreadcrumbList\",\"@id\":\"https:\\\/\\\/ouddorperfumes.com\\\/index.php\\\/producto\\\/calvin-klein-euphoria-100-ml-original-2\\\/#breadcrumb\",\"itemListElement\":[{\"@type\":\"ListItem\",\"position\":1,\"name\":\"Portada\",\"item\":\"https:\\\/\\\/ouddorperfumes.com\\\/\"},{\"@type\":\"ListItem\",\"position\":2,\"name\":\"Todos los Perfumes\",\"item\":\"https:\\\/\\\/ouddorperfumes.com\\\/index.php\\\/todos-los-perfumes\\\/\"},{\"@type\":\"ListItem\",\"position\":3,\"name\":\"Calvin Klein Euphoria 100 ml Original\"}]},{\"@type\":\"WebSite\",\"@id\":\"https:\\\/\\\/ouddorperfumes.com\\\/#website\",\"url\":\"https:\\\/\\\/ouddorperfumes.com\\\/\",\"name\":\"Oud d\u2019Or - L\u2019essence du pouvoir\",\"description\":\"Perfumes Arabes 100% Originales\",\"potentialAction\":[{\"@type\":\"SearchAction\",\"target\":{\"@type\":\"EntryPoint\",\"urlTemplate\":\"https:\\\/\\\/ouddorperfumes.com\\\/?s={search_term_string}\"},\"query-input\":{\"@type\":\"PropertyValueSpecification\",\"valueRequired\":true,\"valueName\":\"search_term_string\"}}],\"inLanguage\":\"es\"}]}<\/script>\n<!-- \/ Yoast SEO plugin. -->","yoast_head_json":{"title":"Calvin Klein Euphoria 100 ml Original - Oud d\u2019Or - L\u2019essence du pouvoir","robots":{"index":"index","follow":"follow","max-snippet":"max-snippet:-1","max-image-preview":"max-image-preview:large","max-video-preview":"max-video-preview:-1"},"canonical":"https:\/\/ouddorperfumes.com\/index.php\/producto\/calvin-klein-euphoria-100-ml-original-2\/","og_locale":"es_ES","og_type":"article","og_title":"Calvin Klein Euphoria 100 ml Original - Oud d\u2019Or - L\u2019essence du pouvoir","og_description":"No necesitas chocolate, ni una declaraci\u00f3n de amor para experimentar la euforia de los sentidos. El eau de parfum Calvin Klein Euphoria te presenta un misterioso mundo lleno de naturaleza salvaje y flores ex\u00f3ticas que te proporcionar\u00e1n atractivo sensual y una intensa sensaci\u00f3n de placer.   fragancia floral-frutal con un toque oriental  para mujeres en\u00e9rgicas y seguras  adecuada para el d\u00eda a d\u00eda y las ocasiones especiales  Composici\u00f3n de la fragancia  En primer lugar, te deslumbrar\u00e1 el intenso aroma de la granada, que se mezcla gradualmente con el coraz\u00f3n floral de la fragancia. En \u00e9l se oculta el delicado loto y la dominante orqu\u00eddea negra, que conforman el principal acorde de la composici\u00f3n arom\u00e1tica. El cierre es una combinaci\u00f3n de delicadas violetas, almizcle animal, \u00e1mbar y caoba.  \u2705 Pagos 100% Contraentrega. \u2705 Env\u00edo Gratis a toda Colombia. \u2705 Perfumes 100% Originales.","og_url":"https:\/\/ouddorperfumes.com\/index.php\/producto\/calvin-klein-euphoria-100-ml-original-2\/","og_site_name":"Oud d\u2019Or - L\u2019essence du pouvoir","article_modified_time":"2025-09-29T17:57:33+00:00","og_image":[{"width":1654,"height":1654,"url":"https:\/\/ouddorperfumes.com\/wp-content\/uploads\/2025\/09\/360-13.jpg","type":"image\/jpeg"}],"twitter_card":"summary_large_image","twitter_misc":{"Tiempo de lectura":"1 minuto"},"schema":{"@context":"https:\/\/schema.org","@graph":[{"@type":"WebPage","@id":"https:\/\/ouddorperfumes.com\/index.php\/producto\/calvin-klein-euphoria-100-ml-original-2\/","url":"https:\/\/ouddorperfumes.com\/index.php\/producto\/calvin-klein-euphoria-100-ml-original-2\/","name":"Calvin Klein Euphoria 100 ml Original - Oud d\u2019Or - L\u2019essence du pouvoir","isPartOf":{"@id":"https:\/\/ouddorperfumes.com\/#website"},"primaryImageOfPage":{"@id":"https:\/\/ouddorperfumes.com\/index.php\/producto\/calvin-klein-euphoria-100-ml-original-2\/#primaryimage"},"image":{"@id":"https:\/\/ouddorperfumes.com\/index.php\/producto\/calvin-klein-euphoria-100-ml-original-2\/#primaryimage"},"thumbnailUrl":"https:\/\/ouddorperfumes.com\/wp-content\/uploads\/2025\/09\/360-13.jpg","datePublished":"2025-09-28T04:28:08+00:00","dateModified":"2025-09-29T17:57:33+00:00","breadcrumb":{"@id":"https:\/\/ouddorperfumes.com\/index.php\/producto\/calvin-klein-euphoria-100-ml-original-2\/#breadcrumb"},"inLanguage":"es","potentialAction":[{"@type":"ReadAction","target":["https:\/\/ouddorperfumes.com\/index.php\/producto\/calvin-klein-euphoria-100-ml-original-2\/"]}]},{"@type":"ImageObject","inLanguage":"es","@id":"https:\/\/ouddorperfumes.com\/index.php\/producto\/calvin-klein-euphoria-100-ml-original-2\/#primaryimage","url":"https:\/\/ouddorperfumes.com\/wp-content\/uploads\/2025\/09\/360-13.jpg","contentUrl":"https:\/\/ouddorperfumes.com\/wp-content\/uploads\/2025\/09\/360-13.jpg","width":1654,"height":1654},{"@type":"BreadcrumbList","@id":"https:\/\/ouddorperfumes.com\/index.php\/producto\/calvin-klein-euphoria-100-ml-original-2\/#breadcrumb","itemListElement":[{"@type":"ListItem","position":1,"name":"Portada","item":"https:\/\/ouddorperfumes.com\/"},{"@type":"ListItem","position":2,"name":"Todos los Perfumes","item":"https:\/\/ouddorperfumes.com\/index.php\/todos-los-perfumes\/"},{"@type":"ListItem","position":3,"name":"Calvin Klein Euphoria 100 ml Original"}]},{"@type":"WebSite","@id":"https:\/\/ouddorperfumes.com\/#website","url":"https:\/\/ouddorperfumes.com\/","name":"Oud d\u2019Or - L\u2019essence du pouvoir","description":"Perfumes Arabes 100% Originales","potentialAction":[{"@type":"SearchAction","target":{"@type":"EntryPoint","urlTemplate":"https:\/\/ouddorperfumes.com\/?s={search_term_string}"},"query-input":{"@type":"PropertyValueSpecification","valueRequired":true,"valueName":"search_term_string"}}],"inLanguage":"es"}]}},"_links":{"self":[{"href":"https:\/\/ouddorperfumes.com\/index.php\/wp-json\/wp\/v2\/product\/11456","targetHints":{"allow":["GET"]}}],"collection":[{"href":"https:\/\/ouddorperfumes.com\/index.php\/wp-json\/wp\/v2\/product"}],"about":[{"href":"https:\/\/ouddorperfumes.com\/index.php\/wp-json\/wp\/v2\/types\/product"}],"version-history":[{"count":2,"href":"https:\/\/ouddorperfumes.com\/index.php\/wp-json\/wp\/v2\/product\/11456\/revisions"}],"predecessor-version":[{"id":11579,"href":"https:\/\/ouddorperfumes.com\/index.php\/wp-json\/wp\/v2\/product\/11456\/revisions\/11579"}],"wp:featuredmedia":[{"embeddable":true,"href":"https:\/\/ouddorperfumes.com\/index.php\/wp-json\/wp\/v2\/media\/11502"}],"wp:attachment":[{"href":"https:\/\/ouddorperfumes.com\/index.php\/wp-json\/wp\/v2\/media?parent=11456"}],"wp:term":[{"taxonomy":"product_brand","embeddable":true,"href":"https:\/\/ouddorperfumes.com\/index.php\/wp-json\/wp\/v2\/product_brand?post=11456"},{"taxonomy":"product_cat","embeddable":true,"href":"https:\/\/ouddorperfumes.com\/index.php\/wp-json\/wp\/v2\/product_cat?post=11456"},{"taxonomy":"product_tag","embeddable":true,"href":"https:\/\/ouddorperfumes.com\/index.php\/wp-json\/wp\/v2\/product_tag?post=11456"}],"curies":[{"name":"wp","href":"https:\/\/api.w.org\/{rel}","templated":true}]}}