{"id":11462,"date":"2025-09-27T23:31:39","date_gmt":"2025-09-28T04:31:39","guid":{"rendered":"https:\/\/ouddorperfumes.com\/index.php\/producto\/calvin-klein-ckin2u-x-100-ml-dm-original\/"},"modified":"2025-09-29T12:20:00","modified_gmt":"2025-09-29T17:20:00","slug":"calvin-klein-ck-in2u-for-her-100-ml-original","status":"publish","type":"product","link":"https:\/\/ouddorperfumes.com\/index.php\/producto\/calvin-klein-ck-in2u-for-her-100-ml-original\/","title":{"rendered":"Calvin Klein CK IN2U For Her 100 ml Original"},"content":{"rendered":"<p>El eau de toilette CK IN2U de Calvin Klein simboliza las mujeres que viven el momento, no planean nada y dejan que la vida las lleve. Estas mujeres disfrutan de las decisiones espont\u00e1neas, aman las experiencias extraordinarias y tiene la oportunidad de descubrir todos los d\u00edas el mundo.<\/p>\n<ul>\n<li>fragancia fresca c\u00edtrica-floral<\/li>\n<li>para mujeres j\u00f3venes y progresistas<\/li>\n<li>ideal para usar durante el d\u00eda, especialmente cuando llega el buen tiempo<\/li>\n<\/ul>\n<p><strong>Composici\u00f3n de la fragancia<\/strong><\/p>\n<p>Al abrirse el eau de toilette CK IN2U se mezclan notas jugosas de pomelo rosa y de refrescante bergamota siciliana, junto con hojas de grosella roja. Al cabo de un rato aparece el coraz\u00f3n de la fragancia, en el que se combinan la sensual orqu\u00eddea y el cactus, que hacen que la fragancia sea muy femenina, elegante y seductora al mismo tiempo. La base del aroma se compone de c\u00e1lido cedro rojo y vainilla dulce, que complementa un acorde de \u00e1mbar.<\/p>\n","protected":false},"excerpt":{"rendered":"<p>El eau de toilette CK IN2U de Calvin Klein simboliza las mujeres que viven el momento, no planean nada y dejan que la vida las lleve. Estas mujeres disfrutan de las decisiones espont\u00e1neas, aman las experiencias extraordinarias y tiene la oportunidad de descubrir todos los d\u00edas el mundo.<\/p>\n<ul>\n<li>fragancia fresca c\u00edtrica-floral<\/li>\n<li>para mujeres j\u00f3venes y progresistas<\/li>\n<li>ideal para usar durante el d\u00eda, especialmente cuando llega el buen tiempo<\/li>\n<\/ul>\n<p><strong>Composici\u00f3n de la fragancia<\/strong><\/p>\n<p>Al abrirse el eau de toilette CK IN2U se mezclan notas jugosas de pomelo rosa y de refrescante bergamota siciliana, junto con hojas de grosella roja. Al cabo de un rato aparece el coraz\u00f3n de la fragancia, en el que se combinan la sensual orqu\u00eddea y el cactus, que hacen que la fragancia sea muy femenina, elegante y seductora al mismo tiempo. La base del aroma se compone de c\u00e1lido cedro rojo y vainilla dulce, que complementa un acorde de \u00e1mbar.<\/p>\n<p><span style=\"color: #ff4400;\"><strong>\u2705 <span style=\"color: #d9a569;\">Pagos 100% Contraentrega.<\/span><\/strong><\/span><br \/>\n<span style=\"color: #ff4400;\"><strong>\u2705 <span style=\"color: #d9a569;\">Env\u00edo Gratis a toda Colombia.<\/span><\/strong><\/span><br \/>\n<span style=\"color: #ff4400;\"><strong>\u2705 <span style=\"color: #d9a569;\">Perfumes 100% Originales.<\/span><\/strong><\/span><\/p>\n","protected":false},"featured_media":11515,"template":"","meta":[],"product_brand":[],"product_cat":[191,198,168],"product_tag":[],"class_list":{"0":"post-11462","1":"product","2":"type-product","3":"status-publish","4":"has-post-thumbnail","6":"product_cat-calvin-klein","7":"product_cat-disenador","8":"product_cat-mujer","10":"first","11":"instock","12":"sale","13":"shipping-taxable","14":"purchasable","15":"product-type-simple"},"yoast_head":"<!-- This site is optimized with the Yoast SEO plugin v27.3 - https:\/\/yoast.com\/product\/yoast-seo-wordpress\/ -->\n<title>Calvin Klein CK IN2U For Her 100 ml Original - Oud d\u2019Or - L\u2019essence du pouvoir<\/title>\n<meta name=\"robots\" content=\"index, follow, max-snippet:-1, max-image-preview:large, max-video-preview:-1\" \/>\n<link rel=\"canonical\" href=\"https:\/\/ouddorperfumes.com\/index.php\/producto\/calvin-klein-ck-in2u-for-her-100-ml-original\/\" \/>\n<meta property=\"og:locale\" content=\"es_ES\" \/>\n<meta property=\"og:type\" content=\"article\" \/>\n<meta property=\"og:title\" content=\"Calvin Klein CK IN2U For Her 100 ml Original - Oud d\u2019Or - L\u2019essence du pouvoir\" \/>\n<meta property=\"og:description\" content=\"El eau de toilette CK IN2U de Calvin Klein simboliza las mujeres que viven el momento, no planean nada y dejan que la vida las lleve. Estas mujeres disfrutan de las decisiones espont\u00e1neas, aman las experiencias extraordinarias y tiene la oportunidad de descubrir todos los d\u00edas el mundo.   fragancia fresca c\u00edtrica-floral  para mujeres j\u00f3venes y progresistas  ideal para usar durante el d\u00eda, especialmente cuando llega el buen tiempo  Composici\u00f3n de la fragancia  Al abrirse el eau de toilette CK IN2U se mezclan notas jugosas de pomelo rosa y de refrescante bergamota siciliana, junto con hojas de grosella roja. Al cabo de un rato aparece el coraz\u00f3n de la fragancia, en el que se combinan la sensual orqu\u00eddea y el cactus, que hacen que la fragancia sea muy femenina, elegante y seductora al mismo tiempo. La base del aroma se compone de c\u00e1lido cedro rojo y vainilla dulce, que complementa un acorde de \u00e1mbar.  \u2705 Pagos 100% Contraentrega. \u2705 Env\u00edo Gratis a toda Colombia. \u2705 Perfumes 100% Originales.\" \/>\n<meta property=\"og:url\" content=\"https:\/\/ouddorperfumes.com\/index.php\/producto\/calvin-klein-ck-in2u-for-her-100-ml-original\/\" \/>\n<meta property=\"og:site_name\" content=\"Oud d\u2019Or - L\u2019essence du pouvoir\" \/>\n<meta property=\"article:modified_time\" content=\"2025-09-29T17:20:00+00:00\" \/>\n<meta property=\"og:image\" content=\"https:\/\/ouddorperfumes.com\/wp-content\/uploads\/2025\/09\/360-26.jpg\" \/>\n\t<meta property=\"og:image:width\" content=\"1654\" \/>\n\t<meta property=\"og:image:height\" content=\"1654\" \/>\n\t<meta property=\"og:image:type\" content=\"image\/jpeg\" \/>\n<meta name=\"twitter:card\" content=\"summary_large_image\" \/>\n<meta name=\"twitter:label1\" content=\"Tiempo de lectura\" \/>\n\t<meta name=\"twitter:data1\" content=\"1 minuto\" \/>\n<script type=\"application\/ld+json\" class=\"yoast-schema-graph\">{\"@context\":\"https:\\\/\\\/schema.org\",\"@graph\":[{\"@type\":\"WebPage\",\"@id\":\"https:\\\/\\\/ouddorperfumes.com\\\/index.php\\\/producto\\\/calvin-klein-ck-in2u-for-her-100-ml-original\\\/\",\"url\":\"https:\\\/\\\/ouddorperfumes.com\\\/index.php\\\/producto\\\/calvin-klein-ck-in2u-for-her-100-ml-original\\\/\",\"name\":\"Calvin Klein CK IN2U For Her 100 ml Original - Oud d\u2019Or - L\u2019essence du pouvoir\",\"isPartOf\":{\"@id\":\"https:\\\/\\\/ouddorperfumes.com\\\/#website\"},\"primaryImageOfPage\":{\"@id\":\"https:\\\/\\\/ouddorperfumes.com\\\/index.php\\\/producto\\\/calvin-klein-ck-in2u-for-her-100-ml-original\\\/#primaryimage\"},\"image\":{\"@id\":\"https:\\\/\\\/ouddorperfumes.com\\\/index.php\\\/producto\\\/calvin-klein-ck-in2u-for-her-100-ml-original\\\/#primaryimage\"},\"thumbnailUrl\":\"https:\\\/\\\/ouddorperfumes.com\\\/wp-content\\\/uploads\\\/2025\\\/09\\\/360-26.jpg\",\"datePublished\":\"2025-09-28T04:31:39+00:00\",\"dateModified\":\"2025-09-29T17:20:00+00:00\",\"breadcrumb\":{\"@id\":\"https:\\\/\\\/ouddorperfumes.com\\\/index.php\\\/producto\\\/calvin-klein-ck-in2u-for-her-100-ml-original\\\/#breadcrumb\"},\"inLanguage\":\"es\",\"potentialAction\":[{\"@type\":\"ReadAction\",\"target\":[\"https:\\\/\\\/ouddorperfumes.com\\\/index.php\\\/producto\\\/calvin-klein-ck-in2u-for-her-100-ml-original\\\/\"]}]},{\"@type\":\"ImageObject\",\"inLanguage\":\"es\",\"@id\":\"https:\\\/\\\/ouddorperfumes.com\\\/index.php\\\/producto\\\/calvin-klein-ck-in2u-for-her-100-ml-original\\\/#primaryimage\",\"url\":\"https:\\\/\\\/ouddorperfumes.com\\\/wp-content\\\/uploads\\\/2025\\\/09\\\/360-26.jpg\",\"contentUrl\":\"https:\\\/\\\/ouddorperfumes.com\\\/wp-content\\\/uploads\\\/2025\\\/09\\\/360-26.jpg\",\"width\":1654,\"height\":1654},{\"@type\":\"BreadcrumbList\",\"@id\":\"https:\\\/\\\/ouddorperfumes.com\\\/index.php\\\/producto\\\/calvin-klein-ck-in2u-for-her-100-ml-original\\\/#breadcrumb\",\"itemListElement\":[{\"@type\":\"ListItem\",\"position\":1,\"name\":\"Portada\",\"item\":\"https:\\\/\\\/ouddorperfumes.com\\\/\"},{\"@type\":\"ListItem\",\"position\":2,\"name\":\"Todos los Perfumes\",\"item\":\"https:\\\/\\\/ouddorperfumes.com\\\/index.php\\\/todos-los-perfumes\\\/\"},{\"@type\":\"ListItem\",\"position\":3,\"name\":\"Calvin Klein CK IN2U For Her 100 ml Original\"}]},{\"@type\":\"WebSite\",\"@id\":\"https:\\\/\\\/ouddorperfumes.com\\\/#website\",\"url\":\"https:\\\/\\\/ouddorperfumes.com\\\/\",\"name\":\"Oud d\u2019Or - L\u2019essence du pouvoir\",\"description\":\"Perfumes Arabes 100% Originales\",\"potentialAction\":[{\"@type\":\"SearchAction\",\"target\":{\"@type\":\"EntryPoint\",\"urlTemplate\":\"https:\\\/\\\/ouddorperfumes.com\\\/?s={search_term_string}\"},\"query-input\":{\"@type\":\"PropertyValueSpecification\",\"valueRequired\":true,\"valueName\":\"search_term_string\"}}],\"inLanguage\":\"es\"}]}<\/script>\n<!-- \/ Yoast SEO plugin. -->","yoast_head_json":{"title":"Calvin Klein CK IN2U For Her 100 ml Original - Oud d\u2019Or - L\u2019essence du pouvoir","robots":{"index":"index","follow":"follow","max-snippet":"max-snippet:-1","max-image-preview":"max-image-preview:large","max-video-preview":"max-video-preview:-1"},"canonical":"https:\/\/ouddorperfumes.com\/index.php\/producto\/calvin-klein-ck-in2u-for-her-100-ml-original\/","og_locale":"es_ES","og_type":"article","og_title":"Calvin Klein CK IN2U For Her 100 ml Original - Oud d\u2019Or - L\u2019essence du pouvoir","og_description":"El eau de toilette CK IN2U de Calvin Klein simboliza las mujeres que viven el momento, no planean nada y dejan que la vida las lleve. Estas mujeres disfrutan de las decisiones espont\u00e1neas, aman las experiencias extraordinarias y tiene la oportunidad de descubrir todos los d\u00edas el mundo.   fragancia fresca c\u00edtrica-floral  para mujeres j\u00f3venes y progresistas  ideal para usar durante el d\u00eda, especialmente cuando llega el buen tiempo  Composici\u00f3n de la fragancia  Al abrirse el eau de toilette CK IN2U se mezclan notas jugosas de pomelo rosa y de refrescante bergamota siciliana, junto con hojas de grosella roja. Al cabo de un rato aparece el coraz\u00f3n de la fragancia, en el que se combinan la sensual orqu\u00eddea y el cactus, que hacen que la fragancia sea muy femenina, elegante y seductora al mismo tiempo. La base del aroma se compone de c\u00e1lido cedro rojo y vainilla dulce, que complementa un acorde de \u00e1mbar.  \u2705 Pagos 100% Contraentrega. \u2705 Env\u00edo Gratis a toda Colombia. \u2705 Perfumes 100% Originales.","og_url":"https:\/\/ouddorperfumes.com\/index.php\/producto\/calvin-klein-ck-in2u-for-her-100-ml-original\/","og_site_name":"Oud d\u2019Or - L\u2019essence du pouvoir","article_modified_time":"2025-09-29T17:20:00+00:00","og_image":[{"width":1654,"height":1654,"url":"https:\/\/ouddorperfumes.com\/wp-content\/uploads\/2025\/09\/360-26.jpg","type":"image\/jpeg"}],"twitter_card":"summary_large_image","twitter_misc":{"Tiempo de lectura":"1 minuto"},"schema":{"@context":"https:\/\/schema.org","@graph":[{"@type":"WebPage","@id":"https:\/\/ouddorperfumes.com\/index.php\/producto\/calvin-klein-ck-in2u-for-her-100-ml-original\/","url":"https:\/\/ouddorperfumes.com\/index.php\/producto\/calvin-klein-ck-in2u-for-her-100-ml-original\/","name":"Calvin Klein CK IN2U For Her 100 ml Original - Oud d\u2019Or - L\u2019essence du pouvoir","isPartOf":{"@id":"https:\/\/ouddorperfumes.com\/#website"},"primaryImageOfPage":{"@id":"https:\/\/ouddorperfumes.com\/index.php\/producto\/calvin-klein-ck-in2u-for-her-100-ml-original\/#primaryimage"},"image":{"@id":"https:\/\/ouddorperfumes.com\/index.php\/producto\/calvin-klein-ck-in2u-for-her-100-ml-original\/#primaryimage"},"thumbnailUrl":"https:\/\/ouddorperfumes.com\/wp-content\/uploads\/2025\/09\/360-26.jpg","datePublished":"2025-09-28T04:31:39+00:00","dateModified":"2025-09-29T17:20:00+00:00","breadcrumb":{"@id":"https:\/\/ouddorperfumes.com\/index.php\/producto\/calvin-klein-ck-in2u-for-her-100-ml-original\/#breadcrumb"},"inLanguage":"es","potentialAction":[{"@type":"ReadAction","target":["https:\/\/ouddorperfumes.com\/index.php\/producto\/calvin-klein-ck-in2u-for-her-100-ml-original\/"]}]},{"@type":"ImageObject","inLanguage":"es","@id":"https:\/\/ouddorperfumes.com\/index.php\/producto\/calvin-klein-ck-in2u-for-her-100-ml-original\/#primaryimage","url":"https:\/\/ouddorperfumes.com\/wp-content\/uploads\/2025\/09\/360-26.jpg","contentUrl":"https:\/\/ouddorperfumes.com\/wp-content\/uploads\/2025\/09\/360-26.jpg","width":1654,"height":1654},{"@type":"BreadcrumbList","@id":"https:\/\/ouddorperfumes.com\/index.php\/producto\/calvin-klein-ck-in2u-for-her-100-ml-original\/#breadcrumb","itemListElement":[{"@type":"ListItem","position":1,"name":"Portada","item":"https:\/\/ouddorperfumes.com\/"},{"@type":"ListItem","position":2,"name":"Todos los Perfumes","item":"https:\/\/ouddorperfumes.com\/index.php\/todos-los-perfumes\/"},{"@type":"ListItem","position":3,"name":"Calvin Klein CK IN2U For Her 100 ml Original"}]},{"@type":"WebSite","@id":"https:\/\/ouddorperfumes.com\/#website","url":"https:\/\/ouddorperfumes.com\/","name":"Oud d\u2019Or - L\u2019essence du pouvoir","description":"Perfumes Arabes 100% Originales","potentialAction":[{"@type":"SearchAction","target":{"@type":"EntryPoint","urlTemplate":"https:\/\/ouddorperfumes.com\/?s={search_term_string}"},"query-input":{"@type":"PropertyValueSpecification","valueRequired":true,"valueName":"search_term_string"}}],"inLanguage":"es"}]}},"_links":{"self":[{"href":"https:\/\/ouddorperfumes.com\/index.php\/wp-json\/wp\/v2\/product\/11462","targetHints":{"allow":["GET"]}}],"collection":[{"href":"https:\/\/ouddorperfumes.com\/index.php\/wp-json\/wp\/v2\/product"}],"about":[{"href":"https:\/\/ouddorperfumes.com\/index.php\/wp-json\/wp\/v2\/types\/product"}],"version-history":[{"count":2,"href":"https:\/\/ouddorperfumes.com\/index.php\/wp-json\/wp\/v2\/product\/11462\/revisions"}],"predecessor-version":[{"id":11564,"href":"https:\/\/ouddorperfumes.com\/index.php\/wp-json\/wp\/v2\/product\/11462\/revisions\/11564"}],"wp:featuredmedia":[{"embeddable":true,"href":"https:\/\/ouddorperfumes.com\/index.php\/wp-json\/wp\/v2\/media\/11515"}],"wp:attachment":[{"href":"https:\/\/ouddorperfumes.com\/index.php\/wp-json\/wp\/v2\/media?parent=11462"}],"wp:term":[{"taxonomy":"product_brand","embeddable":true,"href":"https:\/\/ouddorperfumes.com\/index.php\/wp-json\/wp\/v2\/product_brand?post=11462"},{"taxonomy":"product_cat","embeddable":true,"href":"https:\/\/ouddorperfumes.com\/index.php\/wp-json\/wp\/v2\/product_cat?post=11462"},{"taxonomy":"product_tag","embeddable":true,"href":"https:\/\/ouddorperfumes.com\/index.php\/wp-json\/wp\/v2\/product_tag?post=11462"}],"curies":[{"name":"wp","href":"https:\/\/api.w.org\/{rel}","templated":true}]}}