{"id":11464,"date":"2025-09-27T23:32:22","date_gmt":"2025-09-28T04:32:22","guid":{"rendered":"https:\/\/ouddorperfumes.com\/index.php\/producto\/maison-alhambra-jorge-di-profumo-x-100\/"},"modified":"2025-09-29T00:43:09","modified_gmt":"2025-09-29T05:43:09","slug":"maison-alhambra-jorge-di-profumo-100-ml-original","status":"publish","type":"product","link":"https:\/\/ouddorperfumes.com\/index.php\/producto\/maison-alhambra-jorge-di-profumo-100-ml-original\/","title":{"rendered":"Maison Alhambra Jorge Di Profumo 100 ml Original"},"content":{"rendered":"<p><strong>Este perfume se encuentra inspirado en Acqua Di Gio Profumo de Giorgio Armani<\/strong><\/p>\n<p>Presentamos Maison AlHambra Jorge Di Profumo, un EDP dise\u00f1ado para hombres que captura la armon\u00eda en los contrastes. Su mezcla de ingredientes naturales crea una fragancia \u00fanica e inspiradora que cautivar\u00e1 cualquier habitaci\u00f3n. S\u00e9 el centro de atenci\u00f3n con este exquisito perfume.<\/p>\n<p>Una fascinante interpretaci\u00f3n de elementos naturales, Profumo crea simplicidad a partir de la complejidad de la naturaleza. Una fragancia que presenta la verdadera intensidad del mar Mediterr\u00e1neo, desde la piedra m\u00e1s negra hasta el azul cristalino de sus olas.<\/p>\n","protected":false},"excerpt":{"rendered":"<p><strong>Este perfume se encuentra inspirado en Acqua Di Gio Profumo de Giorgio Armani<\/strong><\/p>\n<p>Presentamos Maison AlHambra Jorge Di Profumo, un EDP dise\u00f1ado para hombres que captura la armon\u00eda en los contrastes. Su mezcla de ingredientes naturales crea una fragancia \u00fanica e inspiradora que cautivar\u00e1 cualquier habitaci\u00f3n. S\u00e9 el centro de atenci\u00f3n con este exquisito perfume.<\/p>\n<p>Una fascinante interpretaci\u00f3n de elementos naturales, Profumo crea simplicidad a partir de la complejidad de la naturaleza. Una fragancia que presenta la verdadera intensidad del mar Mediterr\u00e1neo, desde la piedra m\u00e1s negra hasta el azul cristalino de sus olas.<\/p>\n<p><span style=\"color: #ff4400;\"><strong>\u2705 <span style=\"color: #d9a569;\">Pagos 100% Contraentrega.<\/span><\/strong><\/span><br \/>\n<span style=\"color: #ff4400;\"><strong>\u2705 <span style=\"color: #d9a569;\">Env\u00edo Gratis a toda Colombia.<\/span><\/strong><\/span><br \/>\n<span style=\"color: #ff4400;\"><strong>\u2705 <span style=\"color: #d9a569;\">Perfumes 100% Originales.<\/span><\/strong><\/span><\/p>\n","protected":false},"featured_media":11493,"template":"","meta":[],"product_brand":[],"product_cat":[169,186,177],"product_tag":[],"class_list":{"0":"post-11464","1":"product","2":"type-product","3":"status-publish","4":"has-post-thumbnail","6":"product_cat-hombre","7":"product_cat-maison-alhambra","8":"product_cat-perfumes-arabes","10":"first","11":"instock","12":"sale","13":"shipping-taxable","14":"purchasable","15":"product-type-simple"},"yoast_head":"<!-- This site is optimized with the Yoast SEO plugin v27.3 - https:\/\/yoast.com\/product\/yoast-seo-wordpress\/ -->\n<title>Maison Alhambra Jorge Di Profumo 100 ml Original - Oud d\u2019Or - L\u2019essence du pouvoir<\/title>\n<meta name=\"robots\" content=\"index, follow, max-snippet:-1, max-image-preview:large, max-video-preview:-1\" \/>\n<link rel=\"canonical\" href=\"https:\/\/ouddorperfumes.com\/index.php\/producto\/maison-alhambra-jorge-di-profumo-100-ml-original\/\" \/>\n<meta property=\"og:locale\" content=\"es_ES\" \/>\n<meta property=\"og:type\" content=\"article\" \/>\n<meta property=\"og:title\" content=\"Maison Alhambra Jorge Di Profumo 100 ml Original - Oud d\u2019Or - L\u2019essence du pouvoir\" \/>\n<meta property=\"og:description\" content=\"Este perfume se encuentra inspirado en Acqua Di Gio Profumo de Giorgio Armani  Presentamos Maison AlHambra Jorge Di Profumo, un EDP dise\u00f1ado para hombres que captura la armon\u00eda en los contrastes. Su mezcla de ingredientes naturales crea una fragancia \u00fanica e inspiradora que cautivar\u00e1 cualquier habitaci\u00f3n. S\u00e9 el centro de atenci\u00f3n con este exquisito perfume.  Una fascinante interpretaci\u00f3n de elementos naturales, Profumo crea simplicidad a partir de la complejidad de la naturaleza. Una fragancia que presenta la verdadera intensidad del mar Mediterr\u00e1neo, desde la piedra m\u00e1s negra hasta el azul cristalino de sus olas.  \u2705 Pagos 100% Contraentrega. \u2705 Env\u00edo Gratis a toda Colombia. \u2705 Perfumes 100% Originales.\" \/>\n<meta property=\"og:url\" content=\"https:\/\/ouddorperfumes.com\/index.php\/producto\/maison-alhambra-jorge-di-profumo-100-ml-original\/\" \/>\n<meta property=\"og:site_name\" content=\"Oud d\u2019Or - L\u2019essence du pouvoir\" \/>\n<meta property=\"article:modified_time\" content=\"2025-09-29T05:43:09+00:00\" \/>\n<meta property=\"og:image\" content=\"https:\/\/ouddorperfumes.com\/wp-content\/uploads\/2025\/09\/360-4.jpg\" \/>\n\t<meta property=\"og:image:width\" content=\"1654\" \/>\n\t<meta property=\"og:image:height\" content=\"1654\" \/>\n\t<meta property=\"og:image:type\" content=\"image\/jpeg\" \/>\n<meta name=\"twitter:card\" content=\"summary_large_image\" \/>\n<meta name=\"twitter:label1\" content=\"Tiempo de lectura\" \/>\n\t<meta name=\"twitter:data1\" content=\"1 minuto\" \/>\n<script type=\"application\/ld+json\" class=\"yoast-schema-graph\">{\"@context\":\"https:\\\/\\\/schema.org\",\"@graph\":[{\"@type\":\"WebPage\",\"@id\":\"https:\\\/\\\/ouddorperfumes.com\\\/index.php\\\/producto\\\/maison-alhambra-jorge-di-profumo-100-ml-original\\\/\",\"url\":\"https:\\\/\\\/ouddorperfumes.com\\\/index.php\\\/producto\\\/maison-alhambra-jorge-di-profumo-100-ml-original\\\/\",\"name\":\"Maison Alhambra Jorge Di Profumo 100 ml Original - Oud d\u2019Or - L\u2019essence du pouvoir\",\"isPartOf\":{\"@id\":\"https:\\\/\\\/ouddorperfumes.com\\\/#website\"},\"primaryImageOfPage\":{\"@id\":\"https:\\\/\\\/ouddorperfumes.com\\\/index.php\\\/producto\\\/maison-alhambra-jorge-di-profumo-100-ml-original\\\/#primaryimage\"},\"image\":{\"@id\":\"https:\\\/\\\/ouddorperfumes.com\\\/index.php\\\/producto\\\/maison-alhambra-jorge-di-profumo-100-ml-original\\\/#primaryimage\"},\"thumbnailUrl\":\"https:\\\/\\\/ouddorperfumes.com\\\/wp-content\\\/uploads\\\/2025\\\/09\\\/360-4.jpg\",\"datePublished\":\"2025-09-28T04:32:22+00:00\",\"dateModified\":\"2025-09-29T05:43:09+00:00\",\"breadcrumb\":{\"@id\":\"https:\\\/\\\/ouddorperfumes.com\\\/index.php\\\/producto\\\/maison-alhambra-jorge-di-profumo-100-ml-original\\\/#breadcrumb\"},\"inLanguage\":\"es\",\"potentialAction\":[{\"@type\":\"ReadAction\",\"target\":[\"https:\\\/\\\/ouddorperfumes.com\\\/index.php\\\/producto\\\/maison-alhambra-jorge-di-profumo-100-ml-original\\\/\"]}]},{\"@type\":\"ImageObject\",\"inLanguage\":\"es\",\"@id\":\"https:\\\/\\\/ouddorperfumes.com\\\/index.php\\\/producto\\\/maison-alhambra-jorge-di-profumo-100-ml-original\\\/#primaryimage\",\"url\":\"https:\\\/\\\/ouddorperfumes.com\\\/wp-content\\\/uploads\\\/2025\\\/09\\\/360-4.jpg\",\"contentUrl\":\"https:\\\/\\\/ouddorperfumes.com\\\/wp-content\\\/uploads\\\/2025\\\/09\\\/360-4.jpg\",\"width\":1654,\"height\":1654},{\"@type\":\"BreadcrumbList\",\"@id\":\"https:\\\/\\\/ouddorperfumes.com\\\/index.php\\\/producto\\\/maison-alhambra-jorge-di-profumo-100-ml-original\\\/#breadcrumb\",\"itemListElement\":[{\"@type\":\"ListItem\",\"position\":1,\"name\":\"Portada\",\"item\":\"https:\\\/\\\/ouddorperfumes.com\\\/\"},{\"@type\":\"ListItem\",\"position\":2,\"name\":\"Todos los Perfumes\",\"item\":\"https:\\\/\\\/ouddorperfumes.com\\\/index.php\\\/todos-los-perfumes\\\/\"},{\"@type\":\"ListItem\",\"position\":3,\"name\":\"Maison Alhambra Jorge Di Profumo 100 ml Original\"}]},{\"@type\":\"WebSite\",\"@id\":\"https:\\\/\\\/ouddorperfumes.com\\\/#website\",\"url\":\"https:\\\/\\\/ouddorperfumes.com\\\/\",\"name\":\"Oud d\u2019Or - L\u2019essence du pouvoir\",\"description\":\"Perfumes Arabes 100% Originales\",\"potentialAction\":[{\"@type\":\"SearchAction\",\"target\":{\"@type\":\"EntryPoint\",\"urlTemplate\":\"https:\\\/\\\/ouddorperfumes.com\\\/?s={search_term_string}\"},\"query-input\":{\"@type\":\"PropertyValueSpecification\",\"valueRequired\":true,\"valueName\":\"search_term_string\"}}],\"inLanguage\":\"es\"}]}<\/script>\n<!-- \/ Yoast SEO plugin. -->","yoast_head_json":{"title":"Maison Alhambra Jorge Di Profumo 100 ml Original - Oud d\u2019Or - L\u2019essence du pouvoir","robots":{"index":"index","follow":"follow","max-snippet":"max-snippet:-1","max-image-preview":"max-image-preview:large","max-video-preview":"max-video-preview:-1"},"canonical":"https:\/\/ouddorperfumes.com\/index.php\/producto\/maison-alhambra-jorge-di-profumo-100-ml-original\/","og_locale":"es_ES","og_type":"article","og_title":"Maison Alhambra Jorge Di Profumo 100 ml Original - Oud d\u2019Or - L\u2019essence du pouvoir","og_description":"Este perfume se encuentra inspirado en Acqua Di Gio Profumo de Giorgio Armani  Presentamos Maison AlHambra Jorge Di Profumo, un EDP dise\u00f1ado para hombres que captura la armon\u00eda en los contrastes. Su mezcla de ingredientes naturales crea una fragancia \u00fanica e inspiradora que cautivar\u00e1 cualquier habitaci\u00f3n. S\u00e9 el centro de atenci\u00f3n con este exquisito perfume.  Una fascinante interpretaci\u00f3n de elementos naturales, Profumo crea simplicidad a partir de la complejidad de la naturaleza. Una fragancia que presenta la verdadera intensidad del mar Mediterr\u00e1neo, desde la piedra m\u00e1s negra hasta el azul cristalino de sus olas.  \u2705 Pagos 100% Contraentrega. \u2705 Env\u00edo Gratis a toda Colombia. \u2705 Perfumes 100% Originales.","og_url":"https:\/\/ouddorperfumes.com\/index.php\/producto\/maison-alhambra-jorge-di-profumo-100-ml-original\/","og_site_name":"Oud d\u2019Or - L\u2019essence du pouvoir","article_modified_time":"2025-09-29T05:43:09+00:00","og_image":[{"width":1654,"height":1654,"url":"https:\/\/ouddorperfumes.com\/wp-content\/uploads\/2025\/09\/360-4.jpg","type":"image\/jpeg"}],"twitter_card":"summary_large_image","twitter_misc":{"Tiempo de lectura":"1 minuto"},"schema":{"@context":"https:\/\/schema.org","@graph":[{"@type":"WebPage","@id":"https:\/\/ouddorperfumes.com\/index.php\/producto\/maison-alhambra-jorge-di-profumo-100-ml-original\/","url":"https:\/\/ouddorperfumes.com\/index.php\/producto\/maison-alhambra-jorge-di-profumo-100-ml-original\/","name":"Maison Alhambra Jorge Di Profumo 100 ml Original - Oud d\u2019Or - L\u2019essence du pouvoir","isPartOf":{"@id":"https:\/\/ouddorperfumes.com\/#website"},"primaryImageOfPage":{"@id":"https:\/\/ouddorperfumes.com\/index.php\/producto\/maison-alhambra-jorge-di-profumo-100-ml-original\/#primaryimage"},"image":{"@id":"https:\/\/ouddorperfumes.com\/index.php\/producto\/maison-alhambra-jorge-di-profumo-100-ml-original\/#primaryimage"},"thumbnailUrl":"https:\/\/ouddorperfumes.com\/wp-content\/uploads\/2025\/09\/360-4.jpg","datePublished":"2025-09-28T04:32:22+00:00","dateModified":"2025-09-29T05:43:09+00:00","breadcrumb":{"@id":"https:\/\/ouddorperfumes.com\/index.php\/producto\/maison-alhambra-jorge-di-profumo-100-ml-original\/#breadcrumb"},"inLanguage":"es","potentialAction":[{"@type":"ReadAction","target":["https:\/\/ouddorperfumes.com\/index.php\/producto\/maison-alhambra-jorge-di-profumo-100-ml-original\/"]}]},{"@type":"ImageObject","inLanguage":"es","@id":"https:\/\/ouddorperfumes.com\/index.php\/producto\/maison-alhambra-jorge-di-profumo-100-ml-original\/#primaryimage","url":"https:\/\/ouddorperfumes.com\/wp-content\/uploads\/2025\/09\/360-4.jpg","contentUrl":"https:\/\/ouddorperfumes.com\/wp-content\/uploads\/2025\/09\/360-4.jpg","width":1654,"height":1654},{"@type":"BreadcrumbList","@id":"https:\/\/ouddorperfumes.com\/index.php\/producto\/maison-alhambra-jorge-di-profumo-100-ml-original\/#breadcrumb","itemListElement":[{"@type":"ListItem","position":1,"name":"Portada","item":"https:\/\/ouddorperfumes.com\/"},{"@type":"ListItem","position":2,"name":"Todos los Perfumes","item":"https:\/\/ouddorperfumes.com\/index.php\/todos-los-perfumes\/"},{"@type":"ListItem","position":3,"name":"Maison Alhambra Jorge Di Profumo 100 ml Original"}]},{"@type":"WebSite","@id":"https:\/\/ouddorperfumes.com\/#website","url":"https:\/\/ouddorperfumes.com\/","name":"Oud d\u2019Or - L\u2019essence du pouvoir","description":"Perfumes Arabes 100% Originales","potentialAction":[{"@type":"SearchAction","target":{"@type":"EntryPoint","urlTemplate":"https:\/\/ouddorperfumes.com\/?s={search_term_string}"},"query-input":{"@type":"PropertyValueSpecification","valueRequired":true,"valueName":"search_term_string"}}],"inLanguage":"es"}]}},"_links":{"self":[{"href":"https:\/\/ouddorperfumes.com\/index.php\/wp-json\/wp\/v2\/product\/11464","targetHints":{"allow":["GET"]}}],"collection":[{"href":"https:\/\/ouddorperfumes.com\/index.php\/wp-json\/wp\/v2\/product"}],"about":[{"href":"https:\/\/ouddorperfumes.com\/index.php\/wp-json\/wp\/v2\/types\/product"}],"version-history":[{"count":2,"href":"https:\/\/ouddorperfumes.com\/index.php\/wp-json\/wp\/v2\/product\/11464\/revisions"}],"predecessor-version":[{"id":11558,"href":"https:\/\/ouddorperfumes.com\/index.php\/wp-json\/wp\/v2\/product\/11464\/revisions\/11558"}],"wp:featuredmedia":[{"embeddable":true,"href":"https:\/\/ouddorperfumes.com\/index.php\/wp-json\/wp\/v2\/media\/11493"}],"wp:attachment":[{"href":"https:\/\/ouddorperfumes.com\/index.php\/wp-json\/wp\/v2\/media?parent=11464"}],"wp:term":[{"taxonomy":"product_brand","embeddable":true,"href":"https:\/\/ouddorperfumes.com\/index.php\/wp-json\/wp\/v2\/product_brand?post=11464"},{"taxonomy":"product_cat","embeddable":true,"href":"https:\/\/ouddorperfumes.com\/index.php\/wp-json\/wp\/v2\/product_cat?post=11464"},{"taxonomy":"product_tag","embeddable":true,"href":"https:\/\/ouddorperfumes.com\/index.php\/wp-json\/wp\/v2\/product_tag?post=11464"}],"curies":[{"name":"wp","href":"https:\/\/api.w.org\/{rel}","templated":true}]}}