{"id":11466,"date":"2025-09-27T23:33:48","date_gmt":"2025-09-28T04:33:48","guid":{"rendered":"https:\/\/ouddorperfumes.com\/index.php\/producto\/nautica-voyage-x-100-ml-original\/"},"modified":"2025-09-29T00:34:30","modified_gmt":"2025-09-29T05:34:30","slug":"nautica-voyage-100-ml-original","status":"publish","type":"product","link":"https:\/\/ouddorperfumes.com\/index.php\/producto\/nautica-voyage-100-ml-original\/","title":{"rendered":"N\u00e1utica Voyage 100 ml Original"},"content":{"rendered":"<p>L\u00e1nzate a la aventura. El eau de toilette para hombre Nautica Voyage te proporcionar\u00e1 todo el frescor y la determinaci\u00f3n que necesitas en todos tus viajes. \u00a1D\u00e9jate llevar por el torrente cautivador de notas acu\u00e1ticas all\u00e1 donde quieras!<\/p>\n<p><strong>Composici\u00f3n de la fragancia<\/strong><\/p>\n<p>El desenfreno de la fragancia se manifiesta ya desde las notas de salida, cuando sentir\u00e1s las chispeantes notas de hojas verdes y la jugosa manzana verde. A continuaci\u00f3n, tu olfato disfrutar\u00e1 de una copa de mimosa con roc\u00edo, que en la composici\u00f3n arom\u00e1tica se completa con notas acu\u00e1ticas de loto y un acorde poco convencional que recuerda a la vela de lona de un yate. La c\u00e1lida madera de cedro en combinaci\u00f3n con notas marinas, \u00e1mbar y almizcle componen las atractivas y masculinas notas de fondo.<\/p>\n","protected":false},"excerpt":{"rendered":"<p>L\u00e1nzate a la aventura. El eau de toilette para hombre Nautica Voyage te proporcionar\u00e1 todo el frescor y la determinaci\u00f3n que necesitas en todos tus viajes. \u00a1D\u00e9jate llevar por el torrente cautivador de notas acu\u00e1ticas all\u00e1 donde quieras!<\/p>\n<p><strong>Composici\u00f3n de la fragancia<\/strong><\/p>\n<p>El desenfreno de la fragancia se manifiesta ya desde las notas de salida, cuando sentir\u00e1s las chispeantes notas de hojas verdes y la jugosa manzana verde. A continuaci\u00f3n, tu olfato disfrutar\u00e1 de una copa de mimosa con roc\u00edo, que en la composici\u00f3n arom\u00e1tica se completa con notas acu\u00e1ticas de loto y un acorde poco convencional que recuerda a la vela de lona de un yate. La c\u00e1lida madera de cedro en combinaci\u00f3n con notas marinas, \u00e1mbar y almizcle componen las atractivas y masculinas notas de fondo.<\/p>\n<p><span style=\"color: #ff4400;\"><strong>\u2705 <span style=\"color: #d9a569;\">Pagos 100% Contraentrega.<\/span><\/strong><\/span><br \/>\n<span style=\"color: #ff4400;\"><strong>\u2705 <span style=\"color: #d9a569;\">Env\u00edo Gratis a toda Colombia.<\/span><\/strong><\/span><br \/>\n<span style=\"color: #ff4400;\"><strong>\u2705 <span style=\"color: #d9a569;\">Perfumes 100% Originales.<\/span><\/strong><\/span><\/p>\n","protected":false},"featured_media":11551,"template":"","meta":[],"product_brand":[],"product_cat":[198,169,202],"product_tag":[],"class_list":{"0":"post-11466","1":"product","2":"type-product","3":"status-publish","4":"has-post-thumbnail","6":"product_cat-disenador","7":"product_cat-hombre","8":"product_cat-nautica","10":"first","11":"instock","12":"sale","13":"shipping-taxable","14":"purchasable","15":"product-type-simple"},"yoast_head":"<!-- This site is optimized with the Yoast SEO plugin v27.3 - https:\/\/yoast.com\/product\/yoast-seo-wordpress\/ -->\n<title>N\u00e1utica Voyage 100 ml Original - Oud d\u2019Or - L\u2019essence du pouvoir<\/title>\n<meta name=\"robots\" content=\"index, follow, max-snippet:-1, max-image-preview:large, max-video-preview:-1\" \/>\n<link rel=\"canonical\" href=\"https:\/\/ouddorperfumes.com\/index.php\/producto\/nautica-voyage-100-ml-original\/\" \/>\n<meta property=\"og:locale\" content=\"es_ES\" \/>\n<meta property=\"og:type\" content=\"article\" \/>\n<meta property=\"og:title\" content=\"N\u00e1utica Voyage 100 ml Original - Oud d\u2019Or - L\u2019essence du pouvoir\" \/>\n<meta property=\"og:description\" content=\"L\u00e1nzate a la aventura. El eau de toilette para hombre Nautica Voyage te proporcionar\u00e1 todo el frescor y la determinaci\u00f3n que necesitas en todos tus viajes. \u00a1D\u00e9jate llevar por el torrente cautivador de notas acu\u00e1ticas all\u00e1 donde quieras!  Composici\u00f3n de la fragancia  El desenfreno de la fragancia se manifiesta ya desde las notas de salida, cuando sentir\u00e1s las chispeantes notas de hojas verdes y la jugosa manzana verde. A continuaci\u00f3n, tu olfato disfrutar\u00e1 de una copa de mimosa con roc\u00edo, que en la composici\u00f3n arom\u00e1tica se completa con notas acu\u00e1ticas de loto y un acorde poco convencional que recuerda a la vela de lona de un yate. La c\u00e1lida madera de cedro en combinaci\u00f3n con notas marinas, \u00e1mbar y almizcle componen las atractivas y masculinas notas de fondo.  \u2705 Pagos 100% Contraentrega. \u2705 Env\u00edo Gratis a toda Colombia. \u2705 Perfumes 100% Originales.\" \/>\n<meta property=\"og:url\" content=\"https:\/\/ouddorperfumes.com\/index.php\/producto\/nautica-voyage-100-ml-original\/\" \/>\n<meta property=\"og:site_name\" content=\"Oud d\u2019Or - L\u2019essence du pouvoir\" \/>\n<meta property=\"article:modified_time\" content=\"2025-09-29T05:34:30+00:00\" \/>\n<meta property=\"og:image\" content=\"https:\/\/ouddorperfumes.com\/wp-content\/uploads\/2025\/09\/360-27.jpg\" \/>\n\t<meta property=\"og:image:width\" content=\"1654\" \/>\n\t<meta property=\"og:image:height\" content=\"1654\" \/>\n\t<meta property=\"og:image:type\" content=\"image\/jpeg\" \/>\n<meta name=\"twitter:card\" content=\"summary_large_image\" \/>\n<meta name=\"twitter:label1\" content=\"Tiempo de lectura\" \/>\n\t<meta name=\"twitter:data1\" content=\"1 minuto\" \/>\n<script type=\"application\/ld+json\" class=\"yoast-schema-graph\">{\"@context\":\"https:\\\/\\\/schema.org\",\"@graph\":[{\"@type\":\"WebPage\",\"@id\":\"https:\\\/\\\/ouddorperfumes.com\\\/index.php\\\/producto\\\/nautica-voyage-100-ml-original\\\/\",\"url\":\"https:\\\/\\\/ouddorperfumes.com\\\/index.php\\\/producto\\\/nautica-voyage-100-ml-original\\\/\",\"name\":\"N\u00e1utica Voyage 100 ml Original - Oud d\u2019Or - L\u2019essence du pouvoir\",\"isPartOf\":{\"@id\":\"https:\\\/\\\/ouddorperfumes.com\\\/#website\"},\"primaryImageOfPage\":{\"@id\":\"https:\\\/\\\/ouddorperfumes.com\\\/index.php\\\/producto\\\/nautica-voyage-100-ml-original\\\/#primaryimage\"},\"image\":{\"@id\":\"https:\\\/\\\/ouddorperfumes.com\\\/index.php\\\/producto\\\/nautica-voyage-100-ml-original\\\/#primaryimage\"},\"thumbnailUrl\":\"https:\\\/\\\/ouddorperfumes.com\\\/wp-content\\\/uploads\\\/2025\\\/09\\\/360-27.jpg\",\"datePublished\":\"2025-09-28T04:33:48+00:00\",\"dateModified\":\"2025-09-29T05:34:30+00:00\",\"breadcrumb\":{\"@id\":\"https:\\\/\\\/ouddorperfumes.com\\\/index.php\\\/producto\\\/nautica-voyage-100-ml-original\\\/#breadcrumb\"},\"inLanguage\":\"es\",\"potentialAction\":[{\"@type\":\"ReadAction\",\"target\":[\"https:\\\/\\\/ouddorperfumes.com\\\/index.php\\\/producto\\\/nautica-voyage-100-ml-original\\\/\"]}]},{\"@type\":\"ImageObject\",\"inLanguage\":\"es\",\"@id\":\"https:\\\/\\\/ouddorperfumes.com\\\/index.php\\\/producto\\\/nautica-voyage-100-ml-original\\\/#primaryimage\",\"url\":\"https:\\\/\\\/ouddorperfumes.com\\\/wp-content\\\/uploads\\\/2025\\\/09\\\/360-27.jpg\",\"contentUrl\":\"https:\\\/\\\/ouddorperfumes.com\\\/wp-content\\\/uploads\\\/2025\\\/09\\\/360-27.jpg\",\"width\":1654,\"height\":1654},{\"@type\":\"BreadcrumbList\",\"@id\":\"https:\\\/\\\/ouddorperfumes.com\\\/index.php\\\/producto\\\/nautica-voyage-100-ml-original\\\/#breadcrumb\",\"itemListElement\":[{\"@type\":\"ListItem\",\"position\":1,\"name\":\"Portada\",\"item\":\"https:\\\/\\\/ouddorperfumes.com\\\/\"},{\"@type\":\"ListItem\",\"position\":2,\"name\":\"Todos los Perfumes\",\"item\":\"https:\\\/\\\/ouddorperfumes.com\\\/index.php\\\/todos-los-perfumes\\\/\"},{\"@type\":\"ListItem\",\"position\":3,\"name\":\"N\u00e1utica Voyage 100 ml Original\"}]},{\"@type\":\"WebSite\",\"@id\":\"https:\\\/\\\/ouddorperfumes.com\\\/#website\",\"url\":\"https:\\\/\\\/ouddorperfumes.com\\\/\",\"name\":\"Oud d\u2019Or - L\u2019essence du pouvoir\",\"description\":\"Perfumes Arabes 100% Originales\",\"potentialAction\":[{\"@type\":\"SearchAction\",\"target\":{\"@type\":\"EntryPoint\",\"urlTemplate\":\"https:\\\/\\\/ouddorperfumes.com\\\/?s={search_term_string}\"},\"query-input\":{\"@type\":\"PropertyValueSpecification\",\"valueRequired\":true,\"valueName\":\"search_term_string\"}}],\"inLanguage\":\"es\"}]}<\/script>\n<!-- \/ Yoast SEO plugin. -->","yoast_head_json":{"title":"N\u00e1utica Voyage 100 ml Original - Oud d\u2019Or - L\u2019essence du pouvoir","robots":{"index":"index","follow":"follow","max-snippet":"max-snippet:-1","max-image-preview":"max-image-preview:large","max-video-preview":"max-video-preview:-1"},"canonical":"https:\/\/ouddorperfumes.com\/index.php\/producto\/nautica-voyage-100-ml-original\/","og_locale":"es_ES","og_type":"article","og_title":"N\u00e1utica Voyage 100 ml Original - Oud d\u2019Or - L\u2019essence du pouvoir","og_description":"L\u00e1nzate a la aventura. El eau de toilette para hombre Nautica Voyage te proporcionar\u00e1 todo el frescor y la determinaci\u00f3n que necesitas en todos tus viajes. \u00a1D\u00e9jate llevar por el torrente cautivador de notas acu\u00e1ticas all\u00e1 donde quieras!  Composici\u00f3n de la fragancia  El desenfreno de la fragancia se manifiesta ya desde las notas de salida, cuando sentir\u00e1s las chispeantes notas de hojas verdes y la jugosa manzana verde. A continuaci\u00f3n, tu olfato disfrutar\u00e1 de una copa de mimosa con roc\u00edo, que en la composici\u00f3n arom\u00e1tica se completa con notas acu\u00e1ticas de loto y un acorde poco convencional que recuerda a la vela de lona de un yate. La c\u00e1lida madera de cedro en combinaci\u00f3n con notas marinas, \u00e1mbar y almizcle componen las atractivas y masculinas notas de fondo.  \u2705 Pagos 100% Contraentrega. \u2705 Env\u00edo Gratis a toda Colombia. \u2705 Perfumes 100% Originales.","og_url":"https:\/\/ouddorperfumes.com\/index.php\/producto\/nautica-voyage-100-ml-original\/","og_site_name":"Oud d\u2019Or - L\u2019essence du pouvoir","article_modified_time":"2025-09-29T05:34:30+00:00","og_image":[{"width":1654,"height":1654,"url":"https:\/\/ouddorperfumes.com\/wp-content\/uploads\/2025\/09\/360-27.jpg","type":"image\/jpeg"}],"twitter_card":"summary_large_image","twitter_misc":{"Tiempo de lectura":"1 minuto"},"schema":{"@context":"https:\/\/schema.org","@graph":[{"@type":"WebPage","@id":"https:\/\/ouddorperfumes.com\/index.php\/producto\/nautica-voyage-100-ml-original\/","url":"https:\/\/ouddorperfumes.com\/index.php\/producto\/nautica-voyage-100-ml-original\/","name":"N\u00e1utica Voyage 100 ml Original - Oud d\u2019Or - L\u2019essence du pouvoir","isPartOf":{"@id":"https:\/\/ouddorperfumes.com\/#website"},"primaryImageOfPage":{"@id":"https:\/\/ouddorperfumes.com\/index.php\/producto\/nautica-voyage-100-ml-original\/#primaryimage"},"image":{"@id":"https:\/\/ouddorperfumes.com\/index.php\/producto\/nautica-voyage-100-ml-original\/#primaryimage"},"thumbnailUrl":"https:\/\/ouddorperfumes.com\/wp-content\/uploads\/2025\/09\/360-27.jpg","datePublished":"2025-09-28T04:33:48+00:00","dateModified":"2025-09-29T05:34:30+00:00","breadcrumb":{"@id":"https:\/\/ouddorperfumes.com\/index.php\/producto\/nautica-voyage-100-ml-original\/#breadcrumb"},"inLanguage":"es","potentialAction":[{"@type":"ReadAction","target":["https:\/\/ouddorperfumes.com\/index.php\/producto\/nautica-voyage-100-ml-original\/"]}]},{"@type":"ImageObject","inLanguage":"es","@id":"https:\/\/ouddorperfumes.com\/index.php\/producto\/nautica-voyage-100-ml-original\/#primaryimage","url":"https:\/\/ouddorperfumes.com\/wp-content\/uploads\/2025\/09\/360-27.jpg","contentUrl":"https:\/\/ouddorperfumes.com\/wp-content\/uploads\/2025\/09\/360-27.jpg","width":1654,"height":1654},{"@type":"BreadcrumbList","@id":"https:\/\/ouddorperfumes.com\/index.php\/producto\/nautica-voyage-100-ml-original\/#breadcrumb","itemListElement":[{"@type":"ListItem","position":1,"name":"Portada","item":"https:\/\/ouddorperfumes.com\/"},{"@type":"ListItem","position":2,"name":"Todos los Perfumes","item":"https:\/\/ouddorperfumes.com\/index.php\/todos-los-perfumes\/"},{"@type":"ListItem","position":3,"name":"N\u00e1utica Voyage 100 ml Original"}]},{"@type":"WebSite","@id":"https:\/\/ouddorperfumes.com\/#website","url":"https:\/\/ouddorperfumes.com\/","name":"Oud d\u2019Or - L\u2019essence du pouvoir","description":"Perfumes Arabes 100% Originales","potentialAction":[{"@type":"SearchAction","target":{"@type":"EntryPoint","urlTemplate":"https:\/\/ouddorperfumes.com\/?s={search_term_string}"},"query-input":{"@type":"PropertyValueSpecification","valueRequired":true,"valueName":"search_term_string"}}],"inLanguage":"es"}]}},"_links":{"self":[{"href":"https:\/\/ouddorperfumes.com\/index.php\/wp-json\/wp\/v2\/product\/11466","targetHints":{"allow":["GET"]}}],"collection":[{"href":"https:\/\/ouddorperfumes.com\/index.php\/wp-json\/wp\/v2\/product"}],"about":[{"href":"https:\/\/ouddorperfumes.com\/index.php\/wp-json\/wp\/v2\/types\/product"}],"version-history":[{"count":3,"href":"https:\/\/ouddorperfumes.com\/index.php\/wp-json\/wp\/v2\/product\/11466\/revisions"}],"predecessor-version":[{"id":11553,"href":"https:\/\/ouddorperfumes.com\/index.php\/wp-json\/wp\/v2\/product\/11466\/revisions\/11553"}],"wp:featuredmedia":[{"embeddable":true,"href":"https:\/\/ouddorperfumes.com\/index.php\/wp-json\/wp\/v2\/media\/11551"}],"wp:attachment":[{"href":"https:\/\/ouddorperfumes.com\/index.php\/wp-json\/wp\/v2\/media?parent=11466"}],"wp:term":[{"taxonomy":"product_brand","embeddable":true,"href":"https:\/\/ouddorperfumes.com\/index.php\/wp-json\/wp\/v2\/product_brand?post=11466"},{"taxonomy":"product_cat","embeddable":true,"href":"https:\/\/ouddorperfumes.com\/index.php\/wp-json\/wp\/v2\/product_cat?post=11466"},{"taxonomy":"product_tag","embeddable":true,"href":"https:\/\/ouddorperfumes.com\/index.php\/wp-json\/wp\/v2\/product_tag?post=11466"}],"curies":[{"name":"wp","href":"https:\/\/api.w.org\/{rel}","templated":true}]}}