{"id":11468,"date":"2025-09-27T23:35:36","date_gmt":"2025-09-28T04:35:36","guid":{"rendered":"https:\/\/ouddorperfumes.com\/index.php\/producto\/mugler-alien-x-90-ml-edp-original\/"},"modified":"2025-09-29T00:20:48","modified_gmt":"2025-09-29T05:20:48","slug":"mugler-alien-90-ml-edp-original","status":"publish","type":"product","link":"https:\/\/ouddorperfumes.com\/index.php\/producto\/mugler-alien-90-ml-edp-original\/","title":{"rendered":"Mugler Alien 90 ml EDP Original"},"content":{"rendered":"<p>Una fragancia que te lleva a otro mundo. Misteriosa, m\u00e1gica e inconfundible. Es el ic\u00f3nico eau de parfum para mujer Mugler Alien. Su composici\u00f3n amaderada y dulcemente especiada resaltar\u00e1 tu carisma.<\/p>\n<p>Huele a libertad : a la lejan\u00eda del espacio infinito del universo en el que te puedes mover con libertad.\u00a0La fragancia Alien es muy particular, no es para cualquiera. Pero en cuanto sucumbas a ella una vez, se convertir\u00e1 en tu favorita por muchos a\u00f1os.<\/p>\n<ul>\n<li>fragancia amaderada oriental<\/li>\n<li>para mujeres a las que les gusta ser ellas mismas<\/li>\n<li>especialmente adecuada para los meses m\u00e1s fr\u00edos<\/li>\n<\/ul>\n<p><strong>Composici\u00f3n de la fragancia\u00a0<\/strong><br \/>\nDesde el inicio se revela la sedosa fragancia de las flores de jazm\u00edn. Despu\u00e9s, la c\u00e1lida madera de cachemira embriagar\u00e1 tus sentidos. El \u00e1mbar, profundo y ligeramente especiado, se encarga de proporcionar una experiencia sensorial perfecta.<\/p>\n<p><strong>Historia de la fragancia\u00a0<\/strong><br \/>\nEl eau de parfum\u00a0Alien del taller del dise\u00f1ador Thierry Mugler se lanz\u00f3 al mercado en el a\u00f1o 2005. Lo elaboraron Dominique Laurent y Ropion Bruyere para la marca Mugler. Esta fragancia dulce y especiada se esconde en un frasco m\u00edstico que simboliza la piedra filosofal y que quedar\u00e1 muy bonito en tu ba\u00f1o o en tu tocador.<\/p>\n","protected":false},"excerpt":{"rendered":"<p>Una fragancia que te lleva a otro mundo. Misteriosa, m\u00e1gica e inconfundible. Es el ic\u00f3nico eau de parfum para mujer Mugler Alien. Su composici\u00f3n amaderada y dulcemente especiada resaltar\u00e1 tu carisma.<\/p>\n<p>Huele a libertad : a la lejan\u00eda del espacio infinito del universo en el que te puedes mover con libertad.\u00a0La fragancia Alien es muy particular, no es para cualquiera. Pero en cuanto sucumbas a ella una vez, se convertir\u00e1 en tu favorita por muchos a\u00f1os.<\/p>\n<ul>\n<li>fragancia amaderada oriental<\/li>\n<li>para mujeres a las que les gusta ser ellas mismas<\/li>\n<li>especialmente adecuada para los meses m\u00e1s fr\u00edos<\/li>\n<\/ul>\n<p><strong>Composici\u00f3n de la fragancia\u00a0<\/strong><br \/>\nDesde el inicio se revela la sedosa fragancia de las flores de jazm\u00edn. Despu\u00e9s, la c\u00e1lida madera de cachemira embriagar\u00e1 tus sentidos. El \u00e1mbar, profundo y ligeramente especiado, se encarga de proporcionar una experiencia sensorial perfecta.<\/p>\n<p><strong>Historia de la fragancia\u00a0<\/strong><br \/>\nEl eau de parfum\u00a0Alien del taller del dise\u00f1ador Thierry Mugler se lanz\u00f3 al mercado en el a\u00f1o 2005. Lo elaboraron Dominique Laurent y Ropion Bruyere para la marca Mugler. Esta fragancia dulce y especiada se esconde en un frasco m\u00edstico que simboliza la piedra filosofal y que quedar\u00e1 muy bonito en tu ba\u00f1o o en tu tocador.<\/p>\n<p><span style=\"color: #ff4400;\"><strong>\u2705 <span style=\"color: #d9a569;\">Pagos 100% Contraentrega.<\/span><\/strong><\/span><br \/>\n<span style=\"color: #ff4400;\"><strong>\u2705 <span style=\"color: #d9a569;\">Env\u00edo Gratis a toda Colombia.<\/span><\/strong><\/span><br \/>\n<span style=\"color: #ff4400;\"><strong>\u2705 <span style=\"color: #d9a569;\">Perfumes 100% Originales.<\/span><\/strong><\/span><\/p>\n","protected":false},"featured_media":11513,"template":"","meta":[],"product_brand":[],"product_cat":[198,239,168],"product_tag":[],"class_list":{"0":"post-11468","1":"product","2":"type-product","3":"status-publish","4":"has-post-thumbnail","6":"product_cat-disenador","7":"product_cat-mugler","8":"product_cat-mujer","10":"first","11":"instock","12":"sale","13":"shipping-taxable","14":"purchasable","15":"product-type-simple"},"yoast_head":"<!-- This site is optimized with the Yoast SEO plugin v27.3 - https:\/\/yoast.com\/product\/yoast-seo-wordpress\/ -->\n<title>Mugler Alien 90 ml EDP Original - Oud d\u2019Or - L\u2019essence du pouvoir<\/title>\n<meta name=\"robots\" content=\"index, follow, max-snippet:-1, max-image-preview:large, max-video-preview:-1\" \/>\n<link rel=\"canonical\" href=\"https:\/\/ouddorperfumes.com\/index.php\/producto\/mugler-alien-90-ml-edp-original\/\" \/>\n<meta property=\"og:locale\" content=\"es_ES\" \/>\n<meta property=\"og:type\" content=\"article\" \/>\n<meta property=\"og:title\" content=\"Mugler Alien 90 ml EDP Original - Oud d\u2019Or - L\u2019essence du pouvoir\" \/>\n<meta property=\"og:description\" content=\"Una fragancia que te lleva a otro mundo. Misteriosa, m\u00e1gica e inconfundible. Es el ic\u00f3nico eau de parfum para mujer Mugler Alien. Su composici\u00f3n amaderada y dulcemente especiada resaltar\u00e1 tu carisma.  Huele a libertad : a la lejan\u00eda del espacio infinito del universo en el que te puedes mover con libertad.\u00a0La fragancia Alien es muy particular, no es para cualquiera. Pero en cuanto sucumbas a ella una vez, se convertir\u00e1 en tu favorita por muchos a\u00f1os.   fragancia amaderada oriental  para mujeres a las que les gusta ser ellas mismas  especialmente adecuada para los meses m\u00e1s fr\u00edos  Composici\u00f3n de la fragancia\u00a0 Desde el inicio se revela la sedosa fragancia de las flores de jazm\u00edn. Despu\u00e9s, la c\u00e1lida madera de cachemira embriagar\u00e1 tus sentidos. El \u00e1mbar, profundo y ligeramente especiado, se encarga de proporcionar una experiencia sensorial perfecta.  Historia de la fragancia\u00a0 El eau de parfum\u00a0Alien del taller del dise\u00f1ador Thierry Mugler se lanz\u00f3 al mercado en el a\u00f1o 2005. Lo elaboraron Dominique Laurent y Ropion Bruyere para la marca Mugler. Esta fragancia dulce y especiada se esconde en un frasco m\u00edstico que simboliza la piedra filosofal y que quedar\u00e1 muy bonito en tu ba\u00f1o o en tu tocador.  \u2705 Pagos 100% Contraentrega. \u2705 Env\u00edo Gratis a toda Colombia. \u2705 Perfumes 100% Originales.\" \/>\n<meta property=\"og:url\" content=\"https:\/\/ouddorperfumes.com\/index.php\/producto\/mugler-alien-90-ml-edp-original\/\" \/>\n<meta property=\"og:site_name\" content=\"Oud d\u2019Or - L\u2019essence du pouvoir\" \/>\n<meta property=\"article:modified_time\" content=\"2025-09-29T05:20:48+00:00\" \/>\n<meta property=\"og:image\" content=\"https:\/\/ouddorperfumes.com\/wp-content\/uploads\/2025\/09\/360-24.jpg\" \/>\n\t<meta property=\"og:image:width\" content=\"1654\" \/>\n\t<meta property=\"og:image:height\" content=\"1654\" \/>\n\t<meta property=\"og:image:type\" content=\"image\/jpeg\" \/>\n<meta name=\"twitter:card\" content=\"summary_large_image\" \/>\n<meta name=\"twitter:label1\" content=\"Tiempo de lectura\" \/>\n\t<meta name=\"twitter:data1\" content=\"2 minutos\" \/>\n<script type=\"application\/ld+json\" class=\"yoast-schema-graph\">{\"@context\":\"https:\\\/\\\/schema.org\",\"@graph\":[{\"@type\":\"WebPage\",\"@id\":\"https:\\\/\\\/ouddorperfumes.com\\\/index.php\\\/producto\\\/mugler-alien-90-ml-edp-original\\\/\",\"url\":\"https:\\\/\\\/ouddorperfumes.com\\\/index.php\\\/producto\\\/mugler-alien-90-ml-edp-original\\\/\",\"name\":\"Mugler Alien 90 ml EDP Original - Oud d\u2019Or - L\u2019essence du pouvoir\",\"isPartOf\":{\"@id\":\"https:\\\/\\\/ouddorperfumes.com\\\/#website\"},\"primaryImageOfPage\":{\"@id\":\"https:\\\/\\\/ouddorperfumes.com\\\/index.php\\\/producto\\\/mugler-alien-90-ml-edp-original\\\/#primaryimage\"},\"image\":{\"@id\":\"https:\\\/\\\/ouddorperfumes.com\\\/index.php\\\/producto\\\/mugler-alien-90-ml-edp-original\\\/#primaryimage\"},\"thumbnailUrl\":\"https:\\\/\\\/ouddorperfumes.com\\\/wp-content\\\/uploads\\\/2025\\\/09\\\/360-24.jpg\",\"datePublished\":\"2025-09-28T04:35:36+00:00\",\"dateModified\":\"2025-09-29T05:20:48+00:00\",\"breadcrumb\":{\"@id\":\"https:\\\/\\\/ouddorperfumes.com\\\/index.php\\\/producto\\\/mugler-alien-90-ml-edp-original\\\/#breadcrumb\"},\"inLanguage\":\"es\",\"potentialAction\":[{\"@type\":\"ReadAction\",\"target\":[\"https:\\\/\\\/ouddorperfumes.com\\\/index.php\\\/producto\\\/mugler-alien-90-ml-edp-original\\\/\"]}]},{\"@type\":\"ImageObject\",\"inLanguage\":\"es\",\"@id\":\"https:\\\/\\\/ouddorperfumes.com\\\/index.php\\\/producto\\\/mugler-alien-90-ml-edp-original\\\/#primaryimage\",\"url\":\"https:\\\/\\\/ouddorperfumes.com\\\/wp-content\\\/uploads\\\/2025\\\/09\\\/360-24.jpg\",\"contentUrl\":\"https:\\\/\\\/ouddorperfumes.com\\\/wp-content\\\/uploads\\\/2025\\\/09\\\/360-24.jpg\",\"width\":1654,\"height\":1654},{\"@type\":\"BreadcrumbList\",\"@id\":\"https:\\\/\\\/ouddorperfumes.com\\\/index.php\\\/producto\\\/mugler-alien-90-ml-edp-original\\\/#breadcrumb\",\"itemListElement\":[{\"@type\":\"ListItem\",\"position\":1,\"name\":\"Portada\",\"item\":\"https:\\\/\\\/ouddorperfumes.com\\\/\"},{\"@type\":\"ListItem\",\"position\":2,\"name\":\"Todos los Perfumes\",\"item\":\"https:\\\/\\\/ouddorperfumes.com\\\/index.php\\\/todos-los-perfumes\\\/\"},{\"@type\":\"ListItem\",\"position\":3,\"name\":\"Mugler Alien 90 ml EDP Original\"}]},{\"@type\":\"WebSite\",\"@id\":\"https:\\\/\\\/ouddorperfumes.com\\\/#website\",\"url\":\"https:\\\/\\\/ouddorperfumes.com\\\/\",\"name\":\"Oud d\u2019Or - L\u2019essence du pouvoir\",\"description\":\"Perfumes Arabes 100% Originales\",\"potentialAction\":[{\"@type\":\"SearchAction\",\"target\":{\"@type\":\"EntryPoint\",\"urlTemplate\":\"https:\\\/\\\/ouddorperfumes.com\\\/?s={search_term_string}\"},\"query-input\":{\"@type\":\"PropertyValueSpecification\",\"valueRequired\":true,\"valueName\":\"search_term_string\"}}],\"inLanguage\":\"es\"}]}<\/script>\n<!-- \/ Yoast SEO plugin. -->","yoast_head_json":{"title":"Mugler Alien 90 ml EDP Original - Oud d\u2019Or - L\u2019essence du pouvoir","robots":{"index":"index","follow":"follow","max-snippet":"max-snippet:-1","max-image-preview":"max-image-preview:large","max-video-preview":"max-video-preview:-1"},"canonical":"https:\/\/ouddorperfumes.com\/index.php\/producto\/mugler-alien-90-ml-edp-original\/","og_locale":"es_ES","og_type":"article","og_title":"Mugler Alien 90 ml EDP Original - Oud d\u2019Or - L\u2019essence du pouvoir","og_description":"Una fragancia que te lleva a otro mundo. Misteriosa, m\u00e1gica e inconfundible. Es el ic\u00f3nico eau de parfum para mujer Mugler Alien. Su composici\u00f3n amaderada y dulcemente especiada resaltar\u00e1 tu carisma.  Huele a libertad : a la lejan\u00eda del espacio infinito del universo en el que te puedes mover con libertad.\u00a0La fragancia Alien es muy particular, no es para cualquiera. Pero en cuanto sucumbas a ella una vez, se convertir\u00e1 en tu favorita por muchos a\u00f1os.   fragancia amaderada oriental  para mujeres a las que les gusta ser ellas mismas  especialmente adecuada para los meses m\u00e1s fr\u00edos  Composici\u00f3n de la fragancia\u00a0 Desde el inicio se revela la sedosa fragancia de las flores de jazm\u00edn. Despu\u00e9s, la c\u00e1lida madera de cachemira embriagar\u00e1 tus sentidos. El \u00e1mbar, profundo y ligeramente especiado, se encarga de proporcionar una experiencia sensorial perfecta.  Historia de la fragancia\u00a0 El eau de parfum\u00a0Alien del taller del dise\u00f1ador Thierry Mugler se lanz\u00f3 al mercado en el a\u00f1o 2005. Lo elaboraron Dominique Laurent y Ropion Bruyere para la marca Mugler. Esta fragancia dulce y especiada se esconde en un frasco m\u00edstico que simboliza la piedra filosofal y que quedar\u00e1 muy bonito en tu ba\u00f1o o en tu tocador.  \u2705 Pagos 100% Contraentrega. \u2705 Env\u00edo Gratis a toda Colombia. \u2705 Perfumes 100% Originales.","og_url":"https:\/\/ouddorperfumes.com\/index.php\/producto\/mugler-alien-90-ml-edp-original\/","og_site_name":"Oud d\u2019Or - L\u2019essence du pouvoir","article_modified_time":"2025-09-29T05:20:48+00:00","og_image":[{"width":1654,"height":1654,"url":"https:\/\/ouddorperfumes.com\/wp-content\/uploads\/2025\/09\/360-24.jpg","type":"image\/jpeg"}],"twitter_card":"summary_large_image","twitter_misc":{"Tiempo de lectura":"2 minutos"},"schema":{"@context":"https:\/\/schema.org","@graph":[{"@type":"WebPage","@id":"https:\/\/ouddorperfumes.com\/index.php\/producto\/mugler-alien-90-ml-edp-original\/","url":"https:\/\/ouddorperfumes.com\/index.php\/producto\/mugler-alien-90-ml-edp-original\/","name":"Mugler Alien 90 ml EDP Original - Oud d\u2019Or - L\u2019essence du pouvoir","isPartOf":{"@id":"https:\/\/ouddorperfumes.com\/#website"},"primaryImageOfPage":{"@id":"https:\/\/ouddorperfumes.com\/index.php\/producto\/mugler-alien-90-ml-edp-original\/#primaryimage"},"image":{"@id":"https:\/\/ouddorperfumes.com\/index.php\/producto\/mugler-alien-90-ml-edp-original\/#primaryimage"},"thumbnailUrl":"https:\/\/ouddorperfumes.com\/wp-content\/uploads\/2025\/09\/360-24.jpg","datePublished":"2025-09-28T04:35:36+00:00","dateModified":"2025-09-29T05:20:48+00:00","breadcrumb":{"@id":"https:\/\/ouddorperfumes.com\/index.php\/producto\/mugler-alien-90-ml-edp-original\/#breadcrumb"},"inLanguage":"es","potentialAction":[{"@type":"ReadAction","target":["https:\/\/ouddorperfumes.com\/index.php\/producto\/mugler-alien-90-ml-edp-original\/"]}]},{"@type":"ImageObject","inLanguage":"es","@id":"https:\/\/ouddorperfumes.com\/index.php\/producto\/mugler-alien-90-ml-edp-original\/#primaryimage","url":"https:\/\/ouddorperfumes.com\/wp-content\/uploads\/2025\/09\/360-24.jpg","contentUrl":"https:\/\/ouddorperfumes.com\/wp-content\/uploads\/2025\/09\/360-24.jpg","width":1654,"height":1654},{"@type":"BreadcrumbList","@id":"https:\/\/ouddorperfumes.com\/index.php\/producto\/mugler-alien-90-ml-edp-original\/#breadcrumb","itemListElement":[{"@type":"ListItem","position":1,"name":"Portada","item":"https:\/\/ouddorperfumes.com\/"},{"@type":"ListItem","position":2,"name":"Todos los Perfumes","item":"https:\/\/ouddorperfumes.com\/index.php\/todos-los-perfumes\/"},{"@type":"ListItem","position":3,"name":"Mugler Alien 90 ml EDP Original"}]},{"@type":"WebSite","@id":"https:\/\/ouddorperfumes.com\/#website","url":"https:\/\/ouddorperfumes.com\/","name":"Oud d\u2019Or - L\u2019essence du pouvoir","description":"Perfumes Arabes 100% Originales","potentialAction":[{"@type":"SearchAction","target":{"@type":"EntryPoint","urlTemplate":"https:\/\/ouddorperfumes.com\/?s={search_term_string}"},"query-input":{"@type":"PropertyValueSpecification","valueRequired":true,"valueName":"search_term_string"}}],"inLanguage":"es"}]}},"_links":{"self":[{"href":"https:\/\/ouddorperfumes.com\/index.php\/wp-json\/wp\/v2\/product\/11468","targetHints":{"allow":["GET"]}}],"collection":[{"href":"https:\/\/ouddorperfumes.com\/index.php\/wp-json\/wp\/v2\/product"}],"about":[{"href":"https:\/\/ouddorperfumes.com\/index.php\/wp-json\/wp\/v2\/types\/product"}],"version-history":[{"count":2,"href":"https:\/\/ouddorperfumes.com\/index.php\/wp-json\/wp\/v2\/product\/11468\/revisions"}],"predecessor-version":[{"id":11547,"href":"https:\/\/ouddorperfumes.com\/index.php\/wp-json\/wp\/v2\/product\/11468\/revisions\/11547"}],"wp:featuredmedia":[{"embeddable":true,"href":"https:\/\/ouddorperfumes.com\/index.php\/wp-json\/wp\/v2\/media\/11513"}],"wp:attachment":[{"href":"https:\/\/ouddorperfumes.com\/index.php\/wp-json\/wp\/v2\/media?parent=11468"}],"wp:term":[{"taxonomy":"product_brand","embeddable":true,"href":"https:\/\/ouddorperfumes.com\/index.php\/wp-json\/wp\/v2\/product_brand?post=11468"},{"taxonomy":"product_cat","embeddable":true,"href":"https:\/\/ouddorperfumes.com\/index.php\/wp-json\/wp\/v2\/product_cat?post=11468"},{"taxonomy":"product_tag","embeddable":true,"href":"https:\/\/ouddorperfumes.com\/index.php\/wp-json\/wp\/v2\/product_tag?post=11468"}],"curies":[{"name":"wp","href":"https:\/\/api.w.org\/{rel}","templated":true}]}}