{"id":11469,"date":"2025-09-27T23:36:03","date_gmt":"2025-09-28T04:36:03","guid":{"rendered":"https:\/\/ouddorperfumes.com\/index.php\/producto\/calvin-klein-euphoria-hm-x-100-ml-origin\/"},"modified":"2025-10-03T19:15:53","modified_gmt":"2025-10-04T00:15:53","slug":"calvin-klein-euphoria-100-ml-original","status":"publish","type":"product","link":"https:\/\/ouddorperfumes.com\/index.php\/producto\/calvin-klein-euphoria-100-ml-original\/","title":{"rendered":"Calvin Klein Euphoria 100 ml Original"},"content":{"rendered":"<p>Una alegr\u00eda embriagadora y una pasi\u00f3n constante: estas son las dos sensaciones que provoca el eau de toilette para hombre Calvin Klein Euphoria Men. Prueba t\u00fa tambi\u00e9n la composici\u00f3n perfectamente equilibrada de esta fragancia y resalta tu car\u00e1cter \u00fanico.<\/p>\n<ul>\n<li>fragancia oriental encantadora y arom\u00e1tica para aut\u00e9nticos caballeros<\/li>\n<li>ins\u00f3lita combinaci\u00f3n de frescor y sensualidad<\/li>\n<li>para hombres valientes que desean llamar la atenci\u00f3n<\/li>\n<\/ul>\n<p><strong>Composici\u00f3n de la fragancia<\/strong><\/p>\n<p>Desde las mismas notas de salida, la fragancia se despliega como un c\u00f3ctel de jengibre y pimienta, seguido por una explosi\u00f3n de estimulante albahaca negra, arom\u00e1tica salvia e intensas hojas de cedro. Las notas de fondo de la fragancia se componen de madera rosa brasile\u00f1a, suave y c\u00e1lida a la vez, acompa\u00f1ada del especiado \u00e1mbar, el ex\u00f3tico pachuli y la delicada gamuza. Es precisamente esta combinaci\u00f3n la que aporta a la fragancia profundidad, sensualidad y una seductora masculinidad, proporcion\u00e1ndole al mismo tiempo un cierre prolongado.<\/p>\n<p><strong>Historia de la fragancia<\/strong><\/p>\n<p>El eau de toilette para hombre Calvin Klein Euphoria Men se lanz\u00f3 al mercado en el a\u00f1o 2006. Su sencillo frasco esconde una encantadora fragancia oriental amaderada que envolver\u00e1 a quien la lleve en una embriagadora sensaci\u00f3n de \u00e9xito.<\/p>\n","protected":false},"excerpt":{"rendered":"<p>Una alegr\u00eda embriagadora y una pasi\u00f3n constante: estas son las dos sensaciones que provoca el eau de toilette para hombre Calvin Klein Euphoria Men. Prueba t\u00fa tambi\u00e9n la composici\u00f3n perfectamente equilibrada de esta fragancia y resalta tu car\u00e1cter \u00fanico.<\/p>\n<ul>\n<li>fragancia oriental encantadora y arom\u00e1tica para aut\u00e9nticos caballeros<\/li>\n<li>ins\u00f3lita combinaci\u00f3n de frescor y sensualidad<\/li>\n<li>para hombres valientes que desean llamar la atenci\u00f3n<\/li>\n<\/ul>\n<p><strong>Composici\u00f3n de la fragancia<\/strong><\/p>\n<p>Desde las mismas notas de salida, la fragancia se despliega como un c\u00f3ctel de jengibre y pimienta, seguido por una explosi\u00f3n de estimulante albahaca negra, arom\u00e1tica salvia e intensas hojas de cedro. Las notas de fondo de la fragancia se componen de madera rosa brasile\u00f1a, suave y c\u00e1lida a la vez, acompa\u00f1ada del especiado \u00e1mbar, el ex\u00f3tico pachuli y la delicada gamuza. Es precisamente esta combinaci\u00f3n la que aporta a la fragancia profundidad, sensualidad y una seductora masculinidad, proporcion\u00e1ndole al mismo tiempo un cierre prolongado.<\/p>\n<p><strong>Historia de la fragancia<\/strong><\/p>\n<p>El eau de toilette para hombre Calvin Klein Euphoria Men se lanz\u00f3 al mercado en el a\u00f1o 2006. Su sencillo frasco esconde una encantadora fragancia oriental amaderada que envolver\u00e1 a quien la lleve en una embriagadora sensaci\u00f3n de \u00e9xito.<\/p>\n<p><span style=\"color: #ff4400;\"><strong>\u2705 <span style=\"color: #d9a569;\">Pagos 100% Contraentrega.<\/span><\/strong><\/span><br \/>\n<span style=\"color: #ff4400;\"><strong>\u2705 <span style=\"color: #d9a569;\">Env\u00edo Gratis a toda Colombia.<\/span><\/strong><\/span><br \/>\n<span style=\"color: #ff4400;\"><strong>\u2705 <span style=\"color: #d9a569;\">Perfumes 100% Originales.<\/span><\/strong><\/span><\/p>\n","protected":false},"featured_media":11509,"template":"","meta":[],"product_brand":[],"product_cat":[191,198,169],"product_tag":[],"class_list":{"0":"post-11469","1":"product","2":"type-product","3":"status-publish","4":"has-post-thumbnail","6":"product_cat-calvin-klein","7":"product_cat-disenador","8":"product_cat-hombre","10":"first","11":"instock","12":"sale","13":"shipping-taxable","14":"purchasable","15":"product-type-simple"},"yoast_head":"<!-- This site is optimized with the Yoast SEO plugin v27.3 - https:\/\/yoast.com\/product\/yoast-seo-wordpress\/ -->\n<title>Calvin Klein Euphoria 100 ml Original - Oud d\u2019Or - L\u2019essence du pouvoir<\/title>\n<meta name=\"robots\" content=\"index, follow, max-snippet:-1, max-image-preview:large, max-video-preview:-1\" \/>\n<link rel=\"canonical\" href=\"https:\/\/ouddorperfumes.com\/index.php\/producto\/calvin-klein-euphoria-100-ml-original\/\" \/>\n<meta property=\"og:locale\" content=\"es_ES\" \/>\n<meta property=\"og:type\" content=\"article\" \/>\n<meta property=\"og:title\" content=\"Calvin Klein Euphoria 100 ml Original - Oud d\u2019Or - L\u2019essence du pouvoir\" \/>\n<meta property=\"og:description\" content=\"Una alegr\u00eda embriagadora y una pasi\u00f3n constante: estas son las dos sensaciones que provoca el eau de toilette para hombre Calvin Klein Euphoria Men. Prueba t\u00fa tambi\u00e9n la composici\u00f3n perfectamente equilibrada de esta fragancia y resalta tu car\u00e1cter \u00fanico.   fragancia oriental encantadora y arom\u00e1tica para aut\u00e9nticos caballeros  ins\u00f3lita combinaci\u00f3n de frescor y sensualidad  para hombres valientes que desean llamar la atenci\u00f3n  Composici\u00f3n de la fragancia  Desde las mismas notas de salida, la fragancia se despliega como un c\u00f3ctel de jengibre y pimienta, seguido por una explosi\u00f3n de estimulante albahaca negra, arom\u00e1tica salvia e intensas hojas de cedro. Las notas de fondo de la fragancia se componen de madera rosa brasile\u00f1a, suave y c\u00e1lida a la vez, acompa\u00f1ada del especiado \u00e1mbar, el ex\u00f3tico pachuli y la delicada gamuza. Es precisamente esta combinaci\u00f3n la que aporta a la fragancia profundidad, sensualidad y una seductora masculinidad, proporcion\u00e1ndole al mismo tiempo un cierre prolongado.  Historia de la fragancia  El eau de toilette para hombre Calvin Klein Euphoria Men se lanz\u00f3 al mercado en el a\u00f1o 2006. Su sencillo frasco esconde una encantadora fragancia oriental amaderada que envolver\u00e1 a quien la lleve en una embriagadora sensaci\u00f3n de \u00e9xito.  \u2705 Pagos 100% Contraentrega. \u2705 Env\u00edo Gratis a toda Colombia. \u2705 Perfumes 100% Originales.\" \/>\n<meta property=\"og:url\" content=\"https:\/\/ouddorperfumes.com\/index.php\/producto\/calvin-klein-euphoria-100-ml-original\/\" \/>\n<meta property=\"og:site_name\" content=\"Oud d\u2019Or - L\u2019essence du pouvoir\" \/>\n<meta property=\"article:modified_time\" content=\"2025-10-04T00:15:53+00:00\" \/>\n<meta property=\"og:image\" content=\"https:\/\/ouddorperfumes.com\/wp-content\/uploads\/2025\/09\/360-20.jpg\" \/>\n\t<meta property=\"og:image:width\" content=\"1654\" \/>\n\t<meta property=\"og:image:height\" content=\"1654\" \/>\n\t<meta property=\"og:image:type\" content=\"image\/jpeg\" \/>\n<meta name=\"twitter:card\" content=\"summary_large_image\" \/>\n<meta name=\"twitter:label1\" content=\"Tiempo de lectura\" \/>\n\t<meta name=\"twitter:data1\" content=\"2 minutos\" \/>\n<script type=\"application\/ld+json\" class=\"yoast-schema-graph\">{\"@context\":\"https:\\\/\\\/schema.org\",\"@graph\":[{\"@type\":\"WebPage\",\"@id\":\"https:\\\/\\\/ouddorperfumes.com\\\/index.php\\\/producto\\\/calvin-klein-euphoria-100-ml-original\\\/\",\"url\":\"https:\\\/\\\/ouddorperfumes.com\\\/index.php\\\/producto\\\/calvin-klein-euphoria-100-ml-original\\\/\",\"name\":\"Calvin Klein Euphoria 100 ml Original - Oud d\u2019Or - L\u2019essence du pouvoir\",\"isPartOf\":{\"@id\":\"https:\\\/\\\/ouddorperfumes.com\\\/#website\"},\"primaryImageOfPage\":{\"@id\":\"https:\\\/\\\/ouddorperfumes.com\\\/index.php\\\/producto\\\/calvin-klein-euphoria-100-ml-original\\\/#primaryimage\"},\"image\":{\"@id\":\"https:\\\/\\\/ouddorperfumes.com\\\/index.php\\\/producto\\\/calvin-klein-euphoria-100-ml-original\\\/#primaryimage\"},\"thumbnailUrl\":\"https:\\\/\\\/ouddorperfumes.com\\\/wp-content\\\/uploads\\\/2025\\\/09\\\/360-20.jpg\",\"datePublished\":\"2025-09-28T04:36:03+00:00\",\"dateModified\":\"2025-10-04T00:15:53+00:00\",\"breadcrumb\":{\"@id\":\"https:\\\/\\\/ouddorperfumes.com\\\/index.php\\\/producto\\\/calvin-klein-euphoria-100-ml-original\\\/#breadcrumb\"},\"inLanguage\":\"es\",\"potentialAction\":[{\"@type\":\"ReadAction\",\"target\":[\"https:\\\/\\\/ouddorperfumes.com\\\/index.php\\\/producto\\\/calvin-klein-euphoria-100-ml-original\\\/\"]}]},{\"@type\":\"ImageObject\",\"inLanguage\":\"es\",\"@id\":\"https:\\\/\\\/ouddorperfumes.com\\\/index.php\\\/producto\\\/calvin-klein-euphoria-100-ml-original\\\/#primaryimage\",\"url\":\"https:\\\/\\\/ouddorperfumes.com\\\/wp-content\\\/uploads\\\/2025\\\/09\\\/360-20.jpg\",\"contentUrl\":\"https:\\\/\\\/ouddorperfumes.com\\\/wp-content\\\/uploads\\\/2025\\\/09\\\/360-20.jpg\",\"width\":1654,\"height\":1654},{\"@type\":\"BreadcrumbList\",\"@id\":\"https:\\\/\\\/ouddorperfumes.com\\\/index.php\\\/producto\\\/calvin-klein-euphoria-100-ml-original\\\/#breadcrumb\",\"itemListElement\":[{\"@type\":\"ListItem\",\"position\":1,\"name\":\"Portada\",\"item\":\"https:\\\/\\\/ouddorperfumes.com\\\/\"},{\"@type\":\"ListItem\",\"position\":2,\"name\":\"Todos los Perfumes\",\"item\":\"https:\\\/\\\/ouddorperfumes.com\\\/index.php\\\/todos-los-perfumes\\\/\"},{\"@type\":\"ListItem\",\"position\":3,\"name\":\"Calvin Klein Euphoria 100 ml Original\"}]},{\"@type\":\"WebSite\",\"@id\":\"https:\\\/\\\/ouddorperfumes.com\\\/#website\",\"url\":\"https:\\\/\\\/ouddorperfumes.com\\\/\",\"name\":\"Oud d\u2019Or - L\u2019essence du pouvoir\",\"description\":\"Perfumes Arabes 100% Originales\",\"potentialAction\":[{\"@type\":\"SearchAction\",\"target\":{\"@type\":\"EntryPoint\",\"urlTemplate\":\"https:\\\/\\\/ouddorperfumes.com\\\/?s={search_term_string}\"},\"query-input\":{\"@type\":\"PropertyValueSpecification\",\"valueRequired\":true,\"valueName\":\"search_term_string\"}}],\"inLanguage\":\"es\"}]}<\/script>\n<!-- \/ Yoast SEO plugin. -->","yoast_head_json":{"title":"Calvin Klein Euphoria 100 ml Original - Oud d\u2019Or - L\u2019essence du pouvoir","robots":{"index":"index","follow":"follow","max-snippet":"max-snippet:-1","max-image-preview":"max-image-preview:large","max-video-preview":"max-video-preview:-1"},"canonical":"https:\/\/ouddorperfumes.com\/index.php\/producto\/calvin-klein-euphoria-100-ml-original\/","og_locale":"es_ES","og_type":"article","og_title":"Calvin Klein Euphoria 100 ml Original - Oud d\u2019Or - L\u2019essence du pouvoir","og_description":"Una alegr\u00eda embriagadora y una pasi\u00f3n constante: estas son las dos sensaciones que provoca el eau de toilette para hombre Calvin Klein Euphoria Men. Prueba t\u00fa tambi\u00e9n la composici\u00f3n perfectamente equilibrada de esta fragancia y resalta tu car\u00e1cter \u00fanico.   fragancia oriental encantadora y arom\u00e1tica para aut\u00e9nticos caballeros  ins\u00f3lita combinaci\u00f3n de frescor y sensualidad  para hombres valientes que desean llamar la atenci\u00f3n  Composici\u00f3n de la fragancia  Desde las mismas notas de salida, la fragancia se despliega como un c\u00f3ctel de jengibre y pimienta, seguido por una explosi\u00f3n de estimulante albahaca negra, arom\u00e1tica salvia e intensas hojas de cedro. Las notas de fondo de la fragancia se componen de madera rosa brasile\u00f1a, suave y c\u00e1lida a la vez, acompa\u00f1ada del especiado \u00e1mbar, el ex\u00f3tico pachuli y la delicada gamuza. Es precisamente esta combinaci\u00f3n la que aporta a la fragancia profundidad, sensualidad y una seductora masculinidad, proporcion\u00e1ndole al mismo tiempo un cierre prolongado.  Historia de la fragancia  El eau de toilette para hombre Calvin Klein Euphoria Men se lanz\u00f3 al mercado en el a\u00f1o 2006. Su sencillo frasco esconde una encantadora fragancia oriental amaderada que envolver\u00e1 a quien la lleve en una embriagadora sensaci\u00f3n de \u00e9xito.  \u2705 Pagos 100% Contraentrega. \u2705 Env\u00edo Gratis a toda Colombia. \u2705 Perfumes 100% Originales.","og_url":"https:\/\/ouddorperfumes.com\/index.php\/producto\/calvin-klein-euphoria-100-ml-original\/","og_site_name":"Oud d\u2019Or - L\u2019essence du pouvoir","article_modified_time":"2025-10-04T00:15:53+00:00","og_image":[{"width":1654,"height":1654,"url":"https:\/\/ouddorperfumes.com\/wp-content\/uploads\/2025\/09\/360-20.jpg","type":"image\/jpeg"}],"twitter_card":"summary_large_image","twitter_misc":{"Tiempo de lectura":"2 minutos"},"schema":{"@context":"https:\/\/schema.org","@graph":[{"@type":"WebPage","@id":"https:\/\/ouddorperfumes.com\/index.php\/producto\/calvin-klein-euphoria-100-ml-original\/","url":"https:\/\/ouddorperfumes.com\/index.php\/producto\/calvin-klein-euphoria-100-ml-original\/","name":"Calvin Klein Euphoria 100 ml Original - Oud d\u2019Or - L\u2019essence du pouvoir","isPartOf":{"@id":"https:\/\/ouddorperfumes.com\/#website"},"primaryImageOfPage":{"@id":"https:\/\/ouddorperfumes.com\/index.php\/producto\/calvin-klein-euphoria-100-ml-original\/#primaryimage"},"image":{"@id":"https:\/\/ouddorperfumes.com\/index.php\/producto\/calvin-klein-euphoria-100-ml-original\/#primaryimage"},"thumbnailUrl":"https:\/\/ouddorperfumes.com\/wp-content\/uploads\/2025\/09\/360-20.jpg","datePublished":"2025-09-28T04:36:03+00:00","dateModified":"2025-10-04T00:15:53+00:00","breadcrumb":{"@id":"https:\/\/ouddorperfumes.com\/index.php\/producto\/calvin-klein-euphoria-100-ml-original\/#breadcrumb"},"inLanguage":"es","potentialAction":[{"@type":"ReadAction","target":["https:\/\/ouddorperfumes.com\/index.php\/producto\/calvin-klein-euphoria-100-ml-original\/"]}]},{"@type":"ImageObject","inLanguage":"es","@id":"https:\/\/ouddorperfumes.com\/index.php\/producto\/calvin-klein-euphoria-100-ml-original\/#primaryimage","url":"https:\/\/ouddorperfumes.com\/wp-content\/uploads\/2025\/09\/360-20.jpg","contentUrl":"https:\/\/ouddorperfumes.com\/wp-content\/uploads\/2025\/09\/360-20.jpg","width":1654,"height":1654},{"@type":"BreadcrumbList","@id":"https:\/\/ouddorperfumes.com\/index.php\/producto\/calvin-klein-euphoria-100-ml-original\/#breadcrumb","itemListElement":[{"@type":"ListItem","position":1,"name":"Portada","item":"https:\/\/ouddorperfumes.com\/"},{"@type":"ListItem","position":2,"name":"Todos los Perfumes","item":"https:\/\/ouddorperfumes.com\/index.php\/todos-los-perfumes\/"},{"@type":"ListItem","position":3,"name":"Calvin Klein Euphoria 100 ml Original"}]},{"@type":"WebSite","@id":"https:\/\/ouddorperfumes.com\/#website","url":"https:\/\/ouddorperfumes.com\/","name":"Oud d\u2019Or - L\u2019essence du pouvoir","description":"Perfumes Arabes 100% Originales","potentialAction":[{"@type":"SearchAction","target":{"@type":"EntryPoint","urlTemplate":"https:\/\/ouddorperfumes.com\/?s={search_term_string}"},"query-input":{"@type":"PropertyValueSpecification","valueRequired":true,"valueName":"search_term_string"}}],"inLanguage":"es"}]}},"_links":{"self":[{"href":"https:\/\/ouddorperfumes.com\/index.php\/wp-json\/wp\/v2\/product\/11469","targetHints":{"allow":["GET"]}}],"collection":[{"href":"https:\/\/ouddorperfumes.com\/index.php\/wp-json\/wp\/v2\/product"}],"about":[{"href":"https:\/\/ouddorperfumes.com\/index.php\/wp-json\/wp\/v2\/types\/product"}],"version-history":[{"count":2,"href":"https:\/\/ouddorperfumes.com\/index.php\/wp-json\/wp\/v2\/product\/11469\/revisions"}],"predecessor-version":[{"id":11545,"href":"https:\/\/ouddorperfumes.com\/index.php\/wp-json\/wp\/v2\/product\/11469\/revisions\/11545"}],"wp:featuredmedia":[{"embeddable":true,"href":"https:\/\/ouddorperfumes.com\/index.php\/wp-json\/wp\/v2\/media\/11509"}],"wp:attachment":[{"href":"https:\/\/ouddorperfumes.com\/index.php\/wp-json\/wp\/v2\/media?parent=11469"}],"wp:term":[{"taxonomy":"product_brand","embeddable":true,"href":"https:\/\/ouddorperfumes.com\/index.php\/wp-json\/wp\/v2\/product_brand?post=11469"},{"taxonomy":"product_cat","embeddable":true,"href":"https:\/\/ouddorperfumes.com\/index.php\/wp-json\/wp\/v2\/product_cat?post=11469"},{"taxonomy":"product_tag","embeddable":true,"href":"https:\/\/ouddorperfumes.com\/index.php\/wp-json\/wp\/v2\/product_tag?post=11469"}],"curies":[{"name":"wp","href":"https:\/\/api.w.org\/{rel}","templated":true}]}}