{"id":11471,"date":"2025-09-27T23:36:44","date_gmt":"2025-09-28T04:36:44","guid":{"rendered":"https:\/\/ouddorperfumes.com\/index.php\/producto\/maison-alhambra-opulence-leather-x-100-m\/"},"modified":"2025-09-29T00:10:53","modified_gmt":"2025-09-29T05:10:53","slug":"maison-alhambra-opulence-leather-100-ml-original","status":"publish","type":"product","link":"https:\/\/ouddorperfumes.com\/index.php\/producto\/maison-alhambra-opulence-leather-100-ml-original\/","title":{"rendered":"Maison Alhambra Opulence Leather 100 ml Original"},"content":{"rendered":"<p data-start=\"178\" data-end=\"461\"><strong data-start=\"178\" data-end=\"198\">Opulence Leather<\/strong> de <strong data-start=\"202\" data-end=\"221\">Maison Alhambra<\/strong> es una fragancia masculina que encarna la sofisticaci\u00f3n, el lujo y el car\u00e1cter. Dise\u00f1ada para hombres que aprecian los detalles refinados, esta fragancia ofrece una experiencia olfativa envolvente, ideal para destacar en cualquier ocasi\u00f3n.<\/p>\n<p data-start=\"463\" data-end=\"720\">Inicialmente lanzado como <strong data-start=\"489\" data-end=\"508\">Amber &amp; Leather<\/strong>, este <strong data-start=\"515\" data-end=\"532\">Eau de Parfum<\/strong> pertenece a la familia olfativa <strong data-start=\"565\" data-end=\"587\">Amaderada de Cuero<\/strong> y es considerado un <strong data-start=\"608\" data-end=\"656\">clon formidable de Ombr\u00e9 Leather de Tom Ford<\/strong>, ofreciendo una alternativa de alta calidad y gran rendimiento.<\/p>\n<h3 data-start=\"722\" data-end=\"747\">Notas de la Fragancia<\/h3>\n<ul data-start=\"749\" data-end=\"1129\">\n<li data-start=\"749\" data-end=\"839\">\n<p data-start=\"751\" data-end=\"839\"><strong data-start=\"751\" data-end=\"770\">Nota de Salida:<\/strong> Cardamomo \u2013 Aporta una apertura especiada, vibrante y estimulante.<\/p>\n<\/li>\n<li data-start=\"840\" data-end=\"1012\">\n<p data-start=\"842\" data-end=\"1012\"><strong data-start=\"842\" data-end=\"863\">Notas de Coraz\u00f3n:<\/strong> Cuero, jazm\u00edn y \u00e1mbar \u2013 El cuero protagoniza el coraz\u00f3n de la fragancia, acompa\u00f1ado por el toque floral del jazm\u00edn y la calidez sensual del \u00e1mbar.<\/p>\n<\/li>\n<li data-start=\"1013\" data-end=\"1129\">\n<p data-start=\"1015\" data-end=\"1129\"><strong data-start=\"1015\" data-end=\"1034\">Notas de Fondo:<\/strong> Musgo y pachul\u00ed \u2013 A\u00f1aden una base amaderada y refrescante, dejando una estela rica y duradera.<\/p>\n<\/li>\n<\/ul>\n","protected":false},"excerpt":{"rendered":"<p data-start=\"178\" data-end=\"461\"><strong data-start=\"178\" data-end=\"198\">Opulence Leather<\/strong> de <strong data-start=\"202\" data-end=\"221\">Maison Alhambra<\/strong> es una fragancia masculina que encarna la sofisticaci\u00f3n, el lujo y el car\u00e1cter. Dise\u00f1ada para hombres que aprecian los detalles refinados, esta fragancia ofrece una experiencia olfativa envolvente, ideal para destacar en cualquier ocasi\u00f3n.<\/p>\n<p data-start=\"463\" data-end=\"720\">Inicialmente lanzado como <strong data-start=\"489\" data-end=\"508\">Amber &amp; Leather<\/strong>, este <strong data-start=\"515\" data-end=\"532\">Eau de Parfum<\/strong> pertenece a la familia olfativa <strong data-start=\"565\" data-end=\"587\">Amaderada de Cuero<\/strong> y es considerado un <strong data-start=\"608\" data-end=\"656\">clon formidable de Ombr\u00e9 Leather de Tom Ford<\/strong>, ofreciendo una alternativa de alta calidad y gran rendimiento.<\/p>\n<h3 data-start=\"722\" data-end=\"747\">Notas de la Fragancia<\/h3>\n<ul data-start=\"749\" data-end=\"1129\">\n<li data-start=\"749\" data-end=\"839\">\n<p data-start=\"751\" data-end=\"839\"><strong data-start=\"751\" data-end=\"770\">Nota de Salida:<\/strong> Cardamomo \u2013 Aporta una apertura especiada, vibrante y estimulante.<\/p>\n<\/li>\n<li data-start=\"840\" data-end=\"1012\">\n<p data-start=\"842\" data-end=\"1012\"><strong data-start=\"842\" data-end=\"863\">Notas de Coraz\u00f3n:<\/strong> Cuero, jazm\u00edn y \u00e1mbar \u2013 El cuero protagoniza el coraz\u00f3n de la fragancia, acompa\u00f1ado por el toque floral del jazm\u00edn y la calidez sensual del \u00e1mbar.<\/p>\n<\/li>\n<li data-start=\"1013\" data-end=\"1129\">\n<p data-start=\"1015\" data-end=\"1129\"><strong data-start=\"1015\" data-end=\"1034\">Notas de Fondo:<\/strong> Musgo y pachul\u00ed \u2013 A\u00f1aden una base amaderada y refrescante, dejando una estela rica y duradera.<\/p>\n<\/li>\n<\/ul>\n<p><span style=\"color: #ff4400;\"><strong>\u2705 <span style=\"color: #d9a569;\">Pagos 100% Contraentrega.<\/span><\/strong><\/span><br \/>\n<span style=\"color: #ff4400;\"><strong>\u2705 <span style=\"color: #d9a569;\">Env\u00edo Gratis a toda Colombia.<\/span><\/strong><\/span><br \/>\n<span style=\"color: #ff4400;\"><strong>\u2705 <span style=\"color: #d9a569;\">Perfumes 100% Originales.<\/span><\/strong><\/span><\/p>\n","protected":false},"featured_media":11496,"template":"","meta":[],"product_brand":[],"product_cat":[169,186,168,177,170],"product_tag":[],"class_list":{"0":"post-11471","1":"product","2":"type-product","3":"status-publish","4":"has-post-thumbnail","6":"product_cat-hombre","7":"product_cat-maison-alhambra","8":"product_cat-mujer","9":"product_cat-perfumes-arabes","10":"product_cat-unisex","12":"first","13":"instock","14":"sale","15":"shipping-taxable","16":"purchasable","17":"product-type-simple"},"yoast_head":"<!-- This site is optimized with the Yoast SEO plugin v27.3 - https:\/\/yoast.com\/product\/yoast-seo-wordpress\/ -->\n<title>Maison Alhambra Opulence Leather 100 ml Original - Oud d\u2019Or - L\u2019essence du pouvoir<\/title>\n<meta name=\"robots\" content=\"index, follow, max-snippet:-1, max-image-preview:large, max-video-preview:-1\" \/>\n<link rel=\"canonical\" href=\"https:\/\/ouddorperfumes.com\/index.php\/producto\/maison-alhambra-opulence-leather-100-ml-original\/\" \/>\n<meta property=\"og:locale\" content=\"es_ES\" \/>\n<meta property=\"og:type\" content=\"article\" \/>\n<meta property=\"og:title\" content=\"Maison Alhambra Opulence Leather 100 ml Original - Oud d\u2019Or - L\u2019essence du pouvoir\" \/>\n<meta property=\"og:description\" content=\"Opulence Leather de Maison Alhambra es una fragancia masculina que encarna la sofisticaci\u00f3n, el lujo y el car\u00e1cter. Dise\u00f1ada para hombres que aprecian los detalles refinados, esta fragancia ofrece una experiencia olfativa envolvente, ideal para destacar en cualquier ocasi\u00f3n. Inicialmente lanzado como Amber &amp; Leather, este Eau de Parfum pertenece a la familia olfativa Amaderada de Cuero y es considerado un clon formidable de Ombr\u00e9 Leather de Tom Ford, ofreciendo una alternativa de alta calidad y gran rendimiento.  Notas de la Fragancia    Nota de Salida: Cardamomo \u2013 Aporta una apertura especiada, vibrante y estimulante.    Notas de Coraz\u00f3n: Cuero, jazm\u00edn y \u00e1mbar \u2013 El cuero protagoniza el coraz\u00f3n de la fragancia, acompa\u00f1ado por el toque floral del jazm\u00edn y la calidez sensual del \u00e1mbar.    Notas de Fondo: Musgo y pachul\u00ed \u2013 A\u00f1aden una base amaderada y refrescante, dejando una estela rica y duradera.   \u2705 Pagos 100% Contraentrega. \u2705 Env\u00edo Gratis a toda Colombia. \u2705 Perfumes 100% Originales.\" \/>\n<meta property=\"og:url\" content=\"https:\/\/ouddorperfumes.com\/index.php\/producto\/maison-alhambra-opulence-leather-100-ml-original\/\" \/>\n<meta property=\"og:site_name\" content=\"Oud d\u2019Or - L\u2019essence du pouvoir\" \/>\n<meta property=\"article:modified_time\" content=\"2025-09-29T05:10:53+00:00\" \/>\n<meta property=\"og:image\" content=\"https:\/\/ouddorperfumes.com\/wp-content\/uploads\/2025\/09\/360-7.jpg\" \/>\n\t<meta property=\"og:image:width\" content=\"1654\" \/>\n\t<meta property=\"og:image:height\" content=\"1654\" \/>\n\t<meta property=\"og:image:type\" content=\"image\/jpeg\" \/>\n<meta name=\"twitter:card\" content=\"summary_large_image\" \/>\n<meta name=\"twitter:label1\" content=\"Tiempo de lectura\" \/>\n\t<meta name=\"twitter:data1\" content=\"1 minuto\" \/>\n<script type=\"application\/ld+json\" class=\"yoast-schema-graph\">{\"@context\":\"https:\\\/\\\/schema.org\",\"@graph\":[{\"@type\":\"WebPage\",\"@id\":\"https:\\\/\\\/ouddorperfumes.com\\\/index.php\\\/producto\\\/maison-alhambra-opulence-leather-100-ml-original\\\/\",\"url\":\"https:\\\/\\\/ouddorperfumes.com\\\/index.php\\\/producto\\\/maison-alhambra-opulence-leather-100-ml-original\\\/\",\"name\":\"Maison Alhambra Opulence Leather 100 ml Original - Oud d\u2019Or - L\u2019essence du pouvoir\",\"isPartOf\":{\"@id\":\"https:\\\/\\\/ouddorperfumes.com\\\/#website\"},\"primaryImageOfPage\":{\"@id\":\"https:\\\/\\\/ouddorperfumes.com\\\/index.php\\\/producto\\\/maison-alhambra-opulence-leather-100-ml-original\\\/#primaryimage\"},\"image\":{\"@id\":\"https:\\\/\\\/ouddorperfumes.com\\\/index.php\\\/producto\\\/maison-alhambra-opulence-leather-100-ml-original\\\/#primaryimage\"},\"thumbnailUrl\":\"https:\\\/\\\/ouddorperfumes.com\\\/wp-content\\\/uploads\\\/2025\\\/09\\\/360-7.jpg\",\"datePublished\":\"2025-09-28T04:36:44+00:00\",\"dateModified\":\"2025-09-29T05:10:53+00:00\",\"breadcrumb\":{\"@id\":\"https:\\\/\\\/ouddorperfumes.com\\\/index.php\\\/producto\\\/maison-alhambra-opulence-leather-100-ml-original\\\/#breadcrumb\"},\"inLanguage\":\"es\",\"potentialAction\":[{\"@type\":\"ReadAction\",\"target\":[\"https:\\\/\\\/ouddorperfumes.com\\\/index.php\\\/producto\\\/maison-alhambra-opulence-leather-100-ml-original\\\/\"]}]},{\"@type\":\"ImageObject\",\"inLanguage\":\"es\",\"@id\":\"https:\\\/\\\/ouddorperfumes.com\\\/index.php\\\/producto\\\/maison-alhambra-opulence-leather-100-ml-original\\\/#primaryimage\",\"url\":\"https:\\\/\\\/ouddorperfumes.com\\\/wp-content\\\/uploads\\\/2025\\\/09\\\/360-7.jpg\",\"contentUrl\":\"https:\\\/\\\/ouddorperfumes.com\\\/wp-content\\\/uploads\\\/2025\\\/09\\\/360-7.jpg\",\"width\":1654,\"height\":1654},{\"@type\":\"BreadcrumbList\",\"@id\":\"https:\\\/\\\/ouddorperfumes.com\\\/index.php\\\/producto\\\/maison-alhambra-opulence-leather-100-ml-original\\\/#breadcrumb\",\"itemListElement\":[{\"@type\":\"ListItem\",\"position\":1,\"name\":\"Portada\",\"item\":\"https:\\\/\\\/ouddorperfumes.com\\\/\"},{\"@type\":\"ListItem\",\"position\":2,\"name\":\"Todos los Perfumes\",\"item\":\"https:\\\/\\\/ouddorperfumes.com\\\/index.php\\\/todos-los-perfumes\\\/\"},{\"@type\":\"ListItem\",\"position\":3,\"name\":\"Maison Alhambra Opulence Leather 100 ml Original\"}]},{\"@type\":\"WebSite\",\"@id\":\"https:\\\/\\\/ouddorperfumes.com\\\/#website\",\"url\":\"https:\\\/\\\/ouddorperfumes.com\\\/\",\"name\":\"Oud d\u2019Or - L\u2019essence du pouvoir\",\"description\":\"Perfumes Arabes 100% Originales\",\"potentialAction\":[{\"@type\":\"SearchAction\",\"target\":{\"@type\":\"EntryPoint\",\"urlTemplate\":\"https:\\\/\\\/ouddorperfumes.com\\\/?s={search_term_string}\"},\"query-input\":{\"@type\":\"PropertyValueSpecification\",\"valueRequired\":true,\"valueName\":\"search_term_string\"}}],\"inLanguage\":\"es\"}]}<\/script>\n<!-- \/ Yoast SEO plugin. -->","yoast_head_json":{"title":"Maison Alhambra Opulence Leather 100 ml Original - Oud d\u2019Or - L\u2019essence du pouvoir","robots":{"index":"index","follow":"follow","max-snippet":"max-snippet:-1","max-image-preview":"max-image-preview:large","max-video-preview":"max-video-preview:-1"},"canonical":"https:\/\/ouddorperfumes.com\/index.php\/producto\/maison-alhambra-opulence-leather-100-ml-original\/","og_locale":"es_ES","og_type":"article","og_title":"Maison Alhambra Opulence Leather 100 ml Original - Oud d\u2019Or - L\u2019essence du pouvoir","og_description":"Opulence Leather de Maison Alhambra es una fragancia masculina que encarna la sofisticaci\u00f3n, el lujo y el car\u00e1cter. Dise\u00f1ada para hombres que aprecian los detalles refinados, esta fragancia ofrece una experiencia olfativa envolvente, ideal para destacar en cualquier ocasi\u00f3n. Inicialmente lanzado como Amber &amp; Leather, este Eau de Parfum pertenece a la familia olfativa Amaderada de Cuero y es considerado un clon formidable de Ombr\u00e9 Leather de Tom Ford, ofreciendo una alternativa de alta calidad y gran rendimiento.  Notas de la Fragancia    Nota de Salida: Cardamomo \u2013 Aporta una apertura especiada, vibrante y estimulante.    Notas de Coraz\u00f3n: Cuero, jazm\u00edn y \u00e1mbar \u2013 El cuero protagoniza el coraz\u00f3n de la fragancia, acompa\u00f1ado por el toque floral del jazm\u00edn y la calidez sensual del \u00e1mbar.    Notas de Fondo: Musgo y pachul\u00ed \u2013 A\u00f1aden una base amaderada y refrescante, dejando una estela rica y duradera.   \u2705 Pagos 100% Contraentrega. \u2705 Env\u00edo Gratis a toda Colombia. \u2705 Perfumes 100% Originales.","og_url":"https:\/\/ouddorperfumes.com\/index.php\/producto\/maison-alhambra-opulence-leather-100-ml-original\/","og_site_name":"Oud d\u2019Or - L\u2019essence du pouvoir","article_modified_time":"2025-09-29T05:10:53+00:00","og_image":[{"width":1654,"height":1654,"url":"https:\/\/ouddorperfumes.com\/wp-content\/uploads\/2025\/09\/360-7.jpg","type":"image\/jpeg"}],"twitter_card":"summary_large_image","twitter_misc":{"Tiempo de lectura":"1 minuto"},"schema":{"@context":"https:\/\/schema.org","@graph":[{"@type":"WebPage","@id":"https:\/\/ouddorperfumes.com\/index.php\/producto\/maison-alhambra-opulence-leather-100-ml-original\/","url":"https:\/\/ouddorperfumes.com\/index.php\/producto\/maison-alhambra-opulence-leather-100-ml-original\/","name":"Maison Alhambra Opulence Leather 100 ml Original - Oud d\u2019Or - L\u2019essence du pouvoir","isPartOf":{"@id":"https:\/\/ouddorperfumes.com\/#website"},"primaryImageOfPage":{"@id":"https:\/\/ouddorperfumes.com\/index.php\/producto\/maison-alhambra-opulence-leather-100-ml-original\/#primaryimage"},"image":{"@id":"https:\/\/ouddorperfumes.com\/index.php\/producto\/maison-alhambra-opulence-leather-100-ml-original\/#primaryimage"},"thumbnailUrl":"https:\/\/ouddorperfumes.com\/wp-content\/uploads\/2025\/09\/360-7.jpg","datePublished":"2025-09-28T04:36:44+00:00","dateModified":"2025-09-29T05:10:53+00:00","breadcrumb":{"@id":"https:\/\/ouddorperfumes.com\/index.php\/producto\/maison-alhambra-opulence-leather-100-ml-original\/#breadcrumb"},"inLanguage":"es","potentialAction":[{"@type":"ReadAction","target":["https:\/\/ouddorperfumes.com\/index.php\/producto\/maison-alhambra-opulence-leather-100-ml-original\/"]}]},{"@type":"ImageObject","inLanguage":"es","@id":"https:\/\/ouddorperfumes.com\/index.php\/producto\/maison-alhambra-opulence-leather-100-ml-original\/#primaryimage","url":"https:\/\/ouddorperfumes.com\/wp-content\/uploads\/2025\/09\/360-7.jpg","contentUrl":"https:\/\/ouddorperfumes.com\/wp-content\/uploads\/2025\/09\/360-7.jpg","width":1654,"height":1654},{"@type":"BreadcrumbList","@id":"https:\/\/ouddorperfumes.com\/index.php\/producto\/maison-alhambra-opulence-leather-100-ml-original\/#breadcrumb","itemListElement":[{"@type":"ListItem","position":1,"name":"Portada","item":"https:\/\/ouddorperfumes.com\/"},{"@type":"ListItem","position":2,"name":"Todos los Perfumes","item":"https:\/\/ouddorperfumes.com\/index.php\/todos-los-perfumes\/"},{"@type":"ListItem","position":3,"name":"Maison Alhambra Opulence Leather 100 ml Original"}]},{"@type":"WebSite","@id":"https:\/\/ouddorperfumes.com\/#website","url":"https:\/\/ouddorperfumes.com\/","name":"Oud d\u2019Or - L\u2019essence du pouvoir","description":"Perfumes Arabes 100% Originales","potentialAction":[{"@type":"SearchAction","target":{"@type":"EntryPoint","urlTemplate":"https:\/\/ouddorperfumes.com\/?s={search_term_string}"},"query-input":{"@type":"PropertyValueSpecification","valueRequired":true,"valueName":"search_term_string"}}],"inLanguage":"es"}]}},"_links":{"self":[{"href":"https:\/\/ouddorperfumes.com\/index.php\/wp-json\/wp\/v2\/product\/11471","targetHints":{"allow":["GET"]}}],"collection":[{"href":"https:\/\/ouddorperfumes.com\/index.php\/wp-json\/wp\/v2\/product"}],"about":[{"href":"https:\/\/ouddorperfumes.com\/index.php\/wp-json\/wp\/v2\/types\/product"}],"version-history":[{"count":2,"href":"https:\/\/ouddorperfumes.com\/index.php\/wp-json\/wp\/v2\/product\/11471\/revisions"}],"predecessor-version":[{"id":11541,"href":"https:\/\/ouddorperfumes.com\/index.php\/wp-json\/wp\/v2\/product\/11471\/revisions\/11541"}],"wp:featuredmedia":[{"embeddable":true,"href":"https:\/\/ouddorperfumes.com\/index.php\/wp-json\/wp\/v2\/media\/11496"}],"wp:attachment":[{"href":"https:\/\/ouddorperfumes.com\/index.php\/wp-json\/wp\/v2\/media?parent=11471"}],"wp:term":[{"taxonomy":"product_brand","embeddable":true,"href":"https:\/\/ouddorperfumes.com\/index.php\/wp-json\/wp\/v2\/product_brand?post=11471"},{"taxonomy":"product_cat","embeddable":true,"href":"https:\/\/ouddorperfumes.com\/index.php\/wp-json\/wp\/v2\/product_cat?post=11471"},{"taxonomy":"product_tag","embeddable":true,"href":"https:\/\/ouddorperfumes.com\/index.php\/wp-json\/wp\/v2\/product_tag?post=11471"}],"curies":[{"name":"wp","href":"https:\/\/api.w.org\/{rel}","templated":true}]}}