{"id":11472,"date":"2025-09-27T23:37:07","date_gmt":"2025-09-28T04:37:07","guid":{"rendered":"https:\/\/ouddorperfumes.com\/index.php\/producto\/calvin-klein-beauty-sheer-x-100-ml-origi\/"},"modified":"2025-09-28T23:48:33","modified_gmt":"2025-09-29T04:48:33","slug":"calvin-klein-beauty-sheer-100-ml-original","status":"publish","type":"product","link":"https:\/\/ouddorperfumes.com\/index.php\/producto\/calvin-klein-beauty-sheer-100-ml-original\/","title":{"rendered":"Calvin Klein Beauty Sheer 100 ml Original"},"content":{"rendered":"<p>La belleza natural nunca pasa de moda. El eau de toilette para mujer Calvin Klein Sheer Beauty resaltar\u00e1 maravillosamente tu encanto y fascinar\u00e1 a los que te rodean. Descubre t\u00fa tambi\u00e9n la magia de la elegancia atemporal.<\/p>\n<ul>\n<li>chispeante fragancia floral-frutal<\/li>\n<li>para mujeres j\u00f3venes y elegantes<\/li>\n<li>ideal para llevar a diario en los meses c\u00e1lidos<\/li>\n<\/ul>\n<p><strong>Composici\u00f3n de la fragancia<\/strong><\/p>\n<p>Desde el principio te refrescar\u00e1 la combinaci\u00f3n de jugosa bergamota y frutos rojos del bosque, a los que una copa helada de delicioso c\u00f3ctel de melocot\u00f3n Bellini aporta una sensualidad femenina. Tras unos breves instantes, surgen los acordes de la encantadora peon\u00eda, las delicadas azucenas y el enigm\u00e1tico jazm\u00edn. A continuaci\u00f3n, se extiende sobre tu piel la intensa e irresistible combinaci\u00f3n de sensual almizcle, dulce vainilla y c\u00e1lida madera de s\u00e1ndalo.<\/p>\n<p><strong>Historia de la fragancia<\/strong><\/p>\n<p>La fragancia para mujer Calvin Klein Sheer Beauty es una versi\u00f3n m\u00e1s ligera de la sofisticada fragancia Beauty del a\u00f1o 2010. Est\u00e1 dirigida principalmente a las mujeres j\u00f3venes y a su naturalidad. El propio frasco de color rosa rinde homenaje a la gracia, la delicadeza y la elegancia femeninas. Este eau de toilette vio la luz en el a\u00f1o 2012.<\/p>\n","protected":false},"excerpt":{"rendered":"<p>La belleza natural nunca pasa de moda. El eau de toilette para mujer Calvin Klein Sheer Beauty resaltar\u00e1 maravillosamente tu encanto y fascinar\u00e1 a los que te rodean. Descubre t\u00fa tambi\u00e9n la magia de la elegancia atemporal.<\/p>\n<ul>\n<li>chispeante fragancia floral-frutal<\/li>\n<li>para mujeres j\u00f3venes y elegantes<\/li>\n<li>ideal para llevar a diario en los meses c\u00e1lidos<\/li>\n<\/ul>\n<p><strong>Composici\u00f3n de la fragancia<\/strong><\/p>\n<p>Desde el principio te refrescar\u00e1 la combinaci\u00f3n de jugosa bergamota y frutos rojos del bosque, a los que una copa helada de delicioso c\u00f3ctel de melocot\u00f3n Bellini aporta una sensualidad femenina. Tras unos breves instantes, surgen los acordes de la encantadora peon\u00eda, las delicadas azucenas y el enigm\u00e1tico jazm\u00edn. A continuaci\u00f3n, se extiende sobre tu piel la intensa e irresistible combinaci\u00f3n de sensual almizcle, dulce vainilla y c\u00e1lida madera de s\u00e1ndalo.<\/p>\n<p><strong>Historia de la fragancia<\/strong><\/p>\n<p>La fragancia para mujer Calvin Klein Sheer Beauty es una versi\u00f3n m\u00e1s ligera de la sofisticada fragancia Beauty del a\u00f1o 2010. Est\u00e1 dirigida principalmente a las mujeres j\u00f3venes y a su naturalidad. El propio frasco de color rosa rinde homenaje a la gracia, la delicadeza y la elegancia femeninas. Este eau de toilette vio la luz en el a\u00f1o 2012.<\/p>\n<p><span style=\"color: #ff4400;\"><strong>\u2705 <span style=\"color: #d9a569;\">Pagos 100% Contraentrega.<\/span><\/strong><\/span><br \/>\n<span style=\"color: #ff4400;\"><strong>\u2705 <span style=\"color: #d9a569;\">Env\u00edo Gratis a toda Colombia.<\/span><\/strong><\/span><br \/>\n<span style=\"color: #ff4400;\"><strong>\u2705 <span style=\"color: #d9a569;\">Perfumes 100% Originales.<\/span><\/strong><\/span><\/p>\n","protected":false},"featured_media":11539,"template":"","meta":[],"product_brand":[],"product_cat":[191,198,168],"product_tag":[],"class_list":{"0":"post-11472","1":"product","2":"type-product","3":"status-publish","4":"has-post-thumbnail","6":"product_cat-calvin-klein","7":"product_cat-disenador","8":"product_cat-mujer","10":"first","11":"instock","12":"sale","13":"shipping-taxable","14":"purchasable","15":"product-type-simple"},"yoast_head":"<!-- This site is optimized with the Yoast SEO plugin v27.3 - https:\/\/yoast.com\/product\/yoast-seo-wordpress\/ -->\n<title>Calvin Klein Beauty Sheer 100 ml Original - Oud d\u2019Or - L\u2019essence du pouvoir<\/title>\n<meta name=\"robots\" content=\"index, follow, max-snippet:-1, max-image-preview:large, max-video-preview:-1\" \/>\n<link rel=\"canonical\" href=\"https:\/\/ouddorperfumes.com\/index.php\/producto\/calvin-klein-beauty-sheer-100-ml-original\/\" \/>\n<meta property=\"og:locale\" content=\"es_ES\" \/>\n<meta property=\"og:type\" content=\"article\" \/>\n<meta property=\"og:title\" content=\"Calvin Klein Beauty Sheer 100 ml Original - Oud d\u2019Or - L\u2019essence du pouvoir\" \/>\n<meta property=\"og:description\" content=\"La belleza natural nunca pasa de moda. El eau de toilette para mujer Calvin Klein Sheer Beauty resaltar\u00e1 maravillosamente tu encanto y fascinar\u00e1 a los que te rodean. Descubre t\u00fa tambi\u00e9n la magia de la elegancia atemporal.   chispeante fragancia floral-frutal  para mujeres j\u00f3venes y elegantes  ideal para llevar a diario en los meses c\u00e1lidos  Composici\u00f3n de la fragancia  Desde el principio te refrescar\u00e1 la combinaci\u00f3n de jugosa bergamota y frutos rojos del bosque, a los que una copa helada de delicioso c\u00f3ctel de melocot\u00f3n Bellini aporta una sensualidad femenina. Tras unos breves instantes, surgen los acordes de la encantadora peon\u00eda, las delicadas azucenas y el enigm\u00e1tico jazm\u00edn. A continuaci\u00f3n, se extiende sobre tu piel la intensa e irresistible combinaci\u00f3n de sensual almizcle, dulce vainilla y c\u00e1lida madera de s\u00e1ndalo.  Historia de la fragancia  La fragancia para mujer Calvin Klein Sheer Beauty es una versi\u00f3n m\u00e1s ligera de la sofisticada fragancia Beauty del a\u00f1o 2010. Est\u00e1 dirigida principalmente a las mujeres j\u00f3venes y a su naturalidad. El propio frasco de color rosa rinde homenaje a la gracia, la delicadeza y la elegancia femeninas. Este eau de toilette vio la luz en el a\u00f1o 2012.  \u2705 Pagos 100% Contraentrega. \u2705 Env\u00edo Gratis a toda Colombia. \u2705 Perfumes 100% Originales.\" \/>\n<meta property=\"og:url\" content=\"https:\/\/ouddorperfumes.com\/index.php\/producto\/calvin-klein-beauty-sheer-100-ml-original\/\" \/>\n<meta property=\"og:site_name\" content=\"Oud d\u2019Or - L\u2019essence du pouvoir\" \/>\n<meta property=\"article:modified_time\" content=\"2025-09-29T04:48:33+00:00\" \/>\n<meta property=\"og:image\" content=\"https:\/\/ouddorperfumes.com\/wp-content\/uploads\/2025\/09\/360-29.jpg\" \/>\n\t<meta property=\"og:image:width\" content=\"1654\" \/>\n\t<meta property=\"og:image:height\" content=\"1654\" \/>\n\t<meta property=\"og:image:type\" content=\"image\/jpeg\" \/>\n<meta name=\"twitter:card\" content=\"summary_large_image\" \/>\n<meta name=\"twitter:label1\" content=\"Tiempo de lectura\" \/>\n\t<meta name=\"twitter:data1\" content=\"2 minutos\" \/>\n<script type=\"application\/ld+json\" class=\"yoast-schema-graph\">{\"@context\":\"https:\\\/\\\/schema.org\",\"@graph\":[{\"@type\":\"WebPage\",\"@id\":\"https:\\\/\\\/ouddorperfumes.com\\\/index.php\\\/producto\\\/calvin-klein-beauty-sheer-100-ml-original\\\/\",\"url\":\"https:\\\/\\\/ouddorperfumes.com\\\/index.php\\\/producto\\\/calvin-klein-beauty-sheer-100-ml-original\\\/\",\"name\":\"Calvin Klein Beauty Sheer 100 ml Original - Oud d\u2019Or - L\u2019essence du pouvoir\",\"isPartOf\":{\"@id\":\"https:\\\/\\\/ouddorperfumes.com\\\/#website\"},\"primaryImageOfPage\":{\"@id\":\"https:\\\/\\\/ouddorperfumes.com\\\/index.php\\\/producto\\\/calvin-klein-beauty-sheer-100-ml-original\\\/#primaryimage\"},\"image\":{\"@id\":\"https:\\\/\\\/ouddorperfumes.com\\\/index.php\\\/producto\\\/calvin-klein-beauty-sheer-100-ml-original\\\/#primaryimage\"},\"thumbnailUrl\":\"https:\\\/\\\/ouddorperfumes.com\\\/wp-content\\\/uploads\\\/2025\\\/09\\\/360-29.jpg\",\"datePublished\":\"2025-09-28T04:37:07+00:00\",\"dateModified\":\"2025-09-29T04:48:33+00:00\",\"breadcrumb\":{\"@id\":\"https:\\\/\\\/ouddorperfumes.com\\\/index.php\\\/producto\\\/calvin-klein-beauty-sheer-100-ml-original\\\/#breadcrumb\"},\"inLanguage\":\"es\",\"potentialAction\":[{\"@type\":\"ReadAction\",\"target\":[\"https:\\\/\\\/ouddorperfumes.com\\\/index.php\\\/producto\\\/calvin-klein-beauty-sheer-100-ml-original\\\/\"]}]},{\"@type\":\"ImageObject\",\"inLanguage\":\"es\",\"@id\":\"https:\\\/\\\/ouddorperfumes.com\\\/index.php\\\/producto\\\/calvin-klein-beauty-sheer-100-ml-original\\\/#primaryimage\",\"url\":\"https:\\\/\\\/ouddorperfumes.com\\\/wp-content\\\/uploads\\\/2025\\\/09\\\/360-29.jpg\",\"contentUrl\":\"https:\\\/\\\/ouddorperfumes.com\\\/wp-content\\\/uploads\\\/2025\\\/09\\\/360-29.jpg\",\"width\":1654,\"height\":1654},{\"@type\":\"BreadcrumbList\",\"@id\":\"https:\\\/\\\/ouddorperfumes.com\\\/index.php\\\/producto\\\/calvin-klein-beauty-sheer-100-ml-original\\\/#breadcrumb\",\"itemListElement\":[{\"@type\":\"ListItem\",\"position\":1,\"name\":\"Portada\",\"item\":\"https:\\\/\\\/ouddorperfumes.com\\\/\"},{\"@type\":\"ListItem\",\"position\":2,\"name\":\"Todos los Perfumes\",\"item\":\"https:\\\/\\\/ouddorperfumes.com\\\/index.php\\\/todos-los-perfumes\\\/\"},{\"@type\":\"ListItem\",\"position\":3,\"name\":\"Calvin Klein Beauty Sheer 100 ml Original\"}]},{\"@type\":\"WebSite\",\"@id\":\"https:\\\/\\\/ouddorperfumes.com\\\/#website\",\"url\":\"https:\\\/\\\/ouddorperfumes.com\\\/\",\"name\":\"Oud d\u2019Or - L\u2019essence du pouvoir\",\"description\":\"Perfumes Arabes 100% Originales\",\"potentialAction\":[{\"@type\":\"SearchAction\",\"target\":{\"@type\":\"EntryPoint\",\"urlTemplate\":\"https:\\\/\\\/ouddorperfumes.com\\\/?s={search_term_string}\"},\"query-input\":{\"@type\":\"PropertyValueSpecification\",\"valueRequired\":true,\"valueName\":\"search_term_string\"}}],\"inLanguage\":\"es\"}]}<\/script>\n<!-- \/ Yoast SEO plugin. -->","yoast_head_json":{"title":"Calvin Klein Beauty Sheer 100 ml Original - Oud d\u2019Or - L\u2019essence du pouvoir","robots":{"index":"index","follow":"follow","max-snippet":"max-snippet:-1","max-image-preview":"max-image-preview:large","max-video-preview":"max-video-preview:-1"},"canonical":"https:\/\/ouddorperfumes.com\/index.php\/producto\/calvin-klein-beauty-sheer-100-ml-original\/","og_locale":"es_ES","og_type":"article","og_title":"Calvin Klein Beauty Sheer 100 ml Original - Oud d\u2019Or - L\u2019essence du pouvoir","og_description":"La belleza natural nunca pasa de moda. El eau de toilette para mujer Calvin Klein Sheer Beauty resaltar\u00e1 maravillosamente tu encanto y fascinar\u00e1 a los que te rodean. Descubre t\u00fa tambi\u00e9n la magia de la elegancia atemporal.   chispeante fragancia floral-frutal  para mujeres j\u00f3venes y elegantes  ideal para llevar a diario en los meses c\u00e1lidos  Composici\u00f3n de la fragancia  Desde el principio te refrescar\u00e1 la combinaci\u00f3n de jugosa bergamota y frutos rojos del bosque, a los que una copa helada de delicioso c\u00f3ctel de melocot\u00f3n Bellini aporta una sensualidad femenina. Tras unos breves instantes, surgen los acordes de la encantadora peon\u00eda, las delicadas azucenas y el enigm\u00e1tico jazm\u00edn. A continuaci\u00f3n, se extiende sobre tu piel la intensa e irresistible combinaci\u00f3n de sensual almizcle, dulce vainilla y c\u00e1lida madera de s\u00e1ndalo.  Historia de la fragancia  La fragancia para mujer Calvin Klein Sheer Beauty es una versi\u00f3n m\u00e1s ligera de la sofisticada fragancia Beauty del a\u00f1o 2010. Est\u00e1 dirigida principalmente a las mujeres j\u00f3venes y a su naturalidad. El propio frasco de color rosa rinde homenaje a la gracia, la delicadeza y la elegancia femeninas. Este eau de toilette vio la luz en el a\u00f1o 2012.  \u2705 Pagos 100% Contraentrega. \u2705 Env\u00edo Gratis a toda Colombia. \u2705 Perfumes 100% Originales.","og_url":"https:\/\/ouddorperfumes.com\/index.php\/producto\/calvin-klein-beauty-sheer-100-ml-original\/","og_site_name":"Oud d\u2019Or - L\u2019essence du pouvoir","article_modified_time":"2025-09-29T04:48:33+00:00","og_image":[{"width":1654,"height":1654,"url":"https:\/\/ouddorperfumes.com\/wp-content\/uploads\/2025\/09\/360-29.jpg","type":"image\/jpeg"}],"twitter_card":"summary_large_image","twitter_misc":{"Tiempo de lectura":"2 minutos"},"schema":{"@context":"https:\/\/schema.org","@graph":[{"@type":"WebPage","@id":"https:\/\/ouddorperfumes.com\/index.php\/producto\/calvin-klein-beauty-sheer-100-ml-original\/","url":"https:\/\/ouddorperfumes.com\/index.php\/producto\/calvin-klein-beauty-sheer-100-ml-original\/","name":"Calvin Klein Beauty Sheer 100 ml Original - Oud d\u2019Or - L\u2019essence du pouvoir","isPartOf":{"@id":"https:\/\/ouddorperfumes.com\/#website"},"primaryImageOfPage":{"@id":"https:\/\/ouddorperfumes.com\/index.php\/producto\/calvin-klein-beauty-sheer-100-ml-original\/#primaryimage"},"image":{"@id":"https:\/\/ouddorperfumes.com\/index.php\/producto\/calvin-klein-beauty-sheer-100-ml-original\/#primaryimage"},"thumbnailUrl":"https:\/\/ouddorperfumes.com\/wp-content\/uploads\/2025\/09\/360-29.jpg","datePublished":"2025-09-28T04:37:07+00:00","dateModified":"2025-09-29T04:48:33+00:00","breadcrumb":{"@id":"https:\/\/ouddorperfumes.com\/index.php\/producto\/calvin-klein-beauty-sheer-100-ml-original\/#breadcrumb"},"inLanguage":"es","potentialAction":[{"@type":"ReadAction","target":["https:\/\/ouddorperfumes.com\/index.php\/producto\/calvin-klein-beauty-sheer-100-ml-original\/"]}]},{"@type":"ImageObject","inLanguage":"es","@id":"https:\/\/ouddorperfumes.com\/index.php\/producto\/calvin-klein-beauty-sheer-100-ml-original\/#primaryimage","url":"https:\/\/ouddorperfumes.com\/wp-content\/uploads\/2025\/09\/360-29.jpg","contentUrl":"https:\/\/ouddorperfumes.com\/wp-content\/uploads\/2025\/09\/360-29.jpg","width":1654,"height":1654},{"@type":"BreadcrumbList","@id":"https:\/\/ouddorperfumes.com\/index.php\/producto\/calvin-klein-beauty-sheer-100-ml-original\/#breadcrumb","itemListElement":[{"@type":"ListItem","position":1,"name":"Portada","item":"https:\/\/ouddorperfumes.com\/"},{"@type":"ListItem","position":2,"name":"Todos los Perfumes","item":"https:\/\/ouddorperfumes.com\/index.php\/todos-los-perfumes\/"},{"@type":"ListItem","position":3,"name":"Calvin Klein Beauty Sheer 100 ml Original"}]},{"@type":"WebSite","@id":"https:\/\/ouddorperfumes.com\/#website","url":"https:\/\/ouddorperfumes.com\/","name":"Oud d\u2019Or - L\u2019essence du pouvoir","description":"Perfumes Arabes 100% Originales","potentialAction":[{"@type":"SearchAction","target":{"@type":"EntryPoint","urlTemplate":"https:\/\/ouddorperfumes.com\/?s={search_term_string}"},"query-input":{"@type":"PropertyValueSpecification","valueRequired":true,"valueName":"search_term_string"}}],"inLanguage":"es"}]}},"_links":{"self":[{"href":"https:\/\/ouddorperfumes.com\/index.php\/wp-json\/wp\/v2\/product\/11472","targetHints":{"allow":["GET"]}}],"collection":[{"href":"https:\/\/ouddorperfumes.com\/index.php\/wp-json\/wp\/v2\/product"}],"about":[{"href":"https:\/\/ouddorperfumes.com\/index.php\/wp-json\/wp\/v2\/types\/product"}],"version-history":[{"count":2,"href":"https:\/\/ouddorperfumes.com\/index.php\/wp-json\/wp\/v2\/product\/11472\/revisions"}],"predecessor-version":[{"id":11538,"href":"https:\/\/ouddorperfumes.com\/index.php\/wp-json\/wp\/v2\/product\/11472\/revisions\/11538"}],"wp:featuredmedia":[{"embeddable":true,"href":"https:\/\/ouddorperfumes.com\/index.php\/wp-json\/wp\/v2\/media\/11539"}],"wp:attachment":[{"href":"https:\/\/ouddorperfumes.com\/index.php\/wp-json\/wp\/v2\/media?parent=11472"}],"wp:term":[{"taxonomy":"product_brand","embeddable":true,"href":"https:\/\/ouddorperfumes.com\/index.php\/wp-json\/wp\/v2\/product_brand?post=11472"},{"taxonomy":"product_cat","embeddable":true,"href":"https:\/\/ouddorperfumes.com\/index.php\/wp-json\/wp\/v2\/product_cat?post=11472"},{"taxonomy":"product_tag","embeddable":true,"href":"https:\/\/ouddorperfumes.com\/index.php\/wp-json\/wp\/v2\/product_tag?post=11472"}],"curies":[{"name":"wp","href":"https:\/\/api.w.org\/{rel}","templated":true}]}}