{"id":11475,"date":"2025-09-27T23:38:41","date_gmt":"2025-09-28T04:38:41","guid":{"rendered":"https:\/\/ouddorperfumes.com\/index.php\/producto\/armaf-eter-desert-flower-x-100-ml-origin\/"},"modified":"2025-09-28T21:02:06","modified_gmt":"2025-09-29T02:02:06","slug":"armaf-eter-desert-flower-100-ml-original","status":"publish","type":"product","link":"https:\/\/ouddorperfumes.com\/index.php\/producto\/armaf-eter-desert-flower-100-ml-original\/","title":{"rendered":"Armaf Eter Desert Flower 100 ml Original"},"content":{"rendered":"<p data-start=\"133\" data-end=\"397\"><strong data-start=\"133\" data-end=\"161\">Armaf \u00c9ter Desert Flower<\/strong> es una fragancia unisex que pertenece a la familia olfativa Almizcle Floral Amaderado. Lanzada en 2024, esta fragancia se destaca por su composici\u00f3n equilibrada y sofisticada, ideal para quienes buscan un aroma distintivo y envolvente.<\/p>\n<h3 data-start=\"399\" data-end=\"424\">Notas de la Fragancia<\/h3>\n<ul data-start=\"426\" data-end=\"731\">\n<li data-start=\"426\" data-end=\"503\">\n<p data-start=\"428\" data-end=\"503\"><strong data-start=\"428\" data-end=\"447\">Nota de Salida:<\/strong> Jazm\u00edn, que proporciona una apertura fresca y floral.<\/p>\n<\/li>\n<li data-start=\"504\" data-end=\"605\">\n<p data-start=\"506\" data-end=\"605\"><strong data-start=\"506\" data-end=\"527\">Notas de Coraz\u00f3n:<\/strong> Jazm\u00edn, cuero y notas dulces, que a\u00f1aden profundidad y un toque de calidez.<\/p>\n<\/li>\n<li data-start=\"606\" data-end=\"731\">\n<p data-start=\"608\" data-end=\"731\"><strong data-start=\"608\" data-end=\"627\">Notas de Fondo:<\/strong> Pachul\u00ed y almizcle, que ofrecen una base terrosa y sensual, garantizando una larga duraci\u00f3n en la piel.<\/p>\n<\/li>\n<\/ul>\n<h3 data-start=\"733\" data-end=\"752\">Caracter\u00edsticas<\/h3>\n<ul data-start=\"754\" data-end=\"833\">\n<li data-start=\"754\" data-end=\"781\">\n<p data-start=\"756\" data-end=\"781\"><strong data-start=\"756\" data-end=\"765\">Tipo:<\/strong> Eau de Parfum<\/p>\n<\/li>\n<li data-start=\"782\" data-end=\"804\">\n<p data-start=\"784\" data-end=\"804\"><strong data-start=\"784\" data-end=\"795\">G\u00e9nero:<\/strong> Unisex<\/p>\n<\/li>\n<li data-start=\"805\" data-end=\"833\">\n<p data-start=\"807\" data-end=\"833\"><strong data-start=\"807\" data-end=\"824\">Presentaci\u00f3n:<\/strong> 100 ml<\/p>\n<\/li>\n<\/ul>\n<p data-start=\"835\" data-end=\"1008\">Armaf \u00c9ter Desert Flower es perfecto para cualquier ocasi\u00f3n, ya sea un evento especial o uso diario, brindando una experiencia olfativa que combina frescura y sofisticaci\u00f3n.<\/p>\n","protected":false},"excerpt":{"rendered":"<p data-start=\"133\" data-end=\"397\"><strong data-start=\"133\" data-end=\"161\">Armaf \u00c9ter Desert Flower<\/strong> es una fragancia unisex que pertenece a la familia olfativa Almizcle Floral Amaderado. Lanzada en 2024, esta fragancia se destaca por su composici\u00f3n equilibrada y sofisticada, ideal para quienes buscan un aroma distintivo y envolvente.<\/p>\n<h3 data-start=\"399\" data-end=\"424\">Notas de la Fragancia<\/h3>\n<ul data-start=\"426\" data-end=\"731\">\n<li data-start=\"426\" data-end=\"503\">\n<p data-start=\"428\" data-end=\"503\"><strong data-start=\"428\" data-end=\"447\">Nota de Salida:<\/strong> Jazm\u00edn, que proporciona una apertura fresca y floral.<\/p>\n<\/li>\n<li data-start=\"504\" data-end=\"605\">\n<p data-start=\"506\" data-end=\"605\"><strong data-start=\"506\" data-end=\"527\">Notas de Coraz\u00f3n:<\/strong> Jazm\u00edn, cuero y notas dulces, que a\u00f1aden profundidad y un toque de calidez.<\/p>\n<\/li>\n<li data-start=\"606\" data-end=\"731\">\n<p data-start=\"608\" data-end=\"731\"><strong data-start=\"608\" data-end=\"627\">Notas de Fondo:<\/strong> Pachul\u00ed y almizcle, que ofrecen una base terrosa y sensual, garantizando una larga duraci\u00f3n en la piel.<\/p>\n<\/li>\n<\/ul>\n<h3 data-start=\"733\" data-end=\"752\">Caracter\u00edsticas<\/h3>\n<ul data-start=\"754\" data-end=\"833\">\n<li data-start=\"754\" data-end=\"781\">\n<p data-start=\"756\" data-end=\"781\"><strong data-start=\"756\" data-end=\"765\">Tipo:<\/strong> Eau de Parfum<\/p>\n<\/li>\n<li data-start=\"782\" data-end=\"804\">\n<p data-start=\"784\" data-end=\"804\"><strong data-start=\"784\" data-end=\"795\">G\u00e9nero:<\/strong> Unisex<\/p>\n<\/li>\n<li data-start=\"805\" data-end=\"833\">\n<p data-start=\"807\" data-end=\"833\"><strong data-start=\"807\" data-end=\"824\">Presentaci\u00f3n:<\/strong> 100 ml<\/p>\n<\/li>\n<\/ul>\n<p data-start=\"835\" data-end=\"1008\">Armaf \u00c9ter Desert Flower es perfecto para cualquier ocasi\u00f3n, ya sea un evento especial o uso diario, brindando una experiencia olfativa que combina frescura y sofisticaci\u00f3n.<\/p>\n<p data-start=\"835\" data-end=\"1008\"><span style=\"color: #ff4400;\"><strong>\u2705 <span style=\"color: #d9a569;\">Pagos 100% Contraentrega.<\/span><\/strong><\/span><br \/>\n<span style=\"color: #ff4400;\"><strong>\u2705 <span style=\"color: #d9a569;\">Env\u00edo Gratis a toda Colombia.<\/span><\/strong><\/span><br \/>\n<span style=\"color: #ff4400;\"><strong>\u2705 <span style=\"color: #d9a569;\">Perfumes 100% Originales.<\/span><\/strong><\/span><\/p>\n","protected":false},"featured_media":11504,"template":"","meta":[],"product_brand":[],"product_cat":[178,169,168,177,170],"product_tag":[],"class_list":{"0":"post-11475","1":"product","2":"type-product","3":"status-publish","4":"has-post-thumbnail","6":"product_cat-armaf","7":"product_cat-hombre","8":"product_cat-mujer","9":"product_cat-perfumes-arabes","10":"product_cat-unisex","12":"first","13":"instock","14":"sale","15":"shipping-taxable","16":"purchasable","17":"product-type-simple"},"yoast_head":"<!-- This site is optimized with the Yoast SEO plugin v27.3 - https:\/\/yoast.com\/product\/yoast-seo-wordpress\/ -->\n<title>Armaf Eter Desert Flower 100 ml Original - Oud d\u2019Or - L\u2019essence du pouvoir<\/title>\n<meta name=\"robots\" content=\"index, follow, max-snippet:-1, max-image-preview:large, max-video-preview:-1\" \/>\n<link rel=\"canonical\" href=\"https:\/\/ouddorperfumes.com\/index.php\/producto\/armaf-eter-desert-flower-100-ml-original\/\" \/>\n<meta property=\"og:locale\" content=\"es_ES\" \/>\n<meta property=\"og:type\" content=\"article\" \/>\n<meta property=\"og:title\" content=\"Armaf Eter Desert Flower 100 ml Original - Oud d\u2019Or - L\u2019essence du pouvoir\" \/>\n<meta property=\"og:description\" content=\"Armaf \u00c9ter Desert Flower es una fragancia unisex que pertenece a la familia olfativa Almizcle Floral Amaderado. Lanzada en 2024, esta fragancia se destaca por su composici\u00f3n equilibrada y sofisticada, ideal para quienes buscan un aroma distintivo y envolvente.  Notas de la Fragancia    Nota de Salida: Jazm\u00edn, que proporciona una apertura fresca y floral.    Notas de Coraz\u00f3n: Jazm\u00edn, cuero y notas dulces, que a\u00f1aden profundidad y un toque de calidez.    Notas de Fondo: Pachul\u00ed y almizcle, que ofrecen una base terrosa y sensual, garantizando una larga duraci\u00f3n en la piel.   Caracter\u00edsticas    Tipo: Eau de Parfum    G\u00e9nero: Unisex    Presentaci\u00f3n: 100 ml   Armaf \u00c9ter Desert Flower es perfecto para cualquier ocasi\u00f3n, ya sea un evento especial o uso diario, brindando una experiencia olfativa que combina frescura y sofisticaci\u00f3n. \u2705 Pagos 100% Contraentrega. \u2705 Env\u00edo Gratis a toda Colombia. \u2705 Perfumes 100% Originales.\" \/>\n<meta property=\"og:url\" content=\"https:\/\/ouddorperfumes.com\/index.php\/producto\/armaf-eter-desert-flower-100-ml-original\/\" \/>\n<meta property=\"og:site_name\" content=\"Oud d\u2019Or - L\u2019essence du pouvoir\" \/>\n<meta property=\"article:modified_time\" content=\"2025-09-29T02:02:06+00:00\" \/>\n<meta property=\"og:image\" content=\"https:\/\/ouddorperfumes.com\/wp-content\/uploads\/2025\/09\/360-15.jpg\" \/>\n\t<meta property=\"og:image:width\" content=\"1654\" \/>\n\t<meta property=\"og:image:height\" content=\"1654\" \/>\n\t<meta property=\"og:image:type\" content=\"image\/jpeg\" \/>\n<meta name=\"twitter:card\" content=\"summary_large_image\" \/>\n<meta name=\"twitter:label1\" content=\"Tiempo de lectura\" \/>\n\t<meta name=\"twitter:data1\" content=\"1 minuto\" \/>\n<script type=\"application\/ld+json\" class=\"yoast-schema-graph\">{\"@context\":\"https:\\\/\\\/schema.org\",\"@graph\":[{\"@type\":\"WebPage\",\"@id\":\"https:\\\/\\\/ouddorperfumes.com\\\/index.php\\\/producto\\\/armaf-eter-desert-flower-100-ml-original\\\/\",\"url\":\"https:\\\/\\\/ouddorperfumes.com\\\/index.php\\\/producto\\\/armaf-eter-desert-flower-100-ml-original\\\/\",\"name\":\"Armaf Eter Desert Flower 100 ml Original - Oud d\u2019Or - L\u2019essence du pouvoir\",\"isPartOf\":{\"@id\":\"https:\\\/\\\/ouddorperfumes.com\\\/#website\"},\"primaryImageOfPage\":{\"@id\":\"https:\\\/\\\/ouddorperfumes.com\\\/index.php\\\/producto\\\/armaf-eter-desert-flower-100-ml-original\\\/#primaryimage\"},\"image\":{\"@id\":\"https:\\\/\\\/ouddorperfumes.com\\\/index.php\\\/producto\\\/armaf-eter-desert-flower-100-ml-original\\\/#primaryimage\"},\"thumbnailUrl\":\"https:\\\/\\\/ouddorperfumes.com\\\/wp-content\\\/uploads\\\/2025\\\/09\\\/360-15.jpg\",\"datePublished\":\"2025-09-28T04:38:41+00:00\",\"dateModified\":\"2025-09-29T02:02:06+00:00\",\"breadcrumb\":{\"@id\":\"https:\\\/\\\/ouddorperfumes.com\\\/index.php\\\/producto\\\/armaf-eter-desert-flower-100-ml-original\\\/#breadcrumb\"},\"inLanguage\":\"es\",\"potentialAction\":[{\"@type\":\"ReadAction\",\"target\":[\"https:\\\/\\\/ouddorperfumes.com\\\/index.php\\\/producto\\\/armaf-eter-desert-flower-100-ml-original\\\/\"]}]},{\"@type\":\"ImageObject\",\"inLanguage\":\"es\",\"@id\":\"https:\\\/\\\/ouddorperfumes.com\\\/index.php\\\/producto\\\/armaf-eter-desert-flower-100-ml-original\\\/#primaryimage\",\"url\":\"https:\\\/\\\/ouddorperfumes.com\\\/wp-content\\\/uploads\\\/2025\\\/09\\\/360-15.jpg\",\"contentUrl\":\"https:\\\/\\\/ouddorperfumes.com\\\/wp-content\\\/uploads\\\/2025\\\/09\\\/360-15.jpg\",\"width\":1654,\"height\":1654},{\"@type\":\"BreadcrumbList\",\"@id\":\"https:\\\/\\\/ouddorperfumes.com\\\/index.php\\\/producto\\\/armaf-eter-desert-flower-100-ml-original\\\/#breadcrumb\",\"itemListElement\":[{\"@type\":\"ListItem\",\"position\":1,\"name\":\"Portada\",\"item\":\"https:\\\/\\\/ouddorperfumes.com\\\/\"},{\"@type\":\"ListItem\",\"position\":2,\"name\":\"Todos los Perfumes\",\"item\":\"https:\\\/\\\/ouddorperfumes.com\\\/index.php\\\/todos-los-perfumes\\\/\"},{\"@type\":\"ListItem\",\"position\":3,\"name\":\"Armaf Eter Desert Flower 100 ml Original\"}]},{\"@type\":\"WebSite\",\"@id\":\"https:\\\/\\\/ouddorperfumes.com\\\/#website\",\"url\":\"https:\\\/\\\/ouddorperfumes.com\\\/\",\"name\":\"Oud d\u2019Or - L\u2019essence du pouvoir\",\"description\":\"Perfumes Arabes 100% Originales\",\"potentialAction\":[{\"@type\":\"SearchAction\",\"target\":{\"@type\":\"EntryPoint\",\"urlTemplate\":\"https:\\\/\\\/ouddorperfumes.com\\\/?s={search_term_string}\"},\"query-input\":{\"@type\":\"PropertyValueSpecification\",\"valueRequired\":true,\"valueName\":\"search_term_string\"}}],\"inLanguage\":\"es\"}]}<\/script>\n<!-- \/ Yoast SEO plugin. -->","yoast_head_json":{"title":"Armaf Eter Desert Flower 100 ml Original - Oud d\u2019Or - L\u2019essence du pouvoir","robots":{"index":"index","follow":"follow","max-snippet":"max-snippet:-1","max-image-preview":"max-image-preview:large","max-video-preview":"max-video-preview:-1"},"canonical":"https:\/\/ouddorperfumes.com\/index.php\/producto\/armaf-eter-desert-flower-100-ml-original\/","og_locale":"es_ES","og_type":"article","og_title":"Armaf Eter Desert Flower 100 ml Original - Oud d\u2019Or - L\u2019essence du pouvoir","og_description":"Armaf \u00c9ter Desert Flower es una fragancia unisex que pertenece a la familia olfativa Almizcle Floral Amaderado. Lanzada en 2024, esta fragancia se destaca por su composici\u00f3n equilibrada y sofisticada, ideal para quienes buscan un aroma distintivo y envolvente.  Notas de la Fragancia    Nota de Salida: Jazm\u00edn, que proporciona una apertura fresca y floral.    Notas de Coraz\u00f3n: Jazm\u00edn, cuero y notas dulces, que a\u00f1aden profundidad y un toque de calidez.    Notas de Fondo: Pachul\u00ed y almizcle, que ofrecen una base terrosa y sensual, garantizando una larga duraci\u00f3n en la piel.   Caracter\u00edsticas    Tipo: Eau de Parfum    G\u00e9nero: Unisex    Presentaci\u00f3n: 100 ml   Armaf \u00c9ter Desert Flower es perfecto para cualquier ocasi\u00f3n, ya sea un evento especial o uso diario, brindando una experiencia olfativa que combina frescura y sofisticaci\u00f3n. \u2705 Pagos 100% Contraentrega. \u2705 Env\u00edo Gratis a toda Colombia. \u2705 Perfumes 100% Originales.","og_url":"https:\/\/ouddorperfumes.com\/index.php\/producto\/armaf-eter-desert-flower-100-ml-original\/","og_site_name":"Oud d\u2019Or - L\u2019essence du pouvoir","article_modified_time":"2025-09-29T02:02:06+00:00","og_image":[{"width":1654,"height":1654,"url":"https:\/\/ouddorperfumes.com\/wp-content\/uploads\/2025\/09\/360-15.jpg","type":"image\/jpeg"}],"twitter_card":"summary_large_image","twitter_misc":{"Tiempo de lectura":"1 minuto"},"schema":{"@context":"https:\/\/schema.org","@graph":[{"@type":"WebPage","@id":"https:\/\/ouddorperfumes.com\/index.php\/producto\/armaf-eter-desert-flower-100-ml-original\/","url":"https:\/\/ouddorperfumes.com\/index.php\/producto\/armaf-eter-desert-flower-100-ml-original\/","name":"Armaf Eter Desert Flower 100 ml Original - Oud d\u2019Or - L\u2019essence du pouvoir","isPartOf":{"@id":"https:\/\/ouddorperfumes.com\/#website"},"primaryImageOfPage":{"@id":"https:\/\/ouddorperfumes.com\/index.php\/producto\/armaf-eter-desert-flower-100-ml-original\/#primaryimage"},"image":{"@id":"https:\/\/ouddorperfumes.com\/index.php\/producto\/armaf-eter-desert-flower-100-ml-original\/#primaryimage"},"thumbnailUrl":"https:\/\/ouddorperfumes.com\/wp-content\/uploads\/2025\/09\/360-15.jpg","datePublished":"2025-09-28T04:38:41+00:00","dateModified":"2025-09-29T02:02:06+00:00","breadcrumb":{"@id":"https:\/\/ouddorperfumes.com\/index.php\/producto\/armaf-eter-desert-flower-100-ml-original\/#breadcrumb"},"inLanguage":"es","potentialAction":[{"@type":"ReadAction","target":["https:\/\/ouddorperfumes.com\/index.php\/producto\/armaf-eter-desert-flower-100-ml-original\/"]}]},{"@type":"ImageObject","inLanguage":"es","@id":"https:\/\/ouddorperfumes.com\/index.php\/producto\/armaf-eter-desert-flower-100-ml-original\/#primaryimage","url":"https:\/\/ouddorperfumes.com\/wp-content\/uploads\/2025\/09\/360-15.jpg","contentUrl":"https:\/\/ouddorperfumes.com\/wp-content\/uploads\/2025\/09\/360-15.jpg","width":1654,"height":1654},{"@type":"BreadcrumbList","@id":"https:\/\/ouddorperfumes.com\/index.php\/producto\/armaf-eter-desert-flower-100-ml-original\/#breadcrumb","itemListElement":[{"@type":"ListItem","position":1,"name":"Portada","item":"https:\/\/ouddorperfumes.com\/"},{"@type":"ListItem","position":2,"name":"Todos los Perfumes","item":"https:\/\/ouddorperfumes.com\/index.php\/todos-los-perfumes\/"},{"@type":"ListItem","position":3,"name":"Armaf Eter Desert Flower 100 ml Original"}]},{"@type":"WebSite","@id":"https:\/\/ouddorperfumes.com\/#website","url":"https:\/\/ouddorperfumes.com\/","name":"Oud d\u2019Or - L\u2019essence du pouvoir","description":"Perfumes Arabes 100% Originales","potentialAction":[{"@type":"SearchAction","target":{"@type":"EntryPoint","urlTemplate":"https:\/\/ouddorperfumes.com\/?s={search_term_string}"},"query-input":{"@type":"PropertyValueSpecification","valueRequired":true,"valueName":"search_term_string"}}],"inLanguage":"es"}]}},"_links":{"self":[{"href":"https:\/\/ouddorperfumes.com\/index.php\/wp-json\/wp\/v2\/product\/11475","targetHints":{"allow":["GET"]}}],"collection":[{"href":"https:\/\/ouddorperfumes.com\/index.php\/wp-json\/wp\/v2\/product"}],"about":[{"href":"https:\/\/ouddorperfumes.com\/index.php\/wp-json\/wp\/v2\/types\/product"}],"version-history":[{"count":2,"href":"https:\/\/ouddorperfumes.com\/index.php\/wp-json\/wp\/v2\/product\/11475\/revisions"}],"predecessor-version":[{"id":11531,"href":"https:\/\/ouddorperfumes.com\/index.php\/wp-json\/wp\/v2\/product\/11475\/revisions\/11531"}],"wp:featuredmedia":[{"embeddable":true,"href":"https:\/\/ouddorperfumes.com\/index.php\/wp-json\/wp\/v2\/media\/11504"}],"wp:attachment":[{"href":"https:\/\/ouddorperfumes.com\/index.php\/wp-json\/wp\/v2\/media?parent=11475"}],"wp:term":[{"taxonomy":"product_brand","embeddable":true,"href":"https:\/\/ouddorperfumes.com\/index.php\/wp-json\/wp\/v2\/product_brand?post=11475"},{"taxonomy":"product_cat","embeddable":true,"href":"https:\/\/ouddorperfumes.com\/index.php\/wp-json\/wp\/v2\/product_cat?post=11475"},{"taxonomy":"product_tag","embeddable":true,"href":"https:\/\/ouddorperfumes.com\/index.php\/wp-json\/wp\/v2\/product_tag?post=11475"}],"curies":[{"name":"wp","href":"https:\/\/api.w.org\/{rel}","templated":true}]}}