{"id":9003,"date":"2025-01-02T13:05:36","date_gmt":"2025-01-02T18:05:36","guid":{"rendered":"https:\/\/ouddorperfumes.com\/index.php\/producto\/armaf-club-de-nuit-intense-man-105-ml-original\/"},"modified":"2025-10-03T19:09:31","modified_gmt":"2025-10-04T00:09:31","slug":"armaf-club-de-nuit-intense-man-105-ml-original","status":"publish","type":"product","link":"https:\/\/ouddorperfumes.com\/index.php\/producto\/armaf-club-de-nuit-intense-man-105-ml-original\/","title":{"rendered":"Armaf Club de Nuit Intense Man 105 ml Original"},"content":{"rendered":"<p>\u00abSeductor aroma masculino\u00bb El Club de Nuit Intense Man es una fragancia cautivadora que no pasa desapercibida. Con sus notas amaderadas y especiadas, este perfume ofrece un aroma masculino y seductor que dejar\u00e1 una impresi\u00f3n duradera en cualquier persona que te encuentres. Ya sea para una cita rom\u00e1ntica o una noche en la ciudad, esta fragancia es el complemento perfecto para cualquier atuendo.<\/p>\n<p>\u00abLarga duraci\u00f3n\u00bb Una de las mejores caracter\u00edsticas del Club de Nuit Intense Man es su duraci\u00f3n. Esta fragancia es conocida por durar todo el d\u00eda, lo que significa que puedes aplicarla por la ma\u00f1ana y a\u00fan sentirte fresco por la noche. La larga duraci\u00f3n es especialmente \u00fatil si tienes un d\u00eda lleno de actividades y no tienes tiempo para retocar tu fragancia. Adem\u00e1s, la fragancia se vuelve m\u00e1s suave y atractiva a medida que pasa el tiempo.<\/p>\n<p>\u00abPresentaci\u00f3n elegante\u00bb El Club de Nuit Intense Man no solo ofrece una fragancia impresionante, sino tambi\u00e9n una presentaci\u00f3n elegante. El frasco de vidrio oscuro con detalles dorados se ve lujoso y sofisticado, lo que lo convierte en un regalo perfecto para cualquier hombre en tu vida. La presentaci\u00f3n del frasco tambi\u00e9n es conveniente, ya que es f\u00e1cil de transportar en tu bolsillo o bolso sin preocuparte por la posibilidad de que se rompa.<\/p>\n","protected":false},"excerpt":{"rendered":"<p>\u00abSeductor aroma masculino\u00bb El Club de Nuit Intense Man es una fragancia cautivadora que no pasa desapercibida. Con sus notas amaderadas y especiadas, este perfume ofrece un aroma masculino y seductor que dejar\u00e1 una impresi\u00f3n duradera en cualquier persona que te encuentres. Ya sea para una cita rom\u00e1ntica o una noche en la ciudad, esta fragancia es el complemento perfecto para cualquier atuendo.<\/p>\n<p>\u00abLarga duraci\u00f3n\u00bb Una de las mejores caracter\u00edsticas del Club de Nuit Intense Man es su duraci\u00f3n. Esta fragancia es conocida por durar todo el d\u00eda, lo que significa que puedes aplicarla por la ma\u00f1ana y a\u00fan sentirte fresco por la noche. La larga duraci\u00f3n es especialmente \u00fatil si tienes un d\u00eda lleno de actividades y no tienes tiempo para retocar tu fragancia. Adem\u00e1s, la fragancia se vuelve m\u00e1s suave y atractiva a medida que pasa el tiempo.<\/p>\n<p>\u00abPresentaci\u00f3n elegante\u00bb El Club de Nuit Intense Man no solo ofrece una fragancia impresionante, sino tambi\u00e9n una presentaci\u00f3n elegante. El frasco de vidrio oscuro con detalles dorados se ve lujoso y sofisticado, lo que lo convierte en un regalo perfecto para cualquier hombre en tu vida. La presentaci\u00f3n del frasco tambi\u00e9n es conveniente, ya que es f\u00e1cil de transportar en tu bolsillo o bolso sin preocuparte por la posibilidad de que se rompa.<\/p>\n<p><span style=\"color: #ff4400;\"><strong>\u2705 <span style=\"color: #d9a569;\">Pagos 100% Contraentrega.<\/span><\/strong><\/span><br \/>\n<span style=\"color: #ff4400;\"><strong>\u2705 <span style=\"color: #d9a569;\">Env\u00edo Gratis a toda Colombia.<\/span><\/strong><\/span><br \/>\n<span style=\"color: #ff4400;\"><strong>\u2705 <span style=\"color: #d9a569;\">Perfumes 100% Originales.<\/span><\/strong><\/span><\/p>\n<p>&nbsp;<\/p>\n","protected":false},"featured_media":9004,"template":"","meta":[],"product_brand":[],"product_cat":[178,169,177],"product_tag":[],"class_list":{"0":"post-9003","1":"product","2":"type-product","3":"status-publish","4":"has-post-thumbnail","6":"product_cat-armaf","7":"product_cat-hombre","8":"product_cat-perfumes-arabes","10":"first","11":"instock","12":"sale","13":"shipping-taxable","14":"purchasable","15":"product-type-simple"},"yoast_head":"<!-- This site is optimized with the Yoast SEO plugin v27.3 - https:\/\/yoast.com\/product\/yoast-seo-wordpress\/ -->\n<title>Armaf Club de Nuit Intense Man 105 ml Original - Oud d\u2019Or - L\u2019essence du pouvoir<\/title>\n<meta name=\"robots\" content=\"index, follow, max-snippet:-1, max-image-preview:large, max-video-preview:-1\" \/>\n<link rel=\"canonical\" href=\"https:\/\/ouddorperfumes.com\/index.php\/producto\/armaf-club-de-nuit-intense-man-105-ml-original\/\" \/>\n<meta property=\"og:locale\" content=\"es_ES\" \/>\n<meta property=\"og:type\" content=\"article\" \/>\n<meta property=\"og:title\" content=\"Armaf Club de Nuit Intense Man 105 ml Original - Oud d\u2019Or - L\u2019essence du pouvoir\" \/>\n<meta property=\"og:description\" content=\"&quot;Seductor aroma masculino&quot; El Club de Nuit Intense Man es una fragancia cautivadora que no pasa desapercibida. Con sus notas amaderadas y especiadas, este perfume ofrece un aroma masculino y seductor que dejar\u00e1 una impresi\u00f3n duradera en cualquier persona que te encuentres. Ya sea para una cita rom\u00e1ntica o una noche en la ciudad, esta fragancia es el complemento perfecto para cualquier atuendo.  &quot;Larga duraci\u00f3n&quot; Una de las mejores caracter\u00edsticas del Club de Nuit Intense Man es su duraci\u00f3n. Esta fragancia es conocida por durar todo el d\u00eda, lo que significa que puedes aplicarla por la ma\u00f1ana y a\u00fan sentirte fresco por la noche. La larga duraci\u00f3n es especialmente \u00fatil si tienes un d\u00eda lleno de actividades y no tienes tiempo para retocar tu fragancia. Adem\u00e1s, la fragancia se vuelve m\u00e1s suave y atractiva a medida que pasa el tiempo.  &quot;Presentaci\u00f3n elegante&quot; El Club de Nuit Intense Man no solo ofrece una fragancia impresionante, sino tambi\u00e9n una presentaci\u00f3n elegante. El frasco de vidrio oscuro con detalles dorados se ve lujoso y sofisticado, lo que lo convierte en un regalo perfecto para cualquier hombre en tu vida. La presentaci\u00f3n del frasco tambi\u00e9n es conveniente, ya que es f\u00e1cil de transportar en tu bolsillo o bolso sin preocuparte por la posibilidad de que se rompa.  \u2705 Pagos 100% Contraentrega. \u2705 Env\u00edo Gratis a toda Colombia. \u2705 Perfumes 100% Originales.  &nbsp;\" \/>\n<meta property=\"og:url\" content=\"https:\/\/ouddorperfumes.com\/index.php\/producto\/armaf-club-de-nuit-intense-man-105-ml-original\/\" \/>\n<meta property=\"og:site_name\" content=\"Oud d\u2019Or - L\u2019essence du pouvoir\" \/>\n<meta property=\"article:modified_time\" content=\"2025-10-04T00:09:31+00:00\" \/>\n<meta property=\"og:image\" content=\"https:\/\/ouddorperfumes.com\/wp-content\/uploads\/2025\/01\/club-de-nuit-intense-man.jpg\" \/>\n\t<meta property=\"og:image:width\" content=\"1654\" \/>\n\t<meta property=\"og:image:height\" content=\"1654\" \/>\n\t<meta property=\"og:image:type\" content=\"image\/jpeg\" \/>\n<meta name=\"twitter:card\" content=\"summary_large_image\" \/>\n<meta name=\"twitter:label1\" content=\"Tiempo de lectura\" \/>\n\t<meta name=\"twitter:data1\" content=\"2 minutos\" \/>\n<script type=\"application\/ld+json\" class=\"yoast-schema-graph\">{\"@context\":\"https:\\\/\\\/schema.org\",\"@graph\":[{\"@type\":\"WebPage\",\"@id\":\"https:\\\/\\\/ouddorperfumes.com\\\/index.php\\\/producto\\\/armaf-club-de-nuit-intense-man-105-ml-original\\\/\",\"url\":\"https:\\\/\\\/ouddorperfumes.com\\\/index.php\\\/producto\\\/armaf-club-de-nuit-intense-man-105-ml-original\\\/\",\"name\":\"Armaf Club de Nuit Intense Man 105 ml Original - Oud d\u2019Or - L\u2019essence du pouvoir\",\"isPartOf\":{\"@id\":\"https:\\\/\\\/ouddorperfumes.com\\\/#website\"},\"primaryImageOfPage\":{\"@id\":\"https:\\\/\\\/ouddorperfumes.com\\\/index.php\\\/producto\\\/armaf-club-de-nuit-intense-man-105-ml-original\\\/#primaryimage\"},\"image\":{\"@id\":\"https:\\\/\\\/ouddorperfumes.com\\\/index.php\\\/producto\\\/armaf-club-de-nuit-intense-man-105-ml-original\\\/#primaryimage\"},\"thumbnailUrl\":\"https:\\\/\\\/ouddorperfumes.com\\\/wp-content\\\/uploads\\\/2025\\\/01\\\/club-de-nuit-intense-man.jpg\",\"datePublished\":\"2025-01-02T18:05:36+00:00\",\"dateModified\":\"2025-10-04T00:09:31+00:00\",\"breadcrumb\":{\"@id\":\"https:\\\/\\\/ouddorperfumes.com\\\/index.php\\\/producto\\\/armaf-club-de-nuit-intense-man-105-ml-original\\\/#breadcrumb\"},\"inLanguage\":\"es\",\"potentialAction\":[{\"@type\":\"ReadAction\",\"target\":[\"https:\\\/\\\/ouddorperfumes.com\\\/index.php\\\/producto\\\/armaf-club-de-nuit-intense-man-105-ml-original\\\/\"]}]},{\"@type\":\"ImageObject\",\"inLanguage\":\"es\",\"@id\":\"https:\\\/\\\/ouddorperfumes.com\\\/index.php\\\/producto\\\/armaf-club-de-nuit-intense-man-105-ml-original\\\/#primaryimage\",\"url\":\"https:\\\/\\\/ouddorperfumes.com\\\/wp-content\\\/uploads\\\/2025\\\/01\\\/club-de-nuit-intense-man.jpg\",\"contentUrl\":\"https:\\\/\\\/ouddorperfumes.com\\\/wp-content\\\/uploads\\\/2025\\\/01\\\/club-de-nuit-intense-man.jpg\",\"width\":1654,\"height\":1654},{\"@type\":\"BreadcrumbList\",\"@id\":\"https:\\\/\\\/ouddorperfumes.com\\\/index.php\\\/producto\\\/armaf-club-de-nuit-intense-man-105-ml-original\\\/#breadcrumb\",\"itemListElement\":[{\"@type\":\"ListItem\",\"position\":1,\"name\":\"Portada\",\"item\":\"https:\\\/\\\/ouddorperfumes.com\\\/\"},{\"@type\":\"ListItem\",\"position\":2,\"name\":\"Todos los Perfumes\",\"item\":\"https:\\\/\\\/ouddorperfumes.com\\\/index.php\\\/todos-los-perfumes\\\/\"},{\"@type\":\"ListItem\",\"position\":3,\"name\":\"Armaf Club de Nuit Intense Man 105 ml Original\"}]},{\"@type\":\"WebSite\",\"@id\":\"https:\\\/\\\/ouddorperfumes.com\\\/#website\",\"url\":\"https:\\\/\\\/ouddorperfumes.com\\\/\",\"name\":\"Oud d\u2019Or - L\u2019essence du pouvoir\",\"description\":\"Perfumes Arabes 100% Originales\",\"potentialAction\":[{\"@type\":\"SearchAction\",\"target\":{\"@type\":\"EntryPoint\",\"urlTemplate\":\"https:\\\/\\\/ouddorperfumes.com\\\/?s={search_term_string}\"},\"query-input\":{\"@type\":\"PropertyValueSpecification\",\"valueRequired\":true,\"valueName\":\"search_term_string\"}}],\"inLanguage\":\"es\"}]}<\/script>\n<!-- \/ Yoast SEO plugin. -->","yoast_head_json":{"title":"Armaf Club de Nuit Intense Man 105 ml Original - Oud d\u2019Or - L\u2019essence du pouvoir","robots":{"index":"index","follow":"follow","max-snippet":"max-snippet:-1","max-image-preview":"max-image-preview:large","max-video-preview":"max-video-preview:-1"},"canonical":"https:\/\/ouddorperfumes.com\/index.php\/producto\/armaf-club-de-nuit-intense-man-105-ml-original\/","og_locale":"es_ES","og_type":"article","og_title":"Armaf Club de Nuit Intense Man 105 ml Original - Oud d\u2019Or - L\u2019essence du pouvoir","og_description":"\"Seductor aroma masculino\" El Club de Nuit Intense Man es una fragancia cautivadora que no pasa desapercibida. Con sus notas amaderadas y especiadas, este perfume ofrece un aroma masculino y seductor que dejar\u00e1 una impresi\u00f3n duradera en cualquier persona que te encuentres. Ya sea para una cita rom\u00e1ntica o una noche en la ciudad, esta fragancia es el complemento perfecto para cualquier atuendo.  \"Larga duraci\u00f3n\" Una de las mejores caracter\u00edsticas del Club de Nuit Intense Man es su duraci\u00f3n. Esta fragancia es conocida por durar todo el d\u00eda, lo que significa que puedes aplicarla por la ma\u00f1ana y a\u00fan sentirte fresco por la noche. La larga duraci\u00f3n es especialmente \u00fatil si tienes un d\u00eda lleno de actividades y no tienes tiempo para retocar tu fragancia. Adem\u00e1s, la fragancia se vuelve m\u00e1s suave y atractiva a medida que pasa el tiempo.  \"Presentaci\u00f3n elegante\" El Club de Nuit Intense Man no solo ofrece una fragancia impresionante, sino tambi\u00e9n una presentaci\u00f3n elegante. El frasco de vidrio oscuro con detalles dorados se ve lujoso y sofisticado, lo que lo convierte en un regalo perfecto para cualquier hombre en tu vida. La presentaci\u00f3n del frasco tambi\u00e9n es conveniente, ya que es f\u00e1cil de transportar en tu bolsillo o bolso sin preocuparte por la posibilidad de que se rompa.  \u2705 Pagos 100% Contraentrega. \u2705 Env\u00edo Gratis a toda Colombia. \u2705 Perfumes 100% Originales.  &nbsp;","og_url":"https:\/\/ouddorperfumes.com\/index.php\/producto\/armaf-club-de-nuit-intense-man-105-ml-original\/","og_site_name":"Oud d\u2019Or - L\u2019essence du pouvoir","article_modified_time":"2025-10-04T00:09:31+00:00","og_image":[{"width":1654,"height":1654,"url":"https:\/\/ouddorperfumes.com\/wp-content\/uploads\/2025\/01\/club-de-nuit-intense-man.jpg","type":"image\/jpeg"}],"twitter_card":"summary_large_image","twitter_misc":{"Tiempo de lectura":"2 minutos"},"schema":{"@context":"https:\/\/schema.org","@graph":[{"@type":"WebPage","@id":"https:\/\/ouddorperfumes.com\/index.php\/producto\/armaf-club-de-nuit-intense-man-105-ml-original\/","url":"https:\/\/ouddorperfumes.com\/index.php\/producto\/armaf-club-de-nuit-intense-man-105-ml-original\/","name":"Armaf Club de Nuit Intense Man 105 ml Original - Oud d\u2019Or - L\u2019essence du pouvoir","isPartOf":{"@id":"https:\/\/ouddorperfumes.com\/#website"},"primaryImageOfPage":{"@id":"https:\/\/ouddorperfumes.com\/index.php\/producto\/armaf-club-de-nuit-intense-man-105-ml-original\/#primaryimage"},"image":{"@id":"https:\/\/ouddorperfumes.com\/index.php\/producto\/armaf-club-de-nuit-intense-man-105-ml-original\/#primaryimage"},"thumbnailUrl":"https:\/\/ouddorperfumes.com\/wp-content\/uploads\/2025\/01\/club-de-nuit-intense-man.jpg","datePublished":"2025-01-02T18:05:36+00:00","dateModified":"2025-10-04T00:09:31+00:00","breadcrumb":{"@id":"https:\/\/ouddorperfumes.com\/index.php\/producto\/armaf-club-de-nuit-intense-man-105-ml-original\/#breadcrumb"},"inLanguage":"es","potentialAction":[{"@type":"ReadAction","target":["https:\/\/ouddorperfumes.com\/index.php\/producto\/armaf-club-de-nuit-intense-man-105-ml-original\/"]}]},{"@type":"ImageObject","inLanguage":"es","@id":"https:\/\/ouddorperfumes.com\/index.php\/producto\/armaf-club-de-nuit-intense-man-105-ml-original\/#primaryimage","url":"https:\/\/ouddorperfumes.com\/wp-content\/uploads\/2025\/01\/club-de-nuit-intense-man.jpg","contentUrl":"https:\/\/ouddorperfumes.com\/wp-content\/uploads\/2025\/01\/club-de-nuit-intense-man.jpg","width":1654,"height":1654},{"@type":"BreadcrumbList","@id":"https:\/\/ouddorperfumes.com\/index.php\/producto\/armaf-club-de-nuit-intense-man-105-ml-original\/#breadcrumb","itemListElement":[{"@type":"ListItem","position":1,"name":"Portada","item":"https:\/\/ouddorperfumes.com\/"},{"@type":"ListItem","position":2,"name":"Todos los Perfumes","item":"https:\/\/ouddorperfumes.com\/index.php\/todos-los-perfumes\/"},{"@type":"ListItem","position":3,"name":"Armaf Club de Nuit Intense Man 105 ml Original"}]},{"@type":"WebSite","@id":"https:\/\/ouddorperfumes.com\/#website","url":"https:\/\/ouddorperfumes.com\/","name":"Oud d\u2019Or - L\u2019essence du pouvoir","description":"Perfumes Arabes 100% Originales","potentialAction":[{"@type":"SearchAction","target":{"@type":"EntryPoint","urlTemplate":"https:\/\/ouddorperfumes.com\/?s={search_term_string}"},"query-input":{"@type":"PropertyValueSpecification","valueRequired":true,"valueName":"search_term_string"}}],"inLanguage":"es"}]}},"_links":{"self":[{"href":"https:\/\/ouddorperfumes.com\/index.php\/wp-json\/wp\/v2\/product\/9003","targetHints":{"allow":["GET"]}}],"collection":[{"href":"https:\/\/ouddorperfumes.com\/index.php\/wp-json\/wp\/v2\/product"}],"about":[{"href":"https:\/\/ouddorperfumes.com\/index.php\/wp-json\/wp\/v2\/types\/product"}],"version-history":[{"count":1,"href":"https:\/\/ouddorperfumes.com\/index.php\/wp-json\/wp\/v2\/product\/9003\/revisions"}],"predecessor-version":[{"id":11866,"href":"https:\/\/ouddorperfumes.com\/index.php\/wp-json\/wp\/v2\/product\/9003\/revisions\/11866"}],"wp:featuredmedia":[{"embeddable":true,"href":"https:\/\/ouddorperfumes.com\/index.php\/wp-json\/wp\/v2\/media\/9004"}],"wp:attachment":[{"href":"https:\/\/ouddorperfumes.com\/index.php\/wp-json\/wp\/v2\/media?parent=9003"}],"wp:term":[{"taxonomy":"product_brand","embeddable":true,"href":"https:\/\/ouddorperfumes.com\/index.php\/wp-json\/wp\/v2\/product_brand?post=9003"},{"taxonomy":"product_cat","embeddable":true,"href":"https:\/\/ouddorperfumes.com\/index.php\/wp-json\/wp\/v2\/product_cat?post=9003"},{"taxonomy":"product_tag","embeddable":true,"href":"https:\/\/ouddorperfumes.com\/index.php\/wp-json\/wp\/v2\/product_tag?post=9003"}],"curies":[{"name":"wp","href":"https:\/\/api.w.org\/{rel}","templated":true}]}}