{"id":9080,"date":"2025-01-02T23:33:29","date_gmt":"2025-01-03T04:33:29","guid":{"rendered":"https:\/\/ouddorperfumes.com\/index.php\/producto\/antonio-banderas-king-absolute-x-100-ml\/"},"modified":"2025-10-03T19:08:37","modified_gmt":"2025-10-04T00:08:37","slug":"antonio-banderas-king-absolute-100-ml","status":"publish","type":"product","link":"https:\/\/ouddorperfumes.com\/index.php\/producto\/antonio-banderas-king-absolute-100-ml\/","title":{"rendered":"Antonio Banderas King Absolute 100 ml"},"content":{"rendered":"<p>Una fragancia elegante y arm\u00f3nica de frescura c\u00edtrica y fuerza masculina que abre la puerta al momento definitivo de la seducci\u00f3n. El seductor aroma de las especias se destaca en el fondo con un suave acorde de cuero, ba\u00f1ado en refinadas notas amaderadas de vetiver y musgo. La delicada selecci\u00f3n de los aromas realza la potencia y personalidad de este perfume. El elegante frescor c\u00edtrico se combina con la calidez y sofisticaci\u00f3n del cardamomo y el acorde marino para realzarse en el fondo con la fuerza masculina del \u00e1mbar y el cedro.<\/p>\n<ul>\n<li>Notas de Coraz\u00f3n: Marino, Picante y Arom\u00e1tico.<\/li>\n<li>Notas de Fondo: Madera, Cuero y Musco de Roble.<\/li>\n<li>Notas de Salida: C\u00edtrico y Oz\u00f3nico.<\/li>\n<\/ul>\n","protected":false},"excerpt":{"rendered":"<p>Una fragancia elegante y arm\u00f3nica de frescura c\u00edtrica y fuerza masculina que abre la puerta al momento definitivo de la seducci\u00f3n. El seductor aroma de las especias se destaca en el fondo con un suave acorde de cuero, ba\u00f1ado en refinadas notas amaderadas de vetiver y musgo. La delicada selecci\u00f3n de los aromas realza la potencia y personalidad de este perfume. El elegante frescor c\u00edtrico se combina con la calidez y sofisticaci\u00f3n del cardamomo y el acorde marino para realzarse en el fondo con la fuerza masculina del \u00e1mbar y el cedro.<\/p>\n<ul>\n<li>Notas de Coraz\u00f3n: Marino, Picante y Arom\u00e1tico.<\/li>\n<li>Notas de Fondo: Madera, Cuero y Musco de Roble.<\/li>\n<li>Notas de Salida: C\u00edtrico y Oz\u00f3nico.<\/li>\n<\/ul>\n<p><span style=\"color: #ff4400;\"><strong>\u2705 <span style=\"color: #d9a569;\">Pagos 100% Contraentrega.<\/span><\/strong><\/span><br \/>\n<span style=\"color: #ff4400;\"><strong>\u2705 <span style=\"color: #d9a569;\">Env\u00edo Gratis a toda Colombia.<\/span><\/strong><\/span><br \/>\n<span style=\"color: #ff4400;\"><strong>\u2705 <span style=\"color: #d9a569;\">Perfumes 100% Originales.<\/span><\/strong><\/span><\/p>\n","protected":false},"featured_media":9087,"template":"","meta":[],"product_brand":[],"product_cat":[180,198,169],"product_tag":[],"class_list":{"0":"post-9080","1":"product","2":"type-product","3":"status-publish","4":"has-post-thumbnail","6":"product_cat-antonio-banderas","7":"product_cat-disenador","8":"product_cat-hombre","10":"first","11":"instock","12":"sale","13":"shipping-taxable","14":"purchasable","15":"product-type-simple"},"yoast_head":"<!-- This site is optimized with the Yoast SEO plugin v27.3 - https:\/\/yoast.com\/product\/yoast-seo-wordpress\/ -->\n<title>Antonio Banderas King Absolute 100 ml - Oud d\u2019Or - L\u2019essence du pouvoir<\/title>\n<meta name=\"robots\" content=\"index, follow, max-snippet:-1, max-image-preview:large, max-video-preview:-1\" \/>\n<link rel=\"canonical\" href=\"https:\/\/ouddorperfumes.com\/index.php\/producto\/antonio-banderas-king-absolute-100-ml\/\" \/>\n<meta property=\"og:locale\" content=\"es_ES\" \/>\n<meta property=\"og:type\" content=\"article\" \/>\n<meta property=\"og:title\" content=\"Antonio Banderas King Absolute 100 ml - Oud d\u2019Or - L\u2019essence du pouvoir\" \/>\n<meta property=\"og:description\" content=\"Una fragancia elegante y arm\u00f3nica de frescura c\u00edtrica y fuerza masculina que abre la puerta al momento definitivo de la seducci\u00f3n. El seductor aroma de las especias se destaca en el fondo con un suave acorde de cuero, ba\u00f1ado en refinadas notas amaderadas de vetiver y musgo. La delicada selecci\u00f3n de los aromas realza la potencia y personalidad de este perfume. El elegante frescor c\u00edtrico se combina con la calidez y sofisticaci\u00f3n del cardamomo y el acorde marino para realzarse en el fondo con la fuerza masculina del \u00e1mbar y el cedro.   Notas de Coraz\u00f3n: Marino, Picante y Arom\u00e1tico.  Notas de Fondo: Madera, Cuero y Musco de Roble.  Notas de Salida: C\u00edtrico y Oz\u00f3nico.  \u2705 Pagos 100% Contraentrega. \u2705 Env\u00edo Gratis a toda Colombia. \u2705 Perfumes 100% Originales.\" \/>\n<meta property=\"og:url\" content=\"https:\/\/ouddorperfumes.com\/index.php\/producto\/antonio-banderas-king-absolute-100-ml\/\" \/>\n<meta property=\"og:site_name\" content=\"Oud d\u2019Or - L\u2019essence du pouvoir\" \/>\n<meta property=\"article:modified_time\" content=\"2025-10-04T00:08:37+00:00\" \/>\n<meta property=\"og:image\" content=\"https:\/\/ouddorperfumes.com\/wp-content\/uploads\/2025\/01\/Antonio-Banderas-King-Absolute-100-ml.jpg\" \/>\n\t<meta property=\"og:image:width\" content=\"1654\" \/>\n\t<meta property=\"og:image:height\" content=\"1654\" \/>\n\t<meta property=\"og:image:type\" content=\"image\/jpeg\" \/>\n<meta name=\"twitter:card\" content=\"summary_large_image\" \/>\n<meta name=\"twitter:label1\" content=\"Tiempo de lectura\" \/>\n\t<meta name=\"twitter:data1\" content=\"1 minuto\" \/>\n<script type=\"application\/ld+json\" class=\"yoast-schema-graph\">{\"@context\":\"https:\\\/\\\/schema.org\",\"@graph\":[{\"@type\":\"WebPage\",\"@id\":\"https:\\\/\\\/ouddorperfumes.com\\\/index.php\\\/producto\\\/antonio-banderas-king-absolute-100-ml\\\/\",\"url\":\"https:\\\/\\\/ouddorperfumes.com\\\/index.php\\\/producto\\\/antonio-banderas-king-absolute-100-ml\\\/\",\"name\":\"Antonio Banderas King Absolute 100 ml - Oud d\u2019Or - L\u2019essence du pouvoir\",\"isPartOf\":{\"@id\":\"https:\\\/\\\/ouddorperfumes.com\\\/#website\"},\"primaryImageOfPage\":{\"@id\":\"https:\\\/\\\/ouddorperfumes.com\\\/index.php\\\/producto\\\/antonio-banderas-king-absolute-100-ml\\\/#primaryimage\"},\"image\":{\"@id\":\"https:\\\/\\\/ouddorperfumes.com\\\/index.php\\\/producto\\\/antonio-banderas-king-absolute-100-ml\\\/#primaryimage\"},\"thumbnailUrl\":\"https:\\\/\\\/ouddorperfumes.com\\\/wp-content\\\/uploads\\\/2025\\\/01\\\/Antonio-Banderas-King-Absolute-100-ml.jpg\",\"datePublished\":\"2025-01-03T04:33:29+00:00\",\"dateModified\":\"2025-10-04T00:08:37+00:00\",\"breadcrumb\":{\"@id\":\"https:\\\/\\\/ouddorperfumes.com\\\/index.php\\\/producto\\\/antonio-banderas-king-absolute-100-ml\\\/#breadcrumb\"},\"inLanguage\":\"es\",\"potentialAction\":[{\"@type\":\"ReadAction\",\"target\":[\"https:\\\/\\\/ouddorperfumes.com\\\/index.php\\\/producto\\\/antonio-banderas-king-absolute-100-ml\\\/\"]}]},{\"@type\":\"ImageObject\",\"inLanguage\":\"es\",\"@id\":\"https:\\\/\\\/ouddorperfumes.com\\\/index.php\\\/producto\\\/antonio-banderas-king-absolute-100-ml\\\/#primaryimage\",\"url\":\"https:\\\/\\\/ouddorperfumes.com\\\/wp-content\\\/uploads\\\/2025\\\/01\\\/Antonio-Banderas-King-Absolute-100-ml.jpg\",\"contentUrl\":\"https:\\\/\\\/ouddorperfumes.com\\\/wp-content\\\/uploads\\\/2025\\\/01\\\/Antonio-Banderas-King-Absolute-100-ml.jpg\",\"width\":1654,\"height\":1654},{\"@type\":\"BreadcrumbList\",\"@id\":\"https:\\\/\\\/ouddorperfumes.com\\\/index.php\\\/producto\\\/antonio-banderas-king-absolute-100-ml\\\/#breadcrumb\",\"itemListElement\":[{\"@type\":\"ListItem\",\"position\":1,\"name\":\"Portada\",\"item\":\"https:\\\/\\\/ouddorperfumes.com\\\/\"},{\"@type\":\"ListItem\",\"position\":2,\"name\":\"Todos los Perfumes\",\"item\":\"https:\\\/\\\/ouddorperfumes.com\\\/index.php\\\/todos-los-perfumes\\\/\"},{\"@type\":\"ListItem\",\"position\":3,\"name\":\"Antonio Banderas King Absolute 100 ml\"}]},{\"@type\":\"WebSite\",\"@id\":\"https:\\\/\\\/ouddorperfumes.com\\\/#website\",\"url\":\"https:\\\/\\\/ouddorperfumes.com\\\/\",\"name\":\"Oud d\u2019Or - L\u2019essence du pouvoir\",\"description\":\"Perfumes Arabes 100% Originales\",\"potentialAction\":[{\"@type\":\"SearchAction\",\"target\":{\"@type\":\"EntryPoint\",\"urlTemplate\":\"https:\\\/\\\/ouddorperfumes.com\\\/?s={search_term_string}\"},\"query-input\":{\"@type\":\"PropertyValueSpecification\",\"valueRequired\":true,\"valueName\":\"search_term_string\"}}],\"inLanguage\":\"es\"}]}<\/script>\n<!-- \/ Yoast SEO plugin. -->","yoast_head_json":{"title":"Antonio Banderas King Absolute 100 ml - Oud d\u2019Or - L\u2019essence du pouvoir","robots":{"index":"index","follow":"follow","max-snippet":"max-snippet:-1","max-image-preview":"max-image-preview:large","max-video-preview":"max-video-preview:-1"},"canonical":"https:\/\/ouddorperfumes.com\/index.php\/producto\/antonio-banderas-king-absolute-100-ml\/","og_locale":"es_ES","og_type":"article","og_title":"Antonio Banderas King Absolute 100 ml - Oud d\u2019Or - L\u2019essence du pouvoir","og_description":"Una fragancia elegante y arm\u00f3nica de frescura c\u00edtrica y fuerza masculina que abre la puerta al momento definitivo de la seducci\u00f3n. El seductor aroma de las especias se destaca en el fondo con un suave acorde de cuero, ba\u00f1ado en refinadas notas amaderadas de vetiver y musgo. La delicada selecci\u00f3n de los aromas realza la potencia y personalidad de este perfume. El elegante frescor c\u00edtrico se combina con la calidez y sofisticaci\u00f3n del cardamomo y el acorde marino para realzarse en el fondo con la fuerza masculina del \u00e1mbar y el cedro.   Notas de Coraz\u00f3n: Marino, Picante y Arom\u00e1tico.  Notas de Fondo: Madera, Cuero y Musco de Roble.  Notas de Salida: C\u00edtrico y Oz\u00f3nico.  \u2705 Pagos 100% Contraentrega. \u2705 Env\u00edo Gratis a toda Colombia. \u2705 Perfumes 100% Originales.","og_url":"https:\/\/ouddorperfumes.com\/index.php\/producto\/antonio-banderas-king-absolute-100-ml\/","og_site_name":"Oud d\u2019Or - L\u2019essence du pouvoir","article_modified_time":"2025-10-04T00:08:37+00:00","og_image":[{"width":1654,"height":1654,"url":"https:\/\/ouddorperfumes.com\/wp-content\/uploads\/2025\/01\/Antonio-Banderas-King-Absolute-100-ml.jpg","type":"image\/jpeg"}],"twitter_card":"summary_large_image","twitter_misc":{"Tiempo de lectura":"1 minuto"},"schema":{"@context":"https:\/\/schema.org","@graph":[{"@type":"WebPage","@id":"https:\/\/ouddorperfumes.com\/index.php\/producto\/antonio-banderas-king-absolute-100-ml\/","url":"https:\/\/ouddorperfumes.com\/index.php\/producto\/antonio-banderas-king-absolute-100-ml\/","name":"Antonio Banderas King Absolute 100 ml - Oud d\u2019Or - L\u2019essence du pouvoir","isPartOf":{"@id":"https:\/\/ouddorperfumes.com\/#website"},"primaryImageOfPage":{"@id":"https:\/\/ouddorperfumes.com\/index.php\/producto\/antonio-banderas-king-absolute-100-ml\/#primaryimage"},"image":{"@id":"https:\/\/ouddorperfumes.com\/index.php\/producto\/antonio-banderas-king-absolute-100-ml\/#primaryimage"},"thumbnailUrl":"https:\/\/ouddorperfumes.com\/wp-content\/uploads\/2025\/01\/Antonio-Banderas-King-Absolute-100-ml.jpg","datePublished":"2025-01-03T04:33:29+00:00","dateModified":"2025-10-04T00:08:37+00:00","breadcrumb":{"@id":"https:\/\/ouddorperfumes.com\/index.php\/producto\/antonio-banderas-king-absolute-100-ml\/#breadcrumb"},"inLanguage":"es","potentialAction":[{"@type":"ReadAction","target":["https:\/\/ouddorperfumes.com\/index.php\/producto\/antonio-banderas-king-absolute-100-ml\/"]}]},{"@type":"ImageObject","inLanguage":"es","@id":"https:\/\/ouddorperfumes.com\/index.php\/producto\/antonio-banderas-king-absolute-100-ml\/#primaryimage","url":"https:\/\/ouddorperfumes.com\/wp-content\/uploads\/2025\/01\/Antonio-Banderas-King-Absolute-100-ml.jpg","contentUrl":"https:\/\/ouddorperfumes.com\/wp-content\/uploads\/2025\/01\/Antonio-Banderas-King-Absolute-100-ml.jpg","width":1654,"height":1654},{"@type":"BreadcrumbList","@id":"https:\/\/ouddorperfumes.com\/index.php\/producto\/antonio-banderas-king-absolute-100-ml\/#breadcrumb","itemListElement":[{"@type":"ListItem","position":1,"name":"Portada","item":"https:\/\/ouddorperfumes.com\/"},{"@type":"ListItem","position":2,"name":"Todos los Perfumes","item":"https:\/\/ouddorperfumes.com\/index.php\/todos-los-perfumes\/"},{"@type":"ListItem","position":3,"name":"Antonio Banderas King Absolute 100 ml"}]},{"@type":"WebSite","@id":"https:\/\/ouddorperfumes.com\/#website","url":"https:\/\/ouddorperfumes.com\/","name":"Oud d\u2019Or - L\u2019essence du pouvoir","description":"Perfumes Arabes 100% Originales","potentialAction":[{"@type":"SearchAction","target":{"@type":"EntryPoint","urlTemplate":"https:\/\/ouddorperfumes.com\/?s={search_term_string}"},"query-input":{"@type":"PropertyValueSpecification","valueRequired":true,"valueName":"search_term_string"}}],"inLanguage":"es"}]}},"_links":{"self":[{"href":"https:\/\/ouddorperfumes.com\/index.php\/wp-json\/wp\/v2\/product\/9080","targetHints":{"allow":["GET"]}}],"collection":[{"href":"https:\/\/ouddorperfumes.com\/index.php\/wp-json\/wp\/v2\/product"}],"about":[{"href":"https:\/\/ouddorperfumes.com\/index.php\/wp-json\/wp\/v2\/types\/product"}],"version-history":[{"count":1,"href":"https:\/\/ouddorperfumes.com\/index.php\/wp-json\/wp\/v2\/product\/9080\/revisions"}],"predecessor-version":[{"id":11864,"href":"https:\/\/ouddorperfumes.com\/index.php\/wp-json\/wp\/v2\/product\/9080\/revisions\/11864"}],"wp:featuredmedia":[{"embeddable":true,"href":"https:\/\/ouddorperfumes.com\/index.php\/wp-json\/wp\/v2\/media\/9087"}],"wp:attachment":[{"href":"https:\/\/ouddorperfumes.com\/index.php\/wp-json\/wp\/v2\/media?parent=9080"}],"wp:term":[{"taxonomy":"product_brand","embeddable":true,"href":"https:\/\/ouddorperfumes.com\/index.php\/wp-json\/wp\/v2\/product_brand?post=9080"},{"taxonomy":"product_cat","embeddable":true,"href":"https:\/\/ouddorperfumes.com\/index.php\/wp-json\/wp\/v2\/product_cat?post=9080"},{"taxonomy":"product_tag","embeddable":true,"href":"https:\/\/ouddorperfumes.com\/index.php\/wp-json\/wp\/v2\/product_tag?post=9080"}],"curies":[{"name":"wp","href":"https:\/\/api.w.org\/{rel}","templated":true}]}}