{"id":9083,"date":"2025-01-02T23:37:30","date_gmt":"2025-01-03T04:37:30","guid":{"rendered":"https:\/\/ouddorperfumes.com\/index.php\/producto\/armaf-odyssey-white-200-ml-original\/"},"modified":"2025-10-03T19:08:23","modified_gmt":"2025-10-04T00:08:23","slug":"armaf-odyssey-homme-200-ml-original","status":"publish","type":"product","link":"https:\/\/ouddorperfumes.com\/index.php\/producto\/armaf-odyssey-homme-200-ml-original\/","title":{"rendered":"Armaf Odyssey Homme 200 ml Original"},"content":{"rendered":"<p>No dejes que nada te detenga y disfruta de los est\u00edmulos en cualquier situaci\u00f3n. El eau de parfum para hombre Armaf Odyssey Homme White Edition te garantiza un torrente instant\u00e1neo de energ\u00eda a nivel sensorial. Te estimular\u00e1 de tal forma que podr\u00e1s conseguirlo todo con facilidad y perspectiva.<\/p>\n<ul>\n<li>Fragancia amaderada.<\/li>\n<li>Fragancia fresca y pura.<\/li>\n<li>Fragancia acu\u00e1tica con notas marinas.<\/li>\n<li>Para hombres activos llenos de energ\u00eda.<\/li>\n<li>Fragancia fresca, ideal para las \u00e9pocas c\u00e1lidas.<\/li>\n<\/ul>\n","protected":false},"excerpt":{"rendered":"<p>No dejes que nada te detenga y disfruta de los est\u00edmulos en cualquier situaci\u00f3n. El eau de parfum para hombre Armaf Odyssey Homme White Edition te garantiza un torrente instant\u00e1neo de energ\u00eda a nivel sensorial. Te estimular\u00e1 de tal forma que podr\u00e1s conseguirlo todo con facilidad y perspectiva.<\/p>\n<ul>\n<li>Fragancia amaderada.<\/li>\n<li>Fragancia fresca y pura.<\/li>\n<li>Fragancia acu\u00e1tica con notas marinas.<\/li>\n<li>Para hombres activos llenos de energ\u00eda.<\/li>\n<li>Fragancia fresca, ideal para las \u00e9pocas c\u00e1lidas.<\/li>\n<\/ul>\n<p><span style=\"color: #ff4400;\"><strong>\u2705 <span style=\"color: #d9a569;\">Pagos 100% Contraentrega.<\/span><\/strong><\/span><br \/>\n<span style=\"color: #ff4400;\"><strong>\u2705 <span style=\"color: #d9a569;\">Env\u00edo Gratis a toda Colombia.<\/span><\/strong><\/span><br \/>\n<span style=\"color: #ff4400;\"><strong>\u2705 <span style=\"color: #d9a569;\">Perfumes 100% Originales.<\/span><\/strong><\/span><\/p>\n","protected":false},"featured_media":9090,"template":"","meta":[],"product_brand":[],"product_cat":[178,169,177],"product_tag":[],"class_list":{"0":"post-9083","1":"product","2":"type-product","3":"status-publish","4":"has-post-thumbnail","6":"product_cat-armaf","7":"product_cat-hombre","8":"product_cat-perfumes-arabes","10":"first","11":"instock","12":"sale","13":"shipping-taxable","14":"purchasable","15":"product-type-simple"},"yoast_head":"<!-- This site is optimized with the Yoast SEO plugin v27.3 - https:\/\/yoast.com\/product\/yoast-seo-wordpress\/ -->\n<title>Armaf Odyssey Homme 200 ml Original - Oud d\u2019Or - L\u2019essence du pouvoir<\/title>\n<meta name=\"robots\" content=\"index, follow, max-snippet:-1, max-image-preview:large, max-video-preview:-1\" \/>\n<link rel=\"canonical\" href=\"https:\/\/ouddorperfumes.com\/index.php\/producto\/armaf-odyssey-homme-200-ml-original\/\" \/>\n<meta property=\"og:locale\" content=\"es_ES\" \/>\n<meta property=\"og:type\" content=\"article\" \/>\n<meta property=\"og:title\" content=\"Armaf Odyssey Homme 200 ml Original - Oud d\u2019Or - L\u2019essence du pouvoir\" \/>\n<meta property=\"og:description\" content=\"No dejes que nada te detenga y disfruta de los est\u00edmulos en cualquier situaci\u00f3n. El eau de parfum para hombre Armaf Odyssey Homme White Edition te garantiza un torrente instant\u00e1neo de energ\u00eda a nivel sensorial. Te estimular\u00e1 de tal forma que podr\u00e1s conseguirlo todo con facilidad y perspectiva.   Fragancia amaderada.  Fragancia fresca y pura.  Fragancia acu\u00e1tica con notas marinas.  Para hombres activos llenos de energ\u00eda.  Fragancia fresca, ideal para las \u00e9pocas c\u00e1lidas.  \u2705 Pagos 100% Contraentrega. \u2705 Env\u00edo Gratis a toda Colombia. \u2705 Perfumes 100% Originales.\" \/>\n<meta property=\"og:url\" content=\"https:\/\/ouddorperfumes.com\/index.php\/producto\/armaf-odyssey-homme-200-ml-original\/\" \/>\n<meta property=\"og:site_name\" content=\"Oud d\u2019Or - L\u2019essence du pouvoir\" \/>\n<meta property=\"article:modified_time\" content=\"2025-10-04T00:08:23+00:00\" \/>\n<meta property=\"og:image\" content=\"https:\/\/ouddorperfumes.com\/wp-content\/uploads\/2025\/01\/Armaf-Odyssey-White-200-ml-Original.jpg\" \/>\n\t<meta property=\"og:image:width\" content=\"1654\" \/>\n\t<meta property=\"og:image:height\" content=\"1654\" \/>\n\t<meta property=\"og:image:type\" content=\"image\/jpeg\" \/>\n<meta name=\"twitter:card\" content=\"summary_large_image\" \/>\n<meta name=\"twitter:label1\" content=\"Tiempo de lectura\" \/>\n\t<meta name=\"twitter:data1\" content=\"1 minuto\" \/>\n<script type=\"application\/ld+json\" class=\"yoast-schema-graph\">{\"@context\":\"https:\\\/\\\/schema.org\",\"@graph\":[{\"@type\":\"WebPage\",\"@id\":\"https:\\\/\\\/ouddorperfumes.com\\\/index.php\\\/producto\\\/armaf-odyssey-homme-200-ml-original\\\/\",\"url\":\"https:\\\/\\\/ouddorperfumes.com\\\/index.php\\\/producto\\\/armaf-odyssey-homme-200-ml-original\\\/\",\"name\":\"Armaf Odyssey Homme 200 ml Original - Oud d\u2019Or - L\u2019essence du pouvoir\",\"isPartOf\":{\"@id\":\"https:\\\/\\\/ouddorperfumes.com\\\/#website\"},\"primaryImageOfPage\":{\"@id\":\"https:\\\/\\\/ouddorperfumes.com\\\/index.php\\\/producto\\\/armaf-odyssey-homme-200-ml-original\\\/#primaryimage\"},\"image\":{\"@id\":\"https:\\\/\\\/ouddorperfumes.com\\\/index.php\\\/producto\\\/armaf-odyssey-homme-200-ml-original\\\/#primaryimage\"},\"thumbnailUrl\":\"https:\\\/\\\/ouddorperfumes.com\\\/wp-content\\\/uploads\\\/2025\\\/01\\\/Armaf-Odyssey-White-200-ml-Original.jpg\",\"datePublished\":\"2025-01-03T04:37:30+00:00\",\"dateModified\":\"2025-10-04T00:08:23+00:00\",\"breadcrumb\":{\"@id\":\"https:\\\/\\\/ouddorperfumes.com\\\/index.php\\\/producto\\\/armaf-odyssey-homme-200-ml-original\\\/#breadcrumb\"},\"inLanguage\":\"es\",\"potentialAction\":[{\"@type\":\"ReadAction\",\"target\":[\"https:\\\/\\\/ouddorperfumes.com\\\/index.php\\\/producto\\\/armaf-odyssey-homme-200-ml-original\\\/\"]}]},{\"@type\":\"ImageObject\",\"inLanguage\":\"es\",\"@id\":\"https:\\\/\\\/ouddorperfumes.com\\\/index.php\\\/producto\\\/armaf-odyssey-homme-200-ml-original\\\/#primaryimage\",\"url\":\"https:\\\/\\\/ouddorperfumes.com\\\/wp-content\\\/uploads\\\/2025\\\/01\\\/Armaf-Odyssey-White-200-ml-Original.jpg\",\"contentUrl\":\"https:\\\/\\\/ouddorperfumes.com\\\/wp-content\\\/uploads\\\/2025\\\/01\\\/Armaf-Odyssey-White-200-ml-Original.jpg\",\"width\":1654,\"height\":1654},{\"@type\":\"BreadcrumbList\",\"@id\":\"https:\\\/\\\/ouddorperfumes.com\\\/index.php\\\/producto\\\/armaf-odyssey-homme-200-ml-original\\\/#breadcrumb\",\"itemListElement\":[{\"@type\":\"ListItem\",\"position\":1,\"name\":\"Portada\",\"item\":\"https:\\\/\\\/ouddorperfumes.com\\\/\"},{\"@type\":\"ListItem\",\"position\":2,\"name\":\"Todos los Perfumes\",\"item\":\"https:\\\/\\\/ouddorperfumes.com\\\/index.php\\\/todos-los-perfumes\\\/\"},{\"@type\":\"ListItem\",\"position\":3,\"name\":\"Armaf Odyssey Homme 200 ml Original\"}]},{\"@type\":\"WebSite\",\"@id\":\"https:\\\/\\\/ouddorperfumes.com\\\/#website\",\"url\":\"https:\\\/\\\/ouddorperfumes.com\\\/\",\"name\":\"Oud d\u2019Or - L\u2019essence du pouvoir\",\"description\":\"Perfumes Arabes 100% Originales\",\"potentialAction\":[{\"@type\":\"SearchAction\",\"target\":{\"@type\":\"EntryPoint\",\"urlTemplate\":\"https:\\\/\\\/ouddorperfumes.com\\\/?s={search_term_string}\"},\"query-input\":{\"@type\":\"PropertyValueSpecification\",\"valueRequired\":true,\"valueName\":\"search_term_string\"}}],\"inLanguage\":\"es\"}]}<\/script>\n<!-- \/ Yoast SEO plugin. -->","yoast_head_json":{"title":"Armaf Odyssey Homme 200 ml Original - Oud d\u2019Or - L\u2019essence du pouvoir","robots":{"index":"index","follow":"follow","max-snippet":"max-snippet:-1","max-image-preview":"max-image-preview:large","max-video-preview":"max-video-preview:-1"},"canonical":"https:\/\/ouddorperfumes.com\/index.php\/producto\/armaf-odyssey-homme-200-ml-original\/","og_locale":"es_ES","og_type":"article","og_title":"Armaf Odyssey Homme 200 ml Original - Oud d\u2019Or - L\u2019essence du pouvoir","og_description":"No dejes que nada te detenga y disfruta de los est\u00edmulos en cualquier situaci\u00f3n. El eau de parfum para hombre Armaf Odyssey Homme White Edition te garantiza un torrente instant\u00e1neo de energ\u00eda a nivel sensorial. Te estimular\u00e1 de tal forma que podr\u00e1s conseguirlo todo con facilidad y perspectiva.   Fragancia amaderada.  Fragancia fresca y pura.  Fragancia acu\u00e1tica con notas marinas.  Para hombres activos llenos de energ\u00eda.  Fragancia fresca, ideal para las \u00e9pocas c\u00e1lidas.  \u2705 Pagos 100% Contraentrega. \u2705 Env\u00edo Gratis a toda Colombia. \u2705 Perfumes 100% Originales.","og_url":"https:\/\/ouddorperfumes.com\/index.php\/producto\/armaf-odyssey-homme-200-ml-original\/","og_site_name":"Oud d\u2019Or - L\u2019essence du pouvoir","article_modified_time":"2025-10-04T00:08:23+00:00","og_image":[{"width":1654,"height":1654,"url":"https:\/\/ouddorperfumes.com\/wp-content\/uploads\/2025\/01\/Armaf-Odyssey-White-200-ml-Original.jpg","type":"image\/jpeg"}],"twitter_card":"summary_large_image","twitter_misc":{"Tiempo de lectura":"1 minuto"},"schema":{"@context":"https:\/\/schema.org","@graph":[{"@type":"WebPage","@id":"https:\/\/ouddorperfumes.com\/index.php\/producto\/armaf-odyssey-homme-200-ml-original\/","url":"https:\/\/ouddorperfumes.com\/index.php\/producto\/armaf-odyssey-homme-200-ml-original\/","name":"Armaf Odyssey Homme 200 ml Original - Oud d\u2019Or - L\u2019essence du pouvoir","isPartOf":{"@id":"https:\/\/ouddorperfumes.com\/#website"},"primaryImageOfPage":{"@id":"https:\/\/ouddorperfumes.com\/index.php\/producto\/armaf-odyssey-homme-200-ml-original\/#primaryimage"},"image":{"@id":"https:\/\/ouddorperfumes.com\/index.php\/producto\/armaf-odyssey-homme-200-ml-original\/#primaryimage"},"thumbnailUrl":"https:\/\/ouddorperfumes.com\/wp-content\/uploads\/2025\/01\/Armaf-Odyssey-White-200-ml-Original.jpg","datePublished":"2025-01-03T04:37:30+00:00","dateModified":"2025-10-04T00:08:23+00:00","breadcrumb":{"@id":"https:\/\/ouddorperfumes.com\/index.php\/producto\/armaf-odyssey-homme-200-ml-original\/#breadcrumb"},"inLanguage":"es","potentialAction":[{"@type":"ReadAction","target":["https:\/\/ouddorperfumes.com\/index.php\/producto\/armaf-odyssey-homme-200-ml-original\/"]}]},{"@type":"ImageObject","inLanguage":"es","@id":"https:\/\/ouddorperfumes.com\/index.php\/producto\/armaf-odyssey-homme-200-ml-original\/#primaryimage","url":"https:\/\/ouddorperfumes.com\/wp-content\/uploads\/2025\/01\/Armaf-Odyssey-White-200-ml-Original.jpg","contentUrl":"https:\/\/ouddorperfumes.com\/wp-content\/uploads\/2025\/01\/Armaf-Odyssey-White-200-ml-Original.jpg","width":1654,"height":1654},{"@type":"BreadcrumbList","@id":"https:\/\/ouddorperfumes.com\/index.php\/producto\/armaf-odyssey-homme-200-ml-original\/#breadcrumb","itemListElement":[{"@type":"ListItem","position":1,"name":"Portada","item":"https:\/\/ouddorperfumes.com\/"},{"@type":"ListItem","position":2,"name":"Todos los Perfumes","item":"https:\/\/ouddorperfumes.com\/index.php\/todos-los-perfumes\/"},{"@type":"ListItem","position":3,"name":"Armaf Odyssey Homme 200 ml Original"}]},{"@type":"WebSite","@id":"https:\/\/ouddorperfumes.com\/#website","url":"https:\/\/ouddorperfumes.com\/","name":"Oud d\u2019Or - L\u2019essence du pouvoir","description":"Perfumes Arabes 100% Originales","potentialAction":[{"@type":"SearchAction","target":{"@type":"EntryPoint","urlTemplate":"https:\/\/ouddorperfumes.com\/?s={search_term_string}"},"query-input":{"@type":"PropertyValueSpecification","valueRequired":true,"valueName":"search_term_string"}}],"inLanguage":"es"}]}},"_links":{"self":[{"href":"https:\/\/ouddorperfumes.com\/index.php\/wp-json\/wp\/v2\/product\/9083","targetHints":{"allow":["GET"]}}],"collection":[{"href":"https:\/\/ouddorperfumes.com\/index.php\/wp-json\/wp\/v2\/product"}],"about":[{"href":"https:\/\/ouddorperfumes.com\/index.php\/wp-json\/wp\/v2\/types\/product"}],"version-history":[{"count":1,"href":"https:\/\/ouddorperfumes.com\/index.php\/wp-json\/wp\/v2\/product\/9083\/revisions"}],"predecessor-version":[{"id":11863,"href":"https:\/\/ouddorperfumes.com\/index.php\/wp-json\/wp\/v2\/product\/9083\/revisions\/11863"}],"wp:featuredmedia":[{"embeddable":true,"href":"https:\/\/ouddorperfumes.com\/index.php\/wp-json\/wp\/v2\/media\/9090"}],"wp:attachment":[{"href":"https:\/\/ouddorperfumes.com\/index.php\/wp-json\/wp\/v2\/media?parent=9083"}],"wp:term":[{"taxonomy":"product_brand","embeddable":true,"href":"https:\/\/ouddorperfumes.com\/index.php\/wp-json\/wp\/v2\/product_brand?post=9083"},{"taxonomy":"product_cat","embeddable":true,"href":"https:\/\/ouddorperfumes.com\/index.php\/wp-json\/wp\/v2\/product_cat?post=9083"},{"taxonomy":"product_tag","embeddable":true,"href":"https:\/\/ouddorperfumes.com\/index.php\/wp-json\/wp\/v2\/product_tag?post=9083"}],"curies":[{"name":"wp","href":"https:\/\/api.w.org\/{rel}","templated":true}]}}