{"id":9109,"date":"2025-01-03T23:20:23","date_gmt":"2025-01-04T04:20:23","guid":{"rendered":"https:\/\/ouddorperfumes.com\/index.php\/producto\/lattafa-khamrah-100-ml-original\/"},"modified":"2025-10-03T19:07:39","modified_gmt":"2025-10-04T00:07:39","slug":"lattafa-khamrah-100-ml-original","status":"publish","type":"product","link":"https:\/\/ouddorperfumes.com\/index.php\/producto\/lattafa-khamrah-100-ml-original\/","title":{"rendered":"Lattafa Khamrah 100 ml Original"},"content":{"rendered":"<p>Fragancia pulsante y apasionante que ejemplifica el aroma amaderado arom\u00e1tico con notas de bergamota y nardos cremosos salpicados con maderas de \u00e1mbar para producir una estela intensa que pueden usar tanto hombres como mujeres.<\/p>\n<p>Es una alternativa de Angels&#8217; Share By Kilian<\/p>\n<p><strong>Composici\u00f3n de la fragancia<\/strong><\/p>\n<p>Para empezar, Lattafa Khamrah lanza un aroma fresco de bergamota, especiado con una pizca de canela dulce y c\u00e1lida y una intensa nuez moscada. A continuaci\u00f3n, su atenci\u00f3n se centra en los sorprendentemente dulces acordes de d\u00e1til, que se entremezclan con un embriagador y endulzado iris, un embriagador nardo y suntuosos pralin\u00e9s. Las notas de fondo, que se depositan en la piel, contienen notas dulces y c\u00e1lidas de haba tonka tostada y benju\u00ed de Laos en polvo, acompa\u00f1adas de mirra arom\u00e1tica, vainilla intensa y la inconfundible madera de \u00e1mbar.<\/p>\n","protected":false},"excerpt":{"rendered":"<p>Fragancia pulsante y apasionante que ejemplifica el aroma amaderado arom\u00e1tico con notas de bergamota y nardos cremosos salpicados con maderas de \u00e1mbar para producir una estela intensa que pueden usar tanto hombres como mujeres.<\/p>\n<p>Es una alternativa de Angels&#8217; Share By Kilian<\/p>\n<p><strong>Composici\u00f3n de la fragancia<\/strong><\/p>\n<p>Para empezar, Lattafa Khamrah lanza un aroma fresco de bergamota, especiado con una pizca de canela dulce y c\u00e1lida y una intensa nuez moscada. A continuaci\u00f3n, su atenci\u00f3n se centra en los sorprendentemente dulces acordes de d\u00e1til, que se entremezclan con un embriagador y endulzado iris, un embriagador nardo y suntuosos pralin\u00e9s. Las notas de fondo, que se depositan en la piel, contienen notas dulces y c\u00e1lidas de haba tonka tostada y benju\u00ed de Laos en polvo, acompa\u00f1adas de mirra arom\u00e1tica, vainilla intensa y la inconfundible madera de \u00e1mbar.<\/p>\n<p><span style=\"color: #ff4400;\"><strong>\u2705 <span style=\"color: #d9a569;\">Pagos 100% Contraentrega.<\/span><\/strong><\/span><br \/>\n<span style=\"color: #ff4400;\"><strong>\u2705 <span style=\"color: #d9a569;\">Env\u00edo Gratis a toda Colombia.<\/span><\/strong><\/span><br \/>\n<span style=\"color: #ff4400;\"><strong>\u2705 <span style=\"color: #d9a569;\">Perfumes 100% Originales.<\/span><\/strong><\/span><\/p>\n","protected":false},"featured_media":9112,"template":"","meta":[],"product_brand":[],"product_cat":[169,182,168,177,170],"product_tag":[],"class_list":{"0":"post-9109","1":"product","2":"type-product","3":"status-publish","4":"has-post-thumbnail","6":"product_cat-hombre","7":"product_cat-lattafa","8":"product_cat-mujer","9":"product_cat-perfumes-arabes","10":"product_cat-unisex","12":"first","13":"instock","14":"sale","15":"shipping-taxable","16":"purchasable","17":"product-type-simple"},"yoast_head":"<!-- This site is optimized with the Yoast SEO plugin v27.3 - https:\/\/yoast.com\/product\/yoast-seo-wordpress\/ -->\n<title>Lattafa Khamrah 100 ml Original - Oud d\u2019Or - L\u2019essence du pouvoir<\/title>\n<meta name=\"robots\" content=\"index, follow, max-snippet:-1, max-image-preview:large, max-video-preview:-1\" \/>\n<link rel=\"canonical\" href=\"https:\/\/ouddorperfumes.com\/index.php\/producto\/lattafa-khamrah-100-ml-original\/\" \/>\n<meta property=\"og:locale\" content=\"es_ES\" \/>\n<meta property=\"og:type\" content=\"article\" \/>\n<meta property=\"og:title\" content=\"Lattafa Khamrah 100 ml Original - Oud d\u2019Or - L\u2019essence du pouvoir\" \/>\n<meta property=\"og:description\" content=\"Fragancia pulsante y apasionante que ejemplifica el aroma amaderado arom\u00e1tico con notas de bergamota y nardos cremosos salpicados con maderas de \u00e1mbar para producir una estela intensa que pueden usar tanto hombres como mujeres.  Es una alternativa de Angels&#039; Share By Kilian  Composici\u00f3n de la fragancia  Para empezar, Lattafa Khamrah lanza un aroma fresco de bergamota, especiado con una pizca de canela dulce y c\u00e1lida y una intensa nuez moscada. A continuaci\u00f3n, su atenci\u00f3n se centra en los sorprendentemente dulces acordes de d\u00e1til, que se entremezclan con un embriagador y endulzado iris, un embriagador nardo y suntuosos pralin\u00e9s. Las notas de fondo, que se depositan en la piel, contienen notas dulces y c\u00e1lidas de haba tonka tostada y benju\u00ed de Laos en polvo, acompa\u00f1adas de mirra arom\u00e1tica, vainilla intensa y la inconfundible madera de \u00e1mbar.  \u2705 Pagos 100% Contraentrega. \u2705 Env\u00edo Gratis a toda Colombia. \u2705 Perfumes 100% Originales.\" \/>\n<meta property=\"og:url\" content=\"https:\/\/ouddorperfumes.com\/index.php\/producto\/lattafa-khamrah-100-ml-original\/\" \/>\n<meta property=\"og:site_name\" content=\"Oud d\u2019Or - L\u2019essence du pouvoir\" \/>\n<meta property=\"article:modified_time\" content=\"2025-10-04T00:07:39+00:00\" \/>\n<meta property=\"og:image\" content=\"https:\/\/ouddorperfumes.com\/wp-content\/uploads\/2025\/01\/Plantilla-360-60.jpg\" \/>\n\t<meta property=\"og:image:width\" content=\"1654\" \/>\n\t<meta property=\"og:image:height\" content=\"1654\" \/>\n\t<meta property=\"og:image:type\" content=\"image\/jpeg\" \/>\n<meta name=\"twitter:card\" content=\"summary_large_image\" \/>\n<meta name=\"twitter:label1\" content=\"Tiempo de lectura\" \/>\n\t<meta name=\"twitter:data1\" content=\"1 minuto\" \/>\n<script type=\"application\/ld+json\" class=\"yoast-schema-graph\">{\"@context\":\"https:\\\/\\\/schema.org\",\"@graph\":[{\"@type\":\"WebPage\",\"@id\":\"https:\\\/\\\/ouddorperfumes.com\\\/index.php\\\/producto\\\/lattafa-khamrah-100-ml-original\\\/\",\"url\":\"https:\\\/\\\/ouddorperfumes.com\\\/index.php\\\/producto\\\/lattafa-khamrah-100-ml-original\\\/\",\"name\":\"Lattafa Khamrah 100 ml Original - Oud d\u2019Or - L\u2019essence du pouvoir\",\"isPartOf\":{\"@id\":\"https:\\\/\\\/ouddorperfumes.com\\\/#website\"},\"primaryImageOfPage\":{\"@id\":\"https:\\\/\\\/ouddorperfumes.com\\\/index.php\\\/producto\\\/lattafa-khamrah-100-ml-original\\\/#primaryimage\"},\"image\":{\"@id\":\"https:\\\/\\\/ouddorperfumes.com\\\/index.php\\\/producto\\\/lattafa-khamrah-100-ml-original\\\/#primaryimage\"},\"thumbnailUrl\":\"https:\\\/\\\/ouddorperfumes.com\\\/wp-content\\\/uploads\\\/2025\\\/01\\\/Plantilla-360-60.jpg\",\"datePublished\":\"2025-01-04T04:20:23+00:00\",\"dateModified\":\"2025-10-04T00:07:39+00:00\",\"breadcrumb\":{\"@id\":\"https:\\\/\\\/ouddorperfumes.com\\\/index.php\\\/producto\\\/lattafa-khamrah-100-ml-original\\\/#breadcrumb\"},\"inLanguage\":\"es\",\"potentialAction\":[{\"@type\":\"ReadAction\",\"target\":[\"https:\\\/\\\/ouddorperfumes.com\\\/index.php\\\/producto\\\/lattafa-khamrah-100-ml-original\\\/\"]}]},{\"@type\":\"ImageObject\",\"inLanguage\":\"es\",\"@id\":\"https:\\\/\\\/ouddorperfumes.com\\\/index.php\\\/producto\\\/lattafa-khamrah-100-ml-original\\\/#primaryimage\",\"url\":\"https:\\\/\\\/ouddorperfumes.com\\\/wp-content\\\/uploads\\\/2025\\\/01\\\/Plantilla-360-60.jpg\",\"contentUrl\":\"https:\\\/\\\/ouddorperfumes.com\\\/wp-content\\\/uploads\\\/2025\\\/01\\\/Plantilla-360-60.jpg\",\"width\":1654,\"height\":1654},{\"@type\":\"BreadcrumbList\",\"@id\":\"https:\\\/\\\/ouddorperfumes.com\\\/index.php\\\/producto\\\/lattafa-khamrah-100-ml-original\\\/#breadcrumb\",\"itemListElement\":[{\"@type\":\"ListItem\",\"position\":1,\"name\":\"Portada\",\"item\":\"https:\\\/\\\/ouddorperfumes.com\\\/\"},{\"@type\":\"ListItem\",\"position\":2,\"name\":\"Todos los Perfumes\",\"item\":\"https:\\\/\\\/ouddorperfumes.com\\\/index.php\\\/todos-los-perfumes\\\/\"},{\"@type\":\"ListItem\",\"position\":3,\"name\":\"Lattafa Khamrah 100 ml Original\"}]},{\"@type\":\"WebSite\",\"@id\":\"https:\\\/\\\/ouddorperfumes.com\\\/#website\",\"url\":\"https:\\\/\\\/ouddorperfumes.com\\\/\",\"name\":\"Oud d\u2019Or - L\u2019essence du pouvoir\",\"description\":\"Perfumes Arabes 100% Originales\",\"potentialAction\":[{\"@type\":\"SearchAction\",\"target\":{\"@type\":\"EntryPoint\",\"urlTemplate\":\"https:\\\/\\\/ouddorperfumes.com\\\/?s={search_term_string}\"},\"query-input\":{\"@type\":\"PropertyValueSpecification\",\"valueRequired\":true,\"valueName\":\"search_term_string\"}}],\"inLanguage\":\"es\"}]}<\/script>\n<!-- \/ Yoast SEO plugin. -->","yoast_head_json":{"title":"Lattafa Khamrah 100 ml Original - Oud d\u2019Or - L\u2019essence du pouvoir","robots":{"index":"index","follow":"follow","max-snippet":"max-snippet:-1","max-image-preview":"max-image-preview:large","max-video-preview":"max-video-preview:-1"},"canonical":"https:\/\/ouddorperfumes.com\/index.php\/producto\/lattafa-khamrah-100-ml-original\/","og_locale":"es_ES","og_type":"article","og_title":"Lattafa Khamrah 100 ml Original - Oud d\u2019Or - L\u2019essence du pouvoir","og_description":"Fragancia pulsante y apasionante que ejemplifica el aroma amaderado arom\u00e1tico con notas de bergamota y nardos cremosos salpicados con maderas de \u00e1mbar para producir una estela intensa que pueden usar tanto hombres como mujeres.  Es una alternativa de Angels' Share By Kilian  Composici\u00f3n de la fragancia  Para empezar, Lattafa Khamrah lanza un aroma fresco de bergamota, especiado con una pizca de canela dulce y c\u00e1lida y una intensa nuez moscada. A continuaci\u00f3n, su atenci\u00f3n se centra en los sorprendentemente dulces acordes de d\u00e1til, que se entremezclan con un embriagador y endulzado iris, un embriagador nardo y suntuosos pralin\u00e9s. Las notas de fondo, que se depositan en la piel, contienen notas dulces y c\u00e1lidas de haba tonka tostada y benju\u00ed de Laos en polvo, acompa\u00f1adas de mirra arom\u00e1tica, vainilla intensa y la inconfundible madera de \u00e1mbar.  \u2705 Pagos 100% Contraentrega. \u2705 Env\u00edo Gratis a toda Colombia. \u2705 Perfumes 100% Originales.","og_url":"https:\/\/ouddorperfumes.com\/index.php\/producto\/lattafa-khamrah-100-ml-original\/","og_site_name":"Oud d\u2019Or - L\u2019essence du pouvoir","article_modified_time":"2025-10-04T00:07:39+00:00","og_image":[{"width":1654,"height":1654,"url":"https:\/\/ouddorperfumes.com\/wp-content\/uploads\/2025\/01\/Plantilla-360-60.jpg","type":"image\/jpeg"}],"twitter_card":"summary_large_image","twitter_misc":{"Tiempo de lectura":"1 minuto"},"schema":{"@context":"https:\/\/schema.org","@graph":[{"@type":"WebPage","@id":"https:\/\/ouddorperfumes.com\/index.php\/producto\/lattafa-khamrah-100-ml-original\/","url":"https:\/\/ouddorperfumes.com\/index.php\/producto\/lattafa-khamrah-100-ml-original\/","name":"Lattafa Khamrah 100 ml Original - Oud d\u2019Or - L\u2019essence du pouvoir","isPartOf":{"@id":"https:\/\/ouddorperfumes.com\/#website"},"primaryImageOfPage":{"@id":"https:\/\/ouddorperfumes.com\/index.php\/producto\/lattafa-khamrah-100-ml-original\/#primaryimage"},"image":{"@id":"https:\/\/ouddorperfumes.com\/index.php\/producto\/lattafa-khamrah-100-ml-original\/#primaryimage"},"thumbnailUrl":"https:\/\/ouddorperfumes.com\/wp-content\/uploads\/2025\/01\/Plantilla-360-60.jpg","datePublished":"2025-01-04T04:20:23+00:00","dateModified":"2025-10-04T00:07:39+00:00","breadcrumb":{"@id":"https:\/\/ouddorperfumes.com\/index.php\/producto\/lattafa-khamrah-100-ml-original\/#breadcrumb"},"inLanguage":"es","potentialAction":[{"@type":"ReadAction","target":["https:\/\/ouddorperfumes.com\/index.php\/producto\/lattafa-khamrah-100-ml-original\/"]}]},{"@type":"ImageObject","inLanguage":"es","@id":"https:\/\/ouddorperfumes.com\/index.php\/producto\/lattafa-khamrah-100-ml-original\/#primaryimage","url":"https:\/\/ouddorperfumes.com\/wp-content\/uploads\/2025\/01\/Plantilla-360-60.jpg","contentUrl":"https:\/\/ouddorperfumes.com\/wp-content\/uploads\/2025\/01\/Plantilla-360-60.jpg","width":1654,"height":1654},{"@type":"BreadcrumbList","@id":"https:\/\/ouddorperfumes.com\/index.php\/producto\/lattafa-khamrah-100-ml-original\/#breadcrumb","itemListElement":[{"@type":"ListItem","position":1,"name":"Portada","item":"https:\/\/ouddorperfumes.com\/"},{"@type":"ListItem","position":2,"name":"Todos los Perfumes","item":"https:\/\/ouddorperfumes.com\/index.php\/todos-los-perfumes\/"},{"@type":"ListItem","position":3,"name":"Lattafa Khamrah 100 ml Original"}]},{"@type":"WebSite","@id":"https:\/\/ouddorperfumes.com\/#website","url":"https:\/\/ouddorperfumes.com\/","name":"Oud d\u2019Or - L\u2019essence du pouvoir","description":"Perfumes Arabes 100% Originales","potentialAction":[{"@type":"SearchAction","target":{"@type":"EntryPoint","urlTemplate":"https:\/\/ouddorperfumes.com\/?s={search_term_string}"},"query-input":{"@type":"PropertyValueSpecification","valueRequired":true,"valueName":"search_term_string"}}],"inLanguage":"es"}]}},"_links":{"self":[{"href":"https:\/\/ouddorperfumes.com\/index.php\/wp-json\/wp\/v2\/product\/9109","targetHints":{"allow":["GET"]}}],"collection":[{"href":"https:\/\/ouddorperfumes.com\/index.php\/wp-json\/wp\/v2\/product"}],"about":[{"href":"https:\/\/ouddorperfumes.com\/index.php\/wp-json\/wp\/v2\/types\/product"}],"version-history":[{"count":1,"href":"https:\/\/ouddorperfumes.com\/index.php\/wp-json\/wp\/v2\/product\/9109\/revisions"}],"predecessor-version":[{"id":11860,"href":"https:\/\/ouddorperfumes.com\/index.php\/wp-json\/wp\/v2\/product\/9109\/revisions\/11860"}],"wp:featuredmedia":[{"embeddable":true,"href":"https:\/\/ouddorperfumes.com\/index.php\/wp-json\/wp\/v2\/media\/9112"}],"wp:attachment":[{"href":"https:\/\/ouddorperfumes.com\/index.php\/wp-json\/wp\/v2\/media?parent=9109"}],"wp:term":[{"taxonomy":"product_brand","embeddable":true,"href":"https:\/\/ouddorperfumes.com\/index.php\/wp-json\/wp\/v2\/product_brand?post=9109"},{"taxonomy":"product_cat","embeddable":true,"href":"https:\/\/ouddorperfumes.com\/index.php\/wp-json\/wp\/v2\/product_cat?post=9109"},{"taxonomy":"product_tag","embeddable":true,"href":"https:\/\/ouddorperfumes.com\/index.php\/wp-json\/wp\/v2\/product_tag?post=9109"}],"curies":[{"name":"wp","href":"https:\/\/api.w.org\/{rel}","templated":true}]}}