{"id":9205,"date":"2025-01-04T10:54:07","date_gmt":"2025-01-04T15:54:07","guid":{"rendered":"https:\/\/ouddorperfumes.com\/index.php\/producto\/benetton-color-woman-purple-80-ml-original\/"},"modified":"2025-10-03T19:07:00","modified_gmt":"2025-10-04T00:07:00","slug":"benetton-color-woman-purple-80-ml-original","status":"publish","type":"product","link":"https:\/\/ouddorperfumes.com\/index.php\/producto\/benetton-color-woman-purple-80-ml-original\/","title":{"rendered":"Benetton Color Woman Purple 80 ml Original"},"content":{"rendered":"<p>Colors de Benetton Woman Purple de Benetton es una fragancia de la familia olfativa chipre floral para mujeres. Colors de Benetton Woman Purple se lanz\u00f3 en 2017. Las notas de salida son toronja, pomelo, bergamota y neroli; las notas de coraz\u00f3n son rosa, jazm\u00edn y fresia; y las notas de fondo son pralin\u00e9, hojas de pachul\u00ed y almizcle.<\/p>\n","protected":false},"excerpt":{"rendered":"<p>Colors de Benetton Woman Purple de Benetton es una fragancia de la familia olfativa chipre floral para mujeres. Colors de Benetton Woman Purple se lanz\u00f3 en 2017. Las notas de salida son toronja, pomelo, bergamota y neroli; las notas de coraz\u00f3n son rosa, jazm\u00edn y fresia; y las notas de fondo son pralin\u00e9, hojas de pachul\u00ed y almizcle.<\/p>\n<p><span style=\"color: #ff4400;\"><strong>\u2705 <span style=\"color: #d9a569;\">Pagos 100% Contraentrega.<\/span><\/strong><\/span><br \/>\n<span style=\"color: #ff4400;\"><strong>\u2705 <span style=\"color: #d9a569;\">Env\u00edo Gratis a toda Colombia.<\/span><\/strong><\/span><br \/>\n<span style=\"color: #ff4400;\"><strong>\u2705 <span style=\"color: #d9a569;\">Perfumes 100% Originales.<\/span><\/strong><\/span><\/p>\n","protected":false},"featured_media":9135,"template":"","meta":[],"product_brand":[],"product_cat":[184,198,168],"product_tag":[],"class_list":{"0":"post-9205","1":"product","2":"type-product","3":"status-publish","4":"has-post-thumbnail","6":"product_cat-benetton","7":"product_cat-disenador","8":"product_cat-mujer","10":"first","11":"instock","12":"sale","13":"shipping-taxable","14":"purchasable","15":"product-type-simple"},"yoast_head":"<!-- This site is optimized with the Yoast SEO plugin v27.3 - https:\/\/yoast.com\/product\/yoast-seo-wordpress\/ -->\n<title>Benetton Color Woman Purple 80 ml Original - Oud d\u2019Or - L\u2019essence du pouvoir<\/title>\n<meta name=\"robots\" content=\"index, follow, max-snippet:-1, max-image-preview:large, max-video-preview:-1\" \/>\n<link rel=\"canonical\" href=\"https:\/\/ouddorperfumes.com\/index.php\/producto\/benetton-color-woman-purple-80-ml-original\/\" \/>\n<meta property=\"og:locale\" content=\"es_ES\" \/>\n<meta property=\"og:type\" content=\"article\" \/>\n<meta property=\"og:title\" content=\"Benetton Color Woman Purple 80 ml Original - Oud d\u2019Or - L\u2019essence du pouvoir\" \/>\n<meta property=\"og:description\" content=\"Colors de Benetton Woman Purple de Benetton es una fragancia de la familia olfativa chipre floral para mujeres. Colors de Benetton Woman Purple se lanz\u00f3 en 2017. Las notas de salida son toronja, pomelo, bergamota y neroli; las notas de coraz\u00f3n son rosa, jazm\u00edn y fresia; y las notas de fondo son pralin\u00e9, hojas de pachul\u00ed y almizcle.  \u2705 Pagos 100% Contraentrega. \u2705 Env\u00edo Gratis a toda Colombia. \u2705 Perfumes 100% Originales.\" \/>\n<meta property=\"og:url\" content=\"https:\/\/ouddorperfumes.com\/index.php\/producto\/benetton-color-woman-purple-80-ml-original\/\" \/>\n<meta property=\"og:site_name\" content=\"Oud d\u2019Or - L\u2019essence du pouvoir\" \/>\n<meta property=\"article:modified_time\" content=\"2025-10-04T00:07:00+00:00\" \/>\n<meta property=\"og:image\" content=\"https:\/\/ouddorperfumes.com\/wp-content\/uploads\/2025\/01\/Plantilla-360-18.jpg\" \/>\n\t<meta property=\"og:image:width\" content=\"1654\" \/>\n\t<meta property=\"og:image:height\" content=\"1654\" \/>\n\t<meta property=\"og:image:type\" content=\"image\/jpeg\" \/>\n<meta name=\"twitter:card\" content=\"summary_large_image\" \/>\n<meta name=\"twitter:label1\" content=\"Tiempo de lectura\" \/>\n\t<meta name=\"twitter:data1\" content=\"1 minuto\" \/>\n<script type=\"application\/ld+json\" class=\"yoast-schema-graph\">{\"@context\":\"https:\\\/\\\/schema.org\",\"@graph\":[{\"@type\":\"WebPage\",\"@id\":\"https:\\\/\\\/ouddorperfumes.com\\\/index.php\\\/producto\\\/benetton-color-woman-purple-80-ml-original\\\/\",\"url\":\"https:\\\/\\\/ouddorperfumes.com\\\/index.php\\\/producto\\\/benetton-color-woman-purple-80-ml-original\\\/\",\"name\":\"Benetton Color Woman Purple 80 ml Original - Oud d\u2019Or - L\u2019essence du pouvoir\",\"isPartOf\":{\"@id\":\"https:\\\/\\\/ouddorperfumes.com\\\/#website\"},\"primaryImageOfPage\":{\"@id\":\"https:\\\/\\\/ouddorperfumes.com\\\/index.php\\\/producto\\\/benetton-color-woman-purple-80-ml-original\\\/#primaryimage\"},\"image\":{\"@id\":\"https:\\\/\\\/ouddorperfumes.com\\\/index.php\\\/producto\\\/benetton-color-woman-purple-80-ml-original\\\/#primaryimage\"},\"thumbnailUrl\":\"https:\\\/\\\/ouddorperfumes.com\\\/wp-content\\\/uploads\\\/2025\\\/01\\\/Plantilla-360-18.jpg\",\"datePublished\":\"2025-01-04T15:54:07+00:00\",\"dateModified\":\"2025-10-04T00:07:00+00:00\",\"breadcrumb\":{\"@id\":\"https:\\\/\\\/ouddorperfumes.com\\\/index.php\\\/producto\\\/benetton-color-woman-purple-80-ml-original\\\/#breadcrumb\"},\"inLanguage\":\"es\",\"potentialAction\":[{\"@type\":\"ReadAction\",\"target\":[\"https:\\\/\\\/ouddorperfumes.com\\\/index.php\\\/producto\\\/benetton-color-woman-purple-80-ml-original\\\/\"]}]},{\"@type\":\"ImageObject\",\"inLanguage\":\"es\",\"@id\":\"https:\\\/\\\/ouddorperfumes.com\\\/index.php\\\/producto\\\/benetton-color-woman-purple-80-ml-original\\\/#primaryimage\",\"url\":\"https:\\\/\\\/ouddorperfumes.com\\\/wp-content\\\/uploads\\\/2025\\\/01\\\/Plantilla-360-18.jpg\",\"contentUrl\":\"https:\\\/\\\/ouddorperfumes.com\\\/wp-content\\\/uploads\\\/2025\\\/01\\\/Plantilla-360-18.jpg\",\"width\":1654,\"height\":1654},{\"@type\":\"BreadcrumbList\",\"@id\":\"https:\\\/\\\/ouddorperfumes.com\\\/index.php\\\/producto\\\/benetton-color-woman-purple-80-ml-original\\\/#breadcrumb\",\"itemListElement\":[{\"@type\":\"ListItem\",\"position\":1,\"name\":\"Portada\",\"item\":\"https:\\\/\\\/ouddorperfumes.com\\\/\"},{\"@type\":\"ListItem\",\"position\":2,\"name\":\"Todos los Perfumes\",\"item\":\"https:\\\/\\\/ouddorperfumes.com\\\/index.php\\\/todos-los-perfumes\\\/\"},{\"@type\":\"ListItem\",\"position\":3,\"name\":\"Benetton Color Woman Purple 80 ml Original\"}]},{\"@type\":\"WebSite\",\"@id\":\"https:\\\/\\\/ouddorperfumes.com\\\/#website\",\"url\":\"https:\\\/\\\/ouddorperfumes.com\\\/\",\"name\":\"Oud d\u2019Or - L\u2019essence du pouvoir\",\"description\":\"Perfumes Arabes 100% Originales\",\"potentialAction\":[{\"@type\":\"SearchAction\",\"target\":{\"@type\":\"EntryPoint\",\"urlTemplate\":\"https:\\\/\\\/ouddorperfumes.com\\\/?s={search_term_string}\"},\"query-input\":{\"@type\":\"PropertyValueSpecification\",\"valueRequired\":true,\"valueName\":\"search_term_string\"}}],\"inLanguage\":\"es\"}]}<\/script>\n<!-- \/ Yoast SEO plugin. -->","yoast_head_json":{"title":"Benetton Color Woman Purple 80 ml Original - Oud d\u2019Or - L\u2019essence du pouvoir","robots":{"index":"index","follow":"follow","max-snippet":"max-snippet:-1","max-image-preview":"max-image-preview:large","max-video-preview":"max-video-preview:-1"},"canonical":"https:\/\/ouddorperfumes.com\/index.php\/producto\/benetton-color-woman-purple-80-ml-original\/","og_locale":"es_ES","og_type":"article","og_title":"Benetton Color Woman Purple 80 ml Original - Oud d\u2019Or - L\u2019essence du pouvoir","og_description":"Colors de Benetton Woman Purple de Benetton es una fragancia de la familia olfativa chipre floral para mujeres. Colors de Benetton Woman Purple se lanz\u00f3 en 2017. Las notas de salida son toronja, pomelo, bergamota y neroli; las notas de coraz\u00f3n son rosa, jazm\u00edn y fresia; y las notas de fondo son pralin\u00e9, hojas de pachul\u00ed y almizcle.  \u2705 Pagos 100% Contraentrega. \u2705 Env\u00edo Gratis a toda Colombia. \u2705 Perfumes 100% Originales.","og_url":"https:\/\/ouddorperfumes.com\/index.php\/producto\/benetton-color-woman-purple-80-ml-original\/","og_site_name":"Oud d\u2019Or - L\u2019essence du pouvoir","article_modified_time":"2025-10-04T00:07:00+00:00","og_image":[{"width":1654,"height":1654,"url":"https:\/\/ouddorperfumes.com\/wp-content\/uploads\/2025\/01\/Plantilla-360-18.jpg","type":"image\/jpeg"}],"twitter_card":"summary_large_image","twitter_misc":{"Tiempo de lectura":"1 minuto"},"schema":{"@context":"https:\/\/schema.org","@graph":[{"@type":"WebPage","@id":"https:\/\/ouddorperfumes.com\/index.php\/producto\/benetton-color-woman-purple-80-ml-original\/","url":"https:\/\/ouddorperfumes.com\/index.php\/producto\/benetton-color-woman-purple-80-ml-original\/","name":"Benetton Color Woman Purple 80 ml Original - Oud d\u2019Or - L\u2019essence du pouvoir","isPartOf":{"@id":"https:\/\/ouddorperfumes.com\/#website"},"primaryImageOfPage":{"@id":"https:\/\/ouddorperfumes.com\/index.php\/producto\/benetton-color-woman-purple-80-ml-original\/#primaryimage"},"image":{"@id":"https:\/\/ouddorperfumes.com\/index.php\/producto\/benetton-color-woman-purple-80-ml-original\/#primaryimage"},"thumbnailUrl":"https:\/\/ouddorperfumes.com\/wp-content\/uploads\/2025\/01\/Plantilla-360-18.jpg","datePublished":"2025-01-04T15:54:07+00:00","dateModified":"2025-10-04T00:07:00+00:00","breadcrumb":{"@id":"https:\/\/ouddorperfumes.com\/index.php\/producto\/benetton-color-woman-purple-80-ml-original\/#breadcrumb"},"inLanguage":"es","potentialAction":[{"@type":"ReadAction","target":["https:\/\/ouddorperfumes.com\/index.php\/producto\/benetton-color-woman-purple-80-ml-original\/"]}]},{"@type":"ImageObject","inLanguage":"es","@id":"https:\/\/ouddorperfumes.com\/index.php\/producto\/benetton-color-woman-purple-80-ml-original\/#primaryimage","url":"https:\/\/ouddorperfumes.com\/wp-content\/uploads\/2025\/01\/Plantilla-360-18.jpg","contentUrl":"https:\/\/ouddorperfumes.com\/wp-content\/uploads\/2025\/01\/Plantilla-360-18.jpg","width":1654,"height":1654},{"@type":"BreadcrumbList","@id":"https:\/\/ouddorperfumes.com\/index.php\/producto\/benetton-color-woman-purple-80-ml-original\/#breadcrumb","itemListElement":[{"@type":"ListItem","position":1,"name":"Portada","item":"https:\/\/ouddorperfumes.com\/"},{"@type":"ListItem","position":2,"name":"Todos los Perfumes","item":"https:\/\/ouddorperfumes.com\/index.php\/todos-los-perfumes\/"},{"@type":"ListItem","position":3,"name":"Benetton Color Woman Purple 80 ml Original"}]},{"@type":"WebSite","@id":"https:\/\/ouddorperfumes.com\/#website","url":"https:\/\/ouddorperfumes.com\/","name":"Oud d\u2019Or - L\u2019essence du pouvoir","description":"Perfumes Arabes 100% Originales","potentialAction":[{"@type":"SearchAction","target":{"@type":"EntryPoint","urlTemplate":"https:\/\/ouddorperfumes.com\/?s={search_term_string}"},"query-input":{"@type":"PropertyValueSpecification","valueRequired":true,"valueName":"search_term_string"}}],"inLanguage":"es"}]}},"_links":{"self":[{"href":"https:\/\/ouddorperfumes.com\/index.php\/wp-json\/wp\/v2\/product\/9205","targetHints":{"allow":["GET"]}}],"collection":[{"href":"https:\/\/ouddorperfumes.com\/index.php\/wp-json\/wp\/v2\/product"}],"about":[{"href":"https:\/\/ouddorperfumes.com\/index.php\/wp-json\/wp\/v2\/types\/product"}],"version-history":[{"count":1,"href":"https:\/\/ouddorperfumes.com\/index.php\/wp-json\/wp\/v2\/product\/9205\/revisions"}],"predecessor-version":[{"id":11857,"href":"https:\/\/ouddorperfumes.com\/index.php\/wp-json\/wp\/v2\/product\/9205\/revisions\/11857"}],"wp:featuredmedia":[{"embeddable":true,"href":"https:\/\/ouddorperfumes.com\/index.php\/wp-json\/wp\/v2\/media\/9135"}],"wp:attachment":[{"href":"https:\/\/ouddorperfumes.com\/index.php\/wp-json\/wp\/v2\/media?parent=9205"}],"wp:term":[{"taxonomy":"product_brand","embeddable":true,"href":"https:\/\/ouddorperfumes.com\/index.php\/wp-json\/wp\/v2\/product_brand?post=9205"},{"taxonomy":"product_cat","embeddable":true,"href":"https:\/\/ouddorperfumes.com\/index.php\/wp-json\/wp\/v2\/product_cat?post=9205"},{"taxonomy":"product_tag","embeddable":true,"href":"https:\/\/ouddorperfumes.com\/index.php\/wp-json\/wp\/v2\/product_tag?post=9205"}],"curies":[{"name":"wp","href":"https:\/\/api.w.org\/{rel}","templated":true}]}}