{"id":9227,"date":"2025-01-04T12:21:40","date_gmt":"2025-01-04T17:21:40","guid":{"rendered":"https:\/\/ouddorperfumes.com\/index.php\/producto\/giorgio-armani-acqua-di-gio-dm-100-ml\/"},"modified":"2025-10-03T19:02:22","modified_gmt":"2025-10-04T00:02:22","slug":"giorgio-armani-acqua-di-gio-100-ml-2","status":"publish","type":"product","link":"https:\/\/ouddorperfumes.com\/index.php\/producto\/giorgio-armani-acqua-di-gio-100-ml-2\/","title":{"rendered":"Giorgio Armani Acqua Di Gio 100 ml"},"content":{"rendered":"<p>Acqua di Gio de Giorgio Armani es una fragancia de la familia olfativa floral frutal para mujeres. Acqua di Gio se lanz\u00f3 en 1995. La nariz detr\u00e1s de esta fragancia es Edouard Fl\u00e9chier. Las notas de salida son peon\u00eda, vodka con sabor a dulces de musk, pi\u00f1a, lim\u00f3n, lima \u00e1cida, durazno, melocot\u00f3n, hoja de pl\u00e1tano y violeta; las notas de coraz\u00f3n son lirio de los valles, muguete, azucena, jacinto, jazm\u00edn, fresia, calone, ylang-ylang y rosa; y las notas de fondo son almizcle, cedro, s\u00e1ndalo, \u00e1mbar y styrax.<\/p>\n","protected":false},"excerpt":{"rendered":"<p>Acqua di Gio de Giorgio Armani es una fragancia de la familia olfativa floral frutal para mujeres. Acqua di Gio se lanz\u00f3 en 1995. La nariz detr\u00e1s de esta fragancia es Edouard Fl\u00e9chier. Las notas de salida son peon\u00eda, vodka con sabor a dulces de musk, pi\u00f1a, lim\u00f3n, lima \u00e1cida, durazno, melocot\u00f3n, hoja de pl\u00e1tano y violeta; las notas de coraz\u00f3n son lirio de los valles, muguete, azucena, jacinto, jazm\u00edn, fresia, calone, ylang-ylang y rosa; y las notas de fondo son almizcle, cedro, s\u00e1ndalo, \u00e1mbar y styrax.<\/p>\n<p><span style=\"color: #ff4400;\"><strong>\u2705 <span style=\"color: #d9a569;\">Pagos 100% Contraentrega.<\/span><\/strong><\/span><br \/>\n<span style=\"color: #ff4400;\"><strong>\u2705 <span style=\"color: #d9a569;\">Env\u00edo Gratis a toda Colombia.<\/span><\/strong><\/span><br \/>\n<span style=\"color: #ff4400;\"><strong>\u2705 <span style=\"color: #d9a569;\">Perfumes 100% Originales.<\/span><\/strong><\/span><\/p>\n","protected":false},"featured_media":9182,"template":"","meta":[],"product_brand":[],"product_cat":[198,187,169],"product_tag":[],"class_list":{"0":"post-9227","1":"product","2":"type-product","3":"status-publish","4":"has-post-thumbnail","6":"product_cat-disenador","7":"product_cat-giorgio-armani","8":"product_cat-hombre","10":"first","11":"instock","12":"sale","13":"shipping-taxable","14":"purchasable","15":"product-type-simple"},"yoast_head":"<!-- This site is optimized with the Yoast SEO plugin v27.3 - https:\/\/yoast.com\/product\/yoast-seo-wordpress\/ -->\n<title>Giorgio Armani Acqua Di Gio 100 ml - Oud d\u2019Or - L\u2019essence du pouvoir<\/title>\n<meta name=\"robots\" content=\"index, follow, max-snippet:-1, max-image-preview:large, max-video-preview:-1\" \/>\n<link rel=\"canonical\" href=\"https:\/\/ouddorperfumes.com\/index.php\/producto\/giorgio-armani-acqua-di-gio-100-ml-2\/\" \/>\n<meta property=\"og:locale\" content=\"es_ES\" \/>\n<meta property=\"og:type\" content=\"article\" \/>\n<meta property=\"og:title\" content=\"Giorgio Armani Acqua Di Gio 100 ml - Oud d\u2019Or - L\u2019essence du pouvoir\" \/>\n<meta property=\"og:description\" content=\"Acqua di Gio de Giorgio Armani es una fragancia de la familia olfativa floral frutal para mujeres. Acqua di Gio se lanz\u00f3 en 1995. La nariz detr\u00e1s de esta fragancia es Edouard Fl\u00e9chier. Las notas de salida son peon\u00eda, vodka con sabor a dulces de musk, pi\u00f1a, lim\u00f3n, lima \u00e1cida, durazno, melocot\u00f3n, hoja de pl\u00e1tano y violeta; las notas de coraz\u00f3n son lirio de los valles, muguete, azucena, jacinto, jazm\u00edn, fresia, calone, ylang-ylang y rosa; y las notas de fondo son almizcle, cedro, s\u00e1ndalo, \u00e1mbar y styrax.  \u2705 Pagos 100% Contraentrega. \u2705 Env\u00edo Gratis a toda Colombia. \u2705 Perfumes 100% Originales.\" \/>\n<meta property=\"og:url\" content=\"https:\/\/ouddorperfumes.com\/index.php\/producto\/giorgio-armani-acqua-di-gio-100-ml-2\/\" \/>\n<meta property=\"og:site_name\" content=\"Oud d\u2019Or - L\u2019essence du pouvoir\" \/>\n<meta property=\"article:modified_time\" content=\"2025-10-04T00:02:22+00:00\" \/>\n<meta property=\"og:image\" content=\"https:\/\/ouddorperfumes.com\/wp-content\/uploads\/2025\/01\/Plantilla-360-67.jpg\" \/>\n\t<meta property=\"og:image:width\" content=\"1654\" \/>\n\t<meta property=\"og:image:height\" content=\"1654\" \/>\n\t<meta property=\"og:image:type\" content=\"image\/jpeg\" \/>\n<meta name=\"twitter:card\" content=\"summary_large_image\" \/>\n<meta name=\"twitter:label1\" content=\"Tiempo de lectura\" \/>\n\t<meta name=\"twitter:data1\" content=\"1 minuto\" \/>\n<script type=\"application\/ld+json\" class=\"yoast-schema-graph\">{\"@context\":\"https:\\\/\\\/schema.org\",\"@graph\":[{\"@type\":\"WebPage\",\"@id\":\"https:\\\/\\\/ouddorperfumes.com\\\/index.php\\\/producto\\\/giorgio-armani-acqua-di-gio-100-ml-2\\\/\",\"url\":\"https:\\\/\\\/ouddorperfumes.com\\\/index.php\\\/producto\\\/giorgio-armani-acqua-di-gio-100-ml-2\\\/\",\"name\":\"Giorgio Armani Acqua Di Gio 100 ml - Oud d\u2019Or - L\u2019essence du pouvoir\",\"isPartOf\":{\"@id\":\"https:\\\/\\\/ouddorperfumes.com\\\/#website\"},\"primaryImageOfPage\":{\"@id\":\"https:\\\/\\\/ouddorperfumes.com\\\/index.php\\\/producto\\\/giorgio-armani-acqua-di-gio-100-ml-2\\\/#primaryimage\"},\"image\":{\"@id\":\"https:\\\/\\\/ouddorperfumes.com\\\/index.php\\\/producto\\\/giorgio-armani-acqua-di-gio-100-ml-2\\\/#primaryimage\"},\"thumbnailUrl\":\"https:\\\/\\\/ouddorperfumes.com\\\/wp-content\\\/uploads\\\/2025\\\/01\\\/Plantilla-360-67.jpg\",\"datePublished\":\"2025-01-04T17:21:40+00:00\",\"dateModified\":\"2025-10-04T00:02:22+00:00\",\"breadcrumb\":{\"@id\":\"https:\\\/\\\/ouddorperfumes.com\\\/index.php\\\/producto\\\/giorgio-armani-acqua-di-gio-100-ml-2\\\/#breadcrumb\"},\"inLanguage\":\"es\",\"potentialAction\":[{\"@type\":\"ReadAction\",\"target\":[\"https:\\\/\\\/ouddorperfumes.com\\\/index.php\\\/producto\\\/giorgio-armani-acqua-di-gio-100-ml-2\\\/\"]}]},{\"@type\":\"ImageObject\",\"inLanguage\":\"es\",\"@id\":\"https:\\\/\\\/ouddorperfumes.com\\\/index.php\\\/producto\\\/giorgio-armani-acqua-di-gio-100-ml-2\\\/#primaryimage\",\"url\":\"https:\\\/\\\/ouddorperfumes.com\\\/wp-content\\\/uploads\\\/2025\\\/01\\\/Plantilla-360-67.jpg\",\"contentUrl\":\"https:\\\/\\\/ouddorperfumes.com\\\/wp-content\\\/uploads\\\/2025\\\/01\\\/Plantilla-360-67.jpg\",\"width\":1654,\"height\":1654},{\"@type\":\"BreadcrumbList\",\"@id\":\"https:\\\/\\\/ouddorperfumes.com\\\/index.php\\\/producto\\\/giorgio-armani-acqua-di-gio-100-ml-2\\\/#breadcrumb\",\"itemListElement\":[{\"@type\":\"ListItem\",\"position\":1,\"name\":\"Portada\",\"item\":\"https:\\\/\\\/ouddorperfumes.com\\\/\"},{\"@type\":\"ListItem\",\"position\":2,\"name\":\"Todos los Perfumes\",\"item\":\"https:\\\/\\\/ouddorperfumes.com\\\/index.php\\\/todos-los-perfumes\\\/\"},{\"@type\":\"ListItem\",\"position\":3,\"name\":\"Giorgio Armani Acqua Di Gio 100 ml\"}]},{\"@type\":\"WebSite\",\"@id\":\"https:\\\/\\\/ouddorperfumes.com\\\/#website\",\"url\":\"https:\\\/\\\/ouddorperfumes.com\\\/\",\"name\":\"Oud d\u2019Or - L\u2019essence du pouvoir\",\"description\":\"Perfumes Arabes 100% Originales\",\"potentialAction\":[{\"@type\":\"SearchAction\",\"target\":{\"@type\":\"EntryPoint\",\"urlTemplate\":\"https:\\\/\\\/ouddorperfumes.com\\\/?s={search_term_string}\"},\"query-input\":{\"@type\":\"PropertyValueSpecification\",\"valueRequired\":true,\"valueName\":\"search_term_string\"}}],\"inLanguage\":\"es\"}]}<\/script>\n<!-- \/ Yoast SEO plugin. -->","yoast_head_json":{"title":"Giorgio Armani Acqua Di Gio 100 ml - Oud d\u2019Or - L\u2019essence du pouvoir","robots":{"index":"index","follow":"follow","max-snippet":"max-snippet:-1","max-image-preview":"max-image-preview:large","max-video-preview":"max-video-preview:-1"},"canonical":"https:\/\/ouddorperfumes.com\/index.php\/producto\/giorgio-armani-acqua-di-gio-100-ml-2\/","og_locale":"es_ES","og_type":"article","og_title":"Giorgio Armani Acqua Di Gio 100 ml - Oud d\u2019Or - L\u2019essence du pouvoir","og_description":"Acqua di Gio de Giorgio Armani es una fragancia de la familia olfativa floral frutal para mujeres. Acqua di Gio se lanz\u00f3 en 1995. La nariz detr\u00e1s de esta fragancia es Edouard Fl\u00e9chier. Las notas de salida son peon\u00eda, vodka con sabor a dulces de musk, pi\u00f1a, lim\u00f3n, lima \u00e1cida, durazno, melocot\u00f3n, hoja de pl\u00e1tano y violeta; las notas de coraz\u00f3n son lirio de los valles, muguete, azucena, jacinto, jazm\u00edn, fresia, calone, ylang-ylang y rosa; y las notas de fondo son almizcle, cedro, s\u00e1ndalo, \u00e1mbar y styrax.  \u2705 Pagos 100% Contraentrega. \u2705 Env\u00edo Gratis a toda Colombia. \u2705 Perfumes 100% Originales.","og_url":"https:\/\/ouddorperfumes.com\/index.php\/producto\/giorgio-armani-acqua-di-gio-100-ml-2\/","og_site_name":"Oud d\u2019Or - L\u2019essence du pouvoir","article_modified_time":"2025-10-04T00:02:22+00:00","og_image":[{"width":1654,"height":1654,"url":"https:\/\/ouddorperfumes.com\/wp-content\/uploads\/2025\/01\/Plantilla-360-67.jpg","type":"image\/jpeg"}],"twitter_card":"summary_large_image","twitter_misc":{"Tiempo de lectura":"1 minuto"},"schema":{"@context":"https:\/\/schema.org","@graph":[{"@type":"WebPage","@id":"https:\/\/ouddorperfumes.com\/index.php\/producto\/giorgio-armani-acqua-di-gio-100-ml-2\/","url":"https:\/\/ouddorperfumes.com\/index.php\/producto\/giorgio-armani-acqua-di-gio-100-ml-2\/","name":"Giorgio Armani Acqua Di Gio 100 ml - Oud d\u2019Or - L\u2019essence du pouvoir","isPartOf":{"@id":"https:\/\/ouddorperfumes.com\/#website"},"primaryImageOfPage":{"@id":"https:\/\/ouddorperfumes.com\/index.php\/producto\/giorgio-armani-acqua-di-gio-100-ml-2\/#primaryimage"},"image":{"@id":"https:\/\/ouddorperfumes.com\/index.php\/producto\/giorgio-armani-acqua-di-gio-100-ml-2\/#primaryimage"},"thumbnailUrl":"https:\/\/ouddorperfumes.com\/wp-content\/uploads\/2025\/01\/Plantilla-360-67.jpg","datePublished":"2025-01-04T17:21:40+00:00","dateModified":"2025-10-04T00:02:22+00:00","breadcrumb":{"@id":"https:\/\/ouddorperfumes.com\/index.php\/producto\/giorgio-armani-acqua-di-gio-100-ml-2\/#breadcrumb"},"inLanguage":"es","potentialAction":[{"@type":"ReadAction","target":["https:\/\/ouddorperfumes.com\/index.php\/producto\/giorgio-armani-acqua-di-gio-100-ml-2\/"]}]},{"@type":"ImageObject","inLanguage":"es","@id":"https:\/\/ouddorperfumes.com\/index.php\/producto\/giorgio-armani-acqua-di-gio-100-ml-2\/#primaryimage","url":"https:\/\/ouddorperfumes.com\/wp-content\/uploads\/2025\/01\/Plantilla-360-67.jpg","contentUrl":"https:\/\/ouddorperfumes.com\/wp-content\/uploads\/2025\/01\/Plantilla-360-67.jpg","width":1654,"height":1654},{"@type":"BreadcrumbList","@id":"https:\/\/ouddorperfumes.com\/index.php\/producto\/giorgio-armani-acqua-di-gio-100-ml-2\/#breadcrumb","itemListElement":[{"@type":"ListItem","position":1,"name":"Portada","item":"https:\/\/ouddorperfumes.com\/"},{"@type":"ListItem","position":2,"name":"Todos los Perfumes","item":"https:\/\/ouddorperfumes.com\/index.php\/todos-los-perfumes\/"},{"@type":"ListItem","position":3,"name":"Giorgio Armani Acqua Di Gio 100 ml"}]},{"@type":"WebSite","@id":"https:\/\/ouddorperfumes.com\/#website","url":"https:\/\/ouddorperfumes.com\/","name":"Oud d\u2019Or - L\u2019essence du pouvoir","description":"Perfumes Arabes 100% Originales","potentialAction":[{"@type":"SearchAction","target":{"@type":"EntryPoint","urlTemplate":"https:\/\/ouddorperfumes.com\/?s={search_term_string}"},"query-input":{"@type":"PropertyValueSpecification","valueRequired":true,"valueName":"search_term_string"}}],"inLanguage":"es"}]}},"_links":{"self":[{"href":"https:\/\/ouddorperfumes.com\/index.php\/wp-json\/wp\/v2\/product\/9227","targetHints":{"allow":["GET"]}}],"collection":[{"href":"https:\/\/ouddorperfumes.com\/index.php\/wp-json\/wp\/v2\/product"}],"about":[{"href":"https:\/\/ouddorperfumes.com\/index.php\/wp-json\/wp\/v2\/types\/product"}],"version-history":[{"count":1,"href":"https:\/\/ouddorperfumes.com\/index.php\/wp-json\/wp\/v2\/product\/9227\/revisions"}],"predecessor-version":[{"id":11845,"href":"https:\/\/ouddorperfumes.com\/index.php\/wp-json\/wp\/v2\/product\/9227\/revisions\/11845"}],"wp:featuredmedia":[{"embeddable":true,"href":"https:\/\/ouddorperfumes.com\/index.php\/wp-json\/wp\/v2\/media\/9182"}],"wp:attachment":[{"href":"https:\/\/ouddorperfumes.com\/index.php\/wp-json\/wp\/v2\/media?parent=9227"}],"wp:term":[{"taxonomy":"product_brand","embeddable":true,"href":"https:\/\/ouddorperfumes.com\/index.php\/wp-json\/wp\/v2\/product_brand?post=9227"},{"taxonomy":"product_cat","embeddable":true,"href":"https:\/\/ouddorperfumes.com\/index.php\/wp-json\/wp\/v2\/product_cat?post=9227"},{"taxonomy":"product_tag","embeddable":true,"href":"https:\/\/ouddorperfumes.com\/index.php\/wp-json\/wp\/v2\/product_tag?post=9227"}],"curies":[{"name":"wp","href":"https:\/\/api.w.org\/{rel}","templated":true}]}}