{"id":9256,"date":"2025-01-05T00:01:08","date_gmt":"2025-01-05T05:01:08","guid":{"rendered":"https:\/\/ouddorperfumes.com\/index.php\/producto\/giorgio-armani-acqua-di-gio-200-ml\/"},"modified":"2025-10-03T19:00:31","modified_gmt":"2025-10-04T00:00:31","slug":"giorgio-armani-acqua-di-gio-200-ml","status":"publish","type":"product","link":"https:\/\/ouddorperfumes.com\/index.php\/producto\/giorgio-armani-acqua-di-gio-200-ml\/","title":{"rendered":"Giorgio Armani Acqua Di Gio 200 ml"},"content":{"rendered":"<p>No tengas miedo de expresarte y llamar la atenci\u00f3n. D\u00e9jate mimar por una experiencia inolvidable llena de masculinidad personalizada en el Eau de toilette Armani Acqua di Gio Pour Homme.<\/p>\n<ul>\n<li>composici\u00f3n c\u00edtrica fresca<\/li>\n<li>fragancia que transmite libertad y fuerza<\/li>\n<li>para los meses de primavera y verano<\/li>\n<\/ul>\n<p><strong>Composici\u00f3n de la fragancia<\/strong><\/p>\n<p>Acqua di Gio representa una armon\u00eda perfecta de los tonos dulces y y salados del agua del mar y de los rayos del sol que calientan la piel. Las esencias chispeantes de bergamota, lim\u00f3n, naranja y lima aportan una extrema frescura. El coraz\u00f3n floral de la fragancia est\u00e1 complementado con tonos marinos y arom\u00e1tica nuez moscada. El final se compone por almizcle blanco, cedro y pachuli indonesio.<\/p>\n<p><strong>Historia de la fragancia<\/strong><\/p>\n<p>Deja que los dem\u00e1s perciban tu verdadero yo. \u00a1Demuestra al mundo que eres fuerte, libre y atractivo! Eleva tu autoestima con la fragancia Acqua di Gio Pour Homme. Un hombre que no teme ser el centro de atenci\u00f3n y ser admirado por su forma de ser. Un hombre que no teme ser diferente.<\/p>\n","protected":false},"excerpt":{"rendered":"<p>No tengas miedo de expresarte y llamar la atenci\u00f3n. D\u00e9jate mimar por una experiencia inolvidable llena de masculinidad personalizada en el Eau de toilette Armani Acqua di Gio Pour Homme.<\/p>\n<ul>\n<li>composici\u00f3n c\u00edtrica fresca<\/li>\n<li>fragancia que transmite libertad y fuerza<\/li>\n<li>para los meses de primavera y verano<\/li>\n<\/ul>\n<p><strong>Composici\u00f3n de la fragancia<\/strong><\/p>\n<p>Acqua di Gio representa una armon\u00eda perfecta de los tonos dulces y y salados del agua del mar y de los rayos del sol que calientan la piel. Las esencias chispeantes de bergamota, lim\u00f3n, naranja y lima aportan una extrema frescura. El coraz\u00f3n floral de la fragancia est\u00e1 complementado con tonos marinos y arom\u00e1tica nuez moscada. El final se compone por almizcle blanco, cedro y pachuli indonesio.<\/p>\n<p><strong>Historia de la fragancia<\/strong><\/p>\n<p>Deja que los dem\u00e1s perciban tu verdadero yo. \u00a1Demuestra al mundo que eres fuerte, libre y atractivo! Eleva tu autoestima con la fragancia Acqua di Gio Pour Homme. Un hombre que no teme ser el centro de atenci\u00f3n y ser admirado por su forma de ser. Un hombre que no teme ser diferente.<\/p>\n<p><span style=\"color: #ff4400;\"><strong>\u2705 <span style=\"color: #d9a569;\">Pagos 100% Contraentrega.<\/span><\/strong><\/span><br \/>\n<span style=\"color: #ff4400;\"><strong>\u2705 <span style=\"color: #d9a569;\">Env\u00edo Gratis a toda Colombia.<\/span><\/strong><\/span><br \/>\n<span style=\"color: #ff4400;\"><strong>\u2705 <span style=\"color: #d9a569;\">Perfumes 100% Originales.<\/span><\/strong><\/span><\/p>\n","protected":false},"featured_media":9264,"template":"","meta":[],"product_brand":[],"product_cat":[198,187,169],"product_tag":[],"class_list":{"0":"post-9256","1":"product","2":"type-product","3":"status-publish","4":"has-post-thumbnail","6":"product_cat-disenador","7":"product_cat-giorgio-armani","8":"product_cat-hombre","10":"first","11":"instock","12":"sale","13":"shipping-taxable","14":"purchasable","15":"product-type-simple"},"yoast_head":"<!-- This site is optimized with the Yoast SEO plugin v27.3 - https:\/\/yoast.com\/product\/yoast-seo-wordpress\/ -->\n<title>Giorgio Armani Acqua Di Gio 200 ml - Oud d\u2019Or - L\u2019essence du pouvoir<\/title>\n<meta name=\"robots\" content=\"index, follow, max-snippet:-1, max-image-preview:large, max-video-preview:-1\" \/>\n<link rel=\"canonical\" href=\"https:\/\/ouddorperfumes.com\/index.php\/producto\/giorgio-armani-acqua-di-gio-200-ml\/\" \/>\n<meta property=\"og:locale\" content=\"es_ES\" \/>\n<meta property=\"og:type\" content=\"article\" \/>\n<meta property=\"og:title\" content=\"Giorgio Armani Acqua Di Gio 200 ml - Oud d\u2019Or - L\u2019essence du pouvoir\" \/>\n<meta property=\"og:description\" content=\"No tengas miedo de expresarte y llamar la atenci\u00f3n. D\u00e9jate mimar por una experiencia inolvidable llena de masculinidad personalizada en el Eau de toilette Armani Acqua di Gio Pour Homme.   composici\u00f3n c\u00edtrica fresca  fragancia que transmite libertad y fuerza  para los meses de primavera y verano  Composici\u00f3n de la fragancia  Acqua di Gio representa una armon\u00eda perfecta de los tonos dulces y y salados del agua del mar y de los rayos del sol que calientan la piel. Las esencias chispeantes de bergamota, lim\u00f3n, naranja y lima aportan una extrema frescura. El coraz\u00f3n floral de la fragancia est\u00e1 complementado con tonos marinos y arom\u00e1tica nuez moscada. El final se compone por almizcle blanco, cedro y pachuli indonesio.  Historia de la fragancia  Deja que los dem\u00e1s perciban tu verdadero yo. \u00a1Demuestra al mundo que eres fuerte, libre y atractivo! Eleva tu autoestima con la fragancia Acqua di Gio Pour Homme. Un hombre que no teme ser el centro de atenci\u00f3n y ser admirado por su forma de ser. Un hombre que no teme ser diferente.  \u2705 Pagos 100% Contraentrega. \u2705 Env\u00edo Gratis a toda Colombia. \u2705 Perfumes 100% Originales.\" \/>\n<meta property=\"og:url\" content=\"https:\/\/ouddorperfumes.com\/index.php\/producto\/giorgio-armani-acqua-di-gio-200-ml\/\" \/>\n<meta property=\"og:site_name\" content=\"Oud d\u2019Or - L\u2019essence du pouvoir\" \/>\n<meta property=\"article:modified_time\" content=\"2025-10-04T00:00:31+00:00\" \/>\n<meta property=\"og:image\" content=\"https:\/\/ouddorperfumes.com\/wp-content\/uploads\/2025\/01\/Plantilla-360-88.jpg\" \/>\n\t<meta property=\"og:image:width\" content=\"1654\" \/>\n\t<meta property=\"og:image:height\" content=\"1654\" \/>\n\t<meta property=\"og:image:type\" content=\"image\/jpeg\" \/>\n<meta name=\"twitter:card\" content=\"summary_large_image\" \/>\n<meta name=\"twitter:label1\" content=\"Tiempo de lectura\" \/>\n\t<meta name=\"twitter:data1\" content=\"1 minuto\" \/>\n<script type=\"application\/ld+json\" class=\"yoast-schema-graph\">{\"@context\":\"https:\\\/\\\/schema.org\",\"@graph\":[{\"@type\":\"WebPage\",\"@id\":\"https:\\\/\\\/ouddorperfumes.com\\\/index.php\\\/producto\\\/giorgio-armani-acqua-di-gio-200-ml\\\/\",\"url\":\"https:\\\/\\\/ouddorperfumes.com\\\/index.php\\\/producto\\\/giorgio-armani-acqua-di-gio-200-ml\\\/\",\"name\":\"Giorgio Armani Acqua Di Gio 200 ml - Oud d\u2019Or - L\u2019essence du pouvoir\",\"isPartOf\":{\"@id\":\"https:\\\/\\\/ouddorperfumes.com\\\/#website\"},\"primaryImageOfPage\":{\"@id\":\"https:\\\/\\\/ouddorperfumes.com\\\/index.php\\\/producto\\\/giorgio-armani-acqua-di-gio-200-ml\\\/#primaryimage\"},\"image\":{\"@id\":\"https:\\\/\\\/ouddorperfumes.com\\\/index.php\\\/producto\\\/giorgio-armani-acqua-di-gio-200-ml\\\/#primaryimage\"},\"thumbnailUrl\":\"https:\\\/\\\/ouddorperfumes.com\\\/wp-content\\\/uploads\\\/2025\\\/01\\\/Plantilla-360-88.jpg\",\"datePublished\":\"2025-01-05T05:01:08+00:00\",\"dateModified\":\"2025-10-04T00:00:31+00:00\",\"breadcrumb\":{\"@id\":\"https:\\\/\\\/ouddorperfumes.com\\\/index.php\\\/producto\\\/giorgio-armani-acqua-di-gio-200-ml\\\/#breadcrumb\"},\"inLanguage\":\"es\",\"potentialAction\":[{\"@type\":\"ReadAction\",\"target\":[\"https:\\\/\\\/ouddorperfumes.com\\\/index.php\\\/producto\\\/giorgio-armani-acqua-di-gio-200-ml\\\/\"]}]},{\"@type\":\"ImageObject\",\"inLanguage\":\"es\",\"@id\":\"https:\\\/\\\/ouddorperfumes.com\\\/index.php\\\/producto\\\/giorgio-armani-acqua-di-gio-200-ml\\\/#primaryimage\",\"url\":\"https:\\\/\\\/ouddorperfumes.com\\\/wp-content\\\/uploads\\\/2025\\\/01\\\/Plantilla-360-88.jpg\",\"contentUrl\":\"https:\\\/\\\/ouddorperfumes.com\\\/wp-content\\\/uploads\\\/2025\\\/01\\\/Plantilla-360-88.jpg\",\"width\":1654,\"height\":1654},{\"@type\":\"BreadcrumbList\",\"@id\":\"https:\\\/\\\/ouddorperfumes.com\\\/index.php\\\/producto\\\/giorgio-armani-acqua-di-gio-200-ml\\\/#breadcrumb\",\"itemListElement\":[{\"@type\":\"ListItem\",\"position\":1,\"name\":\"Portada\",\"item\":\"https:\\\/\\\/ouddorperfumes.com\\\/\"},{\"@type\":\"ListItem\",\"position\":2,\"name\":\"Todos los Perfumes\",\"item\":\"https:\\\/\\\/ouddorperfumes.com\\\/index.php\\\/todos-los-perfumes\\\/\"},{\"@type\":\"ListItem\",\"position\":3,\"name\":\"Giorgio Armani Acqua Di Gio 200 ml\"}]},{\"@type\":\"WebSite\",\"@id\":\"https:\\\/\\\/ouddorperfumes.com\\\/#website\",\"url\":\"https:\\\/\\\/ouddorperfumes.com\\\/\",\"name\":\"Oud d\u2019Or - L\u2019essence du pouvoir\",\"description\":\"Perfumes Arabes 100% Originales\",\"potentialAction\":[{\"@type\":\"SearchAction\",\"target\":{\"@type\":\"EntryPoint\",\"urlTemplate\":\"https:\\\/\\\/ouddorperfumes.com\\\/?s={search_term_string}\"},\"query-input\":{\"@type\":\"PropertyValueSpecification\",\"valueRequired\":true,\"valueName\":\"search_term_string\"}}],\"inLanguage\":\"es\"}]}<\/script>\n<!-- \/ Yoast SEO plugin. -->","yoast_head_json":{"title":"Giorgio Armani Acqua Di Gio 200 ml - Oud d\u2019Or - L\u2019essence du pouvoir","robots":{"index":"index","follow":"follow","max-snippet":"max-snippet:-1","max-image-preview":"max-image-preview:large","max-video-preview":"max-video-preview:-1"},"canonical":"https:\/\/ouddorperfumes.com\/index.php\/producto\/giorgio-armani-acqua-di-gio-200-ml\/","og_locale":"es_ES","og_type":"article","og_title":"Giorgio Armani Acqua Di Gio 200 ml - Oud d\u2019Or - L\u2019essence du pouvoir","og_description":"No tengas miedo de expresarte y llamar la atenci\u00f3n. D\u00e9jate mimar por una experiencia inolvidable llena de masculinidad personalizada en el Eau de toilette Armani Acqua di Gio Pour Homme.   composici\u00f3n c\u00edtrica fresca  fragancia que transmite libertad y fuerza  para los meses de primavera y verano  Composici\u00f3n de la fragancia  Acqua di Gio representa una armon\u00eda perfecta de los tonos dulces y y salados del agua del mar y de los rayos del sol que calientan la piel. Las esencias chispeantes de bergamota, lim\u00f3n, naranja y lima aportan una extrema frescura. El coraz\u00f3n floral de la fragancia est\u00e1 complementado con tonos marinos y arom\u00e1tica nuez moscada. El final se compone por almizcle blanco, cedro y pachuli indonesio.  Historia de la fragancia  Deja que los dem\u00e1s perciban tu verdadero yo. \u00a1Demuestra al mundo que eres fuerte, libre y atractivo! Eleva tu autoestima con la fragancia Acqua di Gio Pour Homme. Un hombre que no teme ser el centro de atenci\u00f3n y ser admirado por su forma de ser. Un hombre que no teme ser diferente.  \u2705 Pagos 100% Contraentrega. \u2705 Env\u00edo Gratis a toda Colombia. \u2705 Perfumes 100% Originales.","og_url":"https:\/\/ouddorperfumes.com\/index.php\/producto\/giorgio-armani-acqua-di-gio-200-ml\/","og_site_name":"Oud d\u2019Or - L\u2019essence du pouvoir","article_modified_time":"2025-10-04T00:00:31+00:00","og_image":[{"width":1654,"height":1654,"url":"https:\/\/ouddorperfumes.com\/wp-content\/uploads\/2025\/01\/Plantilla-360-88.jpg","type":"image\/jpeg"}],"twitter_card":"summary_large_image","twitter_misc":{"Tiempo de lectura":"1 minuto"},"schema":{"@context":"https:\/\/schema.org","@graph":[{"@type":"WebPage","@id":"https:\/\/ouddorperfumes.com\/index.php\/producto\/giorgio-armani-acqua-di-gio-200-ml\/","url":"https:\/\/ouddorperfumes.com\/index.php\/producto\/giorgio-armani-acqua-di-gio-200-ml\/","name":"Giorgio Armani Acqua Di Gio 200 ml - Oud d\u2019Or - L\u2019essence du pouvoir","isPartOf":{"@id":"https:\/\/ouddorperfumes.com\/#website"},"primaryImageOfPage":{"@id":"https:\/\/ouddorperfumes.com\/index.php\/producto\/giorgio-armani-acqua-di-gio-200-ml\/#primaryimage"},"image":{"@id":"https:\/\/ouddorperfumes.com\/index.php\/producto\/giorgio-armani-acqua-di-gio-200-ml\/#primaryimage"},"thumbnailUrl":"https:\/\/ouddorperfumes.com\/wp-content\/uploads\/2025\/01\/Plantilla-360-88.jpg","datePublished":"2025-01-05T05:01:08+00:00","dateModified":"2025-10-04T00:00:31+00:00","breadcrumb":{"@id":"https:\/\/ouddorperfumes.com\/index.php\/producto\/giorgio-armani-acqua-di-gio-200-ml\/#breadcrumb"},"inLanguage":"es","potentialAction":[{"@type":"ReadAction","target":["https:\/\/ouddorperfumes.com\/index.php\/producto\/giorgio-armani-acqua-di-gio-200-ml\/"]}]},{"@type":"ImageObject","inLanguage":"es","@id":"https:\/\/ouddorperfumes.com\/index.php\/producto\/giorgio-armani-acqua-di-gio-200-ml\/#primaryimage","url":"https:\/\/ouddorperfumes.com\/wp-content\/uploads\/2025\/01\/Plantilla-360-88.jpg","contentUrl":"https:\/\/ouddorperfumes.com\/wp-content\/uploads\/2025\/01\/Plantilla-360-88.jpg","width":1654,"height":1654},{"@type":"BreadcrumbList","@id":"https:\/\/ouddorperfumes.com\/index.php\/producto\/giorgio-armani-acqua-di-gio-200-ml\/#breadcrumb","itemListElement":[{"@type":"ListItem","position":1,"name":"Portada","item":"https:\/\/ouddorperfumes.com\/"},{"@type":"ListItem","position":2,"name":"Todos los Perfumes","item":"https:\/\/ouddorperfumes.com\/index.php\/todos-los-perfumes\/"},{"@type":"ListItem","position":3,"name":"Giorgio Armani Acqua Di Gio 200 ml"}]},{"@type":"WebSite","@id":"https:\/\/ouddorperfumes.com\/#website","url":"https:\/\/ouddorperfumes.com\/","name":"Oud d\u2019Or - L\u2019essence du pouvoir","description":"Perfumes Arabes 100% Originales","potentialAction":[{"@type":"SearchAction","target":{"@type":"EntryPoint","urlTemplate":"https:\/\/ouddorperfumes.com\/?s={search_term_string}"},"query-input":{"@type":"PropertyValueSpecification","valueRequired":true,"valueName":"search_term_string"}}],"inLanguage":"es"}]}},"_links":{"self":[{"href":"https:\/\/ouddorperfumes.com\/index.php\/wp-json\/wp\/v2\/product\/9256","targetHints":{"allow":["GET"]}}],"collection":[{"href":"https:\/\/ouddorperfumes.com\/index.php\/wp-json\/wp\/v2\/product"}],"about":[{"href":"https:\/\/ouddorperfumes.com\/index.php\/wp-json\/wp\/v2\/types\/product"}],"version-history":[{"count":1,"href":"https:\/\/ouddorperfumes.com\/index.php\/wp-json\/wp\/v2\/product\/9256\/revisions"}],"predecessor-version":[{"id":11838,"href":"https:\/\/ouddorperfumes.com\/index.php\/wp-json\/wp\/v2\/product\/9256\/revisions\/11838"}],"wp:featuredmedia":[{"embeddable":true,"href":"https:\/\/ouddorperfumes.com\/index.php\/wp-json\/wp\/v2\/media\/9264"}],"wp:attachment":[{"href":"https:\/\/ouddorperfumes.com\/index.php\/wp-json\/wp\/v2\/media?parent=9256"}],"wp:term":[{"taxonomy":"product_brand","embeddable":true,"href":"https:\/\/ouddorperfumes.com\/index.php\/wp-json\/wp\/v2\/product_brand?post=9256"},{"taxonomy":"product_cat","embeddable":true,"href":"https:\/\/ouddorperfumes.com\/index.php\/wp-json\/wp\/v2\/product_cat?post=9256"},{"taxonomy":"product_tag","embeddable":true,"href":"https:\/\/ouddorperfumes.com\/index.php\/wp-json\/wp\/v2\/product_tag?post=9256"}],"curies":[{"name":"wp","href":"https:\/\/api.w.org\/{rel}","templated":true}]}}