{"id":9257,"date":"2025-01-05T00:02:04","date_gmt":"2025-01-05T05:02:04","guid":{"rendered":"https:\/\/ouddorperfumes.com\/index.php\/producto\/maison-alhambra-porto-neroli-100-ml\/"},"modified":"2025-10-03T19:00:20","modified_gmt":"2025-10-04T00:00:20","slug":"maison-alhambra-porto-neroli-100-ml","status":"publish","type":"product","link":"https:\/\/ouddorperfumes.com\/index.php\/producto\/maison-alhambra-porto-neroli-100-ml\/","title":{"rendered":"Maison Alhambra Porto Neroli 100 ml"},"content":{"rendered":"<div class=\"product-short-description\">El aroma de flores reci\u00e9n cortadas y frutas tropicales: todo esto encarna el aroma c\u00e1lido y sensual de unisex para personas temperamentales y decididas que no saben qu\u00e9 es la fatiga. El aroma del neroli, mezclado con la suavidad de un naranjo en flor, vigoriza y da nueva fuerza. La brisa marina refresca y calma, abraza suavemente a quien busca la soledad, y las notas c\u00e1lidas del \u00e1mbar, como perlas de valor incalculable, dan al Neroli Portofino su encanto y suavidad, mate y ligero.<\/div>\n<div class=\"product-short-description\"><\/div>\n<div class=\"product-short-description\"><\/div>\n<div class=\"product-short-description\">Porto Neroli es una fragancia c\u00edtrica y fresca \u00e1rabe para hombre y mujer, inspirado en\u00a0<strong>Nerol\u00ed Portofino by Tom Ford<\/strong>. Adecuado para todas las ocasiones, esta fragancia ser\u00e1 un \u00e9xito. Levante su estado de \u00e1nimo y confianza con este elegante aroma que dejar\u00e1 a la gente con envidia.<\/div>\n","protected":false},"excerpt":{"rendered":"<div class=\"product-short-description\">El aroma de flores reci\u00e9n cortadas y frutas tropicales: todo esto encarna el aroma c\u00e1lido y sensual de unisex para personas temperamentales y decididas que no saben qu\u00e9 es la fatiga. El aroma del neroli, mezclado con la suavidad de un naranjo en flor, vigoriza y da nueva fuerza. La brisa marina refresca y calma, abraza suavemente a quien busca la soledad, y las notas c\u00e1lidas del \u00e1mbar, como perlas de valor incalculable, dan al Neroli Portofino su encanto y suavidad, mate y ligero.<\/div>\n<div class=\"product-short-description\"><\/div>\n<div class=\"product-short-description\">Porto Neroli es una fragancia c\u00edtrica y fresca \u00e1rabe para hombre y mujer, inspirado en\u00a0<strong>Nerol\u00ed Portofino by Tom Ford<\/strong>. Adecuado para todas las ocasiones, esta fragancia ser\u00e1 un \u00e9xito. Levante su estado de \u00e1nimo y confianza con este elegante aroma que dejar\u00e1 a la gente con envidia.<\/div>\n<div><\/div>\n<div><span style=\"color: #ff4400;\"><strong>\u2705 <span style=\"color: #d9a569;\">Pagos 100% Contraentrega.<\/span><\/strong><\/span><br \/>\n<span style=\"color: #ff4400;\"><strong>\u2705 <span style=\"color: #d9a569;\">Env\u00edo Gratis a toda Colombia.<\/span><\/strong><\/span><br \/>\n<span style=\"color: #ff4400;\"><strong>\u2705 <span style=\"color: #d9a569;\">Perfumes 100% Originales.<\/span><\/strong><\/span><\/div>\n","protected":false},"featured_media":9162,"template":"","meta":[],"product_brand":[],"product_cat":[169,186,168,177,170],"product_tag":[],"class_list":{"0":"post-9257","1":"product","2":"type-product","3":"status-publish","4":"has-post-thumbnail","6":"product_cat-hombre","7":"product_cat-maison-alhambra","8":"product_cat-mujer","9":"product_cat-perfumes-arabes","10":"product_cat-unisex","12":"first","13":"instock","14":"sale","15":"shipping-taxable","16":"purchasable","17":"product-type-simple"},"yoast_head":"<!-- This site is optimized with the Yoast SEO plugin v27.3 - https:\/\/yoast.com\/product\/yoast-seo-wordpress\/ -->\n<title>Maison Alhambra Porto Neroli 100 ml - Oud d\u2019Or - L\u2019essence du pouvoir<\/title>\n<meta name=\"robots\" content=\"index, follow, max-snippet:-1, max-image-preview:large, max-video-preview:-1\" \/>\n<link rel=\"canonical\" href=\"https:\/\/ouddorperfumes.com\/index.php\/producto\/maison-alhambra-porto-neroli-100-ml\/\" \/>\n<meta property=\"og:locale\" content=\"es_ES\" \/>\n<meta property=\"og:type\" content=\"article\" \/>\n<meta property=\"og:title\" content=\"Maison Alhambra Porto Neroli 100 ml - Oud d\u2019Or - L\u2019essence du pouvoir\" \/>\n<meta property=\"og:description\" content=\"El aroma de flores reci\u00e9n cortadas y frutas tropicales: todo esto encarna el aroma c\u00e1lido y sensual de unisex para personas temperamentales y decididas que no saben qu\u00e9 es la fatiga. El aroma del neroli, mezclado con la suavidad de un naranjo en flor, vigoriza y da nueva fuerza. La brisa marina refresca y calma, abraza suavemente a quien busca la soledad, y las notas c\u00e1lidas del \u00e1mbar, como perlas de valor incalculable, dan al Neroli Portofino su encanto y suavidad, mate y ligero.  Porto Neroli es una fragancia c\u00edtrica y fresca \u00e1rabe para hombre y mujer, inspirado en\u00a0Nerol\u00ed Portofino by Tom Ford. Adecuado para todas las ocasiones, esta fragancia ser\u00e1 un \u00e9xito. Levante su estado de \u00e1nimo y confianza con este elegante aroma que dejar\u00e1 a la gente con envidia.  \u2705 Pagos 100% Contraentrega. \u2705 Env\u00edo Gratis a toda Colombia. \u2705 Perfumes 100% Originales.\" \/>\n<meta property=\"og:url\" content=\"https:\/\/ouddorperfumes.com\/index.php\/producto\/maison-alhambra-porto-neroli-100-ml\/\" \/>\n<meta property=\"og:site_name\" content=\"Oud d\u2019Or - L\u2019essence du pouvoir\" \/>\n<meta property=\"article:modified_time\" content=\"2025-10-04T00:00:20+00:00\" \/>\n<meta property=\"og:image\" content=\"https:\/\/ouddorperfumes.com\/wp-content\/uploads\/2025\/01\/Plantilla-360-45.jpg\" \/>\n\t<meta property=\"og:image:width\" content=\"1654\" \/>\n\t<meta property=\"og:image:height\" content=\"1654\" \/>\n\t<meta property=\"og:image:type\" content=\"image\/jpeg\" \/>\n<meta name=\"twitter:card\" content=\"summary_large_image\" \/>\n<meta name=\"twitter:label1\" content=\"Tiempo de lectura\" \/>\n\t<meta name=\"twitter:data1\" content=\"1 minuto\" \/>\n<script type=\"application\/ld+json\" class=\"yoast-schema-graph\">{\"@context\":\"https:\\\/\\\/schema.org\",\"@graph\":[{\"@type\":\"WebPage\",\"@id\":\"https:\\\/\\\/ouddorperfumes.com\\\/index.php\\\/producto\\\/maison-alhambra-porto-neroli-100-ml\\\/\",\"url\":\"https:\\\/\\\/ouddorperfumes.com\\\/index.php\\\/producto\\\/maison-alhambra-porto-neroli-100-ml\\\/\",\"name\":\"Maison Alhambra Porto Neroli 100 ml - Oud d\u2019Or - L\u2019essence du pouvoir\",\"isPartOf\":{\"@id\":\"https:\\\/\\\/ouddorperfumes.com\\\/#website\"},\"primaryImageOfPage\":{\"@id\":\"https:\\\/\\\/ouddorperfumes.com\\\/index.php\\\/producto\\\/maison-alhambra-porto-neroli-100-ml\\\/#primaryimage\"},\"image\":{\"@id\":\"https:\\\/\\\/ouddorperfumes.com\\\/index.php\\\/producto\\\/maison-alhambra-porto-neroli-100-ml\\\/#primaryimage\"},\"thumbnailUrl\":\"https:\\\/\\\/ouddorperfumes.com\\\/wp-content\\\/uploads\\\/2025\\\/01\\\/Plantilla-360-45.jpg\",\"datePublished\":\"2025-01-05T05:02:04+00:00\",\"dateModified\":\"2025-10-04T00:00:20+00:00\",\"breadcrumb\":{\"@id\":\"https:\\\/\\\/ouddorperfumes.com\\\/index.php\\\/producto\\\/maison-alhambra-porto-neroli-100-ml\\\/#breadcrumb\"},\"inLanguage\":\"es\",\"potentialAction\":[{\"@type\":\"ReadAction\",\"target\":[\"https:\\\/\\\/ouddorperfumes.com\\\/index.php\\\/producto\\\/maison-alhambra-porto-neroli-100-ml\\\/\"]}]},{\"@type\":\"ImageObject\",\"inLanguage\":\"es\",\"@id\":\"https:\\\/\\\/ouddorperfumes.com\\\/index.php\\\/producto\\\/maison-alhambra-porto-neroli-100-ml\\\/#primaryimage\",\"url\":\"https:\\\/\\\/ouddorperfumes.com\\\/wp-content\\\/uploads\\\/2025\\\/01\\\/Plantilla-360-45.jpg\",\"contentUrl\":\"https:\\\/\\\/ouddorperfumes.com\\\/wp-content\\\/uploads\\\/2025\\\/01\\\/Plantilla-360-45.jpg\",\"width\":1654,\"height\":1654},{\"@type\":\"BreadcrumbList\",\"@id\":\"https:\\\/\\\/ouddorperfumes.com\\\/index.php\\\/producto\\\/maison-alhambra-porto-neroli-100-ml\\\/#breadcrumb\",\"itemListElement\":[{\"@type\":\"ListItem\",\"position\":1,\"name\":\"Portada\",\"item\":\"https:\\\/\\\/ouddorperfumes.com\\\/\"},{\"@type\":\"ListItem\",\"position\":2,\"name\":\"Todos los Perfumes\",\"item\":\"https:\\\/\\\/ouddorperfumes.com\\\/index.php\\\/todos-los-perfumes\\\/\"},{\"@type\":\"ListItem\",\"position\":3,\"name\":\"Maison Alhambra Porto Neroli 100 ml\"}]},{\"@type\":\"WebSite\",\"@id\":\"https:\\\/\\\/ouddorperfumes.com\\\/#website\",\"url\":\"https:\\\/\\\/ouddorperfumes.com\\\/\",\"name\":\"Oud d\u2019Or - L\u2019essence du pouvoir\",\"description\":\"Perfumes Arabes 100% Originales\",\"potentialAction\":[{\"@type\":\"SearchAction\",\"target\":{\"@type\":\"EntryPoint\",\"urlTemplate\":\"https:\\\/\\\/ouddorperfumes.com\\\/?s={search_term_string}\"},\"query-input\":{\"@type\":\"PropertyValueSpecification\",\"valueRequired\":true,\"valueName\":\"search_term_string\"}}],\"inLanguage\":\"es\"}]}<\/script>\n<!-- \/ Yoast SEO plugin. -->","yoast_head_json":{"title":"Maison Alhambra Porto Neroli 100 ml - Oud d\u2019Or - L\u2019essence du pouvoir","robots":{"index":"index","follow":"follow","max-snippet":"max-snippet:-1","max-image-preview":"max-image-preview:large","max-video-preview":"max-video-preview:-1"},"canonical":"https:\/\/ouddorperfumes.com\/index.php\/producto\/maison-alhambra-porto-neroli-100-ml\/","og_locale":"es_ES","og_type":"article","og_title":"Maison Alhambra Porto Neroli 100 ml - Oud d\u2019Or - L\u2019essence du pouvoir","og_description":"El aroma de flores reci\u00e9n cortadas y frutas tropicales: todo esto encarna el aroma c\u00e1lido y sensual de unisex para personas temperamentales y decididas que no saben qu\u00e9 es la fatiga. El aroma del neroli, mezclado con la suavidad de un naranjo en flor, vigoriza y da nueva fuerza. La brisa marina refresca y calma, abraza suavemente a quien busca la soledad, y las notas c\u00e1lidas del \u00e1mbar, como perlas de valor incalculable, dan al Neroli Portofino su encanto y suavidad, mate y ligero.  Porto Neroli es una fragancia c\u00edtrica y fresca \u00e1rabe para hombre y mujer, inspirado en\u00a0Nerol\u00ed Portofino by Tom Ford. Adecuado para todas las ocasiones, esta fragancia ser\u00e1 un \u00e9xito. Levante su estado de \u00e1nimo y confianza con este elegante aroma que dejar\u00e1 a la gente con envidia.  \u2705 Pagos 100% Contraentrega. \u2705 Env\u00edo Gratis a toda Colombia. \u2705 Perfumes 100% Originales.","og_url":"https:\/\/ouddorperfumes.com\/index.php\/producto\/maison-alhambra-porto-neroli-100-ml\/","og_site_name":"Oud d\u2019Or - L\u2019essence du pouvoir","article_modified_time":"2025-10-04T00:00:20+00:00","og_image":[{"width":1654,"height":1654,"url":"https:\/\/ouddorperfumes.com\/wp-content\/uploads\/2025\/01\/Plantilla-360-45.jpg","type":"image\/jpeg"}],"twitter_card":"summary_large_image","twitter_misc":{"Tiempo de lectura":"1 minuto"},"schema":{"@context":"https:\/\/schema.org","@graph":[{"@type":"WebPage","@id":"https:\/\/ouddorperfumes.com\/index.php\/producto\/maison-alhambra-porto-neroli-100-ml\/","url":"https:\/\/ouddorperfumes.com\/index.php\/producto\/maison-alhambra-porto-neroli-100-ml\/","name":"Maison Alhambra Porto Neroli 100 ml - Oud d\u2019Or - L\u2019essence du pouvoir","isPartOf":{"@id":"https:\/\/ouddorperfumes.com\/#website"},"primaryImageOfPage":{"@id":"https:\/\/ouddorperfumes.com\/index.php\/producto\/maison-alhambra-porto-neroli-100-ml\/#primaryimage"},"image":{"@id":"https:\/\/ouddorperfumes.com\/index.php\/producto\/maison-alhambra-porto-neroli-100-ml\/#primaryimage"},"thumbnailUrl":"https:\/\/ouddorperfumes.com\/wp-content\/uploads\/2025\/01\/Plantilla-360-45.jpg","datePublished":"2025-01-05T05:02:04+00:00","dateModified":"2025-10-04T00:00:20+00:00","breadcrumb":{"@id":"https:\/\/ouddorperfumes.com\/index.php\/producto\/maison-alhambra-porto-neroli-100-ml\/#breadcrumb"},"inLanguage":"es","potentialAction":[{"@type":"ReadAction","target":["https:\/\/ouddorperfumes.com\/index.php\/producto\/maison-alhambra-porto-neroli-100-ml\/"]}]},{"@type":"ImageObject","inLanguage":"es","@id":"https:\/\/ouddorperfumes.com\/index.php\/producto\/maison-alhambra-porto-neroli-100-ml\/#primaryimage","url":"https:\/\/ouddorperfumes.com\/wp-content\/uploads\/2025\/01\/Plantilla-360-45.jpg","contentUrl":"https:\/\/ouddorperfumes.com\/wp-content\/uploads\/2025\/01\/Plantilla-360-45.jpg","width":1654,"height":1654},{"@type":"BreadcrumbList","@id":"https:\/\/ouddorperfumes.com\/index.php\/producto\/maison-alhambra-porto-neroli-100-ml\/#breadcrumb","itemListElement":[{"@type":"ListItem","position":1,"name":"Portada","item":"https:\/\/ouddorperfumes.com\/"},{"@type":"ListItem","position":2,"name":"Todos los Perfumes","item":"https:\/\/ouddorperfumes.com\/index.php\/todos-los-perfumes\/"},{"@type":"ListItem","position":3,"name":"Maison Alhambra Porto Neroli 100 ml"}]},{"@type":"WebSite","@id":"https:\/\/ouddorperfumes.com\/#website","url":"https:\/\/ouddorperfumes.com\/","name":"Oud d\u2019Or - L\u2019essence du pouvoir","description":"Perfumes Arabes 100% Originales","potentialAction":[{"@type":"SearchAction","target":{"@type":"EntryPoint","urlTemplate":"https:\/\/ouddorperfumes.com\/?s={search_term_string}"},"query-input":{"@type":"PropertyValueSpecification","valueRequired":true,"valueName":"search_term_string"}}],"inLanguage":"es"}]}},"_links":{"self":[{"href":"https:\/\/ouddorperfumes.com\/index.php\/wp-json\/wp\/v2\/product\/9257","targetHints":{"allow":["GET"]}}],"collection":[{"href":"https:\/\/ouddorperfumes.com\/index.php\/wp-json\/wp\/v2\/product"}],"about":[{"href":"https:\/\/ouddorperfumes.com\/index.php\/wp-json\/wp\/v2\/types\/product"}],"version-history":[{"count":1,"href":"https:\/\/ouddorperfumes.com\/index.php\/wp-json\/wp\/v2\/product\/9257\/revisions"}],"predecessor-version":[{"id":11837,"href":"https:\/\/ouddorperfumes.com\/index.php\/wp-json\/wp\/v2\/product\/9257\/revisions\/11837"}],"wp:featuredmedia":[{"embeddable":true,"href":"https:\/\/ouddorperfumes.com\/index.php\/wp-json\/wp\/v2\/media\/9162"}],"wp:attachment":[{"href":"https:\/\/ouddorperfumes.com\/index.php\/wp-json\/wp\/v2\/media?parent=9257"}],"wp:term":[{"taxonomy":"product_brand","embeddable":true,"href":"https:\/\/ouddorperfumes.com\/index.php\/wp-json\/wp\/v2\/product_brand?post=9257"},{"taxonomy":"product_cat","embeddable":true,"href":"https:\/\/ouddorperfumes.com\/index.php\/wp-json\/wp\/v2\/product_cat?post=9257"},{"taxonomy":"product_tag","embeddable":true,"href":"https:\/\/ouddorperfumes.com\/index.php\/wp-json\/wp\/v2\/product_tag?post=9257"}],"curies":[{"name":"wp","href":"https:\/\/api.w.org\/{rel}","templated":true}]}}