{"id":9258,"date":"2025-01-05T00:03:16","date_gmt":"2025-01-05T05:03:16","guid":{"rendered":"https:\/\/ouddorperfumes.com\/index.php\/producto\/orientica-mber-rouge-80-ml-original\/"},"modified":"2025-10-03T19:00:10","modified_gmt":"2025-10-04T00:00:10","slug":"orientica-mber-rouge-80-ml-original","status":"publish","type":"product","link":"https:\/\/ouddorperfumes.com\/index.php\/producto\/orientica-mber-rouge-80-ml-original\/","title":{"rendered":"Orientica Amber Rouge 80 ml Original"},"content":{"rendered":"<p><strong>Este perfume se encuentra inspirado en Baccarat Rouge 540 por Maison Francis Kurkdjian<\/strong><\/p>\n<p>\u201cFragancia Oriental Profunda\u201d Experimenta una explosi\u00f3n de aroma con Amber Rouge de Orientica. Esta fragancia oriental profunda est\u00e1 dise\u00f1ada para envolver tus sentidos con notas ricas y picantes. Los aromas c\u00e1lidos de \u00e1mbar y vainilla se combinan con un toque de canela para crear una fragancia seductora y duradera que te har\u00e1 sentir como en un mundo m\u00e1gico. \u201cIngredientes Naturales de Calidad\u201d En Orientica, creemos en la calidad de los ingredientes naturales. Por eso, solo utilizamos los ingredientes m\u00e1s puros y de alta calidad en nuestra f\u00f3rmula de Amber Rouge. La vainilla, el \u00e1mbar y la canela son solo algunos de los ingredientes naturales que se utilizan para crear esta fragancia excepcional.<\/p>\n","protected":false},"excerpt":{"rendered":"<p><strong>Este perfume se encuentra inspirado en Baccarat Rouge 540 por Maison Francis Kurkdjian<\/strong><\/p>\n<p>\u201cFragancia Oriental Profunda\u201d Experimenta una explosi\u00f3n de aroma con Amber Rouge de Orientica. Esta fragancia oriental profunda est\u00e1 dise\u00f1ada para envolver tus sentidos con notas ricas y picantes. Los aromas c\u00e1lidos de \u00e1mbar y vainilla se combinan con un toque de canela para crear una fragancia seductora y duradera que te har\u00e1 sentir como en un mundo m\u00e1gico. \u201cIngredientes Naturales de Calidad\u201d En Orientica, creemos en la calidad de los ingredientes naturales. Por eso, solo utilizamos los ingredientes m\u00e1s puros y de alta calidad en nuestra f\u00f3rmula de Amber Rouge. La vainilla, el \u00e1mbar y la canela son solo algunos de los ingredientes naturales que se utilizan para crear esta fragancia excepcional.<\/p>\n<p><span style=\"color: #ff4400;\"><strong>\u2705 <span style=\"color: #d9a569;\">Pagos 100% Contraentrega.<\/span><\/strong><\/span><br \/>\n<span style=\"color: #ff4400;\"><strong>\u2705 <span style=\"color: #d9a569;\">Env\u00edo Gratis a toda Colombia.<\/span><\/strong><\/span><br \/>\n<span style=\"color: #ff4400;\"><strong>\u2705 <span style=\"color: #d9a569;\">Perfumes 100% Originales.<\/span><\/strong><\/span><\/p>\n","protected":false},"featured_media":9165,"template":"","meta":[],"product_brand":[],"product_cat":[169,168,183,177,170],"product_tag":[],"class_list":{"0":"post-9258","1":"product","2":"type-product","3":"status-publish","4":"has-post-thumbnail","6":"product_cat-hombre","7":"product_cat-mujer","8":"product_cat-orientica","9":"product_cat-perfumes-arabes","10":"product_cat-unisex","12":"first","13":"instock","14":"sale","15":"shipping-taxable","16":"purchasable","17":"product-type-simple"},"yoast_head":"<!-- This site is optimized with the Yoast SEO plugin v27.3 - https:\/\/yoast.com\/product\/yoast-seo-wordpress\/ -->\n<title>Orientica Amber Rouge 80 ml Original - Oud d\u2019Or - L\u2019essence du pouvoir<\/title>\n<meta name=\"robots\" content=\"index, follow, max-snippet:-1, max-image-preview:large, max-video-preview:-1\" \/>\n<link rel=\"canonical\" href=\"https:\/\/ouddorperfumes.com\/index.php\/producto\/orientica-mber-rouge-80-ml-original\/\" \/>\n<meta property=\"og:locale\" content=\"es_ES\" \/>\n<meta property=\"og:type\" content=\"article\" \/>\n<meta property=\"og:title\" content=\"Orientica Amber Rouge 80 ml Original - Oud d\u2019Or - L\u2019essence du pouvoir\" \/>\n<meta property=\"og:description\" content=\"Este perfume se encuentra inspirado en Baccarat Rouge 540 por Maison Francis Kurkdjian  \u201cFragancia Oriental Profunda\u201d Experimenta una explosi\u00f3n de aroma con Amber Rouge de Orientica. Esta fragancia oriental profunda est\u00e1 dise\u00f1ada para envolver tus sentidos con notas ricas y picantes. Los aromas c\u00e1lidos de \u00e1mbar y vainilla se combinan con un toque de canela para crear una fragancia seductora y duradera que te har\u00e1 sentir como en un mundo m\u00e1gico. \u201cIngredientes Naturales de Calidad\u201d En Orientica, creemos en la calidad de los ingredientes naturales. Por eso, solo utilizamos los ingredientes m\u00e1s puros y de alta calidad en nuestra f\u00f3rmula de Amber Rouge. La vainilla, el \u00e1mbar y la canela son solo algunos de los ingredientes naturales que se utilizan para crear esta fragancia excepcional.  \u2705 Pagos 100% Contraentrega. \u2705 Env\u00edo Gratis a toda Colombia. \u2705 Perfumes 100% Originales.\" \/>\n<meta property=\"og:url\" content=\"https:\/\/ouddorperfumes.com\/index.php\/producto\/orientica-mber-rouge-80-ml-original\/\" \/>\n<meta property=\"og:site_name\" content=\"Oud d\u2019Or - L\u2019essence du pouvoir\" \/>\n<meta property=\"article:modified_time\" content=\"2025-10-04T00:00:10+00:00\" \/>\n<meta property=\"og:image\" content=\"https:\/\/ouddorperfumes.com\/wp-content\/uploads\/2025\/01\/Plantilla-360-48.jpg\" \/>\n\t<meta property=\"og:image:width\" content=\"1654\" \/>\n\t<meta property=\"og:image:height\" content=\"1654\" \/>\n\t<meta property=\"og:image:type\" content=\"image\/jpeg\" \/>\n<meta name=\"twitter:card\" content=\"summary_large_image\" \/>\n<meta name=\"twitter:label1\" content=\"Tiempo de lectura\" \/>\n\t<meta name=\"twitter:data1\" content=\"1 minuto\" \/>\n<script type=\"application\/ld+json\" class=\"yoast-schema-graph\">{\"@context\":\"https:\\\/\\\/schema.org\",\"@graph\":[{\"@type\":\"WebPage\",\"@id\":\"https:\\\/\\\/ouddorperfumes.com\\\/index.php\\\/producto\\\/orientica-mber-rouge-80-ml-original\\\/\",\"url\":\"https:\\\/\\\/ouddorperfumes.com\\\/index.php\\\/producto\\\/orientica-mber-rouge-80-ml-original\\\/\",\"name\":\"Orientica Amber Rouge 80 ml Original - Oud d\u2019Or - L\u2019essence du pouvoir\",\"isPartOf\":{\"@id\":\"https:\\\/\\\/ouddorperfumes.com\\\/#website\"},\"primaryImageOfPage\":{\"@id\":\"https:\\\/\\\/ouddorperfumes.com\\\/index.php\\\/producto\\\/orientica-mber-rouge-80-ml-original\\\/#primaryimage\"},\"image\":{\"@id\":\"https:\\\/\\\/ouddorperfumes.com\\\/index.php\\\/producto\\\/orientica-mber-rouge-80-ml-original\\\/#primaryimage\"},\"thumbnailUrl\":\"https:\\\/\\\/ouddorperfumes.com\\\/wp-content\\\/uploads\\\/2025\\\/01\\\/Plantilla-360-48.jpg\",\"datePublished\":\"2025-01-05T05:03:16+00:00\",\"dateModified\":\"2025-10-04T00:00:10+00:00\",\"breadcrumb\":{\"@id\":\"https:\\\/\\\/ouddorperfumes.com\\\/index.php\\\/producto\\\/orientica-mber-rouge-80-ml-original\\\/#breadcrumb\"},\"inLanguage\":\"es\",\"potentialAction\":[{\"@type\":\"ReadAction\",\"target\":[\"https:\\\/\\\/ouddorperfumes.com\\\/index.php\\\/producto\\\/orientica-mber-rouge-80-ml-original\\\/\"]}]},{\"@type\":\"ImageObject\",\"inLanguage\":\"es\",\"@id\":\"https:\\\/\\\/ouddorperfumes.com\\\/index.php\\\/producto\\\/orientica-mber-rouge-80-ml-original\\\/#primaryimage\",\"url\":\"https:\\\/\\\/ouddorperfumes.com\\\/wp-content\\\/uploads\\\/2025\\\/01\\\/Plantilla-360-48.jpg\",\"contentUrl\":\"https:\\\/\\\/ouddorperfumes.com\\\/wp-content\\\/uploads\\\/2025\\\/01\\\/Plantilla-360-48.jpg\",\"width\":1654,\"height\":1654},{\"@type\":\"BreadcrumbList\",\"@id\":\"https:\\\/\\\/ouddorperfumes.com\\\/index.php\\\/producto\\\/orientica-mber-rouge-80-ml-original\\\/#breadcrumb\",\"itemListElement\":[{\"@type\":\"ListItem\",\"position\":1,\"name\":\"Portada\",\"item\":\"https:\\\/\\\/ouddorperfumes.com\\\/\"},{\"@type\":\"ListItem\",\"position\":2,\"name\":\"Todos los Perfumes\",\"item\":\"https:\\\/\\\/ouddorperfumes.com\\\/index.php\\\/todos-los-perfumes\\\/\"},{\"@type\":\"ListItem\",\"position\":3,\"name\":\"Orientica Amber Rouge 80 ml Original\"}]},{\"@type\":\"WebSite\",\"@id\":\"https:\\\/\\\/ouddorperfumes.com\\\/#website\",\"url\":\"https:\\\/\\\/ouddorperfumes.com\\\/\",\"name\":\"Oud d\u2019Or - L\u2019essence du pouvoir\",\"description\":\"Perfumes Arabes 100% Originales\",\"potentialAction\":[{\"@type\":\"SearchAction\",\"target\":{\"@type\":\"EntryPoint\",\"urlTemplate\":\"https:\\\/\\\/ouddorperfumes.com\\\/?s={search_term_string}\"},\"query-input\":{\"@type\":\"PropertyValueSpecification\",\"valueRequired\":true,\"valueName\":\"search_term_string\"}}],\"inLanguage\":\"es\"}]}<\/script>\n<!-- \/ Yoast SEO plugin. -->","yoast_head_json":{"title":"Orientica Amber Rouge 80 ml Original - Oud d\u2019Or - L\u2019essence du pouvoir","robots":{"index":"index","follow":"follow","max-snippet":"max-snippet:-1","max-image-preview":"max-image-preview:large","max-video-preview":"max-video-preview:-1"},"canonical":"https:\/\/ouddorperfumes.com\/index.php\/producto\/orientica-mber-rouge-80-ml-original\/","og_locale":"es_ES","og_type":"article","og_title":"Orientica Amber Rouge 80 ml Original - Oud d\u2019Or - L\u2019essence du pouvoir","og_description":"Este perfume se encuentra inspirado en Baccarat Rouge 540 por Maison Francis Kurkdjian  \u201cFragancia Oriental Profunda\u201d Experimenta una explosi\u00f3n de aroma con Amber Rouge de Orientica. Esta fragancia oriental profunda est\u00e1 dise\u00f1ada para envolver tus sentidos con notas ricas y picantes. Los aromas c\u00e1lidos de \u00e1mbar y vainilla se combinan con un toque de canela para crear una fragancia seductora y duradera que te har\u00e1 sentir como en un mundo m\u00e1gico. \u201cIngredientes Naturales de Calidad\u201d En Orientica, creemos en la calidad de los ingredientes naturales. Por eso, solo utilizamos los ingredientes m\u00e1s puros y de alta calidad en nuestra f\u00f3rmula de Amber Rouge. La vainilla, el \u00e1mbar y la canela son solo algunos de los ingredientes naturales que se utilizan para crear esta fragancia excepcional.  \u2705 Pagos 100% Contraentrega. \u2705 Env\u00edo Gratis a toda Colombia. \u2705 Perfumes 100% Originales.","og_url":"https:\/\/ouddorperfumes.com\/index.php\/producto\/orientica-mber-rouge-80-ml-original\/","og_site_name":"Oud d\u2019Or - L\u2019essence du pouvoir","article_modified_time":"2025-10-04T00:00:10+00:00","og_image":[{"width":1654,"height":1654,"url":"https:\/\/ouddorperfumes.com\/wp-content\/uploads\/2025\/01\/Plantilla-360-48.jpg","type":"image\/jpeg"}],"twitter_card":"summary_large_image","twitter_misc":{"Tiempo de lectura":"1 minuto"},"schema":{"@context":"https:\/\/schema.org","@graph":[{"@type":"WebPage","@id":"https:\/\/ouddorperfumes.com\/index.php\/producto\/orientica-mber-rouge-80-ml-original\/","url":"https:\/\/ouddorperfumes.com\/index.php\/producto\/orientica-mber-rouge-80-ml-original\/","name":"Orientica Amber Rouge 80 ml Original - Oud d\u2019Or - L\u2019essence du pouvoir","isPartOf":{"@id":"https:\/\/ouddorperfumes.com\/#website"},"primaryImageOfPage":{"@id":"https:\/\/ouddorperfumes.com\/index.php\/producto\/orientica-mber-rouge-80-ml-original\/#primaryimage"},"image":{"@id":"https:\/\/ouddorperfumes.com\/index.php\/producto\/orientica-mber-rouge-80-ml-original\/#primaryimage"},"thumbnailUrl":"https:\/\/ouddorperfumes.com\/wp-content\/uploads\/2025\/01\/Plantilla-360-48.jpg","datePublished":"2025-01-05T05:03:16+00:00","dateModified":"2025-10-04T00:00:10+00:00","breadcrumb":{"@id":"https:\/\/ouddorperfumes.com\/index.php\/producto\/orientica-mber-rouge-80-ml-original\/#breadcrumb"},"inLanguage":"es","potentialAction":[{"@type":"ReadAction","target":["https:\/\/ouddorperfumes.com\/index.php\/producto\/orientica-mber-rouge-80-ml-original\/"]}]},{"@type":"ImageObject","inLanguage":"es","@id":"https:\/\/ouddorperfumes.com\/index.php\/producto\/orientica-mber-rouge-80-ml-original\/#primaryimage","url":"https:\/\/ouddorperfumes.com\/wp-content\/uploads\/2025\/01\/Plantilla-360-48.jpg","contentUrl":"https:\/\/ouddorperfumes.com\/wp-content\/uploads\/2025\/01\/Plantilla-360-48.jpg","width":1654,"height":1654},{"@type":"BreadcrumbList","@id":"https:\/\/ouddorperfumes.com\/index.php\/producto\/orientica-mber-rouge-80-ml-original\/#breadcrumb","itemListElement":[{"@type":"ListItem","position":1,"name":"Portada","item":"https:\/\/ouddorperfumes.com\/"},{"@type":"ListItem","position":2,"name":"Todos los Perfumes","item":"https:\/\/ouddorperfumes.com\/index.php\/todos-los-perfumes\/"},{"@type":"ListItem","position":3,"name":"Orientica Amber Rouge 80 ml Original"}]},{"@type":"WebSite","@id":"https:\/\/ouddorperfumes.com\/#website","url":"https:\/\/ouddorperfumes.com\/","name":"Oud d\u2019Or - L\u2019essence du pouvoir","description":"Perfumes Arabes 100% Originales","potentialAction":[{"@type":"SearchAction","target":{"@type":"EntryPoint","urlTemplate":"https:\/\/ouddorperfumes.com\/?s={search_term_string}"},"query-input":{"@type":"PropertyValueSpecification","valueRequired":true,"valueName":"search_term_string"}}],"inLanguage":"es"}]}},"_links":{"self":[{"href":"https:\/\/ouddorperfumes.com\/index.php\/wp-json\/wp\/v2\/product\/9258","targetHints":{"allow":["GET"]}}],"collection":[{"href":"https:\/\/ouddorperfumes.com\/index.php\/wp-json\/wp\/v2\/product"}],"about":[{"href":"https:\/\/ouddorperfumes.com\/index.php\/wp-json\/wp\/v2\/types\/product"}],"version-history":[{"count":1,"href":"https:\/\/ouddorperfumes.com\/index.php\/wp-json\/wp\/v2\/product\/9258\/revisions"}],"predecessor-version":[{"id":11836,"href":"https:\/\/ouddorperfumes.com\/index.php\/wp-json\/wp\/v2\/product\/9258\/revisions\/11836"}],"wp:featuredmedia":[{"embeddable":true,"href":"https:\/\/ouddorperfumes.com\/index.php\/wp-json\/wp\/v2\/media\/9165"}],"wp:attachment":[{"href":"https:\/\/ouddorperfumes.com\/index.php\/wp-json\/wp\/v2\/media?parent=9258"}],"wp:term":[{"taxonomy":"product_brand","embeddable":true,"href":"https:\/\/ouddorperfumes.com\/index.php\/wp-json\/wp\/v2\/product_brand?post=9258"},{"taxonomy":"product_cat","embeddable":true,"href":"https:\/\/ouddorperfumes.com\/index.php\/wp-json\/wp\/v2\/product_cat?post=9258"},{"taxonomy":"product_tag","embeddable":true,"href":"https:\/\/ouddorperfumes.com\/index.php\/wp-json\/wp\/v2\/product_tag?post=9258"}],"curies":[{"name":"wp","href":"https:\/\/api.w.org\/{rel}","templated":true}]}}