{"id":9269,"date":"2025-01-05T15:12:39","date_gmt":"2025-01-05T20:12:39","guid":{"rendered":"https:\/\/ouddorperfumes.com\/index.php\/producto\/al-haramain-amber-oud-gold-60-ml-original\/"},"modified":"2025-10-16T21:32:24","modified_gmt":"2025-10-17T02:32:24","slug":"al-haramain-amber-oud-gold-60-ml-original","status":"publish","type":"product","link":"https:\/\/ouddorperfumes.com\/index.php\/producto\/al-haramain-amber-oud-gold-60-ml-original\/","title":{"rendered":"Al Haramain Amber Oud Gold 60 ml Original"},"content":{"rendered":"<p>Descubre la magia de Amber Oud Gold Edition de Al Haramain Perfumes, una fragancia cautivadora que se enmarca en la exquisita familia olfativa \u00c1mbar Vainilla. Lanzada en 2018, esta fragancia unisex est\u00e1 dise\u00f1ada para aquellos que buscan una experiencia sensorial \u00fanica y lujosa.<\/p>\n<p>Desde el primer rociado, Amber Oud Gold Edition te envuelve con una frescura revitalizante, gracias a sus notas verdes y una vibrante bergamota fresca. Este inicio refrescante da paso a un coraz\u00f3n arom\u00e1tico donde el mel\u00f3n y la pi\u00f1a se fusionan con un toque oriental de \u00e1mbar, creando una combinaci\u00f3n ex\u00f3tica y seductora.<\/p>\n<p>A medida que la fragancia se desarrolla, las notas de fondo revelan una rica mezcla de tonos amaderados, almizcle singular y la suavidad envolvente de la vainilla. Estos elementos se entrelazan para ofrecer un encanto sensual que completa la composici\u00f3n arom\u00e1tica con una elegancia duradera.<\/p>\n<p>Amber Oud Gold Edition es una celebraci\u00f3n del lujo y la sofisticaci\u00f3n, ideal tanto para hombres como para mujeres que desean dejar una impresi\u00f3n duradera con una fragancia distintiva. Con cada aplicaci\u00f3n, experimentar\u00e1s una mezcla perfecta de frescura, exotismo y calidez que eleva tu presencia y resalta tu estilo. \u00a1Haz de Amber Oud Gold Edition tu nuevo perfume esencial y abraza la elegancia con cada nota!<\/p>\n","protected":false},"excerpt":{"rendered":"<p>Descubre la magia de Amber Oud Gold Edition de Al Haramain Perfumes, una fragancia cautivadora que se enmarca en la exquisita familia olfativa \u00c1mbar Vainilla. Lanzada en 2018, esta fragancia unisex est\u00e1 dise\u00f1ada para aquellos que buscan una experiencia sensorial \u00fanica y lujosa.<\/p>\n<p>Desde el primer rociado, Amber Oud Gold Edition te envuelve con una frescura revitalizante, gracias a sus notas verdes y una vibrante bergamota fresca. Este inicio refrescante da paso a un coraz\u00f3n arom\u00e1tico donde el mel\u00f3n y la pi\u00f1a se fusionan con un toque oriental de \u00e1mbar, creando una combinaci\u00f3n ex\u00f3tica y seductora.<\/p>\n<p>A medida que la fragancia se desarrolla, las notas de fondo revelan una rica mezcla de tonos amaderados, almizcle singular y la suavidad envolvente de la vainilla. Estos elementos se entrelazan para ofrecer un encanto sensual que completa la composici\u00f3n arom\u00e1tica con una elegancia duradera.<\/p>\n<p>Amber Oud Gold Edition es una celebraci\u00f3n del lujo y la sofisticaci\u00f3n, ideal tanto para hombres como para mujeres que desean dejar una impresi\u00f3n duradera con una fragancia distintiva. Con cada aplicaci\u00f3n, experimentar\u00e1s una mezcla perfecta de frescura, exotismo y calidez que eleva tu presencia y resalta tu estilo. \u00a1Haz de Amber Oud Gold Edition tu nuevo perfume esencial y abraza la elegancia con cada nota!<\/p>\n<p><span style=\"color: #ff4400;\"><strong>\u2705 <span style=\"color: #d9a569;\">Pagos 100% Contraentrega.<\/span><\/strong><\/span><br \/>\n<span style=\"color: #ff4400;\"><strong>\u2705 <span style=\"color: #d9a569;\">Env\u00edo Gratis a toda Colombia.<\/span><\/strong><\/span><br \/>\n<span style=\"color: #ff4400;\"><strong>\u2705 <span style=\"color: #d9a569;\">Perfumes 100% Originales.<\/span><\/strong><\/span><\/p>\n","protected":false},"featured_media":9163,"template":"","meta":[],"product_brand":[],"product_cat":[179,169,177],"product_tag":[],"class_list":{"0":"post-9269","1":"product","2":"type-product","3":"status-publish","4":"has-post-thumbnail","6":"product_cat-al-haramain","7":"product_cat-hombre","8":"product_cat-perfumes-arabes","10":"first","11":"instock","12":"sale","13":"shipping-taxable","14":"purchasable","15":"product-type-simple"},"yoast_head":"<!-- This site is optimized with the Yoast SEO plugin v27.3 - https:\/\/yoast.com\/product\/yoast-seo-wordpress\/ -->\n<title>Al Haramain Amber Oud Gold 60 ml Original - Oud d\u2019Or - L\u2019essence du pouvoir<\/title>\n<meta name=\"robots\" content=\"index, follow, max-snippet:-1, max-image-preview:large, max-video-preview:-1\" \/>\n<link rel=\"canonical\" href=\"https:\/\/ouddorperfumes.com\/index.php\/producto\/al-haramain-amber-oud-gold-60-ml-original\/\" \/>\n<meta property=\"og:locale\" content=\"es_ES\" \/>\n<meta property=\"og:type\" content=\"article\" \/>\n<meta property=\"og:title\" content=\"Al Haramain Amber Oud Gold 60 ml Original - Oud d\u2019Or - L\u2019essence du pouvoir\" \/>\n<meta property=\"og:description\" content=\"Descubre la magia de Amber Oud Gold Edition de Al Haramain Perfumes, una fragancia cautivadora que se enmarca en la exquisita familia olfativa \u00c1mbar Vainilla. Lanzada en 2018, esta fragancia unisex est\u00e1 dise\u00f1ada para aquellos que buscan una experiencia sensorial \u00fanica y lujosa.  Desde el primer rociado, Amber Oud Gold Edition te envuelve con una frescura revitalizante, gracias a sus notas verdes y una vibrante bergamota fresca. Este inicio refrescante da paso a un coraz\u00f3n arom\u00e1tico donde el mel\u00f3n y la pi\u00f1a se fusionan con un toque oriental de \u00e1mbar, creando una combinaci\u00f3n ex\u00f3tica y seductora.  A medida que la fragancia se desarrolla, las notas de fondo revelan una rica mezcla de tonos amaderados, almizcle singular y la suavidad envolvente de la vainilla. Estos elementos se entrelazan para ofrecer un encanto sensual que completa la composici\u00f3n arom\u00e1tica con una elegancia duradera.  Amber Oud Gold Edition es una celebraci\u00f3n del lujo y la sofisticaci\u00f3n, ideal tanto para hombres como para mujeres que desean dejar una impresi\u00f3n duradera con una fragancia distintiva. Con cada aplicaci\u00f3n, experimentar\u00e1s una mezcla perfecta de frescura, exotismo y calidez que eleva tu presencia y resalta tu estilo. \u00a1Haz de Amber Oud Gold Edition tu nuevo perfume esencial y abraza la elegancia con cada nota!  \u2705 Pagos 100% Contraentrega. \u2705 Env\u00edo Gratis a toda Colombia. \u2705 Perfumes 100% Originales.\" \/>\n<meta property=\"og:url\" content=\"https:\/\/ouddorperfumes.com\/index.php\/producto\/al-haramain-amber-oud-gold-60-ml-original\/\" \/>\n<meta property=\"og:site_name\" content=\"Oud d\u2019Or - L\u2019essence du pouvoir\" \/>\n<meta property=\"article:modified_time\" content=\"2025-10-17T02:32:24+00:00\" \/>\n<meta property=\"og:image\" content=\"https:\/\/ouddorperfumes.com\/wp-content\/uploads\/2025\/01\/Plantilla-360-46.jpg\" \/>\n\t<meta property=\"og:image:width\" content=\"1654\" \/>\n\t<meta property=\"og:image:height\" content=\"1654\" \/>\n\t<meta property=\"og:image:type\" content=\"image\/jpeg\" \/>\n<meta name=\"twitter:card\" content=\"summary_large_image\" \/>\n<meta name=\"twitter:label1\" content=\"Tiempo de lectura\" \/>\n\t<meta name=\"twitter:data1\" content=\"2 minutos\" \/>\n<script type=\"application\/ld+json\" class=\"yoast-schema-graph\">{\"@context\":\"https:\\\/\\\/schema.org\",\"@graph\":[{\"@type\":\"WebPage\",\"@id\":\"https:\\\/\\\/ouddorperfumes.com\\\/index.php\\\/producto\\\/al-haramain-amber-oud-gold-60-ml-original\\\/\",\"url\":\"https:\\\/\\\/ouddorperfumes.com\\\/index.php\\\/producto\\\/al-haramain-amber-oud-gold-60-ml-original\\\/\",\"name\":\"Al Haramain Amber Oud Gold 60 ml Original - Oud d\u2019Or - L\u2019essence du pouvoir\",\"isPartOf\":{\"@id\":\"https:\\\/\\\/ouddorperfumes.com\\\/#website\"},\"primaryImageOfPage\":{\"@id\":\"https:\\\/\\\/ouddorperfumes.com\\\/index.php\\\/producto\\\/al-haramain-amber-oud-gold-60-ml-original\\\/#primaryimage\"},\"image\":{\"@id\":\"https:\\\/\\\/ouddorperfumes.com\\\/index.php\\\/producto\\\/al-haramain-amber-oud-gold-60-ml-original\\\/#primaryimage\"},\"thumbnailUrl\":\"https:\\\/\\\/ouddorperfumes.com\\\/wp-content\\\/uploads\\\/2025\\\/01\\\/Plantilla-360-46.jpg\",\"datePublished\":\"2025-01-05T20:12:39+00:00\",\"dateModified\":\"2025-10-17T02:32:24+00:00\",\"breadcrumb\":{\"@id\":\"https:\\\/\\\/ouddorperfumes.com\\\/index.php\\\/producto\\\/al-haramain-amber-oud-gold-60-ml-original\\\/#breadcrumb\"},\"inLanguage\":\"es\",\"potentialAction\":[{\"@type\":\"ReadAction\",\"target\":[\"https:\\\/\\\/ouddorperfumes.com\\\/index.php\\\/producto\\\/al-haramain-amber-oud-gold-60-ml-original\\\/\"]}]},{\"@type\":\"ImageObject\",\"inLanguage\":\"es\",\"@id\":\"https:\\\/\\\/ouddorperfumes.com\\\/index.php\\\/producto\\\/al-haramain-amber-oud-gold-60-ml-original\\\/#primaryimage\",\"url\":\"https:\\\/\\\/ouddorperfumes.com\\\/wp-content\\\/uploads\\\/2025\\\/01\\\/Plantilla-360-46.jpg\",\"contentUrl\":\"https:\\\/\\\/ouddorperfumes.com\\\/wp-content\\\/uploads\\\/2025\\\/01\\\/Plantilla-360-46.jpg\",\"width\":1654,\"height\":1654},{\"@type\":\"BreadcrumbList\",\"@id\":\"https:\\\/\\\/ouddorperfumes.com\\\/index.php\\\/producto\\\/al-haramain-amber-oud-gold-60-ml-original\\\/#breadcrumb\",\"itemListElement\":[{\"@type\":\"ListItem\",\"position\":1,\"name\":\"Portada\",\"item\":\"https:\\\/\\\/ouddorperfumes.com\\\/\"},{\"@type\":\"ListItem\",\"position\":2,\"name\":\"Todos los Perfumes\",\"item\":\"https:\\\/\\\/ouddorperfumes.com\\\/index.php\\\/todos-los-perfumes\\\/\"},{\"@type\":\"ListItem\",\"position\":3,\"name\":\"Al Haramain Amber Oud Gold 60 ml Original\"}]},{\"@type\":\"WebSite\",\"@id\":\"https:\\\/\\\/ouddorperfumes.com\\\/#website\",\"url\":\"https:\\\/\\\/ouddorperfumes.com\\\/\",\"name\":\"Oud d\u2019Or - L\u2019essence du pouvoir\",\"description\":\"Perfumes Arabes 100% Originales\",\"potentialAction\":[{\"@type\":\"SearchAction\",\"target\":{\"@type\":\"EntryPoint\",\"urlTemplate\":\"https:\\\/\\\/ouddorperfumes.com\\\/?s={search_term_string}\"},\"query-input\":{\"@type\":\"PropertyValueSpecification\",\"valueRequired\":true,\"valueName\":\"search_term_string\"}}],\"inLanguage\":\"es\"}]}<\/script>\n<!-- \/ Yoast SEO plugin. -->","yoast_head_json":{"title":"Al Haramain Amber Oud Gold 60 ml Original - Oud d\u2019Or - L\u2019essence du pouvoir","robots":{"index":"index","follow":"follow","max-snippet":"max-snippet:-1","max-image-preview":"max-image-preview:large","max-video-preview":"max-video-preview:-1"},"canonical":"https:\/\/ouddorperfumes.com\/index.php\/producto\/al-haramain-amber-oud-gold-60-ml-original\/","og_locale":"es_ES","og_type":"article","og_title":"Al Haramain Amber Oud Gold 60 ml Original - Oud d\u2019Or - L\u2019essence du pouvoir","og_description":"Descubre la magia de Amber Oud Gold Edition de Al Haramain Perfumes, una fragancia cautivadora que se enmarca en la exquisita familia olfativa \u00c1mbar Vainilla. Lanzada en 2018, esta fragancia unisex est\u00e1 dise\u00f1ada para aquellos que buscan una experiencia sensorial \u00fanica y lujosa.  Desde el primer rociado, Amber Oud Gold Edition te envuelve con una frescura revitalizante, gracias a sus notas verdes y una vibrante bergamota fresca. Este inicio refrescante da paso a un coraz\u00f3n arom\u00e1tico donde el mel\u00f3n y la pi\u00f1a se fusionan con un toque oriental de \u00e1mbar, creando una combinaci\u00f3n ex\u00f3tica y seductora.  A medida que la fragancia se desarrolla, las notas de fondo revelan una rica mezcla de tonos amaderados, almizcle singular y la suavidad envolvente de la vainilla. Estos elementos se entrelazan para ofrecer un encanto sensual que completa la composici\u00f3n arom\u00e1tica con una elegancia duradera.  Amber Oud Gold Edition es una celebraci\u00f3n del lujo y la sofisticaci\u00f3n, ideal tanto para hombres como para mujeres que desean dejar una impresi\u00f3n duradera con una fragancia distintiva. Con cada aplicaci\u00f3n, experimentar\u00e1s una mezcla perfecta de frescura, exotismo y calidez que eleva tu presencia y resalta tu estilo. \u00a1Haz de Amber Oud Gold Edition tu nuevo perfume esencial y abraza la elegancia con cada nota!  \u2705 Pagos 100% Contraentrega. \u2705 Env\u00edo Gratis a toda Colombia. \u2705 Perfumes 100% Originales.","og_url":"https:\/\/ouddorperfumes.com\/index.php\/producto\/al-haramain-amber-oud-gold-60-ml-original\/","og_site_name":"Oud d\u2019Or - L\u2019essence du pouvoir","article_modified_time":"2025-10-17T02:32:24+00:00","og_image":[{"width":1654,"height":1654,"url":"https:\/\/ouddorperfumes.com\/wp-content\/uploads\/2025\/01\/Plantilla-360-46.jpg","type":"image\/jpeg"}],"twitter_card":"summary_large_image","twitter_misc":{"Tiempo de lectura":"2 minutos"},"schema":{"@context":"https:\/\/schema.org","@graph":[{"@type":"WebPage","@id":"https:\/\/ouddorperfumes.com\/index.php\/producto\/al-haramain-amber-oud-gold-60-ml-original\/","url":"https:\/\/ouddorperfumes.com\/index.php\/producto\/al-haramain-amber-oud-gold-60-ml-original\/","name":"Al Haramain Amber Oud Gold 60 ml Original - Oud d\u2019Or - L\u2019essence du pouvoir","isPartOf":{"@id":"https:\/\/ouddorperfumes.com\/#website"},"primaryImageOfPage":{"@id":"https:\/\/ouddorperfumes.com\/index.php\/producto\/al-haramain-amber-oud-gold-60-ml-original\/#primaryimage"},"image":{"@id":"https:\/\/ouddorperfumes.com\/index.php\/producto\/al-haramain-amber-oud-gold-60-ml-original\/#primaryimage"},"thumbnailUrl":"https:\/\/ouddorperfumes.com\/wp-content\/uploads\/2025\/01\/Plantilla-360-46.jpg","datePublished":"2025-01-05T20:12:39+00:00","dateModified":"2025-10-17T02:32:24+00:00","breadcrumb":{"@id":"https:\/\/ouddorperfumes.com\/index.php\/producto\/al-haramain-amber-oud-gold-60-ml-original\/#breadcrumb"},"inLanguage":"es","potentialAction":[{"@type":"ReadAction","target":["https:\/\/ouddorperfumes.com\/index.php\/producto\/al-haramain-amber-oud-gold-60-ml-original\/"]}]},{"@type":"ImageObject","inLanguage":"es","@id":"https:\/\/ouddorperfumes.com\/index.php\/producto\/al-haramain-amber-oud-gold-60-ml-original\/#primaryimage","url":"https:\/\/ouddorperfumes.com\/wp-content\/uploads\/2025\/01\/Plantilla-360-46.jpg","contentUrl":"https:\/\/ouddorperfumes.com\/wp-content\/uploads\/2025\/01\/Plantilla-360-46.jpg","width":1654,"height":1654},{"@type":"BreadcrumbList","@id":"https:\/\/ouddorperfumes.com\/index.php\/producto\/al-haramain-amber-oud-gold-60-ml-original\/#breadcrumb","itemListElement":[{"@type":"ListItem","position":1,"name":"Portada","item":"https:\/\/ouddorperfumes.com\/"},{"@type":"ListItem","position":2,"name":"Todos los Perfumes","item":"https:\/\/ouddorperfumes.com\/index.php\/todos-los-perfumes\/"},{"@type":"ListItem","position":3,"name":"Al Haramain Amber Oud Gold 60 ml Original"}]},{"@type":"WebSite","@id":"https:\/\/ouddorperfumes.com\/#website","url":"https:\/\/ouddorperfumes.com\/","name":"Oud d\u2019Or - L\u2019essence du pouvoir","description":"Perfumes Arabes 100% Originales","potentialAction":[{"@type":"SearchAction","target":{"@type":"EntryPoint","urlTemplate":"https:\/\/ouddorperfumes.com\/?s={search_term_string}"},"query-input":{"@type":"PropertyValueSpecification","valueRequired":true,"valueName":"search_term_string"}}],"inLanguage":"es"}]}},"_links":{"self":[{"href":"https:\/\/ouddorperfumes.com\/index.php\/wp-json\/wp\/v2\/product\/9269","targetHints":{"allow":["GET"]}}],"collection":[{"href":"https:\/\/ouddorperfumes.com\/index.php\/wp-json\/wp\/v2\/product"}],"about":[{"href":"https:\/\/ouddorperfumes.com\/index.php\/wp-json\/wp\/v2\/types\/product"}],"version-history":[{"count":1,"href":"https:\/\/ouddorperfumes.com\/index.php\/wp-json\/wp\/v2\/product\/9269\/revisions"}],"predecessor-version":[{"id":11833,"href":"https:\/\/ouddorperfumes.com\/index.php\/wp-json\/wp\/v2\/product\/9269\/revisions\/11833"}],"wp:featuredmedia":[{"embeddable":true,"href":"https:\/\/ouddorperfumes.com\/index.php\/wp-json\/wp\/v2\/media\/9163"}],"wp:attachment":[{"href":"https:\/\/ouddorperfumes.com\/index.php\/wp-json\/wp\/v2\/media?parent=9269"}],"wp:term":[{"taxonomy":"product_brand","embeddable":true,"href":"https:\/\/ouddorperfumes.com\/index.php\/wp-json\/wp\/v2\/product_brand?post=9269"},{"taxonomy":"product_cat","embeddable":true,"href":"https:\/\/ouddorperfumes.com\/index.php\/wp-json\/wp\/v2\/product_cat?post=9269"},{"taxonomy":"product_tag","embeddable":true,"href":"https:\/\/ouddorperfumes.com\/index.php\/wp-json\/wp\/v2\/product_tag?post=9269"}],"curies":[{"name":"wp","href":"https:\/\/api.w.org\/{rel}","templated":true}]}}