{"id":9270,"date":"2025-01-05T15:13:13","date_gmt":"2025-01-05T20:13:13","guid":{"rendered":"https:\/\/ouddorperfumes.com\/index.php\/producto\/antonio-banderas-blue-seduccion-100-ml\/"},"modified":"2025-10-03T18:59:19","modified_gmt":"2025-10-03T23:59:19","slug":"antonio-banderas-blue-seduccion-100-ml","status":"publish","type":"product","link":"https:\/\/ouddorperfumes.com\/index.php\/producto\/antonio-banderas-blue-seduccion-100-ml\/","title":{"rendered":"Antonio Banderas Blue Seducci\u00f3n 100 ml"},"content":{"rendered":"<p>Seduce a los que te rodean con una fragancia irresistible. El eau de toilette para hombre Banderas Blue Seduction a\u00fana el frescor con la elegancia y la sensualidad. Todo ello, en conjunto, crea una combinaci\u00f3n perfecta gracias a la que te convertir\u00e1s f\u00e1cilmente en el centro de atenci\u00f3n.<\/p>\n<ul>\n<li>eau de toilette fresco con notas orientales<\/li>\n<li>fragancia masculina para hombres de todas las edades<\/li>\n<li>perfecta para usar durante todo el d\u00eda<\/li>\n<\/ul>\n<p><strong>Composici\u00f3n de la fragancia<\/strong><br \/>\nLas frescas notas de fondo compuestas por c\u00edtricos, frutas ex\u00f3ticas, arom\u00e1tica bergamota italiana y menta atraer\u00e1n tu atenci\u00f3n desde el principio. A continuaci\u00f3n surgen acordes acu\u00e1ticos de mel\u00f3n, suaves notas florales y picante cardamomo.\u00a0La composici\u00f3n arom\u00e1tica alcanza la perfecci\u00f3n con el original capuchino y las c\u00e1lidas notas amaderadas.<\/p>\n<p><strong>Historia de la fragancia<\/strong><br \/>\nLa fragancia Banderas Blue Seduction es seg\u00fan su creador, el actor espa\u00f1ol Antonio Banderas, una fragancia moderna y masculina que refleja una parte de la personalidad de Antonio y de la cultura espa\u00f1ola. Se lanz\u00f3 al mercado en el a\u00f1o 2007.<\/p>\n","protected":false},"excerpt":{"rendered":"<p>Seduce a los que te rodean con una fragancia irresistible. El eau de toilette para hombre Banderas Blue Seduction a\u00fana el frescor con la elegancia y la sensualidad. Todo ello, en conjunto, crea una combinaci\u00f3n perfecta gracias a la que te convertir\u00e1s f\u00e1cilmente en el centro de atenci\u00f3n.<\/p>\n<ul>\n<li>eau de toilette fresco con notas orientales<\/li>\n<li>fragancia masculina para hombres de todas las edades<\/li>\n<li>perfecta para usar durante todo el d\u00eda<\/li>\n<\/ul>\n<p><strong>Composici\u00f3n de la fragancia<\/strong><br \/>\nLas frescas notas de fondo compuestas por c\u00edtricos, frutas ex\u00f3ticas, arom\u00e1tica bergamota italiana y menta atraer\u00e1n tu atenci\u00f3n desde el principio. A continuaci\u00f3n surgen acordes acu\u00e1ticos de mel\u00f3n, suaves notas florales y picante cardamomo.\u00a0La composici\u00f3n arom\u00e1tica alcanza la perfecci\u00f3n con el original capuchino y las c\u00e1lidas notas amaderadas.<\/p>\n<p><strong>Historia de la fragancia<\/strong><br \/>\nLa fragancia Banderas Blue Seduction es seg\u00fan su creador, el actor espa\u00f1ol Antonio Banderas, una fragancia moderna y masculina que refleja una parte de la personalidad de Antonio y de la cultura espa\u00f1ola. Se lanz\u00f3 al mercado en el a\u00f1o 2007.<\/p>\n<p><span style=\"color: #ff4400;\"><strong>\u2705 <span style=\"color: #d9a569;\">Pagos 100% Contraentrega.<\/span><\/strong><\/span><br \/>\n<span style=\"color: #ff4400;\"><strong>\u2705 <span style=\"color: #d9a569;\">Env\u00edo Gratis a toda Colombia.<\/span><\/strong><\/span><br \/>\n<span style=\"color: #ff4400;\"><strong>\u2705 <span style=\"color: #d9a569;\">Perfumes 100% Originales.<\/span><\/strong><\/span><\/p>\n","protected":false},"featured_media":9150,"template":"","meta":[],"product_brand":[],"product_cat":[180,198,169],"product_tag":[],"class_list":{"0":"post-9270","1":"product","2":"type-product","3":"status-publish","4":"has-post-thumbnail","6":"product_cat-antonio-banderas","7":"product_cat-disenador","8":"product_cat-hombre","10":"first","11":"instock","12":"sale","13":"shipping-taxable","14":"purchasable","15":"product-type-simple"},"yoast_head":"<!-- This site is optimized with the Yoast SEO plugin v27.3 - https:\/\/yoast.com\/product\/yoast-seo-wordpress\/ -->\n<title>Antonio Banderas Blue Seducci\u00f3n 100 ml - Oud d\u2019Or - L\u2019essence du pouvoir<\/title>\n<meta name=\"robots\" content=\"index, follow, max-snippet:-1, max-image-preview:large, max-video-preview:-1\" \/>\n<link rel=\"canonical\" href=\"https:\/\/ouddorperfumes.com\/index.php\/producto\/antonio-banderas-blue-seduccion-100-ml\/\" \/>\n<meta property=\"og:locale\" content=\"es_ES\" \/>\n<meta property=\"og:type\" content=\"article\" \/>\n<meta property=\"og:title\" content=\"Antonio Banderas Blue Seducci\u00f3n 100 ml - Oud d\u2019Or - L\u2019essence du pouvoir\" \/>\n<meta property=\"og:description\" content=\"Seduce a los que te rodean con una fragancia irresistible. El eau de toilette para hombre Banderas Blue Seduction a\u00fana el frescor con la elegancia y la sensualidad. Todo ello, en conjunto, crea una combinaci\u00f3n perfecta gracias a la que te convertir\u00e1s f\u00e1cilmente en el centro de atenci\u00f3n.   eau de toilette fresco con notas orientales  fragancia masculina para hombres de todas las edades  perfecta para usar durante todo el d\u00eda  Composici\u00f3n de la fragancia Las frescas notas de fondo compuestas por c\u00edtricos, frutas ex\u00f3ticas, arom\u00e1tica bergamota italiana y menta atraer\u00e1n tu atenci\u00f3n desde el principio. A continuaci\u00f3n surgen acordes acu\u00e1ticos de mel\u00f3n, suaves notas florales y picante cardamomo.\u00a0La composici\u00f3n arom\u00e1tica alcanza la perfecci\u00f3n con el original capuchino y las c\u00e1lidas notas amaderadas.  Historia de la fragancia La fragancia Banderas Blue Seduction es seg\u00fan su creador, el actor espa\u00f1ol Antonio Banderas, una fragancia moderna y masculina que refleja una parte de la personalidad de Antonio y de la cultura espa\u00f1ola. Se lanz\u00f3 al mercado en el a\u00f1o 2007.  \u2705 Pagos 100% Contraentrega. \u2705 Env\u00edo Gratis a toda Colombia. \u2705 Perfumes 100% Originales.\" \/>\n<meta property=\"og:url\" content=\"https:\/\/ouddorperfumes.com\/index.php\/producto\/antonio-banderas-blue-seduccion-100-ml\/\" \/>\n<meta property=\"og:site_name\" content=\"Oud d\u2019Or - L\u2019essence du pouvoir\" \/>\n<meta property=\"article:modified_time\" content=\"2025-10-03T23:59:19+00:00\" \/>\n<meta property=\"og:image\" content=\"https:\/\/ouddorperfumes.com\/wp-content\/uploads\/2025\/01\/Plantilla-360-33.jpg\" \/>\n\t<meta property=\"og:image:width\" content=\"1654\" \/>\n\t<meta property=\"og:image:height\" content=\"1654\" \/>\n\t<meta property=\"og:image:type\" content=\"image\/jpeg\" \/>\n<meta name=\"twitter:card\" content=\"summary_large_image\" \/>\n<meta name=\"twitter:label1\" content=\"Tiempo de lectura\" \/>\n\t<meta name=\"twitter:data1\" content=\"1 minuto\" \/>\n<script type=\"application\/ld+json\" class=\"yoast-schema-graph\">{\"@context\":\"https:\\\/\\\/schema.org\",\"@graph\":[{\"@type\":\"WebPage\",\"@id\":\"https:\\\/\\\/ouddorperfumes.com\\\/index.php\\\/producto\\\/antonio-banderas-blue-seduccion-100-ml\\\/\",\"url\":\"https:\\\/\\\/ouddorperfumes.com\\\/index.php\\\/producto\\\/antonio-banderas-blue-seduccion-100-ml\\\/\",\"name\":\"Antonio Banderas Blue Seducci\u00f3n 100 ml - Oud d\u2019Or - L\u2019essence du pouvoir\",\"isPartOf\":{\"@id\":\"https:\\\/\\\/ouddorperfumes.com\\\/#website\"},\"primaryImageOfPage\":{\"@id\":\"https:\\\/\\\/ouddorperfumes.com\\\/index.php\\\/producto\\\/antonio-banderas-blue-seduccion-100-ml\\\/#primaryimage\"},\"image\":{\"@id\":\"https:\\\/\\\/ouddorperfumes.com\\\/index.php\\\/producto\\\/antonio-banderas-blue-seduccion-100-ml\\\/#primaryimage\"},\"thumbnailUrl\":\"https:\\\/\\\/ouddorperfumes.com\\\/wp-content\\\/uploads\\\/2025\\\/01\\\/Plantilla-360-33.jpg\",\"datePublished\":\"2025-01-05T20:13:13+00:00\",\"dateModified\":\"2025-10-03T23:59:19+00:00\",\"breadcrumb\":{\"@id\":\"https:\\\/\\\/ouddorperfumes.com\\\/index.php\\\/producto\\\/antonio-banderas-blue-seduccion-100-ml\\\/#breadcrumb\"},\"inLanguage\":\"es\",\"potentialAction\":[{\"@type\":\"ReadAction\",\"target\":[\"https:\\\/\\\/ouddorperfumes.com\\\/index.php\\\/producto\\\/antonio-banderas-blue-seduccion-100-ml\\\/\"]}]},{\"@type\":\"ImageObject\",\"inLanguage\":\"es\",\"@id\":\"https:\\\/\\\/ouddorperfumes.com\\\/index.php\\\/producto\\\/antonio-banderas-blue-seduccion-100-ml\\\/#primaryimage\",\"url\":\"https:\\\/\\\/ouddorperfumes.com\\\/wp-content\\\/uploads\\\/2025\\\/01\\\/Plantilla-360-33.jpg\",\"contentUrl\":\"https:\\\/\\\/ouddorperfumes.com\\\/wp-content\\\/uploads\\\/2025\\\/01\\\/Plantilla-360-33.jpg\",\"width\":1654,\"height\":1654},{\"@type\":\"BreadcrumbList\",\"@id\":\"https:\\\/\\\/ouddorperfumes.com\\\/index.php\\\/producto\\\/antonio-banderas-blue-seduccion-100-ml\\\/#breadcrumb\",\"itemListElement\":[{\"@type\":\"ListItem\",\"position\":1,\"name\":\"Portada\",\"item\":\"https:\\\/\\\/ouddorperfumes.com\\\/\"},{\"@type\":\"ListItem\",\"position\":2,\"name\":\"Todos los Perfumes\",\"item\":\"https:\\\/\\\/ouddorperfumes.com\\\/index.php\\\/todos-los-perfumes\\\/\"},{\"@type\":\"ListItem\",\"position\":3,\"name\":\"Antonio Banderas Blue Seducci\u00f3n 100 ml\"}]},{\"@type\":\"WebSite\",\"@id\":\"https:\\\/\\\/ouddorperfumes.com\\\/#website\",\"url\":\"https:\\\/\\\/ouddorperfumes.com\\\/\",\"name\":\"Oud d\u2019Or - L\u2019essence du pouvoir\",\"description\":\"Perfumes Arabes 100% Originales\",\"potentialAction\":[{\"@type\":\"SearchAction\",\"target\":{\"@type\":\"EntryPoint\",\"urlTemplate\":\"https:\\\/\\\/ouddorperfumes.com\\\/?s={search_term_string}\"},\"query-input\":{\"@type\":\"PropertyValueSpecification\",\"valueRequired\":true,\"valueName\":\"search_term_string\"}}],\"inLanguage\":\"es\"}]}<\/script>\n<!-- \/ Yoast SEO plugin. -->","yoast_head_json":{"title":"Antonio Banderas Blue Seducci\u00f3n 100 ml - Oud d\u2019Or - L\u2019essence du pouvoir","robots":{"index":"index","follow":"follow","max-snippet":"max-snippet:-1","max-image-preview":"max-image-preview:large","max-video-preview":"max-video-preview:-1"},"canonical":"https:\/\/ouddorperfumes.com\/index.php\/producto\/antonio-banderas-blue-seduccion-100-ml\/","og_locale":"es_ES","og_type":"article","og_title":"Antonio Banderas Blue Seducci\u00f3n 100 ml - Oud d\u2019Or - L\u2019essence du pouvoir","og_description":"Seduce a los que te rodean con una fragancia irresistible. El eau de toilette para hombre Banderas Blue Seduction a\u00fana el frescor con la elegancia y la sensualidad. Todo ello, en conjunto, crea una combinaci\u00f3n perfecta gracias a la que te convertir\u00e1s f\u00e1cilmente en el centro de atenci\u00f3n.   eau de toilette fresco con notas orientales  fragancia masculina para hombres de todas las edades  perfecta para usar durante todo el d\u00eda  Composici\u00f3n de la fragancia Las frescas notas de fondo compuestas por c\u00edtricos, frutas ex\u00f3ticas, arom\u00e1tica bergamota italiana y menta atraer\u00e1n tu atenci\u00f3n desde el principio. A continuaci\u00f3n surgen acordes acu\u00e1ticos de mel\u00f3n, suaves notas florales y picante cardamomo.\u00a0La composici\u00f3n arom\u00e1tica alcanza la perfecci\u00f3n con el original capuchino y las c\u00e1lidas notas amaderadas.  Historia de la fragancia La fragancia Banderas Blue Seduction es seg\u00fan su creador, el actor espa\u00f1ol Antonio Banderas, una fragancia moderna y masculina que refleja una parte de la personalidad de Antonio y de la cultura espa\u00f1ola. Se lanz\u00f3 al mercado en el a\u00f1o 2007.  \u2705 Pagos 100% Contraentrega. \u2705 Env\u00edo Gratis a toda Colombia. \u2705 Perfumes 100% Originales.","og_url":"https:\/\/ouddorperfumes.com\/index.php\/producto\/antonio-banderas-blue-seduccion-100-ml\/","og_site_name":"Oud d\u2019Or - L\u2019essence du pouvoir","article_modified_time":"2025-10-03T23:59:19+00:00","og_image":[{"width":1654,"height":1654,"url":"https:\/\/ouddorperfumes.com\/wp-content\/uploads\/2025\/01\/Plantilla-360-33.jpg","type":"image\/jpeg"}],"twitter_card":"summary_large_image","twitter_misc":{"Tiempo de lectura":"1 minuto"},"schema":{"@context":"https:\/\/schema.org","@graph":[{"@type":"WebPage","@id":"https:\/\/ouddorperfumes.com\/index.php\/producto\/antonio-banderas-blue-seduccion-100-ml\/","url":"https:\/\/ouddorperfumes.com\/index.php\/producto\/antonio-banderas-blue-seduccion-100-ml\/","name":"Antonio Banderas Blue Seducci\u00f3n 100 ml - Oud d\u2019Or - L\u2019essence du pouvoir","isPartOf":{"@id":"https:\/\/ouddorperfumes.com\/#website"},"primaryImageOfPage":{"@id":"https:\/\/ouddorperfumes.com\/index.php\/producto\/antonio-banderas-blue-seduccion-100-ml\/#primaryimage"},"image":{"@id":"https:\/\/ouddorperfumes.com\/index.php\/producto\/antonio-banderas-blue-seduccion-100-ml\/#primaryimage"},"thumbnailUrl":"https:\/\/ouddorperfumes.com\/wp-content\/uploads\/2025\/01\/Plantilla-360-33.jpg","datePublished":"2025-01-05T20:13:13+00:00","dateModified":"2025-10-03T23:59:19+00:00","breadcrumb":{"@id":"https:\/\/ouddorperfumes.com\/index.php\/producto\/antonio-banderas-blue-seduccion-100-ml\/#breadcrumb"},"inLanguage":"es","potentialAction":[{"@type":"ReadAction","target":["https:\/\/ouddorperfumes.com\/index.php\/producto\/antonio-banderas-blue-seduccion-100-ml\/"]}]},{"@type":"ImageObject","inLanguage":"es","@id":"https:\/\/ouddorperfumes.com\/index.php\/producto\/antonio-banderas-blue-seduccion-100-ml\/#primaryimage","url":"https:\/\/ouddorperfumes.com\/wp-content\/uploads\/2025\/01\/Plantilla-360-33.jpg","contentUrl":"https:\/\/ouddorperfumes.com\/wp-content\/uploads\/2025\/01\/Plantilla-360-33.jpg","width":1654,"height":1654},{"@type":"BreadcrumbList","@id":"https:\/\/ouddorperfumes.com\/index.php\/producto\/antonio-banderas-blue-seduccion-100-ml\/#breadcrumb","itemListElement":[{"@type":"ListItem","position":1,"name":"Portada","item":"https:\/\/ouddorperfumes.com\/"},{"@type":"ListItem","position":2,"name":"Todos los Perfumes","item":"https:\/\/ouddorperfumes.com\/index.php\/todos-los-perfumes\/"},{"@type":"ListItem","position":3,"name":"Antonio Banderas Blue Seducci\u00f3n 100 ml"}]},{"@type":"WebSite","@id":"https:\/\/ouddorperfumes.com\/#website","url":"https:\/\/ouddorperfumes.com\/","name":"Oud d\u2019Or - L\u2019essence du pouvoir","description":"Perfumes Arabes 100% Originales","potentialAction":[{"@type":"SearchAction","target":{"@type":"EntryPoint","urlTemplate":"https:\/\/ouddorperfumes.com\/?s={search_term_string}"},"query-input":{"@type":"PropertyValueSpecification","valueRequired":true,"valueName":"search_term_string"}}],"inLanguage":"es"}]}},"_links":{"self":[{"href":"https:\/\/ouddorperfumes.com\/index.php\/wp-json\/wp\/v2\/product\/9270","targetHints":{"allow":["GET"]}}],"collection":[{"href":"https:\/\/ouddorperfumes.com\/index.php\/wp-json\/wp\/v2\/product"}],"about":[{"href":"https:\/\/ouddorperfumes.com\/index.php\/wp-json\/wp\/v2\/types\/product"}],"version-history":[{"count":1,"href":"https:\/\/ouddorperfumes.com\/index.php\/wp-json\/wp\/v2\/product\/9270\/revisions"}],"predecessor-version":[{"id":11832,"href":"https:\/\/ouddorperfumes.com\/index.php\/wp-json\/wp\/v2\/product\/9270\/revisions\/11832"}],"wp:featuredmedia":[{"embeddable":true,"href":"https:\/\/ouddorperfumes.com\/index.php\/wp-json\/wp\/v2\/media\/9150"}],"wp:attachment":[{"href":"https:\/\/ouddorperfumes.com\/index.php\/wp-json\/wp\/v2\/media?parent=9270"}],"wp:term":[{"taxonomy":"product_brand","embeddable":true,"href":"https:\/\/ouddorperfumes.com\/index.php\/wp-json\/wp\/v2\/product_brand?post=9270"},{"taxonomy":"product_cat","embeddable":true,"href":"https:\/\/ouddorperfumes.com\/index.php\/wp-json\/wp\/v2\/product_cat?post=9270"},{"taxonomy":"product_tag","embeddable":true,"href":"https:\/\/ouddorperfumes.com\/index.php\/wp-json\/wp\/v2\/product_tag?post=9270"}],"curies":[{"name":"wp","href":"https:\/\/api.w.org\/{rel}","templated":true}]}}