{"id":9275,"date":"2025-01-05T15:26:19","date_gmt":"2025-01-05T20:26:19","guid":{"rendered":"https:\/\/ouddorperfumes.com\/index.php\/producto\/lattafa-asad-100-ml-original\/"},"modified":"2025-10-16T14:12:26","modified_gmt":"2025-10-16T19:12:26","slug":"lattafa-asad-100-ml-original","status":"publish","type":"product","link":"https:\/\/ouddorperfumes.com\/index.php\/producto\/lattafa-asad-100-ml-original\/","title":{"rendered":"Lattafa Asad 100 ml Original"},"content":{"rendered":"<p><strong>Es una alternativa a Dior Sauvage Elixir<\/strong><\/p>\n<p>El aroma de Lattafa Asad es una mezcla \u00fanica de especias c\u00e1lidas y notas de madera ahumadas. Las notas de salida incluyen canela y clavo, mientras que las notas de coraz\u00f3n contienen cedro y pachul\u00ed. Las notas de base est\u00e1n compuestas por \u00e1mbar y almizcle. Juntos, estos ingredientes crean una fragancia distintiva y cautivadora que durar\u00e1 todo el d\u00eda.<\/p>\n<p>Lattafa Asad est\u00e1 dise\u00f1ado para el hombre seguro de s\u00ed mismo que sabe lo que quiere. Esta fragancia le dar\u00e1 la confianza que necesita para conquistar cualquier cosa que se le presente. Ya sea que est\u00e9 en una reuni\u00f3n de negocios importante o en una cena rom\u00e1ntica, Lattafa Asad lo har\u00e1 sentir como si pudiera conquistar el mundo.<\/p>\n<p>&nbsp;<\/p>\n","protected":false},"excerpt":{"rendered":"<p><strong>Es una alternativa a Dior Sauvage Elixir<\/strong><\/p>\n<p>El aroma de Lattafa Asad es una mezcla \u00fanica de especias c\u00e1lidas y notas de madera ahumadas. Las notas de salida incluyen canela y clavo, mientras que las notas de coraz\u00f3n contienen cedro y pachul\u00ed. Las notas de base est\u00e1n compuestas por \u00e1mbar y almizcle. Juntos, estos ingredientes crean una fragancia distintiva y cautivadora que durar\u00e1 todo el d\u00eda.<\/p>\n<p>Lattafa Asad est\u00e1 dise\u00f1ado para el hombre seguro de s\u00ed mismo que sabe lo que quiere. Esta fragancia le dar\u00e1 la confianza que necesita para conquistar cualquier cosa que se le presente. Ya sea que est\u00e9 en una reuni\u00f3n de negocios importante o en una cena rom\u00e1ntica, Lattafa Asad lo har\u00e1 sentir como si pudiera conquistar el mundo.<\/p>\n<p><span style=\"color: #ff4400;\"><strong>\u2705 <span style=\"color: #d9a569;\">Pagos 100% Contraentrega.<\/span><\/strong><\/span><br \/>\n<span style=\"color: #ff4400;\"><strong>\u2705 <span style=\"color: #d9a569;\">Env\u00edo Gratis a toda Colombia.<\/span><\/strong><\/span><br \/>\n<span style=\"color: #ff4400;\"><strong>\u2705 <span style=\"color: #d9a569;\">Perfumes 100% Originales.<\/span><\/strong><\/span><\/p>\n","protected":false},"featured_media":9158,"template":"","meta":[],"product_brand":[],"product_cat":[169,182,177],"product_tag":[],"class_list":{"0":"post-9275","1":"product","2":"type-product","3":"status-publish","4":"has-post-thumbnail","6":"product_cat-hombre","7":"product_cat-lattafa","8":"product_cat-perfumes-arabes","10":"first","11":"instock","12":"sale","13":"shipping-taxable","14":"purchasable","15":"product-type-simple"},"yoast_head":"<!-- This site is optimized with the Yoast SEO plugin v27.3 - https:\/\/yoast.com\/product\/yoast-seo-wordpress\/ -->\n<title>Lattafa Asad 100 ml Original - Oud d\u2019Or - L\u2019essence du pouvoir<\/title>\n<meta name=\"robots\" content=\"index, follow, max-snippet:-1, max-image-preview:large, max-video-preview:-1\" \/>\n<link rel=\"canonical\" href=\"https:\/\/ouddorperfumes.com\/index.php\/producto\/lattafa-asad-100-ml-original\/\" \/>\n<meta property=\"og:locale\" content=\"es_ES\" \/>\n<meta property=\"og:type\" content=\"article\" \/>\n<meta property=\"og:title\" content=\"Lattafa Asad 100 ml Original - Oud d\u2019Or - L\u2019essence du pouvoir\" \/>\n<meta property=\"og:description\" content=\"Es una alternativa a Dior Sauvage Elixir  El aroma de Lattafa Asad es una mezcla \u00fanica de especias c\u00e1lidas y notas de madera ahumadas. Las notas de salida incluyen canela y clavo, mientras que las notas de coraz\u00f3n contienen cedro y pachul\u00ed. Las notas de base est\u00e1n compuestas por \u00e1mbar y almizcle. Juntos, estos ingredientes crean una fragancia distintiva y cautivadora que durar\u00e1 todo el d\u00eda.  Lattafa Asad est\u00e1 dise\u00f1ado para el hombre seguro de s\u00ed mismo que sabe lo que quiere. Esta fragancia le dar\u00e1 la confianza que necesita para conquistar cualquier cosa que se le presente. Ya sea que est\u00e9 en una reuni\u00f3n de negocios importante o en una cena rom\u00e1ntica, Lattafa Asad lo har\u00e1 sentir como si pudiera conquistar el mundo.  \u2705 Pagos 100% Contraentrega. \u2705 Env\u00edo Gratis a toda Colombia. \u2705 Perfumes 100% Originales.\" \/>\n<meta property=\"og:url\" content=\"https:\/\/ouddorperfumes.com\/index.php\/producto\/lattafa-asad-100-ml-original\/\" \/>\n<meta property=\"og:site_name\" content=\"Oud d\u2019Or - L\u2019essence du pouvoir\" \/>\n<meta property=\"article:modified_time\" content=\"2025-10-16T19:12:26+00:00\" \/>\n<meta property=\"og:image\" content=\"https:\/\/ouddorperfumes.com\/wp-content\/uploads\/2025\/01\/Plantilla-360-41.jpg\" \/>\n\t<meta property=\"og:image:width\" content=\"1654\" \/>\n\t<meta property=\"og:image:height\" content=\"1654\" \/>\n\t<meta property=\"og:image:type\" content=\"image\/jpeg\" \/>\n<meta name=\"twitter:card\" content=\"summary_large_image\" \/>\n<meta name=\"twitter:label1\" content=\"Tiempo de lectura\" \/>\n\t<meta name=\"twitter:data1\" content=\"1 minuto\" \/>\n<script type=\"application\/ld+json\" class=\"yoast-schema-graph\">{\"@context\":\"https:\\\/\\\/schema.org\",\"@graph\":[{\"@type\":\"WebPage\",\"@id\":\"https:\\\/\\\/ouddorperfumes.com\\\/index.php\\\/producto\\\/lattafa-asad-100-ml-original\\\/\",\"url\":\"https:\\\/\\\/ouddorperfumes.com\\\/index.php\\\/producto\\\/lattafa-asad-100-ml-original\\\/\",\"name\":\"Lattafa Asad 100 ml Original - Oud d\u2019Or - L\u2019essence du pouvoir\",\"isPartOf\":{\"@id\":\"https:\\\/\\\/ouddorperfumes.com\\\/#website\"},\"primaryImageOfPage\":{\"@id\":\"https:\\\/\\\/ouddorperfumes.com\\\/index.php\\\/producto\\\/lattafa-asad-100-ml-original\\\/#primaryimage\"},\"image\":{\"@id\":\"https:\\\/\\\/ouddorperfumes.com\\\/index.php\\\/producto\\\/lattafa-asad-100-ml-original\\\/#primaryimage\"},\"thumbnailUrl\":\"https:\\\/\\\/ouddorperfumes.com\\\/wp-content\\\/uploads\\\/2025\\\/01\\\/Plantilla-360-41.jpg\",\"datePublished\":\"2025-01-05T20:26:19+00:00\",\"dateModified\":\"2025-10-16T19:12:26+00:00\",\"breadcrumb\":{\"@id\":\"https:\\\/\\\/ouddorperfumes.com\\\/index.php\\\/producto\\\/lattafa-asad-100-ml-original\\\/#breadcrumb\"},\"inLanguage\":\"es\",\"potentialAction\":[{\"@type\":\"ReadAction\",\"target\":[\"https:\\\/\\\/ouddorperfumes.com\\\/index.php\\\/producto\\\/lattafa-asad-100-ml-original\\\/\"]}]},{\"@type\":\"ImageObject\",\"inLanguage\":\"es\",\"@id\":\"https:\\\/\\\/ouddorperfumes.com\\\/index.php\\\/producto\\\/lattafa-asad-100-ml-original\\\/#primaryimage\",\"url\":\"https:\\\/\\\/ouddorperfumes.com\\\/wp-content\\\/uploads\\\/2025\\\/01\\\/Plantilla-360-41.jpg\",\"contentUrl\":\"https:\\\/\\\/ouddorperfumes.com\\\/wp-content\\\/uploads\\\/2025\\\/01\\\/Plantilla-360-41.jpg\",\"width\":1654,\"height\":1654},{\"@type\":\"BreadcrumbList\",\"@id\":\"https:\\\/\\\/ouddorperfumes.com\\\/index.php\\\/producto\\\/lattafa-asad-100-ml-original\\\/#breadcrumb\",\"itemListElement\":[{\"@type\":\"ListItem\",\"position\":1,\"name\":\"Portada\",\"item\":\"https:\\\/\\\/ouddorperfumes.com\\\/\"},{\"@type\":\"ListItem\",\"position\":2,\"name\":\"Todos los Perfumes\",\"item\":\"https:\\\/\\\/ouddorperfumes.com\\\/index.php\\\/todos-los-perfumes\\\/\"},{\"@type\":\"ListItem\",\"position\":3,\"name\":\"Lattafa Asad 100 ml Original\"}]},{\"@type\":\"WebSite\",\"@id\":\"https:\\\/\\\/ouddorperfumes.com\\\/#website\",\"url\":\"https:\\\/\\\/ouddorperfumes.com\\\/\",\"name\":\"Oud d\u2019Or - L\u2019essence du pouvoir\",\"description\":\"Perfumes Arabes 100% Originales\",\"potentialAction\":[{\"@type\":\"SearchAction\",\"target\":{\"@type\":\"EntryPoint\",\"urlTemplate\":\"https:\\\/\\\/ouddorperfumes.com\\\/?s={search_term_string}\"},\"query-input\":{\"@type\":\"PropertyValueSpecification\",\"valueRequired\":true,\"valueName\":\"search_term_string\"}}],\"inLanguage\":\"es\"}]}<\/script>\n<!-- \/ Yoast SEO plugin. -->","yoast_head_json":{"title":"Lattafa Asad 100 ml Original - Oud d\u2019Or - L\u2019essence du pouvoir","robots":{"index":"index","follow":"follow","max-snippet":"max-snippet:-1","max-image-preview":"max-image-preview:large","max-video-preview":"max-video-preview:-1"},"canonical":"https:\/\/ouddorperfumes.com\/index.php\/producto\/lattafa-asad-100-ml-original\/","og_locale":"es_ES","og_type":"article","og_title":"Lattafa Asad 100 ml Original - Oud d\u2019Or - L\u2019essence du pouvoir","og_description":"Es una alternativa a Dior Sauvage Elixir  El aroma de Lattafa Asad es una mezcla \u00fanica de especias c\u00e1lidas y notas de madera ahumadas. Las notas de salida incluyen canela y clavo, mientras que las notas de coraz\u00f3n contienen cedro y pachul\u00ed. Las notas de base est\u00e1n compuestas por \u00e1mbar y almizcle. Juntos, estos ingredientes crean una fragancia distintiva y cautivadora que durar\u00e1 todo el d\u00eda.  Lattafa Asad est\u00e1 dise\u00f1ado para el hombre seguro de s\u00ed mismo que sabe lo que quiere. Esta fragancia le dar\u00e1 la confianza que necesita para conquistar cualquier cosa que se le presente. Ya sea que est\u00e9 en una reuni\u00f3n de negocios importante o en una cena rom\u00e1ntica, Lattafa Asad lo har\u00e1 sentir como si pudiera conquistar el mundo.  \u2705 Pagos 100% Contraentrega. \u2705 Env\u00edo Gratis a toda Colombia. \u2705 Perfumes 100% Originales.","og_url":"https:\/\/ouddorperfumes.com\/index.php\/producto\/lattafa-asad-100-ml-original\/","og_site_name":"Oud d\u2019Or - L\u2019essence du pouvoir","article_modified_time":"2025-10-16T19:12:26+00:00","og_image":[{"width":1654,"height":1654,"url":"https:\/\/ouddorperfumes.com\/wp-content\/uploads\/2025\/01\/Plantilla-360-41.jpg","type":"image\/jpeg"}],"twitter_card":"summary_large_image","twitter_misc":{"Tiempo de lectura":"1 minuto"},"schema":{"@context":"https:\/\/schema.org","@graph":[{"@type":"WebPage","@id":"https:\/\/ouddorperfumes.com\/index.php\/producto\/lattafa-asad-100-ml-original\/","url":"https:\/\/ouddorperfumes.com\/index.php\/producto\/lattafa-asad-100-ml-original\/","name":"Lattafa Asad 100 ml Original - Oud d\u2019Or - L\u2019essence du pouvoir","isPartOf":{"@id":"https:\/\/ouddorperfumes.com\/#website"},"primaryImageOfPage":{"@id":"https:\/\/ouddorperfumes.com\/index.php\/producto\/lattafa-asad-100-ml-original\/#primaryimage"},"image":{"@id":"https:\/\/ouddorperfumes.com\/index.php\/producto\/lattafa-asad-100-ml-original\/#primaryimage"},"thumbnailUrl":"https:\/\/ouddorperfumes.com\/wp-content\/uploads\/2025\/01\/Plantilla-360-41.jpg","datePublished":"2025-01-05T20:26:19+00:00","dateModified":"2025-10-16T19:12:26+00:00","breadcrumb":{"@id":"https:\/\/ouddorperfumes.com\/index.php\/producto\/lattafa-asad-100-ml-original\/#breadcrumb"},"inLanguage":"es","potentialAction":[{"@type":"ReadAction","target":["https:\/\/ouddorperfumes.com\/index.php\/producto\/lattafa-asad-100-ml-original\/"]}]},{"@type":"ImageObject","inLanguage":"es","@id":"https:\/\/ouddorperfumes.com\/index.php\/producto\/lattafa-asad-100-ml-original\/#primaryimage","url":"https:\/\/ouddorperfumes.com\/wp-content\/uploads\/2025\/01\/Plantilla-360-41.jpg","contentUrl":"https:\/\/ouddorperfumes.com\/wp-content\/uploads\/2025\/01\/Plantilla-360-41.jpg","width":1654,"height":1654},{"@type":"BreadcrumbList","@id":"https:\/\/ouddorperfumes.com\/index.php\/producto\/lattafa-asad-100-ml-original\/#breadcrumb","itemListElement":[{"@type":"ListItem","position":1,"name":"Portada","item":"https:\/\/ouddorperfumes.com\/"},{"@type":"ListItem","position":2,"name":"Todos los Perfumes","item":"https:\/\/ouddorperfumes.com\/index.php\/todos-los-perfumes\/"},{"@type":"ListItem","position":3,"name":"Lattafa Asad 100 ml Original"}]},{"@type":"WebSite","@id":"https:\/\/ouddorperfumes.com\/#website","url":"https:\/\/ouddorperfumes.com\/","name":"Oud d\u2019Or - L\u2019essence du pouvoir","description":"Perfumes Arabes 100% Originales","potentialAction":[{"@type":"SearchAction","target":{"@type":"EntryPoint","urlTemplate":"https:\/\/ouddorperfumes.com\/?s={search_term_string}"},"query-input":{"@type":"PropertyValueSpecification","valueRequired":true,"valueName":"search_term_string"}}],"inLanguage":"es"}]}},"_links":{"self":[{"href":"https:\/\/ouddorperfumes.com\/index.php\/wp-json\/wp\/v2\/product\/9275","targetHints":{"allow":["GET"]}}],"collection":[{"href":"https:\/\/ouddorperfumes.com\/index.php\/wp-json\/wp\/v2\/product"}],"about":[{"href":"https:\/\/ouddorperfumes.com\/index.php\/wp-json\/wp\/v2\/types\/product"}],"version-history":[{"count":2,"href":"https:\/\/ouddorperfumes.com\/index.php\/wp-json\/wp\/v2\/product\/9275\/revisions"}],"predecessor-version":[{"id":11898,"href":"https:\/\/ouddorperfumes.com\/index.php\/wp-json\/wp\/v2\/product\/9275\/revisions\/11898"}],"wp:featuredmedia":[{"embeddable":true,"href":"https:\/\/ouddorperfumes.com\/index.php\/wp-json\/wp\/v2\/media\/9158"}],"wp:attachment":[{"href":"https:\/\/ouddorperfumes.com\/index.php\/wp-json\/wp\/v2\/media?parent=9275"}],"wp:term":[{"taxonomy":"product_brand","embeddable":true,"href":"https:\/\/ouddorperfumes.com\/index.php\/wp-json\/wp\/v2\/product_brand?post=9275"},{"taxonomy":"product_cat","embeddable":true,"href":"https:\/\/ouddorperfumes.com\/index.php\/wp-json\/wp\/v2\/product_cat?post=9275"},{"taxonomy":"product_tag","embeddable":true,"href":"https:\/\/ouddorperfumes.com\/index.php\/wp-json\/wp\/v2\/product_tag?post=9275"}],"curies":[{"name":"wp","href":"https:\/\/api.w.org\/{rel}","templated":true}]}}