{"id":9295,"date":"2025-01-05T16:44:27","date_gmt":"2025-01-05T21:44:27","guid":{"rendered":"https:\/\/ouddorperfumes.com\/index.php\/producto\/antonio-banderas-secret-golden-100-ml\/"},"modified":"2025-10-03T18:48:16","modified_gmt":"2025-10-03T23:48:16","slug":"antonio-banderas-secret-golden-100-ml","status":"publish","type":"product","link":"https:\/\/ouddorperfumes.com\/index.php\/producto\/antonio-banderas-secret-golden-100-ml\/","title":{"rendered":"Antonio Banderas Secret Golden 100 ml"},"content":{"rendered":"<p><span data-sheets-userformat=\"{&quot;2&quot;:14851,&quot;3&quot;:{&quot;1&quot;:0},&quot;4&quot;:[null,2,16777215],&quot;12&quot;:0,&quot;14&quot;:[null,2,0],&quot;15&quot;:&quot;Roboto, &quot;Helvetica Neue&quot;, Arial, Helvetica, sans-serif&quot;,&quot;16&quot;:11}\" data-sheets-value=\"{&quot;1&quot;:2,&quot;2&quot;:&quot;El eau de toilette para hombre Antonio Banderas The Golden Secret representa una nueva adicci\u00f3n a la que no querr\u00e1s renunciar. En cuanto la huelas por primera vez te convencer\u00e1 de que, a partir de ahora, ser\u00e1 una parte imprescindible de tu d\u00eda a d\u00eda.&quot;}\">El eau de toilette para hombre Antonio Banderas The Golden Secret representa una nueva adicci\u00f3n a la que no querr\u00e1s renunciar. En cuanto la huelas por primera vez te convencer\u00e1 de que, a partir de ahora, ser\u00e1 una parte imprescindible de tu d\u00eda a d\u00eda.<\/span><\/p>\n<p>The Golden Secret\u00a0de\u00a0Antonio Banderas\u00a0es una fragancia de la familia olfativa Arom\u00e1tica Especiada para Hombres.<\/p>\n<p>The Golden Secret\u00a0se lanz\u00f3 en 2011. La Nariz detr\u00e1s de esta fragrancia es Christophe Raynaud. Las Notas de Salida son manzana, menta y notas verdes; las Notas de Coraz\u00f3n son nuez moscada, pimienta y comino; las Notas de Fondo son cuero, cedro y almizcle.<\/p>\n","protected":false},"excerpt":{"rendered":"<p><span data-sheets-userformat=\"{&quot;2&quot;:14851,&quot;3&quot;:{&quot;1&quot;:0},&quot;4&quot;:[null,2,16777215],&quot;12&quot;:0,&quot;14&quot;:[null,2,0],&quot;15&quot;:&quot;Roboto, &quot;Helvetica Neue&quot;, Arial, Helvetica, sans-serif&quot;,&quot;16&quot;:11}\" data-sheets-value=\"{&quot;1&quot;:2,&quot;2&quot;:&quot;El eau de toilette para hombre Antonio Banderas The Golden Secret representa una nueva adicci\u00f3n a la que no querr\u00e1s renunciar. En cuanto la huelas por primera vez te convencer\u00e1 de que, a partir de ahora, ser\u00e1 una parte imprescindible de tu d\u00eda a d\u00eda.&quot;}\">El eau de toilette para hombre Antonio Banderas The Golden Secret representa una nueva adicci\u00f3n a la que no querr\u00e1s renunciar. En cuanto la huelas por primera vez te convencer\u00e1 de que, a partir de ahora, ser\u00e1 una parte imprescindible de tu d\u00eda a d\u00eda.<\/span><\/p>\n<p>The Golden Secret\u00a0de\u00a0Antonio Banderas\u00a0es una fragancia de la familia olfativa Arom\u00e1tica Especiada para Hombres.<\/p>\n<p>The Golden Secret\u00a0se lanz\u00f3 en 2011. La Nariz detr\u00e1s de esta fragrancia es Christophe Raynaud. Las Notas de Salida son manzana, menta y notas verdes; las Notas de Coraz\u00f3n son nuez moscada, pimienta y comino; las Notas de Fondo son cuero, cedro y almizcle.<\/p>\n<p><span style=\"color: #ff4400;\"><strong>\u2705 <span style=\"color: #d9a569;\">Pagos 100% Contraentrega.<\/span><\/strong><\/span><br \/>\n<span style=\"color: #ff4400;\"><strong>\u2705 <span style=\"color: #d9a569;\">Env\u00edo Gratis a toda Colombia.<\/span><\/strong><\/span><br \/>\n<span style=\"color: #ff4400;\"><strong>\u2705 <span style=\"color: #d9a569;\">Perfumes 100% Originales.<\/span><\/strong><\/span><\/p>\n","protected":false},"featured_media":9191,"template":"","meta":[],"product_brand":[],"product_cat":[180,198,169],"product_tag":[],"class_list":{"0":"post-9295","1":"product","2":"type-product","3":"status-publish","4":"has-post-thumbnail","6":"product_cat-antonio-banderas","7":"product_cat-disenador","8":"product_cat-hombre","10":"first","11":"instock","12":"sale","13":"shipping-taxable","14":"purchasable","15":"product-type-simple"},"yoast_head":"<!-- This site is optimized with the Yoast SEO plugin v27.3 - https:\/\/yoast.com\/product\/yoast-seo-wordpress\/ -->\n<title>Antonio Banderas Secret Golden 100 ml - Oud d\u2019Or - L\u2019essence du pouvoir<\/title>\n<meta name=\"robots\" content=\"index, follow, max-snippet:-1, max-image-preview:large, max-video-preview:-1\" \/>\n<link rel=\"canonical\" href=\"https:\/\/ouddorperfumes.com\/index.php\/producto\/antonio-banderas-secret-golden-100-ml\/\" \/>\n<meta property=\"og:locale\" content=\"es_ES\" \/>\n<meta property=\"og:type\" content=\"article\" \/>\n<meta property=\"og:title\" content=\"Antonio Banderas Secret Golden 100 ml - Oud d\u2019Or - L\u2019essence du pouvoir\" \/>\n<meta property=\"og:description\" content=\"El eau de toilette para hombre Antonio Banderas The Golden Secret representa una nueva adicci\u00f3n a la que no querr\u00e1s renunciar. En cuanto la huelas por primera vez te convencer\u00e1 de que, a partir de ahora, ser\u00e1 una parte imprescindible de tu d\u00eda a d\u00eda.  The Golden Secret\u00a0de\u00a0Antonio Banderas\u00a0es una fragancia de la familia olfativa Arom\u00e1tica Especiada para Hombres.  The Golden Secret\u00a0se lanz\u00f3 en 2011. La Nariz detr\u00e1s de esta fragrancia es Christophe Raynaud. Las Notas de Salida son manzana, menta y notas verdes; las Notas de Coraz\u00f3n son nuez moscada, pimienta y comino; las Notas de Fondo son cuero, cedro y almizcle.  \u2705 Pagos 100% Contraentrega. \u2705 Env\u00edo Gratis a toda Colombia. \u2705 Perfumes 100% Originales.\" \/>\n<meta property=\"og:url\" content=\"https:\/\/ouddorperfumes.com\/index.php\/producto\/antonio-banderas-secret-golden-100-ml\/\" \/>\n<meta property=\"og:site_name\" content=\"Oud d\u2019Or - L\u2019essence du pouvoir\" \/>\n<meta property=\"article:modified_time\" content=\"2025-10-03T23:48:16+00:00\" \/>\n<meta property=\"og:image\" content=\"https:\/\/ouddorperfumes.com\/wp-content\/uploads\/2025\/01\/Plantilla-360-76.jpg\" \/>\n\t<meta property=\"og:image:width\" content=\"1654\" \/>\n\t<meta property=\"og:image:height\" content=\"1654\" \/>\n\t<meta property=\"og:image:type\" content=\"image\/jpeg\" \/>\n<meta name=\"twitter:card\" content=\"summary_large_image\" \/>\n<meta name=\"twitter:label1\" content=\"Tiempo de lectura\" \/>\n\t<meta name=\"twitter:data1\" content=\"1 minuto\" \/>\n<script type=\"application\/ld+json\" class=\"yoast-schema-graph\">{\"@context\":\"https:\\\/\\\/schema.org\",\"@graph\":[{\"@type\":\"WebPage\",\"@id\":\"https:\\\/\\\/ouddorperfumes.com\\\/index.php\\\/producto\\\/antonio-banderas-secret-golden-100-ml\\\/\",\"url\":\"https:\\\/\\\/ouddorperfumes.com\\\/index.php\\\/producto\\\/antonio-banderas-secret-golden-100-ml\\\/\",\"name\":\"Antonio Banderas Secret Golden 100 ml - Oud d\u2019Or - L\u2019essence du pouvoir\",\"isPartOf\":{\"@id\":\"https:\\\/\\\/ouddorperfumes.com\\\/#website\"},\"primaryImageOfPage\":{\"@id\":\"https:\\\/\\\/ouddorperfumes.com\\\/index.php\\\/producto\\\/antonio-banderas-secret-golden-100-ml\\\/#primaryimage\"},\"image\":{\"@id\":\"https:\\\/\\\/ouddorperfumes.com\\\/index.php\\\/producto\\\/antonio-banderas-secret-golden-100-ml\\\/#primaryimage\"},\"thumbnailUrl\":\"https:\\\/\\\/ouddorperfumes.com\\\/wp-content\\\/uploads\\\/2025\\\/01\\\/Plantilla-360-76.jpg\",\"datePublished\":\"2025-01-05T21:44:27+00:00\",\"dateModified\":\"2025-10-03T23:48:16+00:00\",\"breadcrumb\":{\"@id\":\"https:\\\/\\\/ouddorperfumes.com\\\/index.php\\\/producto\\\/antonio-banderas-secret-golden-100-ml\\\/#breadcrumb\"},\"inLanguage\":\"es\",\"potentialAction\":[{\"@type\":\"ReadAction\",\"target\":[\"https:\\\/\\\/ouddorperfumes.com\\\/index.php\\\/producto\\\/antonio-banderas-secret-golden-100-ml\\\/\"]}]},{\"@type\":\"ImageObject\",\"inLanguage\":\"es\",\"@id\":\"https:\\\/\\\/ouddorperfumes.com\\\/index.php\\\/producto\\\/antonio-banderas-secret-golden-100-ml\\\/#primaryimage\",\"url\":\"https:\\\/\\\/ouddorperfumes.com\\\/wp-content\\\/uploads\\\/2025\\\/01\\\/Plantilla-360-76.jpg\",\"contentUrl\":\"https:\\\/\\\/ouddorperfumes.com\\\/wp-content\\\/uploads\\\/2025\\\/01\\\/Plantilla-360-76.jpg\",\"width\":1654,\"height\":1654},{\"@type\":\"BreadcrumbList\",\"@id\":\"https:\\\/\\\/ouddorperfumes.com\\\/index.php\\\/producto\\\/antonio-banderas-secret-golden-100-ml\\\/#breadcrumb\",\"itemListElement\":[{\"@type\":\"ListItem\",\"position\":1,\"name\":\"Portada\",\"item\":\"https:\\\/\\\/ouddorperfumes.com\\\/\"},{\"@type\":\"ListItem\",\"position\":2,\"name\":\"Todos los Perfumes\",\"item\":\"https:\\\/\\\/ouddorperfumes.com\\\/index.php\\\/todos-los-perfumes\\\/\"},{\"@type\":\"ListItem\",\"position\":3,\"name\":\"Antonio Banderas Secret Golden 100 ml\"}]},{\"@type\":\"WebSite\",\"@id\":\"https:\\\/\\\/ouddorperfumes.com\\\/#website\",\"url\":\"https:\\\/\\\/ouddorperfumes.com\\\/\",\"name\":\"Oud d\u2019Or - L\u2019essence du pouvoir\",\"description\":\"Perfumes Arabes 100% Originales\",\"potentialAction\":[{\"@type\":\"SearchAction\",\"target\":{\"@type\":\"EntryPoint\",\"urlTemplate\":\"https:\\\/\\\/ouddorperfumes.com\\\/?s={search_term_string}\"},\"query-input\":{\"@type\":\"PropertyValueSpecification\",\"valueRequired\":true,\"valueName\":\"search_term_string\"}}],\"inLanguage\":\"es\"}]}<\/script>\n<!-- \/ Yoast SEO plugin. -->","yoast_head_json":{"title":"Antonio Banderas Secret Golden 100 ml - Oud d\u2019Or - L\u2019essence du pouvoir","robots":{"index":"index","follow":"follow","max-snippet":"max-snippet:-1","max-image-preview":"max-image-preview:large","max-video-preview":"max-video-preview:-1"},"canonical":"https:\/\/ouddorperfumes.com\/index.php\/producto\/antonio-banderas-secret-golden-100-ml\/","og_locale":"es_ES","og_type":"article","og_title":"Antonio Banderas Secret Golden 100 ml - Oud d\u2019Or - L\u2019essence du pouvoir","og_description":"El eau de toilette para hombre Antonio Banderas The Golden Secret representa una nueva adicci\u00f3n a la que no querr\u00e1s renunciar. En cuanto la huelas por primera vez te convencer\u00e1 de que, a partir de ahora, ser\u00e1 una parte imprescindible de tu d\u00eda a d\u00eda.  The Golden Secret\u00a0de\u00a0Antonio Banderas\u00a0es una fragancia de la familia olfativa Arom\u00e1tica Especiada para Hombres.  The Golden Secret\u00a0se lanz\u00f3 en 2011. La Nariz detr\u00e1s de esta fragrancia es Christophe Raynaud. Las Notas de Salida son manzana, menta y notas verdes; las Notas de Coraz\u00f3n son nuez moscada, pimienta y comino; las Notas de Fondo son cuero, cedro y almizcle.  \u2705 Pagos 100% Contraentrega. \u2705 Env\u00edo Gratis a toda Colombia. \u2705 Perfumes 100% Originales.","og_url":"https:\/\/ouddorperfumes.com\/index.php\/producto\/antonio-banderas-secret-golden-100-ml\/","og_site_name":"Oud d\u2019Or - L\u2019essence du pouvoir","article_modified_time":"2025-10-03T23:48:16+00:00","og_image":[{"width":1654,"height":1654,"url":"https:\/\/ouddorperfumes.com\/wp-content\/uploads\/2025\/01\/Plantilla-360-76.jpg","type":"image\/jpeg"}],"twitter_card":"summary_large_image","twitter_misc":{"Tiempo de lectura":"1 minuto"},"schema":{"@context":"https:\/\/schema.org","@graph":[{"@type":"WebPage","@id":"https:\/\/ouddorperfumes.com\/index.php\/producto\/antonio-banderas-secret-golden-100-ml\/","url":"https:\/\/ouddorperfumes.com\/index.php\/producto\/antonio-banderas-secret-golden-100-ml\/","name":"Antonio Banderas Secret Golden 100 ml - Oud d\u2019Or - L\u2019essence du pouvoir","isPartOf":{"@id":"https:\/\/ouddorperfumes.com\/#website"},"primaryImageOfPage":{"@id":"https:\/\/ouddorperfumes.com\/index.php\/producto\/antonio-banderas-secret-golden-100-ml\/#primaryimage"},"image":{"@id":"https:\/\/ouddorperfumes.com\/index.php\/producto\/antonio-banderas-secret-golden-100-ml\/#primaryimage"},"thumbnailUrl":"https:\/\/ouddorperfumes.com\/wp-content\/uploads\/2025\/01\/Plantilla-360-76.jpg","datePublished":"2025-01-05T21:44:27+00:00","dateModified":"2025-10-03T23:48:16+00:00","breadcrumb":{"@id":"https:\/\/ouddorperfumes.com\/index.php\/producto\/antonio-banderas-secret-golden-100-ml\/#breadcrumb"},"inLanguage":"es","potentialAction":[{"@type":"ReadAction","target":["https:\/\/ouddorperfumes.com\/index.php\/producto\/antonio-banderas-secret-golden-100-ml\/"]}]},{"@type":"ImageObject","inLanguage":"es","@id":"https:\/\/ouddorperfumes.com\/index.php\/producto\/antonio-banderas-secret-golden-100-ml\/#primaryimage","url":"https:\/\/ouddorperfumes.com\/wp-content\/uploads\/2025\/01\/Plantilla-360-76.jpg","contentUrl":"https:\/\/ouddorperfumes.com\/wp-content\/uploads\/2025\/01\/Plantilla-360-76.jpg","width":1654,"height":1654},{"@type":"BreadcrumbList","@id":"https:\/\/ouddorperfumes.com\/index.php\/producto\/antonio-banderas-secret-golden-100-ml\/#breadcrumb","itemListElement":[{"@type":"ListItem","position":1,"name":"Portada","item":"https:\/\/ouddorperfumes.com\/"},{"@type":"ListItem","position":2,"name":"Todos los Perfumes","item":"https:\/\/ouddorperfumes.com\/index.php\/todos-los-perfumes\/"},{"@type":"ListItem","position":3,"name":"Antonio Banderas Secret Golden 100 ml"}]},{"@type":"WebSite","@id":"https:\/\/ouddorperfumes.com\/#website","url":"https:\/\/ouddorperfumes.com\/","name":"Oud d\u2019Or - L\u2019essence du pouvoir","description":"Perfumes Arabes 100% Originales","potentialAction":[{"@type":"SearchAction","target":{"@type":"EntryPoint","urlTemplate":"https:\/\/ouddorperfumes.com\/?s={search_term_string}"},"query-input":{"@type":"PropertyValueSpecification","valueRequired":true,"valueName":"search_term_string"}}],"inLanguage":"es"}]}},"_links":{"self":[{"href":"https:\/\/ouddorperfumes.com\/index.php\/wp-json\/wp\/v2\/product\/9295","targetHints":{"allow":["GET"]}}],"collection":[{"href":"https:\/\/ouddorperfumes.com\/index.php\/wp-json\/wp\/v2\/product"}],"about":[{"href":"https:\/\/ouddorperfumes.com\/index.php\/wp-json\/wp\/v2\/types\/product"}],"version-history":[{"count":1,"href":"https:\/\/ouddorperfumes.com\/index.php\/wp-json\/wp\/v2\/product\/9295\/revisions"}],"predecessor-version":[{"id":11810,"href":"https:\/\/ouddorperfumes.com\/index.php\/wp-json\/wp\/v2\/product\/9295\/revisions\/11810"}],"wp:featuredmedia":[{"embeddable":true,"href":"https:\/\/ouddorperfumes.com\/index.php\/wp-json\/wp\/v2\/media\/9191"}],"wp:attachment":[{"href":"https:\/\/ouddorperfumes.com\/index.php\/wp-json\/wp\/v2\/media?parent=9295"}],"wp:term":[{"taxonomy":"product_brand","embeddable":true,"href":"https:\/\/ouddorperfumes.com\/index.php\/wp-json\/wp\/v2\/product_brand?post=9295"},{"taxonomy":"product_cat","embeddable":true,"href":"https:\/\/ouddorperfumes.com\/index.php\/wp-json\/wp\/v2\/product_cat?post=9295"},{"taxonomy":"product_tag","embeddable":true,"href":"https:\/\/ouddorperfumes.com\/index.php\/wp-json\/wp\/v2\/product_tag?post=9295"}],"curies":[{"name":"wp","href":"https:\/\/api.w.org\/{rel}","templated":true}]}}