{"id":9332,"date":"2025-01-05T22:35:51","date_gmt":"2025-01-06T03:35:51","guid":{"rendered":"https:\/\/ouddorperfumes.com\/index.php\/producto\/armaf-club-de-nuit-dm-105-ml-original\/"},"modified":"2025-10-03T18:45:36","modified_gmt":"2025-10-03T23:45:36","slug":"armaf-club-de-nuit-woman-105-ml-original","status":"publish","type":"product","link":"https:\/\/ouddorperfumes.com\/index.php\/producto\/armaf-club-de-nuit-woman-105-ml-original\/","title":{"rendered":"Armaf Club De Nuit Woman 105 ml Original"},"content":{"rendered":"<p>Enam\u00f3rate de una composici\u00f3n arom\u00e1tica realmente femenina y sensual que te embriagar\u00e1 con su aroma atalcado a rosa y la fresca fragancia tropical de lichi. El eau de parfum para mujer Armaf Club de Nuit Woman materializa la perfecci\u00f3n atemporal y la delicadeza a trav\u00e9s de una explosi\u00f3n de elegantes aromas sofisticados y sensuales a la vez. Club de Nuit Woman es una fragancia seductora que le dar\u00e1 a todo lo que haces un toque encantador.<\/p>\n<ul>\n<li>fragancia floral-frutal para mujer.<\/li>\n<li>para mujeres rom\u00e1nticas.<\/li>\n<li>adecuada para llevar a diario.<\/li>\n<\/ul>\n<p><strong>Composici\u00f3n de la fragancia<\/strong><\/p>\n<p>La fragancia Club de Nuit Woman se abre con notas frutales frescas de pomelo, naranja y jugoso melocot\u00f3n en combinaci\u00f3n con el aroma c\u00edtrico de la bergamota. En las notas de coraz\u00f3n de la composici\u00f3n te fascinar\u00e1 el aroma empolvado e intenso de la rosa con notas florales de jazm\u00edn, que se entremezclan con el aroma dulce y tropical del lichi. La composici\u00f3n arom\u00e1tica se cierra con la combinaci\u00f3n de c\u00e1lida vainilla, almizcle animal y terroso vetiver.<\/p>\n","protected":false},"excerpt":{"rendered":"<p>Enam\u00f3rate de una composici\u00f3n arom\u00e1tica realmente femenina y sensual que te embriagar\u00e1 con su aroma atalcado a rosa y la fresca fragancia tropical de lichi. El eau de parfum para mujer Armaf Club de Nuit Woman materializa la perfecci\u00f3n atemporal y la delicadeza a trav\u00e9s de una explosi\u00f3n de elegantes aromas sofisticados y sensuales a la vez. Club de Nuit Woman es una fragancia seductora que le dar\u00e1 a todo lo que haces un toque encantador.<\/p>\n<ul>\n<li>fragancia floral-frutal para mujer.<\/li>\n<li>para mujeres rom\u00e1nticas.<\/li>\n<li>adecuada para llevar a diario.<\/li>\n<\/ul>\n<p><strong>Composici\u00f3n de la fragancia<\/strong><\/p>\n<p>La fragancia Club de Nuit Woman se abre con notas frutales frescas de pomelo, naranja y jugoso melocot\u00f3n en combinaci\u00f3n con el aroma c\u00edtrico de la bergamota. En las notas de coraz\u00f3n de la composici\u00f3n te fascinar\u00e1 el aroma empolvado e intenso de la rosa con notas florales de jazm\u00edn, que se entremezclan con el aroma dulce y tropical del lichi. La composici\u00f3n arom\u00e1tica se cierra con la combinaci\u00f3n de c\u00e1lida vainilla, almizcle animal y terroso vetiver.<\/p>\n<p><span style=\"color: #ff4400;\"><strong>\u2705 <span style=\"color: #d9a569;\">Pagos 100% Contraentrega.<\/span><\/strong><\/span><br \/>\n<span style=\"color: #ff4400;\"><strong>\u2705 <span style=\"color: #d9a569;\">Env\u00edo Gratis a toda Colombia.<\/span><\/strong><\/span><br \/>\n<span style=\"color: #ff4400;\"><strong>\u2705 <span style=\"color: #d9a569;\">Perfumes 100% Originales.<\/span><\/strong><\/span><\/p>\n","protected":false},"featured_media":9155,"template":"","meta":[],"product_brand":[],"product_cat":[178,168,177],"product_tag":[],"class_list":{"0":"post-9332","1":"product","2":"type-product","3":"status-publish","4":"has-post-thumbnail","6":"product_cat-armaf","7":"product_cat-mujer","8":"product_cat-perfumes-arabes","10":"first","11":"instock","12":"sale","13":"shipping-taxable","14":"purchasable","15":"product-type-simple"},"yoast_head":"<!-- This site is optimized with the Yoast SEO plugin v27.3 - https:\/\/yoast.com\/product\/yoast-seo-wordpress\/ -->\n<title>Armaf Club De Nuit Woman 105 ml Original - Oud d\u2019Or - L\u2019essence du pouvoir<\/title>\n<meta name=\"robots\" content=\"index, follow, max-snippet:-1, max-image-preview:large, max-video-preview:-1\" \/>\n<link rel=\"canonical\" href=\"https:\/\/ouddorperfumes.com\/index.php\/producto\/armaf-club-de-nuit-woman-105-ml-original\/\" \/>\n<meta property=\"og:locale\" content=\"es_ES\" \/>\n<meta property=\"og:type\" content=\"article\" \/>\n<meta property=\"og:title\" content=\"Armaf Club De Nuit Woman 105 ml Original - Oud d\u2019Or - L\u2019essence du pouvoir\" \/>\n<meta property=\"og:description\" content=\"Enam\u00f3rate de una composici\u00f3n arom\u00e1tica realmente femenina y sensual que te embriagar\u00e1 con su aroma atalcado a rosa y la fresca fragancia tropical de lichi. El eau de parfum para mujer Armaf Club de Nuit Woman materializa la perfecci\u00f3n atemporal y la delicadeza a trav\u00e9s de una explosi\u00f3n de elegantes aromas sofisticados y sensuales a la vez. Club de Nuit Woman es una fragancia seductora que le dar\u00e1 a todo lo que haces un toque encantador.   fragancia floral-frutal para mujer.  para mujeres rom\u00e1nticas.  adecuada para llevar a diario.  Composici\u00f3n de la fragancia  La fragancia Club de Nuit Woman se abre con notas frutales frescas de pomelo, naranja y jugoso melocot\u00f3n en combinaci\u00f3n con el aroma c\u00edtrico de la bergamota. En las notas de coraz\u00f3n de la composici\u00f3n te fascinar\u00e1 el aroma empolvado e intenso de la rosa con notas florales de jazm\u00edn, que se entremezclan con el aroma dulce y tropical del lichi. La composici\u00f3n arom\u00e1tica se cierra con la combinaci\u00f3n de c\u00e1lida vainilla, almizcle animal y terroso vetiver.  \u2705 Pagos 100% Contraentrega. \u2705 Env\u00edo Gratis a toda Colombia. \u2705 Perfumes 100% Originales.\" \/>\n<meta property=\"og:url\" content=\"https:\/\/ouddorperfumes.com\/index.php\/producto\/armaf-club-de-nuit-woman-105-ml-original\/\" \/>\n<meta property=\"og:site_name\" content=\"Oud d\u2019Or - L\u2019essence du pouvoir\" \/>\n<meta property=\"article:modified_time\" content=\"2025-10-03T23:45:36+00:00\" \/>\n<meta property=\"og:image\" content=\"https:\/\/ouddorperfumes.com\/wp-content\/uploads\/2025\/01\/Plantilla-360-38.jpg\" \/>\n\t<meta property=\"og:image:width\" content=\"1654\" \/>\n\t<meta property=\"og:image:height\" content=\"1654\" \/>\n\t<meta property=\"og:image:type\" content=\"image\/jpeg\" \/>\n<meta name=\"twitter:card\" content=\"summary_large_image\" \/>\n<meta name=\"twitter:label1\" content=\"Tiempo de lectura\" \/>\n\t<meta name=\"twitter:data1\" content=\"1 minuto\" \/>\n<script type=\"application\/ld+json\" class=\"yoast-schema-graph\">{\"@context\":\"https:\\\/\\\/schema.org\",\"@graph\":[{\"@type\":\"WebPage\",\"@id\":\"https:\\\/\\\/ouddorperfumes.com\\\/index.php\\\/producto\\\/armaf-club-de-nuit-woman-105-ml-original\\\/\",\"url\":\"https:\\\/\\\/ouddorperfumes.com\\\/index.php\\\/producto\\\/armaf-club-de-nuit-woman-105-ml-original\\\/\",\"name\":\"Armaf Club De Nuit Woman 105 ml Original - Oud d\u2019Or - L\u2019essence du pouvoir\",\"isPartOf\":{\"@id\":\"https:\\\/\\\/ouddorperfumes.com\\\/#website\"},\"primaryImageOfPage\":{\"@id\":\"https:\\\/\\\/ouddorperfumes.com\\\/index.php\\\/producto\\\/armaf-club-de-nuit-woman-105-ml-original\\\/#primaryimage\"},\"image\":{\"@id\":\"https:\\\/\\\/ouddorperfumes.com\\\/index.php\\\/producto\\\/armaf-club-de-nuit-woman-105-ml-original\\\/#primaryimage\"},\"thumbnailUrl\":\"https:\\\/\\\/ouddorperfumes.com\\\/wp-content\\\/uploads\\\/2025\\\/01\\\/Plantilla-360-38.jpg\",\"datePublished\":\"2025-01-06T03:35:51+00:00\",\"dateModified\":\"2025-10-03T23:45:36+00:00\",\"breadcrumb\":{\"@id\":\"https:\\\/\\\/ouddorperfumes.com\\\/index.php\\\/producto\\\/armaf-club-de-nuit-woman-105-ml-original\\\/#breadcrumb\"},\"inLanguage\":\"es\",\"potentialAction\":[{\"@type\":\"ReadAction\",\"target\":[\"https:\\\/\\\/ouddorperfumes.com\\\/index.php\\\/producto\\\/armaf-club-de-nuit-woman-105-ml-original\\\/\"]}]},{\"@type\":\"ImageObject\",\"inLanguage\":\"es\",\"@id\":\"https:\\\/\\\/ouddorperfumes.com\\\/index.php\\\/producto\\\/armaf-club-de-nuit-woman-105-ml-original\\\/#primaryimage\",\"url\":\"https:\\\/\\\/ouddorperfumes.com\\\/wp-content\\\/uploads\\\/2025\\\/01\\\/Plantilla-360-38.jpg\",\"contentUrl\":\"https:\\\/\\\/ouddorperfumes.com\\\/wp-content\\\/uploads\\\/2025\\\/01\\\/Plantilla-360-38.jpg\",\"width\":1654,\"height\":1654},{\"@type\":\"BreadcrumbList\",\"@id\":\"https:\\\/\\\/ouddorperfumes.com\\\/index.php\\\/producto\\\/armaf-club-de-nuit-woman-105-ml-original\\\/#breadcrumb\",\"itemListElement\":[{\"@type\":\"ListItem\",\"position\":1,\"name\":\"Portada\",\"item\":\"https:\\\/\\\/ouddorperfumes.com\\\/\"},{\"@type\":\"ListItem\",\"position\":2,\"name\":\"Todos los Perfumes\",\"item\":\"https:\\\/\\\/ouddorperfumes.com\\\/index.php\\\/todos-los-perfumes\\\/\"},{\"@type\":\"ListItem\",\"position\":3,\"name\":\"Armaf Club De Nuit Woman 105 ml Original\"}]},{\"@type\":\"WebSite\",\"@id\":\"https:\\\/\\\/ouddorperfumes.com\\\/#website\",\"url\":\"https:\\\/\\\/ouddorperfumes.com\\\/\",\"name\":\"Oud d\u2019Or - L\u2019essence du pouvoir\",\"description\":\"Perfumes Arabes 100% Originales\",\"potentialAction\":[{\"@type\":\"SearchAction\",\"target\":{\"@type\":\"EntryPoint\",\"urlTemplate\":\"https:\\\/\\\/ouddorperfumes.com\\\/?s={search_term_string}\"},\"query-input\":{\"@type\":\"PropertyValueSpecification\",\"valueRequired\":true,\"valueName\":\"search_term_string\"}}],\"inLanguage\":\"es\"}]}<\/script>\n<!-- \/ Yoast SEO plugin. -->","yoast_head_json":{"title":"Armaf Club De Nuit Woman 105 ml Original - Oud d\u2019Or - L\u2019essence du pouvoir","robots":{"index":"index","follow":"follow","max-snippet":"max-snippet:-1","max-image-preview":"max-image-preview:large","max-video-preview":"max-video-preview:-1"},"canonical":"https:\/\/ouddorperfumes.com\/index.php\/producto\/armaf-club-de-nuit-woman-105-ml-original\/","og_locale":"es_ES","og_type":"article","og_title":"Armaf Club De Nuit Woman 105 ml Original - Oud d\u2019Or - L\u2019essence du pouvoir","og_description":"Enam\u00f3rate de una composici\u00f3n arom\u00e1tica realmente femenina y sensual que te embriagar\u00e1 con su aroma atalcado a rosa y la fresca fragancia tropical de lichi. El eau de parfum para mujer Armaf Club de Nuit Woman materializa la perfecci\u00f3n atemporal y la delicadeza a trav\u00e9s de una explosi\u00f3n de elegantes aromas sofisticados y sensuales a la vez. Club de Nuit Woman es una fragancia seductora que le dar\u00e1 a todo lo que haces un toque encantador.   fragancia floral-frutal para mujer.  para mujeres rom\u00e1nticas.  adecuada para llevar a diario.  Composici\u00f3n de la fragancia  La fragancia Club de Nuit Woman se abre con notas frutales frescas de pomelo, naranja y jugoso melocot\u00f3n en combinaci\u00f3n con el aroma c\u00edtrico de la bergamota. En las notas de coraz\u00f3n de la composici\u00f3n te fascinar\u00e1 el aroma empolvado e intenso de la rosa con notas florales de jazm\u00edn, que se entremezclan con el aroma dulce y tropical del lichi. La composici\u00f3n arom\u00e1tica se cierra con la combinaci\u00f3n de c\u00e1lida vainilla, almizcle animal y terroso vetiver.  \u2705 Pagos 100% Contraentrega. \u2705 Env\u00edo Gratis a toda Colombia. \u2705 Perfumes 100% Originales.","og_url":"https:\/\/ouddorperfumes.com\/index.php\/producto\/armaf-club-de-nuit-woman-105-ml-original\/","og_site_name":"Oud d\u2019Or - L\u2019essence du pouvoir","article_modified_time":"2025-10-03T23:45:36+00:00","og_image":[{"width":1654,"height":1654,"url":"https:\/\/ouddorperfumes.com\/wp-content\/uploads\/2025\/01\/Plantilla-360-38.jpg","type":"image\/jpeg"}],"twitter_card":"summary_large_image","twitter_misc":{"Tiempo de lectura":"1 minuto"},"schema":{"@context":"https:\/\/schema.org","@graph":[{"@type":"WebPage","@id":"https:\/\/ouddorperfumes.com\/index.php\/producto\/armaf-club-de-nuit-woman-105-ml-original\/","url":"https:\/\/ouddorperfumes.com\/index.php\/producto\/armaf-club-de-nuit-woman-105-ml-original\/","name":"Armaf Club De Nuit Woman 105 ml Original - Oud d\u2019Or - L\u2019essence du pouvoir","isPartOf":{"@id":"https:\/\/ouddorperfumes.com\/#website"},"primaryImageOfPage":{"@id":"https:\/\/ouddorperfumes.com\/index.php\/producto\/armaf-club-de-nuit-woman-105-ml-original\/#primaryimage"},"image":{"@id":"https:\/\/ouddorperfumes.com\/index.php\/producto\/armaf-club-de-nuit-woman-105-ml-original\/#primaryimage"},"thumbnailUrl":"https:\/\/ouddorperfumes.com\/wp-content\/uploads\/2025\/01\/Plantilla-360-38.jpg","datePublished":"2025-01-06T03:35:51+00:00","dateModified":"2025-10-03T23:45:36+00:00","breadcrumb":{"@id":"https:\/\/ouddorperfumes.com\/index.php\/producto\/armaf-club-de-nuit-woman-105-ml-original\/#breadcrumb"},"inLanguage":"es","potentialAction":[{"@type":"ReadAction","target":["https:\/\/ouddorperfumes.com\/index.php\/producto\/armaf-club-de-nuit-woman-105-ml-original\/"]}]},{"@type":"ImageObject","inLanguage":"es","@id":"https:\/\/ouddorperfumes.com\/index.php\/producto\/armaf-club-de-nuit-woman-105-ml-original\/#primaryimage","url":"https:\/\/ouddorperfumes.com\/wp-content\/uploads\/2025\/01\/Plantilla-360-38.jpg","contentUrl":"https:\/\/ouddorperfumes.com\/wp-content\/uploads\/2025\/01\/Plantilla-360-38.jpg","width":1654,"height":1654},{"@type":"BreadcrumbList","@id":"https:\/\/ouddorperfumes.com\/index.php\/producto\/armaf-club-de-nuit-woman-105-ml-original\/#breadcrumb","itemListElement":[{"@type":"ListItem","position":1,"name":"Portada","item":"https:\/\/ouddorperfumes.com\/"},{"@type":"ListItem","position":2,"name":"Todos los Perfumes","item":"https:\/\/ouddorperfumes.com\/index.php\/todos-los-perfumes\/"},{"@type":"ListItem","position":3,"name":"Armaf Club De Nuit Woman 105 ml Original"}]},{"@type":"WebSite","@id":"https:\/\/ouddorperfumes.com\/#website","url":"https:\/\/ouddorperfumes.com\/","name":"Oud d\u2019Or - L\u2019essence du pouvoir","description":"Perfumes Arabes 100% Originales","potentialAction":[{"@type":"SearchAction","target":{"@type":"EntryPoint","urlTemplate":"https:\/\/ouddorperfumes.com\/?s={search_term_string}"},"query-input":{"@type":"PropertyValueSpecification","valueRequired":true,"valueName":"search_term_string"}}],"inLanguage":"es"}]}},"_links":{"self":[{"href":"https:\/\/ouddorperfumes.com\/index.php\/wp-json\/wp\/v2\/product\/9332","targetHints":{"allow":["GET"]}}],"collection":[{"href":"https:\/\/ouddorperfumes.com\/index.php\/wp-json\/wp\/v2\/product"}],"about":[{"href":"https:\/\/ouddorperfumes.com\/index.php\/wp-json\/wp\/v2\/types\/product"}],"version-history":[{"count":1,"href":"https:\/\/ouddorperfumes.com\/index.php\/wp-json\/wp\/v2\/product\/9332\/revisions"}],"predecessor-version":[{"id":11806,"href":"https:\/\/ouddorperfumes.com\/index.php\/wp-json\/wp\/v2\/product\/9332\/revisions\/11806"}],"wp:featuredmedia":[{"embeddable":true,"href":"https:\/\/ouddorperfumes.com\/index.php\/wp-json\/wp\/v2\/media\/9155"}],"wp:attachment":[{"href":"https:\/\/ouddorperfumes.com\/index.php\/wp-json\/wp\/v2\/media?parent=9332"}],"wp:term":[{"taxonomy":"product_brand","embeddable":true,"href":"https:\/\/ouddorperfumes.com\/index.php\/wp-json\/wp\/v2\/product_brand?post=9332"},{"taxonomy":"product_cat","embeddable":true,"href":"https:\/\/ouddorperfumes.com\/index.php\/wp-json\/wp\/v2\/product_cat?post=9332"},{"taxonomy":"product_tag","embeddable":true,"href":"https:\/\/ouddorperfumes.com\/index.php\/wp-json\/wp\/v2\/product_tag?post=9332"}],"curies":[{"name":"wp","href":"https:\/\/api.w.org\/{rel}","templated":true}]}}