{"id":9336,"date":"2025-01-05T22:38:55","date_gmt":"2025-01-06T03:38:55","guid":{"rendered":"https:\/\/ouddorperfumes.com\/index.php\/producto\/lattafa-amethyst-100-ml-original\/"},"modified":"2025-10-03T18:44:48","modified_gmt":"2025-10-03T23:44:48","slug":"lattafa-badee-al-oud-amethyst-100-ml-original","status":"publish","type":"product","link":"https:\/\/ouddorperfumes.com\/index.php\/producto\/lattafa-badee-al-oud-amethyst-100-ml-original\/","title":{"rendered":"Lattafa Badee Al Oud Amethyst 100 ml Original"},"content":{"rendered":"<p><strong>Fragancia ex\u00f3tica y atractiva<\/strong><\/p>\n<p>\u00bfEst\u00e1s buscando una fragancia \u00fanica y cautivadora que te haga sentir especial? Entonces, Bade&#8217;e Al Oud Amethyst Lattafa es el perfume perfecto para ti. Con su aroma ex\u00f3tico y atractivo, este perfume te transportar\u00e1 a lugares lejanos y te har\u00e1 sentir como una reina. Las notas de oud, rosa y \u00e1mbar se combinan para crear una fragancia elegante y sofisticada que te har\u00e1 destacar en cualquier ocasi\u00f3n.<\/p>\n<p><strong>Calidad premium<\/strong><\/p>\n<p>Cuando compras Bade&#8217;e Al Oud Amethyst Lattafa, puedes estar seguro de que est\u00e1s obteniendo un producto de calidad premium. Cada botella est\u00e1 cuidadosamente elaborada con ingredientes de alta calidad para garantizar que obtengas una fragancia duradera y de gran calidad. Adem\u00e1s, la botella en s\u00ed es una obra de arte, con un dise\u00f1o elegante y sofisticado que refleja el lujo y la belleza de la fragancia que contiene.<\/p>\n<p><strong>Regalo perfecto<\/strong><\/p>\n<p>\u00bfEst\u00e1s buscando un regalo especial para alguien que amas? Bade&#8217;e Al Oud Amethyst Lattafa es una excelente opci\u00f3n. Esta fragancia \u00fanica y ex\u00f3tica es el regalo perfecto para cualquier ocasi\u00f3n, ya sea un cumplea\u00f1os, una boda o simplemente para decir \u00abte quiero\u00bb. Adem\u00e1s, con su dise\u00f1o elegante y sofisticado, la botella es un regalo que se ver\u00e1 hermoso en cualquier tocador.<\/p>\n","protected":false},"excerpt":{"rendered":"<p><strong>Fragancia ex\u00f3tica y atractiva<\/strong><\/p>\n<p>\u00bfEst\u00e1s buscando una fragancia \u00fanica y cautivadora que te haga sentir especial? Entonces, Bade&#8217;e Al Oud Amethyst Lattafa es el perfume perfecto para ti. Con su aroma ex\u00f3tico y atractivo, este perfume te transportar\u00e1 a lugares lejanos y te har\u00e1 sentir como una reina. Las notas de oud, rosa y \u00e1mbar se combinan para crear una fragancia elegante y sofisticada que te har\u00e1 destacar en cualquier ocasi\u00f3n.<\/p>\n<p><strong>Calidad premium<\/strong><\/p>\n<p>Cuando compras Bade&#8217;e Al Oud Amethyst Lattafa, puedes estar seguro de que est\u00e1s obteniendo un producto de calidad premium. Cada botella est\u00e1 cuidadosamente elaborada con ingredientes de alta calidad para garantizar que obtengas una fragancia duradera y de gran calidad. Adem\u00e1s, la botella en s\u00ed es una obra de arte, con un dise\u00f1o elegante y sofisticado que refleja el lujo y la belleza de la fragancia que contiene.<\/p>\n<p><strong>Regalo perfecto<\/strong><\/p>\n<p>\u00bfEst\u00e1s buscando un regalo especial para alguien que amas? Bade&#8217;e Al Oud Amethyst Lattafa es una excelente opci\u00f3n. Esta fragancia \u00fanica y ex\u00f3tica es el regalo perfecto para cualquier ocasi\u00f3n, ya sea un cumplea\u00f1os, una boda o simplemente para decir \u00abte quiero\u00bb. Adem\u00e1s, con su dise\u00f1o elegante y sofisticado, la botella es un regalo que se ver\u00e1 hermoso en cualquier tocador.<\/p>\n<p><span style=\"color: #ff4400;\"><strong>\u2705 <span style=\"color: #d9a569;\">Pagos 100% Contraentrega.<\/span><\/strong><\/span><br \/>\n<span style=\"color: #ff4400;\"><strong>\u2705 <span style=\"color: #d9a569;\">Env\u00edo Gratis a toda Colombia.<\/span><\/strong><\/span><br \/>\n<span style=\"color: #ff4400;\"><strong>\u2705 <span style=\"color: #d9a569;\">Perfumes 100% Originales.<\/span><\/strong><\/span><\/p>\n","protected":false},"featured_media":9118,"template":"","meta":[],"product_brand":[],"product_cat":[169,182,168,177,170],"product_tag":[],"class_list":{"0":"post-9336","1":"product","2":"type-product","3":"status-publish","4":"has-post-thumbnail","6":"product_cat-hombre","7":"product_cat-lattafa","8":"product_cat-mujer","9":"product_cat-perfumes-arabes","10":"product_cat-unisex","12":"first","13":"instock","14":"sale","15":"shipping-taxable","16":"purchasable","17":"product-type-simple"},"yoast_head":"<!-- This site is optimized with the Yoast SEO plugin v27.3 - https:\/\/yoast.com\/product\/yoast-seo-wordpress\/ -->\n<title>Lattafa Badee Al Oud Amethyst 100 ml Original - Oud d\u2019Or - L\u2019essence du pouvoir<\/title>\n<meta name=\"robots\" content=\"index, follow, max-snippet:-1, max-image-preview:large, max-video-preview:-1\" \/>\n<link rel=\"canonical\" href=\"https:\/\/ouddorperfumes.com\/index.php\/producto\/lattafa-badee-al-oud-amethyst-100-ml-original\/\" \/>\n<meta property=\"og:locale\" content=\"es_ES\" \/>\n<meta property=\"og:type\" content=\"article\" \/>\n<meta property=\"og:title\" content=\"Lattafa Badee Al Oud Amethyst 100 ml Original - Oud d\u2019Or - L\u2019essence du pouvoir\" \/>\n<meta property=\"og:description\" content=\"Fragancia ex\u00f3tica y atractiva  \u00bfEst\u00e1s buscando una fragancia \u00fanica y cautivadora que te haga sentir especial? Entonces, Bade&#039;e Al Oud Amethyst Lattafa es el perfume perfecto para ti. Con su aroma ex\u00f3tico y atractivo, este perfume te transportar\u00e1 a lugares lejanos y te har\u00e1 sentir como una reina. Las notas de oud, rosa y \u00e1mbar se combinan para crear una fragancia elegante y sofisticada que te har\u00e1 destacar en cualquier ocasi\u00f3n.  Calidad premium  Cuando compras Bade&#039;e Al Oud Amethyst Lattafa, puedes estar seguro de que est\u00e1s obteniendo un producto de calidad premium. Cada botella est\u00e1 cuidadosamente elaborada con ingredientes de alta calidad para garantizar que obtengas una fragancia duradera y de gran calidad. Adem\u00e1s, la botella en s\u00ed es una obra de arte, con un dise\u00f1o elegante y sofisticado que refleja el lujo y la belleza de la fragancia que contiene.  Regalo perfecto  \u00bfEst\u00e1s buscando un regalo especial para alguien que amas? Bade&#039;e Al Oud Amethyst Lattafa es una excelente opci\u00f3n. Esta fragancia \u00fanica y ex\u00f3tica es el regalo perfecto para cualquier ocasi\u00f3n, ya sea un cumplea\u00f1os, una boda o simplemente para decir &quot;te quiero&quot;. Adem\u00e1s, con su dise\u00f1o elegante y sofisticado, la botella es un regalo que se ver\u00e1 hermoso en cualquier tocador.  \u2705 Pagos 100% Contraentrega. \u2705 Env\u00edo Gratis a toda Colombia. \u2705 Perfumes 100% Originales.\" \/>\n<meta property=\"og:url\" content=\"https:\/\/ouddorperfumes.com\/index.php\/producto\/lattafa-badee-al-oud-amethyst-100-ml-original\/\" \/>\n<meta property=\"og:site_name\" content=\"Oud d\u2019Or - L\u2019essence du pouvoir\" \/>\n<meta property=\"article:modified_time\" content=\"2025-10-03T23:44:48+00:00\" \/>\n<meta property=\"og:image\" content=\"https:\/\/ouddorperfumes.com\/wp-content\/uploads\/2025\/01\/Plantilla-360-1.jpg\" \/>\n\t<meta property=\"og:image:width\" content=\"1654\" \/>\n\t<meta property=\"og:image:height\" content=\"1654\" \/>\n\t<meta property=\"og:image:type\" content=\"image\/jpeg\" \/>\n<meta name=\"twitter:card\" content=\"summary_large_image\" \/>\n<meta name=\"twitter:label1\" content=\"Tiempo de lectura\" \/>\n\t<meta name=\"twitter:data1\" content=\"2 minutos\" \/>\n<script type=\"application\/ld+json\" class=\"yoast-schema-graph\">{\"@context\":\"https:\\\/\\\/schema.org\",\"@graph\":[{\"@type\":\"WebPage\",\"@id\":\"https:\\\/\\\/ouddorperfumes.com\\\/index.php\\\/producto\\\/lattafa-badee-al-oud-amethyst-100-ml-original\\\/\",\"url\":\"https:\\\/\\\/ouddorperfumes.com\\\/index.php\\\/producto\\\/lattafa-badee-al-oud-amethyst-100-ml-original\\\/\",\"name\":\"Lattafa Badee Al Oud Amethyst 100 ml Original - Oud d\u2019Or - L\u2019essence du pouvoir\",\"isPartOf\":{\"@id\":\"https:\\\/\\\/ouddorperfumes.com\\\/#website\"},\"primaryImageOfPage\":{\"@id\":\"https:\\\/\\\/ouddorperfumes.com\\\/index.php\\\/producto\\\/lattafa-badee-al-oud-amethyst-100-ml-original\\\/#primaryimage\"},\"image\":{\"@id\":\"https:\\\/\\\/ouddorperfumes.com\\\/index.php\\\/producto\\\/lattafa-badee-al-oud-amethyst-100-ml-original\\\/#primaryimage\"},\"thumbnailUrl\":\"https:\\\/\\\/ouddorperfumes.com\\\/wp-content\\\/uploads\\\/2025\\\/01\\\/Plantilla-360-1.jpg\",\"datePublished\":\"2025-01-06T03:38:55+00:00\",\"dateModified\":\"2025-10-03T23:44:48+00:00\",\"breadcrumb\":{\"@id\":\"https:\\\/\\\/ouddorperfumes.com\\\/index.php\\\/producto\\\/lattafa-badee-al-oud-amethyst-100-ml-original\\\/#breadcrumb\"},\"inLanguage\":\"es\",\"potentialAction\":[{\"@type\":\"ReadAction\",\"target\":[\"https:\\\/\\\/ouddorperfumes.com\\\/index.php\\\/producto\\\/lattafa-badee-al-oud-amethyst-100-ml-original\\\/\"]}]},{\"@type\":\"ImageObject\",\"inLanguage\":\"es\",\"@id\":\"https:\\\/\\\/ouddorperfumes.com\\\/index.php\\\/producto\\\/lattafa-badee-al-oud-amethyst-100-ml-original\\\/#primaryimage\",\"url\":\"https:\\\/\\\/ouddorperfumes.com\\\/wp-content\\\/uploads\\\/2025\\\/01\\\/Plantilla-360-1.jpg\",\"contentUrl\":\"https:\\\/\\\/ouddorperfumes.com\\\/wp-content\\\/uploads\\\/2025\\\/01\\\/Plantilla-360-1.jpg\",\"width\":1654,\"height\":1654},{\"@type\":\"BreadcrumbList\",\"@id\":\"https:\\\/\\\/ouddorperfumes.com\\\/index.php\\\/producto\\\/lattafa-badee-al-oud-amethyst-100-ml-original\\\/#breadcrumb\",\"itemListElement\":[{\"@type\":\"ListItem\",\"position\":1,\"name\":\"Portada\",\"item\":\"https:\\\/\\\/ouddorperfumes.com\\\/\"},{\"@type\":\"ListItem\",\"position\":2,\"name\":\"Todos los Perfumes\",\"item\":\"https:\\\/\\\/ouddorperfumes.com\\\/index.php\\\/todos-los-perfumes\\\/\"},{\"@type\":\"ListItem\",\"position\":3,\"name\":\"Lattafa Badee Al Oud Amethyst 100 ml Original\"}]},{\"@type\":\"WebSite\",\"@id\":\"https:\\\/\\\/ouddorperfumes.com\\\/#website\",\"url\":\"https:\\\/\\\/ouddorperfumes.com\\\/\",\"name\":\"Oud d\u2019Or - L\u2019essence du pouvoir\",\"description\":\"Perfumes Arabes 100% Originales\",\"potentialAction\":[{\"@type\":\"SearchAction\",\"target\":{\"@type\":\"EntryPoint\",\"urlTemplate\":\"https:\\\/\\\/ouddorperfumes.com\\\/?s={search_term_string}\"},\"query-input\":{\"@type\":\"PropertyValueSpecification\",\"valueRequired\":true,\"valueName\":\"search_term_string\"}}],\"inLanguage\":\"es\"}]}<\/script>\n<!-- \/ Yoast SEO plugin. -->","yoast_head_json":{"title":"Lattafa Badee Al Oud Amethyst 100 ml Original - Oud d\u2019Or - L\u2019essence du pouvoir","robots":{"index":"index","follow":"follow","max-snippet":"max-snippet:-1","max-image-preview":"max-image-preview:large","max-video-preview":"max-video-preview:-1"},"canonical":"https:\/\/ouddorperfumes.com\/index.php\/producto\/lattafa-badee-al-oud-amethyst-100-ml-original\/","og_locale":"es_ES","og_type":"article","og_title":"Lattafa Badee Al Oud Amethyst 100 ml Original - Oud d\u2019Or - L\u2019essence du pouvoir","og_description":"Fragancia ex\u00f3tica y atractiva  \u00bfEst\u00e1s buscando una fragancia \u00fanica y cautivadora que te haga sentir especial? Entonces, Bade'e Al Oud Amethyst Lattafa es el perfume perfecto para ti. Con su aroma ex\u00f3tico y atractivo, este perfume te transportar\u00e1 a lugares lejanos y te har\u00e1 sentir como una reina. Las notas de oud, rosa y \u00e1mbar se combinan para crear una fragancia elegante y sofisticada que te har\u00e1 destacar en cualquier ocasi\u00f3n.  Calidad premium  Cuando compras Bade'e Al Oud Amethyst Lattafa, puedes estar seguro de que est\u00e1s obteniendo un producto de calidad premium. Cada botella est\u00e1 cuidadosamente elaborada con ingredientes de alta calidad para garantizar que obtengas una fragancia duradera y de gran calidad. Adem\u00e1s, la botella en s\u00ed es una obra de arte, con un dise\u00f1o elegante y sofisticado que refleja el lujo y la belleza de la fragancia que contiene.  Regalo perfecto  \u00bfEst\u00e1s buscando un regalo especial para alguien que amas? Bade'e Al Oud Amethyst Lattafa es una excelente opci\u00f3n. Esta fragancia \u00fanica y ex\u00f3tica es el regalo perfecto para cualquier ocasi\u00f3n, ya sea un cumplea\u00f1os, una boda o simplemente para decir \"te quiero\". Adem\u00e1s, con su dise\u00f1o elegante y sofisticado, la botella es un regalo que se ver\u00e1 hermoso en cualquier tocador.  \u2705 Pagos 100% Contraentrega. \u2705 Env\u00edo Gratis a toda Colombia. \u2705 Perfumes 100% Originales.","og_url":"https:\/\/ouddorperfumes.com\/index.php\/producto\/lattafa-badee-al-oud-amethyst-100-ml-original\/","og_site_name":"Oud d\u2019Or - L\u2019essence du pouvoir","article_modified_time":"2025-10-03T23:44:48+00:00","og_image":[{"width":1654,"height":1654,"url":"https:\/\/ouddorperfumes.com\/wp-content\/uploads\/2025\/01\/Plantilla-360-1.jpg","type":"image\/jpeg"}],"twitter_card":"summary_large_image","twitter_misc":{"Tiempo de lectura":"2 minutos"},"schema":{"@context":"https:\/\/schema.org","@graph":[{"@type":"WebPage","@id":"https:\/\/ouddorperfumes.com\/index.php\/producto\/lattafa-badee-al-oud-amethyst-100-ml-original\/","url":"https:\/\/ouddorperfumes.com\/index.php\/producto\/lattafa-badee-al-oud-amethyst-100-ml-original\/","name":"Lattafa Badee Al Oud Amethyst 100 ml Original - Oud d\u2019Or - L\u2019essence du pouvoir","isPartOf":{"@id":"https:\/\/ouddorperfumes.com\/#website"},"primaryImageOfPage":{"@id":"https:\/\/ouddorperfumes.com\/index.php\/producto\/lattafa-badee-al-oud-amethyst-100-ml-original\/#primaryimage"},"image":{"@id":"https:\/\/ouddorperfumes.com\/index.php\/producto\/lattafa-badee-al-oud-amethyst-100-ml-original\/#primaryimage"},"thumbnailUrl":"https:\/\/ouddorperfumes.com\/wp-content\/uploads\/2025\/01\/Plantilla-360-1.jpg","datePublished":"2025-01-06T03:38:55+00:00","dateModified":"2025-10-03T23:44:48+00:00","breadcrumb":{"@id":"https:\/\/ouddorperfumes.com\/index.php\/producto\/lattafa-badee-al-oud-amethyst-100-ml-original\/#breadcrumb"},"inLanguage":"es","potentialAction":[{"@type":"ReadAction","target":["https:\/\/ouddorperfumes.com\/index.php\/producto\/lattafa-badee-al-oud-amethyst-100-ml-original\/"]}]},{"@type":"ImageObject","inLanguage":"es","@id":"https:\/\/ouddorperfumes.com\/index.php\/producto\/lattafa-badee-al-oud-amethyst-100-ml-original\/#primaryimage","url":"https:\/\/ouddorperfumes.com\/wp-content\/uploads\/2025\/01\/Plantilla-360-1.jpg","contentUrl":"https:\/\/ouddorperfumes.com\/wp-content\/uploads\/2025\/01\/Plantilla-360-1.jpg","width":1654,"height":1654},{"@type":"BreadcrumbList","@id":"https:\/\/ouddorperfumes.com\/index.php\/producto\/lattafa-badee-al-oud-amethyst-100-ml-original\/#breadcrumb","itemListElement":[{"@type":"ListItem","position":1,"name":"Portada","item":"https:\/\/ouddorperfumes.com\/"},{"@type":"ListItem","position":2,"name":"Todos los Perfumes","item":"https:\/\/ouddorperfumes.com\/index.php\/todos-los-perfumes\/"},{"@type":"ListItem","position":3,"name":"Lattafa Badee Al Oud Amethyst 100 ml Original"}]},{"@type":"WebSite","@id":"https:\/\/ouddorperfumes.com\/#website","url":"https:\/\/ouddorperfumes.com\/","name":"Oud d\u2019Or - L\u2019essence du pouvoir","description":"Perfumes Arabes 100% Originales","potentialAction":[{"@type":"SearchAction","target":{"@type":"EntryPoint","urlTemplate":"https:\/\/ouddorperfumes.com\/?s={search_term_string}"},"query-input":{"@type":"PropertyValueSpecification","valueRequired":true,"valueName":"search_term_string"}}],"inLanguage":"es"}]}},"_links":{"self":[{"href":"https:\/\/ouddorperfumes.com\/index.php\/wp-json\/wp\/v2\/product\/9336","targetHints":{"allow":["GET"]}}],"collection":[{"href":"https:\/\/ouddorperfumes.com\/index.php\/wp-json\/wp\/v2\/product"}],"about":[{"href":"https:\/\/ouddorperfumes.com\/index.php\/wp-json\/wp\/v2\/types\/product"}],"version-history":[{"count":1,"href":"https:\/\/ouddorperfumes.com\/index.php\/wp-json\/wp\/v2\/product\/9336\/revisions"}],"predecessor-version":[{"id":11802,"href":"https:\/\/ouddorperfumes.com\/index.php\/wp-json\/wp\/v2\/product\/9336\/revisions\/11802"}],"wp:featuredmedia":[{"embeddable":true,"href":"https:\/\/ouddorperfumes.com\/index.php\/wp-json\/wp\/v2\/media\/9118"}],"wp:attachment":[{"href":"https:\/\/ouddorperfumes.com\/index.php\/wp-json\/wp\/v2\/media?parent=9336"}],"wp:term":[{"taxonomy":"product_brand","embeddable":true,"href":"https:\/\/ouddorperfumes.com\/index.php\/wp-json\/wp\/v2\/product_brand?post=9336"},{"taxonomy":"product_cat","embeddable":true,"href":"https:\/\/ouddorperfumes.com\/index.php\/wp-json\/wp\/v2\/product_cat?post=9336"},{"taxonomy":"product_tag","embeddable":true,"href":"https:\/\/ouddorperfumes.com\/index.php\/wp-json\/wp\/v2\/product_tag?post=9336"}],"curies":[{"name":"wp","href":"https:\/\/api.w.org\/{rel}","templated":true}]}}