{"id":9338,"date":"2025-01-05T22:43:09","date_gmt":"2025-01-06T03:43:09","guid":{"rendered":"https:\/\/ouddorperfumes.com\/index.php\/producto\/lattafa-khamrah-qahwa-100-ml-original\/"},"modified":"2025-10-03T18:42:06","modified_gmt":"2025-10-03T23:42:06","slug":"lattafa-khamrah-qahwa-100-ml-original","status":"publish","type":"product","link":"https:\/\/ouddorperfumes.com\/index.php\/producto\/lattafa-khamrah-qahwa-100-ml-original\/","title":{"rendered":"Lattafa Khamrah Qahwa 100 ml Original"},"content":{"rendered":"<p>Emb\u00e1rcate en un viaje sensorial con la nueva versi\u00f3n mejorada de Lattafa Khamrah, Qahwa, una fragancia que redefine la experiencia del caf\u00e9 en el mundo de la perfumer\u00eda.<\/p>\n<p>Este perfume cautivador te sumerge en una atm\u00f3sfera c\u00e1lida y especiada, donde las notas dulces y avainilladas se entrelazan con la riqueza del caf\u00e9 reci\u00e9n hecho. La presencia del \u00e1mbar a\u00f1ade una profundidad seductora a la composici\u00f3n, creando una estela embriagadora que perdura a lo largo del d\u00eda.<\/p>\n<p>Nueva Lattafa Khamrah Qahwa es un homenaje al placer arom\u00e1tico del caf\u00e9, ofreciendo una experiencia olfativa que es intensa, acogedora y llena de calidez. Esta fragancia es perfecta para aquellos que buscan una mezcla indulgente que celebra la exquisita fusi\u00f3n de notas c\u00e1lidas y dulces con el car\u00e1cter distintivo del caf\u00e9. Sum\u00e9rgete en esta versi\u00f3n mejorada y deja que Nueva Lattafa Khamrah Qahwa despierte tus sentidos con su irresistibilidad \u00fanica.<\/p>\n","protected":false},"excerpt":{"rendered":"<p>Emb\u00e1rcate en un viaje sensorial con la nueva versi\u00f3n mejorada de Lattafa Khamrah, Qahwa, una fragancia que redefine la experiencia del caf\u00e9 en el mundo de la perfumer\u00eda.<\/p>\n<p>Este perfume cautivador te sumerge en una atm\u00f3sfera c\u00e1lida y especiada, donde las notas dulces y avainilladas se entrelazan con la riqueza del caf\u00e9 reci\u00e9n hecho. La presencia del \u00e1mbar a\u00f1ade una profundidad seductora a la composici\u00f3n, creando una estela embriagadora que perdura a lo largo del d\u00eda.<\/p>\n<p>Nueva Lattafa Khamrah Qahwa es un homenaje al placer arom\u00e1tico del caf\u00e9, ofreciendo una experiencia olfativa que es intensa, acogedora y llena de calidez. Esta fragancia es perfecta para aquellos que buscan una mezcla indulgente que celebra la exquisita fusi\u00f3n de notas c\u00e1lidas y dulces con el car\u00e1cter distintivo del caf\u00e9. Sum\u00e9rgete en esta versi\u00f3n mejorada y deja que Nueva Lattafa Khamrah Qahwa despierte tus sentidos con su irresistibilidad \u00fanica.<\/p>\n<p><span style=\"color: #ff4400;\"><strong>\u2705 <span style=\"color: #d9a569;\">Pagos 100% Contraentrega.<\/span><\/strong><\/span><br \/>\n<span style=\"color: #ff4400;\"><strong>\u2705 <span style=\"color: #d9a569;\">Env\u00edo Gratis a toda Colombia.<\/span><\/strong><\/span><br \/>\n<span style=\"color: #ff4400;\"><strong>\u2705 <span style=\"color: #d9a569;\">Perfumes 100% Originales.<\/span><\/strong><\/span><\/p>\n","protected":false},"featured_media":9175,"template":"","meta":[],"product_brand":[],"product_cat":[169,182,168,177,170],"product_tag":[],"class_list":{"0":"post-9338","1":"product","2":"type-product","3":"status-publish","4":"has-post-thumbnail","6":"product_cat-hombre","7":"product_cat-lattafa","8":"product_cat-mujer","9":"product_cat-perfumes-arabes","10":"product_cat-unisex","12":"first","13":"instock","14":"sale","15":"shipping-taxable","16":"purchasable","17":"product-type-simple"},"yoast_head":"<!-- This site is optimized with the Yoast SEO plugin v27.3 - https:\/\/yoast.com\/product\/yoast-seo-wordpress\/ -->\n<title>Lattafa Khamrah Qahwa 100 ml Original - Oud d\u2019Or - L\u2019essence du pouvoir<\/title>\n<meta name=\"robots\" content=\"index, follow, max-snippet:-1, max-image-preview:large, max-video-preview:-1\" \/>\n<link rel=\"canonical\" href=\"https:\/\/ouddorperfumes.com\/index.php\/producto\/lattafa-khamrah-qahwa-100-ml-original\/\" \/>\n<meta property=\"og:locale\" content=\"es_ES\" \/>\n<meta property=\"og:type\" content=\"article\" \/>\n<meta property=\"og:title\" content=\"Lattafa Khamrah Qahwa 100 ml Original - Oud d\u2019Or - L\u2019essence du pouvoir\" \/>\n<meta property=\"og:description\" content=\"Emb\u00e1rcate en un viaje sensorial con la nueva versi\u00f3n mejorada de Lattafa Khamrah, Qahwa, una fragancia que redefine la experiencia del caf\u00e9 en el mundo de la perfumer\u00eda.  Este perfume cautivador te sumerge en una atm\u00f3sfera c\u00e1lida y especiada, donde las notas dulces y avainilladas se entrelazan con la riqueza del caf\u00e9 reci\u00e9n hecho. La presencia del \u00e1mbar a\u00f1ade una profundidad seductora a la composici\u00f3n, creando una estela embriagadora que perdura a lo largo del d\u00eda.  Nueva Lattafa Khamrah Qahwa es un homenaje al placer arom\u00e1tico del caf\u00e9, ofreciendo una experiencia olfativa que es intensa, acogedora y llena de calidez. Esta fragancia es perfecta para aquellos que buscan una mezcla indulgente que celebra la exquisita fusi\u00f3n de notas c\u00e1lidas y dulces con el car\u00e1cter distintivo del caf\u00e9. Sum\u00e9rgete en esta versi\u00f3n mejorada y deja que Nueva Lattafa Khamrah Qahwa despierte tus sentidos con su irresistibilidad \u00fanica.  \u2705 Pagos 100% Contraentrega. \u2705 Env\u00edo Gratis a toda Colombia. \u2705 Perfumes 100% Originales.\" \/>\n<meta property=\"og:url\" content=\"https:\/\/ouddorperfumes.com\/index.php\/producto\/lattafa-khamrah-qahwa-100-ml-original\/\" \/>\n<meta property=\"og:site_name\" content=\"Oud d\u2019Or - L\u2019essence du pouvoir\" \/>\n<meta property=\"article:modified_time\" content=\"2025-10-03T23:42:06+00:00\" \/>\n<meta property=\"og:image\" content=\"https:\/\/ouddorperfumes.com\/wp-content\/uploads\/2025\/01\/Plantilla-360-59.jpg\" \/>\n\t<meta property=\"og:image:width\" content=\"1654\" \/>\n\t<meta property=\"og:image:height\" content=\"1654\" \/>\n\t<meta property=\"og:image:type\" content=\"image\/jpeg\" \/>\n<meta name=\"twitter:card\" content=\"summary_large_image\" \/>\n<meta name=\"twitter:label1\" content=\"Tiempo de lectura\" \/>\n\t<meta name=\"twitter:data1\" content=\"1 minuto\" \/>\n<script type=\"application\/ld+json\" class=\"yoast-schema-graph\">{\"@context\":\"https:\\\/\\\/schema.org\",\"@graph\":[{\"@type\":\"WebPage\",\"@id\":\"https:\\\/\\\/ouddorperfumes.com\\\/index.php\\\/producto\\\/lattafa-khamrah-qahwa-100-ml-original\\\/\",\"url\":\"https:\\\/\\\/ouddorperfumes.com\\\/index.php\\\/producto\\\/lattafa-khamrah-qahwa-100-ml-original\\\/\",\"name\":\"Lattafa Khamrah Qahwa 100 ml Original - Oud d\u2019Or - L\u2019essence du pouvoir\",\"isPartOf\":{\"@id\":\"https:\\\/\\\/ouddorperfumes.com\\\/#website\"},\"primaryImageOfPage\":{\"@id\":\"https:\\\/\\\/ouddorperfumes.com\\\/index.php\\\/producto\\\/lattafa-khamrah-qahwa-100-ml-original\\\/#primaryimage\"},\"image\":{\"@id\":\"https:\\\/\\\/ouddorperfumes.com\\\/index.php\\\/producto\\\/lattafa-khamrah-qahwa-100-ml-original\\\/#primaryimage\"},\"thumbnailUrl\":\"https:\\\/\\\/ouddorperfumes.com\\\/wp-content\\\/uploads\\\/2025\\\/01\\\/Plantilla-360-59.jpg\",\"datePublished\":\"2025-01-06T03:43:09+00:00\",\"dateModified\":\"2025-10-03T23:42:06+00:00\",\"breadcrumb\":{\"@id\":\"https:\\\/\\\/ouddorperfumes.com\\\/index.php\\\/producto\\\/lattafa-khamrah-qahwa-100-ml-original\\\/#breadcrumb\"},\"inLanguage\":\"es\",\"potentialAction\":[{\"@type\":\"ReadAction\",\"target\":[\"https:\\\/\\\/ouddorperfumes.com\\\/index.php\\\/producto\\\/lattafa-khamrah-qahwa-100-ml-original\\\/\"]}]},{\"@type\":\"ImageObject\",\"inLanguage\":\"es\",\"@id\":\"https:\\\/\\\/ouddorperfumes.com\\\/index.php\\\/producto\\\/lattafa-khamrah-qahwa-100-ml-original\\\/#primaryimage\",\"url\":\"https:\\\/\\\/ouddorperfumes.com\\\/wp-content\\\/uploads\\\/2025\\\/01\\\/Plantilla-360-59.jpg\",\"contentUrl\":\"https:\\\/\\\/ouddorperfumes.com\\\/wp-content\\\/uploads\\\/2025\\\/01\\\/Plantilla-360-59.jpg\",\"width\":1654,\"height\":1654},{\"@type\":\"BreadcrumbList\",\"@id\":\"https:\\\/\\\/ouddorperfumes.com\\\/index.php\\\/producto\\\/lattafa-khamrah-qahwa-100-ml-original\\\/#breadcrumb\",\"itemListElement\":[{\"@type\":\"ListItem\",\"position\":1,\"name\":\"Portada\",\"item\":\"https:\\\/\\\/ouddorperfumes.com\\\/\"},{\"@type\":\"ListItem\",\"position\":2,\"name\":\"Todos los Perfumes\",\"item\":\"https:\\\/\\\/ouddorperfumes.com\\\/index.php\\\/todos-los-perfumes\\\/\"},{\"@type\":\"ListItem\",\"position\":3,\"name\":\"Lattafa Khamrah Qahwa 100 ml Original\"}]},{\"@type\":\"WebSite\",\"@id\":\"https:\\\/\\\/ouddorperfumes.com\\\/#website\",\"url\":\"https:\\\/\\\/ouddorperfumes.com\\\/\",\"name\":\"Oud d\u2019Or - L\u2019essence du pouvoir\",\"description\":\"Perfumes Arabes 100% Originales\",\"potentialAction\":[{\"@type\":\"SearchAction\",\"target\":{\"@type\":\"EntryPoint\",\"urlTemplate\":\"https:\\\/\\\/ouddorperfumes.com\\\/?s={search_term_string}\"},\"query-input\":{\"@type\":\"PropertyValueSpecification\",\"valueRequired\":true,\"valueName\":\"search_term_string\"}}],\"inLanguage\":\"es\"}]}<\/script>\n<!-- \/ Yoast SEO plugin. -->","yoast_head_json":{"title":"Lattafa Khamrah Qahwa 100 ml Original - Oud d\u2019Or - L\u2019essence du pouvoir","robots":{"index":"index","follow":"follow","max-snippet":"max-snippet:-1","max-image-preview":"max-image-preview:large","max-video-preview":"max-video-preview:-1"},"canonical":"https:\/\/ouddorperfumes.com\/index.php\/producto\/lattafa-khamrah-qahwa-100-ml-original\/","og_locale":"es_ES","og_type":"article","og_title":"Lattafa Khamrah Qahwa 100 ml Original - Oud d\u2019Or - L\u2019essence du pouvoir","og_description":"Emb\u00e1rcate en un viaje sensorial con la nueva versi\u00f3n mejorada de Lattafa Khamrah, Qahwa, una fragancia que redefine la experiencia del caf\u00e9 en el mundo de la perfumer\u00eda.  Este perfume cautivador te sumerge en una atm\u00f3sfera c\u00e1lida y especiada, donde las notas dulces y avainilladas se entrelazan con la riqueza del caf\u00e9 reci\u00e9n hecho. La presencia del \u00e1mbar a\u00f1ade una profundidad seductora a la composici\u00f3n, creando una estela embriagadora que perdura a lo largo del d\u00eda.  Nueva Lattafa Khamrah Qahwa es un homenaje al placer arom\u00e1tico del caf\u00e9, ofreciendo una experiencia olfativa que es intensa, acogedora y llena de calidez. Esta fragancia es perfecta para aquellos que buscan una mezcla indulgente que celebra la exquisita fusi\u00f3n de notas c\u00e1lidas y dulces con el car\u00e1cter distintivo del caf\u00e9. Sum\u00e9rgete en esta versi\u00f3n mejorada y deja que Nueva Lattafa Khamrah Qahwa despierte tus sentidos con su irresistibilidad \u00fanica.  \u2705 Pagos 100% Contraentrega. \u2705 Env\u00edo Gratis a toda Colombia. \u2705 Perfumes 100% Originales.","og_url":"https:\/\/ouddorperfumes.com\/index.php\/producto\/lattafa-khamrah-qahwa-100-ml-original\/","og_site_name":"Oud d\u2019Or - L\u2019essence du pouvoir","article_modified_time":"2025-10-03T23:42:06+00:00","og_image":[{"width":1654,"height":1654,"url":"https:\/\/ouddorperfumes.com\/wp-content\/uploads\/2025\/01\/Plantilla-360-59.jpg","type":"image\/jpeg"}],"twitter_card":"summary_large_image","twitter_misc":{"Tiempo de lectura":"1 minuto"},"schema":{"@context":"https:\/\/schema.org","@graph":[{"@type":"WebPage","@id":"https:\/\/ouddorperfumes.com\/index.php\/producto\/lattafa-khamrah-qahwa-100-ml-original\/","url":"https:\/\/ouddorperfumes.com\/index.php\/producto\/lattafa-khamrah-qahwa-100-ml-original\/","name":"Lattafa Khamrah Qahwa 100 ml Original - Oud d\u2019Or - L\u2019essence du pouvoir","isPartOf":{"@id":"https:\/\/ouddorperfumes.com\/#website"},"primaryImageOfPage":{"@id":"https:\/\/ouddorperfumes.com\/index.php\/producto\/lattafa-khamrah-qahwa-100-ml-original\/#primaryimage"},"image":{"@id":"https:\/\/ouddorperfumes.com\/index.php\/producto\/lattafa-khamrah-qahwa-100-ml-original\/#primaryimage"},"thumbnailUrl":"https:\/\/ouddorperfumes.com\/wp-content\/uploads\/2025\/01\/Plantilla-360-59.jpg","datePublished":"2025-01-06T03:43:09+00:00","dateModified":"2025-10-03T23:42:06+00:00","breadcrumb":{"@id":"https:\/\/ouddorperfumes.com\/index.php\/producto\/lattafa-khamrah-qahwa-100-ml-original\/#breadcrumb"},"inLanguage":"es","potentialAction":[{"@type":"ReadAction","target":["https:\/\/ouddorperfumes.com\/index.php\/producto\/lattafa-khamrah-qahwa-100-ml-original\/"]}]},{"@type":"ImageObject","inLanguage":"es","@id":"https:\/\/ouddorperfumes.com\/index.php\/producto\/lattafa-khamrah-qahwa-100-ml-original\/#primaryimage","url":"https:\/\/ouddorperfumes.com\/wp-content\/uploads\/2025\/01\/Plantilla-360-59.jpg","contentUrl":"https:\/\/ouddorperfumes.com\/wp-content\/uploads\/2025\/01\/Plantilla-360-59.jpg","width":1654,"height":1654},{"@type":"BreadcrumbList","@id":"https:\/\/ouddorperfumes.com\/index.php\/producto\/lattafa-khamrah-qahwa-100-ml-original\/#breadcrumb","itemListElement":[{"@type":"ListItem","position":1,"name":"Portada","item":"https:\/\/ouddorperfumes.com\/"},{"@type":"ListItem","position":2,"name":"Todos los Perfumes","item":"https:\/\/ouddorperfumes.com\/index.php\/todos-los-perfumes\/"},{"@type":"ListItem","position":3,"name":"Lattafa Khamrah Qahwa 100 ml Original"}]},{"@type":"WebSite","@id":"https:\/\/ouddorperfumes.com\/#website","url":"https:\/\/ouddorperfumes.com\/","name":"Oud d\u2019Or - L\u2019essence du pouvoir","description":"Perfumes Arabes 100% Originales","potentialAction":[{"@type":"SearchAction","target":{"@type":"EntryPoint","urlTemplate":"https:\/\/ouddorperfumes.com\/?s={search_term_string}"},"query-input":{"@type":"PropertyValueSpecification","valueRequired":true,"valueName":"search_term_string"}}],"inLanguage":"es"}]}},"_links":{"self":[{"href":"https:\/\/ouddorperfumes.com\/index.php\/wp-json\/wp\/v2\/product\/9338","targetHints":{"allow":["GET"]}}],"collection":[{"href":"https:\/\/ouddorperfumes.com\/index.php\/wp-json\/wp\/v2\/product"}],"about":[{"href":"https:\/\/ouddorperfumes.com\/index.php\/wp-json\/wp\/v2\/types\/product"}],"version-history":[{"count":1,"href":"https:\/\/ouddorperfumes.com\/index.php\/wp-json\/wp\/v2\/product\/9338\/revisions"}],"predecessor-version":[{"id":11800,"href":"https:\/\/ouddorperfumes.com\/index.php\/wp-json\/wp\/v2\/product\/9338\/revisions\/11800"}],"wp:featuredmedia":[{"embeddable":true,"href":"https:\/\/ouddorperfumes.com\/index.php\/wp-json\/wp\/v2\/media\/9175"}],"wp:attachment":[{"href":"https:\/\/ouddorperfumes.com\/index.php\/wp-json\/wp\/v2\/media?parent=9338"}],"wp:term":[{"taxonomy":"product_brand","embeddable":true,"href":"https:\/\/ouddorperfumes.com\/index.php\/wp-json\/wp\/v2\/product_brand?post=9338"},{"taxonomy":"product_cat","embeddable":true,"href":"https:\/\/ouddorperfumes.com\/index.php\/wp-json\/wp\/v2\/product_cat?post=9338"},{"taxonomy":"product_tag","embeddable":true,"href":"https:\/\/ouddorperfumes.com\/index.php\/wp-json\/wp\/v2\/product_tag?post=9338"}],"curies":[{"name":"wp","href":"https:\/\/api.w.org\/{rel}","templated":true}]}}