{"id":9773,"date":"2025-02-17T13:53:41","date_gmt":"2025-02-17T18:53:41","guid":{"rendered":"https:\/\/ouddorperfumes.com\/index.php\/producto\/tommy-hilfiger-girl-100-original\/"},"modified":"2025-10-03T18:29:45","modified_gmt":"2025-10-03T23:29:45","slug":"tommy-hilfiger-girl-100-ml-original","status":"publish","type":"product","link":"https:\/\/ouddorperfumes.com\/index.php\/producto\/tommy-hilfiger-girl-100-ml-original\/","title":{"rendered":"Tommy Hilfiger Girl 100 ml Original"},"content":{"rendered":"<p>R\u00edndete a la nostalgia de los 90. Tommy Hilfiger Tommy Girl Eau de Toilette se present\u00f3 por primera vez en 1996 y refleja el esp\u00edritu de su \u00e9poca. Un personaje salvaje, directo y que cree en infinitas posibilidades. Recuerda el aroma de la juventud despreocupada y desenfrenada.<\/p>\n<p>fragancia floral fresca con notas frutales<br \/>\nperfecto especialmente para los d\u00edas y noches de verano<\/p>\n<p>Composici\u00f3n de la fragancia<br \/>\nTommy Girl Eau de Toilette te ofrece refrescantes notas altas de jugosa mandarina, delicada flor de manzano, camelia y grosella negra. La colorida paleta de esencias se enriquece a\u00fan m\u00e1s en el coraz\u00f3n gracias a las embriagadoras notas de azucena, rosa, violeta y dulce madreselva con sus dulces matices. Una combinaci\u00f3n veraniega por excelencia de lim\u00f3n y menta proporciona un elemento refrescante. El final reemplaza las notas juguetonas y danzantes con s\u00e1ndalo y madera de cedro acompa\u00f1adas de cuero y flores como la fuerte y dulce magnolia y el intenso jazm\u00edn.<\/p>\n","protected":false},"excerpt":{"rendered":"<p>R\u00edndete a la nostalgia de los 90. Tommy Hilfiger Tommy Girl Eau de Toilette se present\u00f3 por primera vez en 1996 y refleja el esp\u00edritu de su \u00e9poca. Un personaje salvaje, directo y que cree en infinitas posibilidades. Recuerda el aroma de la juventud despreocupada y desenfrenada.<\/p>\n<p>fragancia floral fresca con notas frutales<br \/>\nperfecto especialmente para los d\u00edas y noches de verano<\/p>\n<p>Composici\u00f3n de la fragancia<br \/>\nTommy Girl Eau de Toilette te ofrece refrescantes notas altas de jugosa mandarina, delicada flor de manzano, camelia y grosella negra. La colorida paleta de esencias se enriquece a\u00fan m\u00e1s en el coraz\u00f3n gracias a las embriagadoras notas de azucena, rosa, violeta y dulce madreselva con sus dulces matices. Una combinaci\u00f3n veraniega por excelencia de lim\u00f3n y menta proporciona un elemento refrescante. El final reemplaza las notas juguetonas y danzantes con s\u00e1ndalo y madera de cedro acompa\u00f1adas de cuero y flores como la fuerte y dulce magnolia y el intenso jazm\u00edn.<\/p>\n<p><span style=\"color: #ff4400;\"><strong>\u2705 <span style=\"color: #d9a569;\">Pagos 100% Contraentrega.<\/span><\/strong><\/span><br \/>\n<span style=\"color: #ff4400;\"><strong>\u2705 <span style=\"color: #d9a569;\">Env\u00edo Gratis a toda Colombia.<\/span><\/strong><\/span><br \/>\n<span style=\"color: #ff4400;\"><strong>\u2705 <span style=\"color: #d9a569;\">Perfumes 100% Originales.<\/span><\/strong><\/span><\/p>\n","protected":false},"featured_media":9767,"template":"","meta":[],"product_brand":[],"product_cat":[198,168,192],"product_tag":[],"class_list":{"0":"post-9773","1":"product","2":"type-product","3":"status-publish","4":"has-post-thumbnail","6":"product_cat-disenador","7":"product_cat-mujer","8":"product_cat-tommy-hilfiger","10":"first","11":"instock","12":"sale","13":"shipping-taxable","14":"purchasable","15":"product-type-simple"},"yoast_head":"<!-- This site is optimized with the Yoast SEO plugin v27.3 - https:\/\/yoast.com\/product\/yoast-seo-wordpress\/ -->\n<title>Tommy Hilfiger Girl 100 ml Original - Oud d\u2019Or - L\u2019essence du pouvoir<\/title>\n<meta name=\"robots\" content=\"index, follow, max-snippet:-1, max-image-preview:large, max-video-preview:-1\" \/>\n<link rel=\"canonical\" href=\"https:\/\/ouddorperfumes.com\/index.php\/producto\/tommy-hilfiger-girl-100-ml-original\/\" \/>\n<meta property=\"og:locale\" content=\"es_ES\" \/>\n<meta property=\"og:type\" content=\"article\" \/>\n<meta property=\"og:title\" content=\"Tommy Hilfiger Girl 100 ml Original - Oud d\u2019Or - L\u2019essence du pouvoir\" \/>\n<meta property=\"og:description\" content=\"R\u00edndete a la nostalgia de los 90. Tommy Hilfiger Tommy Girl Eau de Toilette se present\u00f3 por primera vez en 1996 y refleja el esp\u00edritu de su \u00e9poca. Un personaje salvaje, directo y que cree en infinitas posibilidades. Recuerda el aroma de la juventud despreocupada y desenfrenada.  fragancia floral fresca con notas frutales perfecto especialmente para los d\u00edas y noches de verano  Composici\u00f3n de la fragancia Tommy Girl Eau de Toilette te ofrece refrescantes notas altas de jugosa mandarina, delicada flor de manzano, camelia y grosella negra. La colorida paleta de esencias se enriquece a\u00fan m\u00e1s en el coraz\u00f3n gracias a las embriagadoras notas de azucena, rosa, violeta y dulce madreselva con sus dulces matices. Una combinaci\u00f3n veraniega por excelencia de lim\u00f3n y menta proporciona un elemento refrescante. El final reemplaza las notas juguetonas y danzantes con s\u00e1ndalo y madera de cedro acompa\u00f1adas de cuero y flores como la fuerte y dulce magnolia y el intenso jazm\u00edn.  \u2705 Pagos 100% Contraentrega. \u2705 Env\u00edo Gratis a toda Colombia. \u2705 Perfumes 100% Originales.\" \/>\n<meta property=\"og:url\" content=\"https:\/\/ouddorperfumes.com\/index.php\/producto\/tommy-hilfiger-girl-100-ml-original\/\" \/>\n<meta property=\"og:site_name\" content=\"Oud d\u2019Or - L\u2019essence du pouvoir\" \/>\n<meta property=\"article:modified_time\" content=\"2025-10-03T23:29:45+00:00\" \/>\n<meta property=\"og:image\" content=\"https:\/\/ouddorperfumes.com\/wp-content\/uploads\/2025\/02\/456jpg-44.jpg\" \/>\n\t<meta property=\"og:image:width\" content=\"1654\" \/>\n\t<meta property=\"og:image:height\" content=\"1654\" \/>\n\t<meta property=\"og:image:type\" content=\"image\/jpeg\" \/>\n<meta name=\"twitter:card\" content=\"summary_large_image\" \/>\n<meta name=\"twitter:label1\" content=\"Tiempo de lectura\" \/>\n\t<meta name=\"twitter:data1\" content=\"1 minuto\" \/>\n<script type=\"application\/ld+json\" class=\"yoast-schema-graph\">{\"@context\":\"https:\\\/\\\/schema.org\",\"@graph\":[{\"@type\":\"WebPage\",\"@id\":\"https:\\\/\\\/ouddorperfumes.com\\\/index.php\\\/producto\\\/tommy-hilfiger-girl-100-ml-original\\\/\",\"url\":\"https:\\\/\\\/ouddorperfumes.com\\\/index.php\\\/producto\\\/tommy-hilfiger-girl-100-ml-original\\\/\",\"name\":\"Tommy Hilfiger Girl 100 ml Original - Oud d\u2019Or - L\u2019essence du pouvoir\",\"isPartOf\":{\"@id\":\"https:\\\/\\\/ouddorperfumes.com\\\/#website\"},\"primaryImageOfPage\":{\"@id\":\"https:\\\/\\\/ouddorperfumes.com\\\/index.php\\\/producto\\\/tommy-hilfiger-girl-100-ml-original\\\/#primaryimage\"},\"image\":{\"@id\":\"https:\\\/\\\/ouddorperfumes.com\\\/index.php\\\/producto\\\/tommy-hilfiger-girl-100-ml-original\\\/#primaryimage\"},\"thumbnailUrl\":\"https:\\\/\\\/ouddorperfumes.com\\\/wp-content\\\/uploads\\\/2025\\\/02\\\/456jpg-44.jpg\",\"datePublished\":\"2025-02-17T18:53:41+00:00\",\"dateModified\":\"2025-10-03T23:29:45+00:00\",\"breadcrumb\":{\"@id\":\"https:\\\/\\\/ouddorperfumes.com\\\/index.php\\\/producto\\\/tommy-hilfiger-girl-100-ml-original\\\/#breadcrumb\"},\"inLanguage\":\"es\",\"potentialAction\":[{\"@type\":\"ReadAction\",\"target\":[\"https:\\\/\\\/ouddorperfumes.com\\\/index.php\\\/producto\\\/tommy-hilfiger-girl-100-ml-original\\\/\"]}]},{\"@type\":\"ImageObject\",\"inLanguage\":\"es\",\"@id\":\"https:\\\/\\\/ouddorperfumes.com\\\/index.php\\\/producto\\\/tommy-hilfiger-girl-100-ml-original\\\/#primaryimage\",\"url\":\"https:\\\/\\\/ouddorperfumes.com\\\/wp-content\\\/uploads\\\/2025\\\/02\\\/456jpg-44.jpg\",\"contentUrl\":\"https:\\\/\\\/ouddorperfumes.com\\\/wp-content\\\/uploads\\\/2025\\\/02\\\/456jpg-44.jpg\",\"width\":1654,\"height\":1654},{\"@type\":\"BreadcrumbList\",\"@id\":\"https:\\\/\\\/ouddorperfumes.com\\\/index.php\\\/producto\\\/tommy-hilfiger-girl-100-ml-original\\\/#breadcrumb\",\"itemListElement\":[{\"@type\":\"ListItem\",\"position\":1,\"name\":\"Portada\",\"item\":\"https:\\\/\\\/ouddorperfumes.com\\\/\"},{\"@type\":\"ListItem\",\"position\":2,\"name\":\"Todos los Perfumes\",\"item\":\"https:\\\/\\\/ouddorperfumes.com\\\/index.php\\\/todos-los-perfumes\\\/\"},{\"@type\":\"ListItem\",\"position\":3,\"name\":\"Tommy Hilfiger Girl 100 ml Original\"}]},{\"@type\":\"WebSite\",\"@id\":\"https:\\\/\\\/ouddorperfumes.com\\\/#website\",\"url\":\"https:\\\/\\\/ouddorperfumes.com\\\/\",\"name\":\"Oud d\u2019Or - L\u2019essence du pouvoir\",\"description\":\"Perfumes Arabes 100% Originales\",\"potentialAction\":[{\"@type\":\"SearchAction\",\"target\":{\"@type\":\"EntryPoint\",\"urlTemplate\":\"https:\\\/\\\/ouddorperfumes.com\\\/?s={search_term_string}\"},\"query-input\":{\"@type\":\"PropertyValueSpecification\",\"valueRequired\":true,\"valueName\":\"search_term_string\"}}],\"inLanguage\":\"es\"}]}<\/script>\n<!-- \/ Yoast SEO plugin. -->","yoast_head_json":{"title":"Tommy Hilfiger Girl 100 ml Original - Oud d\u2019Or - L\u2019essence du pouvoir","robots":{"index":"index","follow":"follow","max-snippet":"max-snippet:-1","max-image-preview":"max-image-preview:large","max-video-preview":"max-video-preview:-1"},"canonical":"https:\/\/ouddorperfumes.com\/index.php\/producto\/tommy-hilfiger-girl-100-ml-original\/","og_locale":"es_ES","og_type":"article","og_title":"Tommy Hilfiger Girl 100 ml Original - Oud d\u2019Or - L\u2019essence du pouvoir","og_description":"R\u00edndete a la nostalgia de los 90. Tommy Hilfiger Tommy Girl Eau de Toilette se present\u00f3 por primera vez en 1996 y refleja el esp\u00edritu de su \u00e9poca. Un personaje salvaje, directo y que cree en infinitas posibilidades. Recuerda el aroma de la juventud despreocupada y desenfrenada.  fragancia floral fresca con notas frutales perfecto especialmente para los d\u00edas y noches de verano  Composici\u00f3n de la fragancia Tommy Girl Eau de Toilette te ofrece refrescantes notas altas de jugosa mandarina, delicada flor de manzano, camelia y grosella negra. La colorida paleta de esencias se enriquece a\u00fan m\u00e1s en el coraz\u00f3n gracias a las embriagadoras notas de azucena, rosa, violeta y dulce madreselva con sus dulces matices. Una combinaci\u00f3n veraniega por excelencia de lim\u00f3n y menta proporciona un elemento refrescante. El final reemplaza las notas juguetonas y danzantes con s\u00e1ndalo y madera de cedro acompa\u00f1adas de cuero y flores como la fuerte y dulce magnolia y el intenso jazm\u00edn.  \u2705 Pagos 100% Contraentrega. \u2705 Env\u00edo Gratis a toda Colombia. \u2705 Perfumes 100% Originales.","og_url":"https:\/\/ouddorperfumes.com\/index.php\/producto\/tommy-hilfiger-girl-100-ml-original\/","og_site_name":"Oud d\u2019Or - L\u2019essence du pouvoir","article_modified_time":"2025-10-03T23:29:45+00:00","og_image":[{"width":1654,"height":1654,"url":"https:\/\/ouddorperfumes.com\/wp-content\/uploads\/2025\/02\/456jpg-44.jpg","type":"image\/jpeg"}],"twitter_card":"summary_large_image","twitter_misc":{"Tiempo de lectura":"1 minuto"},"schema":{"@context":"https:\/\/schema.org","@graph":[{"@type":"WebPage","@id":"https:\/\/ouddorperfumes.com\/index.php\/producto\/tommy-hilfiger-girl-100-ml-original\/","url":"https:\/\/ouddorperfumes.com\/index.php\/producto\/tommy-hilfiger-girl-100-ml-original\/","name":"Tommy Hilfiger Girl 100 ml Original - Oud d\u2019Or - L\u2019essence du pouvoir","isPartOf":{"@id":"https:\/\/ouddorperfumes.com\/#website"},"primaryImageOfPage":{"@id":"https:\/\/ouddorperfumes.com\/index.php\/producto\/tommy-hilfiger-girl-100-ml-original\/#primaryimage"},"image":{"@id":"https:\/\/ouddorperfumes.com\/index.php\/producto\/tommy-hilfiger-girl-100-ml-original\/#primaryimage"},"thumbnailUrl":"https:\/\/ouddorperfumes.com\/wp-content\/uploads\/2025\/02\/456jpg-44.jpg","datePublished":"2025-02-17T18:53:41+00:00","dateModified":"2025-10-03T23:29:45+00:00","breadcrumb":{"@id":"https:\/\/ouddorperfumes.com\/index.php\/producto\/tommy-hilfiger-girl-100-ml-original\/#breadcrumb"},"inLanguage":"es","potentialAction":[{"@type":"ReadAction","target":["https:\/\/ouddorperfumes.com\/index.php\/producto\/tommy-hilfiger-girl-100-ml-original\/"]}]},{"@type":"ImageObject","inLanguage":"es","@id":"https:\/\/ouddorperfumes.com\/index.php\/producto\/tommy-hilfiger-girl-100-ml-original\/#primaryimage","url":"https:\/\/ouddorperfumes.com\/wp-content\/uploads\/2025\/02\/456jpg-44.jpg","contentUrl":"https:\/\/ouddorperfumes.com\/wp-content\/uploads\/2025\/02\/456jpg-44.jpg","width":1654,"height":1654},{"@type":"BreadcrumbList","@id":"https:\/\/ouddorperfumes.com\/index.php\/producto\/tommy-hilfiger-girl-100-ml-original\/#breadcrumb","itemListElement":[{"@type":"ListItem","position":1,"name":"Portada","item":"https:\/\/ouddorperfumes.com\/"},{"@type":"ListItem","position":2,"name":"Todos los Perfumes","item":"https:\/\/ouddorperfumes.com\/index.php\/todos-los-perfumes\/"},{"@type":"ListItem","position":3,"name":"Tommy Hilfiger Girl 100 ml Original"}]},{"@type":"WebSite","@id":"https:\/\/ouddorperfumes.com\/#website","url":"https:\/\/ouddorperfumes.com\/","name":"Oud d\u2019Or - L\u2019essence du pouvoir","description":"Perfumes Arabes 100% Originales","potentialAction":[{"@type":"SearchAction","target":{"@type":"EntryPoint","urlTemplate":"https:\/\/ouddorperfumes.com\/?s={search_term_string}"},"query-input":{"@type":"PropertyValueSpecification","valueRequired":true,"valueName":"search_term_string"}}],"inLanguage":"es"}]}},"_links":{"self":[{"href":"https:\/\/ouddorperfumes.com\/index.php\/wp-json\/wp\/v2\/product\/9773","targetHints":{"allow":["GET"]}}],"collection":[{"href":"https:\/\/ouddorperfumes.com\/index.php\/wp-json\/wp\/v2\/product"}],"about":[{"href":"https:\/\/ouddorperfumes.com\/index.php\/wp-json\/wp\/v2\/types\/product"}],"version-history":[{"count":1,"href":"https:\/\/ouddorperfumes.com\/index.php\/wp-json\/wp\/v2\/product\/9773\/revisions"}],"predecessor-version":[{"id":11770,"href":"https:\/\/ouddorperfumes.com\/index.php\/wp-json\/wp\/v2\/product\/9773\/revisions\/11770"}],"wp:featuredmedia":[{"embeddable":true,"href":"https:\/\/ouddorperfumes.com\/index.php\/wp-json\/wp\/v2\/media\/9767"}],"wp:attachment":[{"href":"https:\/\/ouddorperfumes.com\/index.php\/wp-json\/wp\/v2\/media?parent=9773"}],"wp:term":[{"taxonomy":"product_brand","embeddable":true,"href":"https:\/\/ouddorperfumes.com\/index.php\/wp-json\/wp\/v2\/product_brand?post=9773"},{"taxonomy":"product_cat","embeddable":true,"href":"https:\/\/ouddorperfumes.com\/index.php\/wp-json\/wp\/v2\/product_cat?post=9773"},{"taxonomy":"product_tag","embeddable":true,"href":"https:\/\/ouddorperfumes.com\/index.php\/wp-json\/wp\/v2\/product_tag?post=9773"}],"curies":[{"name":"wp","href":"https:\/\/api.w.org\/{rel}","templated":true}]}}